{"id":3,"date":"2025-06-11T18:03:47","date_gmt":"2025-06-11T18:03:47","guid":{"rendered":"https:\/\/babylove.se\/?page_id=3"},"modified":"2026-03-30T13:37:15","modified_gmt":"2026-03-30T12:37:15","slug":"personopplysninger","status":"publish","type":"page","link":"https:\/\/babylove.se\/no\/personopplysninger\/","title":{"rendered":"Personopplysninger"},"content":{"rendered":"<div>\n<p>Ved \u00e5 handle hos BABYLOVE NO godkjenner du v\u00e5r personvernpolicy og v\u00e5r behandling av dine personopplysninger. Vi beskytter personvernet ditt og samler ikke inn mer informasjon enn det som er n\u00f8dvendig for \u00e5 behandle bestillingen din. Vi selger eller videreformidler aldri opplysningene dine til tredjeparter uten rettslig grunnlag.<\/p>\n<p>BABYLOVE NO er ansvarlig for behandlingen av personopplysninger som du har gitt oss som kunde. Personopplysningene dine behandles av oss for \u00e5 kunne h\u00e5ndtere bestillingen din og i tilfeller der du har bedt om nyhetsbrev eller kampanjetilbud &#8211; for \u00e5 kunne tilpasse markedsf\u00f8ringen til dine individuelle behov.<\/p>\n<p>Informasjonen nedenfor er et sammendrag av hvordan vi lagrer og behandler opplysningene dine i henhold til personvernforordningen (GDPR).<\/p>\n<p>10.1 Hva er personopplysninger?<\/p>\n<p>Personopplysninger er all informasjon som direkte eller indirekte kan knyttes til en fysisk person.<\/p>\n<p>10.2 Hvilke opplysninger lagrer vi?<\/p>\n<p>For \u00e5 kunne h\u00e5ndtere bestillingen din og svare p\u00e5 sp\u00f8rsm\u00e5l knyttet til bestillingen din (kundeservice), lagrer vi for- og etternavn, adresse, telefonnummer, e-postadresse, IP-adresse og kj\u00f8pshistorikk.<\/p>\n<p>Opplysningene dine lagres s\u00e5 lenge vi har et rettslig grunnlag for \u00e5 behandle dem, for eksempel for \u00e5 oppfylle avtalen mellom oss eller for \u00e5 oppfylle en rettslig forpliktelse i henhold til for eksempel bokf\u00f8ringsloven.<\/p>\n<p>10.3 Rettslig grunnlag<\/p>\n<p>I forbindelse med et kj\u00f8p behandles personopplysningene dine for \u00e5 oppfylle avtalen med deg.<\/p>\n<p>Markedsf\u00f8ring, kampanjer og lignende utsendelser skjer med ditt samtykke.<\/p>\n<p>10.4 Hvilke opplysninger deles og til hvilket form\u00e5l?<\/p>\n<p>10.4.1 Betalingsleverand\u00f8r<br \/>N\u00e5r du foretar et kj\u00f8p, deles informasjon med betalingsleverand\u00f8ren v\u00e5r. Det som lagres er fornavn, etternavn, adresse, e-postadresse og telefonnummer. Hvis du velger \u00e5 betale med faktura, lagres ogs\u00e5 personnummer hos betalingsleverand\u00f8ren. Opplysningene lagres for \u00e5 kunne gjennomf\u00f8re kj\u00f8pet og for \u00e5 beskytte partene mot svindel. Betalingsleverand\u00f8rene (betalingstjenestene) vi bruker er: Klarna, Swish, PayPal checkout.<\/p>\n<p>10.4.2 Fraktselskaper<br \/>For \u00e5 kunne levere bestillingene dine og oppfylle avtalen v\u00e5r, m\u00e5 vi dele spesifikk informasjon med fraktselskapet. Det som deles med fraktselskapet, er fornavn, etternavn og leveringsadresse. E-postadresse og\/eller mobiltelefonnummer kan ogs\u00e5 deles med fraktselskapet for varslingsform\u00e5l. Fraktselskapene vi samarbeider med er: DHL, Db Schenker, Posten, UPS, TNT.<\/p>\n<p>10.4.3 Nyhetsbrev<br \/>Hvis du har valgt \u00e5 abonnere p\u00e5 nyhetsbrevet v\u00e5rt, deles fornavn, etternavn og e-postadresse med leverand\u00f8ren av nyhetsbrevet. Dette er for \u00e5 holde deg oppdatert med informasjon og tilbud i markedsf\u00f8rings\u00f8yemed. Vi bruker GetANewsleter til \u00e5 sende ut nyhetsbrev.<\/p>\n<p>10.4.4 Regnskapsbyr\u00e5<br \/>Personopplysninger som oppgis ved bestilling, deles med v\u00e5rt regnskapsbyr\u00e5 for \u00e5 kunne utf\u00f8re korrekt regnskapsf\u00f8ring. Dette omfatter ikke de som betaler via Klarna.<\/p>\n<p>10.4.5 Heatmap Hotjar<br \/>For \u00e5 utvikle nettbutikken v\u00e5r bruker vi et s\u00e5kalt &#8220;heatmap&#8221; som viser hvordan bes\u00f8kende p\u00e5 nettstedet v\u00e5rt beveger seg mellom ulike kategorier. Dette er basert p\u00e5 den bes\u00f8kendes IP-adresse og har som m\u00e5l \u00e5 forbedre brukeropplevelsen.<\/p>\n<p>10.4.6 Produsenter<br \/>Vi deler navn, adresse, telefonnummer og e-post med enkelte produkter som sendes direkte fra produsenten til sluttkunden v\u00e5r. Dette er for \u00e5 f\u00e5 produktet og motta varsler fra fraktselskaper n\u00e5r produktet er p\u00e5 vei.<\/p>\n<p>10.5 Rett til innsyn<br \/>Du har rett til \u00e5 f\u00e5 utdrag av alle opplysninger vi har om deg. Utdrag leveres elektronisk i et lesbart format.<\/p>\n<p>10.6 Rett til retting<\/p>\n<p>Du har rett til \u00e5 be oss om \u00e5 oppdatere un\u00f8yaktige opplysninger eller komplettere opplysninger som er ufullstendige.<\/p>\n<p>10.7 Rett til \u00e5 bli glemt<\/p>\n<p>Du kan n\u00e5r som helst be om at opplysningene dine slettes. Det finnes noen f\u00e5 unntak fra retten til sletting, for eksempel hvis opplysningene m\u00e5 oppbevares for at vi skal kunne oppfylle en rettslig forpliktelse (f.eks. i henhold til regnskapsloven).<\/p>\n<p>10.8 Ansvarlig for databeskyttelse<\/p>\n<p>BABYLOVE NO er ansvarlig for lagring og behandling av personopplysninger i nettbutikken og s\u00f8rger for at reglene overholdes.<\/p>\n<p>10.9 Hvordan vi beskytter personopplysningene dine<\/p>\n<p>Vi bruker bransjestandarder som SSL\/TLS og enveis hash-algoritmer for \u00e5 lagre, behandle og kommunisere sensitiv informasjon som personopplysninger og passord p\u00e5 en sikker m\u00e5te. Vi bruker en svensk plattform, Quickbutik, som drives av Quickbutik AB i Helsingborg.<\/p>\n<\/div>\n<p><!--more--><br \/>\n<!-- {\"type\":\"layout\",\"children\":[{\"type\":\"section\",\"props\":{\"image_position\":\"center-center\",\"padding\":\"small\",\"style\":\"default\",\"title_breakpoint\":\"xl\",\"title_position\":\"top-left\",\"title_rotation\":\"left\",\"vertical_align\":\"middle\",\"width\":\"xlarge\"},\"children\":[{\"type\":\"row\",\"children\":[{\"type\":\"column\",\"props\":{\"css\":\".el-column .uk-tile{\\n\\tpadding: clamp(40px, 15vw, 220px);\\n}\\n.el-column .uk-background-cover{\\n    -webkit-mask-image: url(\\\/wp-content\\\/uploads\\\/2025\\\/06\\\/mask-category.svg);\\n    mask-image: url(\\\/wp-content\\\/uploads\\\/2025\\\/06\\\/mask-category.svg);\\n    -webkit-mask-size: 100% 100%;\\n    mask-size: 100% 100%;\\n    -webkit-mask-repeat: round;\\n    mask-repeat: round;\\n    overflow: hidden;\\n}\",\"image\":\"wp-content\\\/uploads\\\/2025\\\/06\\\/category_resized.jpg\",\"image_position\":\"center-center\",\"image_size\":\"cover\",\"media_overlay_gradient\":\"linear-gradient(0deg, rgba(0, 0, 0, 0.25) 0%, rgba(0, 0, 0, 0.25) 100%), url(<path-to-image>) \",\"position_sticky_breakpoint\":\"m\",\"text_color\":\"light\"},\"children\":[{\"type\":\"headline\",\"props\":{\"css\":\".el-element{\\n\\tfont-size: clamp(32px, 9vw, 100px);\\n}\",\"text_align\":\"center\",\"title_element\":\"h1\",\"title_style\":\"heading-xlarge\"},\"source\":{\"query\":{\"name\":\"pages.singlePage\"},\"props\":{\"content\":{\"name\":\"title\"}}}}]}],\"props\":{\"height_viewport\":800}}],\"name\":\"Heading\"},{\"type\":\"section\",\"props\":{\"image_position\":\"center-center\",\"style\":\"default\",\"title_breakpoint\":\"xl\",\"title_position\":\"top-left\",\"title_rotation\":\"left\",\"vertical_align\":\"middle\",\"width\":\"default\"},\"children\":[{\"type\":\"row\",\"children\":[{\"type\":\"column\",\"props\":{\"image_position\":\"center-center\",\"position_sticky_breakpoint\":\"m\"},\"children\":[{\"type\":\"text\",\"props\":{\"column_breakpoint\":\"m\",\"content\":\"\n\n<p>Ved \\u00e5 handle hos BABYLOVE NO godkjenner du v\\u00e5r personvernpolicy og v\\u00e5r behandling av dine personopplysninger. Vi beskytter personvernet ditt og samler ikke inn mer informasjon enn det som er n\\u00f8dvendig for \\u00e5 behandle bestillingen din. Vi selger eller videreformidler aldri opplysningene dine til tredjeparter uten rettslig grunnlag.<\\\/p>\\n\n\n<p>BABYLOVE NO er ansvarlig for behandlingen av personopplysninger som du har gitt oss som kunde. Personopplysningene dine behandles av oss for \\u00e5 kunne h\\u00e5ndtere bestillingen din og i tilfeller der du har bedt om nyhetsbrev eller kampanjetilbud - for \\u00e5 kunne tilpasse markedsf\\u00f8ringen til dine individuelle behov.<\\\/p>\\n\n\n<p>Informasjonen nedenfor er et sammendrag av hvordan vi lagrer og behandler opplysningene dine i henhold til personvernforordningen (GDPR).<\\\/p>\\n\n\n<p>10.1 Hva er personopplysninger?<\\\/p>\\n\n\n<p>Personopplysninger er all informasjon som direkte eller indirekte kan knyttes til en fysisk person.<\\\/p>\\n\n\n<p>10.2 Hvilke opplysninger lagrer vi?<\\\/p>\\n\n\n<p>For \\u00e5 kunne h\\u00e5ndtere bestillingen din og svare p\\u00e5 sp\\u00f8rsm\\u00e5l knyttet til bestillingen din (kundeservice), lagrer vi for- og etternavn, adresse, telefonnummer, e-postadresse, IP-adresse og kj\\u00f8pshistorikk.<\\\/p>\\n\n\n<p>Opplysningene dine lagres s\\u00e5 lenge vi har et rettslig grunnlag for \\u00e5 behandle dem, for eksempel for \\u00e5 oppfylle avtalen mellom oss eller for \\u00e5 oppfylle en rettslig forpliktelse i henhold til for eksempel bokf\\u00f8ringsloven.<\\\/p>\\n\n\n<p>10.3 Rettslig grunnlag<\\\/p>\\n\n\n<p>I forbindelse med et kj\\u00f8p behandles personopplysningene dine for \\u00e5 oppfylle avtalen med deg.<\\\/p>\\n\n\n<p>Markedsf\\u00f8ring, kampanjer og lignende utsendelser skjer med ditt samtykke.<\\\/p>\\n\n\n<p>10.4 Hvilke opplysninger deles og til hvilket form\\u00e5l?<\\\/p>\\n\n\n<p>10.4.1 Betalingsleverand\\u00f8r<br \\\/>N\\u00e5r du foretar et kj\\u00f8p, deles informasjon med betalingsleverand\\u00f8ren v\\u00e5r. Det som lagres er fornavn, etternavn, adresse, e-postadresse og telefonnummer. Hvis du velger \\u00e5 betale med faktura, lagres ogs\\u00e5 personnummer hos betalingsleverand\\u00f8ren. Opplysningene lagres for \\u00e5 kunne gjennomf\\u00f8re kj\\u00f8pet og for \\u00e5 beskytte partene mot svindel. Betalingsleverand\\u00f8rene (betalingstjenestene) vi bruker er: Klarna, Swish, PayPal checkout.<\\\/p>\\n\n\n<p>10.4.2 Fraktselskaper<br \\\/>For \\u00e5 kunne levere bestillingene dine og oppfylle avtalen v\\u00e5r, m\\u00e5 vi dele spesifikk informasjon med fraktselskapet. Det som deles med fraktselskapet, er fornavn, etternavn og leveringsadresse. E-postadresse og\\\/eller mobiltelefonnummer kan ogs\\u00e5 deles med fraktselskapet for varslingsform\\u00e5l. Fraktselskapene vi samarbeider med er: DHL, Db Schenker, Posten, UPS, TNT.<\\\/p>\\n\n\n<p>10.4.3 Nyhetsbrev<br \\\/>Hvis du har valgt \\u00e5 abonnere p\\u00e5 nyhetsbrevet v\\u00e5rt, deles fornavn, etternavn og e-postadresse med leverand\\u00f8ren av nyhetsbrevet. Dette er for \\u00e5 holde deg oppdatert med informasjon og tilbud i markedsf\\u00f8rings\\u00f8yemed. Vi bruker GetANewsleter til \\u00e5 sende ut nyhetsbrev.<\\\/p>\\n\n\n<p>10.4.4 Regnskapsbyr\\u00e5<br \\\/>Personopplysninger som oppgis ved bestilling, deles med v\\u00e5rt regnskapsbyr\\u00e5 for \\u00e5 kunne utf\\u00f8re korrekt regnskapsf\\u00f8ring. Dette omfatter ikke de som betaler via Klarna.<\\\/p>\\n\n\n<p>10.4.5 Heatmap Hotjar<br \\\/>For \\u00e5 utvikle nettbutikken v\\u00e5r bruker vi et s\\u00e5kalt \\\"heatmap\\\" som viser hvordan bes\\u00f8kende p\\u00e5 nettstedet v\\u00e5rt beveger seg mellom ulike kategorier. Dette er basert p\\u00e5 den bes\\u00f8kendes IP-adresse og har som m\\u00e5l \\u00e5 forbedre brukeropplevelsen.<\\\/p>\\n\n\n<p>10.4.6 Produsenter<br \\\/>Vi deler navn, adresse, telefonnummer og e-post med enkelte produkter som sendes direkte fra produsenten til sluttkunden v\\u00e5r. Dette er for \\u00e5 f\\u00e5 produktet og motta varsler fra fraktselskaper n\\u00e5r produktet er p\\u00e5 vei.<\\\/p>\\n\n\n<p>10.5 Rett til innsyn<br \\\/>Du har rett til \\u00e5 f\\u00e5 utdrag av alle opplysninger vi har om deg. Utdrag leveres elektronisk i et lesbart format.<\\\/p>\\n\n\n<p>10.6 Rett til retting<\\\/p>\\n\n\n<p>Du har rett til \\u00e5 be oss om \\u00e5 oppdatere un\\u00f8yaktige opplysninger eller komplettere opplysninger som er ufullstendige.<\\\/p>\\n\n\n<p>10.7 Rett til \\u00e5 bli glemt<\\\/p>\\n\n\n<p>Du kan n\\u00e5r som helst be om at opplysningene dine slettes. Det finnes noen f\\u00e5 unntak fra retten til sletting, for eksempel hvis opplysningene m\\u00e5 oppbevares for at vi skal kunne oppfylle en rettslig forpliktelse (f.eks. i henhold til regnskapsloven).<\\\/p>\\n\n\n<p>10.8 Ansvarlig for databeskyttelse<\\\/p>\\n\n\n<p>BABYLOVE NO er ansvarlig for lagring og behandling av personopplysninger i nettbutikken og s\\u00f8rger for at reglene overholdes.<\\\/p>\\n\n\n<p>10.9 Hvordan vi beskytter personopplysningene dine<\\\/p>\\n\n\n<p>Vi bruker bransjestandarder som SSL\\\/TLS og enveis hash-algoritmer for \\u00e5 lagre, behandle og kommunisere sensitiv informasjon som personopplysninger og passord p\\u00e5 en sikker m\\u00e5te. Vi bruker en svensk plattform, Quickbutik, som drives av Quickbutik AB i Helsingborg.<\\\/p>\",\"margin\":\"default\"}}]}]}]}],\"version\":\"4.5.25\"} --><\/p>\n","protected":false},"excerpt":{"rendered":"<p>Ved \u00e5 handle hos BABYLOVE NO godkjenner du v\u00e5r personvernpolicy og v\u00e5r behandling av dine personopplysninger. Vi beskytter personvernet ditt og samler ikke inn mer informasjon enn det som er n\u00f8dvendig for \u00e5 behandle bestillingen din. Vi selger eller videreformidler aldri opplysningene dine til tredjeparter uten rettslig grunnlag. BABYLOVE NO er ansvarlig for behandlingen av [&hellip;]<\/p>\n","protected":false},"author":1,"featured_media":0,"parent":0,"menu_order":0,"comment_status":"closed","ping_status":"open","template":"","meta":{"_acf_changed":false,"editor_notices":[],"footnotes":""},"class_list":["post-3","page","type-page","status-publish","hentry"],"acf":[],"yoast_head":"<!-- This site is optimized with the Yoast SEO Premium plugin v25.8 (Yoast SEO v27.2) - https:\/\/yoast.com\/product\/yoast-seo-premium-wordpress\/ -->\n<title>Personopplysninger - Babylove Norska<\/title>\n<meta name=\"robots\" content=\"noindex, follow, max-snippet:-1, max-image-preview:large, max-video-preview:-1\" \/>\n<meta property=\"og:locale\" content=\"nb_NO\" \/>\n<meta property=\"og:type\" content=\"article\" \/>\n<meta property=\"og:title\" content=\"Personopplysninger\" \/>\n<meta property=\"og:description\" content=\"Ved \u00e5 handle hos BABYLOVE NO godkjenner du v\u00e5r personvernpolicy og v\u00e5r behandling av dine personopplysninger. Vi beskytter personvernet ditt og samler ikke inn mer informasjon enn det som er n\u00f8dvendig for \u00e5 behandle bestillingen din. Vi selger eller videreformidler aldri opplysningene dine til tredjeparter uten rettslig grunnlag. BABYLOVE NO er ansvarlig for behandlingen av [&hellip;]\" \/>\n<meta property=\"og:url\" content=\"https:\/\/babylove.se\/no\/personopplysninger\/\" \/>\n<meta property=\"og:site_name\" content=\"Babylove Norska\" \/>\n<meta property=\"article:modified_time\" content=\"2026-03-30T12:37:15+00:00\" \/>\n<meta name=\"twitter:card\" content=\"summary_large_image\" \/>\n<meta name=\"twitter:label1\" content=\"Ansl. lesetid\" \/>\n\t<meta name=\"twitter:data1\" content=\"4 minutter\" \/>\n<script type=\"application\/ld+json\" class=\"yoast-schema-graph\">{\"@context\":\"https:\/\/schema.org\",\"@graph\":[{\"@type\":\"WebPage\",\"@id\":\"https:\/\/babylove.se\/no\/personopplysninger\/\",\"url\":\"https:\/\/babylove.se\/no\/personopplysninger\/\",\"name\":\"Personopplysninger - Babylove Norska\",\"isPartOf\":{\"@id\":\"https:\/\/babylove.se\/no\/#website\"},\"datePublished\":\"2025-06-11T18:03:47+00:00\",\"dateModified\":\"2026-03-30T12:37:15+00:00\",\"breadcrumb\":{\"@id\":\"https:\/\/babylove.se\/no\/personopplysninger\/#breadcrumb\"},\"inLanguage\":\"nb-NO\",\"potentialAction\":[{\"@type\":\"ReadAction\",\"target\":[\"https:\/\/babylove.se\/no\/personopplysninger\/\"]}]},{\"@type\":\"BreadcrumbList\",\"@id\":\"https:\/\/babylove.se\/no\/personopplysninger\/#breadcrumb\",\"itemListElement\":[{\"@type\":\"ListItem\",\"position\":1,\"name\":\"Hem\",\"item\":\"https:\/\/babylove.se\/no\/\"},{\"@type\":\"ListItem\",\"position\":2,\"name\":\"Personopplysninger\"}]},{\"@type\":\"WebSite\",\"@id\":\"https:\/\/babylove.se\/no\/#website\",\"url\":\"https:\/\/babylove.se\/no\/\",\"name\":\"Babylove Norska\",\"description\":\"\",\"potentialAction\":[{\"@type\":\"SearchAction\",\"target\":{\"@type\":\"EntryPoint\",\"urlTemplate\":\"https:\/\/babylove.se\/no\/?s={search_term_string}\"},\"query-input\":{\"@type\":\"PropertyValueSpecification\",\"valueRequired\":true,\"valueName\":\"search_term_string\"}}],\"inLanguage\":\"nb-NO\"}]}<\/script>\n<!-- \/ Yoast SEO Premium plugin. -->","yoast_head_json":{"title":"Personopplysninger - Babylove Norska","robots":{"index":"noindex","follow":"follow","max-snippet":"max-snippet:-1","max-image-preview":"max-image-preview:large","max-video-preview":"max-video-preview:-1"},"og_locale":"nb_NO","og_type":"article","og_title":"Personopplysninger","og_description":"Ved \u00e5 handle hos BABYLOVE NO godkjenner du v\u00e5r personvernpolicy og v\u00e5r behandling av dine personopplysninger. Vi beskytter personvernet ditt og samler ikke inn mer informasjon enn det som er n\u00f8dvendig for \u00e5 behandle bestillingen din. Vi selger eller videreformidler aldri opplysningene dine til tredjeparter uten rettslig grunnlag. BABYLOVE NO er ansvarlig for behandlingen av [&hellip;]","og_url":"https:\/\/babylove.se\/no\/personopplysninger\/","og_site_name":"Babylove Norska","article_modified_time":"2026-03-30T12:37:15+00:00","twitter_card":"summary_large_image","twitter_misc":{"Ansl. lesetid":"4 minutter"},"schema":{"@context":"https:\/\/schema.org","@graph":[{"@type":"WebPage","@id":"https:\/\/babylove.se\/no\/personopplysninger\/","url":"https:\/\/babylove.se\/no\/personopplysninger\/","name":"Personopplysninger - Babylove Norska","isPartOf":{"@id":"https:\/\/babylove.se\/no\/#website"},"datePublished":"2025-06-11T18:03:47+00:00","dateModified":"2026-03-30T12:37:15+00:00","breadcrumb":{"@id":"https:\/\/babylove.se\/no\/personopplysninger\/#breadcrumb"},"inLanguage":"nb-NO","potentialAction":[{"@type":"ReadAction","target":["https:\/\/babylove.se\/no\/personopplysninger\/"]}]},{"@type":"BreadcrumbList","@id":"https:\/\/babylove.se\/no\/personopplysninger\/#breadcrumb","itemListElement":[{"@type":"ListItem","position":1,"name":"Hem","item":"https:\/\/babylove.se\/no\/"},{"@type":"ListItem","position":2,"name":"Personopplysninger"}]},{"@type":"WebSite","@id":"https:\/\/babylove.se\/no\/#website","url":"https:\/\/babylove.se\/no\/","name":"Babylove Norska","description":"","potentialAction":[{"@type":"SearchAction","target":{"@type":"EntryPoint","urlTemplate":"https:\/\/babylove.se\/no\/?s={search_term_string}"},"query-input":{"@type":"PropertyValueSpecification","valueRequired":true,"valueName":"search_term_string"}}],"inLanguage":"nb-NO"}]}},"_links":{"self":[{"href":"https:\/\/babylove.se\/no\/wp-json\/wp\/v2\/pages\/3","targetHints":{"allow":["GET"]}}],"collection":[{"href":"https:\/\/babylove.se\/no\/wp-json\/wp\/v2\/pages"}],"about":[{"href":"https:\/\/babylove.se\/no\/wp-json\/wp\/v2\/types\/page"}],"author":[{"embeddable":true,"href":"https:\/\/babylove.se\/no\/wp-json\/wp\/v2\/users\/1"}],"replies":[{"embeddable":true,"href":"https:\/\/babylove.se\/no\/wp-json\/wp\/v2\/comments?post=3"}],"version-history":[{"count":2,"href":"https:\/\/babylove.se\/no\/wp-json\/wp\/v2\/pages\/3\/revisions"}],"predecessor-version":[{"id":93980,"href":"https:\/\/babylove.se\/no\/wp-json\/wp\/v2\/pages\/3\/revisions\/93980"}],"wp:attachment":[{"href":"https:\/\/babylove.se\/no\/wp-json\/wp\/v2\/media?parent=3"}],"curies":[{"name":"wp","href":"https:\/\/api.w.org\/{rel}","templated":true}]}}