{"id":301,"date":"2025-06-25T15:15:28","date_gmt":"2025-06-25T14:15:28","guid":{"rendered":"https:\/\/babylove.se\/?page_id=301"},"modified":"2026-03-31T14:54:36","modified_gmt":"2026-03-31T13:54:36","slug":"contact","status":"publish","type":"page","link":"https:\/\/babylove.se\/no\/contact\/","title":{"rendered":"Kontakta oss"},"content":{"rendered":"<h1>Kontakt<\/h1>\n<h3>Velkommen til Babylove kundeservice!<\/h3>\n<div>\n<p>Vi er her for deg \u2013 f\u00f8r, under og etter kj\u00f8pet ditt. Ta kontakt med v\u00e5re kunnskapsrike medarbeidere via kontaktskjemaet, eller finn svar direkte blant v\u00e5re <a href=\"\/no\/faq\/\">Vanlige sp\u00f8rsm\u00e5l<\/a>.<\/p>\n<p><b>E-post:<\/b> info@babylove.no<br \/><b>Telefon:<\/b> 08-566 276 00<\/p>\n<p>\u00c5pningstider telefon <b>man\u2013fre 10:00\u201312:00<\/b>, \u00f8vrig tid henviser vi til e-post<\/p>\n<p>V\u00e5rt m\u00e5l er \u00e5 besvare alle henvendelser innen <strong>24<\/strong> arbeidstimer.<\/p>\n<\/div>\n<div>\n<p style=\"text-align: center;\"><span>Kontakta oss mer \u00e4n g\u00e4rna om du har n\u00e5gra fr\u00e5gor eller funderingar.<\/span><\/p>\n<\/div>\n<div>\n<div class=\"wpcf7 no-js\" id=\"wpcf7-f6-o1\" lang=\"sv-SE\" dir=\"ltr\" data-wpcf7-id=\"6\">\n<div class=\"screen-reader-response\"><p role=\"status\" aria-live=\"polite\" aria-atomic=\"true\"><\/p> <ul><\/ul><\/div>\n<form action=\"\/no\/wp-json\/wp\/v2\/pages\/301#wpcf7-f6-o1\" method=\"post\" class=\"wpcf7-form init\" aria-label=\"Kontaktformul\u00e4r\" enctype=\"multipart\/form-data\" novalidate=\"novalidate\" data-status=\"init\">\n<fieldset class=\"hidden-fields-container\"><input type=\"hidden\" name=\"_wpcf7\" value=\"6\" \/><input type=\"hidden\" name=\"_wpcf7_version\" value=\"6.1.5\" \/><input type=\"hidden\" name=\"_wpcf7_locale\" value=\"sv_SE\" \/><input type=\"hidden\" name=\"_wpcf7_unit_tag\" value=\"wpcf7-f6-o1\" \/><input type=\"hidden\" name=\"_wpcf7_container_post\" value=\"0\" \/><input type=\"hidden\" name=\"_wpcf7_posted_data_hash\" value=\"\" \/><input type=\"hidden\" name=\"_wpcf7_recaptcha_response\" value=\"\" \/>\n<\/fieldset>\n<div class=\"uk-grid uk-child-width-1-2@s uk-grid-small\" uk-grid>\n  <div>\n    <label class=\"uk-form-label\">Navn<span class=\"uk-text-danger\">*<\/span><\/label>\n    <span class=\"wpcf7-form-control-wrap\" data-name=\"your-name\"><input size=\"40\" maxlength=\"400\" class=\"wpcf7-form-control wpcf7-text wpcf7-validates-as-required uk-input\" aria-required=\"true\" aria-invalid=\"false\" placeholder=\"Navn\" value=\"\" type=\"text\" name=\"your-name\" \/><\/span>\n  <\/div>\n  <div>\n    <label class=\"uk-form-label\">E-post<span class=\"uk-text-danger\">*<\/span><\/label>\n    <span class=\"wpcf7-form-control-wrap\" data-name=\"your-email\"><input size=\"40\" maxlength=\"400\" class=\"wpcf7-form-control wpcf7-email wpcf7-validates-as-required wpcf7-text wpcf7-validates-as-email uk-input\" aria-required=\"true\" aria-invalid=\"false\" placeholder=\"E-post\" value=\"\" type=\"email\" name=\"your-email\" \/><\/span>\n  <\/div>\n<\/div>\n\n<div class=\"uk-margin\">\n  <label class=\"uk-form-label\">Telefon<\/label>\n  <span class=\"wpcf7-form-control-wrap\" data-name=\"your-phone\"><input size=\"40\" maxlength=\"400\" class=\"wpcf7-form-control wpcf7-tel wpcf7-text wpcf7-validates-as-tel uk-input\" aria-invalid=\"false\" placeholder=\"Telefon\" value=\"\" type=\"tel\" name=\"your-phone\" \/><\/span>\n<\/div>\n<div class=\"uk-width-1-1\">\n  <label class=\"uk-form-label\">Bilde<\/label>\n  <span class=\"wpcf7-form-control-wrap\" data-name=\"additional-photo\"><input size=\"40\" class=\"wpcf7-form-control wpcf7-file uk-input\" accept=\".jpg,.jpeg,.png,.gif\" aria-invalid=\"false\" type=\"file\" name=\"additional-photo[]\" multiple=\"multiple\" \/><\/span>\n<\/div>\n\n<div class=\"uk-margin\">\n  <label class=\"uk-form-label\">Melding<\/label>\n  <span class=\"wpcf7-form-control-wrap\" data-name=\"your-message\"><textarea cols=\"40\" rows=\"5\" maxlength=\"2000\" class=\"wpcf7-form-control wpcf7-textarea uk-textarea\" aria-invalid=\"false\" placeholder=\"Melding\" name=\"your-message\"><\/textarea><\/span>\n<\/div>\n\n<div class=\"uk-margin\">\n    <span class=\"wpcf7-form-control-wrap\" data-name=\"privacy-consent\"><span class=\"wpcf7-form-control wpcf7-acceptance\"><span class=\"wpcf7-list-item\"><label><input type=\"checkbox\" name=\"privacy-consent\" value=\"1\" aria-invalid=\"false\" \/><span class=\"wpcf7-list-item-label\">Jeg godkjenner at mine innsendte opplysninger <span class=\"uk-text-danger\">samles inn og lagres<\/span><\/span><\/label><\/span><\/span><\/span>\n<\/div>\n\n<div class=\"uk-margin\">\n  <input class=\"wpcf7-form-control wpcf7-submit has-spinner uk-button uk-button-primary\" type=\"submit\" value=\"Send melding\" \/>\n<\/div><div class=\"wpcf7-response-output\" aria-hidden=\"true\"><\/div>\n<\/form>\n<\/div>\n<\/div>\n<h3>FAQ<\/h3>\n<p><!--more--><br \/>\n<!-- {\"type\":\"layout\",\"children\":[{\"type\":\"section\",\"props\":{\"image_position\":\"center-center\",\"padding\":\"small\",\"style\":\"default\",\"title_breakpoint\":\"xl\",\"title_position\":\"top-left\",\"title_rotation\":\"left\",\"vertical_align\":\"middle\",\"width\":\"xlarge\"},\"children\":[{\"type\":\"row\",\"children\":[{\"type\":\"column\",\"props\":{\"css\":\".el-column .uk-tile{\\n\\tpadding: clamp(40px, 15vw, 220px);\\n}\\n.el-column .uk-background-cover{\\n    -webkit-mask-image: url(\\\/wp-content\\\/uploads\\\/2025\\\/06\\\/mask-category.svg);\\n    mask-image: url(\\\/wp-content\\\/uploads\\\/2025\\\/06\\\/mask-category.svg);\\n    -webkit-mask-size: 100% 100%;\\n    mask-size: 100% 100%;\\n    -webkit-mask-repeat: round;\\n    mask-repeat: round;\\n    overflow: hidden;\\n}\",\"image\":\"wp-content\\\/uploads\\\/2025\\\/11\\\/Kontakta-oss.png\",\"image_position\":\"center-center\",\"image_size\":\"cover\",\"media_overlay_gradient\":\"linear-gradient(0deg, rgba(0, 0, 0, 0.25) 0%, rgba(0, 0, 0, 0.25) 100%), url(<path-to-image>) \",\"position_sticky_breakpoint\":\"m\",\"text_color\":\"light\"},\"children\":[{\"type\":\"headline\",\"props\":{\"content\":\"Kontakt\",\"css\":\".el-element{\\n\\tfont-size: clamp(32px, 9vw, 120px);\\n}\",\"text_align\":\"center\",\"title_element\":\"h1\",\"title_style\":\"heading-xlarge\"}}]}],\"props\":{\"height_viewport\":800}}],\"name\":\"Heading=S\"},{\"type\":\"section\",\"props\":{\"image_position\":\"center-center\",\"style\":\"default\",\"title_breakpoint\":\"xl\",\"title_position\":\"top-left\",\"title_rotation\":\"left\",\"vertical_align\":\"middle\",\"width\":\"default\"},\"children\":[{\"type\":\"row\",\"children\":[{\"type\":\"column\",\"props\":{\"image_position\":\"center-center\",\"position_sticky_breakpoint\":\"m\"},\"children\":[{\"type\":\"headline\",\"props\":{\"content\":\"Velkommen til Babylove kundeservice!\",\"text_align\":\"center\",\"title_element\":\"h3\"}},{\"type\":\"text\",\"props\":{\"block_align\":\"center\",\"column_breakpoint\":\"m\",\"content\":\"\n\n<p>Vi er her for deg \\u2013 f\\u00f8r, under og etter kj\\u00f8pet ditt. Ta kontakt med v\\u00e5re kunnskapsrike medarbeidere via kontaktskjemaet, eller finn svar direkte blant v\\u00e5re <a href=\\\"\\\/no\\\/faq\\\/\\\">Vanlige sp\\u00f8rsm\\u00e5l<\\\/a>.<\\\/p>\\n\n\n<p><b>E-post:<\\\/b> info@babylove.no<br \\\/><b>Telefon:<\\\/b> 08-566 276 00<\\\/p>\\n\n\n<p>\\u00c5pningstider telefon <b>man\\u2013fre 10:00\\u201312:00<\\\/b>, \\u00f8vrig tid henviser vi til e-post<\\\/p>\\n\n\n<p>V\\u00e5rt m\\u00e5l er \\u00e5 besvare alle henvendelser innen <strong>24<\\\/strong> arbeidstimer.<\\\/p>\",\"margin\":\"default\",\"maxwidth\":\"2xlarge\",\"text_align\":\"center\"}}]}]},{\"type\":\"row\",\"children\":[{\"type\":\"column\",\"props\":{\"image_position\":\"center-center\",\"position_sticky_breakpoint\":\"m\"},\"children\":[{\"type\":\"text\",\"props\":{\"column_breakpoint\":\"m\",\"content\":\"\n\n<p style=\\\"text-align: center;\\\"><span>Kontakta oss mer \\u00e4n g\\u00e4rna om du har n\\u00e5gra fr\\u00e5gor eller funderingar.<\\\/span><\\\/p>\",\"margin\":\"default\"}},{\"type\":\"text\",\"props\":{\"column_breakpoint\":\"m\",\"content\":\"[contact-form-7 id=\\\"e938cb1\\\" title=\\\"Kontaktformul\\u00e4r\\\"]\",\"margin\":\"default\"}}]}]}]},{\"type\":\"section\",\"props\":{\"image_position\":\"center-center\",\"style\":\"default\",\"title_breakpoint\":\"xl\",\"title_position\":\"top-left\",\"title_rotation\":\"left\",\"vertical_align\":\"middle\",\"width\":\"default\"},\"children\":[{\"type\":\"row\",\"children\":[{\"type\":\"column\",\"props\":{\"image_position\":\"center-center\",\"position_sticky_breakpoint\":\"m\"},\"children\":[{\"type\":\"headline\",\"props\":{\"content\":\"FAQ\",\"text_align\":\"center\",\"title_element\":\"h3\"}}]}]},{\"type\":\"row\",\"children\":[{\"type\":\"column\",\"props\":{\"image_position\":\"center-center\",\"position_sticky_breakpoint\":\"m\",\"style\":\"card-default\"},\"children\":[{\"type\":\"module_position\",\"props\":{\"breakpoint\":\"m\",\"content\":\"builder-3\",\"layout\":\"stack\"}}]}]}]}],\"version\":\"4.5.25\"} --><\/p>\n","protected":false},"excerpt":{"rendered":"<p>Kontakt Velkommen til Babylove kundeservice! Vi er her for deg \u2013 f\u00f8r, under og etter kj\u00f8pet ditt. Ta kontakt med v\u00e5re kunnskapsrike medarbeidere via kontaktskjemaet, eller finn svar direkte blant v\u00e5re Vanlige sp\u00f8rsm\u00e5l. E-post: info@babylove.noTelefon: 08-566 276 00 \u00c5pningstider telefon man\u2013fre 10:00\u201312:00, \u00f8vrig tid henviser vi til e-post V\u00e5rt m\u00e5l er \u00e5 besvare alle henvendelser [&hellip;]<\/p>\n","protected":false},"author":1,"featured_media":0,"parent":0,"menu_order":0,"comment_status":"closed","ping_status":"closed","template":"","meta":{"_acf_changed":false,"editor_notices":[],"footnotes":""},"class_list":["post-301","page","type-page","status-publish","hentry"],"acf":[],"yoast_head":"<!-- This site is optimized with the Yoast SEO Premium plugin v25.8 (Yoast SEO v27.2) - https:\/\/yoast.com\/product\/yoast-seo-premium-wordpress\/ -->\n<title>Kontakta oss - Babylove Norska<\/title>\n<meta name=\"robots\" content=\"noindex, follow, max-snippet:-1, max-image-preview:large, max-video-preview:-1\" \/>\n<meta property=\"og:locale\" content=\"nb_NO\" \/>\n<meta property=\"og:type\" content=\"article\" \/>\n<meta property=\"og:title\" content=\"Kontakta oss\" \/>\n<meta property=\"og:description\" content=\"Kontakt Velkommen til Babylove kundeservice! Vi er her for deg \u2013 f\u00f8r, under og etter kj\u00f8pet ditt. Ta kontakt med v\u00e5re kunnskapsrike medarbeidere via kontaktskjemaet, eller finn svar direkte blant v\u00e5re Vanlige sp\u00f8rsm\u00e5l. E-post: info@babylove.noTelefon: 08-566 276 00 \u00c5pningstider telefon man\u2013fre 10:00\u201312:00, \u00f8vrig tid henviser vi til e-post V\u00e5rt m\u00e5l er \u00e5 besvare alle henvendelser [&hellip;]\" \/>\n<meta property=\"og:url\" content=\"https:\/\/babylove.se\/no\/contact\/\" \/>\n<meta property=\"og:site_name\" content=\"Babylove Norska\" \/>\n<meta property=\"article:modified_time\" content=\"2026-03-31T13:54:36+00:00\" \/>\n<meta name=\"twitter:card\" content=\"summary_large_image\" \/>\n<script type=\"application\/ld+json\" class=\"yoast-schema-graph\">{\"@context\":\"https:\/\/schema.org\",\"@graph\":[{\"@type\":\"WebPage\",\"@id\":\"https:\/\/babylove.se\/no\/contact\/\",\"url\":\"https:\/\/babylove.se\/no\/contact\/\",\"name\":\"Kontakta oss - Babylove Norska\",\"isPartOf\":{\"@id\":\"https:\/\/babylove.se\/no\/#website\"},\"datePublished\":\"2025-06-25T14:15:28+00:00\",\"dateModified\":\"2026-03-31T13:54:36+00:00\",\"breadcrumb\":{\"@id\":\"https:\/\/babylove.se\/no\/contact\/#breadcrumb\"},\"inLanguage\":\"nb-NO\",\"potentialAction\":[{\"@type\":\"ReadAction\",\"target\":[\"https:\/\/babylove.se\/no\/contact\/\"]}]},{\"@type\":\"BreadcrumbList\",\"@id\":\"https:\/\/babylove.se\/no\/contact\/#breadcrumb\",\"itemListElement\":[{\"@type\":\"ListItem\",\"position\":1,\"name\":\"Hem\",\"item\":\"https:\/\/babylove.se\/no\/\"},{\"@type\":\"ListItem\",\"position\":2,\"name\":\"Kontakta oss\"}]},{\"@type\":\"WebSite\",\"@id\":\"https:\/\/babylove.se\/no\/#website\",\"url\":\"https:\/\/babylove.se\/no\/\",\"name\":\"Babylove Norska\",\"description\":\"\",\"potentialAction\":[{\"@type\":\"SearchAction\",\"target\":{\"@type\":\"EntryPoint\",\"urlTemplate\":\"https:\/\/babylove.se\/no\/?s={search_term_string}\"},\"query-input\":{\"@type\":\"PropertyValueSpecification\",\"valueRequired\":true,\"valueName\":\"search_term_string\"}}],\"inLanguage\":\"nb-NO\"}]}<\/script>\n<!-- \/ Yoast SEO Premium plugin. -->","yoast_head_json":{"title":"Kontakta oss - Babylove Norska","robots":{"index":"noindex","follow":"follow","max-snippet":"max-snippet:-1","max-image-preview":"max-image-preview:large","max-video-preview":"max-video-preview:-1"},"og_locale":"nb_NO","og_type":"article","og_title":"Kontakta oss","og_description":"Kontakt Velkommen til Babylove kundeservice! Vi er her for deg \u2013 f\u00f8r, under og etter kj\u00f8pet ditt. Ta kontakt med v\u00e5re kunnskapsrike medarbeidere via kontaktskjemaet, eller finn svar direkte blant v\u00e5re Vanlige sp\u00f8rsm\u00e5l. E-post: info@babylove.noTelefon: 08-566 276 00 \u00c5pningstider telefon man\u2013fre 10:00\u201312:00, \u00f8vrig tid henviser vi til e-post V\u00e5rt m\u00e5l er \u00e5 besvare alle henvendelser [&hellip;]","og_url":"https:\/\/babylove.se\/no\/contact\/","og_site_name":"Babylove Norska","article_modified_time":"2026-03-31T13:54:36+00:00","twitter_card":"summary_large_image","schema":{"@context":"https:\/\/schema.org","@graph":[{"@type":"WebPage","@id":"https:\/\/babylove.se\/no\/contact\/","url":"https:\/\/babylove.se\/no\/contact\/","name":"Kontakta oss - Babylove Norska","isPartOf":{"@id":"https:\/\/babylove.se\/no\/#website"},"datePublished":"2025-06-25T14:15:28+00:00","dateModified":"2026-03-31T13:54:36+00:00","breadcrumb":{"@id":"https:\/\/babylove.se\/no\/contact\/#breadcrumb"},"inLanguage":"nb-NO","potentialAction":[{"@type":"ReadAction","target":["https:\/\/babylove.se\/no\/contact\/"]}]},{"@type":"BreadcrumbList","@id":"https:\/\/babylove.se\/no\/contact\/#breadcrumb","itemListElement":[{"@type":"ListItem","position":1,"name":"Hem","item":"https:\/\/babylove.se\/no\/"},{"@type":"ListItem","position":2,"name":"Kontakta oss"}]},{"@type":"WebSite","@id":"https:\/\/babylove.se\/no\/#website","url":"https:\/\/babylove.se\/no\/","name":"Babylove Norska","description":"","potentialAction":[{"@type":"SearchAction","target":{"@type":"EntryPoint","urlTemplate":"https:\/\/babylove.se\/no\/?s={search_term_string}"},"query-input":{"@type":"PropertyValueSpecification","valueRequired":true,"valueName":"search_term_string"}}],"inLanguage":"nb-NO"}]}},"_links":{"self":[{"href":"https:\/\/babylove.se\/no\/wp-json\/wp\/v2\/pages\/301","targetHints":{"allow":["GET"]}}],"collection":[{"href":"https:\/\/babylove.se\/no\/wp-json\/wp\/v2\/pages"}],"about":[{"href":"https:\/\/babylove.se\/no\/wp-json\/wp\/v2\/types\/page"}],"author":[{"embeddable":true,"href":"https:\/\/babylove.se\/no\/wp-json\/wp\/v2\/users\/1"}],"replies":[{"embeddable":true,"href":"https:\/\/babylove.se\/no\/wp-json\/wp\/v2\/comments?post=301"}],"version-history":[{"count":3,"href":"https:\/\/babylove.se\/no\/wp-json\/wp\/v2\/pages\/301\/revisions"}],"predecessor-version":[{"id":93983,"href":"https:\/\/babylove.se\/no\/wp-json\/wp\/v2\/pages\/301\/revisions\/93983"}],"wp:attachment":[{"href":"https:\/\/babylove.se\/no\/wp-json\/wp\/v2\/media?parent=301"}],"curies":[{"name":"wp","href":"https:\/\/api.w.org\/{rel}","templated":true}]}}