{"id":74906,"date":"2025-09-04T08:51:45","date_gmt":"2025-09-04T07:51:45","guid":{"rendered":"https:\/\/babylove.se\/?page_id=74906"},"modified":"2026-03-27T16:31:16","modified_gmt":"2026-03-27T15:31:16","slug":"reklamasjon","status":"publish","type":"page","link":"https:\/\/babylove.se\/no\/reklamasjon\/","title":{"rendered":"Reklamasjon"},"content":{"rendered":"<h1>Reklamasjon<\/h1>\n<h3>REKLAMASJON<\/h3>\n<div>Reklamasjon Noen ganger hender det dessverre at et produkt ikke holder \u00f8nsket kvalitet, og da hjelper vi deg selvf\u00f8lgelig med \u00e5 reklamere. F\u00f8lg stegene nedenfor og suppl\u00e9r reklamasjonen med informasjon slik at vi kan behandle reklamasjonen raskere. Vi bestreber oss p\u00e5 \u00e5 svare p\u00e5 alle innkommende kundeserviceforesp\u00f8rsler innen 48 timer p\u00e5 hverdager. Hvis det gjelder en reklamasjon p\u00e5 et produkt der vi har mottatt alle bilder og all informasjon vi trenger, vil vi behandle reklamasjonen din s\u00e5 snart som mulig. Vi setter ogs\u00e5 pris p\u00e5 at du kontakter oss hvis du har kommentarer, klager eller tips.<\/div>\n<h4>SEND INN EN SAK<\/h4>\n<div>\n<div>\n<div class=\"wpcf7 no-js\" id=\"wpcf7-f74915-o1\" lang=\"en-US\" dir=\"ltr\" data-wpcf7-id=\"74915\">\n<div class=\"screen-reader-response\"><p role=\"status\" aria-live=\"polite\" aria-atomic=\"true\"><\/p> <ul><\/ul><\/div>\n<form action=\"\/no\/wp-json\/wp\/v2\/pages\/74906#wpcf7-f74915-o1\" method=\"post\" class=\"wpcf7-form init\" aria-label=\"Contact form\" enctype=\"multipart\/form-data\" novalidate=\"novalidate\" data-status=\"init\">\n<fieldset class=\"hidden-fields-container\"><input type=\"hidden\" name=\"_wpcf7\" value=\"74915\" \/><input type=\"hidden\" name=\"_wpcf7_version\" value=\"6.1.5\" \/><input type=\"hidden\" name=\"_wpcf7_locale\" value=\"en_US\" \/><input type=\"hidden\" name=\"_wpcf7_unit_tag\" value=\"wpcf7-f74915-o1\" \/><input type=\"hidden\" name=\"_wpcf7_container_post\" value=\"0\" \/><input type=\"hidden\" name=\"_wpcf7_posted_data_hash\" value=\"\" \/><input type=\"hidden\" name=\"_wpcf7_recaptcha_response\" value=\"\" \/>\n<\/fieldset>\n<div class=\"uk-grid-medium\" uk-grid>\n  <div class=\"uk-width-1-2@s\">\n    <span class=\"wpcf7-form-control-wrap\" data-name=\"first-name\"><input size=\"40\" maxlength=\"400\" class=\"wpcf7-form-control wpcf7-text wpcf7-validates-as-required uk-input\" aria-required=\"true\" aria-invalid=\"false\" placeholder=\"Fornavn*\" value=\"\" type=\"text\" name=\"first-name\" \/><\/span>\n  <\/div>\n  <div class=\"uk-width-1-2@s\">\n    <span class=\"wpcf7-form-control-wrap\" data-name=\"last-name\"><input size=\"40\" maxlength=\"400\" class=\"wpcf7-form-control wpcf7-text wpcf7-validates-as-required uk-input\" aria-required=\"true\" aria-invalid=\"false\" placeholder=\"Etternavn*\" value=\"\" type=\"text\" name=\"last-name\" \/><\/span>\n  <\/div>\n\n  <div class=\"uk-width-1-2@s\">\n    <span class=\"wpcf7-form-control-wrap\" data-name=\"your-email\"><input size=\"40\" maxlength=\"400\" class=\"wpcf7-form-control wpcf7-email wpcf7-validates-as-required wpcf7-text wpcf7-validates-as-email uk-input\" aria-required=\"true\" aria-invalid=\"false\" placeholder=\"E-post*\" value=\"\" type=\"email\" name=\"your-email\" \/><\/span>\n  <\/div>\n\n  <div class=\"uk-width-1-2@s\">\n    <span class=\"wpcf7-form-control-wrap\" data-name=\"order-number\"><input size=\"40\" maxlength=\"400\" class=\"wpcf7-form-control wpcf7-text wpcf7-validates-as-required uk-input\" aria-required=\"true\" aria-invalid=\"false\" placeholder=\"Bestillingsnummer*\" value=\"\" type=\"text\" name=\"order-number\" \/><\/span>\n  <\/div>\n  <div class=\"uk-width-1-1\">\n    <h4 class=\"uk-width-1-1\">Beskriv saken din<\/h4>\n    <p class=\"uk-text-danger\">Beskriv feilen p\u00e5 produktet (best\u00e5r produktet av flere deler, m\u00e5 vi vite n\u00f8yaktig hvilke deler som er skadet i henhold til nummereringen i manualen)<\/p>\n  <\/div>\n\n  <div class=\"uk-width-1-1\">\n    <label class=\"uk-form-label\">Er produktet montert <span class=\"uk-text-danger\">*<\/span><\/label>\n    <span class=\"wpcf7-form-control-wrap\" data-name=\"product-broken\"><span class=\"wpcf7-form-control wpcf7-radio\"><span class=\"wpcf7-list-item first\"><label><input type=\"radio\" name=\"product-broken\" value=\"Ja\" \/><span class=\"wpcf7-list-item-label\">Ja<\/span><\/label><\/span><span class=\"wpcf7-list-item last\"><label><input type=\"radio\" name=\"product-broken\" value=\"Nei\" \/><span class=\"wpcf7-list-item-label\">Nei<\/span><\/label><\/span><\/span><\/span>\n  <\/div>\n  <div class=\"uk-width-1-3@s\">\n    <label class=\"uk-form-label\">Sakstype <span class=\"uk-text-danger\">*<\/span><\/label>\n    <span class=\"wpcf7-form-control-wrap\" data-name=\"broken-type\"><select class=\"wpcf7-form-control wpcf7-select wpcf7-validates-as-required uk-select\" aria-required=\"true\" aria-invalid=\"false\" name=\"broken-type\"><option value=\"\"><\/option><option value=\"Pakken min var skadet ved levering\">Pakken min var skadet ved levering<\/option><option value=\"Produktet mitt var skadet ved levering\">Produktet mitt var skadet ved levering<\/option><option value=\"Produktet mitt fungerer ikke lenger\">Produktet mitt fungerer ikke lenger<\/option><option value=\"Deler av produktet mitt mangler\">Deler av produktet mitt mangler<\/option><option value=\"Jeg vil bestille en reservedel\">Jeg vil bestille en reservedel<\/option><option value=\"Jeg har mottatt feil vare\">Jeg har mottatt feil vare<\/option><\/select><\/span>\n  <\/div>\n\n  <div class=\"uk-width-1-1\">\n    <label class=\"uk-form-label\">Beskrivelse av saken <span class=\"uk-text-danger\">*<\/span><\/label>\n    <span class=\"wpcf7-form-control-wrap\" data-name=\"case-description\"><textarea cols=\"40\" rows=\"10\" maxlength=\"2000\" class=\"wpcf7-form-control wpcf7-textarea wpcf7-validates-as-required uk-textarea\" aria-required=\"true\" aria-invalid=\"false\" placeholder=\"Beskriv feilen \/ saken...\" name=\"case-description\"><\/textarea><\/span>\n  <\/div>\n \n  <div class=\"uk-width-1-1\">\n    <label class=\"uk-form-label\">Legg ved bilder av alle skader\/defekter <span class=\"uk-text-danger\">*<\/span><\/label>\n    <span class=\"wpcf7-form-control-wrap\" data-name=\"damage-photos\"><input size=\"40\" class=\"wpcf7-form-control wpcf7-file wpcf7-validates-as-required uk-input\" accept=\".jpg,.jpeg,.png,.gif\" aria-required=\"true\" aria-invalid=\"false\" type=\"file\" name=\"damage-photos[]\" multiple=\"multiple\" \/><\/span>\n  <\/div>\n\n  <div class=\"uk-width-1-1\">\n    <label class=\"uk-form-label\">Bilder av emballasje<\/label>\n    <span class=\"wpcf7-form-control-wrap\" data-name=\"package-photo\"><input size=\"40\" class=\"wpcf7-form-control wpcf7-file uk-input\" accept=\".jpg,.jpeg,.png,.gif\" aria-invalid=\"false\" type=\"file\" name=\"package-photo[]\" multiple=\"multiple\" \/><\/span>\n  <\/div>\n\n  <div class=\"uk-width-1-1\">\n    <label class=\"uk-form-label\">Skadede deler <span class=\"uk-text-danger\">*<\/span><\/label>\n    <span class=\"wpcf7-form-control-wrap\" data-name=\"details\"><textarea cols=\"40\" rows=\"10\" maxlength=\"2000\" class=\"wpcf7-form-control wpcf7-textarea wpcf7-validates-as-required uk-textarea\" aria-required=\"true\" aria-invalid=\"false\" placeholder=\"Beskriv feilen \/ saken...\" name=\"details\"><\/textarea><\/span>\n    <em class=\"uk-text-danger\">N\u00f8yaktig hvilke deler (i henhold til nummereringen i manualen) som er \u00f8delagte\/skadet.<\/em>\n  <\/div>\n\n  <div class=\"uk-width-1-1\">\n    <button class=\"wpcf7-form-control wpcf7-submit uk-button uk-button-default uk-flex-inline uk-flex-center uk-flex-middle\" type=\"submit\">Send <span class=\"uk-margin-small-left uk-icon\" uk-icon=\"long-arrow-right\"><\/span><\/button><span class=\"wpcf7-spinner\"><\/span>\n  <\/div>\n<\/div><div class=\"wpcf7-response-output\" aria-hidden=\"true\"><\/div>\n<\/form>\n<\/div>\n<\/div>\n<\/div>\n<div>\n<h3>1. Hvordan gj\u00f8r jeg hvis jeg vil reklamere p\u00e5 en vare?<\/h3>\n<p>1. Du som kunde er ansvarlig for \u00e5 pakke opp og kontrollere at produktene i pakken din er feilfrie innen 3 dager etter at du har mottatt dem. Hvis pakken har blitt skadet under leveringen, m\u00e5 du melde fra om skaden umiddelbart til oss. Send inn din reklamasjon innen 3 dager til Babylove kundeservice, s\u00e5 hjelper vi deg.<\/p>\n<p>2. Send en henvendelse til oss via skjemaet ovenfor.<\/p>\n<p>3. Legg alltid ved bilder av alle skader og ogs\u00e5 av emballasjen, slik at vi kan se hva som m\u00e5 unders\u00f8kes\/utbedres. Jo tydeligere informasjon og bilder vi mottar, desto raskere kan vi behandle saken din.<\/p>\n<p class=\"uk-text-danger\"><span><strong>Da barnas sikkerhet er v\u00e5rt felles hovedfokus, b\u00f8r man som forbruker aldri montere eller bruke defekte varer f\u00f8r man har f\u00e5tt godkjenning for dette. Vi ber dere derfor om \u00e5 vente med montering\/bruk av varen til vi har behandlet saken deres. Vi kan ikke garantere at en reklamasjon kan godkjennes dersom varen er montert.<\/strong><\/span><\/p>\n<p><span color=\"#ff0033\">&#8211; Alle reklamasjoner h\u00e5ndteres i henhold til svensk forbrukerlovgivning <strong>som inneb\u00e6rer at vi i f\u00f8rste omgang bytter ut skadde\/defekte deler med nye<\/strong>. Vi har i henhold til Forbrukertilsynet rett til f\u00f8rst \u00e5 utbedre\/reparere produktet.<\/span><\/p>\n<p><span color=\"#ff0033\">&#8211; Dersom man p\u00e5 eget initiativ monterer skadde\/defekte deler, tar vi som forhandler ikke hensyn til eventuelt merarbeid med montering\/demontering eller gir generelle prisavslag fordi produktet er montert. Vi erstatter heller ikke eventuelle tredjepartskostnader (for eksempel snekker osv.).<\/span><\/p>\n<p>&#8211; Siden prosessen ovenfor f\u00f8lger svensk forbrukerlovgivning, <strong>arbeider vi ikke med kompensasjoner<\/strong>. Kompensasjon kan gis unntaksvis av goodwill, men er ikke noe vi er forpliktet til da vi tilbyr andre l\u00f8sninger.<\/p>\n<p>&#8211; Vi behandler deretter saken din s\u00e5 raskt som mulig og gir deg tilbakemelding s\u00e5 snart vi har et svar. Vi ber deg om \u00e5 v\u00e6re t\u00e5lmodig, da en reklamasjon kan ta noen arbeidsdager \u00e5 f\u00e5 svar p\u00e5. V\u00e5rt m\u00e5l er selvf\u00f8lgelig \u00e5 l\u00f8se saken s\u00e5 raskt som mulig. Ved en eventuell tvist f\u00f8lger vi anbefalingene fra Allm\u00e4nna Reklamationsn\u00e4mnden.<\/p>\n<h3>2. Hvordan gj\u00f8r jeg hvis jeg har f\u00e5tt feil vare?<\/h3>\n<p>1. Send en henvendelse til oss via skjemaet ovenfor (legg alltid ved bestillingsnummer).<\/p>\n<p>2. Beskriv hvilken vare du har mottatt.<\/p>\n<p>3. Legg alltid ved et bilde av det du har f\u00e5tt.<\/p>\n<\/div>\n<p><!--more--><br \/>\n<!-- {\"type\":\"layout\",\"children\":[{\"type\":\"section\",\"props\":{\"image_position\":\"center-center\",\"padding\":\"small\",\"style\":\"default\",\"title_breakpoint\":\"xl\",\"title_position\":\"top-left\",\"title_rotation\":\"left\",\"vertical_align\":\"middle\",\"width\":\"xlarge\"},\"children\":[{\"type\":\"row\",\"children\":[{\"type\":\"column\",\"props\":{\"css\":\".el-column .uk-tile{\\n\\tpadding: clamp(40px, 15vw, 220px);\\n}\\n.el-column .uk-background-cover{\\n    -webkit-mask-image: url(\\\/wp-content\\\/uploads\\\/2025\\\/06\\\/mask-category.svg);\\n    mask-image: url(\\\/wp-content\\\/uploads\\\/2025\\\/06\\\/mask-category.svg);\\n    -webkit-mask-size: 100% 100%;\\n    mask-size: 100% 100%;\\n    -webkit-mask-repeat: round;\\n    mask-repeat: round;\\n    overflow: hidden;\\n}\",\"image\":\"wp-content\\\/uploads\\\/2025\\\/06\\\/category_resized.jpg\",\"image_position\":\"center-center\",\"image_size\":\"cover\",\"media_overlay_gradient\":\"linear-gradient(0deg, rgba(0, 0, 0, 0.25) 0%, rgba(0, 0, 0, 0.25) 100%), url(<path-to-image>) \",\"position_sticky_breakpoint\":\"m\",\"text_color\":\"light\"},\"children\":[{\"type\":\"headline\",\"props\":{\"content\":\"Reklamasjon\",\"css\":\".el-element{\\n\\tfont-size: clamp(32px, 9vw, 120px);\\n}\",\"text_align\":\"center\",\"title_element\":\"h1\",\"title_style\":\"heading-xlarge\"}}]}],\"props\":{\"height_viewport\":800}}],\"name\":\"Heading\"},{\"type\":\"section\",\"props\":{\"image_position\":\"center-center\",\"style\":\"default\",\"title_breakpoint\":\"xl\",\"title_position\":\"top-left\",\"title_rotation\":\"left\",\"vertical_align\":\"middle\",\"width\":\"default\"},\"children\":[{\"type\":\"row\",\"children\":[{\"type\":\"column\",\"props\":{\"image_position\":\"center-center\",\"position_sticky_breakpoint\":\"m\"},\"children\":[{\"type\":\"headline\",\"props\":{\"content\":\"REKLAMASJON\",\"title_element\":\"h3\"}},{\"type\":\"text\",\"props\":{\"column_breakpoint\":\"m\",\"content\":\"Reklamasjon Noen ganger hender det dessverre at et produkt ikke holder \\u00f8nsket kvalitet, og da hjelper vi deg selvf\\u00f8lgelig med \\u00e5 reklamere. F\\u00f8lg stegene nedenfor og suppl\\u00e9r reklamasjonen med informasjon slik at vi kan behandle reklamasjonen raskere. Vi bestreber oss p\\u00e5 \\u00e5 svare p\\u00e5 alle innkommende kundeserviceforesp\\u00f8rsler innen 48 timer p\\u00e5 hverdager. Hvis det gjelder en reklamasjon p\\u00e5 et produkt der vi har mottatt alle bilder og all informasjon vi trenger, vil vi behandle reklamasjonen din s\\u00e5 snart som mulig. Vi setter ogs\\u00e5 pris p\\u00e5 at du kontakter oss hvis du har kommentarer, klager eller tips.\",\"margin\":\"default\"}}]}]},{\"type\":\"row\",\"children\":[{\"type\":\"column\",\"props\":{\"image_position\":\"center-center\",\"position_sticky_breakpoint\":\"m\"},\"children\":[{\"type\":\"headline\",\"props\":{\"content\":\"SEND INN EN SAK\",\"title_element\":\"h4\"}},{\"type\":\"panel\",\"props\":{\"content\":\"[contact-form-7 id=\\\"00ec743\\\" title=\\\"Reklamation\\\"]\",\"content_column_breakpoint\":\"m\",\"css\":\".uk-textarea{\\n\\theight: 100px;\\n}\",\"icon_width\":80,\"image_align\":\"top\",\"image_grid_breakpoint\":\"m\",\"image_grid_width\":\"1-2\",\"image_svg_color\":\"emphasis\",\"link_style\":\"default\",\"link_text\":\"Read more\",\"margin\":\"default\",\"meta_align\":\"below-title\",\"meta_element\":\"div\",\"meta_style\":\"text-meta\",\"title_align\":\"top\",\"title_element\":\"h3\",\"title_grid_breakpoint\":\"m\",\"title_grid_width\":\"1-2\",\"title_hover_style\":\"reset\"}}]}]},{\"type\":\"row\",\"children\":[{\"type\":\"column\",\"props\":{\"image_position\":\"center-center\",\"position_sticky_breakpoint\":\"m\"},\"children\":[{\"type\":\"text\",\"props\":{\"column_breakpoint\":\"m\",\"content\":\"\n\n<h3>1. Hvordan gj\\u00f8r jeg hvis jeg vil reklamere p\\u00e5 en vare?<\\\/h3>\\n\n\n<p>1. Du som kunde er ansvarlig for \\u00e5 pakke opp og kontrollere at produktene i pakken din er feilfrie innen 3 dager etter at du har mottatt dem. Hvis pakken har blitt skadet under leveringen, m\\u00e5 du melde fra om skaden umiddelbart til oss. Send inn din reklamasjon innen 3 dager til Babylove kundeservice, s\\u00e5 hjelper vi deg.<\\\/p>\\n\n\n<p>2. Send en henvendelse til oss via skjemaet ovenfor.<\\\/p>\\n\n\n<p>3. Legg alltid ved bilder av alle skader og ogs\\u00e5 av emballasjen, slik at vi kan se hva som m\\u00e5 unders\\u00f8kes\\\/utbedres. Jo tydeligere informasjon og bilder vi mottar, desto raskere kan vi behandle saken din.<\\\/p>\\n\n\n<p class=\\\"uk-text-danger\\\"><span><strong>Da barnas sikkerhet er v\\u00e5rt felles hovedfokus, b\\u00f8r man som forbruker aldri montere eller bruke defekte varer f\\u00f8r man har f\\u00e5tt godkjenning for dette. Vi ber dere derfor om \\u00e5 vente med montering\\\/bruk av varen til vi har behandlet saken deres. Vi kan ikke garantere at en reklamasjon kan godkjennes dersom varen er montert.<\\\/strong><\\\/span><\\\/p>\\n\n\n<p><span color=\\\"#ff0033\\\">- Alle reklamasjoner h\\u00e5ndteres i henhold til svensk forbrukerlovgivning <strong>som inneb\\u00e6rer at vi i f\\u00f8rste omgang bytter ut skadde\\\/defekte deler med nye<\\\/strong>. Vi har i henhold til Forbrukertilsynet rett til f\\u00f8rst \\u00e5 utbedre\\\/reparere produktet.<\\\/span><\\\/p>\\n\n\n<p><span color=\\\"#ff0033\\\">- Dersom man p\\u00e5 eget initiativ monterer skadde\\\/defekte deler, tar vi som forhandler ikke hensyn til eventuelt merarbeid med montering\\\/demontering eller gir generelle prisavslag fordi produktet er montert. Vi erstatter heller ikke eventuelle tredjepartskostnader (for eksempel snekker osv.).<\\\/span><\\\/p>\\n\n\n<p>- Siden prosessen ovenfor f\\u00f8lger svensk forbrukerlovgivning, <strong>arbeider vi ikke med kompensasjoner<\\\/strong>. Kompensasjon kan gis unntaksvis av goodwill, men er ikke noe vi er forpliktet til da vi tilbyr andre l\\u00f8sninger.<\\\/p>\\n\n\n<p>- Vi behandler deretter saken din s\\u00e5 raskt som mulig og gir deg tilbakemelding s\\u00e5 snart vi har et svar. Vi ber deg om \\u00e5 v\\u00e6re t\\u00e5lmodig, da en reklamasjon kan ta noen arbeidsdager \\u00e5 f\\u00e5 svar p\\u00e5. V\\u00e5rt m\\u00e5l er selvf\\u00f8lgelig \\u00e5 l\\u00f8se saken s\\u00e5 raskt som mulig. Ved en eventuell tvist f\\u00f8lger vi anbefalingene fra Allm\\u00e4nna Reklamationsn\\u00e4mnden.<\\\/p>\\n\\n\n\n<h3>2. Hvordan gj\\u00f8r jeg hvis jeg har f\\u00e5tt feil vare?<\\\/h3>\\n\n\n<p>1. Send en henvendelse til oss via skjemaet ovenfor (legg alltid ved bestillingsnummer).<\\\/p>\\n\n\n<p>2. Beskriv hvilken vare du har mottatt.<\\\/p>\\n\n\n<p>3. Legg alltid ved et bilde av det du har f\\u00e5tt.<\\\/p>\",\"margin\":\"default\"}}]}]}]}],\"version\":\"4.5.25\"} --><\/p>\n","protected":false},"excerpt":{"rendered":"<p>Reklamasjon REKLAMASJON Reklamasjon Noen ganger hender det dessverre at et produkt ikke holder \u00f8nsket kvalitet, og da hjelper vi deg selvf\u00f8lgelig med \u00e5 reklamere. F\u00f8lg stegene nedenfor og suppl\u00e9r reklamasjonen med informasjon slik at vi kan behandle reklamasjonen raskere. Vi bestreber oss p\u00e5 \u00e5 svare p\u00e5 alle innkommende kundeserviceforesp\u00f8rsler innen 48 timer p\u00e5 hverdager. Hvis [&hellip;]<\/p>\n","protected":false},"author":1,"featured_media":0,"parent":0,"menu_order":0,"comment_status":"closed","ping_status":"closed","template":"","meta":{"_acf_changed":false,"editor_notices":[],"footnotes":""},"class_list":["post-74906","page","type-page","status-publish","hentry"],"acf":[],"yoast_head":"<!-- This site is optimized with the Yoast SEO Premium plugin v25.8 (Yoast SEO v27.2) - https:\/\/yoast.com\/product\/yoast-seo-premium-wordpress\/ -->\n<title>Reklamasjon - Babylove Norska<\/title>\n<meta name=\"robots\" content=\"noindex, follow, max-snippet:-1, max-image-preview:large, max-video-preview:-1\" \/>\n<meta property=\"og:locale\" content=\"nb_NO\" \/>\n<meta property=\"og:type\" content=\"article\" \/>\n<meta property=\"og:title\" content=\"Reklamasjon\" \/>\n<meta property=\"og:description\" content=\"Reklamasjon REKLAMASJON Reklamasjon Noen ganger hender det dessverre at et produkt ikke holder \u00f8nsket kvalitet, og da hjelper vi deg selvf\u00f8lgelig med \u00e5 reklamere. F\u00f8lg stegene nedenfor og suppl\u00e9r reklamasjonen med informasjon slik at vi kan behandle reklamasjonen raskere. Vi bestreber oss p\u00e5 \u00e5 svare p\u00e5 alle innkommende kundeserviceforesp\u00f8rsler innen 48 timer p\u00e5 hverdager. Hvis [&hellip;]\" \/>\n<meta property=\"og:url\" content=\"https:\/\/babylove.se\/no\/reklamasjon\/\" \/>\n<meta property=\"og:site_name\" content=\"Babylove Norska\" \/>\n<meta property=\"article:modified_time\" content=\"2026-03-27T15:31:16+00:00\" \/>\n<meta name=\"twitter:card\" content=\"summary_large_image\" \/>\n<meta name=\"twitter:label1\" content=\"Ansl. lesetid\" \/>\n\t<meta name=\"twitter:data1\" content=\"3 minutter\" \/>\n<script type=\"application\/ld+json\" class=\"yoast-schema-graph\">{\"@context\":\"https:\/\/schema.org\",\"@graph\":[{\"@type\":\"WebPage\",\"@id\":\"https:\/\/babylove.se\/no\/reklamasjon\/\",\"url\":\"https:\/\/babylove.se\/no\/reklamasjon\/\",\"name\":\"Reklamasjon - Babylove Norska\",\"isPartOf\":{\"@id\":\"https:\/\/babylove.se\/no\/#website\"},\"datePublished\":\"2025-09-04T07:51:45+00:00\",\"dateModified\":\"2026-03-27T15:31:16+00:00\",\"breadcrumb\":{\"@id\":\"https:\/\/babylove.se\/no\/reklamasjon\/#breadcrumb\"},\"inLanguage\":\"nb-NO\",\"potentialAction\":[{\"@type\":\"ReadAction\",\"target\":[\"https:\/\/babylove.se\/no\/reklamasjon\/\"]}]},{\"@type\":\"BreadcrumbList\",\"@id\":\"https:\/\/babylove.se\/no\/reklamasjon\/#breadcrumb\",\"itemListElement\":[{\"@type\":\"ListItem\",\"position\":1,\"name\":\"Hem\",\"item\":\"https:\/\/babylove.se\/no\/\"},{\"@type\":\"ListItem\",\"position\":2,\"name\":\"Reklamasjon\"}]},{\"@type\":\"WebSite\",\"@id\":\"https:\/\/babylove.se\/no\/#website\",\"url\":\"https:\/\/babylove.se\/no\/\",\"name\":\"Babylove Norska\",\"description\":\"\",\"potentialAction\":[{\"@type\":\"SearchAction\",\"target\":{\"@type\":\"EntryPoint\",\"urlTemplate\":\"https:\/\/babylove.se\/no\/?s={search_term_string}\"},\"query-input\":{\"@type\":\"PropertyValueSpecification\",\"valueRequired\":true,\"valueName\":\"search_term_string\"}}],\"inLanguage\":\"nb-NO\"}]}<\/script>\n<!-- \/ Yoast SEO Premium plugin. -->","yoast_head_json":{"title":"Reklamasjon - Babylove Norska","robots":{"index":"noindex","follow":"follow","max-snippet":"max-snippet:-1","max-image-preview":"max-image-preview:large","max-video-preview":"max-video-preview:-1"},"og_locale":"nb_NO","og_type":"article","og_title":"Reklamasjon","og_description":"Reklamasjon REKLAMASJON Reklamasjon Noen ganger hender det dessverre at et produkt ikke holder \u00f8nsket kvalitet, og da hjelper vi deg selvf\u00f8lgelig med \u00e5 reklamere. F\u00f8lg stegene nedenfor og suppl\u00e9r reklamasjonen med informasjon slik at vi kan behandle reklamasjonen raskere. Vi bestreber oss p\u00e5 \u00e5 svare p\u00e5 alle innkommende kundeserviceforesp\u00f8rsler innen 48 timer p\u00e5 hverdager. Hvis [&hellip;]","og_url":"https:\/\/babylove.se\/no\/reklamasjon\/","og_site_name":"Babylove Norska","article_modified_time":"2026-03-27T15:31:16+00:00","twitter_card":"summary_large_image","twitter_misc":{"Ansl. lesetid":"3 minutter"},"schema":{"@context":"https:\/\/schema.org","@graph":[{"@type":"WebPage","@id":"https:\/\/babylove.se\/no\/reklamasjon\/","url":"https:\/\/babylove.se\/no\/reklamasjon\/","name":"Reklamasjon - Babylove Norska","isPartOf":{"@id":"https:\/\/babylove.se\/no\/#website"},"datePublished":"2025-09-04T07:51:45+00:00","dateModified":"2026-03-27T15:31:16+00:00","breadcrumb":{"@id":"https:\/\/babylove.se\/no\/reklamasjon\/#breadcrumb"},"inLanguage":"nb-NO","potentialAction":[{"@type":"ReadAction","target":["https:\/\/babylove.se\/no\/reklamasjon\/"]}]},{"@type":"BreadcrumbList","@id":"https:\/\/babylove.se\/no\/reklamasjon\/#breadcrumb","itemListElement":[{"@type":"ListItem","position":1,"name":"Hem","item":"https:\/\/babylove.se\/no\/"},{"@type":"ListItem","position":2,"name":"Reklamasjon"}]},{"@type":"WebSite","@id":"https:\/\/babylove.se\/no\/#website","url":"https:\/\/babylove.se\/no\/","name":"Babylove Norska","description":"","potentialAction":[{"@type":"SearchAction","target":{"@type":"EntryPoint","urlTemplate":"https:\/\/babylove.se\/no\/?s={search_term_string}"},"query-input":{"@type":"PropertyValueSpecification","valueRequired":true,"valueName":"search_term_string"}}],"inLanguage":"nb-NO"}]}},"_links":{"self":[{"href":"https:\/\/babylove.se\/no\/wp-json\/wp\/v2\/pages\/74906","targetHints":{"allow":["GET"]}}],"collection":[{"href":"https:\/\/babylove.se\/no\/wp-json\/wp\/v2\/pages"}],"about":[{"href":"https:\/\/babylove.se\/no\/wp-json\/wp\/v2\/types\/page"}],"author":[{"embeddable":true,"href":"https:\/\/babylove.se\/no\/wp-json\/wp\/v2\/users\/1"}],"replies":[{"embeddable":true,"href":"https:\/\/babylove.se\/no\/wp-json\/wp\/v2\/comments?post=74906"}],"version-history":[{"count":2,"href":"https:\/\/babylove.se\/no\/wp-json\/wp\/v2\/pages\/74906\/revisions"}],"predecessor-version":[{"id":93975,"href":"https:\/\/babylove.se\/no\/wp-json\/wp\/v2\/pages\/74906\/revisions\/93975"}],"wp:attachment":[{"href":"https:\/\/babylove.se\/no\/wp-json\/wp\/v2\/media?parent=74906"}],"curies":[{"name":"wp","href":"https:\/\/api.w.org\/{rel}","templated":true}]}}