{"id":74940,"date":"2025-09-15T19:41:23","date_gmt":"2025-09-15T18:41:23","guid":{"rendered":"https:\/\/babylove.se\/?page_id=74940"},"modified":"2026-03-27T16:25:22","modified_gmt":"2026-03-27T15:25:22","slug":"om-oss","status":"publish","type":"page","link":"https:\/\/babylove.se\/no\/om-oss\/","title":{"rendered":"Om Oss"},"content":{"rendered":"<h3>Velkommen til Babylove.no!<\/h3>\n<div>\n<p>Babylove er et selskap som er skapt av kj\u00e6rlighet til barn.<\/p>\n<p>Babylove har eksistert siden 2015 og har siden starten hatt som m\u00e5l \u00e5 v\u00e6re den selvf\u00f8lgelige nettbutikken for familier med interesse for baby- og barnetilbeh\u00f8r. Hos babylove.se skal du kunne finne inspirasjon til alt som har med barn \u00e5 gj\u00f8re i fred og ro. Vi samarbeider med velkjente og trygge leverand\u00f8rer som er etablert i Skandinavia og resten av Europa. Vi arbeider utelukkende med h\u00e5ndlagde produkter og merker som st\u00e5r for h\u00f8y kvalitet. Vi bestreber oss ogs\u00e5 p\u00e5 \u00e5 jobbe med \u00f8kologiske produkter i skandinavisk stil.<\/p>\n<p>Det er ogs\u00e5 viktig for oss \u00e5 tilby en trygg og enkel handleopplevelse &#8211; du har alltid rett til \u00e5 returnere produktet til oss hvis du ikke er forn\u00f8yd med det. Vi streber alltid etter \u00e5 yte rask og god kundeservice, og alle medarbeiderne v\u00e5re er klar over og opptatt av dette!<\/p>\n<p>Velkommen til \u00e5 finne dine favorittprodukter i v\u00e5r nettbutikk, vi lover at du vil like det du finner hos oss.<\/p>\n<p>Vi har hovedkontor og et stort hovedlager i Stockholm\u00a0<\/p>\n<p>Vi samarbeider ogs\u00e5 med Nets, Vipps og Paypal, alt for \u00e5 gi deg som kunde en trygg og smidig handleopplevelse.<\/p>\n<p>F\u00f8lg oss gjerne p\u00e5 Instagram og Facebook for \u00e5 f\u00e5 inspirasjon og ta del av v\u00e5re nyheter og tilbud.<\/p>\n<p>Nok en gang hjertelig velkommen til Babylove<\/p>\n<p>Informasjon om selskapet:<\/p>\n<p>BABYLOVE NO<\/p>\n<p>Org:932 994 747<\/p>\n<p>Box 995<\/p>\n<p>162 50 V\u00c4LLINGBY<\/p>\n<p>Sverige<\/p>\n<\/div>\n<div>\n<p>    <iframe loading=\"lazy\" width=\"340\" height=\"500\" src=\"https:\/\/www.facebook.com\/plugins\/page.php?href=https%3A%2F%2Fwww.facebook.com%2FBabyloveSverige&amp;tabs=timeline&amp;width=340&amp;height=500&amp;small_header=true&amp;adapt_container_width=true&amp;hide_cover=false&amp;show_facepile=true&amp;appId\" frameborder=\"0\" scrolling=\"no\" style=\"border: currentColor; border-image: none; overflow: hidden;\" allowtransparency=\"true\"><\/iframe>\n<\/div>\n<p><!--more--><br \/>\n<!-- {\"type\":\"layout\",\"children\":[{\"type\":\"section\",\"props\":{\"image_position\":\"center-center\",\"padding\":\"small\",\"style\":\"default\",\"title_breakpoint\":\"xl\",\"title_position\":\"top-left\",\"title_rotation\":\"left\",\"vertical_align\":\"middle\",\"width\":\"xlarge\"},\"children\":[{\"type\":\"row\",\"children\":[{\"type\":\"column\",\"props\":{\"css\":\".el-column .uk-tile{\\n\\tpadding: clamp(40px, 15vw, 220px);\\n}\\n.el-column .uk-background-cover{\\n    -webkit-mask-image: url(\\\/wp-content\\\/uploads\\\/2025\\\/06\\\/mask-category.svg);\\n    mask-image: url(\\\/wp-content\\\/uploads\\\/2025\\\/06\\\/mask-category.svg);\\n    -webkit-mask-size: 100% 100%;\\n    mask-size: 100% 100%;\\n    -webkit-mask-repeat: round;\\n    mask-repeat: round;\\n    overflow: hidden;\\n}\",\"image\":\"wp-content\\\/uploads\\\/2025\\\/06\\\/category_resized.jpg\",\"image_position\":\"center-center\",\"image_size\":\"cover\",\"media_overlay_gradient\":\"linear-gradient(0deg, rgba(0, 0, 0, 0.25) 0%, rgba(0, 0, 0, 0.25) 100%), url(<path-to-image>) \",\"position_sticky_breakpoint\":\"m\",\"text_color\":\"light\"},\"children\":[{\"type\":\"headline\",\"props\":{\"css\":\".el-element{\\n\\tfont-size: clamp(32px, 9vw, 120px);\\n}\",\"text_align\":\"center\",\"title_element\":\"h1\",\"title_style\":\"heading-xlarge\"},\"source\":{\"query\":{\"name\":\"pages.singlePage\"},\"props\":{\"content\":{\"name\":\"title\"}}}}]}],\"props\":{\"height_viewport\":800}}],\"name\":\"Heading\"},{\"type\":\"section\",\"props\":{\"image_position\":\"center-center\",\"style\":\"default\",\"title_breakpoint\":\"xl\",\"title_position\":\"top-left\",\"title_rotation\":\"left\",\"vertical_align\":\"middle\",\"width\":\"default\"},\"children\":[{\"type\":\"row\",\"children\":[{\"type\":\"column\",\"props\":{\"image_position\":\"center-center\",\"position_sticky_breakpoint\":\"m\",\"width_medium\":\"3-5\"},\"children\":[{\"type\":\"headline\",\"props\":{\"content\":\"Velkommen til Babylove.no!\",\"title_element\":\"h3\"}},{\"type\":\"text\",\"props\":{\"column_breakpoint\":\"m\",\"content\":\"\n\n<p>Babylove er et selskap som er skapt av kj\\u00e6rlighet til barn.<\\\/p>\\n\n\n<p>Babylove har eksistert siden 2015 og har siden starten hatt som m\\u00e5l \\u00e5 v\\u00e6re den selvf\\u00f8lgelige nettbutikken for familier med interesse for baby- og barnetilbeh\\u00f8r. Hos babylove.se skal du kunne finne inspirasjon til alt som har med barn \\u00e5 gj\\u00f8re i fred og ro. Vi samarbeider med velkjente og trygge leverand\\u00f8rer som er etablert i Skandinavia og resten av Europa. Vi arbeider utelukkende med h\\u00e5ndlagde produkter og merker som st\\u00e5r for h\\u00f8y kvalitet. Vi bestreber oss ogs\\u00e5 p\\u00e5 \\u00e5 jobbe med \\u00f8kologiske produkter i skandinavisk stil.<\\\/p>\\n\n\n<p>Det er ogs\\u00e5 viktig for oss \\u00e5 tilby en trygg og enkel handleopplevelse - du har alltid rett til \\u00e5 returnere produktet til oss hvis du ikke er forn\\u00f8yd med det. Vi streber alltid etter \\u00e5 yte rask og god kundeservice, og alle medarbeiderne v\\u00e5re er klar over og opptatt av dette!<\\\/p>\\n\n\n<p>Velkommen til \\u00e5 finne dine favorittprodukter i v\\u00e5r nettbutikk, vi lover at du vil like det du finner hos oss.<\\\/p>\\n\n\n<p>Vi har hovedkontor og et stort hovedlager i Stockholm\\u00a0<\\\/p>\\n\n\n<p>Vi samarbeider ogs\\u00e5 med Nets, Vipps og Paypal, alt for \\u00e5 gi deg som kunde en trygg og smidig handleopplevelse.<\\\/p>\\n\n\n<p>F\\u00f8lg oss gjerne p\\u00e5 Instagram og Facebook for \\u00e5 f\\u00e5 inspirasjon og ta del av v\\u00e5re nyheter og tilbud.<\\\/p>\\n\n\n<p>Nok en gang hjertelig velkommen til Babylove<\\\/p>\\n\n\n<p>Informasjon om selskapet:<\\\/p>\\n\n\n<p>BABYLOVE NO<\\\/p>\\n\n\n<p>Org:932 994 747<\\\/p>\\n\n\n<p>Box 995<\\\/p>\\n\n\n<p>162 50 V\\u00c4LLINGBY<\\\/p>\\n\n\n<p>Sverige<\\\/p>\",\"margin\":\"default\"}}]},{\"type\":\"column\",\"props\":{\"image_position\":\"center-center\",\"position_sticky_breakpoint\":\"m\",\"vertical_align\":\"bottom\",\"width_medium\":\"2-5\"},\"children\":[{\"type\":\"html\",\"props\":{\"content\":\"<iframe width=\\\"340\\\" height=\\\"500\\\" src=\\\"https:\\\/\\\/www.facebook.com\\\/plugins\\\/page.php?href=https%3A%2F%2Fwww.facebook.com%2FBabyloveSverige&amp;tabs=timeline&amp;width=340&amp;height=500&amp;small_header=true&amp;adapt_container_width=true&amp;hide_cover=false&amp;show_facepile=true&amp;appId\\\" frameborder=\\\"0\\\" scrolling=\\\"no\\\" style=\\\"border: currentColor; border-image: none; overflow: hidden;\\\" allowtransparency=\\\"true\\\"><\\\/iframe>\"}}]}],\"props\":{\"layout\":\"3-5,2-5\"}},{\"type\":\"row\",\"children\":[{\"type\":\"column\",\"props\":{\"image_position\":\"center-center\",\"position_sticky_breakpoint\":\"m\"}}]}]}],\"version\":\"4.5.25\"} --><\/p>\n","protected":false},"excerpt":{"rendered":"<p>Velkommen til Babylove.no! Babylove er et selskap som er skapt av kj\u00e6rlighet til barn. Babylove har eksistert siden 2015 og har siden starten hatt som m\u00e5l \u00e5 v\u00e6re den selvf\u00f8lgelige nettbutikken for familier med interesse for baby- og barnetilbeh\u00f8r. Hos babylove.se skal du kunne finne inspirasjon til alt som har med barn \u00e5 gj\u00f8re i [&hellip;]<\/p>\n","protected":false},"author":1,"featured_media":0,"parent":0,"menu_order":0,"comment_status":"closed","ping_status":"closed","template":"","meta":{"_acf_changed":false,"editor_notices":[],"footnotes":""},"class_list":["post-74940","page","type-page","status-publish","hentry"],"acf":[],"yoast_head":"<!-- This site is optimized with the Yoast SEO Premium plugin v25.8 (Yoast SEO v27.2) - https:\/\/yoast.com\/product\/yoast-seo-premium-wordpress\/ -->\n<title>Om Oss - Babylove Norska<\/title>\n<meta name=\"robots\" content=\"noindex, follow, max-snippet:-1, max-image-preview:large, max-video-preview:-1\" \/>\n<meta property=\"og:locale\" content=\"nb_NO\" \/>\n<meta property=\"og:type\" content=\"article\" \/>\n<meta property=\"og:title\" content=\"Om Oss\" \/>\n<meta property=\"og:description\" content=\"Velkommen til Babylove.no! Babylove er et selskap som er skapt av kj\u00e6rlighet til barn. Babylove har eksistert siden 2015 og har siden starten hatt som m\u00e5l \u00e5 v\u00e6re den selvf\u00f8lgelige nettbutikken for familier med interesse for baby- og barnetilbeh\u00f8r. Hos babylove.se skal du kunne finne inspirasjon til alt som har med barn \u00e5 gj\u00f8re i [&hellip;]\" \/>\n<meta property=\"og:url\" content=\"https:\/\/babylove.se\/no\/om-oss\/\" \/>\n<meta property=\"og:site_name\" content=\"Babylove Norska\" \/>\n<meta property=\"article:modified_time\" content=\"2026-03-27T15:25:22+00:00\" \/>\n<meta name=\"twitter:card\" content=\"summary_large_image\" \/>\n<script type=\"application\/ld+json\" class=\"yoast-schema-graph\">{\"@context\":\"https:\/\/schema.org\",\"@graph\":[{\"@type\":\"WebPage\",\"@id\":\"https:\/\/babylove.se\/no\/om-oss\/\",\"url\":\"https:\/\/babylove.se\/no\/om-oss\/\",\"name\":\"Om Oss - Babylove Norska\",\"isPartOf\":{\"@id\":\"https:\/\/babylove.se\/no\/#website\"},\"datePublished\":\"2025-09-15T18:41:23+00:00\",\"dateModified\":\"2026-03-27T15:25:22+00:00\",\"breadcrumb\":{\"@id\":\"https:\/\/babylove.se\/no\/om-oss\/#breadcrumb\"},\"inLanguage\":\"nb-NO\",\"potentialAction\":[{\"@type\":\"ReadAction\",\"target\":[\"https:\/\/babylove.se\/no\/om-oss\/\"]}]},{\"@type\":\"BreadcrumbList\",\"@id\":\"https:\/\/babylove.se\/no\/om-oss\/#breadcrumb\",\"itemListElement\":[{\"@type\":\"ListItem\",\"position\":1,\"name\":\"Hem\",\"item\":\"https:\/\/babylove.se\/no\/\"},{\"@type\":\"ListItem\",\"position\":2,\"name\":\"Om Oss\"}]},{\"@type\":\"WebSite\",\"@id\":\"https:\/\/babylove.se\/no\/#website\",\"url\":\"https:\/\/babylove.se\/no\/\",\"name\":\"Babylove Norska\",\"description\":\"\",\"potentialAction\":[{\"@type\":\"SearchAction\",\"target\":{\"@type\":\"EntryPoint\",\"urlTemplate\":\"https:\/\/babylove.se\/no\/?s={search_term_string}\"},\"query-input\":{\"@type\":\"PropertyValueSpecification\",\"valueRequired\":true,\"valueName\":\"search_term_string\"}}],\"inLanguage\":\"nb-NO\"}]}<\/script>\n<!-- \/ Yoast SEO Premium plugin. -->","yoast_head_json":{"title":"Om Oss - Babylove Norska","robots":{"index":"noindex","follow":"follow","max-snippet":"max-snippet:-1","max-image-preview":"max-image-preview:large","max-video-preview":"max-video-preview:-1"},"og_locale":"nb_NO","og_type":"article","og_title":"Om Oss","og_description":"Velkommen til Babylove.no! Babylove er et selskap som er skapt av kj\u00e6rlighet til barn. Babylove har eksistert siden 2015 og har siden starten hatt som m\u00e5l \u00e5 v\u00e6re den selvf\u00f8lgelige nettbutikken for familier med interesse for baby- og barnetilbeh\u00f8r. Hos babylove.se skal du kunne finne inspirasjon til alt som har med barn \u00e5 gj\u00f8re i [&hellip;]","og_url":"https:\/\/babylove.se\/no\/om-oss\/","og_site_name":"Babylove Norska","article_modified_time":"2026-03-27T15:25:22+00:00","twitter_card":"summary_large_image","schema":{"@context":"https:\/\/schema.org","@graph":[{"@type":"WebPage","@id":"https:\/\/babylove.se\/no\/om-oss\/","url":"https:\/\/babylove.se\/no\/om-oss\/","name":"Om Oss - Babylove Norska","isPartOf":{"@id":"https:\/\/babylove.se\/no\/#website"},"datePublished":"2025-09-15T18:41:23+00:00","dateModified":"2026-03-27T15:25:22+00:00","breadcrumb":{"@id":"https:\/\/babylove.se\/no\/om-oss\/#breadcrumb"},"inLanguage":"nb-NO","potentialAction":[{"@type":"ReadAction","target":["https:\/\/babylove.se\/no\/om-oss\/"]}]},{"@type":"BreadcrumbList","@id":"https:\/\/babylove.se\/no\/om-oss\/#breadcrumb","itemListElement":[{"@type":"ListItem","position":1,"name":"Hem","item":"https:\/\/babylove.se\/no\/"},{"@type":"ListItem","position":2,"name":"Om Oss"}]},{"@type":"WebSite","@id":"https:\/\/babylove.se\/no\/#website","url":"https:\/\/babylove.se\/no\/","name":"Babylove Norska","description":"","potentialAction":[{"@type":"SearchAction","target":{"@type":"EntryPoint","urlTemplate":"https:\/\/babylove.se\/no\/?s={search_term_string}"},"query-input":{"@type":"PropertyValueSpecification","valueRequired":true,"valueName":"search_term_string"}}],"inLanguage":"nb-NO"}]}},"_links":{"self":[{"href":"https:\/\/babylove.se\/no\/wp-json\/wp\/v2\/pages\/74940","targetHints":{"allow":["GET"]}}],"collection":[{"href":"https:\/\/babylove.se\/no\/wp-json\/wp\/v2\/pages"}],"about":[{"href":"https:\/\/babylove.se\/no\/wp-json\/wp\/v2\/types\/page"}],"author":[{"embeddable":true,"href":"https:\/\/babylove.se\/no\/wp-json\/wp\/v2\/users\/1"}],"replies":[{"embeddable":true,"href":"https:\/\/babylove.se\/no\/wp-json\/wp\/v2\/comments?post=74940"}],"version-history":[{"count":1,"href":"https:\/\/babylove.se\/no\/wp-json\/wp\/v2\/pages\/74940\/revisions"}],"predecessor-version":[{"id":93974,"href":"https:\/\/babylove.se\/no\/wp-json\/wp\/v2\/pages\/74940\/revisions\/93974"}],"wp:attachment":[{"href":"https:\/\/babylove.se\/no\/wp-json\/wp\/v2\/media?parent=74940"}],"curies":[{"name":"wp","href":"https:\/\/api.w.org\/{rel}","templated":true}]}}