{"id":74952,"date":"2025-09-15T20:48:58","date_gmt":"2025-09-15T19:48:58","guid":{"rendered":"https:\/\/babylove.se\/?page_id=74952"},"modified":"2026-03-27T16:32:29","modified_gmt":"2026-03-27T15:32:29","slug":"returer-og-bytter","status":"publish","type":"page","link":"https:\/\/babylove.se\/no\/returer-og-bytter\/","title":{"rendered":"Returer og bytter"},"content":{"rendered":"<div>\n<p><span><strong>Gj\u00f8re en retur<\/strong><\/span><\/p>\n<p><span>Ble det ikke helt som du hadde tenkt deg? Ingen problem, vi har 14 dagers angrerett!<\/span><br \/><span>Kontakt oss p\u00e5 info@babylove.no og oppgi hva du \u00f8nsker \u00e5 returnere. Vi sender deg deretter en returetikett via e-post som du kan skrive ut. Fest deretter returetiketten p\u00e5 pakken og lever den inn hos ditt n\u00e6rmeste DHL, DB Schenker eller PostNord-ombud (avhengig av produktets vekt).<\/span><\/p>\n<p><span>Angreretten gjelder ikke for: allerede monterte m\u00f8bler, spesialproduserte produkter med navn.<\/span><\/p>\n<p><span><br \/>Vi tar en returfraktkostnad p\u00e5 79 kroner* som justeres n\u00e5r vi behandler returen din. Det tar cirka \u00e9n uke for en retur \u00e5 n\u00e5 oss og bli behandlet. Hvis du har valgt faktura, vil du f\u00e5 en korrigert faktura via e-post. Har du allerede betalt fakturaen din eller betalt med kort, vil Klarna kontakte deg ang\u00e5ende refusjon.<\/p>\n<p>Varer kan kun returneres i ubrukt stand, umontert og i originalemballasje. Dette gjelder b\u00e5de emballasje og originalforpakning fra produsenten. Du kan selvf\u00f8lgelig \u00e5pne produktet og unders\u00f8ke det, men vi anbefaler at du er forsiktig og sparer emballasjen til du vet om du vil beholde produktet.<\/span><\/p>\n<p><span>Ta gjerne kontakt med v\u00e5r kundeservice hvis du er usikker p\u00e5 returen din, s\u00e5 hjelper vi deg.<\/p>\n<p>*(gjelder ikke store produkter og produkter med hjemlevering, som f.eks. leketelt, saccosekk, kosebasseng, madrasser, sovebasseng eller m\u00f8bler \u2013 der vil kostnaden v\u00e6re h\u00f8yere).<\/span><\/p>\n<p><span><br \/><strong>Bytte av vare<br \/><\/strong>Hvis du \u00f8nsker \u00e5 bytte til en annen vare, vennligst legg inn en ny bestilling. Gj\u00f8r deretter en retur i henhold til ovenst\u00e5ende for varene du \u00f8nsker \u00e5 sende tilbake. Ved bytte dekker vi returfrakten*. Ikke n\u00f8l med \u00e5 kontakte oss hvis du har sp\u00f8rsm\u00e5l eller funderinger.<\/span><\/p>\n<p><span>*(gjelder ikke store produkter og produkter med hjemlevering, som f.eks. leketelt, saccosekk, kosebasseng, madrasser, senger, sovebasseng eller m\u00f8bler \u2013 der vil kostnaden v\u00e6re h\u00f8yere).<br \/><\/span><\/p>\n<\/div>\n<p><!--more--><br \/>\n<!-- {\"type\":\"layout\",\"children\":[{\"type\":\"section\",\"props\":{\"image_position\":\"center-center\",\"padding\":\"small\",\"style\":\"default\",\"title_breakpoint\":\"xl\",\"title_position\":\"top-left\",\"title_rotation\":\"left\",\"vertical_align\":\"middle\",\"width\":\"xlarge\"},\"children\":[{\"type\":\"row\",\"children\":[{\"type\":\"column\",\"props\":{\"css\":\".el-column .uk-tile{\\n\\tpadding: clamp(40px, 15vw, 220px);\\n}\\n.el-column .uk-background-cover{\\n    -webkit-mask-image: url(\\\/wp-content\\\/uploads\\\/2025\\\/06\\\/mask-category.svg);\\n    mask-image: url(\\\/wp-content\\\/uploads\\\/2025\\\/06\\\/mask-category.svg);\\n    -webkit-mask-size: 100% 100%;\\n    mask-size: 100% 100%;\\n    -webkit-mask-repeat: round;\\n    mask-repeat: round;\\n    overflow: hidden;\\n}\",\"image\":\"wp-content\\\/uploads\\\/2025\\\/06\\\/category_resized.jpg\",\"image_position\":\"center-center\",\"image_size\":\"cover\",\"media_overlay_gradient\":\"linear-gradient(0deg, rgba(0, 0, 0, 0.25) 0%, rgba(0, 0, 0, 0.25) 100%), url(<path-to-image>) \",\"position_sticky_breakpoint\":\"m\",\"text_color\":\"light\"},\"children\":[{\"type\":\"headline\",\"props\":{\"css\":\".el-element{\\n\\tfont-size: clamp(32px, 9vw, 100px);\\n}\",\"text_align\":\"center\",\"title_element\":\"h1\",\"title_style\":\"heading-large\"},\"source\":{\"query\":{\"name\":\"pages.singlePage\"},\"props\":{\"content\":{\"name\":\"title\"}}}}]}],\"props\":{\"height_viewport\":800}}],\"name\":\"Heading\"},{\"type\":\"section\",\"props\":{\"image_position\":\"center-center\",\"style\":\"default\",\"title_breakpoint\":\"xl\",\"title_position\":\"top-left\",\"title_rotation\":\"left\",\"vertical_align\":\"middle\",\"width\":\"default\"},\"children\":[{\"type\":\"row\",\"children\":[{\"type\":\"column\",\"props\":{\"image_position\":\"center-center\",\"position_sticky_breakpoint\":\"m\"},\"children\":[{\"type\":\"text\",\"props\":{\"column_breakpoint\":\"m\",\"content\":\"\n\n<p><span><strong>Gj\\u00f8re en retur<\\\/strong><\\\/span><\\\/p>\\n\n\n<p><span>Ble det ikke helt som du hadde tenkt deg? Ingen problem, vi har 14 dagers angrerett!<\\\/span><br \\\/><span>Kontakt oss p\\u00e5 info@babylove.no og oppgi hva du \\u00f8nsker \\u00e5 returnere. Vi sender deg deretter en returetikett via e-post som du kan skrive ut. Fest deretter returetiketten p\\u00e5 pakken og lever den inn hos ditt n\\u00e6rmeste DHL, DB Schenker eller PostNord-ombud (avhengig av produktets vekt).<\\\/span><\\\/p>\\n\n\n<p><span>Angreretten gjelder ikke for: allerede monterte m\\u00f8bler, spesialproduserte produkter med navn.<\\\/span><\\\/p>\\n\n\n<p><span><br \\\/>Vi tar en returfraktkostnad p\\u00e5 79 kroner* som justeres n\\u00e5r vi behandler returen din. Det tar cirka \\u00e9n uke for en retur \\u00e5 n\\u00e5 oss og bli behandlet. Hvis du har valgt faktura, vil du f\\u00e5 en korrigert faktura via e-post. Har du allerede betalt fakturaen din eller betalt med kort, vil Klarna kontakte deg ang\\u00e5ende refusjon.<br \\\/><br \\\/>Varer kan kun returneres i ubrukt stand, umontert og i originalemballasje. Dette gjelder b\\u00e5de emballasje og originalforpakning fra produsenten. Du kan selvf\\u00f8lgelig \\u00e5pne produktet og unders\\u00f8ke det, men vi anbefaler at du er forsiktig og sparer emballasjen til du vet om du vil beholde produktet.<\\\/span><\\\/p>\\n\n\n<p><span>Ta gjerne kontakt med v\\u00e5r kundeservice hvis du er usikker p\\u00e5 returen din, s\\u00e5 hjelper vi deg.<br \\\/><br \\\/>*(gjelder ikke store produkter og produkter med hjemlevering, som f.eks. leketelt, saccosekk, kosebasseng, madrasser, sovebasseng eller m\\u00f8bler \\u2013 der vil kostnaden v\\u00e6re h\\u00f8yere).<\\\/span><\\\/p>\\n\n\n<p><span><br \\\/><strong>Bytte av vare<br \\\/><\\\/strong>Hvis du \\u00f8nsker \\u00e5 bytte til en annen vare, vennligst legg inn en ny bestilling. Gj\\u00f8r deretter en retur i henhold til ovenst\\u00e5ende for varene du \\u00f8nsker \\u00e5 sende tilbake. Ved bytte dekker vi returfrakten*. Ikke n\\u00f8l med \\u00e5 kontakte oss hvis du har sp\\u00f8rsm\\u00e5l eller funderinger.<\\\/span><\\\/p>\\n\n\n<p><span>*(gjelder ikke store produkter og produkter med hjemlevering, som f.eks. leketelt, saccosekk, kosebasseng, madrasser, senger, sovebasseng eller m\\u00f8bler \\u2013 der vil kostnaden v\\u00e6re h\\u00f8yere).<br \\\/><\\\/span><\\\/p>\",\"margin\":\"default\"}}]}]}]}],\"version\":\"4.5.25\"} --><\/p>\n","protected":false},"excerpt":{"rendered":"<p>Gj\u00f8re en retur Ble det ikke helt som du hadde tenkt deg? Ingen problem, vi har 14 dagers angrerett!Kontakt oss p\u00e5 info@babylove.no og oppgi hva du \u00f8nsker \u00e5 returnere. Vi sender deg deretter en returetikett via e-post som du kan skrive ut. Fest deretter returetiketten p\u00e5 pakken og lever den inn hos ditt n\u00e6rmeste DHL, [&hellip;]<\/p>\n","protected":false},"author":1,"featured_media":0,"parent":0,"menu_order":0,"comment_status":"closed","ping_status":"closed","template":"","meta":{"_acf_changed":false,"editor_notices":[],"footnotes":""},"class_list":["post-74952","page","type-page","status-publish","hentry"],"acf":[],"yoast_head":"<!-- This site is optimized with the Yoast SEO Premium plugin v25.8 (Yoast SEO v27.2) - https:\/\/yoast.com\/product\/yoast-seo-premium-wordpress\/ -->\n<title>Returer og bytter - Babylove Norska<\/title>\n<meta name=\"robots\" content=\"noindex, follow, max-snippet:-1, max-image-preview:large, max-video-preview:-1\" \/>\n<meta property=\"og:locale\" content=\"nb_NO\" \/>\n<meta property=\"og:type\" content=\"article\" \/>\n<meta property=\"og:title\" content=\"Returer og bytter\" \/>\n<meta property=\"og:description\" content=\"Gj\u00f8re en retur Ble det ikke helt som du hadde tenkt deg? Ingen problem, vi har 14 dagers angrerett!Kontakt oss p\u00e5 info@babylove.no og oppgi hva du \u00f8nsker \u00e5 returnere. Vi sender deg deretter en returetikett via e-post som du kan skrive ut. Fest deretter returetiketten p\u00e5 pakken og lever den inn hos ditt n\u00e6rmeste DHL, [&hellip;]\" \/>\n<meta property=\"og:url\" content=\"https:\/\/babylove.se\/no\/returer-og-bytter\/\" \/>\n<meta property=\"og:site_name\" content=\"Babylove Norska\" \/>\n<meta property=\"article:modified_time\" content=\"2026-03-27T15:32:29+00:00\" \/>\n<meta name=\"twitter:card\" content=\"summary_large_image\" \/>\n<meta name=\"twitter:label1\" content=\"Ansl. lesetid\" \/>\n\t<meta name=\"twitter:data1\" content=\"2 minutter\" \/>\n<script type=\"application\/ld+json\" class=\"yoast-schema-graph\">{\"@context\":\"https:\/\/schema.org\",\"@graph\":[{\"@type\":\"WebPage\",\"@id\":\"https:\/\/babylove.se\/no\/returer-og-bytter\/\",\"url\":\"https:\/\/babylove.se\/no\/returer-og-bytter\/\",\"name\":\"Returer og bytter - Babylove Norska\",\"isPartOf\":{\"@id\":\"https:\/\/babylove.se\/no\/#website\"},\"datePublished\":\"2025-09-15T19:48:58+00:00\",\"dateModified\":\"2026-03-27T15:32:29+00:00\",\"breadcrumb\":{\"@id\":\"https:\/\/babylove.se\/no\/returer-og-bytter\/#breadcrumb\"},\"inLanguage\":\"nb-NO\",\"potentialAction\":[{\"@type\":\"ReadAction\",\"target\":[\"https:\/\/babylove.se\/no\/returer-og-bytter\/\"]}]},{\"@type\":\"BreadcrumbList\",\"@id\":\"https:\/\/babylove.se\/no\/returer-og-bytter\/#breadcrumb\",\"itemListElement\":[{\"@type\":\"ListItem\",\"position\":1,\"name\":\"Hem\",\"item\":\"https:\/\/babylove.se\/no\/\"},{\"@type\":\"ListItem\",\"position\":2,\"name\":\"Returer og bytter\"}]},{\"@type\":\"WebSite\",\"@id\":\"https:\/\/babylove.se\/no\/#website\",\"url\":\"https:\/\/babylove.se\/no\/\",\"name\":\"Babylove Norska\",\"description\":\"\",\"potentialAction\":[{\"@type\":\"SearchAction\",\"target\":{\"@type\":\"EntryPoint\",\"urlTemplate\":\"https:\/\/babylove.se\/no\/?s={search_term_string}\"},\"query-input\":{\"@type\":\"PropertyValueSpecification\",\"valueRequired\":true,\"valueName\":\"search_term_string\"}}],\"inLanguage\":\"nb-NO\"}]}<\/script>\n<!-- \/ Yoast SEO Premium plugin. -->","yoast_head_json":{"title":"Returer og bytter - Babylove Norska","robots":{"index":"noindex","follow":"follow","max-snippet":"max-snippet:-1","max-image-preview":"max-image-preview:large","max-video-preview":"max-video-preview:-1"},"og_locale":"nb_NO","og_type":"article","og_title":"Returer og bytter","og_description":"Gj\u00f8re en retur Ble det ikke helt som du hadde tenkt deg? Ingen problem, vi har 14 dagers angrerett!Kontakt oss p\u00e5 info@babylove.no og oppgi hva du \u00f8nsker \u00e5 returnere. Vi sender deg deretter en returetikett via e-post som du kan skrive ut. Fest deretter returetiketten p\u00e5 pakken og lever den inn hos ditt n\u00e6rmeste DHL, [&hellip;]","og_url":"https:\/\/babylove.se\/no\/returer-og-bytter\/","og_site_name":"Babylove Norska","article_modified_time":"2026-03-27T15:32:29+00:00","twitter_card":"summary_large_image","twitter_misc":{"Ansl. lesetid":"2 minutter"},"schema":{"@context":"https:\/\/schema.org","@graph":[{"@type":"WebPage","@id":"https:\/\/babylove.se\/no\/returer-og-bytter\/","url":"https:\/\/babylove.se\/no\/returer-og-bytter\/","name":"Returer og bytter - Babylove Norska","isPartOf":{"@id":"https:\/\/babylove.se\/no\/#website"},"datePublished":"2025-09-15T19:48:58+00:00","dateModified":"2026-03-27T15:32:29+00:00","breadcrumb":{"@id":"https:\/\/babylove.se\/no\/returer-og-bytter\/#breadcrumb"},"inLanguage":"nb-NO","potentialAction":[{"@type":"ReadAction","target":["https:\/\/babylove.se\/no\/returer-og-bytter\/"]}]},{"@type":"BreadcrumbList","@id":"https:\/\/babylove.se\/no\/returer-og-bytter\/#breadcrumb","itemListElement":[{"@type":"ListItem","position":1,"name":"Hem","item":"https:\/\/babylove.se\/no\/"},{"@type":"ListItem","position":2,"name":"Returer og bytter"}]},{"@type":"WebSite","@id":"https:\/\/babylove.se\/no\/#website","url":"https:\/\/babylove.se\/no\/","name":"Babylove Norska","description":"","potentialAction":[{"@type":"SearchAction","target":{"@type":"EntryPoint","urlTemplate":"https:\/\/babylove.se\/no\/?s={search_term_string}"},"query-input":{"@type":"PropertyValueSpecification","valueRequired":true,"valueName":"search_term_string"}}],"inLanguage":"nb-NO"}]}},"_links":{"self":[{"href":"https:\/\/babylove.se\/no\/wp-json\/wp\/v2\/pages\/74952","targetHints":{"allow":["GET"]}}],"collection":[{"href":"https:\/\/babylove.se\/no\/wp-json\/wp\/v2\/pages"}],"about":[{"href":"https:\/\/babylove.se\/no\/wp-json\/wp\/v2\/types\/page"}],"author":[{"embeddable":true,"href":"https:\/\/babylove.se\/no\/wp-json\/wp\/v2\/users\/1"}],"replies":[{"embeddable":true,"href":"https:\/\/babylove.se\/no\/wp-json\/wp\/v2\/comments?post=74952"}],"version-history":[{"count":2,"href":"https:\/\/babylove.se\/no\/wp-json\/wp\/v2\/pages\/74952\/revisions"}],"predecessor-version":[{"id":93976,"href":"https:\/\/babylove.se\/no\/wp-json\/wp\/v2\/pages\/74952\/revisions\/93976"}],"wp:attachment":[{"href":"https:\/\/babylove.se\/no\/wp-json\/wp\/v2\/media?parent=74952"}],"curies":[{"name":"wp","href":"https:\/\/api.w.org\/{rel}","templated":true}]}}