{"id":74957,"date":"2025-09-15T20:56:48","date_gmt":"2025-09-15T19:56:48","guid":{"rendered":"https:\/\/babylove.se\/?page_id=74957"},"modified":"2026-03-24T15:27:41","modified_gmt":"2026-03-24T14:27:41","slug":"brukte-senger-reservedeler","status":"publish","type":"page","link":"https:\/\/babylove.se\/no\/brukte-senger-reservedeler\/","title":{"rendered":"Brukte senger &#038; reservedeler"},"content":{"rendered":"<div>\n<p data-end=\"781\" data-start=\"364\">\ud83e\udd73 Vi blir s\u00e5 glade n\u00e5r produktene v\u00e5re finner et nytt hjem! Og vi elsker \u00e5 vite at de fortsetter \u00e5 spre glede \u2013 samtidig som vi gj\u00f8r v\u00e5r del for milj\u00f8et ved \u00e5 gi dem et nytt liv \ud83c\udf43<\/p>\n<p data-end=\"781\" data-start=\"364\"><strong data-end=\"397\" data-start=\"364\">Kundeservice og reklamasjoner<\/strong><br data-start=\"397\" data-end=\"400\" \/>Hos Babylove streber vi etter \u00e5 gi kundene v\u00e5re den beste servicen, enten du har kj\u00f8pt produktene v\u00e5re fra v\u00e5r offisielle nettbutikk eller fra et bruktmarked. Vi forst\u00e5r at behovet for reservedeler kan oppst\u00e5 selv etter at produktet har skiftet eier. Her finner du viktig informasjon om hva som gjelder n\u00e5r du har kj\u00f8pt en brukt seng eller andre produkter fra Babylove.<\/p>\n<p data-end=\"980\" data-start=\"783\"><strong data-end=\"803\" data-start=\"783\">Reservedeler<\/strong><br data-start=\"803\" data-end=\"806\" \/>For \u00e5 kunne kj\u00f8pe reservedeler fra Babylove til brukte produkter, m\u00e5 du kunne verifisere produktet. Her er stegene som trengs for at vi skal kunne hjelpe deg:<\/p>\n<ol data-end=\"1699\" data-start=\"982\">\n<li data-end=\"1227\" data-start=\"982\">\n<p data-end=\"1227\" data-start=\"985\"><strong data-end=\"1008\" data-start=\"985\">Produktverifisering \ud83c\udff7\ufe0f:<\/strong><br data-start=\"1008\" data-end=\"1011\" \/>For \u00e5 kunne bestille reservedeler m\u00e5 vi verifisere produktets opprinnelse. Dette kan du gj\u00f8re ved \u00e5 sende oss et bilde av kvitteringen fra det opprinnelige kj\u00f8pet (hvis tilgjengelig), eller ved \u00e5 oppgi for- og etternavn p\u00e5 personen som gjorde bestillingen hos oss.<\/p>\n<\/li>\n<li data-end=\"1486\" data-start=\"1229\">\n<p data-end=\"1486\" data-start=\"1232\"><strong data-end=\"1253\" data-start=\"1232\">Produktets tilstand \ud83d\udd28 :<\/strong><br data-start=\"1253\" data-end=\"1256\" \/>Senger og andre produkter m\u00e5 v\u00e6re i brukbar stand for at vi skal kunne tilby reservedeler. Vennligst merk at enkelte deler kan v\u00e6re modellspesifikke og kan kreve at du oppgir n\u00f8yaktig produktinformasjon.<\/p>\n<\/li>\n<li data-end=\"1699\" data-start=\"1488\">\n<p data-end=\"1699\" data-start=\"1491\"><strong data-end=\"1527\" data-start=\"1491\">Bestilling av reservedeler \ud83d\udce9 :<\/strong><br data-start=\"1527\" data-end=\"1530\" \/>N\u00e5r produktet er verifisert og vi har kontrollert at reservedeler er tilgjengelige for den aktuelle modellen, kan du legge inn en bestilling via v\u00e5r kundeservice p\u00e5 <span> <\/span>info@babylove.no.<\/p>\n<\/li>\n<\/ol>\n<\/div>\n<p><img decoding=\"async\" src=\"\/no\/wp-content\/uploads\/2025\/09\/underkategorier1.png\" alt=\"\"><\/p>\n<div>\n<p data-end=\"1866\" data-start=\"1701\"><strong data-end=\"1742\" data-start=\"1701\">Reklamasjoner for brukte produkter<\/strong><br data-start=\"1742\" data-end=\"1745\" \/><br \/>\nFor produkter som er kj\u00f8pt via bruktmarkedet gjelder andre regler enn for nykj\u00f8pte produkter. Her er det du trenger \u00e5 vite:<\/p>\n<ul data-end=\"2310\" data-start=\"1868\">\n<li data-end=\"2060\" data-start=\"1868\">\n<p data-end=\"2060\" data-start=\"1870\"><strong data-end=\"1883\" data-start=\"1870\">Garantien:<\/strong><br data-start=\"1883\" data-end=\"1886\" \/><br \/>\nGarantien gjelder kun for produkter som er kj\u00f8pt via v\u00e5re offisielle kanaler. For brukte produkter kan vi tilby begrenset service avhengig av produktets tilstand og alder.<\/p>\n<\/li>\n<li data-end=\"2310\" data-start=\"2062\">\n<p data-end=\"2310\" data-start=\"2064\"><strong data-end=\"2080\" data-start=\"2064\">Reklamasjon:<\/strong><br data-start=\"2080\" data-end=\"2083\" \/><br \/>\nDersom du opplever et problem med et brukt produkt, kan vi fortsatt bist\u00e5 deg, men det kan v\u00e6re n\u00f8dvendig at vi foretar en vurdering av produktets tilstand og om reklamasjonen gjelder opprinnelige produksjonsfeil eller ytre skader.<\/p>\n<\/li>\n<\/ul>\n<p data-end=\"2492\" data-start=\"2312\"><strong data-end=\"2328\" data-start=\"2312\">Kontakt oss<\/strong><br data-start=\"2328\" data-end=\"2331\" \/><br \/>\nHvis du har sp\u00f8rsm\u00e5l om brukte produkter eller trenger hjelp med \u00e5 bestille reservedeler, vennligst kontakt v\u00e5r kundeservice. Vi er her for \u00e5 hjelpe deg: info@babylove.no<\/p>\n<\/div>\n<p><!--more--><br \/>\n<!-- {\"type\":\"layout\",\"children\":[{\"type\":\"section\",\"props\":{\"image_position\":\"center-center\",\"padding\":\"small\",\"style\":\"default\",\"title_breakpoint\":\"xl\",\"title_position\":\"top-left\",\"title_rotation\":\"left\",\"vertical_align\":\"middle\",\"width\":\"xlarge\"},\"children\":[{\"type\":\"row\",\"children\":[{\"type\":\"column\",\"props\":{\"css\":\".el-column .uk-tile{\\n\\tpadding: clamp(40px, 15vw, 220px);\\n}\\n.el-column .uk-background-cover{\\n    -webkit-mask-image: url(\\\/wp-content\\\/uploads\\\/2025\\\/06\\\/mask-category.svg);\\n    mask-image: url(\\\/wp-content\\\/uploads\\\/2025\\\/06\\\/mask-category.svg);\\n    -webkit-mask-size: 100% 100%;\\n    mask-size: 100% 100%;\\n    -webkit-mask-repeat: round;\\n    mask-repeat: round;\\n    overflow: hidden;\\n}\",\"image\":\"wp-content\\\/uploads\\\/2025\\\/09\\\/underkategorier1.png\",\"image_position\":\"center-center\",\"image_size\":\"cover\",\"media_overlay_gradient\":\"linear-gradient(0deg, rgba(0, 0, 0, 0.25) 0%, rgba(0, 0, 0, 0.25) 100%), url(<path-to-image>) \",\"position_sticky_breakpoint\":\"m\",\"text_color\":\"light\"},\"children\":[{\"type\":\"headline\",\"props\":{\"css\":\".el-element{\\n\\tfont-size: clamp(32px, 9vw, 90px);\\n}\",\"text_align\":\"center\",\"title_element\":\"h1\",\"title_style\":\"heading-xlarge\"},\"source\":{\"query\":{\"name\":\"pages.singlePage\"},\"props\":{\"content\":{\"name\":\"title\"}}}}]}],\"props\":{\"height_viewport\":800}}],\"name\":\"Heading\"},{\"type\":\"section\",\"props\":{\"image_position\":\"center-center\",\"style\":\"default\",\"title_breakpoint\":\"xl\",\"title_position\":\"top-left\",\"title_rotation\":\"left\",\"vertical_align\":\"middle\",\"width\":\"default\"},\"children\":[{\"type\":\"row\",\"children\":[{\"type\":\"column\",\"props\":{\"image_position\":\"center-center\",\"position_sticky_breakpoint\":\"m\",\"width_medium\":\"3-5\"},\"children\":[{\"type\":\"text\",\"props\":{\"column_breakpoint\":\"m\",\"content\":\"\n\n<p data-end=\\\"781\\\" data-start=\\\"364\\\">\\ud83e\\udd73 Vi blir s\\u00e5 glade n\\u00e5r produktene v\\u00e5re finner et nytt hjem! Og vi elsker \\u00e5 vite at de fortsetter \\u00e5 spre glede \\u2013 samtidig som vi gj\\u00f8r v\\u00e5r del for milj\\u00f8et ved \\u00e5 gi dem et nytt liv \\ud83c\\udf43<\\\/p>\\n\n\n<p data-end=\\\"781\\\" data-start=\\\"364\\\"><strong data-end=\\\"397\\\" data-start=\\\"364\\\">Kundeservice og reklamasjoner<\\\/strong><br data-start=\\\"397\\\" data-end=\\\"400\\\" \\\/>Hos Babylove streber vi etter \\u00e5 gi kundene v\\u00e5re den beste servicen, enten du har kj\\u00f8pt produktene v\\u00e5re fra v\\u00e5r offisielle nettbutikk eller fra et bruktmarked. Vi forst\\u00e5r at behovet for reservedeler kan oppst\\u00e5 selv etter at produktet har skiftet eier. Her finner du viktig informasjon om hva som gjelder n\\u00e5r du har kj\\u00f8pt en brukt seng eller andre produkter fra Babylove.<\\\/p>\\n\n\n<p data-end=\\\"980\\\" data-start=\\\"783\\\"><strong data-end=\\\"803\\\" data-start=\\\"783\\\">Reservedeler<\\\/strong><br data-start=\\\"803\\\" data-end=\\\"806\\\" \\\/>For \\u00e5 kunne kj\\u00f8pe reservedeler fra Babylove til brukte produkter, m\\u00e5 du kunne verifisere produktet. Her er stegene som trengs for at vi skal kunne hjelpe deg:<\\\/p>\\n\n\n<ol data-end=\\\"1699\\\" data-start=\\\"982\\\">\\n\n\n<li data-end=\\\"1227\\\" data-start=\\\"982\\\">\\n\n\n<p data-end=\\\"1227\\\" data-start=\\\"985\\\"><strong data-end=\\\"1008\\\" data-start=\\\"985\\\">Produktverifisering \\ud83c\\udff7\\ufe0f:<\\\/strong><br data-start=\\\"1008\\\" data-end=\\\"1011\\\" \\\/>For \\u00e5 kunne bestille reservedeler m\\u00e5 vi verifisere produktets opprinnelse. Dette kan du gj\\u00f8re ved \\u00e5 sende oss et bilde av kvitteringen fra det opprinnelige kj\\u00f8pet (hvis tilgjengelig), eller ved \\u00e5 oppgi for- og etternavn p\\u00e5 personen som gjorde bestillingen hos oss.<\\\/p>\\n<\\\/li>\\n\n\n<li data-end=\\\"1486\\\" data-start=\\\"1229\\\">\\n\n\n<p data-end=\\\"1486\\\" data-start=\\\"1232\\\"><strong data-end=\\\"1253\\\" data-start=\\\"1232\\\">Produktets tilstand \\ud83d\\udd28 :<\\\/strong><br data-start=\\\"1253\\\" data-end=\\\"1256\\\" \\\/>Senger og andre produkter m\\u00e5 v\\u00e6re i brukbar stand for at vi skal kunne tilby reservedeler. Vennligst merk at enkelte deler kan v\\u00e6re modellspesifikke og kan kreve at du oppgir n\\u00f8yaktig produktinformasjon.<\\\/p>\\n<\\\/li>\\n\n\n<li data-end=\\\"1699\\\" data-start=\\\"1488\\\">\\n\n\n<p data-end=\\\"1699\\\" data-start=\\\"1491\\\"><strong data-end=\\\"1527\\\" data-start=\\\"1491\\\">Bestilling av reservedeler \\ud83d\\udce9 :<\\\/strong><br data-start=\\\"1527\\\" data-end=\\\"1530\\\" \\\/>N\\u00e5r produktet er verifisert og vi har kontrollert at reservedeler er tilgjengelige for den aktuelle modellen, kan du legge inn en bestilling via v\\u00e5r kundeservice p\\u00e5 <span> <\\\/span>info@babylove.no.<\\\/p>\\n<\\\/li>\\n<\\\/ol>\",\"margin\":\"default\"}}]},{\"type\":\"column\",\"props\":{\"image_position\":\"center-center\",\"position_sticky_breakpoint\":\"m\",\"width_medium\":\"2-5\"},\"children\":[{\"type\":\"image\",\"props\":{\"image\":\"wp-content\\\/uploads\\\/2025\\\/09\\\/underkategorier1.png\",\"image_svg_color\":\"emphasis\",\"margin\":\"default\"}}]}],\"props\":{\"layout\":\"3-5,2-5\"}},{\"type\":\"row\",\"children\":[{\"type\":\"column\",\"props\":{\"image_position\":\"center-center\",\"position_sticky_breakpoint\":\"m\"},\"children\":[{\"type\":\"text\",\"props\":{\"column_breakpoint\":\"m\",\"content\":\"\n\n<p data-end=\\\"1866\\\" data-start=\\\"1701\\\"><strong data-end=\\\"1742\\\" data-start=\\\"1701\\\">Reklamasjoner for brukte produkter<\\\/strong><br data-start=\\\"1742\\\" data-end=\\\"1745\\\" \\\/>\\nFor produkter som er kj\\u00f8pt via bruktmarkedet gjelder andre regler enn for nykj\\u00f8pte produkter. Her er det du trenger \\u00e5 vite:<\\\/p>\\n\\n\n\n<ul data-end=\\\"2310\\\" data-start=\\\"1868\\\">\\n\n\n<li data-end=\\\"2060\\\" data-start=\\\"1868\\\">\\n\n\n<p data-end=\\\"2060\\\" data-start=\\\"1870\\\"><strong data-end=\\\"1883\\\" data-start=\\\"1870\\\">Garantien:<\\\/strong><br data-start=\\\"1883\\\" data-end=\\\"1886\\\" \\\/>\\nGarantien gjelder kun for produkter som er kj\\u00f8pt via v\\u00e5re offisielle kanaler. For brukte produkter kan vi tilby begrenset service avhengig av produktets tilstand og alder.<\\\/p>\\n<\\\/li>\\n\\n\n\n<li data-end=\\\"2310\\\" data-start=\\\"2062\\\">\\n\n\n<p data-end=\\\"2310\\\" data-start=\\\"2064\\\"><strong data-end=\\\"2080\\\" data-start=\\\"2064\\\">Reklamasjon:<\\\/strong><br data-start=\\\"2080\\\" data-end=\\\"2083\\\" \\\/>\\nDersom du opplever et problem med et brukt produkt, kan vi fortsatt bist\\u00e5 deg, men det kan v\\u00e6re n\\u00f8dvendig at vi foretar en vurdering av produktets tilstand og om reklamasjonen gjelder opprinnelige produksjonsfeil eller ytre skader.<\\\/p>\\n<\\\/li>\\n<\\\/ul>\\n\\n\n\n<p data-end=\\\"2492\\\" data-start=\\\"2312\\\"><strong data-end=\\\"2328\\\" data-start=\\\"2312\\\">Kontakt oss<\\\/strong><br data-start=\\\"2328\\\" data-end=\\\"2331\\\" \\\/>\\nHvis du har sp\\u00f8rsm\\u00e5l om brukte produkter eller trenger hjelp med \\u00e5 bestille reservedeler, vennligst kontakt v\\u00e5r kundeservice. Vi er her for \\u00e5 hjelpe deg: info@babylove.no<\\\/p>\",\"margin\":\"default\"}}]}]}]}],\"version\":\"4.5.25\"} --><\/p>\n","protected":false},"excerpt":{"rendered":"<p>\ud83e\udd73 Vi blir s\u00e5 glade n\u00e5r produktene v\u00e5re finner et nytt hjem! Og vi elsker \u00e5 vite at de fortsetter \u00e5 spre glede \u2013 samtidig som vi gj\u00f8r v\u00e5r del for milj\u00f8et ved \u00e5 gi dem et nytt liv \ud83c\udf43 Kundeservice og reklamasjonerHos Babylove streber vi etter \u00e5 gi kundene v\u00e5re den beste servicen, enten [&hellip;]<\/p>\n","protected":false},"author":1,"featured_media":0,"parent":0,"menu_order":0,"comment_status":"closed","ping_status":"closed","template":"","meta":{"_acf_changed":false,"editor_notices":[],"footnotes":""},"class_list":["post-74957","page","type-page","status-publish","hentry"],"acf":[],"yoast_head":"<!-- This site is optimized with the Yoast SEO Premium plugin v25.8 (Yoast SEO v27.2) - https:\/\/yoast.com\/product\/yoast-seo-premium-wordpress\/ -->\n<title>Brukte senger &amp; reservedeler - Babylove Norska<\/title>\n<meta name=\"robots\" content=\"noindex, follow, max-snippet:-1, max-image-preview:large, max-video-preview:-1\" \/>\n<meta property=\"og:locale\" content=\"nb_NO\" \/>\n<meta property=\"og:type\" content=\"article\" \/>\n<meta property=\"og:title\" content=\"Brukte senger &amp; reservedeler\" \/>\n<meta property=\"og:description\" content=\"\ud83e\udd73 Vi blir s\u00e5 glade n\u00e5r produktene v\u00e5re finner et nytt hjem! Og vi elsker \u00e5 vite at de fortsetter \u00e5 spre glede \u2013 samtidig som vi gj\u00f8r v\u00e5r del for milj\u00f8et ved \u00e5 gi dem et nytt liv \ud83c\udf43 Kundeservice og reklamasjonerHos Babylove streber vi etter \u00e5 gi kundene v\u00e5re den beste servicen, enten [&hellip;]\" \/>\n<meta property=\"og:url\" content=\"https:\/\/babylove.se\/no\/brukte-senger-reservedeler\/\" \/>\n<meta property=\"og:site_name\" content=\"Babylove Norska\" \/>\n<meta property=\"article:modified_time\" content=\"2026-03-24T14:27:41+00:00\" \/>\n<meta name=\"twitter:card\" content=\"summary_large_image\" \/>\n<meta name=\"twitter:label1\" content=\"Ansl. lesetid\" \/>\n\t<meta name=\"twitter:data1\" content=\"3 minutter\" \/>\n<script type=\"application\/ld+json\" class=\"yoast-schema-graph\">{\"@context\":\"https:\/\/schema.org\",\"@graph\":[{\"@type\":\"WebPage\",\"@id\":\"https:\/\/babylove.se\/no\/brukte-senger-reservedeler\/\",\"url\":\"https:\/\/babylove.se\/no\/brukte-senger-reservedeler\/\",\"name\":\"Brukte senger & reservedeler - Babylove Norska\",\"isPartOf\":{\"@id\":\"https:\/\/babylove.se\/no\/#website\"},\"datePublished\":\"2025-09-15T19:56:48+00:00\",\"dateModified\":\"2026-03-24T14:27:41+00:00\",\"breadcrumb\":{\"@id\":\"https:\/\/babylove.se\/no\/brukte-senger-reservedeler\/#breadcrumb\"},\"inLanguage\":\"nb-NO\",\"potentialAction\":[{\"@type\":\"ReadAction\",\"target\":[\"https:\/\/babylove.se\/no\/brukte-senger-reservedeler\/\"]}]},{\"@type\":\"BreadcrumbList\",\"@id\":\"https:\/\/babylove.se\/no\/brukte-senger-reservedeler\/#breadcrumb\",\"itemListElement\":[{\"@type\":\"ListItem\",\"position\":1,\"name\":\"Hem\",\"item\":\"https:\/\/babylove.se\/no\/\"},{\"@type\":\"ListItem\",\"position\":2,\"name\":\"Brukte senger &#038; reservedeler\"}]},{\"@type\":\"WebSite\",\"@id\":\"https:\/\/babylove.se\/no\/#website\",\"url\":\"https:\/\/babylove.se\/no\/\",\"name\":\"Babylove Norska\",\"description\":\"\",\"potentialAction\":[{\"@type\":\"SearchAction\",\"target\":{\"@type\":\"EntryPoint\",\"urlTemplate\":\"https:\/\/babylove.se\/no\/?s={search_term_string}\"},\"query-input\":{\"@type\":\"PropertyValueSpecification\",\"valueRequired\":true,\"valueName\":\"search_term_string\"}}],\"inLanguage\":\"nb-NO\"}]}<\/script>\n<!-- \/ Yoast SEO Premium plugin. -->","yoast_head_json":{"title":"Brukte senger & reservedeler - Babylove Norska","robots":{"index":"noindex","follow":"follow","max-snippet":"max-snippet:-1","max-image-preview":"max-image-preview:large","max-video-preview":"max-video-preview:-1"},"og_locale":"nb_NO","og_type":"article","og_title":"Brukte senger & reservedeler","og_description":"\ud83e\udd73 Vi blir s\u00e5 glade n\u00e5r produktene v\u00e5re finner et nytt hjem! Og vi elsker \u00e5 vite at de fortsetter \u00e5 spre glede \u2013 samtidig som vi gj\u00f8r v\u00e5r del for milj\u00f8et ved \u00e5 gi dem et nytt liv \ud83c\udf43 Kundeservice og reklamasjonerHos Babylove streber vi etter \u00e5 gi kundene v\u00e5re den beste servicen, enten [&hellip;]","og_url":"https:\/\/babylove.se\/no\/brukte-senger-reservedeler\/","og_site_name":"Babylove Norska","article_modified_time":"2026-03-24T14:27:41+00:00","twitter_card":"summary_large_image","twitter_misc":{"Ansl. lesetid":"3 minutter"},"schema":{"@context":"https:\/\/schema.org","@graph":[{"@type":"WebPage","@id":"https:\/\/babylove.se\/no\/brukte-senger-reservedeler\/","url":"https:\/\/babylove.se\/no\/brukte-senger-reservedeler\/","name":"Brukte senger & reservedeler - Babylove Norska","isPartOf":{"@id":"https:\/\/babylove.se\/no\/#website"},"datePublished":"2025-09-15T19:56:48+00:00","dateModified":"2026-03-24T14:27:41+00:00","breadcrumb":{"@id":"https:\/\/babylove.se\/no\/brukte-senger-reservedeler\/#breadcrumb"},"inLanguage":"nb-NO","potentialAction":[{"@type":"ReadAction","target":["https:\/\/babylove.se\/no\/brukte-senger-reservedeler\/"]}]},{"@type":"BreadcrumbList","@id":"https:\/\/babylove.se\/no\/brukte-senger-reservedeler\/#breadcrumb","itemListElement":[{"@type":"ListItem","position":1,"name":"Hem","item":"https:\/\/babylove.se\/no\/"},{"@type":"ListItem","position":2,"name":"Brukte senger &#038; reservedeler"}]},{"@type":"WebSite","@id":"https:\/\/babylove.se\/no\/#website","url":"https:\/\/babylove.se\/no\/","name":"Babylove Norska","description":"","potentialAction":[{"@type":"SearchAction","target":{"@type":"EntryPoint","urlTemplate":"https:\/\/babylove.se\/no\/?s={search_term_string}"},"query-input":{"@type":"PropertyValueSpecification","valueRequired":true,"valueName":"search_term_string"}}],"inLanguage":"nb-NO"}]}},"_links":{"self":[{"href":"https:\/\/babylove.se\/no\/wp-json\/wp\/v2\/pages\/74957","targetHints":{"allow":["GET"]}}],"collection":[{"href":"https:\/\/babylove.se\/no\/wp-json\/wp\/v2\/pages"}],"about":[{"href":"https:\/\/babylove.se\/no\/wp-json\/wp\/v2\/types\/page"}],"author":[{"embeddable":true,"href":"https:\/\/babylove.se\/no\/wp-json\/wp\/v2\/users\/1"}],"replies":[{"embeddable":true,"href":"https:\/\/babylove.se\/no\/wp-json\/wp\/v2\/comments?post=74957"}],"version-history":[{"count":3,"href":"https:\/\/babylove.se\/no\/wp-json\/wp\/v2\/pages\/74957\/revisions"}],"predecessor-version":[{"id":93961,"href":"https:\/\/babylove.se\/no\/wp-json\/wp\/v2\/pages\/74957\/revisions\/93961"}],"wp:attachment":[{"href":"https:\/\/babylove.se\/no\/wp-json\/wp\/v2\/media?parent=74957"}],"curies":[{"name":"wp","href":"https:\/\/api.w.org\/{rel}","templated":true}]}}