{"id":74964,"date":"2025-09-15T21:02:58","date_gmt":"2025-09-15T20:02:58","guid":{"rendered":"https:\/\/babylove.se\/?page_id=74964"},"modified":"2026-03-30T13:30:29","modified_gmt":"2026-03-30T12:30:29","slug":"faq","status":"publish","type":"page","link":"https:\/\/babylove.se\/no\/faq\/","title":{"rendered":"FAQ"},"content":{"rendered":"<ul>\n<li>\n<h3>HVOR LANG ER LEVERINGSTIDEN?<\/h3>\n<div>\n<p><span>Svar: Vanligvis sender vi lagervarer innen 24 timer dersom ikke annet er oppgitt i leveringsinformasjonen p\u00e5 produktbeskrivelsen. Informasjon om produktets individuelle leveringstid finner du i produktbeskrivelsen. <\/p>\n<p>Du vil f\u00e5 en automatisk e-post fra oss s\u00e5 snart bestillingen din er p\u00e5 vei til deg.<\/span><\/p>\n<\/div>\n<\/li>\n<li>\n<h3>F\u00c5R JEG EN ORDREBEKREFTELSE?<\/h3>\n<div>\n<p>Svar: Vi sender alltid en ordrebekreftelse til oppgitt e-postadresse, dette skjer automatisk. Noen ganger kan det imidlertid hende at e-postadressen er stavet feil, og vi har ikke et system for \u00e5 oppdage dette. I noen tilfeller havner ogs\u00e5 ordrebekreftelsen i s\u00f8ppelposten, siden det er en automatisk generert e-post, s\u00e5 sjekk gjerne der f\u00f8rst. Hvis du fortsatt mangler den, send oss en e-post p\u00e5 info@babylove.no med navnet (for- og etternavn) p\u00e5 personen bestillingen er gjort p\u00e5.<\/p>\n<\/div>\n<\/li>\n<li>\n<h3>HVA ER FRAKTKOSTNADEN?<\/h3>\n<div>Svar:  Fraktkostnad avhenger av postnummeret ditt. Legg produktet i handlekurven og oppgi postnummeret ditt for \u00e5 se fraktkostnaden til adressen din. Vi er stolte av \u00e5 tilby en smidig og kostnadseffektiv l\u00f8sning for v\u00e5re kunder. Noen av produktene v\u00e5re sendes direkte fra fabrikkene v\u00e5re i EU, noe som betyr at det ikke p\u00e5l\u00f8per ekstra toll- eller fraktkostnader for deg som kunde. Som et norskregistrert selskap tar vi fullt ansvar for all import, toll og moms, noe som gj\u00f8r kj\u00f8psopplevelsen din s\u00e5 enkel og bekymringsfri som mulig.<\/div>\n<\/li>\n<li>\n<h3>HVILKE BETALINGSMETODER HAR DERE?<\/h3>\n<div>Svar: Vi tilbyr betaling via Nets checkout (faktura og debetkort) samt Vipps og Paypal Checkout.<\/div>\n<\/li>\n<li>\n<h3>HVOR ER PAKKEN MIN?<\/h3>\n<div>Svar: Vennligst se i spam-filteret der sporingslenken kan havne, da den sendes som en automatisk e-post.<\/div>\n<\/li>\n<li>\n<h3>HVORDAN KAN JEG KONTAKTE DERE?<\/h3>\n<div>Svar: Via e-post  eller via kontaktskjema: Via e-post info@babylove.no eller via kontaktskjema. Vi svarer innen 48 timer.<\/p>\n<\/div>\n<\/li>\n<li>\n<h3>KAN JEG AVBESTILLE BESTILLINGEN MIN?<\/h3>\n<div>Vi behandler bestillingen din s\u00e5 snart vi mottar den, slik at varene dine kan leveres s\u00e5 raskt som mulig, selv om varene ikke er p\u00e5 lager (ved forh\u00e5ndsbestillinger), kan vi ikke garantere at vi kan kansellere bestillingen din hos produsenten. Ta kontakt med oss s\u00e5 snart som mulig p\u00e5 info@babylove.no, s\u00e5 tar vi kontakt med deg<\/p>\n<\/div>\n<\/li>\n<li>\n<h3>JEG HAR MOTTATT EN SKADET PAKKE, HVA SKAL JEG GJ\u00d8RE?<\/h3>\n<div>\n<p>Svar: Synlige transportskader p\u00e5 en pakke meldes direkte til transport\u00f8ren\/ombudet. Informer post- eller distribusjonsagenten om at pakken er skadet, slik at skaden blir notert p\u00e5 f\u00f8lgeseddelen og registrert i transport\u00f8rens system. Ta deretter kontakt med oss p\u00e5 info@babylove.no og send et bilde av den skadede varen og den skadede emballasjen.<\/p>\n<p>Ettersom barns sikkerhet er v\u00e5rt felles hovedfokus, skal forbrukere aldri montere eller bruke defekte varer f\u00f8r de har f\u00e5tt tillatelse til det. Vi ber deg derfor om \u00e5 vente med montering\/bruk av produktet til vi har hatt tid til \u00e5 behandle saken din, da vi ikke kan garantere at en reklamasjon kan godkjennes n\u00e5r produktet er montert.<\/p>\n<\/div>\n<\/li>\n<li>\n<h3>VARENE JEG MOTTOK ER SKADET, HVA SKAL JEG GJ\u00d8RE?<\/h3>\n<div>\n<p>Svar: Hvis varene er skadet, m\u00e5 du ta vare p\u00e5 b\u00e5de varene og all emballasje. Hvis det er synlige skader p\u00e5 pakken, skal dette meldes til ombudet som beskrevet ovenfor. Deretter m\u00e5 vi motta en e-post med bilde av den skadede varen og eventuell skadet emballasje. Send den til info@babylove.no for h\u00e5ndtering.<\/p>\n<p>Ettersom barns sikkerhet er v\u00e5rt felles hovedfokus, skal forbrukere aldri montere eller bruke defekte varer f\u00f8r de har mottatt en godkjenning for dette. Vi ber deg derfor vente med montering\/bruk av produktet til vi har hatt tid til \u00e5 behandle saken din. Vi kan ikke garantere at en reklamasjon kan godkjennes n\u00e5r produktet er montert.<\/p>\n<\/div>\n<\/li>\n<li>\n<h3>HVA GJ\u00d8R JEG HVIS JEG IKKE ER FORN\u00d8YD MED VAREN?<\/h3>\n<div>\n<p>Svar: Kontakt oss p\u00e5 info@babylove.no . Som kunde har du rett til \u00e5 returnere produktet til oss innen 14 dager i ubrukt emballasje*. Vi sender deg en returfraktseddel p\u00e5 foresp\u00f8rsel, og kostnaden for denne betales av deg som kunde. Vi tar en returfraktkostnad p\u00e5 100 kr*<\/p>\n<p>(*gjelder ikke store produkter som ballhav og produkter med hjemlevering som leketelt, sekkeposer, kosedyr, sovepytter eller m\u00f8bler, der kostnaden vanligvis er h\u00f8yere). *Gjelder ikke bestillingsvarer som er skreddersydd spesielt for deg eller har et tydelig personlig preg etter dine \u00f8nsker (f.eks. ballhav, tapet, senger, kanindukke med navn, vegghylle med navn, bokstavlamper, kaninm\u00f8bler, hussenger eller andre produkter med spesialbestilte m\u00e5l, farger eller tilpasninger).<\/p>\n<p>sjekk tegnsetting<\/p>\n<\/div>\n<\/li>\n<\/ul>\n<p><!--more--><br \/>\n<!-- {\"type\":\"layout\",\"children\":[{\"type\":\"section\",\"props\":{\"image_position\":\"center-center\",\"padding\":\"small\",\"style\":\"default\",\"title_breakpoint\":\"xl\",\"title_position\":\"top-left\",\"title_rotation\":\"left\",\"vertical_align\":\"middle\",\"width\":\"xlarge\"},\"children\":[{\"type\":\"row\",\"children\":[{\"type\":\"column\",\"props\":{\"css\":\".el-column .uk-tile{\\n\\tpadding: clamp(40px, 15vw, 220px);\\n}\\n.el-column .uk-background-cover{\\n    -webkit-mask-image: url(\\\/wp-content\\\/uploads\\\/2025\\\/06\\\/mask-category.svg);\\n    mask-image: url(\\\/wp-content\\\/uploads\\\/2025\\\/06\\\/mask-category.svg);\\n    -webkit-mask-size: 100% 100%;\\n    mask-size: 100% 100%;\\n    -webkit-mask-repeat: round;\\n    mask-repeat: round;\\n    overflow: hidden;\\n}\",\"image\":\"wp-content\\\/uploads\\\/2025\\\/06\\\/category_resized.jpg\",\"image_position\":\"center-center\",\"image_size\":\"cover\",\"media_overlay_gradient\":\"linear-gradient(0deg, rgba(0, 0, 0, 0.25) 0%, rgba(0, 0, 0, 0.25) 100%), url(<path-to-image>) \",\"position_sticky_breakpoint\":\"m\",\"text_color\":\"light\"},\"children\":[{\"type\":\"headline\",\"props\":{\"css\":\".el-element{\\n\\tfont-size: clamp(32px, 9vw, 100px);\\n}\",\"text_align\":\"center\",\"title_element\":\"h1\",\"title_style\":\"heading-xlarge\"},\"source\":{\"query\":{\"name\":\"pages.singlePage\"},\"props\":{\"content\":{\"name\":\"title\"}}}}]}],\"props\":{\"height_viewport\":800}}],\"name\":\"Heading\"},{\"type\":\"section\",\"props\":{\"image_position\":\"center-center\",\"style\":\"default\",\"title_breakpoint\":\"xl\",\"title_position\":\"top-left\",\"title_rotation\":\"left\",\"vertical_align\":\"middle\",\"width\":\"default\"},\"children\":[{\"type\":\"row\",\"children\":[{\"type\":\"column\",\"props\":{\"image_position\":\"center-center\",\"position_sticky_breakpoint\":\"m\"},\"children\":[{\"type\":\"accordion\",\"props\":{\"collapsible\":false,\"content_column_breakpoint\":\"m\",\"image_align\":\"top\",\"image_grid_breakpoint\":\"m\",\"image_grid_width\":\"1-2\",\"image_svg_color\":\"emphasis\",\"link_style\":\"default\",\"link_text\":\"Read more\",\"multiple\":true,\"show_image\":true,\"show_link\":true},\"children\":[{\"type\":\"accordion_item\",\"props\":{\"content\":\"\n\n<p><span>Svar: Vanligvis sender vi lagervarer innen 24 timer dersom ikke annet er oppgitt i leveringsinformasjonen p\\u00e5 produktbeskrivelsen. Informasjon om produktets individuelle leveringstid finner du i produktbeskrivelsen. \\n\\nDu vil f\\u00e5 en automatisk e-post fra oss s\\u00e5 snart bestillingen din er p\\u00e5 vei til deg.<\\\/span><\\\/p>\",\"title\":\"HVOR LANG ER LEVERINGSTIDEN?\"}},{\"type\":\"accordion_item\",\"props\":{\"content\":\"\n\n<p>Svar: Vi sender alltid en ordrebekreftelse til oppgitt e-postadresse, dette skjer automatisk. Noen ganger kan det imidlertid hende at e-postadressen er stavet feil, og vi har ikke et system for \\u00e5 oppdage dette. I noen tilfeller havner ogs\\u00e5 ordrebekreftelsen i s\\u00f8ppelposten, siden det er en automatisk generert e-post, s\\u00e5 sjekk gjerne der f\\u00f8rst. Hvis du fortsatt mangler den, send oss en e-post p\\u00e5 info@babylove.no med navnet (for- og etternavn) p\\u00e5 personen bestillingen er gjort p\\u00e5.<\\\/p>\",\"title\":\"F\\u00c5R JEG EN ORDREBEKREFTELSE?\"}},{\"type\":\"accordion_item\",\"props\":{\"content\":\"Svar:  Fraktkostnad avhenger av postnummeret ditt. Legg produktet i handlekurven og oppgi postnummeret ditt for \\u00e5 se fraktkostnaden til adressen din. Vi er stolte av \\u00e5 tilby en smidig og kostnadseffektiv l\\u00f8sning for v\\u00e5re kunder. Noen av produktene v\\u00e5re sendes direkte fra fabrikkene v\\u00e5re i EU, noe som betyr at det ikke p\\u00e5l\\u00f8per ekstra toll- eller fraktkostnader for deg som kunde. Som et norskregistrert selskap tar vi fullt ansvar for all import, toll og moms, noe som gj\\u00f8r kj\\u00f8psopplevelsen din s\\u00e5 enkel og bekymringsfri som mulig.\",\"title\":\"HVA ER FRAKTKOSTNADEN?\"}},{\"type\":\"accordion_item\",\"props\":{\"content\":\"Svar: Vi tilbyr betaling via Nets checkout (faktura og debetkort) samt Vipps og Paypal Checkout.\",\"title\":\"HVILKE BETALINGSMETODER HAR DERE?\"}},{\"type\":\"accordion_item\",\"props\":{\"content\":\"Svar: Vennligst se i spam-filteret der sporingslenken kan havne, da den sendes som en automatisk e-post.\",\"title\":\"HVOR ER PAKKEN MIN?\"}},{\"type\":\"accordion_item\",\"props\":{\"content\":\"Svar: Via e-post  eller via kontaktskjema: Via e-post info@babylove.no eller via kontaktskjema. Vi svarer innen 48 timer.\\n\\n\",\"title\":\"HVORDAN KAN JEG KONTAKTE DERE?\"}},{\"type\":\"accordion_item\",\"props\":{\"content\":\"Vi behandler bestillingen din s\\u00e5 snart vi mottar den, slik at varene dine kan leveres s\\u00e5 raskt som mulig, selv om varene ikke er p\\u00e5 lager (ved forh\\u00e5ndsbestillinger), kan vi ikke garantere at vi kan kansellere bestillingen din hos produsenten. Ta kontakt med oss s\\u00e5 snart som mulig p\\u00e5 info@babylove.no, s\\u00e5 tar vi kontakt med deg\\n\\n\",\"title\":\"KAN JEG AVBESTILLE BESTILLINGEN MIN?\"}},{\"type\":\"accordion_item\",\"props\":{\"content\":\"\n\n<p>Svar: Synlige transportskader p\\u00e5 en pakke meldes direkte til transport\\u00f8ren\\\/ombudet. Informer post- eller distribusjonsagenten om at pakken er skadet, slik at skaden blir notert p\\u00e5 f\\u00f8lgeseddelen og registrert i transport\\u00f8rens system. Ta deretter kontakt med oss p\\u00e5 info@babylove.no og send et bilde av den skadede varen og den skadede emballasjen.<\\\/p>\\n\n\n<p>Ettersom barns sikkerhet er v\\u00e5rt felles hovedfokus, skal forbrukere aldri montere eller bruke defekte varer f\\u00f8r de har f\\u00e5tt tillatelse til det. Vi ber deg derfor om \\u00e5 vente med montering\\\/bruk av produktet til vi har hatt tid til \\u00e5 behandle saken din, da vi ikke kan garantere at en reklamasjon kan godkjennes n\\u00e5r produktet er montert.<\\\/p>\",\"title\":\"JEG HAR MOTTATT EN SKADET PAKKE, HVA SKAL JEG GJ\\u00d8RE?\"}},{\"type\":\"accordion_item\",\"props\":{\"content\":\"\n\n<p>Svar: Hvis varene er skadet, m\\u00e5 du ta vare p\\u00e5 b\\u00e5de varene og all emballasje. Hvis det er synlige skader p\\u00e5 pakken, skal dette meldes til ombudet som beskrevet ovenfor. Deretter m\\u00e5 vi motta en e-post med bilde av den skadede varen og eventuell skadet emballasje. Send den til info@babylove.no for h\\u00e5ndtering.<\\\/p>\\n\n\n<p>Ettersom barns sikkerhet er v\\u00e5rt felles hovedfokus, skal forbrukere aldri montere eller bruke defekte varer f\\u00f8r de har mottatt en godkjenning for dette. Vi ber deg derfor vente med montering\\\/bruk av produktet til vi har hatt tid til \\u00e5 behandle saken din. Vi kan ikke garantere at en reklamasjon kan godkjennes n\\u00e5r produktet er montert.<\\\/p>\",\"title\":\"VARENE JEG MOTTOK ER SKADET, HVA SKAL JEG GJ\\u00d8RE?\"}},{\"type\":\"accordion_item\",\"props\":{\"content\":\"\n\n<p>Svar: Kontakt oss p\\u00e5 info@babylove.no . Som kunde har du rett til \\u00e5 returnere produktet til oss innen 14 dager i ubrukt emballasje*. Vi sender deg en returfraktseddel p\\u00e5 foresp\\u00f8rsel, og kostnaden for denne betales av deg som kunde. Vi tar en returfraktkostnad p\\u00e5 100 kr*<\\\/p>\\n\n\n<p>(*gjelder ikke store produkter som ballhav og produkter med hjemlevering som leketelt, sekkeposer, kosedyr, sovepytter eller m\\u00f8bler, der kostnaden vanligvis er h\\u00f8yere). *Gjelder ikke bestillingsvarer som er skreddersydd spesielt for deg eller har et tydelig personlig preg etter dine \\u00f8nsker (f.eks. ballhav, tapet, senger, kanindukke med navn, vegghylle med navn, bokstavlamper, kaninm\\u00f8bler, hussenger eller andre produkter med spesialbestilte m\\u00e5l, farger eller tilpasninger).<\\\/p>\\n\n\n<p>sjekk tegnsetting<\\\/p>\",\"title\":\"HVA GJ\\u00d8R JEG HVIS JEG IKKE ER FORN\\u00d8YD MED VAREN?\"}}]}]}]}]}],\"version\":\"4.5.25\"} --><\/p>\n","protected":false},"excerpt":{"rendered":"<p>HVOR LANG ER LEVERINGSTIDEN? Svar: Vanligvis sender vi lagervarer innen 24 timer dersom ikke annet er oppgitt i leveringsinformasjonen p\u00e5 produktbeskrivelsen. Informasjon om produktets individuelle leveringstid finner du i produktbeskrivelsen. Du vil f\u00e5 en automatisk e-post fra oss s\u00e5 snart bestillingen din er p\u00e5 vei til deg. F\u00c5R JEG EN ORDREBEKREFTELSE? Svar: Vi sender alltid [&hellip;]<\/p>\n","protected":false},"author":1,"featured_media":0,"parent":0,"menu_order":0,"comment_status":"closed","ping_status":"closed","template":"","meta":{"_acf_changed":false,"editor_notices":[],"footnotes":""},"class_list":["post-74964","page","type-page","status-publish","hentry"],"acf":[],"yoast_head":"<!-- This site is optimized with the Yoast SEO Premium plugin v25.8 (Yoast SEO v27.2) - https:\/\/yoast.com\/product\/yoast-seo-premium-wordpress\/ -->\n<title>FAQ - Babylove Norska<\/title>\n<meta name=\"robots\" content=\"noindex, follow, max-snippet:-1, max-image-preview:large, max-video-preview:-1\" \/>\n<meta property=\"og:locale\" content=\"nb_NO\" \/>\n<meta property=\"og:type\" content=\"article\" \/>\n<meta property=\"og:title\" content=\"FAQ\" \/>\n<meta property=\"og:description\" content=\"HVOR LANG ER LEVERINGSTIDEN? Svar: Vanligvis sender vi lagervarer innen 24 timer dersom ikke annet er oppgitt i leveringsinformasjonen p\u00e5 produktbeskrivelsen. Informasjon om produktets individuelle leveringstid finner du i produktbeskrivelsen. Du vil f\u00e5 en automatisk e-post fra oss s\u00e5 snart bestillingen din er p\u00e5 vei til deg. F\u00c5R JEG EN ORDREBEKREFTELSE? Svar: Vi sender alltid [&hellip;]\" \/>\n<meta property=\"og:url\" content=\"https:\/\/babylove.se\/no\/faq\/\" \/>\n<meta property=\"og:site_name\" content=\"Babylove Norska\" \/>\n<meta property=\"article:modified_time\" content=\"2026-03-30T12:30:29+00:00\" \/>\n<meta name=\"twitter:card\" content=\"summary_large_image\" \/>\n<meta name=\"twitter:label1\" content=\"Ansl. lesetid\" \/>\n\t<meta name=\"twitter:data1\" content=\"4 minutter\" \/>\n<script type=\"application\/ld+json\" class=\"yoast-schema-graph\">{\"@context\":\"https:\/\/schema.org\",\"@graph\":[{\"@type\":\"WebPage\",\"@id\":\"https:\/\/babylove.se\/no\/faq\/\",\"url\":\"https:\/\/babylove.se\/no\/faq\/\",\"name\":\"FAQ - Babylove Norska\",\"isPartOf\":{\"@id\":\"https:\/\/babylove.se\/no\/#website\"},\"datePublished\":\"2025-09-15T20:02:58+00:00\",\"dateModified\":\"2026-03-30T12:30:29+00:00\",\"breadcrumb\":{\"@id\":\"https:\/\/babylove.se\/no\/faq\/#breadcrumb\"},\"inLanguage\":\"nb-NO\",\"potentialAction\":[{\"@type\":\"ReadAction\",\"target\":[\"https:\/\/babylove.se\/no\/faq\/\"]}]},{\"@type\":\"BreadcrumbList\",\"@id\":\"https:\/\/babylove.se\/no\/faq\/#breadcrumb\",\"itemListElement\":[{\"@type\":\"ListItem\",\"position\":1,\"name\":\"Hem\",\"item\":\"https:\/\/babylove.se\/no\/\"},{\"@type\":\"ListItem\",\"position\":2,\"name\":\"FAQ\"}]},{\"@type\":\"WebSite\",\"@id\":\"https:\/\/babylove.se\/no\/#website\",\"url\":\"https:\/\/babylove.se\/no\/\",\"name\":\"Babylove Norska\",\"description\":\"\",\"potentialAction\":[{\"@type\":\"SearchAction\",\"target\":{\"@type\":\"EntryPoint\",\"urlTemplate\":\"https:\/\/babylove.se\/no\/?s={search_term_string}\"},\"query-input\":{\"@type\":\"PropertyValueSpecification\",\"valueRequired\":true,\"valueName\":\"search_term_string\"}}],\"inLanguage\":\"nb-NO\"}]}<\/script>\n<!-- \/ Yoast SEO Premium plugin. -->","yoast_head_json":{"title":"FAQ - Babylove Norska","robots":{"index":"noindex","follow":"follow","max-snippet":"max-snippet:-1","max-image-preview":"max-image-preview:large","max-video-preview":"max-video-preview:-1"},"og_locale":"nb_NO","og_type":"article","og_title":"FAQ","og_description":"HVOR LANG ER LEVERINGSTIDEN? Svar: Vanligvis sender vi lagervarer innen 24 timer dersom ikke annet er oppgitt i leveringsinformasjonen p\u00e5 produktbeskrivelsen. Informasjon om produktets individuelle leveringstid finner du i produktbeskrivelsen. Du vil f\u00e5 en automatisk e-post fra oss s\u00e5 snart bestillingen din er p\u00e5 vei til deg. F\u00c5R JEG EN ORDREBEKREFTELSE? Svar: Vi sender alltid [&hellip;]","og_url":"https:\/\/babylove.se\/no\/faq\/","og_site_name":"Babylove Norska","article_modified_time":"2026-03-30T12:30:29+00:00","twitter_card":"summary_large_image","twitter_misc":{"Ansl. lesetid":"4 minutter"},"schema":{"@context":"https:\/\/schema.org","@graph":[{"@type":"WebPage","@id":"https:\/\/babylove.se\/no\/faq\/","url":"https:\/\/babylove.se\/no\/faq\/","name":"FAQ - Babylove Norska","isPartOf":{"@id":"https:\/\/babylove.se\/no\/#website"},"datePublished":"2025-09-15T20:02:58+00:00","dateModified":"2026-03-30T12:30:29+00:00","breadcrumb":{"@id":"https:\/\/babylove.se\/no\/faq\/#breadcrumb"},"inLanguage":"nb-NO","potentialAction":[{"@type":"ReadAction","target":["https:\/\/babylove.se\/no\/faq\/"]}]},{"@type":"BreadcrumbList","@id":"https:\/\/babylove.se\/no\/faq\/#breadcrumb","itemListElement":[{"@type":"ListItem","position":1,"name":"Hem","item":"https:\/\/babylove.se\/no\/"},{"@type":"ListItem","position":2,"name":"FAQ"}]},{"@type":"WebSite","@id":"https:\/\/babylove.se\/no\/#website","url":"https:\/\/babylove.se\/no\/","name":"Babylove Norska","description":"","potentialAction":[{"@type":"SearchAction","target":{"@type":"EntryPoint","urlTemplate":"https:\/\/babylove.se\/no\/?s={search_term_string}"},"query-input":{"@type":"PropertyValueSpecification","valueRequired":true,"valueName":"search_term_string"}}],"inLanguage":"nb-NO"}]}},"_links":{"self":[{"href":"https:\/\/babylove.se\/no\/wp-json\/wp\/v2\/pages\/74964","targetHints":{"allow":["GET"]}}],"collection":[{"href":"https:\/\/babylove.se\/no\/wp-json\/wp\/v2\/pages"}],"about":[{"href":"https:\/\/babylove.se\/no\/wp-json\/wp\/v2\/types\/page"}],"author":[{"embeddable":true,"href":"https:\/\/babylove.se\/no\/wp-json\/wp\/v2\/users\/1"}],"replies":[{"embeddable":true,"href":"https:\/\/babylove.se\/no\/wp-json\/wp\/v2\/comments?post=74964"}],"version-history":[{"count":2,"href":"https:\/\/babylove.se\/no\/wp-json\/wp\/v2\/pages\/74964\/revisions"}],"predecessor-version":[{"id":93978,"href":"https:\/\/babylove.se\/no\/wp-json\/wp\/v2\/pages\/74964\/revisions\/93978"}],"wp:attachment":[{"href":"https:\/\/babylove.se\/no\/wp-json\/wp\/v2\/media?parent=74964"}],"curies":[{"name":"wp","href":"https:\/\/api.w.org\/{rel}","templated":true}]}}