{"id":78612,"date":"2025-11-10T10:21:47","date_gmt":"2025-11-10T09:21:47","guid":{"rendered":"https:\/\/babylove.se\/?page_id=78612"},"modified":"2026-03-27T16:39:26","modified_gmt":"2026-03-27T15:39:26","slug":"kundetilfredshetsgaranti","status":"publish","type":"page","link":"https:\/\/babylove.se\/no\/kundetilfredshetsgaranti\/","title":{"rendered":"Kundetilfredshetsgaranti"},"content":{"rendered":"<h3>Kundetilfredshetsgaranti \u2013 for at du skal f\u00f8le deg trygg hos Babylove<\/h3>\n<div>\n<p>Hos Babylove bryr vi oss virkelig om at du skal v\u00e6re <strong>helt forn\u00f8yd med kj\u00f8pet ditt<\/strong>. Vi vet at det noen ganger kan oppst\u00e5 feil \u2013 derfor tilbyr vi v\u00e5r <strong>kundetilfredshetsgaranti<\/strong>!<\/p>\n<h4>14 dagers angrerett \u2013 alltid!<\/h4>\n<p>Du har <strong>alltid 14 dagers angrerett<\/strong> fra det tidspunktet du har mottatt bestillingen din. Dette gjelder b\u00e5de <strong>lagervarer<\/strong> og <strong>bestillingsvarer<\/strong> \u2013 ogs\u00e5 de som produseres etter dine \u00f8nsker. Det eneste unntaket er produkter med <strong>personlig navnetrykk<\/strong> \u2013 disse kan vi dessverre ikke ta i retur.<\/p>\n<h4>Kundetilfredshetsgaranti \u2013 litt ekstra omtanke<\/h4>\n<p>Vi \u00f8nsker at du skal f\u00f8le deg trygg selv <strong>om du allerede har montert varen din<\/strong>. Med v\u00e5r <strong>kundetilfredshetsgaranti<\/strong> kan du returnere et <strong>montert (men ubrukt)<\/strong> produkt innen 14 dager etter levering. Det eneste vi belaster er:<\/p>\n<ul>\n<li>Et <strong>h\u00e5ndteringsgebyr *<\/strong> (for arbeidet med \u00e5 g\u00e5 gjennom deler, pakke om og forberede varen for videre salg)<\/li>\n<li><strong>Returfrakten<\/strong> tilbake til oss<\/li>\n<\/ul>\n<p>Resten ordner vi \u2013 raskt og enkelt<\/p>\n<p><strong>H\u00e5ndteringsgebyrer for m\u00f8bler<\/strong><\/p>\n<p>\ud83d\udecf\ufe0f Sprinkelseng \/ juniorseng \/ husseng: 275 kr<br \/>\n\ud83d\udecf\ufe0f Juniorseng \/ husseng med oppbevaringsskuff: 410 kr<br \/>\n\ud83d\udecf\ufe0f K\u00f8yeseng: 550 kr<br \/>\n\ud83e\uddfa Kommode: 275 kr<br \/>\n\ud83d\udc57 Garderobe: 410 kr<br \/>\n\ud83e\ude91 M\u00f8belsett: 275 kr <\/p>\n<h4>Trenger du hjelp?<\/h4>\n<p>V\u00e5r kundeservice er alltid her for deg!<br \/>\n\u25a0 Send oss en e-post p\u00e5 <strong>info@babylove.no<\/strong>, s\u00e5 hjelper vi deg gjerne.<br \/>\n\u25a0 For oss handler det om mer enn produkter \u2013 det handler om <strong>trygghet, omtanke og forn\u00f8yde kunder<\/strong>.<\/p>\n<\/div>\n<p><img decoding=\"async\" src=\"\/no\/wp-content\/uploads\/2025\/11\/kundtnojdhetsgaranti.png\" alt=\"\"><\/p>\n<p><!--more--><br \/>\n<!-- {\"type\":\"layout\",\"children\":[{\"type\":\"section\",\"props\":{\"image_position\":\"center-center\",\"padding\":\"small\",\"style\":\"default\",\"title_breakpoint\":\"xl\",\"title_position\":\"top-left\",\"title_rotation\":\"left\",\"vertical_align\":\"middle\",\"width\":\"xlarge\"},\"children\":[{\"type\":\"row\",\"children\":[{\"type\":\"column\",\"props\":{\"css\":\".el-column .uk-tile{\\n\\tpadding: clamp(40px, 15vw, 220px) 50px;\\n}\\n.el-column .uk-background-cover{\\n    -webkit-mask-image: url(\\\/wp-content\\\/uploads\\\/2025\\\/06\\\/mask-category.svg);\\n    mask-image: url(\\\/wp-content\\\/uploads\\\/2025\\\/06\\\/mask-category.svg);\\n    -webkit-mask-size: 100% 100%;\\n    mask-size: 100% 100%;\\n    -webkit-mask-repeat: round;\\n    mask-repeat: round;\\n    overflow: hidden;\\n}\",\"image\":\"wp-content\\\/uploads\\\/2025\\\/11\\\/kundtnojdhetsgaranti.png\",\"image_height\":1080,\"image_position\":\"center-center\",\"image_size\":\"cover\",\"image_width\":1920,\"media_overlay_gradient\":\"linear-gradient(0deg, rgba(0, 0, 0, 0.25) 0%, rgba(0, 0, 0, 0.25) 100%), url(<path-to-image>) \",\"position_sticky_breakpoint\":\"m\",\"text_color\":\"light\"},\"children\":[{\"type\":\"headline\",\"props\":{\"css\":\".el-element{\\n\\tfont-size: clamp(32px, 9vw, 90px);\\n}\",\"text_align\":\"center\",\"title_element\":\"h1\",\"title_style\":\"heading-large\"},\"source\":{\"query\":{\"name\":\"pages.singlePage\"},\"props\":{\"content\":{\"name\":\"title\"}}}}]}],\"props\":{\"height_viewport\":800}}],\"name\":\"Heading\"},{\"type\":\"section\",\"props\":{\"image_position\":\"center-center\",\"style\":\"default\",\"title_breakpoint\":\"xl\",\"title_position\":\"top-left\",\"title_rotation\":\"left\",\"vertical_align\":\"middle\",\"width\":\"default\"},\"children\":[{\"type\":\"row\",\"children\":[{\"type\":\"column\",\"props\":{\"image_position\":\"center-center\",\"position_sticky_breakpoint\":\"m\",\"width_medium\":\"3-5\"},\"children\":[{\"type\":\"headline\",\"props\":{\"content\":\"Kundetilfredshetsgaranti \\u2013 for at du skal f\\u00f8le deg trygg hos Babylove\",\"title_element\":\"h3\"}},{\"type\":\"text\",\"props\":{\"column_breakpoint\":\"m\",\"content\":\"\n\n<p>Hos Babylove bryr vi oss virkelig om at du skal v\\u00e6re <strong>helt forn\\u00f8yd med kj\\u00f8pet ditt<\\\/strong>. Vi vet at det noen ganger kan oppst\\u00e5 feil \\u2013 derfor tilbyr vi v\\u00e5r <strong>kundetilfredshetsgaranti<\\\/strong>!<\\\/p>\\n\\n\n\n<h4>14 dagers angrerett \\u2013 alltid!<\\\/h4>\\n\n\n<p>Du har <strong>alltid 14 dagers angrerett<\\\/strong> fra det tidspunktet du har mottatt bestillingen din. Dette gjelder b\\u00e5de <strong>lagervarer<\\\/strong> og <strong>bestillingsvarer<\\\/strong> \\u2013 ogs\\u00e5 de som produseres etter dine \\u00f8nsker. Det eneste unntaket er produkter med <strong>personlig navnetrykk<\\\/strong> \\u2013 disse kan vi dessverre ikke ta i retur.<\\\/p>\\n\\n\n\n<h4>Kundetilfredshetsgaranti \\u2013 litt ekstra omtanke<\\\/h4>\\n\n\n<p>Vi \\u00f8nsker at du skal f\\u00f8le deg trygg selv <strong>om du allerede har montert varen din<\\\/strong>. Med v\\u00e5r <strong>kundetilfredshetsgaranti<\\\/strong> kan du returnere et <strong>montert (men ubrukt)<\\\/strong> produkt innen 14 dager etter levering. Det eneste vi belaster er:<\\\/p>\\n\\n\n\n<ul>\\n\n\n<li>Et <strong>h\\u00e5ndteringsgebyr *<\\\/strong> (for arbeidet med \\u00e5 g\\u00e5 gjennom deler, pakke om og forberede varen for videre salg)<\\\/li>\\n\n\n<li><strong>Returfrakten<\\\/strong> tilbake til oss<\\\/li>\\n<\\\/ul>\\n\\n\n\n<p>Resten ordner vi \\u2013 raskt og enkelt<\\\/p>\\n\\n\n\n<p><strong>H\\u00e5ndteringsgebyrer for m\\u00f8bler<\\\/strong><\\\/p>\\n\\ud83d\\udecf\\ufe0f Sprinkelseng \\\/ juniorseng \\\/ husseng: 275 kr<br \/>\\n\\ud83d\\udecf\\ufe0f Juniorseng \\\/ husseng med oppbevaringsskuff: 410 kr<br \/>\\n\\ud83d\\udecf\\ufe0f K\\u00f8yeseng: 550 kr<br \/>\\n\\ud83e\\uddfa Kommode: 275 kr<br \/>\\n\\ud83d\\udc57 Garderobe: 410 kr<br \/>\\n\\ud83e\\ude91 M\\u00f8belsett: 275 kr <br \/>\\n\\n\n\n<h4>Trenger du hjelp?<\\\/h4>\\n\n\n<p>V\\u00e5r kundeservice er alltid her for deg!<br \\\/>\\n\\u25a0 Send oss en e-post p\\u00e5 <strong>info@babylove.no<\\\/strong>, s\\u00e5 hjelper vi deg gjerne.<br \\\/>\\n\\u25a0 For oss handler det om mer enn produkter \\u2013 det handler om <strong>trygghet, omtanke og forn\\u00f8yde kunder<\\\/strong>.<\\\/p>\",\"css\":\".el-element{\\n\\tfont-size: 18px;\\n}\",\"margin\":\"default\"}}]},{\"type\":\"column\",\"props\":{\"image_position\":\"center-center\",\"position_sticky_breakpoint\":\"m\",\"vertical_align\":\"middle\",\"width_medium\":\"2-5\"},\"children\":[{\"type\":\"image\",\"props\":{\"image\":\"wp-content\\\/uploads\\\/2025\\\/11\\\/kundtnojdhetsgaranti.png\",\"image_border\":\"rounded\",\"image_svg_color\":\"emphasis\",\"image_width\":800,\"margin\":\"default\"}}]}],\"props\":{\"column_gap\":\"large\",\"layout\":\"3-5,2-5\"}}]}],\"version\":\"4.5.25\"} --><\/p>\n","protected":false},"excerpt":{"rendered":"<p>Kundetilfredshetsgaranti \u2013 for at du skal f\u00f8le deg trygg hos Babylove Hos Babylove bryr vi oss virkelig om at du skal v\u00e6re helt forn\u00f8yd med kj\u00f8pet ditt. Vi vet at det noen ganger kan oppst\u00e5 feil \u2013 derfor tilbyr vi v\u00e5r kundetilfredshetsgaranti! 14 dagers angrerett \u2013 alltid! Du har alltid 14 dagers angrerett fra det [&hellip;]<\/p>\n","protected":false},"author":1,"featured_media":0,"parent":0,"menu_order":0,"comment_status":"closed","ping_status":"closed","template":"","meta":{"_acf_changed":false,"editor_notices":[],"footnotes":""},"class_list":["post-78612","page","type-page","status-publish","hentry"],"acf":[],"yoast_head":"<!-- This site is optimized with the Yoast SEO Premium plugin v25.8 (Yoast SEO v27.2) - https:\/\/yoast.com\/product\/yoast-seo-premium-wordpress\/ -->\n<title>Kundetilfredshetsgaranti - Babylove Norska<\/title>\n<meta name=\"robots\" content=\"noindex, follow, max-snippet:-1, max-image-preview:large, max-video-preview:-1\" \/>\n<meta property=\"og:locale\" content=\"nb_NO\" \/>\n<meta property=\"og:type\" content=\"article\" \/>\n<meta property=\"og:title\" content=\"Kundetilfredshetsgaranti\" \/>\n<meta property=\"og:description\" content=\"Kundetilfredshetsgaranti \u2013 for at du skal f\u00f8le deg trygg hos Babylove Hos Babylove bryr vi oss virkelig om at du skal v\u00e6re helt forn\u00f8yd med kj\u00f8pet ditt. Vi vet at det noen ganger kan oppst\u00e5 feil \u2013 derfor tilbyr vi v\u00e5r kundetilfredshetsgaranti! 14 dagers angrerett \u2013 alltid! Du har alltid 14 dagers angrerett fra det [&hellip;]\" \/>\n<meta property=\"og:url\" content=\"https:\/\/babylove.se\/no\/kundetilfredshetsgaranti\/\" \/>\n<meta property=\"og:site_name\" content=\"Babylove Norska\" \/>\n<meta property=\"article:modified_time\" content=\"2026-03-27T15:39:26+00:00\" \/>\n<meta name=\"twitter:card\" content=\"summary_large_image\" \/>\n<meta name=\"twitter:label1\" content=\"Ansl. lesetid\" \/>\n\t<meta name=\"twitter:data1\" content=\"2 minutter\" \/>\n<script type=\"application\/ld+json\" class=\"yoast-schema-graph\">{\"@context\":\"https:\/\/schema.org\",\"@graph\":[{\"@type\":\"WebPage\",\"@id\":\"https:\/\/babylove.se\/no\/kundetilfredshetsgaranti\/\",\"url\":\"https:\/\/babylove.se\/no\/kundetilfredshetsgaranti\/\",\"name\":\"Kundetilfredshetsgaranti - Babylove Norska\",\"isPartOf\":{\"@id\":\"https:\/\/babylove.se\/no\/#website\"},\"datePublished\":\"2025-11-10T09:21:47+00:00\",\"dateModified\":\"2026-03-27T15:39:26+00:00\",\"breadcrumb\":{\"@id\":\"https:\/\/babylove.se\/no\/kundetilfredshetsgaranti\/#breadcrumb\"},\"inLanguage\":\"nb-NO\",\"potentialAction\":[{\"@type\":\"ReadAction\",\"target\":[\"https:\/\/babylove.se\/no\/kundetilfredshetsgaranti\/\"]}]},{\"@type\":\"BreadcrumbList\",\"@id\":\"https:\/\/babylove.se\/no\/kundetilfredshetsgaranti\/#breadcrumb\",\"itemListElement\":[{\"@type\":\"ListItem\",\"position\":1,\"name\":\"Hem\",\"item\":\"https:\/\/babylove.se\/no\/\"},{\"@type\":\"ListItem\",\"position\":2,\"name\":\"Kundetilfredshetsgaranti\"}]},{\"@type\":\"WebSite\",\"@id\":\"https:\/\/babylove.se\/no\/#website\",\"url\":\"https:\/\/babylove.se\/no\/\",\"name\":\"Babylove Norska\",\"description\":\"\",\"potentialAction\":[{\"@type\":\"SearchAction\",\"target\":{\"@type\":\"EntryPoint\",\"urlTemplate\":\"https:\/\/babylove.se\/no\/?s={search_term_string}\"},\"query-input\":{\"@type\":\"PropertyValueSpecification\",\"valueRequired\":true,\"valueName\":\"search_term_string\"}}],\"inLanguage\":\"nb-NO\"}]}<\/script>\n<!-- \/ Yoast SEO Premium plugin. -->","yoast_head_json":{"title":"Kundetilfredshetsgaranti - Babylove Norska","robots":{"index":"noindex","follow":"follow","max-snippet":"max-snippet:-1","max-image-preview":"max-image-preview:large","max-video-preview":"max-video-preview:-1"},"og_locale":"nb_NO","og_type":"article","og_title":"Kundetilfredshetsgaranti","og_description":"Kundetilfredshetsgaranti \u2013 for at du skal f\u00f8le deg trygg hos Babylove Hos Babylove bryr vi oss virkelig om at du skal v\u00e6re helt forn\u00f8yd med kj\u00f8pet ditt. Vi vet at det noen ganger kan oppst\u00e5 feil \u2013 derfor tilbyr vi v\u00e5r kundetilfredshetsgaranti! 14 dagers angrerett \u2013 alltid! Du har alltid 14 dagers angrerett fra det [&hellip;]","og_url":"https:\/\/babylove.se\/no\/kundetilfredshetsgaranti\/","og_site_name":"Babylove Norska","article_modified_time":"2026-03-27T15:39:26+00:00","twitter_card":"summary_large_image","twitter_misc":{"Ansl. lesetid":"2 minutter"},"schema":{"@context":"https:\/\/schema.org","@graph":[{"@type":"WebPage","@id":"https:\/\/babylove.se\/no\/kundetilfredshetsgaranti\/","url":"https:\/\/babylove.se\/no\/kundetilfredshetsgaranti\/","name":"Kundetilfredshetsgaranti - Babylove Norska","isPartOf":{"@id":"https:\/\/babylove.se\/no\/#website"},"datePublished":"2025-11-10T09:21:47+00:00","dateModified":"2026-03-27T15:39:26+00:00","breadcrumb":{"@id":"https:\/\/babylove.se\/no\/kundetilfredshetsgaranti\/#breadcrumb"},"inLanguage":"nb-NO","potentialAction":[{"@type":"ReadAction","target":["https:\/\/babylove.se\/no\/kundetilfredshetsgaranti\/"]}]},{"@type":"BreadcrumbList","@id":"https:\/\/babylove.se\/no\/kundetilfredshetsgaranti\/#breadcrumb","itemListElement":[{"@type":"ListItem","position":1,"name":"Hem","item":"https:\/\/babylove.se\/no\/"},{"@type":"ListItem","position":2,"name":"Kundetilfredshetsgaranti"}]},{"@type":"WebSite","@id":"https:\/\/babylove.se\/no\/#website","url":"https:\/\/babylove.se\/no\/","name":"Babylove Norska","description":"","potentialAction":[{"@type":"SearchAction","target":{"@type":"EntryPoint","urlTemplate":"https:\/\/babylove.se\/no\/?s={search_term_string}"},"query-input":{"@type":"PropertyValueSpecification","valueRequired":true,"valueName":"search_term_string"}}],"inLanguage":"nb-NO"}]}},"_links":{"self":[{"href":"https:\/\/babylove.se\/no\/wp-json\/wp\/v2\/pages\/78612","targetHints":{"allow":["GET"]}}],"collection":[{"href":"https:\/\/babylove.se\/no\/wp-json\/wp\/v2\/pages"}],"about":[{"href":"https:\/\/babylove.se\/no\/wp-json\/wp\/v2\/types\/page"}],"author":[{"embeddable":true,"href":"https:\/\/babylove.se\/no\/wp-json\/wp\/v2\/users\/1"}],"replies":[{"embeddable":true,"href":"https:\/\/babylove.se\/no\/wp-json\/wp\/v2\/comments?post=78612"}],"version-history":[{"count":2,"href":"https:\/\/babylove.se\/no\/wp-json\/wp\/v2\/pages\/78612\/revisions"}],"predecessor-version":[{"id":93977,"href":"https:\/\/babylove.se\/no\/wp-json\/wp\/v2\/pages\/78612\/revisions\/93977"}],"wp:attachment":[{"href":"https:\/\/babylove.se\/no\/wp-json\/wp\/v2\/media?parent=78612"}],"curies":[{"name":"wp","href":"https:\/\/api.w.org\/{rel}","templated":true}]}}