{"id":86878,"date":"2025-12-25T16:23:10","date_gmt":"2025-12-25T15:23:10","guid":{"rendered":"https:\/\/babylove.se\/?page_id=86878"},"modified":"2026-01-05T08:01:37","modified_gmt":"2026-01-05T07:01:37","slug":"mellandagsrea2025","status":"publish","type":"page","link":"https:\/\/babylove.se\/no\/mellandagsrea2025\/","title":{"rendered":"Mellandagsrea"},"content":{"rendered":"<p><a href=\"#\"><img decoding=\"async\" src=\"\/wp-content\/uploads\/2025\/12\/Wordpress-1-5.png\" alt=\"\"><\/a><br \/>\n<a href=\"#\"><img decoding=\"async\" src=\"\/wp-content\/uploads\/2025\/12\/Wordpress-1-5.png\" alt=\"\"><\/a><\/p>\n<div>\n<h3>\ud83c\udf89 Babyloves mellandagsrea 2025<\/h3>\n<div>\n<p data-start=\"191\" data-end=\"412\">\u00c5rets mellandagsrea hos Babylove \u00e4r h\u00e4r! Passa p\u00e5 att fynda utvalda favoriter f\u00f6r bebisar och barn till riktigt bra priser. H\u00e4r hittar du kvalitetsprodukter som g\u00f6r vardagen enklare \u2013 nu till extra f\u00f6rm\u00e5nliga erbjudanden.<\/p>\n<p data-start=\"414\" data-end=\"508\">Skynda att shoppa innan lagret tar slut \u2013 mellandagsrean g\u00e4ller endast under en begr\u00e4nsad tid!<\/p>\n<\/div>\n<p><a href=\"#\"><\/a><\/p>\n<\/div>\n<p><time datetime=\"2026-01-07T22:00:00.000Z\">2026-01-07T22:00:00.000Z<\/time><\/p>\n<ul>\n<li>\n<p>        <img decoding=\"async\" src=\"\/wp-content\/uploads\/2025\/12\/2.png\" alt=\"\"><\/p>\n<h2>Liewood -25%<\/h2>\n<p><a href=\"\/kategori\/varumarken\/liewood\/\"><\/a><\/p>\n<\/li>\n<li>\n<p>        <img decoding=\"async\" src=\"\/wp-content\/uploads\/2025\/12\/3.png\" alt=\"\"><\/p>\n<h2>V\u00e4ggklisterm\u00e4rken -25%<\/h2>\n<p><time datetime=\"2019-08-19T09:55:29+00:00\">19 August, 2019<\/time><\/p>\n<p><a href=\"\/kategori\/barnrum\/vaggklistermarken\/\"><\/a><\/p>\n<\/li>\n<li>\n<p>        <img decoding=\"async\" src=\"\/wp-content\/uploads\/2025\/12\/6.png\" alt=\"\"><\/p>\n<h2>Jabadabado -15%<\/h2>\n<p><time datetime=\"2019-08-02T09:55:29+00:00\">02 August, 2019<\/time><\/p>\n<p><a href=\"\/kategori\/varumarken\/jabadabado\/\"><\/a><\/p>\n<\/li>\n<li>\n<p>        <img decoding=\"async\" src=\"\/wp-content\/uploads\/2025\/12\/4.png\" alt=\"\"><\/p>\n<h2>Kid`s Concept -15%<\/h2>\n<p><time datetime=\"2019-07-18T09:55:29+00:00\">18 July, 2019<\/time><\/p>\n<p><a href=\"\/kategori\/varumarken\/kids-concept\/\"><\/a><\/p>\n<\/li>\n<li>\n<p>        <img decoding=\"async\" src=\"\/wp-content\/uploads\/2025\/12\/5.png\" alt=\"\"><\/p>\n<h2>Maileg -15%<\/h2>\n<p><time datetime=\"2019-07-16T09:55:29+00:00\">16 July, 2019<\/time><\/p>\n<p><a href=\"\/kategori\/varumarken\/maileg\/\"><\/a><\/p>\n<\/li>\n<li>\n<p>        <img decoding=\"async\" src=\"\/wp-content\/uploads\/2025\/12\/BABY-DRAGON-LL090-376-HUNTER-GREEN-scaled-1.webp\" alt=\"\"><\/p>\n<h2>Little Lights -10%<\/h2>\n<p><time datetime=\"2019-07-05T09:55:29+00:00\">05 July, 2019<\/time><\/p>\n<p><a href=\"\/kategori\/varumarken\/little-lights-lampor\/\"><\/a><\/p>\n<\/li>\n<\/ul>\n<p><img decoding=\"async\" src=\"\/wp-content\/uploads\/2025\/12\/20-rabatt-pa-madrass.png\" alt=\"\"><\/p>\n<h1>och mycket, mycket mer&#8230;<\/h1>\n<div>\n<p>NYTT<\/p>\n<\/div>\n<p><!--more--><br \/>\n<!-- {\"type\":\"layout\",\"children\":[{\"type\":\"section\",\"props\":{\"html_element\":\"article\",\"image_position\":\"center-center\",\"padding_remove_bottom\":false,\"padding_remove_top\":false,\"style\":\"default\",\"title_breakpoint\":\"xl\",\"title_position\":\"top-left\",\"title_rotation\":\"left\",\"vertical_align\":\"\",\"width\":\"xlarge\"},\"children\":[{\"type\":\"row\",\"props\":{\"margin\":\"remove-vertical\"},\"children\":[{\"type\":\"column\",\"props\":{\"image_position\":\"center-center\",\"position_sticky_breakpoint\":\"m\"}}]},{\"type\":\"row\",\"props\":{\"column_gap\":\"medium\",\"layout\":\"2-3,1-3\",\"margin_remove_top\":true,\"row_gap\":\"large\"},\"children\":[{\"type\":\"column\",\"props\":{\"image_position\":\"center-center\",\"position_sticky_breakpoint\":\"m\",\"vertical_align\":\"middle\",\"width_medium\":\"2-3\"},\"children\":[{\"type\":\"image\",\"props\":{\"image\":\"wp-content\\\/uploads\\\/2025\\\/12\\\/Wordpress-1-5.png\",\"image_height\":\"705\",\"image_loading\":true,\"image_svg_color\":\"emphasis\",\"image_width\":\"1055\",\"link\":\"#\",\"margin\":\"remove-vertical\",\"visibility\":\"s\"}},{\"type\":\"image\",\"props\":{\"image\":\"wp-content\\\/uploads\\\/2025\\\/12\\\/Wordpress-1-5.png\",\"image_height\":\"548\",\"image_loading\":true,\"image_svg_color\":\"emphasis\",\"image_width\":\"610\",\"link\":\"#\",\"margin\":\"remove-vertical\",\"visibility\":\"hidden-s\"}}]},{\"type\":\"column\",\"props\":{\"image_position\":\"center-center\",\"order_first\":\"m\",\"position_sticky_breakpoint\":\"m\",\"vertical_align\":\"middle\",\"width_medium\":\"1-3\"},\"children\":[{\"type\":\"panel\",\"props\":{\"block_align_breakpoint\":\"m\",\"block_align_fallback\":\"center\",\"content\":\"\n\n<p data-start=\\\"191\\\" data-end=\\\"412\\\">\\u00c5rets mellandagsrea hos Babylove \\u00e4r h\\u00e4r! Passa p\\u00e5 att fynda utvalda favoriter f\\u00f6r bebisar och barn till riktigt bra priser. H\\u00e4r hittar du kvalitetsprodukter som g\\u00f6r vardagen enklare \\u2013 nu till extra f\\u00f6rm\\u00e5nliga erbjudanden.<\\\/p>\\n\n\n<p data-start=\\\"414\\\" data-end=\\\"508\\\">Skynda att shoppa innan lagret tar slut \\u2013 mellandagsrean g\\u00e4ller endast under en begr\\u00e4nsad tid!<\\\/p>\",\"content_column_breakpoint\":\"m\",\"content_margin\":\"medium\",\"icon_width\":80,\"image_align\":\"top\",\"image_grid_breakpoint\":\"m\",\"image_grid_width\":\"1-2\",\"image_svg_color\":\"emphasis\",\"link\":\"#\",\"link_margin\":\"medium\",\"link_style\":\"secondary\",\"link_text\":\"\",\"margin\":\"default\",\"maxwidth\":\"large\",\"meta_align\":\"below-title\",\"meta_element\":\"div\",\"meta_style\":\"text-meta\",\"text_align\":\"left\",\"text_align_breakpoint\":\"m\",\"text_align_fallback\":\"center\",\"title\":\"\\ud83c\\udf89 Babyloves mellandagsrea 2025\",\"title_align\":\"top\",\"title_element\":\"h3\",\"title_grid_breakpoint\":\"m\",\"title_grid_width\":\"1-2\",\"title_hover_style\":\"reset\"}}]}]}],\"name\":\"Latest Post\"},{\"type\":\"section\",\"props\":{\"image_position\":\"center-center\",\"style\":\"default\",\"title_breakpoint\":\"xl\",\"title_position\":\"top-left\",\"title_rotation\":\"left\",\"vertical_align\":\"middle\",\"width\":\"default\"},\"children\":[{\"type\":\"row\",\"children\":[{\"type\":\"column\",\"props\":{\"image_position\":\"center-center\",\"position_sticky_breakpoint\":\"m\"},\"children\":[{\"type\":\"countdown\",\"props\":{\"blend\":false,\"date\":\"2026-01-07T22:00:00.000Z\",\"grid_column_gap\":\"small\",\"grid_row_gap\":\"small\",\"label_days\":\"Dagar\",\"label_hours\":\"Timmar\",\"label_margin\":\"small\",\"label_minutes\":\"Minuter\",\"label_seconds\":\"Sekunder\",\"margin\":\"default\",\"show_label\":true,\"show_separator\":true,\"text_align\":\"center\"}}]}]}]},{\"type\":\"section\",\"props\":{\"header_transparent\":true,\"header_transparent_text_color\":\"dark\",\"image_position\":\"center-center\",\"padding\":\"large\",\"padding_remove_bottom\":false,\"padding_remove_top\":true,\"style\":\"default\",\"title_breakpoint\":\"xl\",\"title_position\":\"top-left\",\"title_rotation\":\"left\",\"vertical_align\":\"\",\"width\":\"\"},\"children\":[{\"type\":\"row\",\"props\":{\"margin\":\"xlarge\",\"margin_remove_top\":true,\"width\":\"xlarge\"},\"children\":[{\"type\":\"column\",\"props\":{\"image_position\":\"center-center\",\"position_sticky_breakpoint\":\"m\"},\"children\":[{\"type\":\"grid\",\"props\":{\"content_column_breakpoint\":\"m\",\"filter_align\":\"left\",\"filter_all\":true,\"filter_grid_breakpoint\":\"m\",\"filter_grid_width\":\"auto\",\"filter_position\":\"top\",\"filter_style\":\"tab\",\"grid_default\":\"1\",\"grid_medium\":\"3\",\"grid_row_gap\":\"medium\",\"grid_small\":\"2\",\"icon_width\":80,\"image_align\":\"top\",\"image_grid_breakpoint\":\"m\",\"image_grid_width\":\"1-2\",\"image_height\":\"548\",\"image_link\":true,\"image_margin\":\"medium\",\"image_svg_color\":\"emphasis\",\"image_width\":\"610\",\"item_animation\":true,\"lightbox_bg_close\":true,\"link_margin\":\"medium\",\"link_style\":\"text\",\"link_text\":\"\",\"margin\":\"default\",\"meta_align\":\"below-content\",\"meta_color\":\"muted\",\"meta_element\":\"div\",\"meta_style\":\"h6\",\"panel_image_no_padding\":true,\"panel_padding\":\"default\",\"parallax_easing\":\"1\",\"show_content\":true,\"show_hover_image\":true,\"show_hover_video\":true,\"show_image\":true,\"show_link\":true,\"show_meta\":false,\"show_title\":true,\"show_video\":true,\"text_align\":\"center\",\"title_align\":\"top\",\"title_element\":\"h2\",\"title_grid_breakpoint\":\"m\",\"title_grid_width\":\"1-2\",\"title_hover_style\":\"reset\",\"title_link\":true,\"title_margin\":\"medium\",\"title_style\":\"h5\"},\"children\":[{\"type\":\"grid_item\",\"props\":{\"image\":\"wp-content\\\/uploads\\\/2025\\\/12\\\/2.png\",\"item_element\":\"article\",\"link\":\"kategori\\\/varumarken\\\/liewood\\\/\",\"meta\":\"\",\"title\":\"Liewood -25%\"}},{\"type\":\"grid_item\",\"props\":{\"image\":\"wp-content\\\/uploads\\\/2025\\\/12\\\/3.png\",\"item_element\":\"article\",\"link\":\"kategori\\\/barnrum\\\/vaggklistermarken\\\/\",\"meta\":\"<time datetime=\\\"2019-08-19T09:55:29+00:00\\\">19 August, 2019<\\\/time>\",\"title\":\"V\\u00e4ggklisterm\\u00e4rken -25%\"}},{\"type\":\"grid_item\",\"props\":{\"image\":\"wp-content\\\/uploads\\\/2025\\\/12\\\/6.png\",\"item_element\":\"article\",\"link\":\"kategori\\\/varumarken\\\/jabadabado\\\/\",\"meta\":\"<time datetime=\\\"2019-08-02T09:55:29+00:00\\\">02 August, 2019<\\\/time>\",\"title\":\"Jabadabado -15%\"}},{\"type\":\"grid_item\",\"props\":{\"image\":\"wp-content\\\/uploads\\\/2025\\\/12\\\/4.png\",\"item_element\":\"article\",\"link\":\"kategori\\\/varumarken\\\/kids-concept\\\/\",\"meta\":\"<time datetime=\\\"2019-07-18T09:55:29+00:00\\\">18 July, 2019<\\\/time>\",\"title\":\"Kid`s Concept -15%\"}},{\"type\":\"grid_item\",\"props\":{\"image\":\"wp-content\\\/uploads\\\/2025\\\/12\\\/5.png\",\"item_element\":\"article\",\"link\":\"kategori\\\/varumarken\\\/maileg\\\/\",\"meta\":\"<time datetime=\\\"2019-07-16T09:55:29+00:00\\\">16 July, 2019<\\\/time>\",\"title\":\"Maileg -15%\"}},{\"type\":\"grid_item\",\"props\":{\"image\":\"wp-content\\\/uploads\\\/2025\\\/12\\\/BABY-DRAGON-LL090-376-HUNTER-GREEN-scaled-1.webp\",\"item_element\":\"article\",\"link\":\"kategori\\\/varumarken\\\/little-lights-lampor\\\/\",\"meta\":\"<time datetime=\\\"2019-07-05T09:55:29+00:00\\\">05 July, 2019<\\\/time>\",\"title\":\"Little Lights -10%\"}}]}]}]}],\"name\":\"Posts\"},{\"type\":\"section\",\"props\":{\"image_position\":\"center-center\",\"style\":\"default\",\"title_breakpoint\":\"xl\",\"title_position\":\"top-left\",\"title_rotation\":\"left\",\"vertical_align\":\"middle\",\"width\":\"default\"},\"children\":[{\"type\":\"row\",\"children\":[{\"type\":\"column\",\"props\":{\"image_position\":\"center-center\",\"position_sticky_breakpoint\":\"m\"},\"children\":[{\"type\":\"image\",\"props\":{\"image\":\"wp-content\\\/uploads\\\/2025\\\/12\\\/20-rabatt-pa-madrass.png\",\"image_svg_color\":\"emphasis\",\"margin\":\"default\"}}]}]}]},{\"type\":\"section\",\"props\":{\"image_position\":\"center-center\",\"style\":\"default\",\"title_breakpoint\":\"xl\",\"title_position\":\"top-left\",\"title_rotation\":\"left\",\"vertical_align\":\"middle\",\"width\":\"default\"},\"children\":[{\"type\":\"row\",\"children\":[{\"type\":\"column\",\"props\":{\"image_position\":\"center-center\",\"position_sticky_breakpoint\":\"m\"},\"children\":[{\"type\":\"headline\",\"props\":{\"content\":\"och mycket, mycket mer...\",\"text_align\":\"center\",\"title_element\":\"h1\"}}]}]}]},{\"type\":\"section\",\"props\":{\"image_position\":\"center-center\",\"style\":\"default\",\"title_breakpoint\":\"xl\",\"title_position\":\"top-left\",\"title_rotation\":\"left\",\"vertical_align\":\"middle\",\"width\":\"default\"},\"children\":[{\"type\":\"row\",\"children\":[{\"type\":\"column\",\"props\":{\"image_position\":\"center-center\",\"position_sticky_breakpoint\":\"m\"},\"children\":[{\"type\":\"panel-slider\",\"props\":{\"class\":\"cropped-slider reverse product-slider\",\"content_column_breakpoint\":\"m\",\"content_margin\":\"small\",\"css\":\".el-item{\\nposition: relative;\\n}\\n.el-item .uk-card{\\n\\tpadding: 10px;\\n}\\n.el-meta{\\n    position: absolute;\\n    top: 20px;\\n    left: 20px;\\n    padding: 6px 8px;\\n    background-color: var(--wg-color-primary);\\n    border-radius: 10px;\\n\\tfont-size: 10px;\\n    font-style: normal;\\n    font-weight: 400;\\n    line-height: 90%;\\n    letter-spacing: -0.3px;\\n    text-transform: uppercase;\\n    color: #FEFEFE;\\n}\\n\\n.el-title{\\n    color: #595756;\\n    font-family: Cabin;\\n    font-size: 14px;\\n    font-style: normal;\\n    font-weight: 400;\\n    line-height: 120%; \\n}\\n.el-content{\\n    font-weight: 700;\\n    line-height: 1.1;\\n\\tfont-size: 18px;\\n    color: var(--wg-color-secondary);\\n}\\n.el-content,.el-title{\\n\\tpadding-left: 10px;\\n    padding-right: 10px;\\n}\\n\\n\\n.el-link{\\n    color: #FFF;\\n    background: var(--wg-color-primary);\\n    border-radius: 100%;\\n    height: 38px;\\n    width: 38px;\\n    padding: 0;\\n    display: flex;\\n    align-items: center;\\n    justify-content: center;\\n    opacity: 0;\\n    transition: opacity .3s ease;\\n    \\n    position: absolute;\\n    left: 50%;\\n    top: 70%;\\n    transform: translate(-50%, -50%);\\n}\\n\\n.el-item:hover .el-link{\\n\\topacity: 1;\\n}\\n\\n\\\/*\\n.uk-slider-items {\\n  direction: rtl;\\n}\\n.uk-slider-items > * {\\n  direction: ltr;\\n}\\n*\\\/\\n\\n@media screen and (max-width: 767px){\\n    .el-content{\\n\\t\\tfont-size: 14px;\\n        margin-right: 0;\\n    }\\n    .el-item .uk-panel{\\n    \\tpadding: 10px;\\n    }\\n}\",\"height_expand\":false,\"icon_width\":80,\"image_align\":\"top\",\"image_border\":\"rounded\",\"image_grid_breakpoint\":\"m\",\"image_grid_width\":\"1-2\",\"image_height\":568,\"image_svg_color\":\"emphasis\",\"image_width\":488,\"link_margin\":\"remove\",\"link_style\":\"primary\",\"link_text\":\"\",\"margin\":\"medium\",\"meta_align\":\"above-title\",\"meta_element\":\"div\",\"meta_margin\":\"remove\",\"meta_style\":\"text-meta\",\"nav\":\"\",\"nav_align\":\"center\",\"nav_breakpoint\":\"s\",\"panel_card_offset\":false,\"panel_expand\":\"content\",\"panel_image_no_padding\":false,\"panel_link\":true,\"panel_match\":true,\"panel_padding\":\"small\",\"panel_style\":\"card-default\",\"position\":\"relative\",\"show_content\":true,\"show_hover_image\":true,\"show_hover_video\":true,\"show_image\":true,\"show_link\":true,\"show_meta\":true,\"show_title\":true,\"show_video\":true,\"slidenav\":\"top-right\",\"slidenav_breakpoint\":\"\",\"slidenav_large\":false,\"slidenav_margin\":\"medium\",\"slidenav_outside_breakpoint\":\"s\",\"slider_autoplay_pause\":true,\"slider_center\":false,\"slider_gap\":\"medium\",\"slider_parallax\":false,\"slider_parallax_easing\":\"0\",\"slider_parallax_target\":\"!.tm-grid-expand\",\"slider_sets\":false,\"slider_width\":\"fixed\",\"slider_width_default\":\"1-2\",\"slider_width_medium\":\"1-3\",\"slider_width_small\":\"1-2\",\"text_align\":\"left\",\"title_align\":\"top\",\"title_element\":\"h3\",\"title_grid_breakpoint\":\"m\",\"title_grid_width\":\"1-2\",\"title_hover_style\":\"reset\"},\"children\":[{\"type\":\"panel-slider_item\",\"props\":{\"content\":\"SEK 100\",\"image\":\"wp-content\\\/uploads\\\/2025\\\/06\\\/product.png\",\"link\":\"#\",\"link_text\":\"<span uk-icon=\\\"plus\\\"><\\\/span>\",\"meta\":\"NYTT\",\"status\":\"disabled\",\"title\":\"Flow Gosedjur med<br\\\/> Nattlampa Liva Beige\"}},{\"type\":\"panel-slider_item\",\"props\":{\"content\":\"SEK 100\",\"image\":\"wp-content\\\/uploads\\\/2025\\\/06\\\/product.png\",\"link\":\"#\",\"link_text\":\"<span uk-icon=\\\"plus\\\"><\\\/span>\",\"meta\":\"NYTT\",\"status\":\"disabled\",\"title\":\"Flow Gosedjur med<br\\\/> Nattlampa Liva Beige\"}},{\"type\":\"panel-slider_item\",\"props\":{\"content\":\"SEK 100\",\"image\":\"wp-content\\\/uploads\\\/2025\\\/06\\\/product.png\",\"link\":\"#\",\"link_text\":\"<span uk-icon=\\\"plus\\\"><\\\/span>\",\"meta\":\"NYTT\",\"status\":\"disabled\",\"title\":\"Flow Gosedjur med<br\\\/> Nattlampa Liva Beige\"}},{\"type\":\"panel-slider_item\",\"props\":{\"content\":\"SEK 100\",\"image\":\"wp-content\\\/uploads\\\/2025\\\/06\\\/product.png\",\"link\":\"#\",\"link_text\":\"<span uk-icon=\\\"plus\\\"><\\\/span>\",\"meta\":\"NYTT\",\"status\":\"disabled\",\"title\":\"Flow Gosedjur med<br\\\/> Nattlampa Liva Beige\"}},{\"type\":\"panel-slider_item\",\"props\":{\"link_text\":\"<span uk-icon=\\\"plus\\\"><\\\/span>\",\"meta\":\"NYTT\"},\"source\":{\"query\":{\"name\":\"products.customProducts\",\"arguments\":{\"terms\":[922],\"pa_accessoarer_operator\":\"IN\",\"pa_anpassade_madrasser_2st_operator\":\"IN\",\"pa_anpassande_madrass_operator\":\"IN\",\"pa_antal_bollar_operator\":\"IN\",\"pa_antal_moduler_operator\":\"IN\",\"pa_antal_stolar_operator\":\"IN\",\"pa_baddmatt_operator\":\"IN\",\"pa_behandling_operator\":\"IN\",\"pa_behandlingen_operator\":\"IN\",\"pa_bollar_operator\":\"IN\",\"pa_diameter_operator\":\"IN\",\"pa_dorroppning_operator\":\"IN\",\"pa_entre_operator\":\"IN\",\"pa_entresida_operator\":\"IN\",\"pa_extrasang_operator\":\"IN\",\"pa_extrasang_funktion_operator\":\"IN\",\"pa_farg_operator\":\"IN\",\"pa_farg_klattertriangel_operator\":\"IN\",\"pa_farg_pa_bollarna_operator\":\"IN\",\"pa_farg_pa_bordet_operator\":\"IN\",\"pa_farg_pa_stolen_operator\":\"IN\",\"pa_farg_pa_trappstegen_operator\":\"IN\",\"pa_farg_sangram_operator\":\"IN\",\"pa_farg_sofftyg_operator\":\"IN\",\"pa_fargen_pa_dina_pilar_operator\":\"IN\",\"pa_figur_operator\":\"IN\",\"pa_filt_operator\":\"IN\",\"pa_forvaringslada_operator\":\"IN\",\"pa_forvaringslada_extra_sang_operator\":\"IN\",\"pa_forvaringslada_under_operator\":\"IN\",\"pa_forvaringslador_operator\":\"IN\",\"pa_forvaringslador_extrasang_operator\":\"IN\",\"pa_gardiner_operator\":\"IN\",\"pa_hojd_operator\":\"IN\",\"pa_hyllplansracke_operator\":\"IN\",\"pa_juniorsida_dagbadd_operator\":\"IN\",\"pa_lackering_operator\":\"IN\",\"pa_lada_operator\":\"IN\",\"pa_langd_operator\":\"IN\",\"pa_matt_operator\":\"IN\",\"pa_med_forvaringslada_operator\":\"IN\",\"pa_med_madrass_operator\":\"IN\",\"pa_med_madrasser_operator\":\"IN\",\"pa_med_tillhorande_skummadrass_operator\":\"IN\",\"pa_modell_operator\":\"IN\",\"pa_motiv_operator\":\"IN\",\"pa_paket_operator\":\"IN\",\"pa_personifierad_operator\":\"IN\",\"pa_sakerhetsskena_operator\":\"IN\",\"pa_sang_med_forvaringslada_under_operator\":\"IN\",\"pa_sangstorlek_operator\":\"IN\",\"pa_sidoskydd_operator\":\"IN\",\"pa_sidoskydd_pa_nedersta_sangen_operator\":\"IN\",\"pa_sidoskydd_runt_sangen_operator\":\"IN\",\"pa_size_operator\":\"IN\",\"pa_staket_runt_sangen_operator\":\"IN\",\"pa_stege_operator\":\"IN\",\"pa_stodbrada_operator\":\"IN\",\"pa_stodbrada_extrasang_operator\":\"IN\",\"pa_stomme_operator\":\"IN\",\"pa_storkek_operator\":\"IN\",\"pa_storlek_operator\":\"IN\",\"pa_storlek_pa_rum_operator\":\"IN\",\"pa_tak_operator\":\"IN\",\"pa_takhojd_operator\":\"IN\",\"pa_text_operator\":\"IN\",\"pa_tillbehor_operator\":\"IN\",\"pa_tjocklek_operator\":\"IN\",\"pa_trabehandling_operator\":\"IN\",\"pa_tradfarg_kant_operator\":\"IN\",\"product_brand_operator\":\"IN\",\"product_cat_operator\":\"IN\",\"product_tag_operator\":\"IN\",\"product_visibility_operator\":\"IN\",\"users\":[],\"users_operator\":\"IN\",\"offset\":0,\"limit\":16,\"order\":\"date\",\"order_direction\":\"DESC\",\"pa_forvaringslada_med_sovfunkt_operator\":\"IN\"}},\"props\":{\"title\":{\"name\":\"title\"},\"content\":{\"name\":\"woocommerce.price\"},\"image\":{\"name\":\"featuredImage.url\"},\"hover_image\":{\"name\":\"field.second_image.url\"},\"link\":{\"name\":\"link\"}}}}],\"name\":\"Product Slider With products attached\"}]}]}]}],\"version\":\"4.5.25\"} --><\/p>\n","protected":false},"excerpt":{"rendered":"<p>\ud83c\udf89 Babyloves mellandagsrea 2025 \u00c5rets mellandagsrea hos Babylove \u00e4r h\u00e4r! Passa p\u00e5 att fynda utvalda favoriter f\u00f6r bebisar och barn till riktigt bra priser. H\u00e4r hittar du kvalitetsprodukter som g\u00f6r vardagen enklare \u2013 nu till extra f\u00f6rm\u00e5nliga erbjudanden. Skynda att shoppa innan lagret tar slut \u2013 mellandagsrean g\u00e4ller endast under en begr\u00e4nsad tid! 2026-01-07T22:00:00.000Z Liewood [&hellip;]<\/p>\n","protected":false},"author":1,"featured_media":0,"parent":0,"menu_order":0,"comment_status":"closed","ping_status":"closed","template":"","meta":{"_acf_changed":false,"editor_notices":[],"footnotes":""},"class_list":["post-86878","page","type-page","status-publish","hentry"],"acf":[],"yoast_head":"<!-- This site is optimized with the Yoast SEO Premium plugin v25.8 (Yoast SEO v27.2) - https:\/\/yoast.com\/product\/yoast-seo-premium-wordpress\/ -->\n<title>Mellandagsrea - Babylove Norska<\/title>\n<meta name=\"robots\" content=\"noindex, follow, max-snippet:-1, max-image-preview:large, max-video-preview:-1\" \/>\n<meta property=\"og:locale\" content=\"nb_NO\" \/>\n<meta property=\"og:type\" content=\"article\" \/>\n<meta property=\"og:title\" content=\"Mellandagsrea\" \/>\n<meta property=\"og:description\" content=\"\ud83c\udf89 Babyloves mellandagsrea 2025 \u00c5rets mellandagsrea hos Babylove \u00e4r h\u00e4r! Passa p\u00e5 att fynda utvalda favoriter f\u00f6r bebisar och barn till riktigt bra priser. H\u00e4r hittar du kvalitetsprodukter som g\u00f6r vardagen enklare \u2013 nu till extra f\u00f6rm\u00e5nliga erbjudanden. Skynda att shoppa innan lagret tar slut \u2013 mellandagsrean g\u00e4ller endast under en begr\u00e4nsad tid! 2026-01-07T22:00:00.000Z Liewood [&hellip;]\" \/>\n<meta property=\"og:url\" content=\"https:\/\/babylove.se\/no\/mellandagsrea2025\/\" \/>\n<meta property=\"og:site_name\" content=\"Babylove Norska\" \/>\n<meta property=\"article:modified_time\" content=\"2026-01-05T07:01:37+00:00\" \/>\n<meta name=\"twitter:card\" content=\"summary_large_image\" \/>\n<meta name=\"twitter:label1\" content=\"Ansl. lesetid\" \/>\n\t<meta name=\"twitter:data1\" content=\"3 minutter\" \/>\n<script type=\"application\/ld+json\" class=\"yoast-schema-graph\">{\"@context\":\"https:\/\/schema.org\",\"@graph\":[{\"@type\":\"WebPage\",\"@id\":\"https:\/\/babylove.se\/no\/mellandagsrea2025\/\",\"url\":\"https:\/\/babylove.se\/no\/mellandagsrea2025\/\",\"name\":\"Mellandagsrea - Babylove Norska\",\"isPartOf\":{\"@id\":\"https:\/\/babylove.se\/no\/#website\"},\"datePublished\":\"2025-12-25T15:23:10+00:00\",\"dateModified\":\"2026-01-05T07:01:37+00:00\",\"breadcrumb\":{\"@id\":\"https:\/\/babylove.se\/no\/mellandagsrea2025\/#breadcrumb\"},\"inLanguage\":\"nb-NO\",\"potentialAction\":[{\"@type\":\"ReadAction\",\"target\":[\"https:\/\/babylove.se\/no\/mellandagsrea2025\/\"]}]},{\"@type\":\"BreadcrumbList\",\"@id\":\"https:\/\/babylove.se\/no\/mellandagsrea2025\/#breadcrumb\",\"itemListElement\":[{\"@type\":\"ListItem\",\"position\":1,\"name\":\"Hem\",\"item\":\"https:\/\/babylove.se\/no\/\"},{\"@type\":\"ListItem\",\"position\":2,\"name\":\"Mellandagsrea\"}]},{\"@type\":\"WebSite\",\"@id\":\"https:\/\/babylove.se\/no\/#website\",\"url\":\"https:\/\/babylove.se\/no\/\",\"name\":\"Babylove Norska\",\"description\":\"\",\"potentialAction\":[{\"@type\":\"SearchAction\",\"target\":{\"@type\":\"EntryPoint\",\"urlTemplate\":\"https:\/\/babylove.se\/no\/?s={search_term_string}\"},\"query-input\":{\"@type\":\"PropertyValueSpecification\",\"valueRequired\":true,\"valueName\":\"search_term_string\"}}],\"inLanguage\":\"nb-NO\"}]}<\/script>\n<!-- \/ Yoast SEO Premium plugin. -->","yoast_head_json":{"title":"Mellandagsrea - Babylove Norska","robots":{"index":"noindex","follow":"follow","max-snippet":"max-snippet:-1","max-image-preview":"max-image-preview:large","max-video-preview":"max-video-preview:-1"},"og_locale":"nb_NO","og_type":"article","og_title":"Mellandagsrea","og_description":"\ud83c\udf89 Babyloves mellandagsrea 2025 \u00c5rets mellandagsrea hos Babylove \u00e4r h\u00e4r! Passa p\u00e5 att fynda utvalda favoriter f\u00f6r bebisar och barn till riktigt bra priser. H\u00e4r hittar du kvalitetsprodukter som g\u00f6r vardagen enklare \u2013 nu till extra f\u00f6rm\u00e5nliga erbjudanden. Skynda att shoppa innan lagret tar slut \u2013 mellandagsrean g\u00e4ller endast under en begr\u00e4nsad tid! 2026-01-07T22:00:00.000Z Liewood [&hellip;]","og_url":"https:\/\/babylove.se\/no\/mellandagsrea2025\/","og_site_name":"Babylove Norska","article_modified_time":"2026-01-05T07:01:37+00:00","twitter_card":"summary_large_image","twitter_misc":{"Ansl. lesetid":"3 minutter"},"schema":{"@context":"https:\/\/schema.org","@graph":[{"@type":"WebPage","@id":"https:\/\/babylove.se\/no\/mellandagsrea2025\/","url":"https:\/\/babylove.se\/no\/mellandagsrea2025\/","name":"Mellandagsrea - Babylove Norska","isPartOf":{"@id":"https:\/\/babylove.se\/no\/#website"},"datePublished":"2025-12-25T15:23:10+00:00","dateModified":"2026-01-05T07:01:37+00:00","breadcrumb":{"@id":"https:\/\/babylove.se\/no\/mellandagsrea2025\/#breadcrumb"},"inLanguage":"nb-NO","potentialAction":[{"@type":"ReadAction","target":["https:\/\/babylove.se\/no\/mellandagsrea2025\/"]}]},{"@type":"BreadcrumbList","@id":"https:\/\/babylove.se\/no\/mellandagsrea2025\/#breadcrumb","itemListElement":[{"@type":"ListItem","position":1,"name":"Hem","item":"https:\/\/babylove.se\/no\/"},{"@type":"ListItem","position":2,"name":"Mellandagsrea"}]},{"@type":"WebSite","@id":"https:\/\/babylove.se\/no\/#website","url":"https:\/\/babylove.se\/no\/","name":"Babylove Norska","description":"","potentialAction":[{"@type":"SearchAction","target":{"@type":"EntryPoint","urlTemplate":"https:\/\/babylove.se\/no\/?s={search_term_string}"},"query-input":{"@type":"PropertyValueSpecification","valueRequired":true,"valueName":"search_term_string"}}],"inLanguage":"nb-NO"}]}},"_links":{"self":[{"href":"https:\/\/babylove.se\/no\/wp-json\/wp\/v2\/pages\/86878","targetHints":{"allow":["GET"]}}],"collection":[{"href":"https:\/\/babylove.se\/no\/wp-json\/wp\/v2\/pages"}],"about":[{"href":"https:\/\/babylove.se\/no\/wp-json\/wp\/v2\/types\/page"}],"author":[{"embeddable":true,"href":"https:\/\/babylove.se\/no\/wp-json\/wp\/v2\/users\/1"}],"replies":[{"embeddable":true,"href":"https:\/\/babylove.se\/no\/wp-json\/wp\/v2\/comments?post=86878"}],"version-history":[{"count":0,"href":"https:\/\/babylove.se\/no\/wp-json\/wp\/v2\/pages\/86878\/revisions"}],"wp:attachment":[{"href":"https:\/\/babylove.se\/no\/wp-json\/wp\/v2\/media?parent=86878"}],"curies":[{"name":"wp","href":"https:\/\/api.w.org\/{rel}","templated":true}]}}