{"id":91471,"date":"2026-01-30T13:01:52","date_gmt":"2026-01-30T12:01:52","guid":{"rendered":"https:\/\/babylove.se\/?page_id=91471"},"modified":"2026-03-02T16:09:34","modified_gmt":"2026-03-02T15:09:34","slug":"utforsaljning-40","status":"publish","type":"page","link":"https:\/\/babylove.se\/no\/utforsaljning-40\/","title":{"rendered":"Utf\u00f6rs\u00e4ljning &#8211; upp till 75%"},"content":{"rendered":"<p><a href=\"https:\/\/babylove.se\/kategori\/reasangar\/\"><img decoding=\"async\" src=\"\/wp-content\/uploads\/2025\/11\/340.png\" alt=\"\"><\/a><\/p>\n<div>\n<h3>\ud83c\udf7c Utf\u00f6rs\u00e4ljning hos Babylove \u2013 upp till 75% rabatt p\u00e5 utvalda produkter<\/h3>\n<div>\n<p data-start=\"191\" data-end=\"412\">Nu g\u00f6r vi plats f\u00f6r nyheter!<br \/>\nPassa p\u00e5 att fynda popul\u00e4ra baby- och barnprodukter till 75% rabatt.<\/p>\n<p>G\u00e4ller endast nya best\u00e4llningar <\/p>\n<p> Erbjudandet g\u00e4ller ett begr\u00e4nsat antal produkter \u2013 f\u00f6rst till kvarn!<\/p>\n<p>Alla produkter h\u00e5ller samma h\u00f6ga kvalitet som alltid \u2013 men till extra sn\u00e4lla priser. .<\/p>\n<p data-start=\"414\" data-end=\"508\">\n<\/div>\n<p><a href=\"#\"><\/a><\/p>\n<\/div>\n<p><time datetime=\"2026-03-08T22:59:00.000Z\">2026-03-08T22:59:00.000Z<\/time><\/p>\n<h1>Uppt\u00e4ck v\u00e5ra kunders favoriter<\/h1>\n<p><!--more--><br \/>\n<!-- {\"type\":\"layout\",\"children\":[{\"type\":\"section\",\"props\":{\"html_element\":\"article\",\"image_position\":\"center-center\",\"padding_remove_bottom\":false,\"padding_remove_top\":false,\"style\":\"default\",\"title_breakpoint\":\"xl\",\"title_position\":\"top-left\",\"title_rotation\":\"left\",\"vertical_align\":\"\",\"width\":\"xlarge\"},\"children\":[{\"type\":\"row\",\"props\":{\"margin\":\"remove-vertical\"},\"children\":[{\"type\":\"column\",\"props\":{\"image_position\":\"center-center\",\"position_sticky_breakpoint\":\"m\"}}]},{\"type\":\"row\",\"props\":{\"column_gap\":\"medium\",\"layout\":\"1-2,1-2\",\"margin_remove_top\":true,\"row_gap\":\"large\"},\"children\":[{\"type\":\"column\",\"props\":{\"image_position\":\"center-center\",\"position_sticky_breakpoint\":\"m\",\"vertical_align\":\"middle\",\"width_medium\":\"1-2\"},\"children\":[{\"type\":\"image\",\"props\":{\"blend\":false,\"image\":\"wp-content\\\/uploads\\\/2025\\\/11\\\/340.png\",\"image_height\":\"705\",\"image_loading\":false,\"image_svg_color\":\"emphasis\",\"image_width\":\"1055\",\"link\":\"https:\\\/\\\/babylove.se\\\/kategori\\\/reasangar\\\/\",\"link_aria_label\":\"Utf\\u00f6rs\\u00e4ljning - 40% p\\u00e5 utvalda produkter\",\"margin\":\"remove-vertical\",\"text_align\":\"center\",\"text_color\":\"light\"}}]},{\"type\":\"column\",\"props\":{\"image_position\":\"center-center\",\"position_sticky_breakpoint\":\"m\",\"vertical_align\":\"middle\",\"width_medium\":\"1-2\"},\"children\":[{\"type\":\"panel\",\"props\":{\"block_align_breakpoint\":\"m\",\"block_align_fallback\":\"center\",\"content\":\"\n\n<p data-start=\\\"191\\\" data-end=\\\"412\\\">Nu g\\u00f6r vi plats f\\u00f6r nyheter!\\nPassa p\\u00e5 att fynda popul\\u00e4ra baby- och barnprodukter till 75% rabatt.\\n\n\n<p>G\\u00e4ller endast nya best\\u00e4llningar <\\\/p> Erbjudandet g\\u00e4ller ett begr\\u00e4nsat antal produkter \\u2013 f\\u00f6rst till kvarn!\\n\\nAlla produkter h\\u00e5ller samma h\\u00f6ga kvalitet som alltid \\u2013 men till extra sn\\u00e4lla priser. .<\\\/p>\\n\\n\\n\n\n<p data-start=\\\"414\\\" data-end=\\\"508\\\"><\\\/p>\",\"content_column_breakpoint\":\"m\",\"content_margin\":\"medium\",\"icon_width\":80,\"image_align\":\"top\",\"image_grid_breakpoint\":\"m\",\"image_grid_width\":\"1-2\",\"image_svg_color\":\"emphasis\",\"link\":\"#\",\"link_margin\":\"medium\",\"link_style\":\"secondary\",\"link_text\":\"\",\"margin\":\"default\",\"maxwidth\":\"large\",\"meta_align\":\"below-title\",\"meta_element\":\"div\",\"meta_style\":\"text-meta\",\"text_align\":\"left\",\"text_align_breakpoint\":\"m\",\"text_align_fallback\":\"center\",\"title\":\"\\ud83c\\udf7c Utf\\u00f6rs\\u00e4ljning hos Babylove \\u2013 upp till 75% rabatt p\\u00e5 utvalda produkter\",\"title_align\":\"top\",\"title_element\":\"h3\",\"title_grid_breakpoint\":\"m\",\"title_grid_width\":\"1-2\",\"title_hover_style\":\"reset\"}}]}]}],\"name\":\"Latest Post\"},{\"type\":\"section\",\"props\":{\"image_position\":\"center-center\",\"style\":\"default\",\"title_breakpoint\":\"xl\",\"title_position\":\"top-left\",\"title_rotation\":\"left\",\"vertical_align\":\"middle\",\"width\":\"default\"},\"children\":[{\"type\":\"row\",\"children\":[{\"type\":\"column\",\"props\":{\"image_position\":\"center-center\",\"position_sticky_breakpoint\":\"m\"},\"children\":[{\"type\":\"countdown\",\"props\":{\"blend\":false,\"date\":\"2026-03-08T22:59:00.000Z\",\"grid_column_gap\":\"small\",\"grid_row_gap\":\"small\",\"label_days\":\"Dagar\",\"label_hours\":\"Timmar\",\"label_margin\":\"small\",\"label_minutes\":\"Minuter\",\"label_seconds\":\"Sekunder\",\"margin\":\"default\",\"show_label\":true,\"show_separator\":true,\"text_align\":\"center\"}}]}]}]},{\"type\":\"section\",\"props\":{\"image_position\":\"center-center\",\"style\":\"default\",\"title_breakpoint\":\"xl\",\"title_position\":\"top-left\",\"title_rotation\":\"left\",\"vertical_align\":\"middle\",\"width\":\"default\"},\"children\":[{\"type\":\"row\",\"children\":[{\"type\":\"column\",\"props\":{\"image_position\":\"center-center\",\"position_sticky_breakpoint\":\"m\"},\"children\":[{\"type\":\"headline\",\"props\":{\"content\":\"Uppt\\u00e4ck v\\u00e5ra kunders favoriter\",\"text_align\":\"center\",\"title_element\":\"h1\"}}]}]}]},{\"type\":\"section\",\"props\":{\"image_position\":\"center-center\",\"style\":\"default\",\"title_breakpoint\":\"xl\",\"title_position\":\"top-left\",\"title_rotation\":\"left\",\"vertical_align\":\"middle\",\"width\":\"large\"},\"children\":[{\"type\":\"row\",\"children\":[{\"type\":\"column\",\"props\":{\"image_position\":\"center-center\",\"position_sticky_breakpoint\":\"m\"},\"children\":[{\"type\":\"woo_products\",\"props\":{\"cat_operator\":\"AND\",\"columns\":4,\"limit\":100,\"order\":\"asc\",\"orderby\":\"rand\",\"paginate\":\"true\",\"product_visibility\":\"visible\",\"show_count\":true,\"show_ordering\":true,\"show_rating\":true,\"show_title\":true,\"tag\":\"Utf\\u00f6rs\\u00e4ljning\",\"tag_operator\":\"IN\",\"terms_operator\":\"IN\",\"type\":\"products\"}}]}]}]}],\"version\":\"4.5.25\"} --><\/p>\n","protected":false},"excerpt":{"rendered":"<p>\ud83c\udf7c Utf\u00f6rs\u00e4ljning hos Babylove \u2013 upp till 75% rabatt p\u00e5 utvalda produkter Nu g\u00f6r vi plats f\u00f6r nyheter! Passa p\u00e5 att fynda popul\u00e4ra baby- och barnprodukter till 75% rabatt. G\u00e4ller endast nya best\u00e4llningar Erbjudandet g\u00e4ller ett begr\u00e4nsat antal produkter \u2013 f\u00f6rst till kvarn! Alla produkter h\u00e5ller samma h\u00f6ga kvalitet som alltid \u2013 men till extra [&hellip;]<\/p>\n","protected":false},"author":1,"featured_media":0,"parent":0,"menu_order":0,"comment_status":"closed","ping_status":"closed","template":"","meta":{"_acf_changed":false,"editor_notices":[],"footnotes":""},"class_list":["post-91471","page","type-page","status-publish","hentry"],"acf":[],"yoast_head":"<!-- This site is optimized with the Yoast SEO Premium plugin v25.8 (Yoast SEO v27.2) - https:\/\/yoast.com\/product\/yoast-seo-premium-wordpress\/ -->\n<title>Utf\u00f6rs\u00e4ljning - upp till 75% - Babylove Norska<\/title>\n<meta name=\"robots\" content=\"noindex, follow, max-snippet:-1, max-image-preview:large, max-video-preview:-1\" \/>\n<meta property=\"og:locale\" content=\"nb_NO\" \/>\n<meta property=\"og:type\" content=\"article\" \/>\n<meta property=\"og:title\" content=\"Utf\u00f6rs\u00e4ljning - upp till 75%\" \/>\n<meta property=\"og:description\" content=\"\ud83c\udf7c Utf\u00f6rs\u00e4ljning hos Babylove \u2013 upp till 75% rabatt p\u00e5 utvalda produkter Nu g\u00f6r vi plats f\u00f6r nyheter! Passa p\u00e5 att fynda popul\u00e4ra baby- och barnprodukter till 75% rabatt. G\u00e4ller endast nya best\u00e4llningar Erbjudandet g\u00e4ller ett begr\u00e4nsat antal produkter \u2013 f\u00f6rst till kvarn! Alla produkter h\u00e5ller samma h\u00f6ga kvalitet som alltid \u2013 men till extra [&hellip;]\" \/>\n<meta property=\"og:url\" content=\"https:\/\/babylove.se\/no\/utforsaljning-40\/\" \/>\n<meta property=\"og:site_name\" content=\"Babylove Norska\" \/>\n<meta property=\"article:modified_time\" content=\"2026-03-02T15:09:34+00:00\" \/>\n<meta name=\"twitter:card\" content=\"summary_large_image\" \/>\n<meta name=\"twitter:label1\" content=\"Ansl. lesetid\" \/>\n\t<meta name=\"twitter:data1\" content=\"1 minutt\" \/>\n<script type=\"application\/ld+json\" class=\"yoast-schema-graph\">{\"@context\":\"https:\/\/schema.org\",\"@graph\":[{\"@type\":\"WebPage\",\"@id\":\"https:\/\/babylove.se\/no\/utforsaljning-40\/\",\"url\":\"https:\/\/babylove.se\/no\/utforsaljning-40\/\",\"name\":\"Utf\u00f6rs\u00e4ljning - upp till 75% - Babylove Norska\",\"isPartOf\":{\"@id\":\"https:\/\/babylove.se\/no\/#website\"},\"datePublished\":\"2026-01-30T12:01:52+00:00\",\"dateModified\":\"2026-03-02T15:09:34+00:00\",\"breadcrumb\":{\"@id\":\"https:\/\/babylove.se\/no\/utforsaljning-40\/#breadcrumb\"},\"inLanguage\":\"nb-NO\",\"potentialAction\":[{\"@type\":\"ReadAction\",\"target\":[\"https:\/\/babylove.se\/no\/utforsaljning-40\/\"]}]},{\"@type\":\"BreadcrumbList\",\"@id\":\"https:\/\/babylove.se\/no\/utforsaljning-40\/#breadcrumb\",\"itemListElement\":[{\"@type\":\"ListItem\",\"position\":1,\"name\":\"Hem\",\"item\":\"https:\/\/babylove.se\/no\/\"},{\"@type\":\"ListItem\",\"position\":2,\"name\":\"Utf\u00f6rs\u00e4ljning &#8211; upp till 75%\"}]},{\"@type\":\"WebSite\",\"@id\":\"https:\/\/babylove.se\/no\/#website\",\"url\":\"https:\/\/babylove.se\/no\/\",\"name\":\"Babylove Norska\",\"description\":\"\",\"potentialAction\":[{\"@type\":\"SearchAction\",\"target\":{\"@type\":\"EntryPoint\",\"urlTemplate\":\"https:\/\/babylove.se\/no\/?s={search_term_string}\"},\"query-input\":{\"@type\":\"PropertyValueSpecification\",\"valueRequired\":true,\"valueName\":\"search_term_string\"}}],\"inLanguage\":\"nb-NO\"}]}<\/script>\n<!-- \/ Yoast SEO Premium plugin. -->","yoast_head_json":{"title":"Utf\u00f6rs\u00e4ljning - upp till 75% - Babylove Norska","robots":{"index":"noindex","follow":"follow","max-snippet":"max-snippet:-1","max-image-preview":"max-image-preview:large","max-video-preview":"max-video-preview:-1"},"og_locale":"nb_NO","og_type":"article","og_title":"Utf\u00f6rs\u00e4ljning - upp till 75%","og_description":"\ud83c\udf7c Utf\u00f6rs\u00e4ljning hos Babylove \u2013 upp till 75% rabatt p\u00e5 utvalda produkter Nu g\u00f6r vi plats f\u00f6r nyheter! Passa p\u00e5 att fynda popul\u00e4ra baby- och barnprodukter till 75% rabatt. G\u00e4ller endast nya best\u00e4llningar Erbjudandet g\u00e4ller ett begr\u00e4nsat antal produkter \u2013 f\u00f6rst till kvarn! Alla produkter h\u00e5ller samma h\u00f6ga kvalitet som alltid \u2013 men till extra [&hellip;]","og_url":"https:\/\/babylove.se\/no\/utforsaljning-40\/","og_site_name":"Babylove Norska","article_modified_time":"2026-03-02T15:09:34+00:00","twitter_card":"summary_large_image","twitter_misc":{"Ansl. lesetid":"1 minutt"},"schema":{"@context":"https:\/\/schema.org","@graph":[{"@type":"WebPage","@id":"https:\/\/babylove.se\/no\/utforsaljning-40\/","url":"https:\/\/babylove.se\/no\/utforsaljning-40\/","name":"Utf\u00f6rs\u00e4ljning - upp till 75% - Babylove Norska","isPartOf":{"@id":"https:\/\/babylove.se\/no\/#website"},"datePublished":"2026-01-30T12:01:52+00:00","dateModified":"2026-03-02T15:09:34+00:00","breadcrumb":{"@id":"https:\/\/babylove.se\/no\/utforsaljning-40\/#breadcrumb"},"inLanguage":"nb-NO","potentialAction":[{"@type":"ReadAction","target":["https:\/\/babylove.se\/no\/utforsaljning-40\/"]}]},{"@type":"BreadcrumbList","@id":"https:\/\/babylove.se\/no\/utforsaljning-40\/#breadcrumb","itemListElement":[{"@type":"ListItem","position":1,"name":"Hem","item":"https:\/\/babylove.se\/no\/"},{"@type":"ListItem","position":2,"name":"Utf\u00f6rs\u00e4ljning &#8211; upp till 75%"}]},{"@type":"WebSite","@id":"https:\/\/babylove.se\/no\/#website","url":"https:\/\/babylove.se\/no\/","name":"Babylove Norska","description":"","potentialAction":[{"@type":"SearchAction","target":{"@type":"EntryPoint","urlTemplate":"https:\/\/babylove.se\/no\/?s={search_term_string}"},"query-input":{"@type":"PropertyValueSpecification","valueRequired":true,"valueName":"search_term_string"}}],"inLanguage":"nb-NO"}]}},"_links":{"self":[{"href":"https:\/\/babylove.se\/no\/wp-json\/wp\/v2\/pages\/91471","targetHints":{"allow":["GET"]}}],"collection":[{"href":"https:\/\/babylove.se\/no\/wp-json\/wp\/v2\/pages"}],"about":[{"href":"https:\/\/babylove.se\/no\/wp-json\/wp\/v2\/types\/page"}],"author":[{"embeddable":true,"href":"https:\/\/babylove.se\/no\/wp-json\/wp\/v2\/users\/1"}],"replies":[{"embeddable":true,"href":"https:\/\/babylove.se\/no\/wp-json\/wp\/v2\/comments?post=91471"}],"version-history":[{"count":2,"href":"https:\/\/babylove.se\/no\/wp-json\/wp\/v2\/pages\/91471\/revisions"}],"predecessor-version":[{"id":93181,"href":"https:\/\/babylove.se\/no\/wp-json\/wp\/v2\/pages\/91471\/revisions\/93181"}],"wp:attachment":[{"href":"https:\/\/babylove.se\/no\/wp-json\/wp\/v2\/media?parent=91471"}],"curies":[{"name":"wp","href":"https:\/\/api.w.org\/{rel}","templated":true}]}}