{"id":1004,"date":"2025-07-18T19:59:13","date_gmt":"2025-07-18T18:59:13","guid":{"rendered":"https:\/\/babylove.se\/produkt\/pompoms-vimplar\/"},"modified":"2026-05-11T12:58:14","modified_gmt":"2026-05-11T11:58:14","slug":"pompomer-vimpler","status":"publish","type":"product","link":"https:\/\/babylove.se\/no\/produkt\/pompomer-vimpler\/","title":{"rendered":"Pompoms (tyllballer) vimpler"},"content":{"rendered":"<p><strong>10 dekorasjonspompoms av tyll.<\/strong> <strong>Pompomballer&nbsp;<\/strong>av tyll er de aller fineste og mye mer holdbare enn pom poms av papir. Lette \u00e5 holde rene da de kan skylles med vann. De kan gjenbrukes \u00e5r etter \u00e5r.<\/p>\n<p>Vakkert og kreativt \u00e5 henge i taket eller bare \u00e5 legge p\u00e5 bordet f.eks som <strong>bryllupsdekoration<\/strong>.Dekorasjonspompom av tyll. Fine \u00e5 henge opp som <strong>dekorasjon<\/strong>.&nbsp;<\/p>\n<p><strong>I settet finnes<\/strong>: 10 pompoms (10cm) &nbsp;<\/p>\n<p><strong>Farger:&nbsp;<\/strong>hvit, rosa, mint, bl\u00e5, gr\u00e5<\/p>\n<p><strong>Materiale:<\/strong>100 % Tyll<\/p>\n<p><span style=\"font-size: 11px;\">Designer: Babylove<\/span><\/p>\n","protected":false},"excerpt":{"rendered":"<p>10 dekorasjonspompoms av tyll. Pompomballer&nbsp;av tyll er de aller fineste og mye mer holdbare enn pom poms av papir. Lette \u00e5 holde rene da de kan skylles med vann. De kan gjenbrukes \u00e5r etter \u00e5r. Vakkert og kreativt \u00e5 henge i taket eller bare \u00e5 legge p\u00e5 bordet f.eks som bryllupsdekoration.Dekorasjonspompom av tyll. Fine \u00e5 [&hellip;]<\/p>\n","protected":false},"featured_media":1006,"comment_status":"closed","ping_status":"open","template":"","meta":{"_acf_changed":false},"product_brand":[38],"product_cat":[58],"product_tag":[1689],"class_list":{"0":"post-1004","1":"product","2":"type-product","3":"status-publish","4":"has-post-thumbnail","6":"product_brand-post-nord","7":"product_cat-vimpler","8":"product_tag-bestillingsvaror","10":"first","11":"instock","12":"taxable","13":"shipping-taxable","14":"purchasable","15":"product-type-simple"},"acf":[],"yoast_head":"<!-- This site is optimized with the Yoast SEO Premium plugin v25.8 (Yoast SEO v27.2) - https:\/\/yoast.com\/product\/yoast-seo-premium-wordpress\/ -->\n<title>Pompoms (tyllballer) vimpler - Babylove Norska<\/title>\n<meta name=\"robots\" content=\"noindex, follow, max-snippet:-1, max-image-preview:large, max-video-preview:-1\" \/>\n<meta property=\"og:locale\" content=\"nb_NO\" \/>\n<meta property=\"og:type\" content=\"article\" \/>\n<meta property=\"og:title\" content=\"Pompoms (tyllballer) vimpler\" \/>\n<meta property=\"og:description\" content=\"10 dekorasjonspompoms av tyll. Pompomballer&nbsp;av tyll er de aller fineste og mye mer holdbare enn pom poms av papir. Lette \u00e5 holde rene da de kan skylles med vann. De kan gjenbrukes \u00e5r etter \u00e5r. Vakkert og kreativt \u00e5 henge i taket eller bare \u00e5 legge p\u00e5 bordet f.eks som bryllupsdekoration.Dekorasjonspompom av tyll. Fine \u00e5 [&hellip;]\" \/>\n<meta property=\"og:url\" content=\"https:\/\/babylove.se\/no\/produkt\/pompomer-vimpler\/\" \/>\n<meta property=\"og:site_name\" content=\"Babylove Norska\" \/>\n<meta property=\"article:modified_time\" content=\"2026-05-11T11:58:14+00:00\" \/>\n<meta property=\"og:image\" content=\"https:\/\/babylove.se\/no\/wp-content\/uploads\/sites\/3\/2025\/07\/57178d1745be2.jpeg\" \/>\n\t<meta property=\"og:image:width\" content=\"530\" \/>\n\t<meta property=\"og:image:height\" content=\"607\" \/>\n\t<meta property=\"og:image:type\" content=\"image\/jpeg\" \/>\n<meta name=\"twitter:card\" content=\"summary_large_image\" \/>\n<meta name=\"twitter:label1\" content=\"Price\" \/>\n\t<meta name=\"twitter:data1\" content=\"531,00&nbsp;&#107;&#114;\" \/>\n\t<meta name=\"twitter:label2\" content=\"Availability\" \/>\n\t<meta name=\"twitter:data2\" content=\"In stock\" \/>\n<script type=\"application\/ld+json\" class=\"yoast-schema-graph\">{\"@context\":\"https:\/\/schema.org\",\"@graph\":[{\"@type\":\"WebPage\",\"@id\":\"https:\/\/babylove.se\/no\/produkt\/pompomer-vimpler\/\",\"url\":\"https:\/\/babylove.se\/no\/produkt\/pompomer-vimpler\/\",\"name\":\"Pompoms (tyllballer) vimpler - Babylove Norska\",\"isPartOf\":{\"@id\":\"https:\/\/babylove.se\/no\/#website\"},\"primaryImageOfPage\":{\"@id\":\"https:\/\/babylove.se\/no\/produkt\/pompomer-vimpler\/#primaryimage\"},\"image\":{\"@id\":\"https:\/\/babylove.se\/no\/produkt\/pompomer-vimpler\/#primaryimage\"},\"thumbnailUrl\":\"https:\/\/babylove.se\/no\/wp-content\/uploads\/sites\/3\/2025\/07\/57178d1745be2.jpeg\",\"datePublished\":\"2025-07-18T18:59:13+00:00\",\"dateModified\":\"2026-05-11T11:58:14+00:00\",\"breadcrumb\":{\"@id\":\"https:\/\/babylove.se\/no\/produkt\/pompomer-vimpler\/#breadcrumb\"},\"inLanguage\":\"nb-NO\",\"potentialAction\":[{\"@type\":\"ReadAction\",\"target\":[\"https:\/\/babylove.se\/no\/produkt\/pompomer-vimpler\/\"]}]},{\"@type\":\"ImageObject\",\"inLanguage\":\"nb-NO\",\"@id\":\"https:\/\/babylove.se\/no\/produkt\/pompomer-vimpler\/#primaryimage\",\"url\":\"https:\/\/babylove.se\/no\/wp-content\/uploads\/sites\/3\/2025\/07\/57178d1745be2.jpeg\",\"contentUrl\":\"https:\/\/babylove.se\/no\/wp-content\/uploads\/sites\/3\/2025\/07\/57178d1745be2.jpeg\",\"width\":530,\"height\":607},{\"@type\":\"BreadcrumbList\",\"@id\":\"https:\/\/babylove.se\/no\/produkt\/pompomer-vimpler\/#breadcrumb\",\"itemListElement\":[{\"@type\":\"ListItem\",\"position\":1,\"name\":\"Hem\",\"item\":\"https:\/\/babylove.se\/no\/\"},{\"@type\":\"ListItem\",\"position\":2,\"name\":\"Butik\",\"item\":\"https:\/\/babylove.se\/no\/butik\/\"},{\"@type\":\"ListItem\",\"position\":3,\"name\":\"Pompoms (tyllballer) vimpler\"}]},{\"@type\":\"WebSite\",\"@id\":\"https:\/\/babylove.se\/no\/#website\",\"url\":\"https:\/\/babylove.se\/no\/\",\"name\":\"Babylove Norska\",\"description\":\"\",\"potentialAction\":[{\"@type\":\"SearchAction\",\"target\":{\"@type\":\"EntryPoint\",\"urlTemplate\":\"https:\/\/babylove.se\/no\/?s={search_term_string}\"},\"query-input\":{\"@type\":\"PropertyValueSpecification\",\"valueRequired\":true,\"valueName\":\"search_term_string\"}}],\"inLanguage\":\"nb-NO\"}]}<\/script>\n<meta property=\"product:brand\" content=\"Post Nord\" \/>\n<meta property=\"product:price:amount\" content=\"531.00\" \/>\n<meta property=\"product:price:currency\" content=\"NOK\" \/>\n<meta property=\"og:availability\" content=\"instock\" \/>\n<meta property=\"product:availability\" content=\"instock\" \/>\n<meta property=\"product:retailer_item_id\" content=\"BL0099\" \/>\n<meta property=\"product:condition\" content=\"new\" \/>\n<!-- \/ Yoast SEO Premium plugin. -->","yoast_head_json":{"title":"Pompoms (tyllballer) vimpler - Babylove Norska","robots":{"index":"noindex","follow":"follow","max-snippet":"max-snippet:-1","max-image-preview":"max-image-preview:large","max-video-preview":"max-video-preview:-1"},"og_locale":"nb_NO","og_type":"article","og_title":"Pompoms (tyllballer) vimpler","og_description":"10 dekorasjonspompoms av tyll. Pompomballer&nbsp;av tyll er de aller fineste og mye mer holdbare enn pom poms av papir. Lette \u00e5 holde rene da de kan skylles med vann. De kan gjenbrukes \u00e5r etter \u00e5r. Vakkert og kreativt \u00e5 henge i taket eller bare \u00e5 legge p\u00e5 bordet f.eks som bryllupsdekoration.Dekorasjonspompom av tyll. Fine \u00e5 [&hellip;]","og_url":"https:\/\/babylove.se\/no\/produkt\/pompomer-vimpler\/","og_site_name":"Babylove Norska","article_modified_time":"2026-05-11T11:58:14+00:00","og_image":[{"width":530,"height":607,"url":"https:\/\/babylove.se\/no\/wp-content\/uploads\/sites\/3\/2025\/07\/57178d1745be2.jpeg","type":"image\/jpeg"}],"twitter_card":"summary_large_image","twitter_misc":{"Price":"531,00&nbsp;&#107;&#114;","Availability":"In stock"},"schema":{"@context":"https:\/\/schema.org","@graph":[{"@type":"WebPage","@id":"https:\/\/babylove.se\/no\/produkt\/pompomer-vimpler\/","url":"https:\/\/babylove.se\/no\/produkt\/pompomer-vimpler\/","name":"Pompoms (tyllballer) vimpler - Babylove Norska","isPartOf":{"@id":"https:\/\/babylove.se\/no\/#website"},"primaryImageOfPage":{"@id":"https:\/\/babylove.se\/no\/produkt\/pompomer-vimpler\/#primaryimage"},"image":{"@id":"https:\/\/babylove.se\/no\/produkt\/pompomer-vimpler\/#primaryimage"},"thumbnailUrl":"https:\/\/babylove.se\/no\/wp-content\/uploads\/sites\/3\/2025\/07\/57178d1745be2.jpeg","datePublished":"2025-07-18T18:59:13+00:00","dateModified":"2026-05-11T11:58:14+00:00","breadcrumb":{"@id":"https:\/\/babylove.se\/no\/produkt\/pompomer-vimpler\/#breadcrumb"},"inLanguage":"nb-NO","potentialAction":[{"@type":"ReadAction","target":["https:\/\/babylove.se\/no\/produkt\/pompomer-vimpler\/"]}]},{"@type":"ImageObject","inLanguage":"nb-NO","@id":"https:\/\/babylove.se\/no\/produkt\/pompomer-vimpler\/#primaryimage","url":"https:\/\/babylove.se\/no\/wp-content\/uploads\/sites\/3\/2025\/07\/57178d1745be2.jpeg","contentUrl":"https:\/\/babylove.se\/no\/wp-content\/uploads\/sites\/3\/2025\/07\/57178d1745be2.jpeg","width":530,"height":607},{"@type":"BreadcrumbList","@id":"https:\/\/babylove.se\/no\/produkt\/pompomer-vimpler\/#breadcrumb","itemListElement":[{"@type":"ListItem","position":1,"name":"Hem","item":"https:\/\/babylove.se\/no\/"},{"@type":"ListItem","position":2,"name":"Butik","item":"https:\/\/babylove.se\/no\/butik\/"},{"@type":"ListItem","position":3,"name":"Pompoms (tyllballer) vimpler"}]},{"@type":"WebSite","@id":"https:\/\/babylove.se\/no\/#website","url":"https:\/\/babylove.se\/no\/","name":"Babylove Norska","description":"","potentialAction":[{"@type":"SearchAction","target":{"@type":"EntryPoint","urlTemplate":"https:\/\/babylove.se\/no\/?s={search_term_string}"},"query-input":{"@type":"PropertyValueSpecification","valueRequired":true,"valueName":"search_term_string"}}],"inLanguage":"nb-NO"}]},"product_brand":"Post Nord","product_price_amount":"531.00","product_price_currency":"NOK","og_availability":"instock","product_availability":"instock","product_retailer_item_id":"BL0099","product_condition":"new"},"_links":{"self":[{"href":"https:\/\/babylove.se\/no\/wp-json\/wp\/v2\/product\/1004","targetHints":{"allow":["GET"]}}],"collection":[{"href":"https:\/\/babylove.se\/no\/wp-json\/wp\/v2\/product"}],"about":[{"href":"https:\/\/babylove.se\/no\/wp-json\/wp\/v2\/types\/product"}],"replies":[{"embeddable":true,"href":"https:\/\/babylove.se\/no\/wp-json\/wp\/v2\/comments?post=1004"}],"wp:featuredmedia":[{"embeddable":true,"href":"https:\/\/babylove.se\/no\/wp-json\/wp\/v2\/media\/1006"}],"wp:attachment":[{"href":"https:\/\/babylove.se\/no\/wp-json\/wp\/v2\/media?parent=1004"}],"wp:term":[{"taxonomy":"product_brand","embeddable":true,"href":"https:\/\/babylove.se\/no\/wp-json\/wp\/v2\/product_brand?post=1004"},{"taxonomy":"product_cat","embeddable":true,"href":"https:\/\/babylove.se\/no\/wp-json\/wp\/v2\/product_cat?post=1004"},{"taxonomy":"product_tag","embeddable":true,"href":"https:\/\/babylove.se\/no\/wp-json\/wp\/v2\/product_tag?post=1004"}],"curies":[{"name":"wp","href":"https:\/\/api.w.org\/{rel}","templated":true}]}}