{"id":10252,"date":"2025-07-18T21:06:35","date_gmt":"2025-07-18T20:06:35","guid":{"rendered":"https:\/\/babylove.se\/produkt\/hussang-mila-dm\/"},"modified":"2026-04-08T08:45:37","modified_gmt":"2026-04-08T07:45:37","slug":"hussang-mila-dm","status":"publish","type":"product","link":"https:\/\/babylove.se\/no\/produkt\/hussang-mila-dm\/","title":{"rendered":"Husseng Mila DM"},"content":{"rendered":"<p>Vi kaller Mila Dm for husseng, du kan kalle den hva du vil! \\n \\nHer finnes ingen grenser for bruksomr\u00e5der, da madrassen (om man vil ha en) legges direkte p\u00e5 gulvet. \\n \\nDet unikt skjeve taket og skorsteinen gir sengen et hyttelignende utseende. \\n \\nMila DM er h\u00e5ndlaget med stor lidenskap, av h\u00f8ykvalitets, sertifisert furutre. \\n \\nEn stabil seng som kan endres etter barnets interesser og modenhet. \\n \\n<strong>Tilvalg:<\/strong> \\n<\/p>\n<ul> \\n \\t<\/p>\n<li>Plassering av skorstein<\/li>\n<p> \\n<\/ul>\n<p> \\n<strong>Info:<\/strong> \\n<\/p>\n<ul> \\n \\t<\/p>\n<li>Ribbbunn inng\u00e5r ikke<\/li>\n<p> \\n \\t<\/p>\n<li>Madrass inng\u00e5r ikke, ta gjerne en titt i v\u00e5rt store utvalg. \\n \\n<strong>M\u00e5l:<\/strong><\/li>\n<p> \\n \\t<\/p>\n<li>Finnes i forskjellige st\u00f8rrelser. M\u00e5lene til venstre i listen gjelder sengem\u00e5l. M\u00e5lene i parentes (H\u00f8yde*Bredde*Lengde) gjelder den totale st\u00f8rrelsen p\u00e5 sengen.<\/li>\n<p> \\n<\/ul>\n<p> \\n&nbsp; \\n \\nSengene kommer fra v\u00e5r fabrikk i Europa som har h\u00f8ye kvalitetskrav og kontrollerer hvert steg fra t\u00f8mmeret kommer inn i fabrikken til at et ferdig produkt forlater.<\/p>\n","protected":false},"excerpt":{"rendered":"<p>Vi kaller Mila Dm for husseng, du kan kalle den hva du vil! \\n \\nHer finnes ingen grenser for bruksomr\u00e5der, da madrassen (om man vil ha en) legges direkte p\u00e5 gulvet. \\n \\nDet unikt skjeve taket og skorsteinen gir sengen et hyttelignende utseende. \\n \\nMila DM er h\u00e5ndlaget med stor lidenskap, av h\u00f8ykvalitets, sertifisert furutre. [&hellip;]<\/p>\n","protected":false},"featured_media":10254,"comment_status":"open","ping_status":"closed","template":"","meta":{"_acf_changed":false},"product_brand":[384],"product_cat":[386,217,48],"product_tag":[1689],"class_list":{"0":"post-10252","1":"product","2":"type-product","3":"status-publish","4":"has-post-thumbnail","6":"product_brand-adeko","7":"product_cat-ad","8":"product_cat-sengesanger","9":"product_cat-startside","10":"product_tag-bestillingsvaror","11":"pa_storlek-100x180-h155-l193-b109","12":"pa_storlek-100x190-h158-l203-b109","13":"pa_storlek-100x200-h159-l213-b109","14":"pa_storlek-120x180-h155-l193-b129","15":"pa_storlek-120x190-h158-l203-b129","16":"pa_storlek-120x200-h159-l213-b129","17":"pa_storlek-135x190-h158-l203-b144","18":"pa_storlek-140x190-h158-l203-b149","19":"pa_storlek-140x200-h159-l213-b149","20":"pa_storlek-160x190-h158-l203-b169","21":"pa_storlek-160x200-h159-l213-b169","22":"pa_storlek-70x140-h128-l153-b79","23":"pa_storlek-70x160-h145-l173-b79","24":"pa_storlek-80x140-h128-l153-b89","25":"pa_storlek-80x160-h145-l173-b89","26":"pa_storlek-80x180-h155-l193-b89","27":"pa_storlek-80x190-h158-l203-b89","28":"pa_storlek-80x200-h159-l213-b89","29":"pa_storlek-90x140-h128-l153-b99","30":"pa_storlek-90x160-h145-l173-b99","31":"pa_storlek-90x180-h155-l193-b99","32":"pa_storlek-90x190-h158-l203-b99","33":"pa_storlek-90x200-h159-l213-b99","35":"first","36":"instock","37":"taxable","38":"shipping-taxable","39":"purchasable","40":"product-type-variable"},"acf":[],"yoast_head":"<!-- This site is optimized with the Yoast SEO Premium plugin v25.8 (Yoast SEO v27.2) - https:\/\/yoast.com\/product\/yoast-seo-premium-wordpress\/ -->\n<title>Huss\u00e4ng Mila DM -V\u00e4lkommen till Babylove.se<\/title>\n<meta name=\"description\" content=\"En vacker huss\u00e4ng i from av ett hus med snedtak och skorsten. Passar perfekt till rummet med snedtak ! Klarna faktura &amp; Fri Frakt - K\u00f6p den h\u00e4r !\" \/>\n<meta name=\"robots\" content=\"noindex, follow, max-snippet:-1, max-image-preview:large, max-video-preview:-1\" \/>\n<meta property=\"og:locale\" content=\"nb_NO\" \/>\n<meta property=\"og:type\" content=\"article\" \/>\n<meta property=\"og:title\" content=\"Husseng Mila DM\" \/>\n<meta property=\"og:description\" content=\"En vacker huss\u00e4ng i from av ett hus med snedtak och skorsten. Passar perfekt till rummet med snedtak ! Klarna faktura &amp; Fri Frakt - K\u00f6p den h\u00e4r !\" \/>\n<meta property=\"og:url\" content=\"https:\/\/babylove.se\/no\/produkt\/hussang-mila-dm\/\" \/>\n<meta property=\"og:site_name\" content=\"Babylove Norska\" \/>\n<meta property=\"article:modified_time\" content=\"2026-04-08T07:45:37+00:00\" \/>\n<meta property=\"og:image\" content=\"https:\/\/babylove.se\/no\/wp-content\/uploads\/sites\/3\/2025\/07\/5d63c89b0677e.jpeg\" \/>\n\t<meta property=\"og:image:width\" content=\"750\" \/>\n\t<meta property=\"og:image:height\" content=\"750\" \/>\n\t<meta property=\"og:image:type\" content=\"image\/jpeg\" \/>\n<meta name=\"twitter:card\" content=\"summary_large_image\" \/>\n<meta name=\"twitter:label1\" content=\"Availability\" \/>\n\t<meta name=\"twitter:data1\" content=\"In stock\" \/>\n<script type=\"application\/ld+json\" class=\"yoast-schema-graph\">{\"@context\":\"https:\/\/schema.org\",\"@graph\":[{\"@type\":\"WebPage\",\"@id\":\"https:\/\/babylove.se\/no\/produkt\/hussang-mila-dm\/\",\"url\":\"https:\/\/babylove.se\/no\/produkt\/hussang-mila-dm\/\",\"name\":\"Huss\u00e4ng Mila DM -V\u00e4lkommen till Babylove.se\",\"isPartOf\":{\"@id\":\"https:\/\/babylove.se\/no\/#website\"},\"primaryImageOfPage\":{\"@id\":\"https:\/\/babylove.se\/no\/produkt\/hussang-mila-dm\/#primaryimage\"},\"image\":{\"@id\":\"https:\/\/babylove.se\/no\/produkt\/hussang-mila-dm\/#primaryimage\"},\"thumbnailUrl\":\"https:\/\/babylove.se\/no\/wp-content\/uploads\/sites\/3\/2025\/07\/5d63c89b0677e.jpeg\",\"datePublished\":\"2025-07-18T20:06:35+00:00\",\"dateModified\":\"2026-04-08T07:45:37+00:00\",\"description\":\"En vacker huss\u00e4ng i from av ett hus med snedtak och skorsten. Passar perfekt till rummet med snedtak ! Klarna faktura & Fri Frakt - K\u00f6p den h\u00e4r !\",\"breadcrumb\":{\"@id\":\"https:\/\/babylove.se\/no\/produkt\/hussang-mila-dm\/#breadcrumb\"},\"inLanguage\":\"nb-NO\",\"potentialAction\":[{\"@type\":\"ReadAction\",\"target\":[\"https:\/\/babylove.se\/no\/produkt\/hussang-mila-dm\/\"]}]},{\"@type\":\"ImageObject\",\"inLanguage\":\"nb-NO\",\"@id\":\"https:\/\/babylove.se\/no\/produkt\/hussang-mila-dm\/#primaryimage\",\"url\":\"https:\/\/babylove.se\/no\/wp-content\/uploads\/sites\/3\/2025\/07\/5d63c89b0677e.jpeg\",\"contentUrl\":\"https:\/\/babylove.se\/no\/wp-content\/uploads\/sites\/3\/2025\/07\/5d63c89b0677e.jpeg\",\"width\":750,\"height\":750},{\"@type\":\"BreadcrumbList\",\"@id\":\"https:\/\/babylove.se\/no\/produkt\/hussang-mila-dm\/#breadcrumb\",\"itemListElement\":[{\"@type\":\"ListItem\",\"position\":1,\"name\":\"Hem\",\"item\":\"https:\/\/babylove.se\/no\/\"},{\"@type\":\"ListItem\",\"position\":2,\"name\":\"Butik\",\"item\":\"https:\/\/babylove.se\/no\/butik\/\"},{\"@type\":\"ListItem\",\"position\":3,\"name\":\"Husseng Mila DM\"}]},{\"@type\":\"WebSite\",\"@id\":\"https:\/\/babylove.se\/no\/#website\",\"url\":\"https:\/\/babylove.se\/no\/\",\"name\":\"Babylove Norska\",\"description\":\"\",\"potentialAction\":[{\"@type\":\"SearchAction\",\"target\":{\"@type\":\"EntryPoint\",\"urlTemplate\":\"https:\/\/babylove.se\/no\/?s={search_term_string}\"},\"query-input\":{\"@type\":\"PropertyValueSpecification\",\"valueRequired\":true,\"valueName\":\"search_term_string\"}}],\"inLanguage\":\"nb-NO\"}]}<\/script>\n<meta property=\"product:brand\" content=\"Adeko\" \/>\n<meta property=\"og:availability\" content=\"instock\" \/>\n<meta property=\"product:availability\" content=\"instock\" \/>\n<meta property=\"product:retailer_item_id\" content=\"Mila DM-70x140\" \/>\n<meta property=\"product:condition\" content=\"new\" \/>\n<!-- \/ Yoast SEO Premium plugin. -->","yoast_head_json":{"title":"Huss\u00e4ng Mila DM -V\u00e4lkommen till Babylove.se","description":"En vacker huss\u00e4ng i from av ett hus med snedtak och skorsten. Passar perfekt till rummet med snedtak ! Klarna faktura & Fri Frakt - K\u00f6p den h\u00e4r !","robots":{"index":"noindex","follow":"follow","max-snippet":"max-snippet:-1","max-image-preview":"max-image-preview:large","max-video-preview":"max-video-preview:-1"},"og_locale":"nb_NO","og_type":"article","og_title":"Husseng Mila DM","og_description":"En vacker huss\u00e4ng i from av ett hus med snedtak och skorsten. Passar perfekt till rummet med snedtak ! Klarna faktura & Fri Frakt - K\u00f6p den h\u00e4r !","og_url":"https:\/\/babylove.se\/no\/produkt\/hussang-mila-dm\/","og_site_name":"Babylove Norska","article_modified_time":"2026-04-08T07:45:37+00:00","og_image":[{"width":750,"height":750,"url":"https:\/\/babylove.se\/no\/wp-content\/uploads\/sites\/3\/2025\/07\/5d63c89b0677e.jpeg","type":"image\/jpeg"}],"twitter_card":"summary_large_image","twitter_misc":{"Availability":"In stock"},"schema":{"@context":"https:\/\/schema.org","@graph":[{"@type":"WebPage","@id":"https:\/\/babylove.se\/no\/produkt\/hussang-mila-dm\/","url":"https:\/\/babylove.se\/no\/produkt\/hussang-mila-dm\/","name":"Huss\u00e4ng Mila DM -V\u00e4lkommen till Babylove.se","isPartOf":{"@id":"https:\/\/babylove.se\/no\/#website"},"primaryImageOfPage":{"@id":"https:\/\/babylove.se\/no\/produkt\/hussang-mila-dm\/#primaryimage"},"image":{"@id":"https:\/\/babylove.se\/no\/produkt\/hussang-mila-dm\/#primaryimage"},"thumbnailUrl":"https:\/\/babylove.se\/no\/wp-content\/uploads\/sites\/3\/2025\/07\/5d63c89b0677e.jpeg","datePublished":"2025-07-18T20:06:35+00:00","dateModified":"2026-04-08T07:45:37+00:00","description":"En vacker huss\u00e4ng i from av ett hus med snedtak och skorsten. Passar perfekt till rummet med snedtak ! Klarna faktura & Fri Frakt - K\u00f6p den h\u00e4r !","breadcrumb":{"@id":"https:\/\/babylove.se\/no\/produkt\/hussang-mila-dm\/#breadcrumb"},"inLanguage":"nb-NO","potentialAction":[{"@type":"ReadAction","target":["https:\/\/babylove.se\/no\/produkt\/hussang-mila-dm\/"]}]},{"@type":"ImageObject","inLanguage":"nb-NO","@id":"https:\/\/babylove.se\/no\/produkt\/hussang-mila-dm\/#primaryimage","url":"https:\/\/babylove.se\/no\/wp-content\/uploads\/sites\/3\/2025\/07\/5d63c89b0677e.jpeg","contentUrl":"https:\/\/babylove.se\/no\/wp-content\/uploads\/sites\/3\/2025\/07\/5d63c89b0677e.jpeg","width":750,"height":750},{"@type":"BreadcrumbList","@id":"https:\/\/babylove.se\/no\/produkt\/hussang-mila-dm\/#breadcrumb","itemListElement":[{"@type":"ListItem","position":1,"name":"Hem","item":"https:\/\/babylove.se\/no\/"},{"@type":"ListItem","position":2,"name":"Butik","item":"https:\/\/babylove.se\/no\/butik\/"},{"@type":"ListItem","position":3,"name":"Husseng Mila DM"}]},{"@type":"WebSite","@id":"https:\/\/babylove.se\/no\/#website","url":"https:\/\/babylove.se\/no\/","name":"Babylove Norska","description":"","potentialAction":[{"@type":"SearchAction","target":{"@type":"EntryPoint","urlTemplate":"https:\/\/babylove.se\/no\/?s={search_term_string}"},"query-input":{"@type":"PropertyValueSpecification","valueRequired":true,"valueName":"search_term_string"}}],"inLanguage":"nb-NO"}]},"product_brand":"Adeko","og_availability":"instock","product_availability":"instock","product_retailer_item_id":"Mila DM-70x140","product_condition":"new"},"_links":{"self":[{"href":"https:\/\/babylove.se\/no\/wp-json\/wp\/v2\/product\/10252","targetHints":{"allow":["GET"]}}],"collection":[{"href":"https:\/\/babylove.se\/no\/wp-json\/wp\/v2\/product"}],"about":[{"href":"https:\/\/babylove.se\/no\/wp-json\/wp\/v2\/types\/product"}],"replies":[{"embeddable":true,"href":"https:\/\/babylove.se\/no\/wp-json\/wp\/v2\/comments?post=10252"}],"wp:featuredmedia":[{"embeddable":true,"href":"https:\/\/babylove.se\/no\/wp-json\/wp\/v2\/media\/10254"}],"wp:attachment":[{"href":"https:\/\/babylove.se\/no\/wp-json\/wp\/v2\/media?parent=10252"}],"wp:term":[{"taxonomy":"product_brand","embeddable":true,"href":"https:\/\/babylove.se\/no\/wp-json\/wp\/v2\/product_brand?post=10252"},{"taxonomy":"product_cat","embeddable":true,"href":"https:\/\/babylove.se\/no\/wp-json\/wp\/v2\/product_cat?post=10252"},{"taxonomy":"product_tag","embeddable":true,"href":"https:\/\/babylove.se\/no\/wp-json\/wp\/v2\/product_tag?post=10252"}],"curies":[{"name":"wp","href":"https:\/\/api.w.org\/{rel}","templated":true}]}}