{"id":10279,"date":"2025-07-18T21:06:46","date_gmt":"2025-07-18T20:06:46","guid":{"rendered":"https:\/\/babylove.se\/produkt\/hussang-mila-dms\/"},"modified":"2026-04-08T08:45:40","modified_gmt":"2026-04-08T07:45:40","slug":"hussang-mila-dms","status":"publish","type":"product","link":"https:\/\/babylove.se\/no\/produkt\/hussang-mila-dms\/","title":{"rendered":"Husseng Mila DMS"},"content":{"rendered":"<p>Mila DMS er som klippet og sk\u00e5ret for rom med skr\u00e5tak. \\n \\nSengen er h\u00e5ndlaget med stor lidenskap, av h\u00f8ykvalitets, sertifisert furutre. \\n \\nEn stabil seng som vil fungere i mange \u00e5r fremover! \\n \\n<strong>Tillegg:<\/strong> \\n<\/p>\n<ul> \\n \\t<\/p>\n<li>Ekstra ben: 10 cm eller 20 cm.<\/li>\n<p> \\n \\t<\/p>\n<li>Plassering av skorstein.<\/li>\n<p> \\n \\t<\/p>\n<li>Farge: velg mellom natur, hvit, gr\u00e5, antrasitt, rosa, olivengr\u00f8nn og bl\u00e5.<\/li>\n<p> \\n<\/ul>\n<p> \\n<strong>Info:<\/strong> \\n<\/p>\n<ul> \\n \\t<\/p>\n<li>Ribbebunn inkludert<\/li>\n<p> \\n \\t<\/p>\n<li>Madrass er ikke inkludert, men ta gjerne en titt p\u00e5 v\u00e5rt store madrassortiment. Vi anbefaler en skummadrass med tykkelse p\u00e5 ca 10-12 cm.<\/li>\n<p> \\n \\t<\/p>\n<li>Maks belastning: 90 kg<\/li>\n<p> \\n \\t<\/p>\n<li>P\u00e5 bildene vises standardben som er ca 5 cm.<\/li>\n<p> \\n<\/ul>\n<p> \\n<strong>M\u00e5l:<\/strong> \\n<\/p>\n<ul> \\n \\t<\/p>\n<li>Finnes i ulike st\u00f8rrelser. M\u00e5lene til venstre i listen gjelder sengm\u00e5l. M\u00e5lene i parentes (H\u00f8yde*Bredde*Lengde) gjelder den totale st\u00f8rrelsen p\u00e5 sengen.<\/li>\n<p> \\n<\/ul>\n<p> \\nSengene kommer fra v\u00e5r fabrikk i Europa som har h\u00f8ye kvalitetskrav og kontrollerer hvert trinn fra t\u00f8mmeret kommer inn i fabrikken til et ferdig produkt forlater. \\n \\n&nbsp; \\n \\n<em><em><em>Sengen leveres umontert og b\u00f8r settes sammen i rommet den skal brukes i.<\/em><\/em><\/em> \\n \\n<em>For senger i farge er leveringstiden to uker lengre enn den oppgitte informasjonen.<\/em><\/p>\n","protected":false},"excerpt":{"rendered":"<p>Mila DMS er som klippet og sk\u00e5ret for rom med skr\u00e5tak. \\n \\nSengen er h\u00e5ndlaget med stor lidenskap, av h\u00f8ykvalitets, sertifisert furutre. \\n \\nEn stabil seng som vil fungere i mange \u00e5r fremover! \\n \\nTillegg: \\n \\n \\t Ekstra ben: 10 cm eller 20 cm. \\n \\t Plassering av skorstein. \\n \\t Farge: velg mellom [&hellip;]<\/p>\n","protected":false},"featured_media":10281,"comment_status":"open","ping_status":"closed","template":"","meta":{"_acf_changed":false},"product_brand":[384],"product_cat":[386,399,217,269,40,48],"product_tag":[1689],"class_list":{"0":"post-10279","1":"product","2":"type-product","3":"status-publish","4":"has-post-thumbnail","6":"product_brand-adeko","7":"product_cat-ad","8":"product_cat-store-familiesenger-og-barnesenger","9":"product_cat-sengesanger","10":"product_cat-juniorsenger","11":"product_cat-soverom-barn","12":"product_cat-startside","13":"product_tag-bestillingsvaror","14":"pa_farg-antracit","15":"pa_farg-bla","16":"pa_farg-gra","17":"pa_farg-natur","18":"pa_farg-olivgron","19":"pa_farg-rosa","20":"pa_farg-vit","21":"pa_forvaringslada-extra-sang-med","22":"pa_forvaringslada-extra-sang-utan","23":"pa_storlek-100x180-h155-l193-b109","24":"pa_storlek-100x190-h158-l203-b109","25":"pa_storlek-100x200-h159-l213-b109","26":"pa_storlek-120x180-h158-l193-b129","27":"pa_storlek-120x190-h158-l203-b129","28":"pa_storlek-120x200-h159-l213-b129","29":"pa_storlek-135x190-h158-l203-b144","30":"pa_storlek-140x190-h158-l203-b149","31":"pa_storlek-140x200-h159-l213-b149","32":"pa_storlek-160x190-h158-l203-b169","33":"pa_storlek-160x200-h159-l213-b169","34":"pa_storlek-70x140-h128-l153-b79","35":"pa_storlek-70x160-h145-l173-b79","36":"pa_storlek-80x140-h128-l153-b89","37":"pa_storlek-80x160-h145-l173-b89","38":"pa_storlek-80x180-h155-l193-b89","39":"pa_storlek-80x190-h158-l203-b89","40":"pa_storlek-80x200-h159-l213-b89","41":"pa_storlek-90x140-h128-l153-b99","42":"pa_storlek-90x160-h145-l173-b99","43":"pa_storlek-90x180-h155-l193-b99","44":"pa_storlek-90x190-h158-l203-b99","45":"pa_storlek-90x200-h159-l213-b99","47":"first","48":"instock","49":"taxable","50":"shipping-taxable","51":"purchasable","52":"product-type-variable"},"acf":[],"yoast_head":"<!-- This site is optimized with the Yoast SEO Premium plugin v25.8 (Yoast SEO v27.2) - https:\/\/yoast.com\/product\/yoast-seo-premium-wordpress\/ -->\n<title>Huss\u00e4ng Mila DMS - V\u00e4lkommen till Babylove.se<\/title>\n<meta name=\"description\" content=\"Superfin huss\u00e4ng f\u00f6r rum med snedtak eller f\u00f6r det vanliga rummet givetvis. Klarna faktura &amp; Fri frakt ! K\u00f6p den h\u00e4r !\" \/>\n<meta name=\"robots\" content=\"noindex, follow, max-snippet:-1, max-image-preview:large, max-video-preview:-1\" \/>\n<meta property=\"og:locale\" content=\"nb_NO\" \/>\n<meta property=\"og:type\" content=\"article\" \/>\n<meta property=\"og:title\" content=\"Husseng Mila DMS\" \/>\n<meta property=\"og:description\" content=\"Superfin huss\u00e4ng f\u00f6r rum med snedtak eller f\u00f6r det vanliga rummet givetvis. Klarna faktura &amp; Fri frakt ! K\u00f6p den h\u00e4r !\" \/>\n<meta property=\"og:url\" content=\"https:\/\/babylove.se\/no\/produkt\/hussang-mila-dms\/\" \/>\n<meta property=\"og:site_name\" content=\"Babylove Norska\" \/>\n<meta property=\"article:modified_time\" content=\"2026-04-08T07:45:40+00:00\" \/>\n<meta property=\"og:image\" content=\"https:\/\/babylove.se\/no\/wp-content\/uploads\/sites\/3\/2025\/07\/5d63c6555c322.jpeg\" \/>\n\t<meta property=\"og:image:width\" content=\"750\" \/>\n\t<meta property=\"og:image:height\" content=\"750\" \/>\n\t<meta property=\"og:image:type\" content=\"image\/jpeg\" \/>\n<meta name=\"twitter:card\" content=\"summary_large_image\" \/>\n<meta name=\"twitter:label1\" content=\"Availability\" \/>\n\t<meta name=\"twitter:data1\" content=\"In stock\" \/>\n<script type=\"application\/ld+json\" class=\"yoast-schema-graph\">{\"@context\":\"https:\/\/schema.org\",\"@graph\":[{\"@type\":\"WebPage\",\"@id\":\"https:\/\/babylove.se\/no\/produkt\/hussang-mila-dms\/\",\"url\":\"https:\/\/babylove.se\/no\/produkt\/hussang-mila-dms\/\",\"name\":\"Huss\u00e4ng Mila DMS - V\u00e4lkommen till Babylove.se\",\"isPartOf\":{\"@id\":\"https:\/\/babylove.se\/no\/#website\"},\"primaryImageOfPage\":{\"@id\":\"https:\/\/babylove.se\/no\/produkt\/hussang-mila-dms\/#primaryimage\"},\"image\":{\"@id\":\"https:\/\/babylove.se\/no\/produkt\/hussang-mila-dms\/#primaryimage\"},\"thumbnailUrl\":\"https:\/\/babylove.se\/no\/wp-content\/uploads\/sites\/3\/2025\/07\/5d63c6555c322.jpeg\",\"datePublished\":\"2025-07-18T20:06:46+00:00\",\"dateModified\":\"2026-04-08T07:45:40+00:00\",\"description\":\"Superfin huss\u00e4ng f\u00f6r rum med snedtak eller f\u00f6r det vanliga rummet givetvis. Klarna faktura & Fri frakt ! K\u00f6p den h\u00e4r !\",\"breadcrumb\":{\"@id\":\"https:\/\/babylove.se\/no\/produkt\/hussang-mila-dms\/#breadcrumb\"},\"inLanguage\":\"nb-NO\",\"potentialAction\":[{\"@type\":\"ReadAction\",\"target\":[\"https:\/\/babylove.se\/no\/produkt\/hussang-mila-dms\/\"]}]},{\"@type\":\"ImageObject\",\"inLanguage\":\"nb-NO\",\"@id\":\"https:\/\/babylove.se\/no\/produkt\/hussang-mila-dms\/#primaryimage\",\"url\":\"https:\/\/babylove.se\/no\/wp-content\/uploads\/sites\/3\/2025\/07\/5d63c6555c322.jpeg\",\"contentUrl\":\"https:\/\/babylove.se\/no\/wp-content\/uploads\/sites\/3\/2025\/07\/5d63c6555c322.jpeg\",\"width\":750,\"height\":750},{\"@type\":\"BreadcrumbList\",\"@id\":\"https:\/\/babylove.se\/no\/produkt\/hussang-mila-dms\/#breadcrumb\",\"itemListElement\":[{\"@type\":\"ListItem\",\"position\":1,\"name\":\"Hem\",\"item\":\"https:\/\/babylove.se\/no\/\"},{\"@type\":\"ListItem\",\"position\":2,\"name\":\"Butik\",\"item\":\"https:\/\/babylove.se\/no\/butik\/\"},{\"@type\":\"ListItem\",\"position\":3,\"name\":\"Husseng Mila DMS\"}]},{\"@type\":\"WebSite\",\"@id\":\"https:\/\/babylove.se\/no\/#website\",\"url\":\"https:\/\/babylove.se\/no\/\",\"name\":\"Babylove Norska\",\"description\":\"\",\"potentialAction\":[{\"@type\":\"SearchAction\",\"target\":{\"@type\":\"EntryPoint\",\"urlTemplate\":\"https:\/\/babylove.se\/no\/?s={search_term_string}\"},\"query-input\":{\"@type\":\"PropertyValueSpecification\",\"valueRequired\":true,\"valueName\":\"search_term_string\"}}],\"inLanguage\":\"nb-NO\"}]}<\/script>\n<meta property=\"product:brand\" content=\"Adeko\" \/>\n<meta property=\"og:availability\" content=\"instock\" \/>\n<meta property=\"product:availability\" content=\"instock\" \/>\n<meta property=\"product:retailer_item_id\" content=\"Mila DMS-70x140-utan-natur\" \/>\n<meta property=\"product:condition\" content=\"new\" \/>\n<!-- \/ Yoast SEO Premium plugin. -->","yoast_head_json":{"title":"Huss\u00e4ng Mila DMS - V\u00e4lkommen till Babylove.se","description":"Superfin huss\u00e4ng f\u00f6r rum med snedtak eller f\u00f6r det vanliga rummet givetvis. Klarna faktura & Fri frakt ! K\u00f6p den h\u00e4r !","robots":{"index":"noindex","follow":"follow","max-snippet":"max-snippet:-1","max-image-preview":"max-image-preview:large","max-video-preview":"max-video-preview:-1"},"og_locale":"nb_NO","og_type":"article","og_title":"Husseng Mila DMS","og_description":"Superfin huss\u00e4ng f\u00f6r rum med snedtak eller f\u00f6r det vanliga rummet givetvis. Klarna faktura & Fri frakt ! K\u00f6p den h\u00e4r !","og_url":"https:\/\/babylove.se\/no\/produkt\/hussang-mila-dms\/","og_site_name":"Babylove Norska","article_modified_time":"2026-04-08T07:45:40+00:00","og_image":[{"width":750,"height":750,"url":"https:\/\/babylove.se\/no\/wp-content\/uploads\/sites\/3\/2025\/07\/5d63c6555c322.jpeg","type":"image\/jpeg"}],"twitter_card":"summary_large_image","twitter_misc":{"Availability":"In stock"},"schema":{"@context":"https:\/\/schema.org","@graph":[{"@type":"WebPage","@id":"https:\/\/babylove.se\/no\/produkt\/hussang-mila-dms\/","url":"https:\/\/babylove.se\/no\/produkt\/hussang-mila-dms\/","name":"Huss\u00e4ng Mila DMS - V\u00e4lkommen till Babylove.se","isPartOf":{"@id":"https:\/\/babylove.se\/no\/#website"},"primaryImageOfPage":{"@id":"https:\/\/babylove.se\/no\/produkt\/hussang-mila-dms\/#primaryimage"},"image":{"@id":"https:\/\/babylove.se\/no\/produkt\/hussang-mila-dms\/#primaryimage"},"thumbnailUrl":"https:\/\/babylove.se\/no\/wp-content\/uploads\/sites\/3\/2025\/07\/5d63c6555c322.jpeg","datePublished":"2025-07-18T20:06:46+00:00","dateModified":"2026-04-08T07:45:40+00:00","description":"Superfin huss\u00e4ng f\u00f6r rum med snedtak eller f\u00f6r det vanliga rummet givetvis. Klarna faktura & Fri frakt ! K\u00f6p den h\u00e4r !","breadcrumb":{"@id":"https:\/\/babylove.se\/no\/produkt\/hussang-mila-dms\/#breadcrumb"},"inLanguage":"nb-NO","potentialAction":[{"@type":"ReadAction","target":["https:\/\/babylove.se\/no\/produkt\/hussang-mila-dms\/"]}]},{"@type":"ImageObject","inLanguage":"nb-NO","@id":"https:\/\/babylove.se\/no\/produkt\/hussang-mila-dms\/#primaryimage","url":"https:\/\/babylove.se\/no\/wp-content\/uploads\/sites\/3\/2025\/07\/5d63c6555c322.jpeg","contentUrl":"https:\/\/babylove.se\/no\/wp-content\/uploads\/sites\/3\/2025\/07\/5d63c6555c322.jpeg","width":750,"height":750},{"@type":"BreadcrumbList","@id":"https:\/\/babylove.se\/no\/produkt\/hussang-mila-dms\/#breadcrumb","itemListElement":[{"@type":"ListItem","position":1,"name":"Hem","item":"https:\/\/babylove.se\/no\/"},{"@type":"ListItem","position":2,"name":"Butik","item":"https:\/\/babylove.se\/no\/butik\/"},{"@type":"ListItem","position":3,"name":"Husseng Mila DMS"}]},{"@type":"WebSite","@id":"https:\/\/babylove.se\/no\/#website","url":"https:\/\/babylove.se\/no\/","name":"Babylove Norska","description":"","potentialAction":[{"@type":"SearchAction","target":{"@type":"EntryPoint","urlTemplate":"https:\/\/babylove.se\/no\/?s={search_term_string}"},"query-input":{"@type":"PropertyValueSpecification","valueRequired":true,"valueName":"search_term_string"}}],"inLanguage":"nb-NO"}]},"product_brand":"Adeko","og_availability":"instock","product_availability":"instock","product_retailer_item_id":"Mila DMS-70x140-utan-natur","product_condition":"new"},"_links":{"self":[{"href":"https:\/\/babylove.se\/no\/wp-json\/wp\/v2\/product\/10279","targetHints":{"allow":["GET"]}}],"collection":[{"href":"https:\/\/babylove.se\/no\/wp-json\/wp\/v2\/product"}],"about":[{"href":"https:\/\/babylove.se\/no\/wp-json\/wp\/v2\/types\/product"}],"replies":[{"embeddable":true,"href":"https:\/\/babylove.se\/no\/wp-json\/wp\/v2\/comments?post=10279"}],"wp:featuredmedia":[{"embeddable":true,"href":"https:\/\/babylove.se\/no\/wp-json\/wp\/v2\/media\/10281"}],"wp:attachment":[{"href":"https:\/\/babylove.se\/no\/wp-json\/wp\/v2\/media?parent=10279"}],"wp:term":[{"taxonomy":"product_brand","embeddable":true,"href":"https:\/\/babylove.se\/no\/wp-json\/wp\/v2\/product_brand?post=10279"},{"taxonomy":"product_cat","embeddable":true,"href":"https:\/\/babylove.se\/no\/wp-json\/wp\/v2\/product_cat?post=10279"},{"taxonomy":"product_tag","embeddable":true,"href":"https:\/\/babylove.se\/no\/wp-json\/wp\/v2\/product_tag?post=10279"}],"curies":[{"name":"wp","href":"https:\/\/api.w.org\/{rel}","templated":true}]}}