{"id":1039,"date":"2025-07-18T19:59:13","date_gmt":"2025-07-18T18:59:13","guid":{"rendered":"https:\/\/babylove.se\/produkt\/cozy-nest-babynest-done-by-deer-blue\/"},"modified":"2026-04-08T07:38:39","modified_gmt":"2026-04-08T06:38:39","slug":"koselig-reir-babynest-laget-av-hjort-bla","status":"publish","type":"product","link":"https:\/\/babylove.se\/no\/produkt\/koselig-reir-babynest-laget-av-hjort-bla\/","title":{"rendered":"Koselig rede (babynest) Done by Deer, bl\u00e5"},"content":{"rendered":"<p><strong>Done By Deer Cozy Nest.<\/strong><\/p>\n<p>Cozy Nest er en deilig og myk kosep\u00f8l til din <strong>baby<\/strong>. <strong>Redet&nbsp;<\/strong>fungerer b\u00e5de som <strong>seng<\/strong> og <strong>stelleseng<\/strong> og passer perfekt \u00e5 ta med p\u00e5 reisen. En supermyk fylling gj\u00f8r at din baby ligger trygt og behagelig. <strong>Babysengen&nbsp;<\/strong>\u00e5pnes og lukkes enkelt ved hjelp av knyteb\u00e5nd og kan ogs\u00e5 brukes som en innlegg i <strong>barnesengen&nbsp;<\/strong>eller <strong>barnevognen<\/strong>.&nbsp;<\/p>\n<p><strong>M\u00e5l madrass:<\/strong> 73 x 33 cm<\/p>\n<p><strong>Materiale:<\/strong><\/p>\n<p>Trekk: 100% Bomull<\/p>\n<p>Fylling: 100% Polyester<\/p>\n<p><strong>Vasker\u00e5d:<\/strong><\/p>\n<p>Trekk: 40\u00b0C, ikke t\u00f8rketrommel<\/p>\n<p>Madrass: H\u00e5ndvask<\/p>\n<p><span style=\"font-size: 11px;\">Designer: Done by Deer<\/span><\/p>\n","protected":false},"excerpt":{"rendered":"<p>Done By Deer Cozy Nest. Cozy Nest er en deilig og myk kosep\u00f8l til din baby. Redet&nbsp;fungerer b\u00e5de som seng og stelleseng og passer perfekt \u00e5 ta med p\u00e5 reisen. En supermyk fylling gj\u00f8r at din baby ligger trygt og behagelig. Babysengen&nbsp;\u00e5pnes og lukkes enkelt ved hjelp av knyteb\u00e5nd og kan ogs\u00e5 brukes som en [&hellip;]<\/p>\n","protected":false},"featured_media":1041,"comment_status":"closed","ping_status":"open","template":"","meta":{"_acf_changed":false},"product_brand":[54],"product_cat":[56,55],"product_tag":[1689],"class_list":{"0":"post-1039","1":"product","2":"type-product","3":"status-publish","4":"has-post-thumbnail","6":"product_brand-done-by-deer","7":"product_cat-babynest","8":"product_cat-done-by-deer","9":"product_tag-bestillingsvaror","11":"first","12":"outofstock","13":"taxable","14":"shipping-taxable","15":"purchasable","16":"product-type-simple"},"acf":[],"yoast_head":"<!-- This site is optimized with the Yoast SEO Premium plugin v25.8 (Yoast SEO v27.2) - https:\/\/yoast.com\/product\/yoast-seo-premium-wordpress\/ -->\n<title>K\u00f6p Cozy nest (babynest) Done by Deer, blue<\/title>\n<meta name=\"description\" content=\"Done By Deer Cozy Nest.Cozy Nest \u00e4r en sk\u00f6n och mjuk mysp\u00f6l till din baby. Fungerar som s\u00e4ng och sk\u00f6tb\u00e4dd . Perfekt p\u00e5 resan Smidig frakt - V\u00e4lkommen!\" \/>\n<meta name=\"robots\" content=\"noindex, follow, max-snippet:-1, max-image-preview:large, max-video-preview:-1\" \/>\n<meta property=\"og:locale\" content=\"nb_NO\" \/>\n<meta property=\"og:type\" content=\"article\" \/>\n<meta property=\"og:title\" content=\"Koselig rede (babynest) Done by Deer, bl\u00e5\" \/>\n<meta property=\"og:description\" content=\"Done By Deer Cozy Nest.Cozy Nest \u00e4r en sk\u00f6n och mjuk mysp\u00f6l till din baby. Fungerar som s\u00e4ng och sk\u00f6tb\u00e4dd . Perfekt p\u00e5 resan Smidig frakt - V\u00e4lkommen!\" \/>\n<meta property=\"og:url\" content=\"https:\/\/babylove.se\/no\/produkt\/koselig-reir-babynest-laget-av-hjort-bla\/\" \/>\n<meta property=\"og:site_name\" content=\"Babylove Norska\" \/>\n<meta property=\"article:modified_time\" content=\"2026-04-08T06:38:39+00:00\" \/>\n<meta property=\"og:image\" content=\"https:\/\/babylove.se\/no\/wp-content\/uploads\/sites\/3\/2025\/07\/574c12a3326e4.jpeg\" \/>\n\t<meta property=\"og:image:width\" content=\"750\" \/>\n\t<meta property=\"og:image:height\" content=\"750\" \/>\n\t<meta property=\"og:image:type\" content=\"image\/jpeg\" \/>\n<meta name=\"twitter:card\" content=\"summary_large_image\" \/>\n<meta name=\"twitter:label1\" content=\"Price\" \/>\n\t<meta name=\"twitter:data1\" content=\"749,00&nbsp;&#107;&#114;\" \/>\n\t<meta name=\"twitter:label2\" content=\"Availability\" \/>\n\t<meta name=\"twitter:data2\" content=\"Out of stock\" \/>\n<script type=\"application\/ld+json\" class=\"yoast-schema-graph\">{\"@context\":\"https:\/\/schema.org\",\"@graph\":[{\"@type\":\"WebPage\",\"@id\":\"https:\/\/babylove.se\/no\/produkt\/koselig-reir-babynest-laget-av-hjort-bla\/\",\"url\":\"https:\/\/babylove.se\/no\/produkt\/koselig-reir-babynest-laget-av-hjort-bla\/\",\"name\":\"K\u00f6p Cozy nest (babynest) Done by Deer, blue\",\"isPartOf\":{\"@id\":\"https:\/\/babylove.se\/no\/#website\"},\"primaryImageOfPage\":{\"@id\":\"https:\/\/babylove.se\/no\/produkt\/koselig-reir-babynest-laget-av-hjort-bla\/#primaryimage\"},\"image\":{\"@id\":\"https:\/\/babylove.se\/no\/produkt\/koselig-reir-babynest-laget-av-hjort-bla\/#primaryimage\"},\"thumbnailUrl\":\"https:\/\/babylove.se\/no\/wp-content\/uploads\/sites\/3\/2025\/07\/574c12a3326e4.jpeg\",\"datePublished\":\"2025-07-18T18:59:13+00:00\",\"dateModified\":\"2026-04-08T06:38:39+00:00\",\"description\":\"Done By Deer Cozy Nest.Cozy Nest \u00e4r en sk\u00f6n och mjuk mysp\u00f6l till din baby. Fungerar som s\u00e4ng och sk\u00f6tb\u00e4dd . Perfekt p\u00e5 resan Smidig frakt - V\u00e4lkommen!\",\"breadcrumb\":{\"@id\":\"https:\/\/babylove.se\/no\/produkt\/koselig-reir-babynest-laget-av-hjort-bla\/#breadcrumb\"},\"inLanguage\":\"nb-NO\",\"potentialAction\":[{\"@type\":\"ReadAction\",\"target\":[\"https:\/\/babylove.se\/no\/produkt\/koselig-reir-babynest-laget-av-hjort-bla\/\"]}]},{\"@type\":\"ImageObject\",\"inLanguage\":\"nb-NO\",\"@id\":\"https:\/\/babylove.se\/no\/produkt\/koselig-reir-babynest-laget-av-hjort-bla\/#primaryimage\",\"url\":\"https:\/\/babylove.se\/no\/wp-content\/uploads\/sites\/3\/2025\/07\/574c12a3326e4.jpeg\",\"contentUrl\":\"https:\/\/babylove.se\/no\/wp-content\/uploads\/sites\/3\/2025\/07\/574c12a3326e4.jpeg\",\"width\":750,\"height\":750},{\"@type\":\"BreadcrumbList\",\"@id\":\"https:\/\/babylove.se\/no\/produkt\/koselig-reir-babynest-laget-av-hjort-bla\/#breadcrumb\",\"itemListElement\":[{\"@type\":\"ListItem\",\"position\":1,\"name\":\"Hem\",\"item\":\"https:\/\/babylove.se\/no\/\"},{\"@type\":\"ListItem\",\"position\":2,\"name\":\"Butik\",\"item\":\"https:\/\/babylove.se\/no\/butik\/\"},{\"@type\":\"ListItem\",\"position\":3,\"name\":\"Koselig rede (babynest) Done by Deer, bl\u00e5\"}]},{\"@type\":\"WebSite\",\"@id\":\"https:\/\/babylove.se\/no\/#website\",\"url\":\"https:\/\/babylove.se\/no\/\",\"name\":\"Babylove Norska\",\"description\":\"\",\"potentialAction\":[{\"@type\":\"SearchAction\",\"target\":{\"@type\":\"EntryPoint\",\"urlTemplate\":\"https:\/\/babylove.se\/no\/?s={search_term_string}\"},\"query-input\":{\"@type\":\"PropertyValueSpecification\",\"valueRequired\":true,\"valueName\":\"search_term_string\"}}],\"inLanguage\":\"nb-NO\"}]}<\/script>\n<meta property=\"product:brand\" content=\"Done by Deer\" \/>\n<meta property=\"product:price:amount\" content=\"749.00\" \/>\n<meta property=\"product:price:currency\" content=\"SEK\" \/>\n<meta property=\"og:availability\" content=\"out of stock\" \/>\n<meta property=\"product:availability\" content=\"out of stock\" \/>\n<meta property=\"product:retailer_item_id\" content=\"DD0001blue\" \/>\n<meta property=\"product:condition\" content=\"new\" \/>\n<!-- \/ Yoast SEO Premium plugin. -->","yoast_head_json":{"title":"K\u00f6p Cozy nest (babynest) Done by Deer, blue","description":"Done By Deer Cozy Nest.Cozy Nest \u00e4r en sk\u00f6n och mjuk mysp\u00f6l till din baby. Fungerar som s\u00e4ng och sk\u00f6tb\u00e4dd . Perfekt p\u00e5 resan Smidig frakt - V\u00e4lkommen!","robots":{"index":"noindex","follow":"follow","max-snippet":"max-snippet:-1","max-image-preview":"max-image-preview:large","max-video-preview":"max-video-preview:-1"},"og_locale":"nb_NO","og_type":"article","og_title":"Koselig rede (babynest) Done by Deer, bl\u00e5","og_description":"Done By Deer Cozy Nest.Cozy Nest \u00e4r en sk\u00f6n och mjuk mysp\u00f6l till din baby. Fungerar som s\u00e4ng och sk\u00f6tb\u00e4dd . Perfekt p\u00e5 resan Smidig frakt - V\u00e4lkommen!","og_url":"https:\/\/babylove.se\/no\/produkt\/koselig-reir-babynest-laget-av-hjort-bla\/","og_site_name":"Babylove Norska","article_modified_time":"2026-04-08T06:38:39+00:00","og_image":[{"width":750,"height":750,"url":"https:\/\/babylove.se\/no\/wp-content\/uploads\/sites\/3\/2025\/07\/574c12a3326e4.jpeg","type":"image\/jpeg"}],"twitter_card":"summary_large_image","twitter_misc":{"Price":"749,00&nbsp;&#107;&#114;","Availability":"Out of stock"},"schema":{"@context":"https:\/\/schema.org","@graph":[{"@type":"WebPage","@id":"https:\/\/babylove.se\/no\/produkt\/koselig-reir-babynest-laget-av-hjort-bla\/","url":"https:\/\/babylove.se\/no\/produkt\/koselig-reir-babynest-laget-av-hjort-bla\/","name":"K\u00f6p Cozy nest (babynest) Done by Deer, blue","isPartOf":{"@id":"https:\/\/babylove.se\/no\/#website"},"primaryImageOfPage":{"@id":"https:\/\/babylove.se\/no\/produkt\/koselig-reir-babynest-laget-av-hjort-bla\/#primaryimage"},"image":{"@id":"https:\/\/babylove.se\/no\/produkt\/koselig-reir-babynest-laget-av-hjort-bla\/#primaryimage"},"thumbnailUrl":"https:\/\/babylove.se\/no\/wp-content\/uploads\/sites\/3\/2025\/07\/574c12a3326e4.jpeg","datePublished":"2025-07-18T18:59:13+00:00","dateModified":"2026-04-08T06:38:39+00:00","description":"Done By Deer Cozy Nest.Cozy Nest \u00e4r en sk\u00f6n och mjuk mysp\u00f6l till din baby. Fungerar som s\u00e4ng och sk\u00f6tb\u00e4dd . Perfekt p\u00e5 resan Smidig frakt - V\u00e4lkommen!","breadcrumb":{"@id":"https:\/\/babylove.se\/no\/produkt\/koselig-reir-babynest-laget-av-hjort-bla\/#breadcrumb"},"inLanguage":"nb-NO","potentialAction":[{"@type":"ReadAction","target":["https:\/\/babylove.se\/no\/produkt\/koselig-reir-babynest-laget-av-hjort-bla\/"]}]},{"@type":"ImageObject","inLanguage":"nb-NO","@id":"https:\/\/babylove.se\/no\/produkt\/koselig-reir-babynest-laget-av-hjort-bla\/#primaryimage","url":"https:\/\/babylove.se\/no\/wp-content\/uploads\/sites\/3\/2025\/07\/574c12a3326e4.jpeg","contentUrl":"https:\/\/babylove.se\/no\/wp-content\/uploads\/sites\/3\/2025\/07\/574c12a3326e4.jpeg","width":750,"height":750},{"@type":"BreadcrumbList","@id":"https:\/\/babylove.se\/no\/produkt\/koselig-reir-babynest-laget-av-hjort-bla\/#breadcrumb","itemListElement":[{"@type":"ListItem","position":1,"name":"Hem","item":"https:\/\/babylove.se\/no\/"},{"@type":"ListItem","position":2,"name":"Butik","item":"https:\/\/babylove.se\/no\/butik\/"},{"@type":"ListItem","position":3,"name":"Koselig rede (babynest) Done by Deer, bl\u00e5"}]},{"@type":"WebSite","@id":"https:\/\/babylove.se\/no\/#website","url":"https:\/\/babylove.se\/no\/","name":"Babylove Norska","description":"","potentialAction":[{"@type":"SearchAction","target":{"@type":"EntryPoint","urlTemplate":"https:\/\/babylove.se\/no\/?s={search_term_string}"},"query-input":{"@type":"PropertyValueSpecification","valueRequired":true,"valueName":"search_term_string"}}],"inLanguage":"nb-NO"}]},"product_brand":"Done by Deer","product_price_amount":"749.00","product_price_currency":"SEK","og_availability":"out of stock","product_availability":"out of stock","product_retailer_item_id":"DD0001blue","product_condition":"new"},"_links":{"self":[{"href":"https:\/\/babylove.se\/no\/wp-json\/wp\/v2\/product\/1039","targetHints":{"allow":["GET"]}}],"collection":[{"href":"https:\/\/babylove.se\/no\/wp-json\/wp\/v2\/product"}],"about":[{"href":"https:\/\/babylove.se\/no\/wp-json\/wp\/v2\/types\/product"}],"replies":[{"embeddable":true,"href":"https:\/\/babylove.se\/no\/wp-json\/wp\/v2\/comments?post=1039"}],"wp:featuredmedia":[{"embeddable":true,"href":"https:\/\/babylove.se\/no\/wp-json\/wp\/v2\/media\/1041"}],"wp:attachment":[{"href":"https:\/\/babylove.se\/no\/wp-json\/wp\/v2\/media?parent=1039"}],"wp:term":[{"taxonomy":"product_brand","embeddable":true,"href":"https:\/\/babylove.se\/no\/wp-json\/wp\/v2\/product_brand?post=1039"},{"taxonomy":"product_cat","embeddable":true,"href":"https:\/\/babylove.se\/no\/wp-json\/wp\/v2\/product_cat?post=1039"},{"taxonomy":"product_tag","embeddable":true,"href":"https:\/\/babylove.se\/no\/wp-json\/wp\/v2\/product_tag?post=1039"}],"curies":[{"name":"wp","href":"https:\/\/api.w.org\/{rel}","templated":true}]}}