{"id":1057,"date":"2025-07-18T19:59:33","date_gmt":"2025-07-18T18:59:33","guid":{"rendered":"https:\/\/babylove.se\/produkt\/skotbadd-done-by-deer-contour-green\/"},"modified":"2026-05-11T12:58:14","modified_gmt":"2026-05-11T11:58:14","slug":"skottbane-laget-av-hjort-kontur-gronn","status":"publish","type":"product","link":"https:\/\/babylove.se\/no\/produkt\/skottbane-laget-av-hjort-kontur-gronn\/","title":{"rendered":"Stellebord ,Done By Deer Contour, gr\u00f8nn"},"content":{"rendered":"<p><strong>Done By Deer Stelleunderlag&nbsp;<\/strong><\/p>\n<p>Done by Deer er et virkelig s\u00f8tt stelleunderlag som passer til de fleste stellebord med standardm\u00e5l. Stelleunderlaget er laget med akrylbelegg p\u00e5 oversiden som gj\u00f8r det fukt- og vanntett og sv\u00e6rt enkelt \u00e5 rengj\u00f8re. T\u00f8rk av det med en v\u00e5t klut eller maskinvask ut og inn p\u00e5 30\u00b0C. Rengj\u00f8ringsmiddel kan brukes ved behov, t\u00f8rk deretter av grundig. Stelleunderlaget er fylt med mykt skumgummi slik at barnet ditt alltid ligger komfortabelt og behagelig.<\/p>\n<p><strong>M\u00e5l:&nbsp;<\/strong>B 50 x L 65 cm&nbsp;<\/p>\n<p><strong>Materiale yttert\u00f8y:&nbsp;<\/strong>100% akrylbelagt bomull&nbsp;<\/p>\n<p><strong>Materiale fylling:&nbsp;<\/strong>Polyeterskum, PVC&nbsp;<\/p>\n<p><strong>Vasker\u00e5d:<\/strong> Maskinvask 30\u00b0C, ut og inn. T\u00e5ler ikke t\u00f8rketrommel.&nbsp;<\/p>\n<p>Designer: <a href=\"https:\/\/babylove.se\/varumarken\/done-by-deer\"><u>Done by Deer<\/u><\/a><\/p>\n","protected":false},"excerpt":{"rendered":"<p>Done By Deer Stelleunderlag&nbsp; Done by Deer er et virkelig s\u00f8tt stelleunderlag som passer til de fleste stellebord med standardm\u00e5l. Stelleunderlaget er laget med akrylbelegg p\u00e5 oversiden som gj\u00f8r det fukt- og vanntett og sv\u00e6rt enkelt \u00e5 rengj\u00f8re. T\u00f8rk av det med en v\u00e5t klut eller maskinvask ut og inn p\u00e5 30\u00b0C. Rengj\u00f8ringsmiddel kan brukes [&hellip;]<\/p>\n","protected":false},"featured_media":1059,"comment_status":"closed","ping_status":"open","template":"","meta":{"_acf_changed":false},"product_brand":[54],"product_cat":[55],"product_tag":[1689],"class_list":{"0":"post-1057","1":"product","2":"type-product","3":"status-publish","4":"has-post-thumbnail","6":"product_brand-done-by-deer","7":"product_cat-done-by-deer","8":"product_tag-bestillingsvaror","10":"first","11":"outofstock","12":"taxable","13":"shipping-taxable","14":"purchasable","15":"product-type-simple"},"acf":[],"yoast_head":"<!-- This site is optimized with the Yoast SEO Premium plugin v25.8 (Yoast SEO v27.2) - https:\/\/yoast.com\/product\/yoast-seo-premium-wordpress\/ -->\n<title>Stellebord ,Done By Deer Contour, gr\u00f8nn - Babylove Norska<\/title>\n<meta name=\"description\" content=\"Done by Deer \u00e4r en riktigt s\u00f6t sk\u00f6tb\u00e4dd som passar till de flesta sk\u00f6tbord med standardm\u00e5tt - skickas inom 24 timmar !\" \/>\n<meta name=\"robots\" content=\"noindex, follow, max-snippet:-1, max-image-preview:large, max-video-preview:-1\" \/>\n<meta property=\"og:locale\" content=\"nb_NO\" \/>\n<meta property=\"og:type\" content=\"article\" \/>\n<meta property=\"og:title\" content=\"Stellebord ,Done By Deer Contour, gr\u00f8nn\" \/>\n<meta property=\"og:description\" content=\"Done by Deer \u00e4r en riktigt s\u00f6t sk\u00f6tb\u00e4dd som passar till de flesta sk\u00f6tbord med standardm\u00e5tt - skickas inom 24 timmar !\" \/>\n<meta property=\"og:url\" content=\"https:\/\/babylove.se\/no\/produkt\/skottbane-laget-av-hjort-kontur-gronn\/\" \/>\n<meta property=\"og:site_name\" content=\"Babylove Norska\" \/>\n<meta property=\"article:modified_time\" content=\"2026-05-11T11:58:14+00:00\" \/>\n<meta property=\"og:image\" content=\"https:\/\/babylove.se\/no\/wp-content\/uploads\/sites\/3\/2025\/07\/552-149423871252.jpeg\" \/>\n\t<meta property=\"og:image:width\" content=\"750\" \/>\n\t<meta property=\"og:image:height\" content=\"750\" \/>\n\t<meta property=\"og:image:type\" content=\"image\/jpeg\" \/>\n<meta name=\"twitter:card\" content=\"summary_large_image\" \/>\n<meta name=\"twitter:label1\" content=\"Price\" \/>\n\t<meta name=\"twitter:data1\" content=\"629,00&nbsp;&#107;&#114;\" \/>\n\t<meta name=\"twitter:label2\" content=\"Availability\" \/>\n\t<meta name=\"twitter:data2\" content=\"Out of stock\" \/>\n<script type=\"application\/ld+json\" class=\"yoast-schema-graph\">{\"@context\":\"https:\/\/schema.org\",\"@graph\":[{\"@type\":\"WebPage\",\"@id\":\"https:\/\/babylove.se\/no\/produkt\/skottbane-laget-av-hjort-kontur-gronn\/\",\"url\":\"https:\/\/babylove.se\/no\/produkt\/skottbane-laget-av-hjort-kontur-gronn\/\",\"name\":\"Stellebord ,Done By Deer Contour, gr\u00f8nn - Babylove Norska\",\"isPartOf\":{\"@id\":\"https:\/\/babylove.se\/no\/#website\"},\"primaryImageOfPage\":{\"@id\":\"https:\/\/babylove.se\/no\/produkt\/skottbane-laget-av-hjort-kontur-gronn\/#primaryimage\"},\"image\":{\"@id\":\"https:\/\/babylove.se\/no\/produkt\/skottbane-laget-av-hjort-kontur-gronn\/#primaryimage\"},\"thumbnailUrl\":\"https:\/\/babylove.se\/no\/wp-content\/uploads\/sites\/3\/2025\/07\/552-149423871252.jpeg\",\"datePublished\":\"2025-07-18T18:59:33+00:00\",\"dateModified\":\"2026-05-11T11:58:14+00:00\",\"description\":\"Done by Deer \u00e4r en riktigt s\u00f6t sk\u00f6tb\u00e4dd som passar till de flesta sk\u00f6tbord med standardm\u00e5tt - skickas inom 24 timmar !\",\"breadcrumb\":{\"@id\":\"https:\/\/babylove.se\/no\/produkt\/skottbane-laget-av-hjort-kontur-gronn\/#breadcrumb\"},\"inLanguage\":\"nb-NO\",\"potentialAction\":[{\"@type\":\"ReadAction\",\"target\":[\"https:\/\/babylove.se\/no\/produkt\/skottbane-laget-av-hjort-kontur-gronn\/\"]}]},{\"@type\":\"ImageObject\",\"inLanguage\":\"nb-NO\",\"@id\":\"https:\/\/babylove.se\/no\/produkt\/skottbane-laget-av-hjort-kontur-gronn\/#primaryimage\",\"url\":\"https:\/\/babylove.se\/no\/wp-content\/uploads\/sites\/3\/2025\/07\/552-149423871252.jpeg\",\"contentUrl\":\"https:\/\/babylove.se\/no\/wp-content\/uploads\/sites\/3\/2025\/07\/552-149423871252.jpeg\",\"width\":750,\"height\":750},{\"@type\":\"BreadcrumbList\",\"@id\":\"https:\/\/babylove.se\/no\/produkt\/skottbane-laget-av-hjort-kontur-gronn\/#breadcrumb\",\"itemListElement\":[{\"@type\":\"ListItem\",\"position\":1,\"name\":\"Hem\",\"item\":\"https:\/\/babylove.se\/no\/\"},{\"@type\":\"ListItem\",\"position\":2,\"name\":\"Butik\",\"item\":\"https:\/\/babylove.se\/no\/butik\/\"},{\"@type\":\"ListItem\",\"position\":3,\"name\":\"Stellebord ,Done By Deer Contour, gr\u00f8nn\"}]},{\"@type\":\"WebSite\",\"@id\":\"https:\/\/babylove.se\/no\/#website\",\"url\":\"https:\/\/babylove.se\/no\/\",\"name\":\"Babylove Norska\",\"description\":\"\",\"potentialAction\":[{\"@type\":\"SearchAction\",\"target\":{\"@type\":\"EntryPoint\",\"urlTemplate\":\"https:\/\/babylove.se\/no\/?s={search_term_string}\"},\"query-input\":{\"@type\":\"PropertyValueSpecification\",\"valueRequired\":true,\"valueName\":\"search_term_string\"}}],\"inLanguage\":\"nb-NO\"}]}<\/script>\n<meta property=\"product:brand\" content=\"Done by Deer\" \/>\n<meta property=\"product:price:amount\" content=\"629.00\" \/>\n<meta property=\"product:price:currency\" content=\"NOK\" \/>\n<meta property=\"og:availability\" content=\"out of stock\" \/>\n<meta property=\"product:availability\" content=\"out of stock\" \/>\n<meta property=\"product:retailer_item_id\" content=\"DD0003Contourgreen\" \/>\n<meta property=\"product:condition\" content=\"new\" \/>\n<!-- \/ Yoast SEO Premium plugin. -->","yoast_head_json":{"title":"Stellebord ,Done By Deer Contour, gr\u00f8nn - Babylove Norska","description":"Done by Deer \u00e4r en riktigt s\u00f6t sk\u00f6tb\u00e4dd som passar till de flesta sk\u00f6tbord med standardm\u00e5tt - skickas inom 24 timmar !","robots":{"index":"noindex","follow":"follow","max-snippet":"max-snippet:-1","max-image-preview":"max-image-preview:large","max-video-preview":"max-video-preview:-1"},"og_locale":"nb_NO","og_type":"article","og_title":"Stellebord ,Done By Deer Contour, gr\u00f8nn","og_description":"Done by Deer \u00e4r en riktigt s\u00f6t sk\u00f6tb\u00e4dd som passar till de flesta sk\u00f6tbord med standardm\u00e5tt - skickas inom 24 timmar !","og_url":"https:\/\/babylove.se\/no\/produkt\/skottbane-laget-av-hjort-kontur-gronn\/","og_site_name":"Babylove Norska","article_modified_time":"2026-05-11T11:58:14+00:00","og_image":[{"width":750,"height":750,"url":"https:\/\/babylove.se\/no\/wp-content\/uploads\/sites\/3\/2025\/07\/552-149423871252.jpeg","type":"image\/jpeg"}],"twitter_card":"summary_large_image","twitter_misc":{"Price":"629,00&nbsp;&#107;&#114;","Availability":"Out of stock"},"schema":{"@context":"https:\/\/schema.org","@graph":[{"@type":"WebPage","@id":"https:\/\/babylove.se\/no\/produkt\/skottbane-laget-av-hjort-kontur-gronn\/","url":"https:\/\/babylove.se\/no\/produkt\/skottbane-laget-av-hjort-kontur-gronn\/","name":"Stellebord ,Done By Deer Contour, gr\u00f8nn - Babylove Norska","isPartOf":{"@id":"https:\/\/babylove.se\/no\/#website"},"primaryImageOfPage":{"@id":"https:\/\/babylove.se\/no\/produkt\/skottbane-laget-av-hjort-kontur-gronn\/#primaryimage"},"image":{"@id":"https:\/\/babylove.se\/no\/produkt\/skottbane-laget-av-hjort-kontur-gronn\/#primaryimage"},"thumbnailUrl":"https:\/\/babylove.se\/no\/wp-content\/uploads\/sites\/3\/2025\/07\/552-149423871252.jpeg","datePublished":"2025-07-18T18:59:33+00:00","dateModified":"2026-05-11T11:58:14+00:00","description":"Done by Deer \u00e4r en riktigt s\u00f6t sk\u00f6tb\u00e4dd som passar till de flesta sk\u00f6tbord med standardm\u00e5tt - skickas inom 24 timmar !","breadcrumb":{"@id":"https:\/\/babylove.se\/no\/produkt\/skottbane-laget-av-hjort-kontur-gronn\/#breadcrumb"},"inLanguage":"nb-NO","potentialAction":[{"@type":"ReadAction","target":["https:\/\/babylove.se\/no\/produkt\/skottbane-laget-av-hjort-kontur-gronn\/"]}]},{"@type":"ImageObject","inLanguage":"nb-NO","@id":"https:\/\/babylove.se\/no\/produkt\/skottbane-laget-av-hjort-kontur-gronn\/#primaryimage","url":"https:\/\/babylove.se\/no\/wp-content\/uploads\/sites\/3\/2025\/07\/552-149423871252.jpeg","contentUrl":"https:\/\/babylove.se\/no\/wp-content\/uploads\/sites\/3\/2025\/07\/552-149423871252.jpeg","width":750,"height":750},{"@type":"BreadcrumbList","@id":"https:\/\/babylove.se\/no\/produkt\/skottbane-laget-av-hjort-kontur-gronn\/#breadcrumb","itemListElement":[{"@type":"ListItem","position":1,"name":"Hem","item":"https:\/\/babylove.se\/no\/"},{"@type":"ListItem","position":2,"name":"Butik","item":"https:\/\/babylove.se\/no\/butik\/"},{"@type":"ListItem","position":3,"name":"Stellebord ,Done By Deer Contour, gr\u00f8nn"}]},{"@type":"WebSite","@id":"https:\/\/babylove.se\/no\/#website","url":"https:\/\/babylove.se\/no\/","name":"Babylove Norska","description":"","potentialAction":[{"@type":"SearchAction","target":{"@type":"EntryPoint","urlTemplate":"https:\/\/babylove.se\/no\/?s={search_term_string}"},"query-input":{"@type":"PropertyValueSpecification","valueRequired":true,"valueName":"search_term_string"}}],"inLanguage":"nb-NO"}]},"product_brand":"Done by Deer","product_price_amount":"629.00","product_price_currency":"NOK","og_availability":"out of stock","product_availability":"out of stock","product_retailer_item_id":"DD0003Contourgreen","product_condition":"new"},"_links":{"self":[{"href":"https:\/\/babylove.se\/no\/wp-json\/wp\/v2\/product\/1057","targetHints":{"allow":["GET"]}}],"collection":[{"href":"https:\/\/babylove.se\/no\/wp-json\/wp\/v2\/product"}],"about":[{"href":"https:\/\/babylove.se\/no\/wp-json\/wp\/v2\/types\/product"}],"replies":[{"embeddable":true,"href":"https:\/\/babylove.se\/no\/wp-json\/wp\/v2\/comments?post=1057"}],"wp:featuredmedia":[{"embeddable":true,"href":"https:\/\/babylove.se\/no\/wp-json\/wp\/v2\/media\/1059"}],"wp:attachment":[{"href":"https:\/\/babylove.se\/no\/wp-json\/wp\/v2\/media?parent=1057"}],"wp:term":[{"taxonomy":"product_brand","embeddable":true,"href":"https:\/\/babylove.se\/no\/wp-json\/wp\/v2\/product_brand?post=1057"},{"taxonomy":"product_cat","embeddable":true,"href":"https:\/\/babylove.se\/no\/wp-json\/wp\/v2\/product_cat?post=1057"},{"taxonomy":"product_tag","embeddable":true,"href":"https:\/\/babylove.se\/no\/wp-json\/wp\/v2\/product_tag?post=1057"}],"curies":[{"name":"wp","href":"https:\/\/api.w.org\/{rel}","templated":true}]}}