{"id":1066,"date":"2025-07-18T19:59:33","date_gmt":"2025-07-18T18:59:33","guid":{"rendered":"https:\/\/babylove.se\/produkt\/skotbadd-done-by-deer-candyfloss-gra\/"},"modified":"2026-04-08T07:39:04","modified_gmt":"2026-04-08T06:39:04","slug":"skotbad-done-by-deer-sukkerspinn-gra","status":"publish","type":"product","link":"https:\/\/babylove.se\/no\/produkt\/skotbad-done-by-deer-sukkerspinn-gra\/","title":{"rendered":"Stellebord ,Done By Deer Candyfloss, gr\u00e5"},"content":{"rendered":"<p><strong>Done By Deer Stelleunderlag &nbsp;Candyfloss.<\/strong><\/p>\n<p>Done by Deer er et skikkelig s\u00f8tt <strong>stelleunderlag&nbsp;<\/strong>som passer til de fleste <strong>stellebord&nbsp;<\/strong>med standardm\u00e5l. <strong>Stelleunderlaget&nbsp;<\/strong>er laget med akrylbelegg p\u00e5 oversiden som gj\u00f8r det fukt- og vanntett og sv\u00e6rt enkelt \u00e5 rengj\u00f8re. T\u00f8rk av det med hjelp av en v\u00e5t klut eller maskinvask ut og inn i 30\u00b0C. Rengj\u00f8ringsmiddel kan brukes ved behov, t\u00f8rk deretter av grundig. <strong>Stelleunderlaget<\/strong> er fylt med myk skumgummi slik at ditt <strong>barn&nbsp;<\/strong>alltid ligger komfortabelt og behagelig.&nbsp;<\/p>\n<p><strong>M\u00e5l:&nbsp;<\/strong>B 50 x L 65 cm&nbsp;<\/p>\n<p><strong>Materiale yttert\u00f8y:&nbsp;<\/strong>100% akrylbelagt bomull&nbsp;<\/p>\n<p><strong>Materiale fyll:&nbsp;<\/strong>Polyeterskum, PVC&nbsp;<\/p>\n<p><strong>Vasker\u00e5d:<\/strong> Maskinvask 30\u00b0C, ut og inn. T\u00e5ler ikke t\u00f8rketromling.&nbsp;<\/p>\n","protected":false},"excerpt":{"rendered":"<p>Done By Deer Stelleunderlag &nbsp;Candyfloss. Done by Deer er et skikkelig s\u00f8tt stelleunderlag&nbsp;som passer til de fleste stellebord&nbsp;med standardm\u00e5l. Stelleunderlaget&nbsp;er laget med akrylbelegg p\u00e5 oversiden som gj\u00f8r det fukt- og vanntett og sv\u00e6rt enkelt \u00e5 rengj\u00f8re. T\u00f8rk av det med hjelp av en v\u00e5t klut eller maskinvask ut og inn i 30\u00b0C. Rengj\u00f8ringsmiddel kan brukes [&hellip;]<\/p>\n","protected":false},"featured_media":1068,"comment_status":"closed","ping_status":"open","template":"","meta":{"_acf_changed":false},"product_brand":[54],"product_cat":[55],"product_tag":[1689],"class_list":{"0":"post-1066","1":"product","2":"type-product","3":"status-publish","4":"has-post-thumbnail","6":"product_brand-done-by-deer","7":"product_cat-done-by-deer","8":"product_tag-bestillingsvaror","10":"first","11":"outofstock","12":"taxable","13":"shipping-taxable","14":"purchasable","15":"product-type-simple"},"acf":[],"yoast_head":"<!-- This site is optimized with the Yoast SEO Premium plugin v25.8 (Yoast SEO v27.2) - https:\/\/yoast.com\/product\/yoast-seo-premium-wordpress\/ -->\n<title>Stellebord ,Done By Deer Candyfloss, gr\u00e5 - Babylove Norska<\/title>\n<meta name=\"robots\" content=\"noindex, follow, max-snippet:-1, max-image-preview:large, max-video-preview:-1\" \/>\n<meta property=\"og:locale\" content=\"nb_NO\" \/>\n<meta property=\"og:type\" content=\"article\" \/>\n<meta property=\"og:title\" content=\"Stellebord ,Done By Deer Candyfloss, gr\u00e5\" \/>\n<meta property=\"og:description\" content=\"Done By Deer Stelleunderlag &nbsp;Candyfloss. Done by Deer er et skikkelig s\u00f8tt stelleunderlag&nbsp;som passer til de fleste stellebord&nbsp;med standardm\u00e5l. Stelleunderlaget&nbsp;er laget med akrylbelegg p\u00e5 oversiden som gj\u00f8r det fukt- og vanntett og sv\u00e6rt enkelt \u00e5 rengj\u00f8re. T\u00f8rk av det med hjelp av en v\u00e5t klut eller maskinvask ut og inn i 30\u00b0C. Rengj\u00f8ringsmiddel kan brukes [&hellip;]\" \/>\n<meta property=\"og:url\" content=\"https:\/\/babylove.se\/no\/produkt\/skotbad-done-by-deer-sukkerspinn-gra\/\" \/>\n<meta property=\"og:site_name\" content=\"Babylove Norska\" \/>\n<meta property=\"article:modified_time\" content=\"2026-04-08T06:39:04+00:00\" \/>\n<meta property=\"og:image\" content=\"https:\/\/babylove.se\/no\/wp-content\/uploads\/sites\/3\/2025\/07\/574c1a7d501e5.jpeg\" \/>\n\t<meta property=\"og:image:width\" content=\"750\" \/>\n\t<meta property=\"og:image:height\" content=\"750\" \/>\n\t<meta property=\"og:image:type\" content=\"image\/jpeg\" \/>\n<meta name=\"twitter:card\" content=\"summary_large_image\" \/>\n<meta name=\"twitter:label1\" content=\"Price\" \/>\n\t<meta name=\"twitter:data1\" content=\"449,00&nbsp;&#107;&#114;\" \/>\n\t<meta name=\"twitter:label2\" content=\"Availability\" \/>\n\t<meta name=\"twitter:data2\" content=\"Out of stock\" \/>\n<script type=\"application\/ld+json\" class=\"yoast-schema-graph\">{\"@context\":\"https:\/\/schema.org\",\"@graph\":[{\"@type\":\"WebPage\",\"@id\":\"https:\/\/babylove.se\/no\/produkt\/skotbad-done-by-deer-sukkerspinn-gra\/\",\"url\":\"https:\/\/babylove.se\/no\/produkt\/skotbad-done-by-deer-sukkerspinn-gra\/\",\"name\":\"Stellebord ,Done By Deer Candyfloss, gr\u00e5 - Babylove Norska\",\"isPartOf\":{\"@id\":\"https:\/\/babylove.se\/no\/#website\"},\"primaryImageOfPage\":{\"@id\":\"https:\/\/babylove.se\/no\/produkt\/skotbad-done-by-deer-sukkerspinn-gra\/#primaryimage\"},\"image\":{\"@id\":\"https:\/\/babylove.se\/no\/produkt\/skotbad-done-by-deer-sukkerspinn-gra\/#primaryimage\"},\"thumbnailUrl\":\"https:\/\/babylove.se\/no\/wp-content\/uploads\/sites\/3\/2025\/07\/574c1a7d501e5.jpeg\",\"datePublished\":\"2025-07-18T18:59:33+00:00\",\"dateModified\":\"2026-04-08T06:39:04+00:00\",\"breadcrumb\":{\"@id\":\"https:\/\/babylove.se\/no\/produkt\/skotbad-done-by-deer-sukkerspinn-gra\/#breadcrumb\"},\"inLanguage\":\"nb-NO\",\"potentialAction\":[{\"@type\":\"ReadAction\",\"target\":[\"https:\/\/babylove.se\/no\/produkt\/skotbad-done-by-deer-sukkerspinn-gra\/\"]}]},{\"@type\":\"ImageObject\",\"inLanguage\":\"nb-NO\",\"@id\":\"https:\/\/babylove.se\/no\/produkt\/skotbad-done-by-deer-sukkerspinn-gra\/#primaryimage\",\"url\":\"https:\/\/babylove.se\/no\/wp-content\/uploads\/sites\/3\/2025\/07\/574c1a7d501e5.jpeg\",\"contentUrl\":\"https:\/\/babylove.se\/no\/wp-content\/uploads\/sites\/3\/2025\/07\/574c1a7d501e5.jpeg\",\"width\":750,\"height\":750},{\"@type\":\"BreadcrumbList\",\"@id\":\"https:\/\/babylove.se\/no\/produkt\/skotbad-done-by-deer-sukkerspinn-gra\/#breadcrumb\",\"itemListElement\":[{\"@type\":\"ListItem\",\"position\":1,\"name\":\"Hem\",\"item\":\"https:\/\/babylove.se\/no\/\"},{\"@type\":\"ListItem\",\"position\":2,\"name\":\"Butik\",\"item\":\"https:\/\/babylove.se\/no\/butik\/\"},{\"@type\":\"ListItem\",\"position\":3,\"name\":\"Stellebord ,Done By Deer Candyfloss, gr\u00e5\"}]},{\"@type\":\"WebSite\",\"@id\":\"https:\/\/babylove.se\/no\/#website\",\"url\":\"https:\/\/babylove.se\/no\/\",\"name\":\"Babylove Norska\",\"description\":\"\",\"potentialAction\":[{\"@type\":\"SearchAction\",\"target\":{\"@type\":\"EntryPoint\",\"urlTemplate\":\"https:\/\/babylove.se\/no\/?s={search_term_string}\"},\"query-input\":{\"@type\":\"PropertyValueSpecification\",\"valueRequired\":true,\"valueName\":\"search_term_string\"}}],\"inLanguage\":\"nb-NO\"}]}<\/script>\n<meta property=\"product:brand\" content=\"Done by Deer\" \/>\n<meta property=\"product:price:amount\" content=\"449.00\" \/>\n<meta property=\"product:price:currency\" content=\"SEK\" \/>\n<meta property=\"og:availability\" content=\"out of stock\" \/>\n<meta property=\"product:availability\" content=\"out of stock\" \/>\n<meta property=\"product:retailer_item_id\" content=\"DD0003Candyflossgr\u00e5\" \/>\n<meta property=\"product:condition\" content=\"new\" \/>\n<!-- \/ Yoast SEO Premium plugin. -->","yoast_head_json":{"title":"Stellebord ,Done By Deer Candyfloss, gr\u00e5 - Babylove Norska","robots":{"index":"noindex","follow":"follow","max-snippet":"max-snippet:-1","max-image-preview":"max-image-preview:large","max-video-preview":"max-video-preview:-1"},"og_locale":"nb_NO","og_type":"article","og_title":"Stellebord ,Done By Deer Candyfloss, gr\u00e5","og_description":"Done By Deer Stelleunderlag &nbsp;Candyfloss. Done by Deer er et skikkelig s\u00f8tt stelleunderlag&nbsp;som passer til de fleste stellebord&nbsp;med standardm\u00e5l. Stelleunderlaget&nbsp;er laget med akrylbelegg p\u00e5 oversiden som gj\u00f8r det fukt- og vanntett og sv\u00e6rt enkelt \u00e5 rengj\u00f8re. T\u00f8rk av det med hjelp av en v\u00e5t klut eller maskinvask ut og inn i 30\u00b0C. Rengj\u00f8ringsmiddel kan brukes [&hellip;]","og_url":"https:\/\/babylove.se\/no\/produkt\/skotbad-done-by-deer-sukkerspinn-gra\/","og_site_name":"Babylove Norska","article_modified_time":"2026-04-08T06:39:04+00:00","og_image":[{"width":750,"height":750,"url":"https:\/\/babylove.se\/no\/wp-content\/uploads\/sites\/3\/2025\/07\/574c1a7d501e5.jpeg","type":"image\/jpeg"}],"twitter_card":"summary_large_image","twitter_misc":{"Price":"449,00&nbsp;&#107;&#114;","Availability":"Out of stock"},"schema":{"@context":"https:\/\/schema.org","@graph":[{"@type":"WebPage","@id":"https:\/\/babylove.se\/no\/produkt\/skotbad-done-by-deer-sukkerspinn-gra\/","url":"https:\/\/babylove.se\/no\/produkt\/skotbad-done-by-deer-sukkerspinn-gra\/","name":"Stellebord ,Done By Deer Candyfloss, gr\u00e5 - Babylove Norska","isPartOf":{"@id":"https:\/\/babylove.se\/no\/#website"},"primaryImageOfPage":{"@id":"https:\/\/babylove.se\/no\/produkt\/skotbad-done-by-deer-sukkerspinn-gra\/#primaryimage"},"image":{"@id":"https:\/\/babylove.se\/no\/produkt\/skotbad-done-by-deer-sukkerspinn-gra\/#primaryimage"},"thumbnailUrl":"https:\/\/babylove.se\/no\/wp-content\/uploads\/sites\/3\/2025\/07\/574c1a7d501e5.jpeg","datePublished":"2025-07-18T18:59:33+00:00","dateModified":"2026-04-08T06:39:04+00:00","breadcrumb":{"@id":"https:\/\/babylove.se\/no\/produkt\/skotbad-done-by-deer-sukkerspinn-gra\/#breadcrumb"},"inLanguage":"nb-NO","potentialAction":[{"@type":"ReadAction","target":["https:\/\/babylove.se\/no\/produkt\/skotbad-done-by-deer-sukkerspinn-gra\/"]}]},{"@type":"ImageObject","inLanguage":"nb-NO","@id":"https:\/\/babylove.se\/no\/produkt\/skotbad-done-by-deer-sukkerspinn-gra\/#primaryimage","url":"https:\/\/babylove.se\/no\/wp-content\/uploads\/sites\/3\/2025\/07\/574c1a7d501e5.jpeg","contentUrl":"https:\/\/babylove.se\/no\/wp-content\/uploads\/sites\/3\/2025\/07\/574c1a7d501e5.jpeg","width":750,"height":750},{"@type":"BreadcrumbList","@id":"https:\/\/babylove.se\/no\/produkt\/skotbad-done-by-deer-sukkerspinn-gra\/#breadcrumb","itemListElement":[{"@type":"ListItem","position":1,"name":"Hem","item":"https:\/\/babylove.se\/no\/"},{"@type":"ListItem","position":2,"name":"Butik","item":"https:\/\/babylove.se\/no\/butik\/"},{"@type":"ListItem","position":3,"name":"Stellebord ,Done By Deer Candyfloss, gr\u00e5"}]},{"@type":"WebSite","@id":"https:\/\/babylove.se\/no\/#website","url":"https:\/\/babylove.se\/no\/","name":"Babylove Norska","description":"","potentialAction":[{"@type":"SearchAction","target":{"@type":"EntryPoint","urlTemplate":"https:\/\/babylove.se\/no\/?s={search_term_string}"},"query-input":{"@type":"PropertyValueSpecification","valueRequired":true,"valueName":"search_term_string"}}],"inLanguage":"nb-NO"}]},"product_brand":"Done by Deer","product_price_amount":"449.00","product_price_currency":"SEK","og_availability":"out of stock","product_availability":"out of stock","product_retailer_item_id":"DD0003Candyflossgr\u00e5","product_condition":"new"},"_links":{"self":[{"href":"https:\/\/babylove.se\/no\/wp-json\/wp\/v2\/product\/1066","targetHints":{"allow":["GET"]}}],"collection":[{"href":"https:\/\/babylove.se\/no\/wp-json\/wp\/v2\/product"}],"about":[{"href":"https:\/\/babylove.se\/no\/wp-json\/wp\/v2\/types\/product"}],"replies":[{"embeddable":true,"href":"https:\/\/babylove.se\/no\/wp-json\/wp\/v2\/comments?post=1066"}],"wp:featuredmedia":[{"embeddable":true,"href":"https:\/\/babylove.se\/no\/wp-json\/wp\/v2\/media\/1068"}],"wp:attachment":[{"href":"https:\/\/babylove.se\/no\/wp-json\/wp\/v2\/media?parent=1066"}],"wp:term":[{"taxonomy":"product_brand","embeddable":true,"href":"https:\/\/babylove.se\/no\/wp-json\/wp\/v2\/product_brand?post=1066"},{"taxonomy":"product_cat","embeddable":true,"href":"https:\/\/babylove.se\/no\/wp-json\/wp\/v2\/product_cat?post=1066"},{"taxonomy":"product_tag","embeddable":true,"href":"https:\/\/babylove.se\/no\/wp-json\/wp\/v2\/product_tag?post=1066"}],"curies":[{"name":"wp","href":"https:\/\/api.w.org\/{rel}","templated":true}]}}