{"id":1069,"date":"2025-07-18T19:59:33","date_gmt":"2025-07-18T18:59:33","guid":{"rendered":"https:\/\/babylove.se\/produkt\/babygym-done-by-deer\/"},"modified":"2026-04-08T07:39:07","modified_gmt":"2026-04-08T06:39:07","slug":"babygym-fra-done-by-deer","status":"publish","type":"product","link":"https:\/\/babylove.se\/no\/produkt\/babygym-fra-done-by-deer\/","title":{"rendered":"Babygym Done By Deer"},"content":{"rendered":"<p>Det mest trendy Babygymet p\u00e5 markedet&nbsp;<\/p>\n<p>Bel\u00f8nnet med den prestisjetunge &#8220;Red Dot Award&#8221; i kategorien: Product Design 2016. Hele 5214 produkter var med og konkurrerte, men Done By Deers Babygym stod som eneste vinner.&nbsp;<\/p>\n<p>N\u00e5 har ogs\u00e5 du sjansen til \u00e5 skaffe deg dette ettertraktede babygymet. Ideen fra Done By Deer var \u00e5 skape et fleksibelt aktivitetsgym som ikke trenger et teppe for \u00e5 kunne st\u00e5 opp. Dette inneb\u00e6rer at det er helt frittst\u00e5ende og kan plasseres b\u00e5de p\u00e5 gulvet som i sofaen eller sengen. Bredde og h\u00f8yde kan justeres hvilket gj\u00f8r at det kan tilpasses babyens alder.&nbsp;<\/p>\n<p>Med f\u00f8lger ogs\u00e5 de kjente lekene Croco og Nozo samt et speil. &nbsp;<\/p>\n<p><strong>St\u00f8rrelse<\/strong>: H\u00f8yde mellom 38-45 cm<\/p>\n<p>Designer: <a href=\"https:\/\/babylove.se\/varumarken\/done-by-deer\">Done by Deer&nbsp;<\/a><\/p>\n","protected":false},"excerpt":{"rendered":"<p>Det mest trendy Babygymet p\u00e5 markedet&nbsp; Bel\u00f8nnet med den prestisjetunge &#8220;Red Dot Award&#8221; i kategorien: Product Design 2016. Hele 5214 produkter var med og konkurrerte, men Done By Deers Babygym stod som eneste vinner.&nbsp; N\u00e5 har ogs\u00e5 du sjansen til \u00e5 skaffe deg dette ettertraktede babygymet. Ideen fra Done By Deer var \u00e5 skape et [&hellip;]<\/p>\n","protected":false},"featured_media":1071,"comment_status":"closed","ping_status":"open","template":"","meta":{"_acf_changed":false},"product_brand":[54],"product_cat":[63,55,52],"product_tag":[1689],"class_list":{"0":"post-1069","1":"product","2":"type-product","3":"status-publish","4":"has-post-thumbnail","6":"product_brand-done-by-deer","7":"product_cat-babygym","8":"product_cat-done-by-deer","9":"product_cat-lekematter","10":"product_tag-bestillingsvaror","12":"first","13":"outofstock","14":"taxable","15":"shipping-taxable","16":"purchasable","17":"product-type-simple"},"acf":[],"yoast_head":"<!-- This site is optimized with the Yoast SEO Premium plugin v25.8 (Yoast SEO v27.2) - https:\/\/yoast.com\/product\/yoast-seo-premium-wordpress\/ -->\n<title>Babygym | Babygym fr\u00e5n Done by Deer | Babylove<\/title>\n<meta name=\"description\" content=\"Det mest trendiga Babygymet p\u00e5 marknaden , flexibelt babygym som inte beh\u00f6ver en filt f\u00f6r att kunna st\u00e5 upp ! K\u00f6p den h\u00e4r\" \/>\n<meta name=\"robots\" content=\"noindex, follow, max-snippet:-1, max-image-preview:large, max-video-preview:-1\" \/>\n<meta property=\"og:locale\" content=\"nb_NO\" \/>\n<meta property=\"og:type\" content=\"article\" \/>\n<meta property=\"og:title\" content=\"Babygym Done By Deer\" \/>\n<meta property=\"og:description\" content=\"Det mest trendiga Babygymet p\u00e5 marknaden , flexibelt babygym som inte beh\u00f6ver en filt f\u00f6r att kunna st\u00e5 upp ! K\u00f6p den h\u00e4r\" \/>\n<meta property=\"og:url\" content=\"https:\/\/babylove.se\/no\/produkt\/babygym-fra-done-by-deer\/\" \/>\n<meta property=\"og:site_name\" content=\"Babylove Norska\" \/>\n<meta property=\"article:modified_time\" content=\"2026-04-08T06:39:07+00:00\" \/>\n<meta property=\"og:image\" content=\"https:\/\/babylove.se\/no\/wp-content\/uploads\/sites\/3\/2025\/07\/552-146467941537.jpeg\" \/>\n\t<meta property=\"og:image:width\" content=\"734\" \/>\n\t<meta property=\"og:image:height\" content=\"408\" \/>\n\t<meta property=\"og:image:type\" content=\"image\/jpeg\" \/>\n<meta name=\"twitter:card\" content=\"summary_large_image\" \/>\n<meta name=\"twitter:label1\" content=\"Price\" \/>\n\t<meta name=\"twitter:data1\" content=\"899,00&nbsp;&#107;&#114;\" \/>\n\t<meta name=\"twitter:label2\" content=\"Availability\" \/>\n\t<meta name=\"twitter:data2\" content=\"Out of stock\" \/>\n<script type=\"application\/ld+json\" class=\"yoast-schema-graph\">{\"@context\":\"https:\/\/schema.org\",\"@graph\":[{\"@type\":\"WebPage\",\"@id\":\"https:\/\/babylove.se\/no\/produkt\/babygym-fra-done-by-deer\/\",\"url\":\"https:\/\/babylove.se\/no\/produkt\/babygym-fra-done-by-deer\/\",\"name\":\"Babygym | Babygym fr\u00e5n Done by Deer | Babylove\",\"isPartOf\":{\"@id\":\"https:\/\/babylove.se\/no\/#website\"},\"primaryImageOfPage\":{\"@id\":\"https:\/\/babylove.se\/no\/produkt\/babygym-fra-done-by-deer\/#primaryimage\"},\"image\":{\"@id\":\"https:\/\/babylove.se\/no\/produkt\/babygym-fra-done-by-deer\/#primaryimage\"},\"thumbnailUrl\":\"https:\/\/babylove.se\/no\/wp-content\/uploads\/sites\/3\/2025\/07\/552-146467941537.jpeg\",\"datePublished\":\"2025-07-18T18:59:33+00:00\",\"dateModified\":\"2026-04-08T06:39:07+00:00\",\"description\":\"Det mest trendiga Babygymet p\u00e5 marknaden , flexibelt babygym som inte beh\u00f6ver en filt f\u00f6r att kunna st\u00e5 upp ! K\u00f6p den h\u00e4r\",\"breadcrumb\":{\"@id\":\"https:\/\/babylove.se\/no\/produkt\/babygym-fra-done-by-deer\/#breadcrumb\"},\"inLanguage\":\"nb-NO\",\"potentialAction\":[{\"@type\":\"ReadAction\",\"target\":[\"https:\/\/babylove.se\/no\/produkt\/babygym-fra-done-by-deer\/\"]}]},{\"@type\":\"ImageObject\",\"inLanguage\":\"nb-NO\",\"@id\":\"https:\/\/babylove.se\/no\/produkt\/babygym-fra-done-by-deer\/#primaryimage\",\"url\":\"https:\/\/babylove.se\/no\/wp-content\/uploads\/sites\/3\/2025\/07\/552-146467941537.jpeg\",\"contentUrl\":\"https:\/\/babylove.se\/no\/wp-content\/uploads\/sites\/3\/2025\/07\/552-146467941537.jpeg\",\"width\":734,\"height\":408},{\"@type\":\"BreadcrumbList\",\"@id\":\"https:\/\/babylove.se\/no\/produkt\/babygym-fra-done-by-deer\/#breadcrumb\",\"itemListElement\":[{\"@type\":\"ListItem\",\"position\":1,\"name\":\"Hem\",\"item\":\"https:\/\/babylove.se\/no\/\"},{\"@type\":\"ListItem\",\"position\":2,\"name\":\"Butik\",\"item\":\"https:\/\/babylove.se\/no\/butik\/\"},{\"@type\":\"ListItem\",\"position\":3,\"name\":\"Babygym Done By Deer\"}]},{\"@type\":\"WebSite\",\"@id\":\"https:\/\/babylove.se\/no\/#website\",\"url\":\"https:\/\/babylove.se\/no\/\",\"name\":\"Babylove Norska\",\"description\":\"\",\"potentialAction\":[{\"@type\":\"SearchAction\",\"target\":{\"@type\":\"EntryPoint\",\"urlTemplate\":\"https:\/\/babylove.se\/no\/?s={search_term_string}\"},\"query-input\":{\"@type\":\"PropertyValueSpecification\",\"valueRequired\":true,\"valueName\":\"search_term_string\"}}],\"inLanguage\":\"nb-NO\"}]}<\/script>\n<meta property=\"product:brand\" content=\"Done by Deer\" \/>\n<meta property=\"product:price:amount\" content=\"899.00\" \/>\n<meta property=\"product:price:currency\" content=\"SEK\" \/>\n<meta property=\"og:availability\" content=\"out of stock\" \/>\n<meta property=\"product:availability\" content=\"out of stock\" \/>\n<meta property=\"product:retailer_item_id\" content=\"40509\" \/>\n<meta property=\"product:condition\" content=\"new\" \/>\n<!-- \/ Yoast SEO Premium plugin. -->","yoast_head_json":{"title":"Babygym | Babygym fr\u00e5n Done by Deer | Babylove","description":"Det mest trendiga Babygymet p\u00e5 marknaden , flexibelt babygym som inte beh\u00f6ver en filt f\u00f6r att kunna st\u00e5 upp ! K\u00f6p den h\u00e4r","robots":{"index":"noindex","follow":"follow","max-snippet":"max-snippet:-1","max-image-preview":"max-image-preview:large","max-video-preview":"max-video-preview:-1"},"og_locale":"nb_NO","og_type":"article","og_title":"Babygym Done By Deer","og_description":"Det mest trendiga Babygymet p\u00e5 marknaden , flexibelt babygym som inte beh\u00f6ver en filt f\u00f6r att kunna st\u00e5 upp ! K\u00f6p den h\u00e4r","og_url":"https:\/\/babylove.se\/no\/produkt\/babygym-fra-done-by-deer\/","og_site_name":"Babylove Norska","article_modified_time":"2026-04-08T06:39:07+00:00","og_image":[{"width":734,"height":408,"url":"https:\/\/babylove.se\/no\/wp-content\/uploads\/sites\/3\/2025\/07\/552-146467941537.jpeg","type":"image\/jpeg"}],"twitter_card":"summary_large_image","twitter_misc":{"Price":"899,00&nbsp;&#107;&#114;","Availability":"Out of stock"},"schema":{"@context":"https:\/\/schema.org","@graph":[{"@type":"WebPage","@id":"https:\/\/babylove.se\/no\/produkt\/babygym-fra-done-by-deer\/","url":"https:\/\/babylove.se\/no\/produkt\/babygym-fra-done-by-deer\/","name":"Babygym | Babygym fr\u00e5n Done by Deer | Babylove","isPartOf":{"@id":"https:\/\/babylove.se\/no\/#website"},"primaryImageOfPage":{"@id":"https:\/\/babylove.se\/no\/produkt\/babygym-fra-done-by-deer\/#primaryimage"},"image":{"@id":"https:\/\/babylove.se\/no\/produkt\/babygym-fra-done-by-deer\/#primaryimage"},"thumbnailUrl":"https:\/\/babylove.se\/no\/wp-content\/uploads\/sites\/3\/2025\/07\/552-146467941537.jpeg","datePublished":"2025-07-18T18:59:33+00:00","dateModified":"2026-04-08T06:39:07+00:00","description":"Det mest trendiga Babygymet p\u00e5 marknaden , flexibelt babygym som inte beh\u00f6ver en filt f\u00f6r att kunna st\u00e5 upp ! K\u00f6p den h\u00e4r","breadcrumb":{"@id":"https:\/\/babylove.se\/no\/produkt\/babygym-fra-done-by-deer\/#breadcrumb"},"inLanguage":"nb-NO","potentialAction":[{"@type":"ReadAction","target":["https:\/\/babylove.se\/no\/produkt\/babygym-fra-done-by-deer\/"]}]},{"@type":"ImageObject","inLanguage":"nb-NO","@id":"https:\/\/babylove.se\/no\/produkt\/babygym-fra-done-by-deer\/#primaryimage","url":"https:\/\/babylove.se\/no\/wp-content\/uploads\/sites\/3\/2025\/07\/552-146467941537.jpeg","contentUrl":"https:\/\/babylove.se\/no\/wp-content\/uploads\/sites\/3\/2025\/07\/552-146467941537.jpeg","width":734,"height":408},{"@type":"BreadcrumbList","@id":"https:\/\/babylove.se\/no\/produkt\/babygym-fra-done-by-deer\/#breadcrumb","itemListElement":[{"@type":"ListItem","position":1,"name":"Hem","item":"https:\/\/babylove.se\/no\/"},{"@type":"ListItem","position":2,"name":"Butik","item":"https:\/\/babylove.se\/no\/butik\/"},{"@type":"ListItem","position":3,"name":"Babygym Done By Deer"}]},{"@type":"WebSite","@id":"https:\/\/babylove.se\/no\/#website","url":"https:\/\/babylove.se\/no\/","name":"Babylove Norska","description":"","potentialAction":[{"@type":"SearchAction","target":{"@type":"EntryPoint","urlTemplate":"https:\/\/babylove.se\/no\/?s={search_term_string}"},"query-input":{"@type":"PropertyValueSpecification","valueRequired":true,"valueName":"search_term_string"}}],"inLanguage":"nb-NO"}]},"product_brand":"Done by Deer","product_price_amount":"899.00","product_price_currency":"SEK","og_availability":"out of stock","product_availability":"out of stock","product_retailer_item_id":"40509","product_condition":"new"},"_links":{"self":[{"href":"https:\/\/babylove.se\/no\/wp-json\/wp\/v2\/product\/1069","targetHints":{"allow":["GET"]}}],"collection":[{"href":"https:\/\/babylove.se\/no\/wp-json\/wp\/v2\/product"}],"about":[{"href":"https:\/\/babylove.se\/no\/wp-json\/wp\/v2\/types\/product"}],"replies":[{"embeddable":true,"href":"https:\/\/babylove.se\/no\/wp-json\/wp\/v2\/comments?post=1069"}],"wp:featuredmedia":[{"embeddable":true,"href":"https:\/\/babylove.se\/no\/wp-json\/wp\/v2\/media\/1071"}],"wp:attachment":[{"href":"https:\/\/babylove.se\/no\/wp-json\/wp\/v2\/media?parent=1069"}],"wp:term":[{"taxonomy":"product_brand","embeddable":true,"href":"https:\/\/babylove.se\/no\/wp-json\/wp\/v2\/product_brand?post=1069"},{"taxonomy":"product_cat","embeddable":true,"href":"https:\/\/babylove.se\/no\/wp-json\/wp\/v2\/product_cat?post=1069"},{"taxonomy":"product_tag","embeddable":true,"href":"https:\/\/babylove.se\/no\/wp-json\/wp\/v2\/product_tag?post=1069"}],"curies":[{"name":"wp","href":"https:\/\/api.w.org\/{rel}","templated":true}]}}