{"id":10742,"date":"2025-07-18T21:10:29","date_gmt":"2025-07-18T20:10:29","guid":{"rendered":"https:\/\/babylove.se\/produkt\/sang-till-barnrummet-box4\/"},"modified":"2026-04-08T08:45:49","modified_gmt":"2026-04-08T07:45:49","slug":"sang-til-barnerommet-box4","status":"publish","type":"product","link":"https:\/\/babylove.se\/no\/produkt\/sang-til-barnerommet-box4\/","title":{"rendered":"Seng til barnerommet BOX4"},"content":{"rendered":"<p>En blanding av gammelt og nytt, denne barneseng har virkelig alt. Retro, modernisme og samtidig herlig myke kurver for \u00e5 passe inn i barnerommet. I denne fantastiske barnesengen vil barnet ditt sove trygt og bruke den som dagseng resten av tiden. <\/p>\n<ul>\n<li>Madrass er ikke inkludert. Merk at til disse sengene anbefales en 12-14 cm tykk skummadrass.<\/li>\n<li>Inngangen kan monteres p\u00e5 \u00f8nsket side<\/li>\n<li>Ribbbunn er inkludert<\/li>\n<li>Anbefales fra 2 \u00e5rs alder<\/li>\n<li>Sengen kommer umontert men er enkel \u00e5 sette sammen.<\/li>\n<li>Sertifisert furutre som oppfyller alle sikkerhetskrav<\/li>\n<li>Maks belastning: 90 kg<\/li>\n<\/ul>\n<p>M\u00e5l: Finnes i forskjellige st\u00f8rrelser. M\u00e5lene til venstre i listen gjelder st\u00f8rrelsen p\u00e5 madrassen som passer til sengen. M\u00e5lene i parentes (H\u00f8yde Lengde Bredde) gjelder den totale st\u00f8rrelsen p\u00e5 sengen. <\/p>\n<p><em><em><em><em><em>Sengen leveres umontert og b\u00f8r settes sammen i rommet den skal brukes i.<\/em><\/em><\/em><\/em><\/em> <\/p>\n<p><em>For senger i farge er leveringstiden to uker lenger enn den oppgitte informasjonen.<\/em><\/p>\n","protected":false},"excerpt":{"rendered":"<p>En blanding av gammelt og nytt, denne barneseng har virkelig alt. Retro, modernisme og samtidig herlig myke kurver for \u00e5 passe inn i barnerommet. I denne fantastiske barnesengen vil barnet ditt sove trygt og bruke den som dagseng resten av tiden. Madrass er ikke inkludert. Merk at til disse sengene anbefales en 12-14 cm tykk [&hellip;]<\/p>\n","protected":false},"featured_media":10744,"comment_status":"open","ping_status":"closed","template":"","meta":{"_acf_changed":false},"product_brand":[384],"product_cat":[386,372,220,221,218,219,269,40,48],"product_tag":[1689],"class_list":{"0":"post-10742","1":"product","2":"type-product","3":"status-publish","4":"has-post-thumbnail","6":"product_brand-adeko","7":"product_cat-ad","8":"product_cat-barnesenger","9":"product_cat-barneseng-120","10":"product_cat-barneseng-140","11":"product_cat-barneseng-80","12":"product_cat-barneseng-90","13":"product_cat-juniorsenger","14":"product_cat-soverom-barn","15":"product_cat-startside","16":"product_tag-bestillingsvaror","17":"pa_farg-gra","18":"pa_farg-vit","19":"pa_farg-natur","20":"pa_storlek-100x170-h40-l174-b104","21":"pa_storlek-100x180-h40-l184-b104","22":"pa_storlek-100x190-h40-l194-b104","23":"pa_storlek-100x200-h40-l204-b104","24":"pa_storlek-60x120-h40-l124-b64","25":"pa_storlek-70x140-h40-l144-b74","26":"pa_storlek-70x160-h40-l164-b74","27":"pa_storlek-80x140-h40-l144-b84","28":"pa_storlek-80x150-h40-l154-b84","29":"pa_storlek-80x160-h40-l164-b84","30":"pa_storlek-80x170-h40-l174-b84","31":"pa_storlek-80x180-h40-l184-b84","32":"pa_storlek-80x190-h40-l194-b84","33":"pa_storlek-80x200-h40-l204-b84","34":"pa_storlek-90x140-h40-l144-b94","35":"pa_storlek-90x150-h40-l154-b94","36":"pa_storlek-90x160-h40-l164-b94","37":"pa_storlek-90x170-h40-l174-b94","38":"pa_storlek-90x180-h40-l184-b94","39":"pa_storlek-90x190-h40-l194-b94","40":"pa_storlek-90x200-h40-l204-b94","42":"first","43":"instock","44":"taxable","45":"shipping-taxable","46":"purchasable","47":"product-type-variable"},"acf":[],"yoast_head":"<!-- This site is optimized with the Yoast SEO Premium plugin v25.8 (Yoast SEO v27.2) - https:\/\/yoast.com\/product\/yoast-seo-premium-wordpress\/ -->\n<title>J\u00e4ttefin s\u00e4ng till barnrummet - FRI FRAKT<\/title>\n<meta name=\"robots\" content=\"noindex, follow, max-snippet:-1, max-image-preview:large, max-video-preview:-1\" \/>\n<meta property=\"og:locale\" content=\"nb_NO\" \/>\n<meta property=\"og:type\" content=\"article\" \/>\n<meta property=\"og:title\" content=\"Seng til barnerommet BOX4\" \/>\n<meta property=\"og:description\" content=\"En blanding av gammelt og nytt, denne barneseng har virkelig alt. Retro, modernisme og samtidig herlig myke kurver for \u00e5 passe inn i barnerommet. I denne fantastiske barnesengen vil barnet ditt sove trygt og bruke den som dagseng resten av tiden. Madrass er ikke inkludert. Merk at til disse sengene anbefales en 12-14 cm tykk [&hellip;]\" \/>\n<meta property=\"og:url\" content=\"https:\/\/babylove.se\/no\/produkt\/sang-til-barnerommet-box4\/\" \/>\n<meta property=\"og:site_name\" content=\"Babylove Norska\" \/>\n<meta property=\"article:modified_time\" content=\"2026-04-08T07:45:49+00:00\" \/>\n<meta property=\"og:image\" content=\"https:\/\/babylove.se\/no\/wp-content\/uploads\/sites\/3\/2025\/07\/5d63c05e6a8a1.jpeg\" \/>\n\t<meta property=\"og:image:width\" content=\"750\" \/>\n\t<meta property=\"og:image:height\" content=\"750\" \/>\n\t<meta property=\"og:image:type\" content=\"image\/jpeg\" \/>\n<meta name=\"twitter:card\" content=\"summary_large_image\" \/>\n<meta name=\"twitter:label1\" content=\"Availability\" \/>\n\t<meta name=\"twitter:data1\" content=\"In stock\" \/>\n<script type=\"application\/ld+json\" class=\"yoast-schema-graph\">{\"@context\":\"https:\/\/schema.org\",\"@graph\":[{\"@type\":\"WebPage\",\"@id\":\"https:\/\/babylove.se\/no\/produkt\/sang-til-barnerommet-box4\/\",\"url\":\"https:\/\/babylove.se\/no\/produkt\/sang-til-barnerommet-box4\/\",\"name\":\"J\u00e4ttefin s\u00e4ng till barnrummet - FRI FRAKT\",\"isPartOf\":{\"@id\":\"https:\/\/babylove.se\/no\/#website\"},\"primaryImageOfPage\":{\"@id\":\"https:\/\/babylove.se\/no\/produkt\/sang-til-barnerommet-box4\/#primaryimage\"},\"image\":{\"@id\":\"https:\/\/babylove.se\/no\/produkt\/sang-til-barnerommet-box4\/#primaryimage\"},\"thumbnailUrl\":\"https:\/\/babylove.se\/no\/wp-content\/uploads\/sites\/3\/2025\/07\/5d63c05e6a8a1.jpeg\",\"datePublished\":\"2025-07-18T20:10:29+00:00\",\"dateModified\":\"2026-04-08T07:45:49+00:00\",\"breadcrumb\":{\"@id\":\"https:\/\/babylove.se\/no\/produkt\/sang-til-barnerommet-box4\/#breadcrumb\"},\"inLanguage\":\"nb-NO\",\"potentialAction\":[{\"@type\":\"ReadAction\",\"target\":[\"https:\/\/babylove.se\/no\/produkt\/sang-til-barnerommet-box4\/\"]}]},{\"@type\":\"ImageObject\",\"inLanguage\":\"nb-NO\",\"@id\":\"https:\/\/babylove.se\/no\/produkt\/sang-til-barnerommet-box4\/#primaryimage\",\"url\":\"https:\/\/babylove.se\/no\/wp-content\/uploads\/sites\/3\/2025\/07\/5d63c05e6a8a1.jpeg\",\"contentUrl\":\"https:\/\/babylove.se\/no\/wp-content\/uploads\/sites\/3\/2025\/07\/5d63c05e6a8a1.jpeg\",\"width\":750,\"height\":750},{\"@type\":\"BreadcrumbList\",\"@id\":\"https:\/\/babylove.se\/no\/produkt\/sang-til-barnerommet-box4\/#breadcrumb\",\"itemListElement\":[{\"@type\":\"ListItem\",\"position\":1,\"name\":\"Hem\",\"item\":\"https:\/\/babylove.se\/no\/\"},{\"@type\":\"ListItem\",\"position\":2,\"name\":\"Butik\",\"item\":\"https:\/\/babylove.se\/no\/butik\/\"},{\"@type\":\"ListItem\",\"position\":3,\"name\":\"Seng til barnerommet BOX4\"}]},{\"@type\":\"WebSite\",\"@id\":\"https:\/\/babylove.se\/no\/#website\",\"url\":\"https:\/\/babylove.se\/no\/\",\"name\":\"Babylove Norska\",\"description\":\"\",\"potentialAction\":[{\"@type\":\"SearchAction\",\"target\":{\"@type\":\"EntryPoint\",\"urlTemplate\":\"https:\/\/babylove.se\/no\/?s={search_term_string}\"},\"query-input\":{\"@type\":\"PropertyValueSpecification\",\"valueRequired\":true,\"valueName\":\"search_term_string\"}}],\"inLanguage\":\"nb-NO\"}]}<\/script>\n<meta property=\"product:brand\" content=\"Adeko\" \/>\n<meta property=\"og:availability\" content=\"instock\" \/>\n<meta property=\"product:availability\" content=\"instock\" \/>\n<meta property=\"product:retailer_item_id\" content=\"BOX4-60x120-natur\" \/>\n<meta property=\"product:condition\" content=\"new\" \/>\n<!-- \/ Yoast SEO Premium plugin. -->","yoast_head_json":{"title":"J\u00e4ttefin s\u00e4ng till barnrummet - FRI FRAKT","robots":{"index":"noindex","follow":"follow","max-snippet":"max-snippet:-1","max-image-preview":"max-image-preview:large","max-video-preview":"max-video-preview:-1"},"og_locale":"nb_NO","og_type":"article","og_title":"Seng til barnerommet BOX4","og_description":"En blanding av gammelt og nytt, denne barneseng har virkelig alt. Retro, modernisme og samtidig herlig myke kurver for \u00e5 passe inn i barnerommet. I denne fantastiske barnesengen vil barnet ditt sove trygt og bruke den som dagseng resten av tiden. Madrass er ikke inkludert. Merk at til disse sengene anbefales en 12-14 cm tykk [&hellip;]","og_url":"https:\/\/babylove.se\/no\/produkt\/sang-til-barnerommet-box4\/","og_site_name":"Babylove Norska","article_modified_time":"2026-04-08T07:45:49+00:00","og_image":[{"width":750,"height":750,"url":"https:\/\/babylove.se\/no\/wp-content\/uploads\/sites\/3\/2025\/07\/5d63c05e6a8a1.jpeg","type":"image\/jpeg"}],"twitter_card":"summary_large_image","twitter_misc":{"Availability":"In stock"},"schema":{"@context":"https:\/\/schema.org","@graph":[{"@type":"WebPage","@id":"https:\/\/babylove.se\/no\/produkt\/sang-til-barnerommet-box4\/","url":"https:\/\/babylove.se\/no\/produkt\/sang-til-barnerommet-box4\/","name":"J\u00e4ttefin s\u00e4ng till barnrummet - FRI FRAKT","isPartOf":{"@id":"https:\/\/babylove.se\/no\/#website"},"primaryImageOfPage":{"@id":"https:\/\/babylove.se\/no\/produkt\/sang-til-barnerommet-box4\/#primaryimage"},"image":{"@id":"https:\/\/babylove.se\/no\/produkt\/sang-til-barnerommet-box4\/#primaryimage"},"thumbnailUrl":"https:\/\/babylove.se\/no\/wp-content\/uploads\/sites\/3\/2025\/07\/5d63c05e6a8a1.jpeg","datePublished":"2025-07-18T20:10:29+00:00","dateModified":"2026-04-08T07:45:49+00:00","breadcrumb":{"@id":"https:\/\/babylove.se\/no\/produkt\/sang-til-barnerommet-box4\/#breadcrumb"},"inLanguage":"nb-NO","potentialAction":[{"@type":"ReadAction","target":["https:\/\/babylove.se\/no\/produkt\/sang-til-barnerommet-box4\/"]}]},{"@type":"ImageObject","inLanguage":"nb-NO","@id":"https:\/\/babylove.se\/no\/produkt\/sang-til-barnerommet-box4\/#primaryimage","url":"https:\/\/babylove.se\/no\/wp-content\/uploads\/sites\/3\/2025\/07\/5d63c05e6a8a1.jpeg","contentUrl":"https:\/\/babylove.se\/no\/wp-content\/uploads\/sites\/3\/2025\/07\/5d63c05e6a8a1.jpeg","width":750,"height":750},{"@type":"BreadcrumbList","@id":"https:\/\/babylove.se\/no\/produkt\/sang-til-barnerommet-box4\/#breadcrumb","itemListElement":[{"@type":"ListItem","position":1,"name":"Hem","item":"https:\/\/babylove.se\/no\/"},{"@type":"ListItem","position":2,"name":"Butik","item":"https:\/\/babylove.se\/no\/butik\/"},{"@type":"ListItem","position":3,"name":"Seng til barnerommet BOX4"}]},{"@type":"WebSite","@id":"https:\/\/babylove.se\/no\/#website","url":"https:\/\/babylove.se\/no\/","name":"Babylove Norska","description":"","potentialAction":[{"@type":"SearchAction","target":{"@type":"EntryPoint","urlTemplate":"https:\/\/babylove.se\/no\/?s={search_term_string}"},"query-input":{"@type":"PropertyValueSpecification","valueRequired":true,"valueName":"search_term_string"}}],"inLanguage":"nb-NO"}]},"product_brand":"Adeko","og_availability":"instock","product_availability":"instock","product_retailer_item_id":"BOX4-60x120-natur","product_condition":"new"},"_links":{"self":[{"href":"https:\/\/babylove.se\/no\/wp-json\/wp\/v2\/product\/10742","targetHints":{"allow":["GET"]}}],"collection":[{"href":"https:\/\/babylove.se\/no\/wp-json\/wp\/v2\/product"}],"about":[{"href":"https:\/\/babylove.se\/no\/wp-json\/wp\/v2\/types\/product"}],"replies":[{"embeddable":true,"href":"https:\/\/babylove.se\/no\/wp-json\/wp\/v2\/comments?post=10742"}],"wp:featuredmedia":[{"embeddable":true,"href":"https:\/\/babylove.se\/no\/wp-json\/wp\/v2\/media\/10744"}],"wp:attachment":[{"href":"https:\/\/babylove.se\/no\/wp-json\/wp\/v2\/media?parent=10742"}],"wp:term":[{"taxonomy":"product_brand","embeddable":true,"href":"https:\/\/babylove.se\/no\/wp-json\/wp\/v2\/product_brand?post=10742"},{"taxonomy":"product_cat","embeddable":true,"href":"https:\/\/babylove.se\/no\/wp-json\/wp\/v2\/product_cat?post=10742"},{"taxonomy":"product_tag","embeddable":true,"href":"https:\/\/babylove.se\/no\/wp-json\/wp\/v2\/product_tag?post=10742"}],"curies":[{"name":"wp","href":"https:\/\/api.w.org\/{rel}","templated":true}]}}