{"id":1093,"date":"2025-07-18T19:59:48","date_gmt":"2025-07-18T18:59:48","guid":{"rendered":"https:\/\/babylove.se\/produkt\/amningskudde-done-by-deer-gra\/"},"modified":"2026-04-08T07:39:23","modified_gmt":"2026-04-08T06:39:23","slug":"ammekudde-done-by-deer-gra","status":"publish","type":"product","link":"https:\/\/babylove.se\/no\/produkt\/ammekudde-done-by-deer-gra\/","title":{"rendered":"Ammepute Done By Deer, gr\u00e5"},"content":{"rendered":"<p>Denne ammeputen tilbyr ikke bare komfort for b\u00e5de moren og det lille barnet, men er ogs\u00e5 et godt hjelpemiddel som letter ammingen.&nbsp;<\/p>\n<p>Ammeputen er myk og med et morsomt design. Ammeputen kan ogs\u00e5 brukes som et sittest\u00f8tte til barnet n\u00e5r det blir litt st\u00f8rre. Den er designet med hypoallergisk luksuri\u00f8s fyll som samtidig gir en god st\u00f8tte.&nbsp;<\/p>\n<p>Puten er vaskbar i 60 grader og laget i 100 % bomull med en skjult glidel\u00e5s. Vask imidlertid trekk og fyllposen separat og ikke t\u00f8rketromle.&nbsp;<\/p>\n<p><strong>St\u00f8rrelse :&nbsp;<\/strong>50x70x20 cm.<\/p>\n","protected":false},"excerpt":{"rendered":"<p>Denne ammeputen tilbyr ikke bare komfort for b\u00e5de moren og det lille barnet, men er ogs\u00e5 et godt hjelpemiddel som letter ammingen.&nbsp; Ammeputen er myk og med et morsomt design. Ammeputen kan ogs\u00e5 brukes som et sittest\u00f8tte til barnet n\u00e5r det blir litt st\u00f8rre. Den er designet med hypoallergisk luksuri\u00f8s fyll som samtidig gir en [&hellip;]<\/p>\n","protected":false},"featured_media":1095,"comment_status":"closed","ping_status":"open","template":"","meta":{"_acf_changed":false},"product_brand":[54],"product_cat":[65,55],"product_tag":[1689],"class_list":{"0":"post-1093","1":"product","2":"type-product","3":"status-publish","4":"has-post-thumbnail","6":"product_brand-done-by-deer","7":"product_cat-ammeputer","8":"product_cat-done-by-deer","9":"product_tag-bestillingsvaror","11":"first","12":"outofstock","13":"taxable","14":"shipping-taxable","15":"purchasable","16":"product-type-simple"},"acf":[],"yoast_head":"<!-- This site is optimized with the Yoast SEO Premium plugin v25.8 (Yoast SEO v27.2) - https:\/\/yoast.com\/product\/yoast-seo-premium-wordpress\/ -->\n<title>Ammepute Done By Deer, gr\u00e5 - Babylove Norska<\/title>\n<meta name=\"robots\" content=\"noindex, follow, max-snippet:-1, max-image-preview:large, max-video-preview:-1\" \/>\n<meta property=\"og:locale\" content=\"nb_NO\" \/>\n<meta property=\"og:type\" content=\"article\" \/>\n<meta property=\"og:title\" content=\"Ammepute Done By Deer, gr\u00e5\" \/>\n<meta property=\"og:description\" content=\"Denne ammeputen tilbyr ikke bare komfort for b\u00e5de moren og det lille barnet, men er ogs\u00e5 et godt hjelpemiddel som letter ammingen.&nbsp; Ammeputen er myk og med et morsomt design. Ammeputen kan ogs\u00e5 brukes som et sittest\u00f8tte til barnet n\u00e5r det blir litt st\u00f8rre. Den er designet med hypoallergisk luksuri\u00f8s fyll som samtidig gir en [&hellip;]\" \/>\n<meta property=\"og:url\" content=\"https:\/\/babylove.se\/no\/produkt\/ammekudde-done-by-deer-gra\/\" \/>\n<meta property=\"og:site_name\" content=\"Babylove Norska\" \/>\n<meta property=\"article:modified_time\" content=\"2026-04-08T06:39:23+00:00\" \/>\n<meta property=\"og:image\" content=\"https:\/\/babylove.se\/no\/wp-content\/uploads\/sites\/3\/2025\/07\/552-149423915468.jpeg\" \/>\n\t<meta property=\"og:image:width\" content=\"750\" \/>\n\t<meta property=\"og:image:height\" content=\"750\" \/>\n\t<meta property=\"og:image:type\" content=\"image\/jpeg\" \/>\n<meta name=\"twitter:card\" content=\"summary_large_image\" \/>\n<meta name=\"twitter:label1\" content=\"Price\" \/>\n\t<meta name=\"twitter:data1\" content=\"499,00&nbsp;&#107;&#114;\" \/>\n\t<meta name=\"twitter:label2\" content=\"Availability\" \/>\n\t<meta name=\"twitter:data2\" content=\"Out of stock\" \/>\n<script type=\"application\/ld+json\" class=\"yoast-schema-graph\">{\"@context\":\"https:\/\/schema.org\",\"@graph\":[{\"@type\":\"WebPage\",\"@id\":\"https:\/\/babylove.se\/no\/produkt\/ammekudde-done-by-deer-gra\/\",\"url\":\"https:\/\/babylove.se\/no\/produkt\/ammekudde-done-by-deer-gra\/\",\"name\":\"Ammepute Done By Deer, gr\u00e5 - Babylove Norska\",\"isPartOf\":{\"@id\":\"https:\/\/babylove.se\/no\/#website\"},\"primaryImageOfPage\":{\"@id\":\"https:\/\/babylove.se\/no\/produkt\/ammekudde-done-by-deer-gra\/#primaryimage\"},\"image\":{\"@id\":\"https:\/\/babylove.se\/no\/produkt\/ammekudde-done-by-deer-gra\/#primaryimage\"},\"thumbnailUrl\":\"https:\/\/babylove.se\/no\/wp-content\/uploads\/sites\/3\/2025\/07\/552-149423915468.jpeg\",\"datePublished\":\"2025-07-18T18:59:48+00:00\",\"dateModified\":\"2026-04-08T06:39:23+00:00\",\"breadcrumb\":{\"@id\":\"https:\/\/babylove.se\/no\/produkt\/ammekudde-done-by-deer-gra\/#breadcrumb\"},\"inLanguage\":\"nb-NO\",\"potentialAction\":[{\"@type\":\"ReadAction\",\"target\":[\"https:\/\/babylove.se\/no\/produkt\/ammekudde-done-by-deer-gra\/\"]}]},{\"@type\":\"ImageObject\",\"inLanguage\":\"nb-NO\",\"@id\":\"https:\/\/babylove.se\/no\/produkt\/ammekudde-done-by-deer-gra\/#primaryimage\",\"url\":\"https:\/\/babylove.se\/no\/wp-content\/uploads\/sites\/3\/2025\/07\/552-149423915468.jpeg\",\"contentUrl\":\"https:\/\/babylove.se\/no\/wp-content\/uploads\/sites\/3\/2025\/07\/552-149423915468.jpeg\",\"width\":750,\"height\":750},{\"@type\":\"BreadcrumbList\",\"@id\":\"https:\/\/babylove.se\/no\/produkt\/ammekudde-done-by-deer-gra\/#breadcrumb\",\"itemListElement\":[{\"@type\":\"ListItem\",\"position\":1,\"name\":\"Hem\",\"item\":\"https:\/\/babylove.se\/no\/\"},{\"@type\":\"ListItem\",\"position\":2,\"name\":\"Butik\",\"item\":\"https:\/\/babylove.se\/no\/butik\/\"},{\"@type\":\"ListItem\",\"position\":3,\"name\":\"Ammepute Done By Deer, gr\u00e5\"}]},{\"@type\":\"WebSite\",\"@id\":\"https:\/\/babylove.se\/no\/#website\",\"url\":\"https:\/\/babylove.se\/no\/\",\"name\":\"Babylove Norska\",\"description\":\"\",\"potentialAction\":[{\"@type\":\"SearchAction\",\"target\":{\"@type\":\"EntryPoint\",\"urlTemplate\":\"https:\/\/babylove.se\/no\/?s={search_term_string}\"},\"query-input\":{\"@type\":\"PropertyValueSpecification\",\"valueRequired\":true,\"valueName\":\"search_term_string\"}}],\"inLanguage\":\"nb-NO\"}]}<\/script>\n<meta property=\"product:brand\" content=\"Done by Deer\" \/>\n<meta property=\"product:price:amount\" content=\"499.00\" \/>\n<meta property=\"product:price:currency\" content=\"SEK\" \/>\n<meta property=\"og:availability\" content=\"out of stock\" \/>\n<meta property=\"product:availability\" content=\"out of stock\" \/>\n<meta property=\"product:retailer_item_id\" content=\"587\" \/>\n<meta property=\"product:condition\" content=\"new\" \/>\n<!-- \/ Yoast SEO Premium plugin. -->","yoast_head_json":{"title":"Ammepute Done By Deer, gr\u00e5 - Babylove Norska","robots":{"index":"noindex","follow":"follow","max-snippet":"max-snippet:-1","max-image-preview":"max-image-preview:large","max-video-preview":"max-video-preview:-1"},"og_locale":"nb_NO","og_type":"article","og_title":"Ammepute Done By Deer, gr\u00e5","og_description":"Denne ammeputen tilbyr ikke bare komfort for b\u00e5de moren og det lille barnet, men er ogs\u00e5 et godt hjelpemiddel som letter ammingen.&nbsp; Ammeputen er myk og med et morsomt design. Ammeputen kan ogs\u00e5 brukes som et sittest\u00f8tte til barnet n\u00e5r det blir litt st\u00f8rre. Den er designet med hypoallergisk luksuri\u00f8s fyll som samtidig gir en [&hellip;]","og_url":"https:\/\/babylove.se\/no\/produkt\/ammekudde-done-by-deer-gra\/","og_site_name":"Babylove Norska","article_modified_time":"2026-04-08T06:39:23+00:00","og_image":[{"width":750,"height":750,"url":"https:\/\/babylove.se\/no\/wp-content\/uploads\/sites\/3\/2025\/07\/552-149423915468.jpeg","type":"image\/jpeg"}],"twitter_card":"summary_large_image","twitter_misc":{"Price":"499,00&nbsp;&#107;&#114;","Availability":"Out of stock"},"schema":{"@context":"https:\/\/schema.org","@graph":[{"@type":"WebPage","@id":"https:\/\/babylove.se\/no\/produkt\/ammekudde-done-by-deer-gra\/","url":"https:\/\/babylove.se\/no\/produkt\/ammekudde-done-by-deer-gra\/","name":"Ammepute Done By Deer, gr\u00e5 - Babylove Norska","isPartOf":{"@id":"https:\/\/babylove.se\/no\/#website"},"primaryImageOfPage":{"@id":"https:\/\/babylove.se\/no\/produkt\/ammekudde-done-by-deer-gra\/#primaryimage"},"image":{"@id":"https:\/\/babylove.se\/no\/produkt\/ammekudde-done-by-deer-gra\/#primaryimage"},"thumbnailUrl":"https:\/\/babylove.se\/no\/wp-content\/uploads\/sites\/3\/2025\/07\/552-149423915468.jpeg","datePublished":"2025-07-18T18:59:48+00:00","dateModified":"2026-04-08T06:39:23+00:00","breadcrumb":{"@id":"https:\/\/babylove.se\/no\/produkt\/ammekudde-done-by-deer-gra\/#breadcrumb"},"inLanguage":"nb-NO","potentialAction":[{"@type":"ReadAction","target":["https:\/\/babylove.se\/no\/produkt\/ammekudde-done-by-deer-gra\/"]}]},{"@type":"ImageObject","inLanguage":"nb-NO","@id":"https:\/\/babylove.se\/no\/produkt\/ammekudde-done-by-deer-gra\/#primaryimage","url":"https:\/\/babylove.se\/no\/wp-content\/uploads\/sites\/3\/2025\/07\/552-149423915468.jpeg","contentUrl":"https:\/\/babylove.se\/no\/wp-content\/uploads\/sites\/3\/2025\/07\/552-149423915468.jpeg","width":750,"height":750},{"@type":"BreadcrumbList","@id":"https:\/\/babylove.se\/no\/produkt\/ammekudde-done-by-deer-gra\/#breadcrumb","itemListElement":[{"@type":"ListItem","position":1,"name":"Hem","item":"https:\/\/babylove.se\/no\/"},{"@type":"ListItem","position":2,"name":"Butik","item":"https:\/\/babylove.se\/no\/butik\/"},{"@type":"ListItem","position":3,"name":"Ammepute Done By Deer, gr\u00e5"}]},{"@type":"WebSite","@id":"https:\/\/babylove.se\/no\/#website","url":"https:\/\/babylove.se\/no\/","name":"Babylove Norska","description":"","potentialAction":[{"@type":"SearchAction","target":{"@type":"EntryPoint","urlTemplate":"https:\/\/babylove.se\/no\/?s={search_term_string}"},"query-input":{"@type":"PropertyValueSpecification","valueRequired":true,"valueName":"search_term_string"}}],"inLanguage":"nb-NO"}]},"product_brand":"Done by Deer","product_price_amount":"499.00","product_price_currency":"SEK","og_availability":"out of stock","product_availability":"out of stock","product_retailer_item_id":"587","product_condition":"new"},"_links":{"self":[{"href":"https:\/\/babylove.se\/no\/wp-json\/wp\/v2\/product\/1093","targetHints":{"allow":["GET"]}}],"collection":[{"href":"https:\/\/babylove.se\/no\/wp-json\/wp\/v2\/product"}],"about":[{"href":"https:\/\/babylove.se\/no\/wp-json\/wp\/v2\/types\/product"}],"replies":[{"embeddable":true,"href":"https:\/\/babylove.se\/no\/wp-json\/wp\/v2\/comments?post=1093"}],"wp:featuredmedia":[{"embeddable":true,"href":"https:\/\/babylove.se\/no\/wp-json\/wp\/v2\/media\/1095"}],"wp:attachment":[{"href":"https:\/\/babylove.se\/no\/wp-json\/wp\/v2\/media?parent=1093"}],"wp:term":[{"taxonomy":"product_brand","embeddable":true,"href":"https:\/\/babylove.se\/no\/wp-json\/wp\/v2\/product_brand?post=1093"},{"taxonomy":"product_cat","embeddable":true,"href":"https:\/\/babylove.se\/no\/wp-json\/wp\/v2\/product_cat?post=1093"},{"taxonomy":"product_tag","embeddable":true,"href":"https:\/\/babylove.se\/no\/wp-json\/wp\/v2\/product_tag?post=1093"}],"curies":[{"name":"wp","href":"https:\/\/api.w.org\/{rel}","templated":true}]}}