{"id":11208,"date":"2025-07-18T21:15:01","date_gmt":"2025-07-18T20:15:01","guid":{"rendered":"https:\/\/babylove.se\/produkt\/madrass-till-barnsang-190x90x12-standard\/"},"modified":"2026-04-08T08:46:21","modified_gmt":"2026-04-08T07:46:21","slug":"madrass-til-barneseng-190x90x12-standard","status":"publish","type":"product","link":"https:\/\/babylove.se\/no\/produkt\/madrass-til-barneseng-190x90x12-standard\/","title":{"rendered":"Standard madras til barneseng 90&#215;190, 12 cm tykk"},"content":{"rendered":"<p>En komfortabel og deilig skummadrass som passer til barnesengen eller til husseng.&nbsp;<\/p>\n<p>Madrassen har dobbeltlag skum og har dessuten et avtagbart overtrekk som gj\u00f8r at du enkelt kan vaske den og holde den frisk.<\/p>\n<p>Denne barnemadrass fungerer perfekt til v\u00e5re superfine hussenger og er laget av barnevennlig skum med et overtrekk av deilig miks av bomull og polyester.<\/p>\n<p>Madrassen er semi-myk, tilvirket for \u00e5 passe barn og s\u00f8rger for en deilig s\u00f8vn.<\/p>\n<p><u>M\u00e5l:<\/u><\/p>\n<ul>\n<li>tykkelse 12 cm<\/li>\n<li>bredde 90 cm<\/li>\n<li>lengde 190 cm<\/li>\n<li>\n<p>Madrassen passer barnesenger med sengem\u00e5l 90 * 190 cm&nbsp;<\/p>\n<\/li>\n<\/ul>\n<p><u>Material<\/u>: <span>&nbsp;<\/span>polyuretanskum T2130\/T2542 &nbsp;<\/p>\n<p>Vaskeanvisning: Overtrekk maskinvaskes ved 40 \u00b0 C &nbsp;<\/p>\n<p>Madrassene produseres i Europa av 100 % OEKO-tex sertifisert stoff. Fyllet er antiallergisk samt giftfritt og produseres av sertifisert leverand\u00f8r.<\/p>\n","protected":false},"excerpt":{"rendered":"<p>En komfortabel og deilig skummadrass som passer til barnesengen eller til husseng.&nbsp; Madrassen har dobbeltlag skum og har dessuten et avtagbart overtrekk som gj\u00f8r at du enkelt kan vaske den og holde den frisk. Denne barnemadrass fungerer perfekt til v\u00e5re superfine hussenger og er laget av barnevennlig skum med et overtrekk av deilig miks av [&hellip;]<\/p>\n","protected":false},"featured_media":11210,"comment_status":"closed","ping_status":"open","template":"","meta":{"_acf_changed":false},"product_brand":[375],"product_cat":[377,376,48],"product_tag":[1689],"class_list":{"0":"post-11208","1":"product","2":"type-product","3":"status-publish","4":"has-post-thumbnail","6":"product_brand-pqp-ttm","7":"product_cat-barnmadrasser","8":"product_cat-pp","9":"product_cat-startside","10":"product_tag-bestillingsvaror","12":"first","13":"instock","14":"taxable","15":"shipping-taxable","16":"purchasable","17":"product-type-simple"},"acf":[],"yoast_head":"<!-- This site is optimized with the Yoast SEO Premium plugin v25.8 (Yoast SEO v27.2) - https:\/\/yoast.com\/product\/yoast-seo-premium-wordpress\/ -->\n<title>Standard madras til barneseng 90x190, 12 cm tykk - Babylove Norska<\/title>\n<meta name=\"description\" content=\"Bekv\u00e4m skummadrass medium mjuk.Madrassen \u00e4r dubbelsidig och har ett avtagbart lock som hj\u00e4lper till att h\u00e5lla det rent.\u00a0Perfekt barnmadrass till v\u00e5ra s\" \/>\n<meta name=\"robots\" content=\"noindex, follow, max-snippet:-1, max-image-preview:large, max-video-preview:-1\" \/>\n<meta property=\"og:locale\" content=\"nb_NO\" \/>\n<meta property=\"og:type\" content=\"article\" \/>\n<meta property=\"og:title\" content=\"Standard madras til barneseng 90x190, 12 cm tykk\" \/>\n<meta property=\"og:description\" content=\"Bekv\u00e4m skummadrass medium mjuk.Madrassen \u00e4r dubbelsidig och har ett avtagbart lock som hj\u00e4lper till att h\u00e5lla det rent.\u00a0Perfekt barnmadrass till v\u00e5ra s\" \/>\n<meta property=\"og:url\" content=\"https:\/\/babylove.se\/no\/produkt\/madrass-til-barneseng-190x90x12-standard\/\" \/>\n<meta property=\"og:site_name\" content=\"Babylove Norska\" \/>\n<meta property=\"article:modified_time\" content=\"2026-04-08T07:46:21+00:00\" \/>\n<meta property=\"og:image\" content=\"https:\/\/babylove.se\/no\/wp-content\/uploads\/sites\/3\/2025\/07\/155043297015504329255c69ba0bc3dcf.jpeg\" \/>\n\t<meta property=\"og:image:width\" content=\"555\" \/>\n\t<meta property=\"og:image:height\" content=\"555\" \/>\n\t<meta property=\"og:image:type\" content=\"image\/jpeg\" \/>\n<meta name=\"twitter:card\" content=\"summary_large_image\" \/>\n<meta name=\"twitter:label1\" content=\"Price\" \/>\n\t<meta name=\"twitter:data1\" content=\"1 799,00&nbsp;&#107;&#114;\" \/>\n\t<meta name=\"twitter:label2\" content=\"Availability\" \/>\n\t<meta name=\"twitter:data2\" content=\"In stock\" \/>\n<script type=\"application\/ld+json\" class=\"yoast-schema-graph\">{\"@context\":\"https:\/\/schema.org\",\"@graph\":[{\"@type\":\"WebPage\",\"@id\":\"https:\/\/babylove.se\/no\/produkt\/madrass-til-barneseng-190x90x12-standard\/\",\"url\":\"https:\/\/babylove.se\/no\/produkt\/madrass-til-barneseng-190x90x12-standard\/\",\"name\":\"Standard madras til barneseng 90x190, 12 cm tykk - Babylove Norska\",\"isPartOf\":{\"@id\":\"https:\/\/babylove.se\/no\/#website\"},\"primaryImageOfPage\":{\"@id\":\"https:\/\/babylove.se\/no\/produkt\/madrass-til-barneseng-190x90x12-standard\/#primaryimage\"},\"image\":{\"@id\":\"https:\/\/babylove.se\/no\/produkt\/madrass-til-barneseng-190x90x12-standard\/#primaryimage\"},\"thumbnailUrl\":\"https:\/\/babylove.se\/no\/wp-content\/uploads\/sites\/3\/2025\/07\/155043297015504329255c69ba0bc3dcf.jpeg\",\"datePublished\":\"2025-07-18T20:15:01+00:00\",\"dateModified\":\"2026-04-08T07:46:21+00:00\",\"description\":\"Bekv\u00e4m skummadrass medium mjuk.Madrassen \u00e4r dubbelsidig och har ett avtagbart lock som hj\u00e4lper till att h\u00e5lla det rent.\u00a0Perfekt barnmadrass till v\u00e5ra s\",\"breadcrumb\":{\"@id\":\"https:\/\/babylove.se\/no\/produkt\/madrass-til-barneseng-190x90x12-standard\/#breadcrumb\"},\"inLanguage\":\"nb-NO\",\"potentialAction\":[{\"@type\":\"ReadAction\",\"target\":[\"https:\/\/babylove.se\/no\/produkt\/madrass-til-barneseng-190x90x12-standard\/\"]}]},{\"@type\":\"ImageObject\",\"inLanguage\":\"nb-NO\",\"@id\":\"https:\/\/babylove.se\/no\/produkt\/madrass-til-barneseng-190x90x12-standard\/#primaryimage\",\"url\":\"https:\/\/babylove.se\/no\/wp-content\/uploads\/sites\/3\/2025\/07\/155043297015504329255c69ba0bc3dcf.jpeg\",\"contentUrl\":\"https:\/\/babylove.se\/no\/wp-content\/uploads\/sites\/3\/2025\/07\/155043297015504329255c69ba0bc3dcf.jpeg\",\"width\":555,\"height\":555},{\"@type\":\"BreadcrumbList\",\"@id\":\"https:\/\/babylove.se\/no\/produkt\/madrass-til-barneseng-190x90x12-standard\/#breadcrumb\",\"itemListElement\":[{\"@type\":\"ListItem\",\"position\":1,\"name\":\"Hem\",\"item\":\"https:\/\/babylove.se\/no\/\"},{\"@type\":\"ListItem\",\"position\":2,\"name\":\"Butik\",\"item\":\"https:\/\/babylove.se\/no\/butik\/\"},{\"@type\":\"ListItem\",\"position\":3,\"name\":\"Standard madras til barneseng 90&#215;190, 12 cm tykk\"}]},{\"@type\":\"WebSite\",\"@id\":\"https:\/\/babylove.se\/no\/#website\",\"url\":\"https:\/\/babylove.se\/no\/\",\"name\":\"Babylove Norska\",\"description\":\"\",\"potentialAction\":[{\"@type\":\"SearchAction\",\"target\":{\"@type\":\"EntryPoint\",\"urlTemplate\":\"https:\/\/babylove.se\/no\/?s={search_term_string}\"},\"query-input\":{\"@type\":\"PropertyValueSpecification\",\"valueRequired\":true,\"valueName\":\"search_term_string\"}}],\"inLanguage\":\"nb-NO\"}]}<\/script>\n<meta property=\"product:brand\" content=\"PQP\/TTM\" \/>\n<meta property=\"product:price:amount\" content=\"1799.00\" \/>\n<meta property=\"product:price:currency\" content=\"SEK\" \/>\n<meta property=\"og:availability\" content=\"instock\" \/>\n<meta property=\"product:availability\" content=\"instock\" \/>\n<meta property=\"product:retailer_item_id\" content=\"24603\" \/>\n<meta property=\"product:condition\" content=\"new\" \/>\n<!-- \/ Yoast SEO Premium plugin. -->","yoast_head_json":{"title":"Standard madras til barneseng 90x190, 12 cm tykk - Babylove Norska","description":"Bekv\u00e4m skummadrass medium mjuk.Madrassen \u00e4r dubbelsidig och har ett avtagbart lock som hj\u00e4lper till att h\u00e5lla det rent.\u00a0Perfekt barnmadrass till v\u00e5ra s","robots":{"index":"noindex","follow":"follow","max-snippet":"max-snippet:-1","max-image-preview":"max-image-preview:large","max-video-preview":"max-video-preview:-1"},"og_locale":"nb_NO","og_type":"article","og_title":"Standard madras til barneseng 90x190, 12 cm tykk","og_description":"Bekv\u00e4m skummadrass medium mjuk.Madrassen \u00e4r dubbelsidig och har ett avtagbart lock som hj\u00e4lper till att h\u00e5lla det rent.\u00a0Perfekt barnmadrass till v\u00e5ra s","og_url":"https:\/\/babylove.se\/no\/produkt\/madrass-til-barneseng-190x90x12-standard\/","og_site_name":"Babylove Norska","article_modified_time":"2026-04-08T07:46:21+00:00","og_image":[{"width":555,"height":555,"url":"https:\/\/babylove.se\/no\/wp-content\/uploads\/sites\/3\/2025\/07\/155043297015504329255c69ba0bc3dcf.jpeg","type":"image\/jpeg"}],"twitter_card":"summary_large_image","twitter_misc":{"Price":"1 799,00&nbsp;&#107;&#114;","Availability":"In stock"},"schema":{"@context":"https:\/\/schema.org","@graph":[{"@type":"WebPage","@id":"https:\/\/babylove.se\/no\/produkt\/madrass-til-barneseng-190x90x12-standard\/","url":"https:\/\/babylove.se\/no\/produkt\/madrass-til-barneseng-190x90x12-standard\/","name":"Standard madras til barneseng 90x190, 12 cm tykk - Babylove Norska","isPartOf":{"@id":"https:\/\/babylove.se\/no\/#website"},"primaryImageOfPage":{"@id":"https:\/\/babylove.se\/no\/produkt\/madrass-til-barneseng-190x90x12-standard\/#primaryimage"},"image":{"@id":"https:\/\/babylove.se\/no\/produkt\/madrass-til-barneseng-190x90x12-standard\/#primaryimage"},"thumbnailUrl":"https:\/\/babylove.se\/no\/wp-content\/uploads\/sites\/3\/2025\/07\/155043297015504329255c69ba0bc3dcf.jpeg","datePublished":"2025-07-18T20:15:01+00:00","dateModified":"2026-04-08T07:46:21+00:00","description":"Bekv\u00e4m skummadrass medium mjuk.Madrassen \u00e4r dubbelsidig och har ett avtagbart lock som hj\u00e4lper till att h\u00e5lla det rent.\u00a0Perfekt barnmadrass till v\u00e5ra s","breadcrumb":{"@id":"https:\/\/babylove.se\/no\/produkt\/madrass-til-barneseng-190x90x12-standard\/#breadcrumb"},"inLanguage":"nb-NO","potentialAction":[{"@type":"ReadAction","target":["https:\/\/babylove.se\/no\/produkt\/madrass-til-barneseng-190x90x12-standard\/"]}]},{"@type":"ImageObject","inLanguage":"nb-NO","@id":"https:\/\/babylove.se\/no\/produkt\/madrass-til-barneseng-190x90x12-standard\/#primaryimage","url":"https:\/\/babylove.se\/no\/wp-content\/uploads\/sites\/3\/2025\/07\/155043297015504329255c69ba0bc3dcf.jpeg","contentUrl":"https:\/\/babylove.se\/no\/wp-content\/uploads\/sites\/3\/2025\/07\/155043297015504329255c69ba0bc3dcf.jpeg","width":555,"height":555},{"@type":"BreadcrumbList","@id":"https:\/\/babylove.se\/no\/produkt\/madrass-til-barneseng-190x90x12-standard\/#breadcrumb","itemListElement":[{"@type":"ListItem","position":1,"name":"Hem","item":"https:\/\/babylove.se\/no\/"},{"@type":"ListItem","position":2,"name":"Butik","item":"https:\/\/babylove.se\/no\/butik\/"},{"@type":"ListItem","position":3,"name":"Standard madras til barneseng 90&#215;190, 12 cm tykk"}]},{"@type":"WebSite","@id":"https:\/\/babylove.se\/no\/#website","url":"https:\/\/babylove.se\/no\/","name":"Babylove Norska","description":"","potentialAction":[{"@type":"SearchAction","target":{"@type":"EntryPoint","urlTemplate":"https:\/\/babylove.se\/no\/?s={search_term_string}"},"query-input":{"@type":"PropertyValueSpecification","valueRequired":true,"valueName":"search_term_string"}}],"inLanguage":"nb-NO"}]},"product_brand":"PQP\/TTM","product_price_amount":"1799.00","product_price_currency":"SEK","og_availability":"instock","product_availability":"instock","product_retailer_item_id":"24603","product_condition":"new"},"_links":{"self":[{"href":"https:\/\/babylove.se\/no\/wp-json\/wp\/v2\/product\/11208","targetHints":{"allow":["GET"]}}],"collection":[{"href":"https:\/\/babylove.se\/no\/wp-json\/wp\/v2\/product"}],"about":[{"href":"https:\/\/babylove.se\/no\/wp-json\/wp\/v2\/types\/product"}],"replies":[{"embeddable":true,"href":"https:\/\/babylove.se\/no\/wp-json\/wp\/v2\/comments?post=11208"}],"wp:featuredmedia":[{"embeddable":true,"href":"https:\/\/babylove.se\/no\/wp-json\/wp\/v2\/media\/11210"}],"wp:attachment":[{"href":"https:\/\/babylove.se\/no\/wp-json\/wp\/v2\/media?parent=11208"}],"wp:term":[{"taxonomy":"product_brand","embeddable":true,"href":"https:\/\/babylove.se\/no\/wp-json\/wp\/v2\/product_brand?post=11208"},{"taxonomy":"product_cat","embeddable":true,"href":"https:\/\/babylove.se\/no\/wp-json\/wp\/v2\/product_cat?post=11208"},{"taxonomy":"product_tag","embeddable":true,"href":"https:\/\/babylove.se\/no\/wp-json\/wp\/v2\/product_tag?post=11208"}],"curies":[{"name":"wp","href":"https:\/\/api.w.org\/{rel}","templated":true}]}}