{"id":11230,"date":"2025-07-18T21:15:01","date_gmt":"2025-07-18T20:15:01","guid":{"rendered":"https:\/\/babylove.se\/produkt\/leklada-stor-jabadabado\/"},"modified":"2026-04-08T08:46:33","modified_gmt":"2026-04-08T07:46:33","slug":"lekekiste-stor-jabadabado","status":"publish","type":"product","link":"https:\/\/babylove.se\/no\/produkt\/lekekiste-stor-jabadabado\/","title":{"rendered":"Lekekasse stor, Jabadabado"},"content":{"rendered":"<p>En elegant og praktisk lekekasse av st\u00f8rre modell, som gj\u00f8r at barnet ditt kan flytte rundt p\u00e5 favorittlekene sine og dessuten f\u00e5 plass til mange. Den er ogs\u00e5 smart n\u00e5r du selv skal rydde opp lekene siden den ruller smidig p\u00e5 gulvet. Komplett med 4 solide hjul og et godt tau gj\u00f8r den sv\u00e6rt praktisk. I tillegg til at dere har orden og system, fungerer den ogs\u00e5 som en fin interi\u00f8rdetalj til barnerommet. Et meget verdsatt produkt for barn i ulike aldre.<\/p>\n<p>M\u00e5l:37x37x40<\/p>\n<p>Designer:<span> <\/span><a href=\"https:\/\/babylove.se\/varumarken\/jabadabado\"><u>JaBaDaBaDo<\/u><\/a><\/p>\n","protected":false},"excerpt":{"rendered":"<p>En elegant og praktisk lekekasse av st\u00f8rre modell, som gj\u00f8r at barnet ditt kan flytte rundt p\u00e5 favorittlekene sine og dessuten f\u00e5 plass til mange. Den er ogs\u00e5 smart n\u00e5r du selv skal rydde opp lekene siden den ruller smidig p\u00e5 gulvet. Komplett med 4 solide hjul og et godt tau gj\u00f8r den sv\u00e6rt praktisk. [&hellip;]<\/p>\n","protected":false},"featured_media":11232,"comment_status":"closed","ping_status":"open","template":"","meta":{"_acf_changed":false},"product_brand":[273],"product_cat":[274,43,48,112],"product_tag":[],"class_list":{"0":"post-11230","1":"product","2":"type-product","3":"status-publish","4":"has-post-thumbnail","6":"product_brand-jabadabado","7":"product_cat-jabadabado","8":"product_cat-oppbevaringskurver","9":"product_cat-startside","10":"product_cat-treleker","12":"first","13":"outofstock","14":"taxable","15":"shipping-taxable","16":"purchasable","17":"product-type-simple"},"acf":[],"yoast_head":"<!-- This site is optimized with the Yoast SEO Premium plugin v25.8 (Yoast SEO v27.2) - https:\/\/yoast.com\/product\/yoast-seo-premium-wordpress\/ -->\n<title>Lekekasse stor, Jabadabado - Babylove Norska<\/title>\n<meta name=\"robots\" content=\"noindex, follow, max-snippet:-1, max-image-preview:large, max-video-preview:-1\" \/>\n<meta property=\"og:locale\" content=\"nb_NO\" \/>\n<meta property=\"og:type\" content=\"article\" \/>\n<meta property=\"og:title\" content=\"Lekekasse stor, Jabadabado\" \/>\n<meta property=\"og:description\" content=\"En elegant og praktisk lekekasse av st\u00f8rre modell, som gj\u00f8r at barnet ditt kan flytte rundt p\u00e5 favorittlekene sine og dessuten f\u00e5 plass til mange. Den er ogs\u00e5 smart n\u00e5r du selv skal rydde opp lekene siden den ruller smidig p\u00e5 gulvet. Komplett med 4 solide hjul og et godt tau gj\u00f8r den sv\u00e6rt praktisk. [&hellip;]\" \/>\n<meta property=\"og:url\" content=\"https:\/\/babylove.se\/no\/produkt\/lekekiste-stor-jabadabado\/\" \/>\n<meta property=\"og:site_name\" content=\"Babylove Norska\" \/>\n<meta property=\"article:modified_time\" content=\"2026-04-08T07:46:33+00:00\" \/>\n<meta property=\"og:image\" content=\"https:\/\/babylove.se\/no\/wp-content\/uploads\/sites\/3\/2025\/07\/5c6b05a3cceab.png\" \/>\n\t<meta property=\"og:image:width\" content=\"750\" \/>\n\t<meta property=\"og:image:height\" content=\"706\" \/>\n\t<meta property=\"og:image:type\" content=\"image\/png\" \/>\n<meta name=\"twitter:card\" content=\"summary_large_image\" \/>\n<meta name=\"twitter:label1\" content=\"Price\" \/>\n\t<meta name=\"twitter:data1\" content=\"595,00&nbsp;&#107;&#114;\" \/>\n\t<meta name=\"twitter:label2\" content=\"Availability\" \/>\n\t<meta name=\"twitter:data2\" content=\"Out of stock\" \/>\n<script type=\"application\/ld+json\" class=\"yoast-schema-graph\">{\"@context\":\"https:\/\/schema.org\",\"@graph\":[{\"@type\":\"WebPage\",\"@id\":\"https:\/\/babylove.se\/no\/produkt\/lekekiste-stor-jabadabado\/\",\"url\":\"https:\/\/babylove.se\/no\/produkt\/lekekiste-stor-jabadabado\/\",\"name\":\"Lekekasse stor, Jabadabado - Babylove Norska\",\"isPartOf\":{\"@id\":\"https:\/\/babylove.se\/no\/#website\"},\"primaryImageOfPage\":{\"@id\":\"https:\/\/babylove.se\/no\/produkt\/lekekiste-stor-jabadabado\/#primaryimage\"},\"image\":{\"@id\":\"https:\/\/babylove.se\/no\/produkt\/lekekiste-stor-jabadabado\/#primaryimage\"},\"thumbnailUrl\":\"https:\/\/babylove.se\/no\/wp-content\/uploads\/sites\/3\/2025\/07\/5c6b05a3cceab.png\",\"datePublished\":\"2025-07-18T20:15:01+00:00\",\"dateModified\":\"2026-04-08T07:46:33+00:00\",\"breadcrumb\":{\"@id\":\"https:\/\/babylove.se\/no\/produkt\/lekekiste-stor-jabadabado\/#breadcrumb\"},\"inLanguage\":\"nb-NO\",\"potentialAction\":[{\"@type\":\"ReadAction\",\"target\":[\"https:\/\/babylove.se\/no\/produkt\/lekekiste-stor-jabadabado\/\"]}]},{\"@type\":\"ImageObject\",\"inLanguage\":\"nb-NO\",\"@id\":\"https:\/\/babylove.se\/no\/produkt\/lekekiste-stor-jabadabado\/#primaryimage\",\"url\":\"https:\/\/babylove.se\/no\/wp-content\/uploads\/sites\/3\/2025\/07\/5c6b05a3cceab.png\",\"contentUrl\":\"https:\/\/babylove.se\/no\/wp-content\/uploads\/sites\/3\/2025\/07\/5c6b05a3cceab.png\",\"width\":750,\"height\":706},{\"@type\":\"BreadcrumbList\",\"@id\":\"https:\/\/babylove.se\/no\/produkt\/lekekiste-stor-jabadabado\/#breadcrumb\",\"itemListElement\":[{\"@type\":\"ListItem\",\"position\":1,\"name\":\"Hem\",\"item\":\"https:\/\/babylove.se\/no\/\"},{\"@type\":\"ListItem\",\"position\":2,\"name\":\"Butik\",\"item\":\"https:\/\/babylove.se\/no\/butik\/\"},{\"@type\":\"ListItem\",\"position\":3,\"name\":\"Lekekasse stor, Jabadabado\"}]},{\"@type\":\"WebSite\",\"@id\":\"https:\/\/babylove.se\/no\/#website\",\"url\":\"https:\/\/babylove.se\/no\/\",\"name\":\"Babylove Norska\",\"description\":\"\",\"potentialAction\":[{\"@type\":\"SearchAction\",\"target\":{\"@type\":\"EntryPoint\",\"urlTemplate\":\"https:\/\/babylove.se\/no\/?s={search_term_string}\"},\"query-input\":{\"@type\":\"PropertyValueSpecification\",\"valueRequired\":true,\"valueName\":\"search_term_string\"}}],\"inLanguage\":\"nb-NO\"}]}<\/script>\n<meta property=\"product:brand\" content=\"JaBaDaBaDo\" \/>\n<meta property=\"product:price:amount\" content=\"595.00\" \/>\n<meta property=\"product:price:currency\" content=\"SEK\" \/>\n<meta property=\"og:availability\" content=\"out of stock\" \/>\n<meta property=\"product:availability\" content=\"out of stock\" \/>\n<meta property=\"product:retailer_item_id\" content=\"H13214\" \/>\n<meta property=\"product:condition\" content=\"new\" \/>\n<!-- \/ Yoast SEO Premium plugin. -->","yoast_head_json":{"title":"Lekekasse stor, Jabadabado - Babylove Norska","robots":{"index":"noindex","follow":"follow","max-snippet":"max-snippet:-1","max-image-preview":"max-image-preview:large","max-video-preview":"max-video-preview:-1"},"og_locale":"nb_NO","og_type":"article","og_title":"Lekekasse stor, Jabadabado","og_description":"En elegant og praktisk lekekasse av st\u00f8rre modell, som gj\u00f8r at barnet ditt kan flytte rundt p\u00e5 favorittlekene sine og dessuten f\u00e5 plass til mange. Den er ogs\u00e5 smart n\u00e5r du selv skal rydde opp lekene siden den ruller smidig p\u00e5 gulvet. Komplett med 4 solide hjul og et godt tau gj\u00f8r den sv\u00e6rt praktisk. [&hellip;]","og_url":"https:\/\/babylove.se\/no\/produkt\/lekekiste-stor-jabadabado\/","og_site_name":"Babylove Norska","article_modified_time":"2026-04-08T07:46:33+00:00","og_image":[{"width":750,"height":706,"url":"https:\/\/babylove.se\/no\/wp-content\/uploads\/sites\/3\/2025\/07\/5c6b05a3cceab.png","type":"image\/png"}],"twitter_card":"summary_large_image","twitter_misc":{"Price":"595,00&nbsp;&#107;&#114;","Availability":"Out of stock"},"schema":{"@context":"https:\/\/schema.org","@graph":[{"@type":"WebPage","@id":"https:\/\/babylove.se\/no\/produkt\/lekekiste-stor-jabadabado\/","url":"https:\/\/babylove.se\/no\/produkt\/lekekiste-stor-jabadabado\/","name":"Lekekasse stor, Jabadabado - Babylove Norska","isPartOf":{"@id":"https:\/\/babylove.se\/no\/#website"},"primaryImageOfPage":{"@id":"https:\/\/babylove.se\/no\/produkt\/lekekiste-stor-jabadabado\/#primaryimage"},"image":{"@id":"https:\/\/babylove.se\/no\/produkt\/lekekiste-stor-jabadabado\/#primaryimage"},"thumbnailUrl":"https:\/\/babylove.se\/no\/wp-content\/uploads\/sites\/3\/2025\/07\/5c6b05a3cceab.png","datePublished":"2025-07-18T20:15:01+00:00","dateModified":"2026-04-08T07:46:33+00:00","breadcrumb":{"@id":"https:\/\/babylove.se\/no\/produkt\/lekekiste-stor-jabadabado\/#breadcrumb"},"inLanguage":"nb-NO","potentialAction":[{"@type":"ReadAction","target":["https:\/\/babylove.se\/no\/produkt\/lekekiste-stor-jabadabado\/"]}]},{"@type":"ImageObject","inLanguage":"nb-NO","@id":"https:\/\/babylove.se\/no\/produkt\/lekekiste-stor-jabadabado\/#primaryimage","url":"https:\/\/babylove.se\/no\/wp-content\/uploads\/sites\/3\/2025\/07\/5c6b05a3cceab.png","contentUrl":"https:\/\/babylove.se\/no\/wp-content\/uploads\/sites\/3\/2025\/07\/5c6b05a3cceab.png","width":750,"height":706},{"@type":"BreadcrumbList","@id":"https:\/\/babylove.se\/no\/produkt\/lekekiste-stor-jabadabado\/#breadcrumb","itemListElement":[{"@type":"ListItem","position":1,"name":"Hem","item":"https:\/\/babylove.se\/no\/"},{"@type":"ListItem","position":2,"name":"Butik","item":"https:\/\/babylove.se\/no\/butik\/"},{"@type":"ListItem","position":3,"name":"Lekekasse stor, Jabadabado"}]},{"@type":"WebSite","@id":"https:\/\/babylove.se\/no\/#website","url":"https:\/\/babylove.se\/no\/","name":"Babylove Norska","description":"","potentialAction":[{"@type":"SearchAction","target":{"@type":"EntryPoint","urlTemplate":"https:\/\/babylove.se\/no\/?s={search_term_string}"},"query-input":{"@type":"PropertyValueSpecification","valueRequired":true,"valueName":"search_term_string"}}],"inLanguage":"nb-NO"}]},"product_brand":"JaBaDaBaDo","product_price_amount":"595.00","product_price_currency":"SEK","og_availability":"out of stock","product_availability":"out of stock","product_retailer_item_id":"H13214","product_condition":"new"},"_links":{"self":[{"href":"https:\/\/babylove.se\/no\/wp-json\/wp\/v2\/product\/11230","targetHints":{"allow":["GET"]}}],"collection":[{"href":"https:\/\/babylove.se\/no\/wp-json\/wp\/v2\/product"}],"about":[{"href":"https:\/\/babylove.se\/no\/wp-json\/wp\/v2\/types\/product"}],"replies":[{"embeddable":true,"href":"https:\/\/babylove.se\/no\/wp-json\/wp\/v2\/comments?post=11230"}],"wp:featuredmedia":[{"embeddable":true,"href":"https:\/\/babylove.se\/no\/wp-json\/wp\/v2\/media\/11232"}],"wp:attachment":[{"href":"https:\/\/babylove.se\/no\/wp-json\/wp\/v2\/media?parent=11230"}],"wp:term":[{"taxonomy":"product_brand","embeddable":true,"href":"https:\/\/babylove.se\/no\/wp-json\/wp\/v2\/product_brand?post=11230"},{"taxonomy":"product_cat","embeddable":true,"href":"https:\/\/babylove.se\/no\/wp-json\/wp\/v2\/product_cat?post=11230"},{"taxonomy":"product_tag","embeddable":true,"href":"https:\/\/babylove.se\/no\/wp-json\/wp\/v2\/product_tag?post=11230"}],"curies":[{"name":"wp","href":"https:\/\/api.w.org\/{rel}","templated":true}]}}