{"id":11235,"date":"2025-07-18T21:15:01","date_gmt":"2025-07-18T20:15:01","guid":{"rendered":"https:\/\/babylove.se\/produkt\/mobelset-bord-med-tva-pallar-jabadabado\/"},"modified":"2026-04-08T08:46:36","modified_gmt":"2026-04-08T07:46:36","slug":"mobelsett-bord-med-to-krakker-jabadabado","status":"publish","type":"product","link":"https:\/\/babylove.se\/no\/produkt\/mobelsett-bord-med-to-krakker-jabadabado\/","title":{"rendered":"M\u00f8belsett bord med to krakker, Jabadabado"},"content":{"rendered":"<p>Et fint og smart bord til barnerommet i ubehandlet tre og med hvitmalt bordplate. Sammen med de to tilh\u00f8rende krakkene skaper de et fint m\u00f8belsett som du vil ha mye glede av. Barnet ditt kan sitte komfortabelt og pusle eller leke, og det blir et godt hj\u00f8rne for penner og tegneblokk. Du kan enkelt t\u00f8rke av bordet og stolene med en fuktet klut.<\/p>\n<p>M\u00f8belsettet kommer umontert, men du monterer selv enkelt sammen det for h\u00e5nd, alt er forberedt.<\/p>\n<p>M\u00e5l: Bord 59 cm i diameter og 42,5 cm h\u00f8yde &nbsp;, Krakker 26 cm i h\u00f8yde&nbsp;<\/p>\n<p>Designer: <a href=\"https:\/\/babylove.se\/varumarken\/jabadabado\"><u>JaBaDaBaDo<\/u><\/a><\/p>\n","protected":false},"excerpt":{"rendered":"<p>Et fint og smart bord til barnerommet i ubehandlet tre og med hvitmalt bordplate. Sammen med de to tilh\u00f8rende krakkene skaper de et fint m\u00f8belsett som du vil ha mye glede av. Barnet ditt kan sitte komfortabelt og pusle eller leke, og det blir et godt hj\u00f8rne for penner og tegneblokk. Du kan enkelt t\u00f8rke [&hellip;]<\/p>\n","protected":false},"featured_media":11237,"comment_status":"closed","ping_status":"open","template":"","meta":{"_acf_changed":false},"product_brand":[273],"product_cat":[85,274,48,80],"product_tag":[],"class_list":{"0":"post-11235","1":"product","2":"type-product","3":"status-publish","4":"has-post-thumbnail","6":"product_brand-jabadabado","7":"product_cat-bord","8":"product_cat-jabadabado","9":"product_cat-startside","10":"product_cat-stoler","12":"first","13":"outofstock","14":"taxable","15":"shipping-taxable","16":"purchasable","17":"product-type-simple"},"acf":[],"yoast_head":"<!-- This site is optimized with the Yoast SEO Premium plugin v25.8 (Yoast SEO v27.2) - https:\/\/yoast.com\/product\/yoast-seo-premium-wordpress\/ -->\n<title>M\u00f8belsett bord med to krakker, Jabadabado - Babylove Norska<\/title>\n<meta name=\"robots\" content=\"noindex, follow, max-snippet:-1, max-image-preview:large, max-video-preview:-1\" \/>\n<meta property=\"og:locale\" content=\"nb_NO\" \/>\n<meta property=\"og:type\" content=\"article\" \/>\n<meta property=\"og:title\" content=\"M\u00f8belsett bord med to krakker, Jabadabado\" \/>\n<meta property=\"og:description\" content=\"Et fint og smart bord til barnerommet i ubehandlet tre og med hvitmalt bordplate. Sammen med de to tilh\u00f8rende krakkene skaper de et fint m\u00f8belsett som du vil ha mye glede av. Barnet ditt kan sitte komfortabelt og pusle eller leke, og det blir et godt hj\u00f8rne for penner og tegneblokk. Du kan enkelt t\u00f8rke [&hellip;]\" \/>\n<meta property=\"og:url\" content=\"https:\/\/babylove.se\/no\/produkt\/mobelsett-bord-med-to-krakker-jabadabado\/\" \/>\n<meta property=\"og:site_name\" content=\"Babylove Norska\" \/>\n<meta property=\"article:modified_time\" content=\"2026-04-08T07:46:36+00:00\" \/>\n<meta property=\"og:image\" content=\"https:\/\/babylove.se\/no\/wp-content\/uploads\/sites\/3\/2025\/07\/5e32b18839618.jpeg\" \/>\n\t<meta property=\"og:image:width\" content=\"750\" \/>\n\t<meta property=\"og:image:height\" content=\"750\" \/>\n\t<meta property=\"og:image:type\" content=\"image\/jpeg\" \/>\n<meta name=\"twitter:card\" content=\"summary_large_image\" \/>\n<meta name=\"twitter:label1\" content=\"Price\" \/>\n\t<meta name=\"twitter:data1\" content=\"899,00&nbsp;&#107;&#114;\" \/>\n\t<meta name=\"twitter:label2\" content=\"Availability\" \/>\n\t<meta name=\"twitter:data2\" content=\"Out of stock\" \/>\n<script type=\"application\/ld+json\" class=\"yoast-schema-graph\">{\"@context\":\"https:\/\/schema.org\",\"@graph\":[{\"@type\":\"WebPage\",\"@id\":\"https:\/\/babylove.se\/no\/produkt\/mobelsett-bord-med-to-krakker-jabadabado\/\",\"url\":\"https:\/\/babylove.se\/no\/produkt\/mobelsett-bord-med-to-krakker-jabadabado\/\",\"name\":\"M\u00f8belsett bord med to krakker, Jabadabado - Babylove Norska\",\"isPartOf\":{\"@id\":\"https:\/\/babylove.se\/no\/#website\"},\"primaryImageOfPage\":{\"@id\":\"https:\/\/babylove.se\/no\/produkt\/mobelsett-bord-med-to-krakker-jabadabado\/#primaryimage\"},\"image\":{\"@id\":\"https:\/\/babylove.se\/no\/produkt\/mobelsett-bord-med-to-krakker-jabadabado\/#primaryimage\"},\"thumbnailUrl\":\"https:\/\/babylove.se\/no\/wp-content\/uploads\/sites\/3\/2025\/07\/5e32b18839618.jpeg\",\"datePublished\":\"2025-07-18T20:15:01+00:00\",\"dateModified\":\"2026-04-08T07:46:36+00:00\",\"breadcrumb\":{\"@id\":\"https:\/\/babylove.se\/no\/produkt\/mobelsett-bord-med-to-krakker-jabadabado\/#breadcrumb\"},\"inLanguage\":\"nb-NO\",\"potentialAction\":[{\"@type\":\"ReadAction\",\"target\":[\"https:\/\/babylove.se\/no\/produkt\/mobelsett-bord-med-to-krakker-jabadabado\/\"]}]},{\"@type\":\"ImageObject\",\"inLanguage\":\"nb-NO\",\"@id\":\"https:\/\/babylove.se\/no\/produkt\/mobelsett-bord-med-to-krakker-jabadabado\/#primaryimage\",\"url\":\"https:\/\/babylove.se\/no\/wp-content\/uploads\/sites\/3\/2025\/07\/5e32b18839618.jpeg\",\"contentUrl\":\"https:\/\/babylove.se\/no\/wp-content\/uploads\/sites\/3\/2025\/07\/5e32b18839618.jpeg\",\"width\":750,\"height\":750},{\"@type\":\"BreadcrumbList\",\"@id\":\"https:\/\/babylove.se\/no\/produkt\/mobelsett-bord-med-to-krakker-jabadabado\/#breadcrumb\",\"itemListElement\":[{\"@type\":\"ListItem\",\"position\":1,\"name\":\"Hem\",\"item\":\"https:\/\/babylove.se\/no\/\"},{\"@type\":\"ListItem\",\"position\":2,\"name\":\"Butik\",\"item\":\"https:\/\/babylove.se\/no\/butik\/\"},{\"@type\":\"ListItem\",\"position\":3,\"name\":\"M\u00f8belsett bord med to krakker, Jabadabado\"}]},{\"@type\":\"WebSite\",\"@id\":\"https:\/\/babylove.se\/no\/#website\",\"url\":\"https:\/\/babylove.se\/no\/\",\"name\":\"Babylove Norska\",\"description\":\"\",\"potentialAction\":[{\"@type\":\"SearchAction\",\"target\":{\"@type\":\"EntryPoint\",\"urlTemplate\":\"https:\/\/babylove.se\/no\/?s={search_term_string}\"},\"query-input\":{\"@type\":\"PropertyValueSpecification\",\"valueRequired\":true,\"valueName\":\"search_term_string\"}}],\"inLanguage\":\"nb-NO\"}]}<\/script>\n<meta property=\"product:brand\" content=\"JaBaDaBaDo\" \/>\n<meta property=\"product:price:amount\" content=\"899.00\" \/>\n<meta property=\"product:price:currency\" content=\"SEK\" \/>\n<meta property=\"og:availability\" content=\"out of stock\" \/>\n<meta property=\"product:availability\" content=\"out of stock\" \/>\n<meta property=\"product:retailer_item_id\" content=\"H13201\" \/>\n<meta property=\"product:condition\" content=\"new\" \/>\n<!-- \/ Yoast SEO Premium plugin. -->","yoast_head_json":{"title":"M\u00f8belsett bord med to krakker, Jabadabado - Babylove Norska","robots":{"index":"noindex","follow":"follow","max-snippet":"max-snippet:-1","max-image-preview":"max-image-preview:large","max-video-preview":"max-video-preview:-1"},"og_locale":"nb_NO","og_type":"article","og_title":"M\u00f8belsett bord med to krakker, Jabadabado","og_description":"Et fint og smart bord til barnerommet i ubehandlet tre og med hvitmalt bordplate. Sammen med de to tilh\u00f8rende krakkene skaper de et fint m\u00f8belsett som du vil ha mye glede av. Barnet ditt kan sitte komfortabelt og pusle eller leke, og det blir et godt hj\u00f8rne for penner og tegneblokk. Du kan enkelt t\u00f8rke [&hellip;]","og_url":"https:\/\/babylove.se\/no\/produkt\/mobelsett-bord-med-to-krakker-jabadabado\/","og_site_name":"Babylove Norska","article_modified_time":"2026-04-08T07:46:36+00:00","og_image":[{"width":750,"height":750,"url":"https:\/\/babylove.se\/no\/wp-content\/uploads\/sites\/3\/2025\/07\/5e32b18839618.jpeg","type":"image\/jpeg"}],"twitter_card":"summary_large_image","twitter_misc":{"Price":"899,00&nbsp;&#107;&#114;","Availability":"Out of stock"},"schema":{"@context":"https:\/\/schema.org","@graph":[{"@type":"WebPage","@id":"https:\/\/babylove.se\/no\/produkt\/mobelsett-bord-med-to-krakker-jabadabado\/","url":"https:\/\/babylove.se\/no\/produkt\/mobelsett-bord-med-to-krakker-jabadabado\/","name":"M\u00f8belsett bord med to krakker, Jabadabado - Babylove Norska","isPartOf":{"@id":"https:\/\/babylove.se\/no\/#website"},"primaryImageOfPage":{"@id":"https:\/\/babylove.se\/no\/produkt\/mobelsett-bord-med-to-krakker-jabadabado\/#primaryimage"},"image":{"@id":"https:\/\/babylove.se\/no\/produkt\/mobelsett-bord-med-to-krakker-jabadabado\/#primaryimage"},"thumbnailUrl":"https:\/\/babylove.se\/no\/wp-content\/uploads\/sites\/3\/2025\/07\/5e32b18839618.jpeg","datePublished":"2025-07-18T20:15:01+00:00","dateModified":"2026-04-08T07:46:36+00:00","breadcrumb":{"@id":"https:\/\/babylove.se\/no\/produkt\/mobelsett-bord-med-to-krakker-jabadabado\/#breadcrumb"},"inLanguage":"nb-NO","potentialAction":[{"@type":"ReadAction","target":["https:\/\/babylove.se\/no\/produkt\/mobelsett-bord-med-to-krakker-jabadabado\/"]}]},{"@type":"ImageObject","inLanguage":"nb-NO","@id":"https:\/\/babylove.se\/no\/produkt\/mobelsett-bord-med-to-krakker-jabadabado\/#primaryimage","url":"https:\/\/babylove.se\/no\/wp-content\/uploads\/sites\/3\/2025\/07\/5e32b18839618.jpeg","contentUrl":"https:\/\/babylove.se\/no\/wp-content\/uploads\/sites\/3\/2025\/07\/5e32b18839618.jpeg","width":750,"height":750},{"@type":"BreadcrumbList","@id":"https:\/\/babylove.se\/no\/produkt\/mobelsett-bord-med-to-krakker-jabadabado\/#breadcrumb","itemListElement":[{"@type":"ListItem","position":1,"name":"Hem","item":"https:\/\/babylove.se\/no\/"},{"@type":"ListItem","position":2,"name":"Butik","item":"https:\/\/babylove.se\/no\/butik\/"},{"@type":"ListItem","position":3,"name":"M\u00f8belsett bord med to krakker, Jabadabado"}]},{"@type":"WebSite","@id":"https:\/\/babylove.se\/no\/#website","url":"https:\/\/babylove.se\/no\/","name":"Babylove Norska","description":"","potentialAction":[{"@type":"SearchAction","target":{"@type":"EntryPoint","urlTemplate":"https:\/\/babylove.se\/no\/?s={search_term_string}"},"query-input":{"@type":"PropertyValueSpecification","valueRequired":true,"valueName":"search_term_string"}}],"inLanguage":"nb-NO"}]},"product_brand":"JaBaDaBaDo","product_price_amount":"899.00","product_price_currency":"SEK","og_availability":"out of stock","product_availability":"out of stock","product_retailer_item_id":"H13201","product_condition":"new"},"_links":{"self":[{"href":"https:\/\/babylove.se\/no\/wp-json\/wp\/v2\/product\/11235","targetHints":{"allow":["GET"]}}],"collection":[{"href":"https:\/\/babylove.se\/no\/wp-json\/wp\/v2\/product"}],"about":[{"href":"https:\/\/babylove.se\/no\/wp-json\/wp\/v2\/types\/product"}],"replies":[{"embeddable":true,"href":"https:\/\/babylove.se\/no\/wp-json\/wp\/v2\/comments?post=11235"}],"wp:featuredmedia":[{"embeddable":true,"href":"https:\/\/babylove.se\/no\/wp-json\/wp\/v2\/media\/11237"}],"wp:attachment":[{"href":"https:\/\/babylove.se\/no\/wp-json\/wp\/v2\/media?parent=11235"}],"wp:term":[{"taxonomy":"product_brand","embeddable":true,"href":"https:\/\/babylove.se\/no\/wp-json\/wp\/v2\/product_brand?post=11235"},{"taxonomy":"product_cat","embeddable":true,"href":"https:\/\/babylove.se\/no\/wp-json\/wp\/v2\/product_cat?post=11235"},{"taxonomy":"product_tag","embeddable":true,"href":"https:\/\/babylove.se\/no\/wp-json\/wp\/v2\/product_tag?post=11235"}],"curies":[{"name":"wp","href":"https:\/\/api.w.org\/{rel}","templated":true}]}}