{"id":11243,"date":"2025-07-18T21:15:01","date_gmt":"2025-07-18T20:15:01","guid":{"rendered":"https:\/\/babylove.se\/produkt\/liewood-baddrakt-med-volang-leo-beige-beauty\/"},"modified":"2026-04-08T08:46:41","modified_gmt":"2026-04-08T07:46:41","slug":"liewood-badedrakt-med-volang-leo-beige-beauty","status":"publish","type":"product","link":"https:\/\/babylove.se\/no\/produkt\/liewood-badedrakt-med-volang-leo-beige-beauty\/","title":{"rendered":"Liewood, Badedrakt med volang, Amara leo beige beauty"},"content":{"rendered":"<p>Deilig badedrakt for barn fra Liewoods fine sommerkollektion. \\n \\nBadedrakten har trykk av svarte leopardm\u00f8nstre p\u00e5 en fin beige nyanse i UV-beskyttende materiale. \\n \\nBadedrakten har dessuten fine volanger som skaper en sommerfin f\u00f8lelse. Hvis du har flere mindre barn kan du matche disse med badebukser eller badetr\u00f8yer fra samme kollektion. \\n \\nMateriale: 80 % nylon , 20% spandex , oeko-tex \\n \\nDesigner : <a href=\"https:\/\/babylove.se\/varumarken\/liewood\">Liewood <\/a><\/p>\n","protected":false},"excerpt":{"rendered":"<p>Deilig badedrakt for barn fra Liewoods fine sommerkollektion. \\n \\nBadedrakten har trykk av svarte leopardm\u00f8nstre p\u00e5 en fin beige nyanse i UV-beskyttende materiale. \\n \\nBadedrakten har dessuten fine volanger som skaper en sommerfin f\u00f8lelse. Hvis du har flere mindre barn kan du matche disse med badebukser eller badetr\u00f8yer fra samme kollektion. \\n \\nMateriale: 80 % [&hellip;]<\/p>\n","protected":false},"featured_media":11245,"comment_status":"closed","ping_status":"closed","template":"","meta":{"_acf_changed":false},"product_brand":[282],"product_cat":[578,283,48],"product_tag":[],"class_list":{"0":"post-11243","1":"product","2":"type-product","3":"status-publish","4":"has-post-thumbnail","6":"product_brand-liewood","7":"product_cat-badeklaer","8":"product_cat-liewood","9":"product_cat-startside","10":"pa_storlek-104-110","11":"pa_storlek-116-122","12":"pa_storlek-80-86","13":"pa_storlek-92-98","15":"first","16":"outofstock","17":"taxable","18":"shipping-taxable","19":"purchasable","20":"product-type-variable"},"acf":[],"yoast_head":"<!-- This site is optimized with the Yoast SEO Premium plugin v25.8 (Yoast SEO v27.2) - https:\/\/yoast.com\/product\/yoast-seo-premium-wordpress\/ -->\n<title>Liewood, Badedrakt med volang, Amara leo beige beauty - Babylove Norska<\/title>\n<meta name=\"robots\" content=\"noindex, follow, max-snippet:-1, max-image-preview:large, max-video-preview:-1\" \/>\n<meta property=\"og:locale\" content=\"nb_NO\" \/>\n<meta property=\"og:type\" content=\"article\" \/>\n<meta property=\"og:title\" content=\"Liewood, Badedrakt med volang, Amara leo beige beauty\" \/>\n<meta property=\"og:description\" content=\"Deilig badedrakt for barn fra Liewoods fine sommerkollektion. n nBadedrakten har trykk av svarte leopardm\u00f8nstre p\u00e5 en fin beige nyanse i UV-beskyttende materiale. n nBadedrakten har dessuten fine volanger som skaper en sommerfin f\u00f8lelse. Hvis du har flere mindre barn kan du matche disse med badebukser eller badetr\u00f8yer fra samme kollektion. n nMateriale: 80 % [&hellip;]\" \/>\n<meta property=\"og:url\" content=\"https:\/\/babylove.se\/no\/produkt\/liewood-badedrakt-med-volang-leo-beige-beauty\/\" \/>\n<meta property=\"og:site_name\" content=\"Babylove Norska\" \/>\n<meta property=\"article:modified_time\" content=\"2026-04-08T07:46:41+00:00\" \/>\n<meta property=\"og:image\" content=\"https:\/\/babylove.se\/no\/wp-content\/uploads\/sites\/3\/2025\/07\/5c6bfaf1d071a.jpeg\" \/>\n\t<meta property=\"og:image:width\" content=\"750\" \/>\n\t<meta property=\"og:image:height\" content=\"750\" \/>\n\t<meta property=\"og:image:type\" content=\"image\/jpeg\" \/>\n<meta name=\"twitter:card\" content=\"summary_large_image\" \/>\n<meta name=\"twitter:label1\" content=\"Availability\" \/>\n\t<meta name=\"twitter:data1\" content=\"Out of stock\" \/>\n<script type=\"application\/ld+json\" class=\"yoast-schema-graph\">{\"@context\":\"https:\/\/schema.org\",\"@graph\":[{\"@type\":\"WebPage\",\"@id\":\"https:\/\/babylove.se\/no\/produkt\/liewood-badedrakt-med-volang-leo-beige-beauty\/\",\"url\":\"https:\/\/babylove.se\/no\/produkt\/liewood-badedrakt-med-volang-leo-beige-beauty\/\",\"name\":\"Liewood, Badedrakt med volang, Amara leo beige beauty - Babylove Norska\",\"isPartOf\":{\"@id\":\"https:\/\/babylove.se\/no\/#website\"},\"primaryImageOfPage\":{\"@id\":\"https:\/\/babylove.se\/no\/produkt\/liewood-badedrakt-med-volang-leo-beige-beauty\/#primaryimage\"},\"image\":{\"@id\":\"https:\/\/babylove.se\/no\/produkt\/liewood-badedrakt-med-volang-leo-beige-beauty\/#primaryimage\"},\"thumbnailUrl\":\"https:\/\/babylove.se\/no\/wp-content\/uploads\/sites\/3\/2025\/07\/5c6bfaf1d071a.jpeg\",\"datePublished\":\"2025-07-18T20:15:01+00:00\",\"dateModified\":\"2026-04-08T07:46:41+00:00\",\"breadcrumb\":{\"@id\":\"https:\/\/babylove.se\/no\/produkt\/liewood-badedrakt-med-volang-leo-beige-beauty\/#breadcrumb\"},\"inLanguage\":\"nb-NO\",\"potentialAction\":[{\"@type\":\"ReadAction\",\"target\":[\"https:\/\/babylove.se\/no\/produkt\/liewood-badedrakt-med-volang-leo-beige-beauty\/\"]}]},{\"@type\":\"ImageObject\",\"inLanguage\":\"nb-NO\",\"@id\":\"https:\/\/babylove.se\/no\/produkt\/liewood-badedrakt-med-volang-leo-beige-beauty\/#primaryimage\",\"url\":\"https:\/\/babylove.se\/no\/wp-content\/uploads\/sites\/3\/2025\/07\/5c6bfaf1d071a.jpeg\",\"contentUrl\":\"https:\/\/babylove.se\/no\/wp-content\/uploads\/sites\/3\/2025\/07\/5c6bfaf1d071a.jpeg\",\"width\":750,\"height\":750},{\"@type\":\"BreadcrumbList\",\"@id\":\"https:\/\/babylove.se\/no\/produkt\/liewood-badedrakt-med-volang-leo-beige-beauty\/#breadcrumb\",\"itemListElement\":[{\"@type\":\"ListItem\",\"position\":1,\"name\":\"Hem\",\"item\":\"https:\/\/babylove.se\/no\/\"},{\"@type\":\"ListItem\",\"position\":2,\"name\":\"Butik\",\"item\":\"https:\/\/babylove.se\/no\/butik\/\"},{\"@type\":\"ListItem\",\"position\":3,\"name\":\"Liewood, Badedrakt med volang, Amara leo beige beauty\"}]},{\"@type\":\"WebSite\",\"@id\":\"https:\/\/babylove.se\/no\/#website\",\"url\":\"https:\/\/babylove.se\/no\/\",\"name\":\"Babylove Norska\",\"description\":\"\",\"potentialAction\":[{\"@type\":\"SearchAction\",\"target\":{\"@type\":\"EntryPoint\",\"urlTemplate\":\"https:\/\/babylove.se\/no\/?s={search_term_string}\"},\"query-input\":{\"@type\":\"PropertyValueSpecification\",\"valueRequired\":true,\"valueName\":\"search_term_string\"}}],\"inLanguage\":\"nb-NO\"}]}<\/script>\n<meta property=\"product:brand\" content=\"Liewood\" \/>\n<meta property=\"og:availability\" content=\"out of stock\" \/>\n<meta property=\"product:availability\" content=\"out of stock\" \/>\n<meta property=\"product:retailer_item_id\" content=\"Amara leo beige-8086\" \/>\n<meta property=\"product:condition\" content=\"new\" \/>\n<!-- \/ Yoast SEO Premium plugin. -->","yoast_head_json":{"title":"Liewood, Badedrakt med volang, Amara leo beige beauty - Babylove Norska","robots":{"index":"noindex","follow":"follow","max-snippet":"max-snippet:-1","max-image-preview":"max-image-preview:large","max-video-preview":"max-video-preview:-1"},"og_locale":"nb_NO","og_type":"article","og_title":"Liewood, Badedrakt med volang, Amara leo beige beauty","og_description":"Deilig badedrakt for barn fra Liewoods fine sommerkollektion. n nBadedrakten har trykk av svarte leopardm\u00f8nstre p\u00e5 en fin beige nyanse i UV-beskyttende materiale. n nBadedrakten har dessuten fine volanger som skaper en sommerfin f\u00f8lelse. Hvis du har flere mindre barn kan du matche disse med badebukser eller badetr\u00f8yer fra samme kollektion. n nMateriale: 80 % [&hellip;]","og_url":"https:\/\/babylove.se\/no\/produkt\/liewood-badedrakt-med-volang-leo-beige-beauty\/","og_site_name":"Babylove Norska","article_modified_time":"2026-04-08T07:46:41+00:00","og_image":[{"width":750,"height":750,"url":"https:\/\/babylove.se\/no\/wp-content\/uploads\/sites\/3\/2025\/07\/5c6bfaf1d071a.jpeg","type":"image\/jpeg"}],"twitter_card":"summary_large_image","twitter_misc":{"Availability":"Out of stock"},"schema":{"@context":"https:\/\/schema.org","@graph":[{"@type":"WebPage","@id":"https:\/\/babylove.se\/no\/produkt\/liewood-badedrakt-med-volang-leo-beige-beauty\/","url":"https:\/\/babylove.se\/no\/produkt\/liewood-badedrakt-med-volang-leo-beige-beauty\/","name":"Liewood, Badedrakt med volang, Amara leo beige beauty - Babylove Norska","isPartOf":{"@id":"https:\/\/babylove.se\/no\/#website"},"primaryImageOfPage":{"@id":"https:\/\/babylove.se\/no\/produkt\/liewood-badedrakt-med-volang-leo-beige-beauty\/#primaryimage"},"image":{"@id":"https:\/\/babylove.se\/no\/produkt\/liewood-badedrakt-med-volang-leo-beige-beauty\/#primaryimage"},"thumbnailUrl":"https:\/\/babylove.se\/no\/wp-content\/uploads\/sites\/3\/2025\/07\/5c6bfaf1d071a.jpeg","datePublished":"2025-07-18T20:15:01+00:00","dateModified":"2026-04-08T07:46:41+00:00","breadcrumb":{"@id":"https:\/\/babylove.se\/no\/produkt\/liewood-badedrakt-med-volang-leo-beige-beauty\/#breadcrumb"},"inLanguage":"nb-NO","potentialAction":[{"@type":"ReadAction","target":["https:\/\/babylove.se\/no\/produkt\/liewood-badedrakt-med-volang-leo-beige-beauty\/"]}]},{"@type":"ImageObject","inLanguage":"nb-NO","@id":"https:\/\/babylove.se\/no\/produkt\/liewood-badedrakt-med-volang-leo-beige-beauty\/#primaryimage","url":"https:\/\/babylove.se\/no\/wp-content\/uploads\/sites\/3\/2025\/07\/5c6bfaf1d071a.jpeg","contentUrl":"https:\/\/babylove.se\/no\/wp-content\/uploads\/sites\/3\/2025\/07\/5c6bfaf1d071a.jpeg","width":750,"height":750},{"@type":"BreadcrumbList","@id":"https:\/\/babylove.se\/no\/produkt\/liewood-badedrakt-med-volang-leo-beige-beauty\/#breadcrumb","itemListElement":[{"@type":"ListItem","position":1,"name":"Hem","item":"https:\/\/babylove.se\/no\/"},{"@type":"ListItem","position":2,"name":"Butik","item":"https:\/\/babylove.se\/no\/butik\/"},{"@type":"ListItem","position":3,"name":"Liewood, Badedrakt med volang, Amara leo beige beauty"}]},{"@type":"WebSite","@id":"https:\/\/babylove.se\/no\/#website","url":"https:\/\/babylove.se\/no\/","name":"Babylove Norska","description":"","potentialAction":[{"@type":"SearchAction","target":{"@type":"EntryPoint","urlTemplate":"https:\/\/babylove.se\/no\/?s={search_term_string}"},"query-input":{"@type":"PropertyValueSpecification","valueRequired":true,"valueName":"search_term_string"}}],"inLanguage":"nb-NO"}]},"product_brand":"Liewood","og_availability":"out of stock","product_availability":"out of stock","product_retailer_item_id":"Amara leo beige-8086","product_condition":"new"},"_links":{"self":[{"href":"https:\/\/babylove.se\/no\/wp-json\/wp\/v2\/product\/11243","targetHints":{"allow":["GET"]}}],"collection":[{"href":"https:\/\/babylove.se\/no\/wp-json\/wp\/v2\/product"}],"about":[{"href":"https:\/\/babylove.se\/no\/wp-json\/wp\/v2\/types\/product"}],"replies":[{"embeddable":true,"href":"https:\/\/babylove.se\/no\/wp-json\/wp\/v2\/comments?post=11243"}],"wp:featuredmedia":[{"embeddable":true,"href":"https:\/\/babylove.se\/no\/wp-json\/wp\/v2\/media\/11245"}],"wp:attachment":[{"href":"https:\/\/babylove.se\/no\/wp-json\/wp\/v2\/media?parent=11243"}],"wp:term":[{"taxonomy":"product_brand","embeddable":true,"href":"https:\/\/babylove.se\/no\/wp-json\/wp\/v2\/product_brand?post=11243"},{"taxonomy":"product_cat","embeddable":true,"href":"https:\/\/babylove.se\/no\/wp-json\/wp\/v2\/product_cat?post=11243"},{"taxonomy":"product_tag","embeddable":true,"href":"https:\/\/babylove.se\/no\/wp-json\/wp\/v2\/product_tag?post=11243"}],"curies":[{"name":"wp","href":"https:\/\/api.w.org\/{rel}","templated":true}]}}