{"id":11281,"date":"2025-07-18T21:15:26","date_gmt":"2025-07-18T20:15:26","guid":{"rendered":"https:\/\/babylove.se\/produkt\/liewood-badbyxor-frej-stripe-navy\/"},"modified":"2026-04-08T08:47:05","modified_gmt":"2026-04-08T07:47:05","slug":"liewood-badebukse-frej-stripe-navy","status":"publish","type":"product","link":"https:\/\/babylove.se\/no\/produkt\/liewood-badebukse-frej-stripe-navy\/","title":{"rendered":"Liewood, badebukse, Frej stripe Navy"},"content":{"rendered":"<p>Deilige badebukser for barn fra Liewoods fine sommerkollektion. <\/p>\n<p>Badebuksene er laget i retro-stil og gir en 50-tallsf\u00f8lelse. Marinebl\u00e5 striper skaper en herlig sommerf\u00f8lelse. <\/p>\n<p>Praktisk lomme bak p\u00e5 buksene med Liewoods logo er en detalj som gj\u00f8r mye for helheten. <\/p>\n<p>Badebuksene er perfekte \u00e5 ha over bleiene en varm sommerdag, s\u00e5 fungerer perfekt for de aller minste. <\/p>\n<p>Materiale: 80% nylon, 20% spandex, oeko-tex, UPF 50 <\/p>\n<p>Designer: <a href=\"https:\/\/babylove.se\/varumarken\/liewood\">Liewood<\/a><\/p>\n","protected":false},"excerpt":{"rendered":"<p>Deilige badebukser for barn fra Liewoods fine sommerkollektion. Badebuksene er laget i retro-stil og gir en 50-tallsf\u00f8lelse. Marinebl\u00e5 striper skaper en herlig sommerf\u00f8lelse. Praktisk lomme bak p\u00e5 buksene med Liewoods logo er en detalj som gj\u00f8r mye for helheten. Badebuksene er perfekte \u00e5 ha over bleiene en varm sommerdag, s\u00e5 fungerer perfekt for de aller [&hellip;]<\/p>\n","protected":false},"featured_media":11283,"comment_status":"closed","ping_status":"closed","template":"","meta":{"_acf_changed":false},"product_brand":[282],"product_cat":[578,283,60,48],"product_tag":[1709],"class_list":{"0":"post-11281","1":"product","2":"type-product","3":"status-publish","4":"has-post-thumbnail","6":"product_brand-liewood","7":"product_cat-badeklaer","8":"product_cat-liewood","9":"product_cat-sommer","10":"product_cat-startside","11":"product_tag-utforsalg","12":"pa_storlek-56-62","14":"first","15":"instock","16":"taxable","17":"shipping-taxable","18":"purchasable","19":"product-type-simple"},"acf":[],"yoast_head":"<!-- This site is optimized with the Yoast SEO Premium plugin v25.8 (Yoast SEO v27.2) - https:\/\/yoast.com\/product\/yoast-seo-premium-wordpress\/ -->\n<title>Liewood, badebukse, Frej stripe Navy - Babylove Norska<\/title>\n<meta name=\"robots\" content=\"noindex, follow, max-snippet:-1, max-image-preview:large, max-video-preview:-1\" \/>\n<meta property=\"og:locale\" content=\"nb_NO\" \/>\n<meta property=\"og:type\" content=\"article\" \/>\n<meta property=\"og:title\" content=\"Liewood, badebukse, Frej stripe Navy\" \/>\n<meta property=\"og:description\" content=\"Deilige badebukser for barn fra Liewoods fine sommerkollektion. Badebuksene er laget i retro-stil og gir en 50-tallsf\u00f8lelse. Marinebl\u00e5 striper skaper en herlig sommerf\u00f8lelse. Praktisk lomme bak p\u00e5 buksene med Liewoods logo er en detalj som gj\u00f8r mye for helheten. Badebuksene er perfekte \u00e5 ha over bleiene en varm sommerdag, s\u00e5 fungerer perfekt for de aller [&hellip;]\" \/>\n<meta property=\"og:url\" content=\"https:\/\/babylove.se\/no\/produkt\/liewood-badebukse-frej-stripe-navy\/\" \/>\n<meta property=\"og:site_name\" content=\"Babylove Norska\" \/>\n<meta property=\"article:modified_time\" content=\"2026-04-08T07:47:05+00:00\" \/>\n<meta property=\"og:image\" content=\"https:\/\/babylove.se\/no\/wp-content\/uploads\/sites\/3\/2025\/07\/5c6bfede91a6f.jpeg\" \/>\n\t<meta property=\"og:image:width\" content=\"750\" \/>\n\t<meta property=\"og:image:height\" content=\"750\" \/>\n\t<meta property=\"og:image:type\" content=\"image\/jpeg\" \/>\n<meta name=\"twitter:card\" content=\"summary_large_image\" \/>\n<meta name=\"twitter:label1\" content=\"Price\" \/>\n\t<meta name=\"twitter:data1\" content=\"289,00&nbsp;&#107;&#114;\" \/>\n\t<meta name=\"twitter:label2\" content=\"Availability\" \/>\n\t<meta name=\"twitter:data2\" content=\"In stock\" \/>\n<script type=\"application\/ld+json\" class=\"yoast-schema-graph\">{\"@context\":\"https:\/\/schema.org\",\"@graph\":[{\"@type\":\"WebPage\",\"@id\":\"https:\/\/babylove.se\/no\/produkt\/liewood-badebukse-frej-stripe-navy\/\",\"url\":\"https:\/\/babylove.se\/no\/produkt\/liewood-badebukse-frej-stripe-navy\/\",\"name\":\"Liewood, badebukse, Frej stripe Navy - Babylove Norska\",\"isPartOf\":{\"@id\":\"https:\/\/babylove.se\/no\/#website\"},\"primaryImageOfPage\":{\"@id\":\"https:\/\/babylove.se\/no\/produkt\/liewood-badebukse-frej-stripe-navy\/#primaryimage\"},\"image\":{\"@id\":\"https:\/\/babylove.se\/no\/produkt\/liewood-badebukse-frej-stripe-navy\/#primaryimage\"},\"thumbnailUrl\":\"https:\/\/babylove.se\/no\/wp-content\/uploads\/sites\/3\/2025\/07\/5c6bfede91a6f.jpeg\",\"datePublished\":\"2025-07-18T20:15:26+00:00\",\"dateModified\":\"2026-04-08T07:47:05+00:00\",\"breadcrumb\":{\"@id\":\"https:\/\/babylove.se\/no\/produkt\/liewood-badebukse-frej-stripe-navy\/#breadcrumb\"},\"inLanguage\":\"nb-NO\",\"potentialAction\":[{\"@type\":\"ReadAction\",\"target\":[\"https:\/\/babylove.se\/no\/produkt\/liewood-badebukse-frej-stripe-navy\/\"]}]},{\"@type\":\"ImageObject\",\"inLanguage\":\"nb-NO\",\"@id\":\"https:\/\/babylove.se\/no\/produkt\/liewood-badebukse-frej-stripe-navy\/#primaryimage\",\"url\":\"https:\/\/babylove.se\/no\/wp-content\/uploads\/sites\/3\/2025\/07\/5c6bfede91a6f.jpeg\",\"contentUrl\":\"https:\/\/babylove.se\/no\/wp-content\/uploads\/sites\/3\/2025\/07\/5c6bfede91a6f.jpeg\",\"width\":750,\"height\":750},{\"@type\":\"BreadcrumbList\",\"@id\":\"https:\/\/babylove.se\/no\/produkt\/liewood-badebukse-frej-stripe-navy\/#breadcrumb\",\"itemListElement\":[{\"@type\":\"ListItem\",\"position\":1,\"name\":\"Hem\",\"item\":\"https:\/\/babylove.se\/no\/\"},{\"@type\":\"ListItem\",\"position\":2,\"name\":\"Butik\",\"item\":\"https:\/\/babylove.se\/no\/butik\/\"},{\"@type\":\"ListItem\",\"position\":3,\"name\":\"Liewood, badebukse, Frej stripe Navy\"}]},{\"@type\":\"WebSite\",\"@id\":\"https:\/\/babylove.se\/no\/#website\",\"url\":\"https:\/\/babylove.se\/no\/\",\"name\":\"Babylove Norska\",\"description\":\"\",\"potentialAction\":[{\"@type\":\"SearchAction\",\"target\":{\"@type\":\"EntryPoint\",\"urlTemplate\":\"https:\/\/babylove.se\/no\/?s={search_term_string}\"},\"query-input\":{\"@type\":\"PropertyValueSpecification\",\"valueRequired\":true,\"valueName\":\"search_term_string\"}}],\"inLanguage\":\"nb-NO\"}]}<\/script>\n<meta property=\"product:brand\" content=\"Liewood\" \/>\n<meta property=\"product:price:amount\" content=\"289.00\" \/>\n<meta property=\"product:price:currency\" content=\"SEK\" \/>\n<meta property=\"og:availability\" content=\"instock\" \/>\n<meta property=\"product:availability\" content=\"instock\" \/>\n<meta property=\"product:retailer_item_id\" content=\"FrejstripeNavy-56-62\" \/>\n<meta property=\"product:condition\" content=\"new\" \/>\n<!-- \/ Yoast SEO Premium plugin. -->","yoast_head_json":{"title":"Liewood, badebukse, Frej stripe Navy - Babylove Norska","robots":{"index":"noindex","follow":"follow","max-snippet":"max-snippet:-1","max-image-preview":"max-image-preview:large","max-video-preview":"max-video-preview:-1"},"og_locale":"nb_NO","og_type":"article","og_title":"Liewood, badebukse, Frej stripe Navy","og_description":"Deilige badebukser for barn fra Liewoods fine sommerkollektion. Badebuksene er laget i retro-stil og gir en 50-tallsf\u00f8lelse. Marinebl\u00e5 striper skaper en herlig sommerf\u00f8lelse. Praktisk lomme bak p\u00e5 buksene med Liewoods logo er en detalj som gj\u00f8r mye for helheten. Badebuksene er perfekte \u00e5 ha over bleiene en varm sommerdag, s\u00e5 fungerer perfekt for de aller [&hellip;]","og_url":"https:\/\/babylove.se\/no\/produkt\/liewood-badebukse-frej-stripe-navy\/","og_site_name":"Babylove Norska","article_modified_time":"2026-04-08T07:47:05+00:00","og_image":[{"width":750,"height":750,"url":"https:\/\/babylove.se\/no\/wp-content\/uploads\/sites\/3\/2025\/07\/5c6bfede91a6f.jpeg","type":"image\/jpeg"}],"twitter_card":"summary_large_image","twitter_misc":{"Price":"289,00&nbsp;&#107;&#114;","Availability":"In stock"},"schema":{"@context":"https:\/\/schema.org","@graph":[{"@type":"WebPage","@id":"https:\/\/babylove.se\/no\/produkt\/liewood-badebukse-frej-stripe-navy\/","url":"https:\/\/babylove.se\/no\/produkt\/liewood-badebukse-frej-stripe-navy\/","name":"Liewood, badebukse, Frej stripe Navy - Babylove Norska","isPartOf":{"@id":"https:\/\/babylove.se\/no\/#website"},"primaryImageOfPage":{"@id":"https:\/\/babylove.se\/no\/produkt\/liewood-badebukse-frej-stripe-navy\/#primaryimage"},"image":{"@id":"https:\/\/babylove.se\/no\/produkt\/liewood-badebukse-frej-stripe-navy\/#primaryimage"},"thumbnailUrl":"https:\/\/babylove.se\/no\/wp-content\/uploads\/sites\/3\/2025\/07\/5c6bfede91a6f.jpeg","datePublished":"2025-07-18T20:15:26+00:00","dateModified":"2026-04-08T07:47:05+00:00","breadcrumb":{"@id":"https:\/\/babylove.se\/no\/produkt\/liewood-badebukse-frej-stripe-navy\/#breadcrumb"},"inLanguage":"nb-NO","potentialAction":[{"@type":"ReadAction","target":["https:\/\/babylove.se\/no\/produkt\/liewood-badebukse-frej-stripe-navy\/"]}]},{"@type":"ImageObject","inLanguage":"nb-NO","@id":"https:\/\/babylove.se\/no\/produkt\/liewood-badebukse-frej-stripe-navy\/#primaryimage","url":"https:\/\/babylove.se\/no\/wp-content\/uploads\/sites\/3\/2025\/07\/5c6bfede91a6f.jpeg","contentUrl":"https:\/\/babylove.se\/no\/wp-content\/uploads\/sites\/3\/2025\/07\/5c6bfede91a6f.jpeg","width":750,"height":750},{"@type":"BreadcrumbList","@id":"https:\/\/babylove.se\/no\/produkt\/liewood-badebukse-frej-stripe-navy\/#breadcrumb","itemListElement":[{"@type":"ListItem","position":1,"name":"Hem","item":"https:\/\/babylove.se\/no\/"},{"@type":"ListItem","position":2,"name":"Butik","item":"https:\/\/babylove.se\/no\/butik\/"},{"@type":"ListItem","position":3,"name":"Liewood, badebukse, Frej stripe Navy"}]},{"@type":"WebSite","@id":"https:\/\/babylove.se\/no\/#website","url":"https:\/\/babylove.se\/no\/","name":"Babylove Norska","description":"","potentialAction":[{"@type":"SearchAction","target":{"@type":"EntryPoint","urlTemplate":"https:\/\/babylove.se\/no\/?s={search_term_string}"},"query-input":{"@type":"PropertyValueSpecification","valueRequired":true,"valueName":"search_term_string"}}],"inLanguage":"nb-NO"}]},"product_brand":"Liewood","product_price_amount":"289.00","product_price_currency":"SEK","og_availability":"instock","product_availability":"instock","product_retailer_item_id":"FrejstripeNavy-56-62","product_condition":"new"},"_links":{"self":[{"href":"https:\/\/babylove.se\/no\/wp-json\/wp\/v2\/product\/11281","targetHints":{"allow":["GET"]}}],"collection":[{"href":"https:\/\/babylove.se\/no\/wp-json\/wp\/v2\/product"}],"about":[{"href":"https:\/\/babylove.se\/no\/wp-json\/wp\/v2\/types\/product"}],"replies":[{"embeddable":true,"href":"https:\/\/babylove.se\/no\/wp-json\/wp\/v2\/comments?post=11281"}],"wp:featuredmedia":[{"embeddable":true,"href":"https:\/\/babylove.se\/no\/wp-json\/wp\/v2\/media\/11283"}],"wp:attachment":[{"href":"https:\/\/babylove.se\/no\/wp-json\/wp\/v2\/media?parent=11281"}],"wp:term":[{"taxonomy":"product_brand","embeddable":true,"href":"https:\/\/babylove.se\/no\/wp-json\/wp\/v2\/product_brand?post=11281"},{"taxonomy":"product_cat","embeddable":true,"href":"https:\/\/babylove.se\/no\/wp-json\/wp\/v2\/product_cat?post=11281"},{"taxonomy":"product_tag","embeddable":true,"href":"https:\/\/babylove.se\/no\/wp-json\/wp\/v2\/product_tag?post=11281"}],"curies":[{"name":"wp","href":"https:\/\/api.w.org\/{rel}","templated":true}]}}