{"id":11314,"date":"2025-07-18T21:15:36","date_gmt":"2025-07-18T20:15:36","guid":{"rendered":"https:\/\/babylove.se\/produkt\/luftballong-olivgron-20-cm-filibabba\/"},"modified":"2026-04-08T08:47:24","modified_gmt":"2026-04-08T07:47:24","slug":"luftballong-olivengronn-20-cm-filibabba","status":"publish","type":"product","link":"https:\/\/babylove.se\/no\/produkt\/luftballong-olivengronn-20-cm-filibabba\/","title":{"rendered":"Luftballong Olivengr\u00f8nn , 20 cm, Filibabba"},"content":{"rendered":"<p>Vakker olivengr\u00f8nn luftballong fra danske Filibabba for \u00e5 dekorere barnerommet. L\u00f8ft din barneroms-innredning med dette fantastiske produktet og velg din egen favoritt ut fra mange fine farger.<br \/>\nLuftballongen leveres i en vakker oppbevaringsboks med et unikt h\u00e5nd-skissert luftballongtrykk. Med luftballongen f\u00e5r du en nylontr\u00e5d som du kan henge den p\u00e5. Ballongen har en liten krok der du knyter tr\u00e5den p\u00e5. Behold gjerne den unike boksen til \u00e5 oppbevare leker, lego eller puslespill i. <\/p>\n<p><strong>Farge:<\/strong> Olivengr\u00f8nn <\/p>\n<p><strong>M\u00e5l<\/strong>: 20 cm diameter <\/p>\n<p><strong>Materiale: <\/strong>Papmache og 100 % bomull <\/p>\n<p>Designer: <a href=\"https:\/\/babylove.se\/varumarken\/filibaba\"><u>Filibabba<\/u><\/a><\/p>\n","protected":false},"excerpt":{"rendered":"<p>Vakker olivengr\u00f8nn luftballong fra danske Filibabba for \u00e5 dekorere barnerommet. L\u00f8ft din barneroms-innredning med dette fantastiske produktet og velg din egen favoritt ut fra mange fine farger. Luftballongen leveres i en vakker oppbevaringsboks med et unikt h\u00e5nd-skissert luftballongtrykk. Med luftballongen f\u00e5r du en nylontr\u00e5d som du kan henge den p\u00e5. Ballongen har en liten krok [&hellip;]<\/p>\n","protected":false},"featured_media":11316,"comment_status":"closed","ping_status":"closed","template":"","meta":{"_acf_changed":false},"product_brand":[249],"product_cat":[138,250,26,25,48,29],"product_tag":[],"class_list":{"0":"post-11314","1":"product","2":"type-product","3":"status-publish","4":"has-post-thumbnail","6":"product_brand-filibabba","7":"product_cat-ballonger","8":"product_cat-filibabba","9":"product_cat-kjop-produkter-som-ikke-bare-er-for-gutter","10":"product_cat-ikke-bare-jenter","11":"product_cat-startside","12":"product_cat-veggdekorasjoner","14":"first","15":"outofstock","16":"taxable","17":"shipping-taxable","18":"purchasable","19":"product-type-simple"},"acf":[],"yoast_head":"<!-- This site is optimized with the Yoast SEO Premium plugin v25.8 (Yoast SEO v27.2) - https:\/\/yoast.com\/product\/yoast-seo-premium-wordpress\/ -->\n<title>Luftballong Olivengr\u00f8nn , 20 cm, Filibabba - Babylove Norska<\/title>\n<meta name=\"description\" content=\"Luftballong Gr\u00e5, 20 cm, Filibabba - skickas inom 24 timmar !\u00a0Inspirerande och vackra luftballonger f\u00f6r att dekorera barnrummet - k\u00f6p h\u00e4r-\" \/>\n<meta name=\"robots\" content=\"noindex, follow, max-snippet:-1, max-image-preview:large, max-video-preview:-1\" \/>\n<meta property=\"og:locale\" content=\"nb_NO\" \/>\n<meta property=\"og:type\" content=\"article\" \/>\n<meta property=\"og:title\" content=\"Luftballong Olivengr\u00f8nn , 20 cm, Filibabba\" \/>\n<meta property=\"og:description\" content=\"Luftballong Gr\u00e5, 20 cm, Filibabba - skickas inom 24 timmar !\u00a0Inspirerande och vackra luftballonger f\u00f6r att dekorera barnrummet - k\u00f6p h\u00e4r-\" \/>\n<meta property=\"og:url\" content=\"https:\/\/babylove.se\/no\/produkt\/luftballong-olivengronn-20-cm-filibabba\/\" \/>\n<meta property=\"og:site_name\" content=\"Babylove Norska\" \/>\n<meta property=\"article:modified_time\" content=\"2026-04-08T07:47:24+00:00\" \/>\n<meta property=\"og:image\" content=\"https:\/\/babylove.se\/no\/wp-content\/uploads\/sites\/3\/2025\/07\/5c6fdecc132aa.jpeg\" \/>\n\t<meta property=\"og:image:width\" content=\"600\" \/>\n\t<meta property=\"og:image:height\" content=\"600\" \/>\n\t<meta property=\"og:image:type\" content=\"image\/jpeg\" \/>\n<meta name=\"twitter:card\" content=\"summary_large_image\" \/>\n<meta name=\"twitter:label1\" content=\"Price\" \/>\n\t<meta name=\"twitter:data1\" content=\"499,00&nbsp;&#107;&#114;\" \/>\n\t<meta name=\"twitter:label2\" content=\"Availability\" \/>\n\t<meta name=\"twitter:data2\" content=\"Out of stock\" \/>\n<script type=\"application\/ld+json\" class=\"yoast-schema-graph\">{\"@context\":\"https:\/\/schema.org\",\"@graph\":[{\"@type\":\"WebPage\",\"@id\":\"https:\/\/babylove.se\/no\/produkt\/luftballong-olivengronn-20-cm-filibabba\/\",\"url\":\"https:\/\/babylove.se\/no\/produkt\/luftballong-olivengronn-20-cm-filibabba\/\",\"name\":\"Luftballong Olivengr\u00f8nn , 20 cm, Filibabba - Babylove Norska\",\"isPartOf\":{\"@id\":\"https:\/\/babylove.se\/no\/#website\"},\"primaryImageOfPage\":{\"@id\":\"https:\/\/babylove.se\/no\/produkt\/luftballong-olivengronn-20-cm-filibabba\/#primaryimage\"},\"image\":{\"@id\":\"https:\/\/babylove.se\/no\/produkt\/luftballong-olivengronn-20-cm-filibabba\/#primaryimage\"},\"thumbnailUrl\":\"https:\/\/babylove.se\/no\/wp-content\/uploads\/sites\/3\/2025\/07\/5c6fdecc132aa.jpeg\",\"datePublished\":\"2025-07-18T20:15:36+00:00\",\"dateModified\":\"2026-04-08T07:47:24+00:00\",\"description\":\"Luftballong Gr\u00e5, 20 cm, Filibabba - skickas inom 24 timmar !\u00a0Inspirerande och vackra luftballonger f\u00f6r att dekorera barnrummet - k\u00f6p h\u00e4r-\",\"breadcrumb\":{\"@id\":\"https:\/\/babylove.se\/no\/produkt\/luftballong-olivengronn-20-cm-filibabba\/#breadcrumb\"},\"inLanguage\":\"nb-NO\",\"potentialAction\":[{\"@type\":\"ReadAction\",\"target\":[\"https:\/\/babylove.se\/no\/produkt\/luftballong-olivengronn-20-cm-filibabba\/\"]}]},{\"@type\":\"ImageObject\",\"inLanguage\":\"nb-NO\",\"@id\":\"https:\/\/babylove.se\/no\/produkt\/luftballong-olivengronn-20-cm-filibabba\/#primaryimage\",\"url\":\"https:\/\/babylove.se\/no\/wp-content\/uploads\/sites\/3\/2025\/07\/5c6fdecc132aa.jpeg\",\"contentUrl\":\"https:\/\/babylove.se\/no\/wp-content\/uploads\/sites\/3\/2025\/07\/5c6fdecc132aa.jpeg\",\"width\":600,\"height\":600},{\"@type\":\"BreadcrumbList\",\"@id\":\"https:\/\/babylove.se\/no\/produkt\/luftballong-olivengronn-20-cm-filibabba\/#breadcrumb\",\"itemListElement\":[{\"@type\":\"ListItem\",\"position\":1,\"name\":\"Hem\",\"item\":\"https:\/\/babylove.se\/no\/\"},{\"@type\":\"ListItem\",\"position\":2,\"name\":\"Butik\",\"item\":\"https:\/\/babylove.se\/no\/butik\/\"},{\"@type\":\"ListItem\",\"position\":3,\"name\":\"Luftballong Olivengr\u00f8nn , 20 cm, Filibabba\"}]},{\"@type\":\"WebSite\",\"@id\":\"https:\/\/babylove.se\/no\/#website\",\"url\":\"https:\/\/babylove.se\/no\/\",\"name\":\"Babylove Norska\",\"description\":\"\",\"potentialAction\":[{\"@type\":\"SearchAction\",\"target\":{\"@type\":\"EntryPoint\",\"urlTemplate\":\"https:\/\/babylove.se\/no\/?s={search_term_string}\"},\"query-input\":{\"@type\":\"PropertyValueSpecification\",\"valueRequired\":true,\"valueName\":\"search_term_string\"}}],\"inLanguage\":\"nb-NO\"}]}<\/script>\n<meta property=\"product:brand\" content=\"Filibabba\" \/>\n<meta property=\"product:price:amount\" content=\"499.00\" \/>\n<meta property=\"product:price:currency\" content=\"SEK\" \/>\n<meta property=\"og:availability\" content=\"out of stock\" \/>\n<meta property=\"product:availability\" content=\"out of stock\" \/>\n<meta property=\"product:retailer_item_id\" content=\"FI-20G039\" \/>\n<meta property=\"product:condition\" content=\"new\" \/>\n<!-- \/ Yoast SEO Premium plugin. -->","yoast_head_json":{"title":"Luftballong Olivengr\u00f8nn , 20 cm, Filibabba - Babylove Norska","description":"Luftballong Gr\u00e5, 20 cm, Filibabba - skickas inom 24 timmar !\u00a0Inspirerande och vackra luftballonger f\u00f6r att dekorera barnrummet - k\u00f6p h\u00e4r-","robots":{"index":"noindex","follow":"follow","max-snippet":"max-snippet:-1","max-image-preview":"max-image-preview:large","max-video-preview":"max-video-preview:-1"},"og_locale":"nb_NO","og_type":"article","og_title":"Luftballong Olivengr\u00f8nn , 20 cm, Filibabba","og_description":"Luftballong Gr\u00e5, 20 cm, Filibabba - skickas inom 24 timmar !\u00a0Inspirerande och vackra luftballonger f\u00f6r att dekorera barnrummet - k\u00f6p h\u00e4r-","og_url":"https:\/\/babylove.se\/no\/produkt\/luftballong-olivengronn-20-cm-filibabba\/","og_site_name":"Babylove Norska","article_modified_time":"2026-04-08T07:47:24+00:00","og_image":[{"width":600,"height":600,"url":"https:\/\/babylove.se\/no\/wp-content\/uploads\/sites\/3\/2025\/07\/5c6fdecc132aa.jpeg","type":"image\/jpeg"}],"twitter_card":"summary_large_image","twitter_misc":{"Price":"499,00&nbsp;&#107;&#114;","Availability":"Out of stock"},"schema":{"@context":"https:\/\/schema.org","@graph":[{"@type":"WebPage","@id":"https:\/\/babylove.se\/no\/produkt\/luftballong-olivengronn-20-cm-filibabba\/","url":"https:\/\/babylove.se\/no\/produkt\/luftballong-olivengronn-20-cm-filibabba\/","name":"Luftballong Olivengr\u00f8nn , 20 cm, Filibabba - Babylove Norska","isPartOf":{"@id":"https:\/\/babylove.se\/no\/#website"},"primaryImageOfPage":{"@id":"https:\/\/babylove.se\/no\/produkt\/luftballong-olivengronn-20-cm-filibabba\/#primaryimage"},"image":{"@id":"https:\/\/babylove.se\/no\/produkt\/luftballong-olivengronn-20-cm-filibabba\/#primaryimage"},"thumbnailUrl":"https:\/\/babylove.se\/no\/wp-content\/uploads\/sites\/3\/2025\/07\/5c6fdecc132aa.jpeg","datePublished":"2025-07-18T20:15:36+00:00","dateModified":"2026-04-08T07:47:24+00:00","description":"Luftballong Gr\u00e5, 20 cm, Filibabba - skickas inom 24 timmar !\u00a0Inspirerande och vackra luftballonger f\u00f6r att dekorera barnrummet - k\u00f6p h\u00e4r-","breadcrumb":{"@id":"https:\/\/babylove.se\/no\/produkt\/luftballong-olivengronn-20-cm-filibabba\/#breadcrumb"},"inLanguage":"nb-NO","potentialAction":[{"@type":"ReadAction","target":["https:\/\/babylove.se\/no\/produkt\/luftballong-olivengronn-20-cm-filibabba\/"]}]},{"@type":"ImageObject","inLanguage":"nb-NO","@id":"https:\/\/babylove.se\/no\/produkt\/luftballong-olivengronn-20-cm-filibabba\/#primaryimage","url":"https:\/\/babylove.se\/no\/wp-content\/uploads\/sites\/3\/2025\/07\/5c6fdecc132aa.jpeg","contentUrl":"https:\/\/babylove.se\/no\/wp-content\/uploads\/sites\/3\/2025\/07\/5c6fdecc132aa.jpeg","width":600,"height":600},{"@type":"BreadcrumbList","@id":"https:\/\/babylove.se\/no\/produkt\/luftballong-olivengronn-20-cm-filibabba\/#breadcrumb","itemListElement":[{"@type":"ListItem","position":1,"name":"Hem","item":"https:\/\/babylove.se\/no\/"},{"@type":"ListItem","position":2,"name":"Butik","item":"https:\/\/babylove.se\/no\/butik\/"},{"@type":"ListItem","position":3,"name":"Luftballong Olivengr\u00f8nn , 20 cm, Filibabba"}]},{"@type":"WebSite","@id":"https:\/\/babylove.se\/no\/#website","url":"https:\/\/babylove.se\/no\/","name":"Babylove Norska","description":"","potentialAction":[{"@type":"SearchAction","target":{"@type":"EntryPoint","urlTemplate":"https:\/\/babylove.se\/no\/?s={search_term_string}"},"query-input":{"@type":"PropertyValueSpecification","valueRequired":true,"valueName":"search_term_string"}}],"inLanguage":"nb-NO"}]},"product_brand":"Filibabba","product_price_amount":"499.00","product_price_currency":"SEK","og_availability":"out of stock","product_availability":"out of stock","product_retailer_item_id":"FI-20G039","product_condition":"new"},"_links":{"self":[{"href":"https:\/\/babylove.se\/no\/wp-json\/wp\/v2\/product\/11314","targetHints":{"allow":["GET"]}}],"collection":[{"href":"https:\/\/babylove.se\/no\/wp-json\/wp\/v2\/product"}],"about":[{"href":"https:\/\/babylove.se\/no\/wp-json\/wp\/v2\/types\/product"}],"replies":[{"embeddable":true,"href":"https:\/\/babylove.se\/no\/wp-json\/wp\/v2\/comments?post=11314"}],"wp:featuredmedia":[{"embeddable":true,"href":"https:\/\/babylove.se\/no\/wp-json\/wp\/v2\/media\/11316"}],"wp:attachment":[{"href":"https:\/\/babylove.se\/no\/wp-json\/wp\/v2\/media?parent=11314"}],"wp:term":[{"taxonomy":"product_brand","embeddable":true,"href":"https:\/\/babylove.se\/no\/wp-json\/wp\/v2\/product_brand?post=11314"},{"taxonomy":"product_cat","embeddable":true,"href":"https:\/\/babylove.se\/no\/wp-json\/wp\/v2\/product_cat?post=11314"},{"taxonomy":"product_tag","embeddable":true,"href":"https:\/\/babylove.se\/no\/wp-json\/wp\/v2\/product_tag?post=11314"}],"curies":[{"name":"wp","href":"https:\/\/api.w.org\/{rel}","templated":true}]}}