{"id":1135,"date":"2025-07-18T20:00:07","date_gmt":"2025-07-18T19:00:07","guid":{"rendered":"https:\/\/babylove.se\/produkt\/kanin-stol-vit1\/"},"modified":"2026-04-08T07:39:37","modified_gmt":"2026-04-08T06:39:37","slug":"kanin-stol-hvit1","status":"publish","type":"product","link":"https:\/\/babylove.se\/no\/produkt\/kanin-stol-hvit1\/","title":{"rendered":"Sett med to kanintoler for st\u00f8rre barn, hvit"},"content":{"rendered":"<p><strong>Sett med to kaninstoler for st\u00f8rre barn, hvit<\/strong><\/p>\n<p>Et eksepsjonelt sett med to mintstoler med formen av en<span>&nbsp;<\/span><strong>kanin&nbsp;<\/strong>som gir en fantastisk sjarm til barnerommet.&nbsp;<\/p>\n<p>Stolene<span>&nbsp;<\/span>kan selvsagt brukes ogs\u00e5 til barnebordet, men er samtidig en fin interi\u00f8rdetalj. En stabil og sterk konstruksjon som samtidig er komfortabel for barnet.&nbsp;<\/p>\n<p>Stolene<span>&nbsp;<\/span>finnes i tre farger, hvit, rosa, mint men har du \u00f8nsker om en helt egen farge, kontakt oss s\u00e5 kommer vi tilbake med pris.&nbsp;<\/p>\n<p><strong>Materiale<\/strong>: M\u00f8blene er helt laget av furutre og fyller alle krav til gode barnem\u00f8bler av ekte tre.&nbsp;<\/p>\n<p>M\u00f8blene er helt laget for h\u00e5nd og vi vil derfor p\u00e5peke at utseendet p\u00e5 m\u00f8blene er mer robust enn fabrikktilverkede. Kvister og struktur kan synes gjennom fargen. Dette gir m\u00f8blene en unik karakter. Bena er limt og ikke skrudd.<\/p>\n<p><strong>M\u00e5l<\/strong>: H\u00f8yde 60 cm, setets bredde 30 cm.&nbsp;<\/p>\n<p><u>M\u00f8blene er tilpasset for de litt st\u00f8rre barna, mellom 2,5 -6 &nbsp;\u00e5rs alder. Babylove.se har ogs\u00e5 en annen type kaninstoler som passer de noe mindre barna, fra 1 &#8211; 4 &nbsp;\u00e5rs alder.<\/u><\/p>\n<p>Viktig! Dette produktet produseres kun ved bestilling og derfor blir leveringstiden ca 10 arbeidsdager<\/p>\n<p><\/p>\n","protected":false},"excerpt":{"rendered":"<p>Sett med to kaninstoler for st\u00f8rre barn, hvit Et eksepsjonelt sett med to mintstoler med formen av en&nbsp;kanin&nbsp;som gir en fantastisk sjarm til barnerommet.&nbsp; Stolene&nbsp;kan selvsagt brukes ogs\u00e5 til barnebordet, men er samtidig en fin interi\u00f8rdetalj. En stabil og sterk konstruksjon som samtidig er komfortabel for barnet.&nbsp; Stolene&nbsp;finnes i tre farger, hvit, rosa, mint men [&hellip;]<\/p>\n","protected":false},"featured_media":1137,"comment_status":"closed","ping_status":"open","template":"","meta":{"_acf_changed":false},"product_brand":[22],"product_cat":[79],"product_tag":[],"class_list":{"0":"post-1135","1":"product","2":"type-product","3":"status-publish","4":"has-post-thumbnail","6":"product_brand-babylove","7":"product_cat-barnemobler","9":"first","10":"outofstock","11":"taxable","12":"shipping-taxable","13":"purchasable","14":"product-type-simple"},"acf":[],"yoast_head":"<!-- This site is optimized with the Yoast SEO Premium plugin v25.8 (Yoast SEO v27.2) - https:\/\/yoast.com\/product\/yoast-seo-premium-wordpress\/ -->\n<title>K\u00f6p set av tv\u00e5 vita kaninstolar- barnstolar f\u00f6r st\u00f6rre barn<\/title>\n<meta name=\"description\" content=\"Charmig stol med formen av en kanin som passar perfekt till barnrummet. Stolen \u00e4r helt gjord av pinjetr\u00e4 och fyller alla krav p\u00e5 en bra barnstol. K\u00f6p h\u00e4r!\" \/>\n<meta name=\"robots\" content=\"noindex, follow, max-snippet:-1, max-image-preview:large, max-video-preview:-1\" \/>\n<meta property=\"og:locale\" content=\"nb_NO\" \/>\n<meta property=\"og:type\" content=\"article\" \/>\n<meta property=\"og:title\" content=\"Sett med to kanintoler for st\u00f8rre barn, hvit\" \/>\n<meta property=\"og:description\" content=\"Charmig stol med formen av en kanin som passar perfekt till barnrummet. Stolen \u00e4r helt gjord av pinjetr\u00e4 och fyller alla krav p\u00e5 en bra barnstol. K\u00f6p h\u00e4r!\" \/>\n<meta property=\"og:url\" content=\"https:\/\/babylove.se\/no\/produkt\/kanin-stol-hvit1\/\" \/>\n<meta property=\"og:site_name\" content=\"Babylove Norska\" \/>\n<meta property=\"article:modified_time\" content=\"2026-04-08T06:39:37+00:00\" \/>\n<meta property=\"og:image\" content=\"https:\/\/babylove.se\/no\/wp-content\/uploads\/sites\/3\/2025\/07\/5757d1317efec.jpeg\" \/>\n\t<meta property=\"og:image:width\" content=\"397\" \/>\n\t<meta property=\"og:image:height\" content=\"640\" \/>\n\t<meta property=\"og:image:type\" content=\"image\/jpeg\" \/>\n<meta name=\"twitter:card\" content=\"summary_large_image\" \/>\n<meta name=\"twitter:label1\" content=\"Price\" \/>\n\t<meta name=\"twitter:data1\" content=\"1 599,00&nbsp;&#107;&#114;\" \/>\n\t<meta name=\"twitter:label2\" content=\"Availability\" \/>\n\t<meta name=\"twitter:data2\" content=\"Out of stock\" \/>\n<script type=\"application\/ld+json\" class=\"yoast-schema-graph\">{\"@context\":\"https:\/\/schema.org\",\"@graph\":[{\"@type\":\"WebPage\",\"@id\":\"https:\/\/babylove.se\/no\/produkt\/kanin-stol-hvit1\/\",\"url\":\"https:\/\/babylove.se\/no\/produkt\/kanin-stol-hvit1\/\",\"name\":\"K\u00f6p set av tv\u00e5 vita kaninstolar- barnstolar f\u00f6r st\u00f6rre barn\",\"isPartOf\":{\"@id\":\"https:\/\/babylove.se\/no\/#website\"},\"primaryImageOfPage\":{\"@id\":\"https:\/\/babylove.se\/no\/produkt\/kanin-stol-hvit1\/#primaryimage\"},\"image\":{\"@id\":\"https:\/\/babylove.se\/no\/produkt\/kanin-stol-hvit1\/#primaryimage\"},\"thumbnailUrl\":\"https:\/\/babylove.se\/no\/wp-content\/uploads\/sites\/3\/2025\/07\/5757d1317efec.jpeg\",\"datePublished\":\"2025-07-18T19:00:07+00:00\",\"dateModified\":\"2026-04-08T06:39:37+00:00\",\"description\":\"Charmig stol med formen av en kanin som passar perfekt till barnrummet. Stolen \u00e4r helt gjord av pinjetr\u00e4 och fyller alla krav p\u00e5 en bra barnstol. K\u00f6p h\u00e4r!\",\"breadcrumb\":{\"@id\":\"https:\/\/babylove.se\/no\/produkt\/kanin-stol-hvit1\/#breadcrumb\"},\"inLanguage\":\"nb-NO\",\"potentialAction\":[{\"@type\":\"ReadAction\",\"target\":[\"https:\/\/babylove.se\/no\/produkt\/kanin-stol-hvit1\/\"]}]},{\"@type\":\"ImageObject\",\"inLanguage\":\"nb-NO\",\"@id\":\"https:\/\/babylove.se\/no\/produkt\/kanin-stol-hvit1\/#primaryimage\",\"url\":\"https:\/\/babylove.se\/no\/wp-content\/uploads\/sites\/3\/2025\/07\/5757d1317efec.jpeg\",\"contentUrl\":\"https:\/\/babylove.se\/no\/wp-content\/uploads\/sites\/3\/2025\/07\/5757d1317efec.jpeg\",\"width\":397,\"height\":640},{\"@type\":\"BreadcrumbList\",\"@id\":\"https:\/\/babylove.se\/no\/produkt\/kanin-stol-hvit1\/#breadcrumb\",\"itemListElement\":[{\"@type\":\"ListItem\",\"position\":1,\"name\":\"Hem\",\"item\":\"https:\/\/babylove.se\/no\/\"},{\"@type\":\"ListItem\",\"position\":2,\"name\":\"Butik\",\"item\":\"https:\/\/babylove.se\/no\/butik\/\"},{\"@type\":\"ListItem\",\"position\":3,\"name\":\"Sett med to kanintoler for st\u00f8rre barn, hvit\"}]},{\"@type\":\"WebSite\",\"@id\":\"https:\/\/babylove.se\/no\/#website\",\"url\":\"https:\/\/babylove.se\/no\/\",\"name\":\"Babylove Norska\",\"description\":\"\",\"potentialAction\":[{\"@type\":\"SearchAction\",\"target\":{\"@type\":\"EntryPoint\",\"urlTemplate\":\"https:\/\/babylove.se\/no\/?s={search_term_string}\"},\"query-input\":{\"@type\":\"PropertyValueSpecification\",\"valueRequired\":true,\"valueName\":\"search_term_string\"}}],\"inLanguage\":\"nb-NO\"}]}<\/script>\n<meta property=\"product:brand\" content=\"Babylove\" \/>\n<meta property=\"product:price:amount\" content=\"1599.00\" \/>\n<meta property=\"product:price:currency\" content=\"SEK\" \/>\n<meta property=\"og:availability\" content=\"out of stock\" \/>\n<meta property=\"product:availability\" content=\"out of stock\" \/>\n<meta property=\"product:retailer_item_id\" content=\"595\" \/>\n<meta property=\"product:condition\" content=\"new\" \/>\n<!-- \/ Yoast SEO Premium plugin. -->","yoast_head_json":{"title":"K\u00f6p set av tv\u00e5 vita kaninstolar- barnstolar f\u00f6r st\u00f6rre barn","description":"Charmig stol med formen av en kanin som passar perfekt till barnrummet. Stolen \u00e4r helt gjord av pinjetr\u00e4 och fyller alla krav p\u00e5 en bra barnstol. K\u00f6p h\u00e4r!","robots":{"index":"noindex","follow":"follow","max-snippet":"max-snippet:-1","max-image-preview":"max-image-preview:large","max-video-preview":"max-video-preview:-1"},"og_locale":"nb_NO","og_type":"article","og_title":"Sett med to kanintoler for st\u00f8rre barn, hvit","og_description":"Charmig stol med formen av en kanin som passar perfekt till barnrummet. Stolen \u00e4r helt gjord av pinjetr\u00e4 och fyller alla krav p\u00e5 en bra barnstol. K\u00f6p h\u00e4r!","og_url":"https:\/\/babylove.se\/no\/produkt\/kanin-stol-hvit1\/","og_site_name":"Babylove Norska","article_modified_time":"2026-04-08T06:39:37+00:00","og_image":[{"width":397,"height":640,"url":"https:\/\/babylove.se\/no\/wp-content\/uploads\/sites\/3\/2025\/07\/5757d1317efec.jpeg","type":"image\/jpeg"}],"twitter_card":"summary_large_image","twitter_misc":{"Price":"1 599,00&nbsp;&#107;&#114;","Availability":"Out of stock"},"schema":{"@context":"https:\/\/schema.org","@graph":[{"@type":"WebPage","@id":"https:\/\/babylove.se\/no\/produkt\/kanin-stol-hvit1\/","url":"https:\/\/babylove.se\/no\/produkt\/kanin-stol-hvit1\/","name":"K\u00f6p set av tv\u00e5 vita kaninstolar- barnstolar f\u00f6r st\u00f6rre barn","isPartOf":{"@id":"https:\/\/babylove.se\/no\/#website"},"primaryImageOfPage":{"@id":"https:\/\/babylove.se\/no\/produkt\/kanin-stol-hvit1\/#primaryimage"},"image":{"@id":"https:\/\/babylove.se\/no\/produkt\/kanin-stol-hvit1\/#primaryimage"},"thumbnailUrl":"https:\/\/babylove.se\/no\/wp-content\/uploads\/sites\/3\/2025\/07\/5757d1317efec.jpeg","datePublished":"2025-07-18T19:00:07+00:00","dateModified":"2026-04-08T06:39:37+00:00","description":"Charmig stol med formen av en kanin som passar perfekt till barnrummet. Stolen \u00e4r helt gjord av pinjetr\u00e4 och fyller alla krav p\u00e5 en bra barnstol. K\u00f6p h\u00e4r!","breadcrumb":{"@id":"https:\/\/babylove.se\/no\/produkt\/kanin-stol-hvit1\/#breadcrumb"},"inLanguage":"nb-NO","potentialAction":[{"@type":"ReadAction","target":["https:\/\/babylove.se\/no\/produkt\/kanin-stol-hvit1\/"]}]},{"@type":"ImageObject","inLanguage":"nb-NO","@id":"https:\/\/babylove.se\/no\/produkt\/kanin-stol-hvit1\/#primaryimage","url":"https:\/\/babylove.se\/no\/wp-content\/uploads\/sites\/3\/2025\/07\/5757d1317efec.jpeg","contentUrl":"https:\/\/babylove.se\/no\/wp-content\/uploads\/sites\/3\/2025\/07\/5757d1317efec.jpeg","width":397,"height":640},{"@type":"BreadcrumbList","@id":"https:\/\/babylove.se\/no\/produkt\/kanin-stol-hvit1\/#breadcrumb","itemListElement":[{"@type":"ListItem","position":1,"name":"Hem","item":"https:\/\/babylove.se\/no\/"},{"@type":"ListItem","position":2,"name":"Butik","item":"https:\/\/babylove.se\/no\/butik\/"},{"@type":"ListItem","position":3,"name":"Sett med to kanintoler for st\u00f8rre barn, hvit"}]},{"@type":"WebSite","@id":"https:\/\/babylove.se\/no\/#website","url":"https:\/\/babylove.se\/no\/","name":"Babylove Norska","description":"","potentialAction":[{"@type":"SearchAction","target":{"@type":"EntryPoint","urlTemplate":"https:\/\/babylove.se\/no\/?s={search_term_string}"},"query-input":{"@type":"PropertyValueSpecification","valueRequired":true,"valueName":"search_term_string"}}],"inLanguage":"nb-NO"}]},"product_brand":"Babylove","product_price_amount":"1599.00","product_price_currency":"SEK","og_availability":"out of stock","product_availability":"out of stock","product_retailer_item_id":"595","product_condition":"new"},"_links":{"self":[{"href":"https:\/\/babylove.se\/no\/wp-json\/wp\/v2\/product\/1135","targetHints":{"allow":["GET"]}}],"collection":[{"href":"https:\/\/babylove.se\/no\/wp-json\/wp\/v2\/product"}],"about":[{"href":"https:\/\/babylove.se\/no\/wp-json\/wp\/v2\/types\/product"}],"replies":[{"embeddable":true,"href":"https:\/\/babylove.se\/no\/wp-json\/wp\/v2\/comments?post=1135"}],"wp:featuredmedia":[{"embeddable":true,"href":"https:\/\/babylove.se\/no\/wp-json\/wp\/v2\/media\/1137"}],"wp:attachment":[{"href":"https:\/\/babylove.se\/no\/wp-json\/wp\/v2\/media?parent=1135"}],"wp:term":[{"taxonomy":"product_brand","embeddable":true,"href":"https:\/\/babylove.se\/no\/wp-json\/wp\/v2\/product_brand?post=1135"},{"taxonomy":"product_cat","embeddable":true,"href":"https:\/\/babylove.se\/no\/wp-json\/wp\/v2\/product_cat?post=1135"},{"taxonomy":"product_tag","embeddable":true,"href":"https:\/\/babylove.se\/no\/wp-json\/wp\/v2\/product_tag?post=1135"}],"curies":[{"name":"wp","href":"https:\/\/api.w.org\/{rel}","templated":true}]}}