{"id":11371,"date":"2025-07-18T21:16:00","date_gmt":"2025-07-18T20:16:00","guid":{"rendered":"https:\/\/babylove.se\/produkt\/rosa-pioner-vaggklistermarken-vaggdekoration-l\/"},"modified":"2026-04-08T08:47:59","modified_gmt":"2026-04-08T07:47:59","slug":"rosa-pioner-veggklistremerker-veggdekorasjon-l","status":"publish","type":"product","link":"https:\/\/babylove.se\/no\/produkt\/rosa-pioner-veggklistremerker-veggdekorasjon-l\/","title":{"rendered":"Rosa peoner veggklistremerker, veggdekorasjon L"},"content":{"rendered":"<p>Et vakkert sett med veggklistremerker i form av vakre rosa pioner.<\/p>\n<p>Med disse kan du dekorere barnets rom med vakre blomster og skape masse magi p\u00e5 enkleste m\u00e5te!<\/p>\n<p>Veggklistremerker i et barnerom er en enkel m\u00e5te \u00e5 dekorere din favorittmyskrok eller et kjedelig omr\u00e5de ved siden av en seng eller et skrivebord.<\/p>\n<ul>\n<li>Trykt med blekk trygt for barn p\u00e5 matt h\u00f8ykvalitetsfolie<\/li>\n<li>Selvklebende &#8211; har et lag med lim<\/li>\n<li>Du setter blomstene selv i din egen komposisjon<\/li>\n<li>De kan enkelt rengj\u00f8res med en svamp eller en klut<\/li>\n<li>Har meget levende og deilige farger<\/li>\n<li>Det er 8 blomster samt 8 kvister i settet<\/li>\n<\/ul>\n<p><em>OBS! S\u00f8rg for at overflaten er t\u00f8rr og avfettet f\u00f8r du setter opp veggklistremerket. Fungerer ikke p\u00e5 ujevne vegger\/overflater. Klistremerkene er heller ikke egnet for vegger med en grov overflate eller hvis de er malt med lateksfarger eller tapetsert. Veggklistremerkene m\u00e5 v\u00e6re flate og ofte ligge og rettes ut minst 24 timer etter man har tatt dem ut fra emballasjen f\u00f8r man kan sette dem opp p\u00e5 veggen.<\/em><\/p>\n<p>Designer: <a href=\"https:\/\/babylove.se\/varumarken\/babylove\">Babylove<\/a><\/p>\n","protected":false},"excerpt":{"rendered":"<p>Et vakkert sett med veggklistremerker i form av vakre rosa pioner. Med disse kan du dekorere barnets rom med vakre blomster og skape masse magi p\u00e5 enkleste m\u00e5te! Veggklistremerker i et barnerom er en enkel m\u00e5te \u00e5 dekorere din favorittmyskrok eller et kjedelig omr\u00e5de ved siden av en seng eller et skrivebord. Trykt med blekk [&hellip;]<\/p>\n","protected":false},"featured_media":11373,"comment_status":"closed","ping_status":"open","template":"","meta":{"_acf_changed":false},"product_brand":[22],"product_cat":[84,199,48,29,24],"product_tag":[],"class_list":{"0":"post-11371","1":"product","2":"type-product","3":"status-publish","4":"has-post-thumbnail","6":"product_brand-babylove","7":"product_cat-babylove","8":"product_cat-blomstrete","9":"product_cat-startside","10":"product_cat-veggdekorasjoner","11":"product_cat-veggklistremerker","13":"first","14":"outofstock","15":"taxable","16":"shipping-taxable","17":"purchasable","18":"product-type-simple"},"acf":[],"yoast_head":"<!-- This site is optimized with the Yoast SEO Premium plugin v25.8 (Yoast SEO v27.2) - https:\/\/yoast.com\/product\/yoast-seo-premium-wordpress\/ -->\n<title>Rosa peoner veggklistremerker, veggdekorasjon L - Babylove Norska<\/title>\n<meta name=\"robots\" content=\"noindex, follow, max-snippet:-1, max-image-preview:large, max-video-preview:-1\" \/>\n<meta property=\"og:locale\" content=\"nb_NO\" \/>\n<meta property=\"og:type\" content=\"article\" \/>\n<meta property=\"og:title\" content=\"Rosa peoner veggklistremerker, veggdekorasjon L\" \/>\n<meta property=\"og:description\" content=\"Et vakkert sett med veggklistremerker i form av vakre rosa pioner. Med disse kan du dekorere barnets rom med vakre blomster og skape masse magi p\u00e5 enkleste m\u00e5te! Veggklistremerker i et barnerom er en enkel m\u00e5te \u00e5 dekorere din favorittmyskrok eller et kjedelig omr\u00e5de ved siden av en seng eller et skrivebord. Trykt med blekk [&hellip;]\" \/>\n<meta property=\"og:url\" content=\"https:\/\/babylove.se\/no\/produkt\/rosa-pioner-veggklistremerker-veggdekorasjon-l\/\" \/>\n<meta property=\"og:site_name\" content=\"Babylove Norska\" \/>\n<meta property=\"article:modified_time\" content=\"2026-04-08T07:47:59+00:00\" \/>\n<meta property=\"og:image\" content=\"https:\/\/babylove.se\/no\/wp-content\/uploads\/sites\/3\/2025\/07\/5c77b9e79e0ea.png\" \/>\n\t<meta property=\"og:image:width\" content=\"750\" \/>\n\t<meta property=\"og:image:height\" content=\"599\" \/>\n\t<meta property=\"og:image:type\" content=\"image\/png\" \/>\n<meta name=\"twitter:card\" content=\"summary_large_image\" \/>\n<meta name=\"twitter:label1\" content=\"Price\" \/>\n\t<meta name=\"twitter:data1\" content=\"599,00&nbsp;&#107;&#114;\" \/>\n\t<meta name=\"twitter:label2\" content=\"Availability\" \/>\n\t<meta name=\"twitter:data2\" content=\"Out of stock\" \/>\n<script type=\"application\/ld+json\" class=\"yoast-schema-graph\">{\"@context\":\"https:\/\/schema.org\",\"@graph\":[{\"@type\":\"WebPage\",\"@id\":\"https:\/\/babylove.se\/no\/produkt\/rosa-pioner-veggklistremerker-veggdekorasjon-l\/\",\"url\":\"https:\/\/babylove.se\/no\/produkt\/rosa-pioner-veggklistremerker-veggdekorasjon-l\/\",\"name\":\"Rosa peoner veggklistremerker, veggdekorasjon L - Babylove Norska\",\"isPartOf\":{\"@id\":\"https:\/\/babylove.se\/no\/#website\"},\"primaryImageOfPage\":{\"@id\":\"https:\/\/babylove.se\/no\/produkt\/rosa-pioner-veggklistremerker-veggdekorasjon-l\/#primaryimage\"},\"image\":{\"@id\":\"https:\/\/babylove.se\/no\/produkt\/rosa-pioner-veggklistremerker-veggdekorasjon-l\/#primaryimage\"},\"thumbnailUrl\":\"https:\/\/babylove.se\/no\/wp-content\/uploads\/sites\/3\/2025\/07\/5c77b9e79e0ea.png\",\"datePublished\":\"2025-07-18T20:16:00+00:00\",\"dateModified\":\"2026-04-08T07:47:59+00:00\",\"breadcrumb\":{\"@id\":\"https:\/\/babylove.se\/no\/produkt\/rosa-pioner-veggklistremerker-veggdekorasjon-l\/#breadcrumb\"},\"inLanguage\":\"nb-NO\",\"potentialAction\":[{\"@type\":\"ReadAction\",\"target\":[\"https:\/\/babylove.se\/no\/produkt\/rosa-pioner-veggklistremerker-veggdekorasjon-l\/\"]}]},{\"@type\":\"ImageObject\",\"inLanguage\":\"nb-NO\",\"@id\":\"https:\/\/babylove.se\/no\/produkt\/rosa-pioner-veggklistremerker-veggdekorasjon-l\/#primaryimage\",\"url\":\"https:\/\/babylove.se\/no\/wp-content\/uploads\/sites\/3\/2025\/07\/5c77b9e79e0ea.png\",\"contentUrl\":\"https:\/\/babylove.se\/no\/wp-content\/uploads\/sites\/3\/2025\/07\/5c77b9e79e0ea.png\",\"width\":750,\"height\":599},{\"@type\":\"BreadcrumbList\",\"@id\":\"https:\/\/babylove.se\/no\/produkt\/rosa-pioner-veggklistremerker-veggdekorasjon-l\/#breadcrumb\",\"itemListElement\":[{\"@type\":\"ListItem\",\"position\":1,\"name\":\"Hem\",\"item\":\"https:\/\/babylove.se\/no\/\"},{\"@type\":\"ListItem\",\"position\":2,\"name\":\"Butik\",\"item\":\"https:\/\/babylove.se\/no\/butik\/\"},{\"@type\":\"ListItem\",\"position\":3,\"name\":\"Rosa peoner veggklistremerker, veggdekorasjon L\"}]},{\"@type\":\"WebSite\",\"@id\":\"https:\/\/babylove.se\/no\/#website\",\"url\":\"https:\/\/babylove.se\/no\/\",\"name\":\"Babylove Norska\",\"description\":\"\",\"potentialAction\":[{\"@type\":\"SearchAction\",\"target\":{\"@type\":\"EntryPoint\",\"urlTemplate\":\"https:\/\/babylove.se\/no\/?s={search_term_string}\"},\"query-input\":{\"@type\":\"PropertyValueSpecification\",\"valueRequired\":true,\"valueName\":\"search_term_string\"}}],\"inLanguage\":\"nb-NO\"}]}<\/script>\n<meta property=\"product:brand\" content=\"Babylove\" \/>\n<meta property=\"product:price:amount\" content=\"599.00\" \/>\n<meta property=\"product:price:currency\" content=\"SEK\" \/>\n<meta property=\"og:availability\" content=\"out of stock\" \/>\n<meta property=\"product:availability\" content=\"out of stock\" \/>\n<meta property=\"product:retailer_item_id\" content=\"DD00001967\" \/>\n<meta property=\"product:condition\" content=\"new\" \/>\n<!-- \/ Yoast SEO Premium plugin. -->","yoast_head_json":{"title":"Rosa peoner veggklistremerker, veggdekorasjon L - Babylove Norska","robots":{"index":"noindex","follow":"follow","max-snippet":"max-snippet:-1","max-image-preview":"max-image-preview:large","max-video-preview":"max-video-preview:-1"},"og_locale":"nb_NO","og_type":"article","og_title":"Rosa peoner veggklistremerker, veggdekorasjon L","og_description":"Et vakkert sett med veggklistremerker i form av vakre rosa pioner. Med disse kan du dekorere barnets rom med vakre blomster og skape masse magi p\u00e5 enkleste m\u00e5te! Veggklistremerker i et barnerom er en enkel m\u00e5te \u00e5 dekorere din favorittmyskrok eller et kjedelig omr\u00e5de ved siden av en seng eller et skrivebord. Trykt med blekk [&hellip;]","og_url":"https:\/\/babylove.se\/no\/produkt\/rosa-pioner-veggklistremerker-veggdekorasjon-l\/","og_site_name":"Babylove Norska","article_modified_time":"2026-04-08T07:47:59+00:00","og_image":[{"width":750,"height":599,"url":"https:\/\/babylove.se\/no\/wp-content\/uploads\/sites\/3\/2025\/07\/5c77b9e79e0ea.png","type":"image\/png"}],"twitter_card":"summary_large_image","twitter_misc":{"Price":"599,00&nbsp;&#107;&#114;","Availability":"Out of stock"},"schema":{"@context":"https:\/\/schema.org","@graph":[{"@type":"WebPage","@id":"https:\/\/babylove.se\/no\/produkt\/rosa-pioner-veggklistremerker-veggdekorasjon-l\/","url":"https:\/\/babylove.se\/no\/produkt\/rosa-pioner-veggklistremerker-veggdekorasjon-l\/","name":"Rosa peoner veggklistremerker, veggdekorasjon L - Babylove Norska","isPartOf":{"@id":"https:\/\/babylove.se\/no\/#website"},"primaryImageOfPage":{"@id":"https:\/\/babylove.se\/no\/produkt\/rosa-pioner-veggklistremerker-veggdekorasjon-l\/#primaryimage"},"image":{"@id":"https:\/\/babylove.se\/no\/produkt\/rosa-pioner-veggklistremerker-veggdekorasjon-l\/#primaryimage"},"thumbnailUrl":"https:\/\/babylove.se\/no\/wp-content\/uploads\/sites\/3\/2025\/07\/5c77b9e79e0ea.png","datePublished":"2025-07-18T20:16:00+00:00","dateModified":"2026-04-08T07:47:59+00:00","breadcrumb":{"@id":"https:\/\/babylove.se\/no\/produkt\/rosa-pioner-veggklistremerker-veggdekorasjon-l\/#breadcrumb"},"inLanguage":"nb-NO","potentialAction":[{"@type":"ReadAction","target":["https:\/\/babylove.se\/no\/produkt\/rosa-pioner-veggklistremerker-veggdekorasjon-l\/"]}]},{"@type":"ImageObject","inLanguage":"nb-NO","@id":"https:\/\/babylove.se\/no\/produkt\/rosa-pioner-veggklistremerker-veggdekorasjon-l\/#primaryimage","url":"https:\/\/babylove.se\/no\/wp-content\/uploads\/sites\/3\/2025\/07\/5c77b9e79e0ea.png","contentUrl":"https:\/\/babylove.se\/no\/wp-content\/uploads\/sites\/3\/2025\/07\/5c77b9e79e0ea.png","width":750,"height":599},{"@type":"BreadcrumbList","@id":"https:\/\/babylove.se\/no\/produkt\/rosa-pioner-veggklistremerker-veggdekorasjon-l\/#breadcrumb","itemListElement":[{"@type":"ListItem","position":1,"name":"Hem","item":"https:\/\/babylove.se\/no\/"},{"@type":"ListItem","position":2,"name":"Butik","item":"https:\/\/babylove.se\/no\/butik\/"},{"@type":"ListItem","position":3,"name":"Rosa peoner veggklistremerker, veggdekorasjon L"}]},{"@type":"WebSite","@id":"https:\/\/babylove.se\/no\/#website","url":"https:\/\/babylove.se\/no\/","name":"Babylove Norska","description":"","potentialAction":[{"@type":"SearchAction","target":{"@type":"EntryPoint","urlTemplate":"https:\/\/babylove.se\/no\/?s={search_term_string}"},"query-input":{"@type":"PropertyValueSpecification","valueRequired":true,"valueName":"search_term_string"}}],"inLanguage":"nb-NO"}]},"product_brand":"Babylove","product_price_amount":"599.00","product_price_currency":"SEK","og_availability":"out of stock","product_availability":"out of stock","product_retailer_item_id":"DD00001967","product_condition":"new"},"_links":{"self":[{"href":"https:\/\/babylove.se\/no\/wp-json\/wp\/v2\/product\/11371","targetHints":{"allow":["GET"]}}],"collection":[{"href":"https:\/\/babylove.se\/no\/wp-json\/wp\/v2\/product"}],"about":[{"href":"https:\/\/babylove.se\/no\/wp-json\/wp\/v2\/types\/product"}],"replies":[{"embeddable":true,"href":"https:\/\/babylove.se\/no\/wp-json\/wp\/v2\/comments?post=11371"}],"wp:featuredmedia":[{"embeddable":true,"href":"https:\/\/babylove.se\/no\/wp-json\/wp\/v2\/media\/11373"}],"wp:attachment":[{"href":"https:\/\/babylove.se\/no\/wp-json\/wp\/v2\/media?parent=11371"}],"wp:term":[{"taxonomy":"product_brand","embeddable":true,"href":"https:\/\/babylove.se\/no\/wp-json\/wp\/v2\/product_brand?post=11371"},{"taxonomy":"product_cat","embeddable":true,"href":"https:\/\/babylove.se\/no\/wp-json\/wp\/v2\/product_cat?post=11371"},{"taxonomy":"product_tag","embeddable":true,"href":"https:\/\/babylove.se\/no\/wp-json\/wp\/v2\/product_tag?post=11371"}],"curies":[{"name":"wp","href":"https:\/\/api.w.org\/{rel}","templated":true}]}}