{"id":11377,"date":"2025-07-18T21:16:00","date_gmt":"2025-07-18T20:16:00","guid":{"rendered":"https:\/\/babylove.se\/produkt\/fjadermadrass-till-barnsang-13-cm-tjock-alba\/"},"modified":"2026-04-08T08:48:01","modified_gmt":"2026-04-08T07:48:01","slug":"fjaermadrass-til-barneseng-13-cm-tykk-alba","status":"publish","type":"product","link":"https:\/\/babylove.se\/no\/produkt\/fjaermadrass-til-barneseng-13-cm-tykk-alba\/","title":{"rendered":"Fj\u00e6rmadrass til Barneseng, Alba (ulike st\u00f8rrelser)"},"content":{"rendered":"<p>En komfortabel fj\u00e6rmadrass med behagelig fyll som passer til en barneseng eller til en husseng. Madrassen har et avtakbart overtrekk som gj\u00f8r at du enkelt kan vaske den og holde den frisk.<\/p>\n<p>Alba best\u00e5r av sammenkoblede bonellfj\u00e6rer med komfortlag av barnevennlig h\u00f8yelastisk skum p\u00e5 toppen. Den st\u00f8rste fordelen med Alba er dens por\u00f8se struktur som sikrer korrekt luftsirkulasjon, noe som betydelig forebygger sopp og mugg. Alba er ogs\u00e5 holdbar og motstandsdyktig mot deformering. Anbefales for barn som liker en behagelig vuggende f\u00f8lelse hos madrassen.<\/p>\n<p>Denne barnemadrassen fungerer perfekt til v\u00e5re kjempefine loftsenger og hussenger.<\/p>\n<p>Madrassen er semi-myk, laget for \u00e5 passe barn og s\u00f8rger for en behagelig s\u00f8vn.<\/p>\n<p><u>M\u00e5l p\u00e5 madrassen:<\/u><\/p>\n<p>Finnes i forskjellige st\u00f8rrelser. Tykkelse er cirka 11-13 cm .&nbsp;<\/p>\n<p><u>Materiale<\/u>: h\u00f8yelastisk skum og bonellfj\u00e6rer.<\/p>\n<p>Vasker\u00e5d: Overtrekk maskinvaskes p\u00e5 30\u00b0 C.<\/p>\n<p>Madrassene produseres i Europa av 100 % OEKO-TEX-sertifisert stoff. Fyllet er antiallergisk samt giftfritt og produseres av sertifisert leverand\u00f8r.<\/p>\n<p><strong>Obs!&nbsp;<\/strong><em>Da madrassen er en spesialtilvirket vare, s\u00e5 gjelder ikke angrerett.&nbsp;<\/em><\/p>\n<p><em>Dette er en barnemadrass og er laget og tilpasset for de minste. Madrassen skal ikke brukes eller testes av voksne.<\/em><\/p>\n<p><em><em>Det kan forekomme fargeav avvik p\u00e5 skuminnlegget noe som skyldes at naturbaserte ingredienser kan variere i farge.<\/em><\/em><\/p>\n","protected":false},"excerpt":{"rendered":"<p>En komfortabel fj\u00e6rmadrass med behagelig fyll som passer til en barneseng eller til en husseng. Madrassen har et avtakbart overtrekk som gj\u00f8r at du enkelt kan vaske den og holde den frisk. Alba best\u00e5r av sammenkoblede bonellfj\u00e6rer med komfortlag av barnevennlig h\u00f8yelastisk skum p\u00e5 toppen. Den st\u00f8rste fordelen med Alba er dens por\u00f8se struktur som [&hellip;]<\/p>\n","protected":false},"featured_media":11379,"comment_status":"closed","ping_status":"open","template":"","meta":{"_acf_changed":false},"product_brand":[378],"product_cat":[377,590,48],"product_tag":[1689],"class_list":{"0":"post-11377","1":"product","2":"type-product","3":"status-publish","4":"has-post-thumbnail","6":"product_brand-fdm","7":"product_cat-barnmadrasser","8":"product_cat-fdm","9":"product_cat-startside","10":"product_tag-bestillingsvaror","11":"pa_storlek-70x160","12":"pa_storlek-80x160","13":"pa_storlek-80x180","14":"pa_storlek-80x190","15":"pa_storlek-80x200","16":"pa_storlek-90x160","17":"pa_storlek-90x180","18":"pa_storlek-90x190","19":"pa_storlek-90x200","21":"first","22":"instock","23":"taxable","24":"shipping-taxable","25":"purchasable","26":"product-type-variable"},"acf":[],"yoast_head":"<!-- This site is optimized with the Yoast SEO Premium plugin v25.8 (Yoast SEO v27.2) - https:\/\/yoast.com\/product\/yoast-seo-premium-wordpress\/ -->\n<title>Fj\u00e6rmadrass til Barneseng, Alba (ulike st\u00f8rrelser) - Babylove Norska<\/title>\n<meta name=\"robots\" content=\"noindex, follow, max-snippet:-1, max-image-preview:large, max-video-preview:-1\" \/>\n<meta property=\"og:locale\" content=\"nb_NO\" \/>\n<meta property=\"og:type\" content=\"article\" \/>\n<meta property=\"og:title\" content=\"Fj\u00e6rmadrass til Barneseng, Alba (ulike st\u00f8rrelser)\" \/>\n<meta property=\"og:description\" content=\"En komfortabel fj\u00e6rmadrass med behagelig fyll som passer til en barneseng eller til en husseng. Madrassen har et avtakbart overtrekk som gj\u00f8r at du enkelt kan vaske den og holde den frisk. Alba best\u00e5r av sammenkoblede bonellfj\u00e6rer med komfortlag av barnevennlig h\u00f8yelastisk skum p\u00e5 toppen. Den st\u00f8rste fordelen med Alba er dens por\u00f8se struktur som [&hellip;]\" \/>\n<meta property=\"og:url\" content=\"https:\/\/babylove.se\/no\/produkt\/fjaermadrass-til-barneseng-13-cm-tykk-alba\/\" \/>\n<meta property=\"og:site_name\" content=\"Babylove Norska\" \/>\n<meta property=\"article:modified_time\" content=\"2026-04-08T07:48:01+00:00\" \/>\n<meta property=\"og:image\" content=\"https:\/\/babylove.se\/no\/wp-content\/uploads\/sites\/3\/2025\/07\/5c77da3eddc8a.jpeg\" \/>\n\t<meta property=\"og:image:width\" content=\"750\" \/>\n\t<meta property=\"og:image:height\" content=\"530\" \/>\n\t<meta property=\"og:image:type\" content=\"image\/jpeg\" \/>\n<meta name=\"twitter:card\" content=\"summary_large_image\" \/>\n<meta name=\"twitter:label1\" content=\"Availability\" \/>\n\t<meta name=\"twitter:data1\" content=\"In stock\" \/>\n<script type=\"application\/ld+json\" class=\"yoast-schema-graph\">{\"@context\":\"https:\/\/schema.org\",\"@graph\":[{\"@type\":\"WebPage\",\"@id\":\"https:\/\/babylove.se\/no\/produkt\/fjaermadrass-til-barneseng-13-cm-tykk-alba\/\",\"url\":\"https:\/\/babylove.se\/no\/produkt\/fjaermadrass-til-barneseng-13-cm-tykk-alba\/\",\"name\":\"Fj\u00e6rmadrass til Barneseng, Alba (ulike st\u00f8rrelser) - Babylove Norska\",\"isPartOf\":{\"@id\":\"https:\/\/babylove.se\/no\/#website\"},\"primaryImageOfPage\":{\"@id\":\"https:\/\/babylove.se\/no\/produkt\/fjaermadrass-til-barneseng-13-cm-tykk-alba\/#primaryimage\"},\"image\":{\"@id\":\"https:\/\/babylove.se\/no\/produkt\/fjaermadrass-til-barneseng-13-cm-tykk-alba\/#primaryimage\"},\"thumbnailUrl\":\"https:\/\/babylove.se\/no\/wp-content\/uploads\/sites\/3\/2025\/07\/5c77da3eddc8a.jpeg\",\"datePublished\":\"2025-07-18T20:16:00+00:00\",\"dateModified\":\"2026-04-08T07:48:01+00:00\",\"breadcrumb\":{\"@id\":\"https:\/\/babylove.se\/no\/produkt\/fjaermadrass-til-barneseng-13-cm-tykk-alba\/#breadcrumb\"},\"inLanguage\":\"nb-NO\",\"potentialAction\":[{\"@type\":\"ReadAction\",\"target\":[\"https:\/\/babylove.se\/no\/produkt\/fjaermadrass-til-barneseng-13-cm-tykk-alba\/\"]}]},{\"@type\":\"ImageObject\",\"inLanguage\":\"nb-NO\",\"@id\":\"https:\/\/babylove.se\/no\/produkt\/fjaermadrass-til-barneseng-13-cm-tykk-alba\/#primaryimage\",\"url\":\"https:\/\/babylove.se\/no\/wp-content\/uploads\/sites\/3\/2025\/07\/5c77da3eddc8a.jpeg\",\"contentUrl\":\"https:\/\/babylove.se\/no\/wp-content\/uploads\/sites\/3\/2025\/07\/5c77da3eddc8a.jpeg\",\"width\":750,\"height\":530},{\"@type\":\"BreadcrumbList\",\"@id\":\"https:\/\/babylove.se\/no\/produkt\/fjaermadrass-til-barneseng-13-cm-tykk-alba\/#breadcrumb\",\"itemListElement\":[{\"@type\":\"ListItem\",\"position\":1,\"name\":\"Hem\",\"item\":\"https:\/\/babylove.se\/no\/\"},{\"@type\":\"ListItem\",\"position\":2,\"name\":\"Butik\",\"item\":\"https:\/\/babylove.se\/no\/butik\/\"},{\"@type\":\"ListItem\",\"position\":3,\"name\":\"Fj\u00e6rmadrass til Barneseng, Alba (ulike st\u00f8rrelser)\"}]},{\"@type\":\"WebSite\",\"@id\":\"https:\/\/babylove.se\/no\/#website\",\"url\":\"https:\/\/babylove.se\/no\/\",\"name\":\"Babylove Norska\",\"description\":\"\",\"potentialAction\":[{\"@type\":\"SearchAction\",\"target\":{\"@type\":\"EntryPoint\",\"urlTemplate\":\"https:\/\/babylove.se\/no\/?s={search_term_string}\"},\"query-input\":{\"@type\":\"PropertyValueSpecification\",\"valueRequired\":true,\"valueName\":\"search_term_string\"}}],\"inLanguage\":\"nb-NO\"}]}<\/script>\n<meta property=\"product:brand\" content=\"FDM\" \/>\n<meta property=\"og:availability\" content=\"instock\" \/>\n<meta property=\"product:availability\" content=\"instock\" \/>\n<meta property=\"product:retailer_item_id\" content=\"Alba-70x160\" \/>\n<meta property=\"product:condition\" content=\"new\" \/>\n<!-- \/ Yoast SEO Premium plugin. -->","yoast_head_json":{"title":"Fj\u00e6rmadrass til Barneseng, Alba (ulike st\u00f8rrelser) - Babylove Norska","robots":{"index":"noindex","follow":"follow","max-snippet":"max-snippet:-1","max-image-preview":"max-image-preview:large","max-video-preview":"max-video-preview:-1"},"og_locale":"nb_NO","og_type":"article","og_title":"Fj\u00e6rmadrass til Barneseng, Alba (ulike st\u00f8rrelser)","og_description":"En komfortabel fj\u00e6rmadrass med behagelig fyll som passer til en barneseng eller til en husseng. Madrassen har et avtakbart overtrekk som gj\u00f8r at du enkelt kan vaske den og holde den frisk. Alba best\u00e5r av sammenkoblede bonellfj\u00e6rer med komfortlag av barnevennlig h\u00f8yelastisk skum p\u00e5 toppen. Den st\u00f8rste fordelen med Alba er dens por\u00f8se struktur som [&hellip;]","og_url":"https:\/\/babylove.se\/no\/produkt\/fjaermadrass-til-barneseng-13-cm-tykk-alba\/","og_site_name":"Babylove Norska","article_modified_time":"2026-04-08T07:48:01+00:00","og_image":[{"width":750,"height":530,"url":"https:\/\/babylove.se\/no\/wp-content\/uploads\/sites\/3\/2025\/07\/5c77da3eddc8a.jpeg","type":"image\/jpeg"}],"twitter_card":"summary_large_image","twitter_misc":{"Availability":"In stock"},"schema":{"@context":"https:\/\/schema.org","@graph":[{"@type":"WebPage","@id":"https:\/\/babylove.se\/no\/produkt\/fjaermadrass-til-barneseng-13-cm-tykk-alba\/","url":"https:\/\/babylove.se\/no\/produkt\/fjaermadrass-til-barneseng-13-cm-tykk-alba\/","name":"Fj\u00e6rmadrass til Barneseng, Alba (ulike st\u00f8rrelser) - Babylove Norska","isPartOf":{"@id":"https:\/\/babylove.se\/no\/#website"},"primaryImageOfPage":{"@id":"https:\/\/babylove.se\/no\/produkt\/fjaermadrass-til-barneseng-13-cm-tykk-alba\/#primaryimage"},"image":{"@id":"https:\/\/babylove.se\/no\/produkt\/fjaermadrass-til-barneseng-13-cm-tykk-alba\/#primaryimage"},"thumbnailUrl":"https:\/\/babylove.se\/no\/wp-content\/uploads\/sites\/3\/2025\/07\/5c77da3eddc8a.jpeg","datePublished":"2025-07-18T20:16:00+00:00","dateModified":"2026-04-08T07:48:01+00:00","breadcrumb":{"@id":"https:\/\/babylove.se\/no\/produkt\/fjaermadrass-til-barneseng-13-cm-tykk-alba\/#breadcrumb"},"inLanguage":"nb-NO","potentialAction":[{"@type":"ReadAction","target":["https:\/\/babylove.se\/no\/produkt\/fjaermadrass-til-barneseng-13-cm-tykk-alba\/"]}]},{"@type":"ImageObject","inLanguage":"nb-NO","@id":"https:\/\/babylove.se\/no\/produkt\/fjaermadrass-til-barneseng-13-cm-tykk-alba\/#primaryimage","url":"https:\/\/babylove.se\/no\/wp-content\/uploads\/sites\/3\/2025\/07\/5c77da3eddc8a.jpeg","contentUrl":"https:\/\/babylove.se\/no\/wp-content\/uploads\/sites\/3\/2025\/07\/5c77da3eddc8a.jpeg","width":750,"height":530},{"@type":"BreadcrumbList","@id":"https:\/\/babylove.se\/no\/produkt\/fjaermadrass-til-barneseng-13-cm-tykk-alba\/#breadcrumb","itemListElement":[{"@type":"ListItem","position":1,"name":"Hem","item":"https:\/\/babylove.se\/no\/"},{"@type":"ListItem","position":2,"name":"Butik","item":"https:\/\/babylove.se\/no\/butik\/"},{"@type":"ListItem","position":3,"name":"Fj\u00e6rmadrass til Barneseng, Alba (ulike st\u00f8rrelser)"}]},{"@type":"WebSite","@id":"https:\/\/babylove.se\/no\/#website","url":"https:\/\/babylove.se\/no\/","name":"Babylove Norska","description":"","potentialAction":[{"@type":"SearchAction","target":{"@type":"EntryPoint","urlTemplate":"https:\/\/babylove.se\/no\/?s={search_term_string}"},"query-input":{"@type":"PropertyValueSpecification","valueRequired":true,"valueName":"search_term_string"}}],"inLanguage":"nb-NO"}]},"product_brand":"FDM","og_availability":"instock","product_availability":"instock","product_retailer_item_id":"Alba-70x160","product_condition":"new"},"_links":{"self":[{"href":"https:\/\/babylove.se\/no\/wp-json\/wp\/v2\/product\/11377","targetHints":{"allow":["GET"]}}],"collection":[{"href":"https:\/\/babylove.se\/no\/wp-json\/wp\/v2\/product"}],"about":[{"href":"https:\/\/babylove.se\/no\/wp-json\/wp\/v2\/types\/product"}],"replies":[{"embeddable":true,"href":"https:\/\/babylove.se\/no\/wp-json\/wp\/v2\/comments?post=11377"}],"wp:featuredmedia":[{"embeddable":true,"href":"https:\/\/babylove.se\/no\/wp-json\/wp\/v2\/media\/11379"}],"wp:attachment":[{"href":"https:\/\/babylove.se\/no\/wp-json\/wp\/v2\/media?parent=11377"}],"wp:term":[{"taxonomy":"product_brand","embeddable":true,"href":"https:\/\/babylove.se\/no\/wp-json\/wp\/v2\/product_brand?post=11377"},{"taxonomy":"product_cat","embeddable":true,"href":"https:\/\/babylove.se\/no\/wp-json\/wp\/v2\/product_cat?post=11377"},{"taxonomy":"product_tag","embeddable":true,"href":"https:\/\/babylove.se\/no\/wp-json\/wp\/v2\/product_tag?post=11377"}],"curies":[{"name":"wp","href":"https:\/\/api.w.org\/{rel}","templated":true}]}}