{"id":11418,"date":"2025-07-18T21:16:29","date_gmt":"2025-07-18T20:16:29","guid":{"rendered":"https:\/\/babylove.se\/produkt\/charlotte-garderob\/"},"modified":"2026-04-08T08:48:17","modified_gmt":"2026-04-08T07:48:17","slug":"charlotte-garderobe","status":"publish","type":"product","link":"https:\/\/babylove.se\/no\/produkt\/charlotte-garderobe\/","title":{"rendered":"Charlotte, Hvitt garderobe til barnerommet"},"content":{"rendered":"<p>En riktig dr\u00f8m for barnerommet, det er garderoben Charlotte som er s\u00e5 vakker at den ogs\u00e5 passer inn i foreldrenes soverom. Garderoben er helt bygget for h\u00e5nd av massiv furu og det f\u00f8lger med masse sjarm og fine detaljer. Eller hva sier du om de fine buede trebenene, og de vakre detaljene p\u00e5 garderobsd\u00f8rene. Legg til dekorative knapper og h\u00e5ndtak i farger av aldret gull eller s\u00f8lv s\u00e5 har du skapt noe helt unikt.<\/p>\n<p>I bunnen finnes det en fin og praktisk skuff for ekstra oppbevaring.<\/p>\n<p><strong>M\u00e5l:<\/strong><\/p>\n<ul>\n<li>H\u00f8yde 200cm<\/li>\n<li>Bredde 110cm<\/li>\n<li>Dybde 55 cm&nbsp;<\/li>\n<\/ul>\n<p>Skuffen er laget av HDF plate 3mm.<\/p>\n<p>Skapet monteres enkelt sammen selv hjemme, og en god bruksanvisning f\u00f8lger selvf\u00f8lgelig med.<\/p>\n<p>Da tre er et bevegelig materiale kan det forekomme minimale sprekker som snarere gj\u00f8r m\u00f8belet enda mer rustikt og bidrar til sjarmen ytterligere. Dette er det som skiller mot m\u00f8bler laget i MDF.<\/p>\n<p>Garderoben finnes i seks klassiske farger \u2013 hvit, gr\u00e5, dusty blue, natur, lys rosa eller i dusty pink. Da garderoben kun lages p\u00e5 bestilling s\u00e5 kan de lages i andre farger ogs\u00e5 om man \u00f8nsker det. Samtlige farger som er brukt er klassifisert som barnesikre, noe som skaper trygghet.<\/p>\n<p><u>Leveringstiden er 3-5 uker fra mottak av din bestilling. OBS Denne varen leveres kun med hjemlevering som er inkludert i prisen<\/u><\/p>\n<p>Obs! Spesialtilvirket bestillingsvare. Angrerett gjelder ikke.<\/p>\n","protected":false},"excerpt":{"rendered":"<p>En riktig dr\u00f8m for barnerommet, det er garderoben Charlotte som er s\u00e5 vakker at den ogs\u00e5 passer inn i foreldrenes soverom. Garderoben er helt bygget for h\u00e5nd av massiv furu og det f\u00f8lger med masse sjarm og fine detaljer. Eller hva sier du om de fine buede trebenene, og de vakre detaljene p\u00e5 garderobsd\u00f8rene. Legg [&hellip;]<\/p>\n","protected":false},"featured_media":11420,"comment_status":"closed","ping_status":"open","template":"","meta":{"_acf_changed":false},"product_brand":[],"product_cat":[84,595,48],"product_tag":[],"class_list":{"0":"post-11418","1":"product","2":"type-product","3":"status-publish","4":"has-post-thumbnail","6":"product_cat-babylove","7":"product_cat-garderobe","8":"product_cat-startside","10":"first","11":"outofstock","12":"taxable","13":"shipping-taxable","14":"purchasable","15":"product-type-simple"},"acf":[],"yoast_head":"<!-- This site is optimized with the Yoast SEO Premium plugin v25.8 (Yoast SEO v27.2) - https:\/\/yoast.com\/product\/yoast-seo-premium-wordpress\/ -->\n<title>Charlotte, Hvitt garderobe til barnerommet - Babylove Norska<\/title>\n<meta name=\"robots\" content=\"noindex, follow, max-snippet:-1, max-image-preview:large, max-video-preview:-1\" \/>\n<meta property=\"og:locale\" content=\"nb_NO\" \/>\n<meta property=\"og:type\" content=\"article\" \/>\n<meta property=\"og:title\" content=\"Charlotte, Hvitt garderobe til barnerommet\" \/>\n<meta property=\"og:description\" content=\"En riktig dr\u00f8m for barnerommet, det er garderoben Charlotte som er s\u00e5 vakker at den ogs\u00e5 passer inn i foreldrenes soverom. Garderoben er helt bygget for h\u00e5nd av massiv furu og det f\u00f8lger med masse sjarm og fine detaljer. Eller hva sier du om de fine buede trebenene, og de vakre detaljene p\u00e5 garderobsd\u00f8rene. Legg [&hellip;]\" \/>\n<meta property=\"og:url\" content=\"https:\/\/babylove.se\/no\/produkt\/charlotte-garderobe\/\" \/>\n<meta property=\"og:site_name\" content=\"Babylove Norska\" \/>\n<meta property=\"article:modified_time\" content=\"2026-04-08T07:48:17+00:00\" \/>\n<meta property=\"og:image\" content=\"https:\/\/babylove.se\/no\/wp-content\/uploads\/sites\/3\/2025\/07\/61693b1d0d832.jpeg\" \/>\n\t<meta property=\"og:image:width\" content=\"800\" \/>\n\t<meta property=\"og:image:height\" content=\"800\" \/>\n\t<meta property=\"og:image:type\" content=\"image\/jpeg\" \/>\n<meta name=\"twitter:card\" content=\"summary_large_image\" \/>\n<meta name=\"twitter:label1\" content=\"Price\" \/>\n\t<meta name=\"twitter:data1\" content=\"14 999,00&nbsp;&#107;&#114;\" \/>\n\t<meta name=\"twitter:label2\" content=\"Availability\" \/>\n\t<meta name=\"twitter:data2\" content=\"Out of stock\" \/>\n<script type=\"application\/ld+json\" class=\"yoast-schema-graph\">{\"@context\":\"https:\/\/schema.org\",\"@graph\":[{\"@type\":\"WebPage\",\"@id\":\"https:\/\/babylove.se\/no\/produkt\/charlotte-garderobe\/\",\"url\":\"https:\/\/babylove.se\/no\/produkt\/charlotte-garderobe\/\",\"name\":\"Charlotte, Hvitt garderobe til barnerommet - Babylove Norska\",\"isPartOf\":{\"@id\":\"https:\/\/babylove.se\/no\/#website\"},\"primaryImageOfPage\":{\"@id\":\"https:\/\/babylove.se\/no\/produkt\/charlotte-garderobe\/#primaryimage\"},\"image\":{\"@id\":\"https:\/\/babylove.se\/no\/produkt\/charlotte-garderobe\/#primaryimage\"},\"thumbnailUrl\":\"https:\/\/babylove.se\/no\/wp-content\/uploads\/sites\/3\/2025\/07\/61693b1d0d832.jpeg\",\"datePublished\":\"2025-07-18T20:16:29+00:00\",\"dateModified\":\"2026-04-08T07:48:17+00:00\",\"breadcrumb\":{\"@id\":\"https:\/\/babylove.se\/no\/produkt\/charlotte-garderobe\/#breadcrumb\"},\"inLanguage\":\"nb-NO\",\"potentialAction\":[{\"@type\":\"ReadAction\",\"target\":[\"https:\/\/babylove.se\/no\/produkt\/charlotte-garderobe\/\"]}]},{\"@type\":\"ImageObject\",\"inLanguage\":\"nb-NO\",\"@id\":\"https:\/\/babylove.se\/no\/produkt\/charlotte-garderobe\/#primaryimage\",\"url\":\"https:\/\/babylove.se\/no\/wp-content\/uploads\/sites\/3\/2025\/07\/61693b1d0d832.jpeg\",\"contentUrl\":\"https:\/\/babylove.se\/no\/wp-content\/uploads\/sites\/3\/2025\/07\/61693b1d0d832.jpeg\",\"width\":800,\"height\":800},{\"@type\":\"BreadcrumbList\",\"@id\":\"https:\/\/babylove.se\/no\/produkt\/charlotte-garderobe\/#breadcrumb\",\"itemListElement\":[{\"@type\":\"ListItem\",\"position\":1,\"name\":\"Hem\",\"item\":\"https:\/\/babylove.se\/no\/\"},{\"@type\":\"ListItem\",\"position\":2,\"name\":\"Butik\",\"item\":\"https:\/\/babylove.se\/no\/butik\/\"},{\"@type\":\"ListItem\",\"position\":3,\"name\":\"Charlotte, Hvitt garderobe til barnerommet\"}]},{\"@type\":\"WebSite\",\"@id\":\"https:\/\/babylove.se\/no\/#website\",\"url\":\"https:\/\/babylove.se\/no\/\",\"name\":\"Babylove Norska\",\"description\":\"\",\"potentialAction\":[{\"@type\":\"SearchAction\",\"target\":{\"@type\":\"EntryPoint\",\"urlTemplate\":\"https:\/\/babylove.se\/no\/?s={search_term_string}\"},\"query-input\":{\"@type\":\"PropertyValueSpecification\",\"valueRequired\":true,\"valueName\":\"search_term_string\"}}],\"inLanguage\":\"nb-NO\"}]}<\/script>\n<meta property=\"product:price:amount\" content=\"14999.00\" \/>\n<meta property=\"product:price:currency\" content=\"SEK\" \/>\n<meta property=\"og:availability\" content=\"out of stock\" \/>\n<meta property=\"product:availability\" content=\"out of stock\" \/>\n<meta property=\"product:retailer_item_id\" content=\"2411\" \/>\n<meta property=\"product:condition\" content=\"new\" \/>\n<!-- \/ Yoast SEO Premium plugin. -->","yoast_head_json":{"title":"Charlotte, Hvitt garderobe til barnerommet - Babylove Norska","robots":{"index":"noindex","follow":"follow","max-snippet":"max-snippet:-1","max-image-preview":"max-image-preview:large","max-video-preview":"max-video-preview:-1"},"og_locale":"nb_NO","og_type":"article","og_title":"Charlotte, Hvitt garderobe til barnerommet","og_description":"En riktig dr\u00f8m for barnerommet, det er garderoben Charlotte som er s\u00e5 vakker at den ogs\u00e5 passer inn i foreldrenes soverom. Garderoben er helt bygget for h\u00e5nd av massiv furu og det f\u00f8lger med masse sjarm og fine detaljer. Eller hva sier du om de fine buede trebenene, og de vakre detaljene p\u00e5 garderobsd\u00f8rene. Legg [&hellip;]","og_url":"https:\/\/babylove.se\/no\/produkt\/charlotte-garderobe\/","og_site_name":"Babylove Norska","article_modified_time":"2026-04-08T07:48:17+00:00","og_image":[{"width":800,"height":800,"url":"https:\/\/babylove.se\/no\/wp-content\/uploads\/sites\/3\/2025\/07\/61693b1d0d832.jpeg","type":"image\/jpeg"}],"twitter_card":"summary_large_image","twitter_misc":{"Price":"14 999,00&nbsp;&#107;&#114;","Availability":"Out of stock"},"schema":{"@context":"https:\/\/schema.org","@graph":[{"@type":"WebPage","@id":"https:\/\/babylove.se\/no\/produkt\/charlotte-garderobe\/","url":"https:\/\/babylove.se\/no\/produkt\/charlotte-garderobe\/","name":"Charlotte, Hvitt garderobe til barnerommet - Babylove Norska","isPartOf":{"@id":"https:\/\/babylove.se\/no\/#website"},"primaryImageOfPage":{"@id":"https:\/\/babylove.se\/no\/produkt\/charlotte-garderobe\/#primaryimage"},"image":{"@id":"https:\/\/babylove.se\/no\/produkt\/charlotte-garderobe\/#primaryimage"},"thumbnailUrl":"https:\/\/babylove.se\/no\/wp-content\/uploads\/sites\/3\/2025\/07\/61693b1d0d832.jpeg","datePublished":"2025-07-18T20:16:29+00:00","dateModified":"2026-04-08T07:48:17+00:00","breadcrumb":{"@id":"https:\/\/babylove.se\/no\/produkt\/charlotte-garderobe\/#breadcrumb"},"inLanguage":"nb-NO","potentialAction":[{"@type":"ReadAction","target":["https:\/\/babylove.se\/no\/produkt\/charlotte-garderobe\/"]}]},{"@type":"ImageObject","inLanguage":"nb-NO","@id":"https:\/\/babylove.se\/no\/produkt\/charlotte-garderobe\/#primaryimage","url":"https:\/\/babylove.se\/no\/wp-content\/uploads\/sites\/3\/2025\/07\/61693b1d0d832.jpeg","contentUrl":"https:\/\/babylove.se\/no\/wp-content\/uploads\/sites\/3\/2025\/07\/61693b1d0d832.jpeg","width":800,"height":800},{"@type":"BreadcrumbList","@id":"https:\/\/babylove.se\/no\/produkt\/charlotte-garderobe\/#breadcrumb","itemListElement":[{"@type":"ListItem","position":1,"name":"Hem","item":"https:\/\/babylove.se\/no\/"},{"@type":"ListItem","position":2,"name":"Butik","item":"https:\/\/babylove.se\/no\/butik\/"},{"@type":"ListItem","position":3,"name":"Charlotte, Hvitt garderobe til barnerommet"}]},{"@type":"WebSite","@id":"https:\/\/babylove.se\/no\/#website","url":"https:\/\/babylove.se\/no\/","name":"Babylove Norska","description":"","potentialAction":[{"@type":"SearchAction","target":{"@type":"EntryPoint","urlTemplate":"https:\/\/babylove.se\/no\/?s={search_term_string}"},"query-input":{"@type":"PropertyValueSpecification","valueRequired":true,"valueName":"search_term_string"}}],"inLanguage":"nb-NO"}]},"product_price_amount":"14999.00","product_price_currency":"SEK","og_availability":"out of stock","product_availability":"out of stock","product_retailer_item_id":"2411","product_condition":"new"},"_links":{"self":[{"href":"https:\/\/babylove.se\/no\/wp-json\/wp\/v2\/product\/11418","targetHints":{"allow":["GET"]}}],"collection":[{"href":"https:\/\/babylove.se\/no\/wp-json\/wp\/v2\/product"}],"about":[{"href":"https:\/\/babylove.se\/no\/wp-json\/wp\/v2\/types\/product"}],"replies":[{"embeddable":true,"href":"https:\/\/babylove.se\/no\/wp-json\/wp\/v2\/comments?post=11418"}],"wp:featuredmedia":[{"embeddable":true,"href":"https:\/\/babylove.se\/no\/wp-json\/wp\/v2\/media\/11420"}],"wp:attachment":[{"href":"https:\/\/babylove.se\/no\/wp-json\/wp\/v2\/media?parent=11418"}],"wp:term":[{"taxonomy":"product_brand","embeddable":true,"href":"https:\/\/babylove.se\/no\/wp-json\/wp\/v2\/product_brand?post=11418"},{"taxonomy":"product_cat","embeddable":true,"href":"https:\/\/babylove.se\/no\/wp-json\/wp\/v2\/product_cat?post=11418"},{"taxonomy":"product_tag","embeddable":true,"href":"https:\/\/babylove.se\/no\/wp-json\/wp\/v2\/product_tag?post=11418"}],"curies":[{"name":"wp","href":"https:\/\/api.w.org\/{rel}","templated":true}]}}