{"id":11425,"date":"2025-07-18T21:16:29","date_gmt":"2025-07-18T20:16:29","guid":{"rendered":"https:\/\/babylove.se\/produkt\/wobbel-balansbrada-original-vitlackad\/"},"modified":"2026-04-08T08:48:19","modified_gmt":"2026-04-08T07:48:19","slug":"wobbel-balansbrett-original-hvitlakkert","status":"publish","type":"product","link":"https:\/\/babylove.se\/no\/produkt\/wobbel-balansbrett-original-hvitlakkert\/","title":{"rendered":"WOBBEL, Balansebrett Original hvitlakkert"},"content":{"rendered":"<p>Dette er ikke bare et vanlig balansbrett, men noe helt fantastisk. Det kan brukes til masse forskjellige ting, som \u00e5 gynge, kj\u00f8re l\u00f8p med bilene p\u00e5 eller snu opp ned, og du har en enkel gynge. La barnets fantasi flyte, og du vil bli overrasket over alle bruksomr\u00e5dene. Wobbel er skapt i et lite selskap hvor man setter barnets behov i fokus. Det passer alle aldre (fra 18 m\u00e5neder) og stimulerer til b\u00e5de bevegelse og \u00e5 bruke fantasien sin. Materialene som brukes er selvf\u00f8lgelig barnevennlige og holdbare. Skal kun brukes innend\u00f8rs. <\/p>\n<p>Balansbrett kommer med lysgr\u00e5 filt under eller uten. Du velger selv \ud83d\ude42 <\/p>\n<p>Materiale: FSC-sertifisert europeisk b\u00f8ketre, overflaten er behandlet og hvitlakkert <\/p>\n<p>M\u00e5l: ca 90 x 30 cm.<\/p>\n<p>Produktvekt: ca 4,5 kg.<\/p>\n<p>Barnas maks vekt: 200 kg.<\/p>\n<p>Balansbrett uten filt under skal kun brukes p\u00e5 en eller annen form for teppe eller mykt beskyttende underlag<\/p>\n<p>Designer:<a href=\"https:\/\/babylove.se\/varumarken\/wobbel\"><u> Wobbel<\/u><\/a><\/p>\n<p><u><span class=\"fr-video fr-fvc fr-dvb fr-draggable\" contenteditable=\"false\" draggable=\"true\"><iframe src=\"\/\/www.youtube.com\/embed\/9WBmZx8182s?wmode=opaque\" frameborder=\"0\" allowfullscreen=\"\" style=\"width: 436px; height: 249px;\"><\/iframe><\/span><\/u><\/p>\n<p><\/p>\n","protected":false},"excerpt":{"rendered":"<p>Dette er ikke bare et vanlig balansbrett, men noe helt fantastisk. Det kan brukes til masse forskjellige ting, som \u00e5 gynge, kj\u00f8re l\u00f8p med bilene p\u00e5 eller snu opp ned, og du har en enkel gynge. La barnets fantasi flyte, og du vil bli overrasket over alle bruksomr\u00e5dene. Wobbel er skapt i et lite selskap [&hellip;]<\/p>\n","protected":false},"featured_media":11427,"comment_status":"closed","ping_status":"open","template":"","meta":{"_acf_changed":false},"product_brand":[344],"product_cat":[345,204,48,112,346],"product_tag":[1689],"class_list":{"0":"post-11425","1":"product","2":"type-product","3":"status-publish","4":"has-post-thumbnail","6":"product_brand-wobbel","7":"product_cat-balansbrett","8":"product_cat-motoriske-barnmobler","9":"product_cat-startside","10":"product_cat-treleker","11":"product_cat-wobbel","12":"product_tag-bestillingsvaror","13":"pa_filt-med","14":"pa_filt-utan","16":"first","17":"instock","18":"taxable","19":"shipping-taxable","20":"purchasable","21":"product-type-variable"},"acf":[],"yoast_head":"<!-- This site is optimized with the Yoast SEO Premium plugin v25.8 (Yoast SEO v27.2) - https:\/\/yoast.com\/product\/yoast-seo-premium-wordpress\/ -->\n<title>WOBBEL, Balansebrett Original hvitlakkert - Babylove Norska<\/title>\n<meta name=\"robots\" content=\"noindex, follow, max-snippet:-1, max-image-preview:large, max-video-preview:-1\" \/>\n<meta property=\"og:locale\" content=\"nb_NO\" \/>\n<meta property=\"og:type\" content=\"article\" \/>\n<meta property=\"og:title\" content=\"WOBBEL, Balansebrett Original hvitlakkert\" \/>\n<meta property=\"og:description\" content=\"Dette er ikke bare et vanlig balansbrett, men noe helt fantastisk. Det kan brukes til masse forskjellige ting, som \u00e5 gynge, kj\u00f8re l\u00f8p med bilene p\u00e5 eller snu opp ned, og du har en enkel gynge. La barnets fantasi flyte, og du vil bli overrasket over alle bruksomr\u00e5dene. Wobbel er skapt i et lite selskap [&hellip;]\" \/>\n<meta property=\"og:url\" content=\"https:\/\/babylove.se\/no\/produkt\/wobbel-balansbrett-original-hvitlakkert\/\" \/>\n<meta property=\"og:site_name\" content=\"Babylove Norska\" \/>\n<meta property=\"article:modified_time\" content=\"2026-04-08T07:48:19+00:00\" \/>\n<meta property=\"og:image\" content=\"https:\/\/babylove.se\/no\/wp-content\/uploads\/sites\/3\/2025\/07\/5c84b838a0c60.jpeg\" \/>\n\t<meta property=\"og:image:width\" content=\"750\" \/>\n\t<meta property=\"og:image:height\" content=\"500\" \/>\n\t<meta property=\"og:image:type\" content=\"image\/jpeg\" \/>\n<meta name=\"twitter:card\" content=\"summary_large_image\" \/>\n<meta name=\"twitter:label1\" content=\"Availability\" \/>\n\t<meta name=\"twitter:data1\" content=\"In stock\" \/>\n<script type=\"application\/ld+json\" class=\"yoast-schema-graph\">{\"@context\":\"https:\/\/schema.org\",\"@graph\":[{\"@type\":\"WebPage\",\"@id\":\"https:\/\/babylove.se\/no\/produkt\/wobbel-balansbrett-original-hvitlakkert\/\",\"url\":\"https:\/\/babylove.se\/no\/produkt\/wobbel-balansbrett-original-hvitlakkert\/\",\"name\":\"WOBBEL, Balansebrett Original hvitlakkert - Babylove Norska\",\"isPartOf\":{\"@id\":\"https:\/\/babylove.se\/no\/#website\"},\"primaryImageOfPage\":{\"@id\":\"https:\/\/babylove.se\/no\/produkt\/wobbel-balansbrett-original-hvitlakkert\/#primaryimage\"},\"image\":{\"@id\":\"https:\/\/babylove.se\/no\/produkt\/wobbel-balansbrett-original-hvitlakkert\/#primaryimage\"},\"thumbnailUrl\":\"https:\/\/babylove.se\/no\/wp-content\/uploads\/sites\/3\/2025\/07\/5c84b838a0c60.jpeg\",\"datePublished\":\"2025-07-18T20:16:29+00:00\",\"dateModified\":\"2026-04-08T07:48:19+00:00\",\"breadcrumb\":{\"@id\":\"https:\/\/babylove.se\/no\/produkt\/wobbel-balansbrett-original-hvitlakkert\/#breadcrumb\"},\"inLanguage\":\"nb-NO\",\"potentialAction\":[{\"@type\":\"ReadAction\",\"target\":[\"https:\/\/babylove.se\/no\/produkt\/wobbel-balansbrett-original-hvitlakkert\/\"]}]},{\"@type\":\"ImageObject\",\"inLanguage\":\"nb-NO\",\"@id\":\"https:\/\/babylove.se\/no\/produkt\/wobbel-balansbrett-original-hvitlakkert\/#primaryimage\",\"url\":\"https:\/\/babylove.se\/no\/wp-content\/uploads\/sites\/3\/2025\/07\/5c84b838a0c60.jpeg\",\"contentUrl\":\"https:\/\/babylove.se\/no\/wp-content\/uploads\/sites\/3\/2025\/07\/5c84b838a0c60.jpeg\",\"width\":750,\"height\":500},{\"@type\":\"BreadcrumbList\",\"@id\":\"https:\/\/babylove.se\/no\/produkt\/wobbel-balansbrett-original-hvitlakkert\/#breadcrumb\",\"itemListElement\":[{\"@type\":\"ListItem\",\"position\":1,\"name\":\"Hem\",\"item\":\"https:\/\/babylove.se\/no\/\"},{\"@type\":\"ListItem\",\"position\":2,\"name\":\"Butik\",\"item\":\"https:\/\/babylove.se\/no\/butik\/\"},{\"@type\":\"ListItem\",\"position\":3,\"name\":\"WOBBEL, Balansebrett Original hvitlakkert\"}]},{\"@type\":\"WebSite\",\"@id\":\"https:\/\/babylove.se\/no\/#website\",\"url\":\"https:\/\/babylove.se\/no\/\",\"name\":\"Babylove Norska\",\"description\":\"\",\"potentialAction\":[{\"@type\":\"SearchAction\",\"target\":{\"@type\":\"EntryPoint\",\"urlTemplate\":\"https:\/\/babylove.se\/no\/?s={search_term_string}\"},\"query-input\":{\"@type\":\"PropertyValueSpecification\",\"valueRequired\":true,\"valueName\":\"search_term_string\"}}],\"inLanguage\":\"nb-NO\"}]}<\/script>\n<meta property=\"product:brand\" content=\"Wobbel\" \/>\n<meta property=\"og:availability\" content=\"instock\" \/>\n<meta property=\"product:availability\" content=\"instock\" \/>\n<meta property=\"product:retailer_item_id\" content=\"Vitlackad - UTAN\" \/>\n<meta property=\"product:condition\" content=\"new\" \/>\n<!-- \/ Yoast SEO Premium plugin. -->","yoast_head_json":{"title":"WOBBEL, Balansebrett Original hvitlakkert - Babylove Norska","robots":{"index":"noindex","follow":"follow","max-snippet":"max-snippet:-1","max-image-preview":"max-image-preview:large","max-video-preview":"max-video-preview:-1"},"og_locale":"nb_NO","og_type":"article","og_title":"WOBBEL, Balansebrett Original hvitlakkert","og_description":"Dette er ikke bare et vanlig balansbrett, men noe helt fantastisk. Det kan brukes til masse forskjellige ting, som \u00e5 gynge, kj\u00f8re l\u00f8p med bilene p\u00e5 eller snu opp ned, og du har en enkel gynge. La barnets fantasi flyte, og du vil bli overrasket over alle bruksomr\u00e5dene. Wobbel er skapt i et lite selskap [&hellip;]","og_url":"https:\/\/babylove.se\/no\/produkt\/wobbel-balansbrett-original-hvitlakkert\/","og_site_name":"Babylove Norska","article_modified_time":"2026-04-08T07:48:19+00:00","og_image":[{"width":750,"height":500,"url":"https:\/\/babylove.se\/no\/wp-content\/uploads\/sites\/3\/2025\/07\/5c84b838a0c60.jpeg","type":"image\/jpeg"}],"twitter_card":"summary_large_image","twitter_misc":{"Availability":"In stock"},"schema":{"@context":"https:\/\/schema.org","@graph":[{"@type":"WebPage","@id":"https:\/\/babylove.se\/no\/produkt\/wobbel-balansbrett-original-hvitlakkert\/","url":"https:\/\/babylove.se\/no\/produkt\/wobbel-balansbrett-original-hvitlakkert\/","name":"WOBBEL, Balansebrett Original hvitlakkert - Babylove Norska","isPartOf":{"@id":"https:\/\/babylove.se\/no\/#website"},"primaryImageOfPage":{"@id":"https:\/\/babylove.se\/no\/produkt\/wobbel-balansbrett-original-hvitlakkert\/#primaryimage"},"image":{"@id":"https:\/\/babylove.se\/no\/produkt\/wobbel-balansbrett-original-hvitlakkert\/#primaryimage"},"thumbnailUrl":"https:\/\/babylove.se\/no\/wp-content\/uploads\/sites\/3\/2025\/07\/5c84b838a0c60.jpeg","datePublished":"2025-07-18T20:16:29+00:00","dateModified":"2026-04-08T07:48:19+00:00","breadcrumb":{"@id":"https:\/\/babylove.se\/no\/produkt\/wobbel-balansbrett-original-hvitlakkert\/#breadcrumb"},"inLanguage":"nb-NO","potentialAction":[{"@type":"ReadAction","target":["https:\/\/babylove.se\/no\/produkt\/wobbel-balansbrett-original-hvitlakkert\/"]}]},{"@type":"ImageObject","inLanguage":"nb-NO","@id":"https:\/\/babylove.se\/no\/produkt\/wobbel-balansbrett-original-hvitlakkert\/#primaryimage","url":"https:\/\/babylove.se\/no\/wp-content\/uploads\/sites\/3\/2025\/07\/5c84b838a0c60.jpeg","contentUrl":"https:\/\/babylove.se\/no\/wp-content\/uploads\/sites\/3\/2025\/07\/5c84b838a0c60.jpeg","width":750,"height":500},{"@type":"BreadcrumbList","@id":"https:\/\/babylove.se\/no\/produkt\/wobbel-balansbrett-original-hvitlakkert\/#breadcrumb","itemListElement":[{"@type":"ListItem","position":1,"name":"Hem","item":"https:\/\/babylove.se\/no\/"},{"@type":"ListItem","position":2,"name":"Butik","item":"https:\/\/babylove.se\/no\/butik\/"},{"@type":"ListItem","position":3,"name":"WOBBEL, Balansebrett Original hvitlakkert"}]},{"@type":"WebSite","@id":"https:\/\/babylove.se\/no\/#website","url":"https:\/\/babylove.se\/no\/","name":"Babylove Norska","description":"","potentialAction":[{"@type":"SearchAction","target":{"@type":"EntryPoint","urlTemplate":"https:\/\/babylove.se\/no\/?s={search_term_string}"},"query-input":{"@type":"PropertyValueSpecification","valueRequired":true,"valueName":"search_term_string"}}],"inLanguage":"nb-NO"}]},"product_brand":"Wobbel","og_availability":"instock","product_availability":"instock","product_retailer_item_id":"Vitlackad - UTAN","product_condition":"new"},"_links":{"self":[{"href":"https:\/\/babylove.se\/no\/wp-json\/wp\/v2\/product\/11425","targetHints":{"allow":["GET"]}}],"collection":[{"href":"https:\/\/babylove.se\/no\/wp-json\/wp\/v2\/product"}],"about":[{"href":"https:\/\/babylove.se\/no\/wp-json\/wp\/v2\/types\/product"}],"replies":[{"embeddable":true,"href":"https:\/\/babylove.se\/no\/wp-json\/wp\/v2\/comments?post=11425"}],"wp:featuredmedia":[{"embeddable":true,"href":"https:\/\/babylove.se\/no\/wp-json\/wp\/v2\/media\/11427"}],"wp:attachment":[{"href":"https:\/\/babylove.se\/no\/wp-json\/wp\/v2\/media?parent=11425"}],"wp:term":[{"taxonomy":"product_brand","embeddable":true,"href":"https:\/\/babylove.se\/no\/wp-json\/wp\/v2\/product_brand?post=11425"},{"taxonomy":"product_cat","embeddable":true,"href":"https:\/\/babylove.se\/no\/wp-json\/wp\/v2\/product_cat?post=11425"},{"taxonomy":"product_tag","embeddable":true,"href":"https:\/\/babylove.se\/no\/wp-json\/wp\/v2\/product_tag?post=11425"}],"curies":[{"name":"wp","href":"https:\/\/api.w.org\/{rel}","templated":true}]}}