{"id":11433,"date":"2025-07-18T21:16:29","date_gmt":"2025-07-18T20:16:29","guid":{"rendered":"https:\/\/babylove.se\/produkt\/wobbel-balansbrada-original-bamboo\/"},"modified":"2026-04-08T08:48:22","modified_gmt":"2026-04-08T07:48:22","slug":"wobbel-balansefjol-original-bambus","status":"publish","type":"product","link":"https:\/\/babylove.se\/no\/produkt\/wobbel-balansefjol-original-bambus\/","title":{"rendered":"WOBBEL, Balansetbrett Original Bamboo"},"content":{"rendered":"<p>Dette er ikke bare et vanlig balansefjel, men noe helt fantastisk. Det kan brukes til masse forskjellige ting, som \u00e5 gynge, kj\u00f8re med bilene p\u00e5 eller snu opp ned, og du har en enkel gynge. La barnets fantasi flyte, og du vil bli overrasket over alle bruksomr\u00e5dene. Wobbel er skapt i et lite selskap hvor man setter barnets behov i fokus. Det passer alle aldre (fra 18 m\u00e5neder) og stimulerer til b\u00e5de bevegelse og \u00e5 bruke fantasien. Materialene som brukes er selvf\u00f8lgelig barnevennlige og holdbare. Skal kun brukes innend\u00f8rs. <\/p>\n<p>Tilgjengelige farger p\u00e5 filt sees p\u00e5 bildet.<\/p>\n<p>Materiale: FSC-sertifisert bambus, overflaten er behandlet med vannbasert transparent lakk.<\/p>\n<p>M\u00e5l: ca 90 x 30 cm.<\/p>\n<p>Produktvekt: ca 4,5 kg.<\/p>\n<p>Barnas maks vekt: 200 kg.<\/p>\n<p>Balansefjel uten filt under skal kun brukes p\u00e5 en form for teppe eller mykt beskyttende underlag<\/p>\n<p>Designer:<a href=\"https:\/\/babylove.se\/varumarken\/wobbel\"><u> Wobbel<\/u><\/a><\/p>\n<p><u><span class=\"fr-video fr-fvc fr-dvb fr-draggable\" contenteditable=\"false\" draggable=\"true\"><iframe src=\"\/\/www.youtube.com\/embed\/9WBmZx8182s?wmode=opaque\" frameborder=\"0\" allowfullscreen=\"\" style=\"width: 436px; height: 249px;\"><\/iframe><\/span><\/u><\/p>\n<p><\/p>\n","protected":false},"excerpt":{"rendered":"<p>Dette er ikke bare et vanlig balansefjel, men noe helt fantastisk. Det kan brukes til masse forskjellige ting, som \u00e5 gynge, kj\u00f8re med bilene p\u00e5 eller snu opp ned, og du har en enkel gynge. La barnets fantasi flyte, og du vil bli overrasket over alle bruksomr\u00e5dene. Wobbel er skapt i et lite selskap hvor [&hellip;]<\/p>\n","protected":false},"featured_media":11435,"comment_status":"closed","ping_status":"open","template":"","meta":{"_acf_changed":false},"product_brand":[344],"product_cat":[345,48,112],"product_tag":[1689],"class_list":{"0":"post-11433","1":"product","2":"type-product","3":"status-publish","4":"has-post-thumbnail","6":"product_brand-wobbel","7":"product_cat-balansbrett","8":"product_cat-startside","9":"product_cat-treleker","10":"product_tag-bestillingsvaror","11":"pa_filt-med","12":"pa_filt-utan","14":"first","15":"instock","16":"taxable","17":"shipping-taxable","18":"purchasable","19":"product-type-variable"},"acf":[],"yoast_head":"<!-- This site is optimized with the Yoast SEO Premium plugin v25.8 (Yoast SEO v27.2) - https:\/\/yoast.com\/product\/yoast-seo-premium-wordpress\/ -->\n<title>WOBBEL, Balansetbrett Original Bamboo - Babylove Norska<\/title>\n<meta name=\"robots\" content=\"noindex, follow, max-snippet:-1, max-image-preview:large, max-video-preview:-1\" \/>\n<meta property=\"og:locale\" content=\"nb_NO\" \/>\n<meta property=\"og:type\" content=\"article\" \/>\n<meta property=\"og:title\" content=\"WOBBEL, Balansetbrett Original Bamboo\" \/>\n<meta property=\"og:description\" content=\"Dette er ikke bare et vanlig balansefjel, men noe helt fantastisk. Det kan brukes til masse forskjellige ting, som \u00e5 gynge, kj\u00f8re med bilene p\u00e5 eller snu opp ned, og du har en enkel gynge. La barnets fantasi flyte, og du vil bli overrasket over alle bruksomr\u00e5dene. Wobbel er skapt i et lite selskap hvor [&hellip;]\" \/>\n<meta property=\"og:url\" content=\"https:\/\/babylove.se\/no\/produkt\/wobbel-balansefjol-original-bambus\/\" \/>\n<meta property=\"og:site_name\" content=\"Babylove Norska\" \/>\n<meta property=\"article:modified_time\" content=\"2026-04-08T07:48:22+00:00\" \/>\n<meta property=\"og:image\" content=\"https:\/\/babylove.se\/no\/wp-content\/uploads\/sites\/3\/2025\/07\/5c84b95050d1d.jpeg\" \/>\n\t<meta property=\"og:image:width\" content=\"750\" \/>\n\t<meta property=\"og:image:height\" content=\"500\" \/>\n\t<meta property=\"og:image:type\" content=\"image\/jpeg\" \/>\n<meta name=\"twitter:card\" content=\"summary_large_image\" \/>\n<meta name=\"twitter:label1\" content=\"Availability\" \/>\n\t<meta name=\"twitter:data1\" content=\"In stock\" \/>\n<script type=\"application\/ld+json\" class=\"yoast-schema-graph\">{\"@context\":\"https:\/\/schema.org\",\"@graph\":[{\"@type\":\"WebPage\",\"@id\":\"https:\/\/babylove.se\/no\/produkt\/wobbel-balansefjol-original-bambus\/\",\"url\":\"https:\/\/babylove.se\/no\/produkt\/wobbel-balansefjol-original-bambus\/\",\"name\":\"WOBBEL, Balansetbrett Original Bamboo - Babylove Norska\",\"isPartOf\":{\"@id\":\"https:\/\/babylove.se\/no\/#website\"},\"primaryImageOfPage\":{\"@id\":\"https:\/\/babylove.se\/no\/produkt\/wobbel-balansefjol-original-bambus\/#primaryimage\"},\"image\":{\"@id\":\"https:\/\/babylove.se\/no\/produkt\/wobbel-balansefjol-original-bambus\/#primaryimage\"},\"thumbnailUrl\":\"https:\/\/babylove.se\/no\/wp-content\/uploads\/sites\/3\/2025\/07\/5c84b95050d1d.jpeg\",\"datePublished\":\"2025-07-18T20:16:29+00:00\",\"dateModified\":\"2026-04-08T07:48:22+00:00\",\"breadcrumb\":{\"@id\":\"https:\/\/babylove.se\/no\/produkt\/wobbel-balansefjol-original-bambus\/#breadcrumb\"},\"inLanguage\":\"nb-NO\",\"potentialAction\":[{\"@type\":\"ReadAction\",\"target\":[\"https:\/\/babylove.se\/no\/produkt\/wobbel-balansefjol-original-bambus\/\"]}]},{\"@type\":\"ImageObject\",\"inLanguage\":\"nb-NO\",\"@id\":\"https:\/\/babylove.se\/no\/produkt\/wobbel-balansefjol-original-bambus\/#primaryimage\",\"url\":\"https:\/\/babylove.se\/no\/wp-content\/uploads\/sites\/3\/2025\/07\/5c84b95050d1d.jpeg\",\"contentUrl\":\"https:\/\/babylove.se\/no\/wp-content\/uploads\/sites\/3\/2025\/07\/5c84b95050d1d.jpeg\",\"width\":750,\"height\":500},{\"@type\":\"BreadcrumbList\",\"@id\":\"https:\/\/babylove.se\/no\/produkt\/wobbel-balansefjol-original-bambus\/#breadcrumb\",\"itemListElement\":[{\"@type\":\"ListItem\",\"position\":1,\"name\":\"Hem\",\"item\":\"https:\/\/babylove.se\/no\/\"},{\"@type\":\"ListItem\",\"position\":2,\"name\":\"Butik\",\"item\":\"https:\/\/babylove.se\/no\/butik\/\"},{\"@type\":\"ListItem\",\"position\":3,\"name\":\"WOBBEL, Balansetbrett Original Bamboo\"}]},{\"@type\":\"WebSite\",\"@id\":\"https:\/\/babylove.se\/no\/#website\",\"url\":\"https:\/\/babylove.se\/no\/\",\"name\":\"Babylove Norska\",\"description\":\"\",\"potentialAction\":[{\"@type\":\"SearchAction\",\"target\":{\"@type\":\"EntryPoint\",\"urlTemplate\":\"https:\/\/babylove.se\/no\/?s={search_term_string}\"},\"query-input\":{\"@type\":\"PropertyValueSpecification\",\"valueRequired\":true,\"valueName\":\"search_term_string\"}}],\"inLanguage\":\"nb-NO\"}]}<\/script>\n<meta property=\"product:brand\" content=\"Wobbel\" \/>\n<meta property=\"og:availability\" content=\"instock\" \/>\n<meta property=\"product:availability\" content=\"instock\" \/>\n<meta property=\"product:retailer_item_id\" content=\"Original-utan\" \/>\n<meta property=\"product:condition\" content=\"new\" \/>\n<!-- \/ Yoast SEO Premium plugin. -->","yoast_head_json":{"title":"WOBBEL, Balansetbrett Original Bamboo - Babylove Norska","robots":{"index":"noindex","follow":"follow","max-snippet":"max-snippet:-1","max-image-preview":"max-image-preview:large","max-video-preview":"max-video-preview:-1"},"og_locale":"nb_NO","og_type":"article","og_title":"WOBBEL, Balansetbrett Original Bamboo","og_description":"Dette er ikke bare et vanlig balansefjel, men noe helt fantastisk. Det kan brukes til masse forskjellige ting, som \u00e5 gynge, kj\u00f8re med bilene p\u00e5 eller snu opp ned, og du har en enkel gynge. La barnets fantasi flyte, og du vil bli overrasket over alle bruksomr\u00e5dene. Wobbel er skapt i et lite selskap hvor [&hellip;]","og_url":"https:\/\/babylove.se\/no\/produkt\/wobbel-balansefjol-original-bambus\/","og_site_name":"Babylove Norska","article_modified_time":"2026-04-08T07:48:22+00:00","og_image":[{"width":750,"height":500,"url":"https:\/\/babylove.se\/no\/wp-content\/uploads\/sites\/3\/2025\/07\/5c84b95050d1d.jpeg","type":"image\/jpeg"}],"twitter_card":"summary_large_image","twitter_misc":{"Availability":"In stock"},"schema":{"@context":"https:\/\/schema.org","@graph":[{"@type":"WebPage","@id":"https:\/\/babylove.se\/no\/produkt\/wobbel-balansefjol-original-bambus\/","url":"https:\/\/babylove.se\/no\/produkt\/wobbel-balansefjol-original-bambus\/","name":"WOBBEL, Balansetbrett Original Bamboo - Babylove Norska","isPartOf":{"@id":"https:\/\/babylove.se\/no\/#website"},"primaryImageOfPage":{"@id":"https:\/\/babylove.se\/no\/produkt\/wobbel-balansefjol-original-bambus\/#primaryimage"},"image":{"@id":"https:\/\/babylove.se\/no\/produkt\/wobbel-balansefjol-original-bambus\/#primaryimage"},"thumbnailUrl":"https:\/\/babylove.se\/no\/wp-content\/uploads\/sites\/3\/2025\/07\/5c84b95050d1d.jpeg","datePublished":"2025-07-18T20:16:29+00:00","dateModified":"2026-04-08T07:48:22+00:00","breadcrumb":{"@id":"https:\/\/babylove.se\/no\/produkt\/wobbel-balansefjol-original-bambus\/#breadcrumb"},"inLanguage":"nb-NO","potentialAction":[{"@type":"ReadAction","target":["https:\/\/babylove.se\/no\/produkt\/wobbel-balansefjol-original-bambus\/"]}]},{"@type":"ImageObject","inLanguage":"nb-NO","@id":"https:\/\/babylove.se\/no\/produkt\/wobbel-balansefjol-original-bambus\/#primaryimage","url":"https:\/\/babylove.se\/no\/wp-content\/uploads\/sites\/3\/2025\/07\/5c84b95050d1d.jpeg","contentUrl":"https:\/\/babylove.se\/no\/wp-content\/uploads\/sites\/3\/2025\/07\/5c84b95050d1d.jpeg","width":750,"height":500},{"@type":"BreadcrumbList","@id":"https:\/\/babylove.se\/no\/produkt\/wobbel-balansefjol-original-bambus\/#breadcrumb","itemListElement":[{"@type":"ListItem","position":1,"name":"Hem","item":"https:\/\/babylove.se\/no\/"},{"@type":"ListItem","position":2,"name":"Butik","item":"https:\/\/babylove.se\/no\/butik\/"},{"@type":"ListItem","position":3,"name":"WOBBEL, Balansetbrett Original Bamboo"}]},{"@type":"WebSite","@id":"https:\/\/babylove.se\/no\/#website","url":"https:\/\/babylove.se\/no\/","name":"Babylove Norska","description":"","potentialAction":[{"@type":"SearchAction","target":{"@type":"EntryPoint","urlTemplate":"https:\/\/babylove.se\/no\/?s={search_term_string}"},"query-input":{"@type":"PropertyValueSpecification","valueRequired":true,"valueName":"search_term_string"}}],"inLanguage":"nb-NO"}]},"product_brand":"Wobbel","og_availability":"instock","product_availability":"instock","product_retailer_item_id":"Original-utan","product_condition":"new"},"_links":{"self":[{"href":"https:\/\/babylove.se\/no\/wp-json\/wp\/v2\/product\/11433","targetHints":{"allow":["GET"]}}],"collection":[{"href":"https:\/\/babylove.se\/no\/wp-json\/wp\/v2\/product"}],"about":[{"href":"https:\/\/babylove.se\/no\/wp-json\/wp\/v2\/types\/product"}],"replies":[{"embeddable":true,"href":"https:\/\/babylove.se\/no\/wp-json\/wp\/v2\/comments?post=11433"}],"wp:featuredmedia":[{"embeddable":true,"href":"https:\/\/babylove.se\/no\/wp-json\/wp\/v2\/media\/11435"}],"wp:attachment":[{"href":"https:\/\/babylove.se\/no\/wp-json\/wp\/v2\/media?parent=11433"}],"wp:term":[{"taxonomy":"product_brand","embeddable":true,"href":"https:\/\/babylove.se\/no\/wp-json\/wp\/v2\/product_brand?post=11433"},{"taxonomy":"product_cat","embeddable":true,"href":"https:\/\/babylove.se\/no\/wp-json\/wp\/v2\/product_cat?post=11433"},{"taxonomy":"product_tag","embeddable":true,"href":"https:\/\/babylove.se\/no\/wp-json\/wp\/v2\/product_tag?post=11433"}],"curies":[{"name":"wp","href":"https:\/\/api.w.org\/{rel}","templated":true}]}}