{"id":11585,"date":"2025-07-18T21:17:37","date_gmt":"2025-07-18T20:17:37","guid":{"rendered":"https:\/\/babylove.se\/produkt\/vagghylla-110-cm-med-tva-lador-cameleon\/"},"modified":"2026-04-08T08:49:27","modified_gmt":"2026-04-08T07:49:27","slug":"vegghylle-110-cm-med-to-skuffer-cameleon","status":"publish","type":"product","link":"https:\/\/babylove.se\/no\/produkt\/vegghylle-110-cm-med-to-skuffer-cameleon\/","title":{"rendered":"Vegghylle 110 cm med to skuffer, Cameleon"},"content":{"rendered":"<p>En rektangul\u00e6r, pen og praktisk vegghylle til barnerommet i den popul\u00e6re serien Cameleon. Du velger selv fargen p\u00e5 de to skuffene samt selve hylla og kan dermed skape din egen unike hylle. <\/p>\n<p>Skuffene er smarte og rommer ditt barns favorittting s\u00e5 de ikke kommer bort. <\/p>\n<p>Vegghylla er perfekt \u00e5 matche med nattbordet fra samme serie, eller v\u00e5r storselger som er den st\u00f8rre varianten. <\/p>\n<p>Uansett vil den l\u00f8fte barnerommet ditt ytterligere et niv\u00e5. <\/p>\n<p>Vegghylla er h\u00e5ndbygget (p\u00e5 bestilling) og helt laget av tre (Plywood). Alle farger som brukes er sertifiserte og trygge for barn. <\/p>\n<p>Farger \u00e5 velge p\u00e5 ser du enklest i produktets bilder. <\/p>\n<p>M\u00e5l: 110x17x18cm <\/p>\n<p>Produsert i EU<\/p>\n","protected":false},"excerpt":{"rendered":"<p>En rektangul\u00e6r, pen og praktisk vegghylle til barnerommet i den popul\u00e6re serien Cameleon. Du velger selv fargen p\u00e5 de to skuffene samt selve hylla og kan dermed skape din egen unike hylle. Skuffene er smarte og rommer ditt barns favorittting s\u00e5 de ikke kommer bort. Vegghylla er perfekt \u00e5 matche med nattbordet fra samme serie, [&hellip;]<\/p>\n","protected":false},"featured_media":11587,"comment_status":"closed","ping_status":"closed","template":"","meta":{"_acf_changed":false},"product_brand":[78],"product_cat":[81,87,43,48],"product_tag":[1689],"class_list":{"0":"post-11585","1":"product","2":"type-product","3":"status-publish","4":"has-post-thumbnail","6":"product_brand-bambooko","7":"product_cat-bambooko","8":"product_cat-hyller","9":"product_cat-oppbevaringskurver","10":"product_cat-startside","11":"product_tag-bestillingsvaror","13":"first","14":"instock","15":"taxable","16":"shipping-taxable","17":"purchasable","18":"product-type-simple"},"acf":[],"yoast_head":"<!-- This site is optimized with the Yoast SEO Premium plugin v25.8 (Yoast SEO v27.2) - https:\/\/yoast.com\/product\/yoast-seo-premium-wordpress\/ -->\n<title>Vegghylle 110 cm med to skuffer, Cameleon - Babylove Norska<\/title>\n<meta name=\"robots\" content=\"noindex, follow, max-snippet:-1, max-image-preview:large, max-video-preview:-1\" \/>\n<meta property=\"og:locale\" content=\"nb_NO\" \/>\n<meta property=\"og:type\" content=\"article\" \/>\n<meta property=\"og:title\" content=\"Vegghylle 110 cm med to skuffer, Cameleon\" \/>\n<meta property=\"og:description\" content=\"En rektangul\u00e6r, pen og praktisk vegghylle til barnerommet i den popul\u00e6re serien Cameleon. Du velger selv fargen p\u00e5 de to skuffene samt selve hylla og kan dermed skape din egen unike hylle. Skuffene er smarte og rommer ditt barns favorittting s\u00e5 de ikke kommer bort. Vegghylla er perfekt \u00e5 matche med nattbordet fra samme serie, [&hellip;]\" \/>\n<meta property=\"og:url\" content=\"https:\/\/babylove.se\/no\/produkt\/vegghylle-110-cm-med-to-skuffer-cameleon\/\" \/>\n<meta property=\"og:site_name\" content=\"Babylove Norska\" \/>\n<meta property=\"article:modified_time\" content=\"2026-04-08T07:49:27+00:00\" \/>\n<meta property=\"og:image\" content=\"https:\/\/babylove.se\/no\/wp-content\/uploads\/sites\/3\/2025\/07\/5d650e29d3551.jpeg\" \/>\n\t<meta property=\"og:image:width\" content=\"750\" \/>\n\t<meta property=\"og:image:height\" content=\"750\" \/>\n\t<meta property=\"og:image:type\" content=\"image\/jpeg\" \/>\n<meta name=\"twitter:card\" content=\"summary_large_image\" \/>\n<meta name=\"twitter:label1\" content=\"Price\" \/>\n\t<meta name=\"twitter:data1\" content=\"3 999,00&nbsp;&#107;&#114;\" \/>\n\t<meta name=\"twitter:label2\" content=\"Availability\" \/>\n\t<meta name=\"twitter:data2\" content=\"In stock\" \/>\n<script type=\"application\/ld+json\" class=\"yoast-schema-graph\">{\"@context\":\"https:\/\/schema.org\",\"@graph\":[{\"@type\":\"WebPage\",\"@id\":\"https:\/\/babylove.se\/no\/produkt\/vegghylle-110-cm-med-to-skuffer-cameleon\/\",\"url\":\"https:\/\/babylove.se\/no\/produkt\/vegghylle-110-cm-med-to-skuffer-cameleon\/\",\"name\":\"Vegghylle 110 cm med to skuffer, Cameleon - Babylove Norska\",\"isPartOf\":{\"@id\":\"https:\/\/babylove.se\/no\/#website\"},\"primaryImageOfPage\":{\"@id\":\"https:\/\/babylove.se\/no\/produkt\/vegghylle-110-cm-med-to-skuffer-cameleon\/#primaryimage\"},\"image\":{\"@id\":\"https:\/\/babylove.se\/no\/produkt\/vegghylle-110-cm-med-to-skuffer-cameleon\/#primaryimage\"},\"thumbnailUrl\":\"https:\/\/babylove.se\/no\/wp-content\/uploads\/sites\/3\/2025\/07\/5d650e29d3551.jpeg\",\"datePublished\":\"2025-07-18T20:17:37+00:00\",\"dateModified\":\"2026-04-08T07:49:27+00:00\",\"breadcrumb\":{\"@id\":\"https:\/\/babylove.se\/no\/produkt\/vegghylle-110-cm-med-to-skuffer-cameleon\/#breadcrumb\"},\"inLanguage\":\"nb-NO\",\"potentialAction\":[{\"@type\":\"ReadAction\",\"target\":[\"https:\/\/babylove.se\/no\/produkt\/vegghylle-110-cm-med-to-skuffer-cameleon\/\"]}]},{\"@type\":\"ImageObject\",\"inLanguage\":\"nb-NO\",\"@id\":\"https:\/\/babylove.se\/no\/produkt\/vegghylle-110-cm-med-to-skuffer-cameleon\/#primaryimage\",\"url\":\"https:\/\/babylove.se\/no\/wp-content\/uploads\/sites\/3\/2025\/07\/5d650e29d3551.jpeg\",\"contentUrl\":\"https:\/\/babylove.se\/no\/wp-content\/uploads\/sites\/3\/2025\/07\/5d650e29d3551.jpeg\",\"width\":750,\"height\":750},{\"@type\":\"BreadcrumbList\",\"@id\":\"https:\/\/babylove.se\/no\/produkt\/vegghylle-110-cm-med-to-skuffer-cameleon\/#breadcrumb\",\"itemListElement\":[{\"@type\":\"ListItem\",\"position\":1,\"name\":\"Hem\",\"item\":\"https:\/\/babylove.se\/no\/\"},{\"@type\":\"ListItem\",\"position\":2,\"name\":\"Butik\",\"item\":\"https:\/\/babylove.se\/no\/butik\/\"},{\"@type\":\"ListItem\",\"position\":3,\"name\":\"Vegghylle 110 cm med to skuffer, Cameleon\"}]},{\"@type\":\"WebSite\",\"@id\":\"https:\/\/babylove.se\/no\/#website\",\"url\":\"https:\/\/babylove.se\/no\/\",\"name\":\"Babylove Norska\",\"description\":\"\",\"potentialAction\":[{\"@type\":\"SearchAction\",\"target\":{\"@type\":\"EntryPoint\",\"urlTemplate\":\"https:\/\/babylove.se\/no\/?s={search_term_string}\"},\"query-input\":{\"@type\":\"PropertyValueSpecification\",\"valueRequired\":true,\"valueName\":\"search_term_string\"}}],\"inLanguage\":\"nb-NO\"}]}<\/script>\n<meta property=\"product:brand\" content=\"Bambooko\" \/>\n<meta property=\"product:price:amount\" content=\"3999.00\" \/>\n<meta property=\"product:price:currency\" content=\"SEK\" \/>\n<meta property=\"og:availability\" content=\"instock\" \/>\n<meta property=\"product:availability\" content=\"instock\" \/>\n<meta property=\"product:retailer_item_id\" content=\"2437\" \/>\n<meta property=\"product:condition\" content=\"new\" \/>\n<!-- \/ Yoast SEO Premium plugin. -->","yoast_head_json":{"title":"Vegghylle 110 cm med to skuffer, Cameleon - Babylove Norska","robots":{"index":"noindex","follow":"follow","max-snippet":"max-snippet:-1","max-image-preview":"max-image-preview:large","max-video-preview":"max-video-preview:-1"},"og_locale":"nb_NO","og_type":"article","og_title":"Vegghylle 110 cm med to skuffer, Cameleon","og_description":"En rektangul\u00e6r, pen og praktisk vegghylle til barnerommet i den popul\u00e6re serien Cameleon. Du velger selv fargen p\u00e5 de to skuffene samt selve hylla og kan dermed skape din egen unike hylle. Skuffene er smarte og rommer ditt barns favorittting s\u00e5 de ikke kommer bort. Vegghylla er perfekt \u00e5 matche med nattbordet fra samme serie, [&hellip;]","og_url":"https:\/\/babylove.se\/no\/produkt\/vegghylle-110-cm-med-to-skuffer-cameleon\/","og_site_name":"Babylove Norska","article_modified_time":"2026-04-08T07:49:27+00:00","og_image":[{"width":750,"height":750,"url":"https:\/\/babylove.se\/no\/wp-content\/uploads\/sites\/3\/2025\/07\/5d650e29d3551.jpeg","type":"image\/jpeg"}],"twitter_card":"summary_large_image","twitter_misc":{"Price":"3 999,00&nbsp;&#107;&#114;","Availability":"In stock"},"schema":{"@context":"https:\/\/schema.org","@graph":[{"@type":"WebPage","@id":"https:\/\/babylove.se\/no\/produkt\/vegghylle-110-cm-med-to-skuffer-cameleon\/","url":"https:\/\/babylove.se\/no\/produkt\/vegghylle-110-cm-med-to-skuffer-cameleon\/","name":"Vegghylle 110 cm med to skuffer, Cameleon - Babylove Norska","isPartOf":{"@id":"https:\/\/babylove.se\/no\/#website"},"primaryImageOfPage":{"@id":"https:\/\/babylove.se\/no\/produkt\/vegghylle-110-cm-med-to-skuffer-cameleon\/#primaryimage"},"image":{"@id":"https:\/\/babylove.se\/no\/produkt\/vegghylle-110-cm-med-to-skuffer-cameleon\/#primaryimage"},"thumbnailUrl":"https:\/\/babylove.se\/no\/wp-content\/uploads\/sites\/3\/2025\/07\/5d650e29d3551.jpeg","datePublished":"2025-07-18T20:17:37+00:00","dateModified":"2026-04-08T07:49:27+00:00","breadcrumb":{"@id":"https:\/\/babylove.se\/no\/produkt\/vegghylle-110-cm-med-to-skuffer-cameleon\/#breadcrumb"},"inLanguage":"nb-NO","potentialAction":[{"@type":"ReadAction","target":["https:\/\/babylove.se\/no\/produkt\/vegghylle-110-cm-med-to-skuffer-cameleon\/"]}]},{"@type":"ImageObject","inLanguage":"nb-NO","@id":"https:\/\/babylove.se\/no\/produkt\/vegghylle-110-cm-med-to-skuffer-cameleon\/#primaryimage","url":"https:\/\/babylove.se\/no\/wp-content\/uploads\/sites\/3\/2025\/07\/5d650e29d3551.jpeg","contentUrl":"https:\/\/babylove.se\/no\/wp-content\/uploads\/sites\/3\/2025\/07\/5d650e29d3551.jpeg","width":750,"height":750},{"@type":"BreadcrumbList","@id":"https:\/\/babylove.se\/no\/produkt\/vegghylle-110-cm-med-to-skuffer-cameleon\/#breadcrumb","itemListElement":[{"@type":"ListItem","position":1,"name":"Hem","item":"https:\/\/babylove.se\/no\/"},{"@type":"ListItem","position":2,"name":"Butik","item":"https:\/\/babylove.se\/no\/butik\/"},{"@type":"ListItem","position":3,"name":"Vegghylle 110 cm med to skuffer, Cameleon"}]},{"@type":"WebSite","@id":"https:\/\/babylove.se\/no\/#website","url":"https:\/\/babylove.se\/no\/","name":"Babylove Norska","description":"","potentialAction":[{"@type":"SearchAction","target":{"@type":"EntryPoint","urlTemplate":"https:\/\/babylove.se\/no\/?s={search_term_string}"},"query-input":{"@type":"PropertyValueSpecification","valueRequired":true,"valueName":"search_term_string"}}],"inLanguage":"nb-NO"}]},"product_brand":"Bambooko","product_price_amount":"3999.00","product_price_currency":"SEK","og_availability":"instock","product_availability":"instock","product_retailer_item_id":"2437","product_condition":"new"},"_links":{"self":[{"href":"https:\/\/babylove.se\/no\/wp-json\/wp\/v2\/product\/11585","targetHints":{"allow":["GET"]}}],"collection":[{"href":"https:\/\/babylove.se\/no\/wp-json\/wp\/v2\/product"}],"about":[{"href":"https:\/\/babylove.se\/no\/wp-json\/wp\/v2\/types\/product"}],"replies":[{"embeddable":true,"href":"https:\/\/babylove.se\/no\/wp-json\/wp\/v2\/comments?post=11585"}],"wp:featuredmedia":[{"embeddable":true,"href":"https:\/\/babylove.se\/no\/wp-json\/wp\/v2\/media\/11587"}],"wp:attachment":[{"href":"https:\/\/babylove.se\/no\/wp-json\/wp\/v2\/media?parent=11585"}],"wp:term":[{"taxonomy":"product_brand","embeddable":true,"href":"https:\/\/babylove.se\/no\/wp-json\/wp\/v2\/product_brand?post=11585"},{"taxonomy":"product_cat","embeddable":true,"href":"https:\/\/babylove.se\/no\/wp-json\/wp\/v2\/product_cat?post=11585"},{"taxonomy":"product_tag","embeddable":true,"href":"https:\/\/babylove.se\/no\/wp-json\/wp\/v2\/product_tag?post=11585"}],"curies":[{"name":"wp","href":"https:\/\/api.w.org\/{rel}","templated":true}]}}