{"id":11591,"date":"2025-07-18T21:17:37","date_gmt":"2025-07-18T20:17:37","guid":{"rendered":"https:\/\/babylove.se\/produkt\/bokhylla-till-barnrummet-i-form-av-ett-vackert-trad\/"},"modified":"2026-04-08T08:49:29","modified_gmt":"2026-04-08T07:49:29","slug":"bokhylle-til-barnerommet-i-form-av-et-vakkert-tre","status":"publish","type":"product","link":"https:\/\/babylove.se\/no\/produkt\/bokhylle-til-barnerommet-i-form-av-et-vakkert-tre\/","title":{"rendered":"Bokhylle til barnerommet i form av et vakkert tre"},"content":{"rendered":"<p>Har du ogs\u00e5 blitt lei av alle de kjedelige bokhyllene med enkle hylleplater som knapt inspirerer barnet ditt til \u00e5 lese? I s\u00e5 fall synes vi at dette bok-treet er en fantastisk design. En helt unik utforming uten \u00e5 fjerne det praktiske man forventer av en bokhylle. Denne bokhyllen for barnerommet blir ogs\u00e5 et element som gj\u00f8r at rommet l\u00f8ftes et niv\u00e5, og det beste av alt er at du f\u00e5r plass til opptil 50 b\u00f8ker.<\/p>\n<p>Til bokhyllen kan du velge dine egne vakre detaljer fra skyer og fugler. Du har 8 plasser \u00e5 sette dem p\u00e5, og mikser akkurat som du vil selv. Du kan ogs\u00e5 velge farge p\u00e5 disse detaljene, mellom hvit, gr\u00e5, mint, rosa og svart. P\u00e5 denne m\u00e5ten gj\u00f8r du bokhyllen personlig og for \u00e5 passe optimalt med ditt barnerom.<\/p>\n<p>Bok-treet er laget av kryssfin\u00e9r og MDF, men har en naturlig trefront som du ogs\u00e5 kan velge en annen farge p\u00e5, meddel oss med en kommentar i kassen hvilken farge du vil ha.<\/p>\n<p>M\u00e5l:<\/p>\n<p>H\u00f8yde &#8211; 154 cm<\/p>\n<p>Bredde maks. &#8211; 100 cm<\/p>\n<p>Hylledybde &#8211; 20 cm<\/p>\n<p>Vekt &#8211; 15 kg<\/p>\n","protected":false},"excerpt":{"rendered":"<p>Har du ogs\u00e5 blitt lei av alle de kjedelige bokhyllene med enkle hylleplater som knapt inspirerer barnet ditt til \u00e5 lese? I s\u00e5 fall synes vi at dette bok-treet er en fantastisk design. En helt unik utforming uten \u00e5 fjerne det praktiske man forventer av en bokhylle. Denne bokhyllen for barnerommet blir ogs\u00e5 et element [&hellip;]<\/p>\n","protected":false},"featured_media":11593,"comment_status":"closed","ping_status":"open","template":"","meta":{"_acf_changed":false},"product_brand":[],"product_cat":[87,48],"product_tag":[],"class_list":{"0":"post-11591","1":"product","2":"type-product","3":"status-publish","4":"has-post-thumbnail","6":"product_cat-hyller","7":"product_cat-startside","9":"first","10":"outofstock","11":"taxable","12":"shipping-taxable","13":"purchasable","14":"product-type-simple"},"acf":[],"yoast_head":"<!-- This site is optimized with the Yoast SEO Premium plugin v25.8 (Yoast SEO v27.2) - https:\/\/yoast.com\/product\/yoast-seo-premium-wordpress\/ -->\n<title>Bokhylle til barnerommet i form av et vakkert tre - Babylove Norska<\/title>\n<meta name=\"robots\" content=\"noindex, follow, max-snippet:-1, max-image-preview:large, max-video-preview:-1\" \/>\n<meta property=\"og:locale\" content=\"nb_NO\" \/>\n<meta property=\"og:type\" content=\"article\" \/>\n<meta property=\"og:title\" content=\"Bokhylle til barnerommet i form av et vakkert tre\" \/>\n<meta property=\"og:description\" content=\"Har du ogs\u00e5 blitt lei av alle de kjedelige bokhyllene med enkle hylleplater som knapt inspirerer barnet ditt til \u00e5 lese? I s\u00e5 fall synes vi at dette bok-treet er en fantastisk design. En helt unik utforming uten \u00e5 fjerne det praktiske man forventer av en bokhylle. Denne bokhyllen for barnerommet blir ogs\u00e5 et element [&hellip;]\" \/>\n<meta property=\"og:url\" content=\"https:\/\/babylove.se\/no\/produkt\/bokhylle-til-barnerommet-i-form-av-et-vakkert-tre\/\" \/>\n<meta property=\"og:site_name\" content=\"Babylove Norska\" \/>\n<meta property=\"article:modified_time\" content=\"2026-04-08T07:49:29+00:00\" \/>\n<meta property=\"og:image\" content=\"https:\/\/babylove.se\/no\/wp-content\/uploads\/sites\/3\/2025\/07\/5c8f745e1ca83.jpeg\" \/>\n\t<meta property=\"og:image:width\" content=\"563\" \/>\n\t<meta property=\"og:image:height\" content=\"750\" \/>\n\t<meta property=\"og:image:type\" content=\"image\/jpeg\" \/>\n<meta name=\"twitter:card\" content=\"summary_large_image\" \/>\n<meta name=\"twitter:label1\" content=\"Price\" \/>\n\t<meta name=\"twitter:data1\" content=\"3 999,00&nbsp;&#107;&#114;\" \/>\n\t<meta name=\"twitter:label2\" content=\"Availability\" \/>\n\t<meta name=\"twitter:data2\" content=\"Out of stock\" \/>\n<script type=\"application\/ld+json\" class=\"yoast-schema-graph\">{\"@context\":\"https:\/\/schema.org\",\"@graph\":[{\"@type\":\"WebPage\",\"@id\":\"https:\/\/babylove.se\/no\/produkt\/bokhylle-til-barnerommet-i-form-av-et-vakkert-tre\/\",\"url\":\"https:\/\/babylove.se\/no\/produkt\/bokhylle-til-barnerommet-i-form-av-et-vakkert-tre\/\",\"name\":\"Bokhylle til barnerommet i form av et vakkert tre - Babylove Norska\",\"isPartOf\":{\"@id\":\"https:\/\/babylove.se\/no\/#website\"},\"primaryImageOfPage\":{\"@id\":\"https:\/\/babylove.se\/no\/produkt\/bokhylle-til-barnerommet-i-form-av-et-vakkert-tre\/#primaryimage\"},\"image\":{\"@id\":\"https:\/\/babylove.se\/no\/produkt\/bokhylle-til-barnerommet-i-form-av-et-vakkert-tre\/#primaryimage\"},\"thumbnailUrl\":\"https:\/\/babylove.se\/no\/wp-content\/uploads\/sites\/3\/2025\/07\/5c8f745e1ca83.jpeg\",\"datePublished\":\"2025-07-18T20:17:37+00:00\",\"dateModified\":\"2026-04-08T07:49:29+00:00\",\"breadcrumb\":{\"@id\":\"https:\/\/babylove.se\/no\/produkt\/bokhylle-til-barnerommet-i-form-av-et-vakkert-tre\/#breadcrumb\"},\"inLanguage\":\"nb-NO\",\"potentialAction\":[{\"@type\":\"ReadAction\",\"target\":[\"https:\/\/babylove.se\/no\/produkt\/bokhylle-til-barnerommet-i-form-av-et-vakkert-tre\/\"]}]},{\"@type\":\"ImageObject\",\"inLanguage\":\"nb-NO\",\"@id\":\"https:\/\/babylove.se\/no\/produkt\/bokhylle-til-barnerommet-i-form-av-et-vakkert-tre\/#primaryimage\",\"url\":\"https:\/\/babylove.se\/no\/wp-content\/uploads\/sites\/3\/2025\/07\/5c8f745e1ca83.jpeg\",\"contentUrl\":\"https:\/\/babylove.se\/no\/wp-content\/uploads\/sites\/3\/2025\/07\/5c8f745e1ca83.jpeg\",\"width\":563,\"height\":750},{\"@type\":\"BreadcrumbList\",\"@id\":\"https:\/\/babylove.se\/no\/produkt\/bokhylle-til-barnerommet-i-form-av-et-vakkert-tre\/#breadcrumb\",\"itemListElement\":[{\"@type\":\"ListItem\",\"position\":1,\"name\":\"Hem\",\"item\":\"https:\/\/babylove.se\/no\/\"},{\"@type\":\"ListItem\",\"position\":2,\"name\":\"Butik\",\"item\":\"https:\/\/babylove.se\/no\/butik\/\"},{\"@type\":\"ListItem\",\"position\":3,\"name\":\"Bokhylle til barnerommet i form av et vakkert tre\"}]},{\"@type\":\"WebSite\",\"@id\":\"https:\/\/babylove.se\/no\/#website\",\"url\":\"https:\/\/babylove.se\/no\/\",\"name\":\"Babylove Norska\",\"description\":\"\",\"potentialAction\":[{\"@type\":\"SearchAction\",\"target\":{\"@type\":\"EntryPoint\",\"urlTemplate\":\"https:\/\/babylove.se\/no\/?s={search_term_string}\"},\"query-input\":{\"@type\":\"PropertyValueSpecification\",\"valueRequired\":true,\"valueName\":\"search_term_string\"}}],\"inLanguage\":\"nb-NO\"}]}<\/script>\n<meta property=\"product:price:amount\" content=\"3999.00\" \/>\n<meta property=\"product:price:currency\" content=\"SEK\" \/>\n<meta property=\"og:availability\" content=\"out of stock\" \/>\n<meta property=\"product:availability\" content=\"out of stock\" \/>\n<meta property=\"product:retailer_item_id\" content=\"2438\" \/>\n<meta property=\"product:condition\" content=\"new\" \/>\n<!-- \/ Yoast SEO Premium plugin. -->","yoast_head_json":{"title":"Bokhylle til barnerommet i form av et vakkert tre - Babylove Norska","robots":{"index":"noindex","follow":"follow","max-snippet":"max-snippet:-1","max-image-preview":"max-image-preview:large","max-video-preview":"max-video-preview:-1"},"og_locale":"nb_NO","og_type":"article","og_title":"Bokhylle til barnerommet i form av et vakkert tre","og_description":"Har du ogs\u00e5 blitt lei av alle de kjedelige bokhyllene med enkle hylleplater som knapt inspirerer barnet ditt til \u00e5 lese? I s\u00e5 fall synes vi at dette bok-treet er en fantastisk design. En helt unik utforming uten \u00e5 fjerne det praktiske man forventer av en bokhylle. Denne bokhyllen for barnerommet blir ogs\u00e5 et element [&hellip;]","og_url":"https:\/\/babylove.se\/no\/produkt\/bokhylle-til-barnerommet-i-form-av-et-vakkert-tre\/","og_site_name":"Babylove Norska","article_modified_time":"2026-04-08T07:49:29+00:00","og_image":[{"width":563,"height":750,"url":"https:\/\/babylove.se\/no\/wp-content\/uploads\/sites\/3\/2025\/07\/5c8f745e1ca83.jpeg","type":"image\/jpeg"}],"twitter_card":"summary_large_image","twitter_misc":{"Price":"3 999,00&nbsp;&#107;&#114;","Availability":"Out of stock"},"schema":{"@context":"https:\/\/schema.org","@graph":[{"@type":"WebPage","@id":"https:\/\/babylove.se\/no\/produkt\/bokhylle-til-barnerommet-i-form-av-et-vakkert-tre\/","url":"https:\/\/babylove.se\/no\/produkt\/bokhylle-til-barnerommet-i-form-av-et-vakkert-tre\/","name":"Bokhylle til barnerommet i form av et vakkert tre - Babylove Norska","isPartOf":{"@id":"https:\/\/babylove.se\/no\/#website"},"primaryImageOfPage":{"@id":"https:\/\/babylove.se\/no\/produkt\/bokhylle-til-barnerommet-i-form-av-et-vakkert-tre\/#primaryimage"},"image":{"@id":"https:\/\/babylove.se\/no\/produkt\/bokhylle-til-barnerommet-i-form-av-et-vakkert-tre\/#primaryimage"},"thumbnailUrl":"https:\/\/babylove.se\/no\/wp-content\/uploads\/sites\/3\/2025\/07\/5c8f745e1ca83.jpeg","datePublished":"2025-07-18T20:17:37+00:00","dateModified":"2026-04-08T07:49:29+00:00","breadcrumb":{"@id":"https:\/\/babylove.se\/no\/produkt\/bokhylle-til-barnerommet-i-form-av-et-vakkert-tre\/#breadcrumb"},"inLanguage":"nb-NO","potentialAction":[{"@type":"ReadAction","target":["https:\/\/babylove.se\/no\/produkt\/bokhylle-til-barnerommet-i-form-av-et-vakkert-tre\/"]}]},{"@type":"ImageObject","inLanguage":"nb-NO","@id":"https:\/\/babylove.se\/no\/produkt\/bokhylle-til-barnerommet-i-form-av-et-vakkert-tre\/#primaryimage","url":"https:\/\/babylove.se\/no\/wp-content\/uploads\/sites\/3\/2025\/07\/5c8f745e1ca83.jpeg","contentUrl":"https:\/\/babylove.se\/no\/wp-content\/uploads\/sites\/3\/2025\/07\/5c8f745e1ca83.jpeg","width":563,"height":750},{"@type":"BreadcrumbList","@id":"https:\/\/babylove.se\/no\/produkt\/bokhylle-til-barnerommet-i-form-av-et-vakkert-tre\/#breadcrumb","itemListElement":[{"@type":"ListItem","position":1,"name":"Hem","item":"https:\/\/babylove.se\/no\/"},{"@type":"ListItem","position":2,"name":"Butik","item":"https:\/\/babylove.se\/no\/butik\/"},{"@type":"ListItem","position":3,"name":"Bokhylle til barnerommet i form av et vakkert tre"}]},{"@type":"WebSite","@id":"https:\/\/babylove.se\/no\/#website","url":"https:\/\/babylove.se\/no\/","name":"Babylove Norska","description":"","potentialAction":[{"@type":"SearchAction","target":{"@type":"EntryPoint","urlTemplate":"https:\/\/babylove.se\/no\/?s={search_term_string}"},"query-input":{"@type":"PropertyValueSpecification","valueRequired":true,"valueName":"search_term_string"}}],"inLanguage":"nb-NO"}]},"product_price_amount":"3999.00","product_price_currency":"SEK","og_availability":"out of stock","product_availability":"out of stock","product_retailer_item_id":"2438","product_condition":"new"},"_links":{"self":[{"href":"https:\/\/babylove.se\/no\/wp-json\/wp\/v2\/product\/11591","targetHints":{"allow":["GET"]}}],"collection":[{"href":"https:\/\/babylove.se\/no\/wp-json\/wp\/v2\/product"}],"about":[{"href":"https:\/\/babylove.se\/no\/wp-json\/wp\/v2\/types\/product"}],"replies":[{"embeddable":true,"href":"https:\/\/babylove.se\/no\/wp-json\/wp\/v2\/comments?post=11591"}],"wp:featuredmedia":[{"embeddable":true,"href":"https:\/\/babylove.se\/no\/wp-json\/wp\/v2\/media\/11593"}],"wp:attachment":[{"href":"https:\/\/babylove.se\/no\/wp-json\/wp\/v2\/media?parent=11591"}],"wp:term":[{"taxonomy":"product_brand","embeddable":true,"href":"https:\/\/babylove.se\/no\/wp-json\/wp\/v2\/product_brand?post=11591"},{"taxonomy":"product_cat","embeddable":true,"href":"https:\/\/babylove.se\/no\/wp-json\/wp\/v2\/product_cat?post=11591"},{"taxonomy":"product_tag","embeddable":true,"href":"https:\/\/babylove.se\/no\/wp-json\/wp\/v2\/product_tag?post=11591"}],"curies":[{"name":"wp","href":"https:\/\/api.w.org\/{rel}","templated":true}]}}