{"id":11644,"date":"2025-07-18T21:18:02","date_gmt":"2025-07-18T20:18:02","guid":{"rendered":"https:\/\/babylove.se\/produkt\/byra-river\/"},"modified":"2026-04-08T08:49:54","modified_gmt":"2026-04-08T07:49:54","slug":"byra-river","status":"publish","type":"product","link":"https:\/\/babylove.se\/no\/produkt\/byra-river\/","title":{"rendered":"Kommode river"},"content":{"rendered":"<p>H\u00e5ndlaget og ekstremt vakker kommode som finnes \u00e5 f\u00e5 i fire forskjellige farger, powder pink, powder bl\u00e5, hvit og naturfarge. <\/p>\n<p>Kommodens materiale er bj\u00f8rkeplywood som er produsert i henhold til en s\u00e5kalt EN71 \/ 3 &#8211; standard, som er et kvalitetssertifikat for barnem\u00f8bler og leker. Akrylfargene som brukes er ogs\u00e5 de sertifisert i henhold til EN71 \/ 3 &#8211; standard. I skuffene finnes det en beskyttelse slik at de ikke skal falle ut n\u00e5r barnet trekker i dem.<\/p>\n<p>M\u00f8belet kommer umontert men settes enkelt sammen i hjemmet. Med f\u00f8lger selvf\u00f8lgelig tydelige monteringsanvisninger.<\/p>\n<p>Du kan dessuten kj\u00f8pe til en spesiell overdel til kommoden for \u00e5 skape deg et perfekt stellebord. Du kan selv justere om du vil ha det i midten eller til h\u00f8yre\/venstre.<\/p>\n<p>Stellebordsdelen har blitt testet i samsvar med PN-EN 12221-1: 2009; PN-EN 12221-2: 2009; PN-EN 14749: 2007 PN-ISO 7170: 199 &#8211; n\u00e5r det gjelder \u00e5 opprettholde passende avstander mellom elementer, styrke og overflatebehandling (avrundede kanter og kvaliteten p\u00e5 materiale som brukes ved produksjonen).<\/p>\n<p>Kommoden er utstyrt med et veggmonteringssystem som beskytter den mot \u00e5 velte.<\/p>\n<p>M\u00e5l:<\/p>\n<ul>\n<li>H\u00f8yde 96 cm<\/li>\n<li>Bredde 106,5 cm<\/li>\n<li>Dybde 50 cm<\/li>\n<\/ul>\n","protected":false},"excerpt":{"rendered":"<p>H\u00e5ndlaget og ekstremt vakker kommode som finnes \u00e5 f\u00e5 i fire forskjellige farger, powder pink, powder bl\u00e5, hvit og naturfarge. Kommodens materiale er bj\u00f8rkeplywood som er produsert i henhold til en s\u00e5kalt EN71 \/ 3 &#8211; standard, som er et kvalitetssertifikat for barnem\u00f8bler og leker. Akrylfargene som brukes er ogs\u00e5 de sertifisert i henhold til [&hellip;]<\/p>\n","protected":false},"featured_media":11646,"comment_status":"closed","ping_status":"open","template":"","meta":{"_acf_changed":false},"product_brand":[596],"product_cat":[595,367,48,597],"product_tag":[1689],"class_list":{"0":"post-11644","1":"product","2":"type-product","3":"status-publish","4":"has-post-thumbnail","6":"product_brand-woodluck","7":"product_cat-garderobe","8":"product_cat-byra","9":"product_cat-startside","10":"product_cat-woodluck","11":"product_tag-bestillingsvaror","13":"first","14":"instock","15":"taxable","16":"shipping-taxable","17":"purchasable","18":"product-type-simple"},"acf":[],"yoast_head":"<!-- This site is optimized with the Yoast SEO Premium plugin v25.8 (Yoast SEO v27.2) - https:\/\/yoast.com\/product\/yoast-seo-premium-wordpress\/ -->\n<title>Kommode river - Babylove Norska<\/title>\n<meta name=\"robots\" content=\"noindex, follow, max-snippet:-1, max-image-preview:large, max-video-preview:-1\" \/>\n<meta property=\"og:locale\" content=\"nb_NO\" \/>\n<meta property=\"og:type\" content=\"article\" \/>\n<meta property=\"og:title\" content=\"Kommode river\" \/>\n<meta property=\"og:description\" content=\"H\u00e5ndlaget og ekstremt vakker kommode som finnes \u00e5 f\u00e5 i fire forskjellige farger, powder pink, powder bl\u00e5, hvit og naturfarge. Kommodens materiale er bj\u00f8rkeplywood som er produsert i henhold til en s\u00e5kalt EN71 \/ 3 &#8211; standard, som er et kvalitetssertifikat for barnem\u00f8bler og leker. Akrylfargene som brukes er ogs\u00e5 de sertifisert i henhold til [&hellip;]\" \/>\n<meta property=\"og:url\" content=\"https:\/\/babylove.se\/no\/produkt\/byra-river\/\" \/>\n<meta property=\"og:site_name\" content=\"Babylove Norska\" \/>\n<meta property=\"article:modified_time\" content=\"2026-04-08T07:49:54+00:00\" \/>\n<meta property=\"og:image\" content=\"https:\/\/babylove.se\/no\/wp-content\/uploads\/sites\/3\/2025\/07\/5c94c79d62a1b.png\" \/>\n\t<meta property=\"og:image:width\" content=\"600\" \/>\n\t<meta property=\"og:image:height\" content=\"600\" \/>\n\t<meta property=\"og:image:type\" content=\"image\/png\" \/>\n<meta name=\"twitter:card\" content=\"summary_large_image\" \/>\n<meta name=\"twitter:label1\" content=\"Price\" \/>\n\t<meta name=\"twitter:data1\" content=\"7 499,00&nbsp;&#107;&#114;\" \/>\n\t<meta name=\"twitter:label2\" content=\"Availability\" \/>\n\t<meta name=\"twitter:data2\" content=\"In stock\" \/>\n<script type=\"application\/ld+json\" class=\"yoast-schema-graph\">{\"@context\":\"https:\/\/schema.org\",\"@graph\":[{\"@type\":\"WebPage\",\"@id\":\"https:\/\/babylove.se\/no\/produkt\/byra-river\/\",\"url\":\"https:\/\/babylove.se\/no\/produkt\/byra-river\/\",\"name\":\"Kommode river - Babylove Norska\",\"isPartOf\":{\"@id\":\"https:\/\/babylove.se\/no\/#website\"},\"primaryImageOfPage\":{\"@id\":\"https:\/\/babylove.se\/no\/produkt\/byra-river\/#primaryimage\"},\"image\":{\"@id\":\"https:\/\/babylove.se\/no\/produkt\/byra-river\/#primaryimage\"},\"thumbnailUrl\":\"https:\/\/babylove.se\/no\/wp-content\/uploads\/sites\/3\/2025\/07\/5c94c79d62a1b.png\",\"datePublished\":\"2025-07-18T20:18:02+00:00\",\"dateModified\":\"2026-04-08T07:49:54+00:00\",\"breadcrumb\":{\"@id\":\"https:\/\/babylove.se\/no\/produkt\/byra-river\/#breadcrumb\"},\"inLanguage\":\"nb-NO\",\"potentialAction\":[{\"@type\":\"ReadAction\",\"target\":[\"https:\/\/babylove.se\/no\/produkt\/byra-river\/\"]}]},{\"@type\":\"ImageObject\",\"inLanguage\":\"nb-NO\",\"@id\":\"https:\/\/babylove.se\/no\/produkt\/byra-river\/#primaryimage\",\"url\":\"https:\/\/babylove.se\/no\/wp-content\/uploads\/sites\/3\/2025\/07\/5c94c79d62a1b.png\",\"contentUrl\":\"https:\/\/babylove.se\/no\/wp-content\/uploads\/sites\/3\/2025\/07\/5c94c79d62a1b.png\",\"width\":600,\"height\":600},{\"@type\":\"BreadcrumbList\",\"@id\":\"https:\/\/babylove.se\/no\/produkt\/byra-river\/#breadcrumb\",\"itemListElement\":[{\"@type\":\"ListItem\",\"position\":1,\"name\":\"Hem\",\"item\":\"https:\/\/babylove.se\/no\/\"},{\"@type\":\"ListItem\",\"position\":2,\"name\":\"Butik\",\"item\":\"https:\/\/babylove.se\/no\/butik\/\"},{\"@type\":\"ListItem\",\"position\":3,\"name\":\"Kommode river\"}]},{\"@type\":\"WebSite\",\"@id\":\"https:\/\/babylove.se\/no\/#website\",\"url\":\"https:\/\/babylove.se\/no\/\",\"name\":\"Babylove Norska\",\"description\":\"\",\"potentialAction\":[{\"@type\":\"SearchAction\",\"target\":{\"@type\":\"EntryPoint\",\"urlTemplate\":\"https:\/\/babylove.se\/no\/?s={search_term_string}\"},\"query-input\":{\"@type\":\"PropertyValueSpecification\",\"valueRequired\":true,\"valueName\":\"search_term_string\"}}],\"inLanguage\":\"nb-NO\"}]}<\/script>\n<meta property=\"product:brand\" content=\"Woodluck\" \/>\n<meta property=\"product:price:amount\" content=\"7499.00\" \/>\n<meta property=\"product:price:currency\" content=\"SEK\" \/>\n<meta property=\"og:availability\" content=\"instock\" \/>\n<meta property=\"product:availability\" content=\"instock\" \/>\n<meta property=\"product:retailer_item_id\" content=\"2459\" \/>\n<meta property=\"product:condition\" content=\"new\" \/>\n<!-- \/ Yoast SEO Premium plugin. -->","yoast_head_json":{"title":"Kommode river - Babylove Norska","robots":{"index":"noindex","follow":"follow","max-snippet":"max-snippet:-1","max-image-preview":"max-image-preview:large","max-video-preview":"max-video-preview:-1"},"og_locale":"nb_NO","og_type":"article","og_title":"Kommode river","og_description":"H\u00e5ndlaget og ekstremt vakker kommode som finnes \u00e5 f\u00e5 i fire forskjellige farger, powder pink, powder bl\u00e5, hvit og naturfarge. Kommodens materiale er bj\u00f8rkeplywood som er produsert i henhold til en s\u00e5kalt EN71 \/ 3 &#8211; standard, som er et kvalitetssertifikat for barnem\u00f8bler og leker. Akrylfargene som brukes er ogs\u00e5 de sertifisert i henhold til [&hellip;]","og_url":"https:\/\/babylove.se\/no\/produkt\/byra-river\/","og_site_name":"Babylove Norska","article_modified_time":"2026-04-08T07:49:54+00:00","og_image":[{"width":600,"height":600,"url":"https:\/\/babylove.se\/no\/wp-content\/uploads\/sites\/3\/2025\/07\/5c94c79d62a1b.png","type":"image\/png"}],"twitter_card":"summary_large_image","twitter_misc":{"Price":"7 499,00&nbsp;&#107;&#114;","Availability":"In stock"},"schema":{"@context":"https:\/\/schema.org","@graph":[{"@type":"WebPage","@id":"https:\/\/babylove.se\/no\/produkt\/byra-river\/","url":"https:\/\/babylove.se\/no\/produkt\/byra-river\/","name":"Kommode river - Babylove Norska","isPartOf":{"@id":"https:\/\/babylove.se\/no\/#website"},"primaryImageOfPage":{"@id":"https:\/\/babylove.se\/no\/produkt\/byra-river\/#primaryimage"},"image":{"@id":"https:\/\/babylove.se\/no\/produkt\/byra-river\/#primaryimage"},"thumbnailUrl":"https:\/\/babylove.se\/no\/wp-content\/uploads\/sites\/3\/2025\/07\/5c94c79d62a1b.png","datePublished":"2025-07-18T20:18:02+00:00","dateModified":"2026-04-08T07:49:54+00:00","breadcrumb":{"@id":"https:\/\/babylove.se\/no\/produkt\/byra-river\/#breadcrumb"},"inLanguage":"nb-NO","potentialAction":[{"@type":"ReadAction","target":["https:\/\/babylove.se\/no\/produkt\/byra-river\/"]}]},{"@type":"ImageObject","inLanguage":"nb-NO","@id":"https:\/\/babylove.se\/no\/produkt\/byra-river\/#primaryimage","url":"https:\/\/babylove.se\/no\/wp-content\/uploads\/sites\/3\/2025\/07\/5c94c79d62a1b.png","contentUrl":"https:\/\/babylove.se\/no\/wp-content\/uploads\/sites\/3\/2025\/07\/5c94c79d62a1b.png","width":600,"height":600},{"@type":"BreadcrumbList","@id":"https:\/\/babylove.se\/no\/produkt\/byra-river\/#breadcrumb","itemListElement":[{"@type":"ListItem","position":1,"name":"Hem","item":"https:\/\/babylove.se\/no\/"},{"@type":"ListItem","position":2,"name":"Butik","item":"https:\/\/babylove.se\/no\/butik\/"},{"@type":"ListItem","position":3,"name":"Kommode river"}]},{"@type":"WebSite","@id":"https:\/\/babylove.se\/no\/#website","url":"https:\/\/babylove.se\/no\/","name":"Babylove Norska","description":"","potentialAction":[{"@type":"SearchAction","target":{"@type":"EntryPoint","urlTemplate":"https:\/\/babylove.se\/no\/?s={search_term_string}"},"query-input":{"@type":"PropertyValueSpecification","valueRequired":true,"valueName":"search_term_string"}}],"inLanguage":"nb-NO"}]},"product_brand":"Woodluck","product_price_amount":"7499.00","product_price_currency":"SEK","og_availability":"instock","product_availability":"instock","product_retailer_item_id":"2459","product_condition":"new"},"_links":{"self":[{"href":"https:\/\/babylove.se\/no\/wp-json\/wp\/v2\/product\/11644","targetHints":{"allow":["GET"]}}],"collection":[{"href":"https:\/\/babylove.se\/no\/wp-json\/wp\/v2\/product"}],"about":[{"href":"https:\/\/babylove.se\/no\/wp-json\/wp\/v2\/types\/product"}],"replies":[{"embeddable":true,"href":"https:\/\/babylove.se\/no\/wp-json\/wp\/v2\/comments?post=11644"}],"wp:featuredmedia":[{"embeddable":true,"href":"https:\/\/babylove.se\/no\/wp-json\/wp\/v2\/media\/11646"}],"wp:attachment":[{"href":"https:\/\/babylove.se\/no\/wp-json\/wp\/v2\/media?parent=11644"}],"wp:term":[{"taxonomy":"product_brand","embeddable":true,"href":"https:\/\/babylove.se\/no\/wp-json\/wp\/v2\/product_brand?post=11644"},{"taxonomy":"product_cat","embeddable":true,"href":"https:\/\/babylove.se\/no\/wp-json\/wp\/v2\/product_cat?post=11644"},{"taxonomy":"product_tag","embeddable":true,"href":"https:\/\/babylove.se\/no\/wp-json\/wp\/v2\/product_tag?post=11644"}],"curies":[{"name":"wp","href":"https:\/\/api.w.org\/{rel}","templated":true}]}}