{"id":1165,"date":"2025-07-18T20:00:07","date_gmt":"2025-07-18T19:00:07","guid":{"rendered":"https:\/\/babylove.se\/produkt\/kanin-stol-mint1\/"},"modified":"2026-04-08T07:39:43","modified_gmt":"2026-04-08T06:39:43","slug":"kanin-stol-mint1","status":"publish","type":"product","link":"https:\/\/babylove.se\/no\/produkt\/kanin-stol-mint1\/","title":{"rendered":"Sett med to kaninstoler for st\u00f8rre barn, mint"},"content":{"rendered":"<p><strong>Sett med to kaninstoler for st\u00f8rre &nbsp;barn , mint<\/strong><\/p>\n<p>Et eksepsjonelt sett med to mintstoler med formen av en <strong>kanin&nbsp;<\/strong>som gir en fantastisk sjarm til barnerommet.&nbsp;<\/p>\n<p>Stolene kan selvsagt brukes ogs\u00e5 til barnebordet, men er samtidig en fin innredningsdetalj. En stabil og sterk konstruksjon som samtidig er behagelig for barnet.&nbsp;<\/p>\n<p>Stolene finnes i tre farger, hvit, rosa, mint men har du \u00f8nske om en helt egen farge, kontakt oss s\u00e5 kommer vi tilbake med pris.&nbsp;<\/p>\n<p><strong>Materiale<\/strong>: M\u00f8blene er helt laget av furutre og oppfyller alle krav til gode barnem\u00f8bler av ekte tre.&nbsp;<\/p>\n<p>M\u00f8blene er helt laget for h\u00e5nd og vi vil derfor understreke at utseendet p\u00e5 m\u00f8blene er mer robust enn fabrikktilverkede. Kvister og struktur kan synes gjennom fargen. Dette gir m\u00f8blene en unik karakter. Beina er limt og ikke skrudd.<\/p>\n<p><strong>M\u00e5l<\/strong>: H\u00f8yde 60 cm, sittets bredde 30 cm.&nbsp;<\/p>\n<p><u>M\u00f8blene er tilpasset for de litt st\u00f8rre barna, mellom 2,5 -6 &nbsp;\u00e5rs alder. Babylove.se har ogs\u00e5 en annen type kaninstoler som passer de noe mindre barna, fra 1 &#8211; 4 &nbsp;\u00e5rs alder.<\/u><\/p>\n<p>Viktig! Dette produktet produseres kun ved bestilling og derfor blir leveringstiden ca 10 arbeidsdager<\/p>\n<p>Designer: Bambooko<\/p>\n","protected":false},"excerpt":{"rendered":"<p>Sett med to kaninstoler for st\u00f8rre &nbsp;barn , mint Et eksepsjonelt sett med to mintstoler med formen av en kanin&nbsp;som gir en fantastisk sjarm til barnerommet.&nbsp; Stolene kan selvsagt brukes ogs\u00e5 til barnebordet, men er samtidig en fin innredningsdetalj. En stabil og sterk konstruksjon som samtidig er behagelig for barnet.&nbsp; Stolene finnes i tre farger, [&hellip;]<\/p>\n","protected":false},"featured_media":1167,"comment_status":"closed","ping_status":"open","template":"","meta":{"_acf_changed":false},"product_brand":[22],"product_cat":[26,80],"product_tag":[],"class_list":{"0":"post-1165","1":"product","2":"type-product","3":"status-publish","4":"has-post-thumbnail","6":"product_brand-babylove","7":"product_cat-kjop-produkter-som-ikke-bare-er-for-gutter","8":"product_cat-stoler","10":"first","11":"outofstock","12":"taxable","13":"shipping-taxable","14":"purchasable","15":"product-type-simple"},"acf":[],"yoast_head":"<!-- This site is optimized with the Yoast SEO Premium plugin v25.8 (Yoast SEO v27.2) - https:\/\/yoast.com\/product\/yoast-seo-premium-wordpress\/ -->\n<title>K\u00f6p en kaninstol i mint av h\u00f6g kvalitet<\/title>\n<meta name=\"description\" content=\"Exceptionell stol med formen av en kanin som ger en fantastisk charm till barnrummet. Gjord av pinjetr\u00e4 H\u00f6g kvalitet Smidig frakt - V\u00e4lkommen!\" \/>\n<meta name=\"robots\" content=\"noindex, follow, max-snippet:-1, max-image-preview:large, max-video-preview:-1\" \/>\n<meta property=\"og:locale\" content=\"nb_NO\" \/>\n<meta property=\"og:type\" content=\"article\" \/>\n<meta property=\"og:title\" content=\"Sett med to kaninstoler for st\u00f8rre barn, mint\" \/>\n<meta property=\"og:description\" content=\"Exceptionell stol med formen av en kanin som ger en fantastisk charm till barnrummet. Gjord av pinjetr\u00e4 H\u00f6g kvalitet Smidig frakt - V\u00e4lkommen!\" \/>\n<meta property=\"og:url\" content=\"https:\/\/babylove.se\/no\/produkt\/kanin-stol-mint1\/\" \/>\n<meta property=\"og:site_name\" content=\"Babylove Norska\" \/>\n<meta property=\"article:modified_time\" content=\"2026-04-08T06:39:43+00:00\" \/>\n<meta property=\"og:image\" content=\"https:\/\/babylove.se\/no\/wp-content\/uploads\/sites\/3\/2025\/07\/5757d1a9a6e55.jpeg\" \/>\n\t<meta property=\"og:image:width\" content=\"429\" \/>\n\t<meta property=\"og:image:height\" content=\"640\" \/>\n\t<meta property=\"og:image:type\" content=\"image\/jpeg\" \/>\n<meta name=\"twitter:card\" content=\"summary_large_image\" \/>\n<meta name=\"twitter:label1\" content=\"Price\" \/>\n\t<meta name=\"twitter:data1\" content=\"1 799,00&nbsp;&#107;&#114;\" \/>\n\t<meta name=\"twitter:label2\" content=\"Availability\" \/>\n\t<meta name=\"twitter:data2\" content=\"Out of stock\" \/>\n<script type=\"application\/ld+json\" class=\"yoast-schema-graph\">{\"@context\":\"https:\/\/schema.org\",\"@graph\":[{\"@type\":\"WebPage\",\"@id\":\"https:\/\/babylove.se\/no\/produkt\/kanin-stol-mint1\/\",\"url\":\"https:\/\/babylove.se\/no\/produkt\/kanin-stol-mint1\/\",\"name\":\"K\u00f6p en kaninstol i mint av h\u00f6g kvalitet\",\"isPartOf\":{\"@id\":\"https:\/\/babylove.se\/no\/#website\"},\"primaryImageOfPage\":{\"@id\":\"https:\/\/babylove.se\/no\/produkt\/kanin-stol-mint1\/#primaryimage\"},\"image\":{\"@id\":\"https:\/\/babylove.se\/no\/produkt\/kanin-stol-mint1\/#primaryimage\"},\"thumbnailUrl\":\"https:\/\/babylove.se\/no\/wp-content\/uploads\/sites\/3\/2025\/07\/5757d1a9a6e55.jpeg\",\"datePublished\":\"2025-07-18T19:00:07+00:00\",\"dateModified\":\"2026-04-08T06:39:43+00:00\",\"description\":\"Exceptionell stol med formen av en kanin som ger en fantastisk charm till barnrummet. Gjord av pinjetr\u00e4 H\u00f6g kvalitet Smidig frakt - V\u00e4lkommen!\",\"breadcrumb\":{\"@id\":\"https:\/\/babylove.se\/no\/produkt\/kanin-stol-mint1\/#breadcrumb\"},\"inLanguage\":\"nb-NO\",\"potentialAction\":[{\"@type\":\"ReadAction\",\"target\":[\"https:\/\/babylove.se\/no\/produkt\/kanin-stol-mint1\/\"]}]},{\"@type\":\"ImageObject\",\"inLanguage\":\"nb-NO\",\"@id\":\"https:\/\/babylove.se\/no\/produkt\/kanin-stol-mint1\/#primaryimage\",\"url\":\"https:\/\/babylove.se\/no\/wp-content\/uploads\/sites\/3\/2025\/07\/5757d1a9a6e55.jpeg\",\"contentUrl\":\"https:\/\/babylove.se\/no\/wp-content\/uploads\/sites\/3\/2025\/07\/5757d1a9a6e55.jpeg\",\"width\":429,\"height\":640},{\"@type\":\"BreadcrumbList\",\"@id\":\"https:\/\/babylove.se\/no\/produkt\/kanin-stol-mint1\/#breadcrumb\",\"itemListElement\":[{\"@type\":\"ListItem\",\"position\":1,\"name\":\"Hem\",\"item\":\"https:\/\/babylove.se\/no\/\"},{\"@type\":\"ListItem\",\"position\":2,\"name\":\"Butik\",\"item\":\"https:\/\/babylove.se\/no\/butik\/\"},{\"@type\":\"ListItem\",\"position\":3,\"name\":\"Sett med to kaninstoler for st\u00f8rre barn, mint\"}]},{\"@type\":\"WebSite\",\"@id\":\"https:\/\/babylove.se\/no\/#website\",\"url\":\"https:\/\/babylove.se\/no\/\",\"name\":\"Babylove Norska\",\"description\":\"\",\"potentialAction\":[{\"@type\":\"SearchAction\",\"target\":{\"@type\":\"EntryPoint\",\"urlTemplate\":\"https:\/\/babylove.se\/no\/?s={search_term_string}\"},\"query-input\":{\"@type\":\"PropertyValueSpecification\",\"valueRequired\":true,\"valueName\":\"search_term_string\"}}],\"inLanguage\":\"nb-NO\"}]}<\/script>\n<meta property=\"product:brand\" content=\"Babylove\" \/>\n<meta property=\"product:price:amount\" content=\"1799.00\" \/>\n<meta property=\"product:price:currency\" content=\"SEK\" \/>\n<meta property=\"og:availability\" content=\"out of stock\" \/>\n<meta property=\"product:availability\" content=\"out of stock\" \/>\n<meta property=\"product:retailer_item_id\" content=\"597\" \/>\n<meta property=\"product:condition\" content=\"new\" \/>\n<!-- \/ Yoast SEO Premium plugin. -->","yoast_head_json":{"title":"K\u00f6p en kaninstol i mint av h\u00f6g kvalitet","description":"Exceptionell stol med formen av en kanin som ger en fantastisk charm till barnrummet. Gjord av pinjetr\u00e4 H\u00f6g kvalitet Smidig frakt - V\u00e4lkommen!","robots":{"index":"noindex","follow":"follow","max-snippet":"max-snippet:-1","max-image-preview":"max-image-preview:large","max-video-preview":"max-video-preview:-1"},"og_locale":"nb_NO","og_type":"article","og_title":"Sett med to kaninstoler for st\u00f8rre barn, mint","og_description":"Exceptionell stol med formen av en kanin som ger en fantastisk charm till barnrummet. Gjord av pinjetr\u00e4 H\u00f6g kvalitet Smidig frakt - V\u00e4lkommen!","og_url":"https:\/\/babylove.se\/no\/produkt\/kanin-stol-mint1\/","og_site_name":"Babylove Norska","article_modified_time":"2026-04-08T06:39:43+00:00","og_image":[{"width":429,"height":640,"url":"https:\/\/babylove.se\/no\/wp-content\/uploads\/sites\/3\/2025\/07\/5757d1a9a6e55.jpeg","type":"image\/jpeg"}],"twitter_card":"summary_large_image","twitter_misc":{"Price":"1 799,00&nbsp;&#107;&#114;","Availability":"Out of stock"},"schema":{"@context":"https:\/\/schema.org","@graph":[{"@type":"WebPage","@id":"https:\/\/babylove.se\/no\/produkt\/kanin-stol-mint1\/","url":"https:\/\/babylove.se\/no\/produkt\/kanin-stol-mint1\/","name":"K\u00f6p en kaninstol i mint av h\u00f6g kvalitet","isPartOf":{"@id":"https:\/\/babylove.se\/no\/#website"},"primaryImageOfPage":{"@id":"https:\/\/babylove.se\/no\/produkt\/kanin-stol-mint1\/#primaryimage"},"image":{"@id":"https:\/\/babylove.se\/no\/produkt\/kanin-stol-mint1\/#primaryimage"},"thumbnailUrl":"https:\/\/babylove.se\/no\/wp-content\/uploads\/sites\/3\/2025\/07\/5757d1a9a6e55.jpeg","datePublished":"2025-07-18T19:00:07+00:00","dateModified":"2026-04-08T06:39:43+00:00","description":"Exceptionell stol med formen av en kanin som ger en fantastisk charm till barnrummet. Gjord av pinjetr\u00e4 H\u00f6g kvalitet Smidig frakt - V\u00e4lkommen!","breadcrumb":{"@id":"https:\/\/babylove.se\/no\/produkt\/kanin-stol-mint1\/#breadcrumb"},"inLanguage":"nb-NO","potentialAction":[{"@type":"ReadAction","target":["https:\/\/babylove.se\/no\/produkt\/kanin-stol-mint1\/"]}]},{"@type":"ImageObject","inLanguage":"nb-NO","@id":"https:\/\/babylove.se\/no\/produkt\/kanin-stol-mint1\/#primaryimage","url":"https:\/\/babylove.se\/no\/wp-content\/uploads\/sites\/3\/2025\/07\/5757d1a9a6e55.jpeg","contentUrl":"https:\/\/babylove.se\/no\/wp-content\/uploads\/sites\/3\/2025\/07\/5757d1a9a6e55.jpeg","width":429,"height":640},{"@type":"BreadcrumbList","@id":"https:\/\/babylove.se\/no\/produkt\/kanin-stol-mint1\/#breadcrumb","itemListElement":[{"@type":"ListItem","position":1,"name":"Hem","item":"https:\/\/babylove.se\/no\/"},{"@type":"ListItem","position":2,"name":"Butik","item":"https:\/\/babylove.se\/no\/butik\/"},{"@type":"ListItem","position":3,"name":"Sett med to kaninstoler for st\u00f8rre barn, mint"}]},{"@type":"WebSite","@id":"https:\/\/babylove.se\/no\/#website","url":"https:\/\/babylove.se\/no\/","name":"Babylove Norska","description":"","potentialAction":[{"@type":"SearchAction","target":{"@type":"EntryPoint","urlTemplate":"https:\/\/babylove.se\/no\/?s={search_term_string}"},"query-input":{"@type":"PropertyValueSpecification","valueRequired":true,"valueName":"search_term_string"}}],"inLanguage":"nb-NO"}]},"product_brand":"Babylove","product_price_amount":"1799.00","product_price_currency":"SEK","og_availability":"out of stock","product_availability":"out of stock","product_retailer_item_id":"597","product_condition":"new"},"_links":{"self":[{"href":"https:\/\/babylove.se\/no\/wp-json\/wp\/v2\/product\/1165","targetHints":{"allow":["GET"]}}],"collection":[{"href":"https:\/\/babylove.se\/no\/wp-json\/wp\/v2\/product"}],"about":[{"href":"https:\/\/babylove.se\/no\/wp-json\/wp\/v2\/types\/product"}],"replies":[{"embeddable":true,"href":"https:\/\/babylove.se\/no\/wp-json\/wp\/v2\/comments?post=1165"}],"wp:featuredmedia":[{"embeddable":true,"href":"https:\/\/babylove.se\/no\/wp-json\/wp\/v2\/media\/1167"}],"wp:attachment":[{"href":"https:\/\/babylove.se\/no\/wp-json\/wp\/v2\/media?parent=1165"}],"wp:term":[{"taxonomy":"product_brand","embeddable":true,"href":"https:\/\/babylove.se\/no\/wp-json\/wp\/v2\/product_brand?post=1165"},{"taxonomy":"product_cat","embeddable":true,"href":"https:\/\/babylove.se\/no\/wp-json\/wp\/v2\/product_cat?post=1165"},{"taxonomy":"product_tag","embeddable":true,"href":"https:\/\/babylove.se\/no\/wp-json\/wp\/v2\/product_tag?post=1165"}],"curies":[{"name":"wp","href":"https:\/\/api.w.org\/{rel}","templated":true}]}}