{"id":11651,"date":"2025-07-18T21:18:02","date_gmt":"2025-07-18T20:18:02","guid":{"rendered":"https:\/\/babylove.se\/produkt\/spjalsang-och-juniorsang-2-in-1\/"},"modified":"2026-04-08T08:49:56","modified_gmt":"2026-04-08T07:49:56","slug":"sprinkelseng-og-juniorseng-2-in-1","status":"publish","type":"product","link":"https:\/\/babylove.se\/no\/produkt\/sprinkelseng-og-juniorseng-2-in-1\/","title":{"rendered":"Sprinkelseng og juniorseng, 2 in 1"},"content":{"rendered":"<p>H\u00e5ndlaget og unik &#8220;2 i 1&#8221; sprinkelseng og juniorseng som finnes i fire forskjellige farger, powder rosa, powder bl\u00e5, hvit og naturfarge.<\/p>\n<p>Sengens materiale er bj\u00f8rkefiner som er produsert i henhold til s\u00e5kalt EN71 \/ 3 &#8211; standard, som er et kvalitetssertifikat for barnem\u00f8bler og leker. Akrylfargene som brukes er ogs\u00e5 sertifisert i henhold til EN71 \/ 3 &#8211; standard.<\/p>\n<p>Bunnen kan justeres i tre forskjellige posisjoner for babyen og sengen er forberedt for \u00e5 gj\u00f8res om til en juniorseng n\u00e5r barnet vokser.<\/p>\n<p>Sengen er testet i samsvar med DIN EN 716-1 + A1: 2013, EN 716-2 + A1: 2013 &#8211; For ditt barns sikkerhet)<\/p>\n<p>M\u00e5l:<\/p>\n<ul>\n<li>H\u00f8yde 90 cm<\/li>\n<li>Bredde 74,5 cm<\/li>\n<li>Dybde 143,5 cm<\/li>\n<\/ul>\n","protected":false},"excerpt":{"rendered":"<p>H\u00e5ndlaget og unik &#8220;2 i 1&#8221; sprinkelseng og juniorseng som finnes i fire forskjellige farger, powder rosa, powder bl\u00e5, hvit og naturfarge. Sengens materiale er bj\u00f8rkefiner som er produsert i henhold til s\u00e5kalt EN71 \/ 3 &#8211; standard, som er et kvalitetssertifikat for barnem\u00f8bler og leker. Akrylfargene som brukes er ogs\u00e5 sertifisert i henhold til [&hellip;]<\/p>\n","protected":false},"featured_media":11653,"comment_status":"closed","ping_status":"open","template":"","meta":{"_acf_changed":false},"product_brand":[596],"product_cat":[279,40,48,597],"product_tag":[1689],"class_list":{"0":"post-11651","1":"product","2":"type-product","3":"status-publish","4":"has-post-thumbnail","6":"product_brand-woodluck","7":"product_cat-spjlsngar","8":"product_cat-soverom-barn","9":"product_cat-startside","10":"product_cat-woodluck","11":"product_tag-bestillingsvaror","13":"first","14":"instock","15":"taxable","16":"shipping-taxable","17":"purchasable","18":"product-type-simple"},"acf":[],"yoast_head":"<!-- This site is optimized with the Yoast SEO Premium plugin v25.8 (Yoast SEO v27.2) - https:\/\/yoast.com\/product\/yoast-seo-premium-wordpress\/ -->\n<title>Sprinkelseng og juniorseng, 2 in 1 - Babylove Norska<\/title>\n<meta name=\"robots\" content=\"noindex, follow, max-snippet:-1, max-image-preview:large, max-video-preview:-1\" \/>\n<meta property=\"og:locale\" content=\"nb_NO\" \/>\n<meta property=\"og:type\" content=\"article\" \/>\n<meta property=\"og:title\" content=\"Sprinkelseng og juniorseng, 2 in 1\" \/>\n<meta property=\"og:description\" content=\"H\u00e5ndlaget og unik &#8220;2 i 1&#8221; sprinkelseng og juniorseng som finnes i fire forskjellige farger, powder rosa, powder bl\u00e5, hvit og naturfarge. Sengens materiale er bj\u00f8rkefiner som er produsert i henhold til s\u00e5kalt EN71 \/ 3 &#8211; standard, som er et kvalitetssertifikat for barnem\u00f8bler og leker. Akrylfargene som brukes er ogs\u00e5 sertifisert i henhold til [&hellip;]\" \/>\n<meta property=\"og:url\" content=\"https:\/\/babylove.se\/no\/produkt\/sprinkelseng-og-juniorseng-2-in-1\/\" \/>\n<meta property=\"og:site_name\" content=\"Babylove Norska\" \/>\n<meta property=\"article:modified_time\" content=\"2026-04-08T07:49:56+00:00\" \/>\n<meta property=\"og:image\" content=\"https:\/\/babylove.se\/no\/wp-content\/uploads\/sites\/3\/2025\/07\/5dbac0aac755a.jpeg\" \/>\n\t<meta property=\"og:image:width\" content=\"750\" \/>\n\t<meta property=\"og:image:height\" content=\"750\" \/>\n\t<meta property=\"og:image:type\" content=\"image\/jpeg\" \/>\n<meta name=\"twitter:card\" content=\"summary_large_image\" \/>\n<meta name=\"twitter:label1\" content=\"Price\" \/>\n\t<meta name=\"twitter:data1\" content=\"4 699,00&nbsp;&#107;&#114;\" \/>\n\t<meta name=\"twitter:label2\" content=\"Availability\" \/>\n\t<meta name=\"twitter:data2\" content=\"In stock\" \/>\n<script type=\"application\/ld+json\" class=\"yoast-schema-graph\">{\"@context\":\"https:\/\/schema.org\",\"@graph\":[{\"@type\":\"WebPage\",\"@id\":\"https:\/\/babylove.se\/no\/produkt\/sprinkelseng-og-juniorseng-2-in-1\/\",\"url\":\"https:\/\/babylove.se\/no\/produkt\/sprinkelseng-og-juniorseng-2-in-1\/\",\"name\":\"Sprinkelseng og juniorseng, 2 in 1 - Babylove Norska\",\"isPartOf\":{\"@id\":\"https:\/\/babylove.se\/no\/#website\"},\"primaryImageOfPage\":{\"@id\":\"https:\/\/babylove.se\/no\/produkt\/sprinkelseng-og-juniorseng-2-in-1\/#primaryimage\"},\"image\":{\"@id\":\"https:\/\/babylove.se\/no\/produkt\/sprinkelseng-og-juniorseng-2-in-1\/#primaryimage\"},\"thumbnailUrl\":\"https:\/\/babylove.se\/no\/wp-content\/uploads\/sites\/3\/2025\/07\/5dbac0aac755a.jpeg\",\"datePublished\":\"2025-07-18T20:18:02+00:00\",\"dateModified\":\"2026-04-08T07:49:56+00:00\",\"breadcrumb\":{\"@id\":\"https:\/\/babylove.se\/no\/produkt\/sprinkelseng-og-juniorseng-2-in-1\/#breadcrumb\"},\"inLanguage\":\"nb-NO\",\"potentialAction\":[{\"@type\":\"ReadAction\",\"target\":[\"https:\/\/babylove.se\/no\/produkt\/sprinkelseng-og-juniorseng-2-in-1\/\"]}]},{\"@type\":\"ImageObject\",\"inLanguage\":\"nb-NO\",\"@id\":\"https:\/\/babylove.se\/no\/produkt\/sprinkelseng-og-juniorseng-2-in-1\/#primaryimage\",\"url\":\"https:\/\/babylove.se\/no\/wp-content\/uploads\/sites\/3\/2025\/07\/5dbac0aac755a.jpeg\",\"contentUrl\":\"https:\/\/babylove.se\/no\/wp-content\/uploads\/sites\/3\/2025\/07\/5dbac0aac755a.jpeg\",\"width\":750,\"height\":750},{\"@type\":\"BreadcrumbList\",\"@id\":\"https:\/\/babylove.se\/no\/produkt\/sprinkelseng-og-juniorseng-2-in-1\/#breadcrumb\",\"itemListElement\":[{\"@type\":\"ListItem\",\"position\":1,\"name\":\"Hem\",\"item\":\"https:\/\/babylove.se\/no\/\"},{\"@type\":\"ListItem\",\"position\":2,\"name\":\"Butik\",\"item\":\"https:\/\/babylove.se\/no\/butik\/\"},{\"@type\":\"ListItem\",\"position\":3,\"name\":\"Sprinkelseng og juniorseng, 2 in 1\"}]},{\"@type\":\"WebSite\",\"@id\":\"https:\/\/babylove.se\/no\/#website\",\"url\":\"https:\/\/babylove.se\/no\/\",\"name\":\"Babylove Norska\",\"description\":\"\",\"potentialAction\":[{\"@type\":\"SearchAction\",\"target\":{\"@type\":\"EntryPoint\",\"urlTemplate\":\"https:\/\/babylove.se\/no\/?s={search_term_string}\"},\"query-input\":{\"@type\":\"PropertyValueSpecification\",\"valueRequired\":true,\"valueName\":\"search_term_string\"}}],\"inLanguage\":\"nb-NO\"}]}<\/script>\n<meta property=\"product:brand\" content=\"Woodluck\" \/>\n<meta property=\"product:price:amount\" content=\"4699.00\" \/>\n<meta property=\"product:price:currency\" content=\"SEK\" \/>\n<meta property=\"og:availability\" content=\"instock\" \/>\n<meta property=\"product:availability\" content=\"instock\" \/>\n<meta property=\"product:retailer_item_id\" content=\"2460\" \/>\n<meta property=\"product:condition\" content=\"new\" \/>\n<!-- \/ Yoast SEO Premium plugin. -->","yoast_head_json":{"title":"Sprinkelseng og juniorseng, 2 in 1 - Babylove Norska","robots":{"index":"noindex","follow":"follow","max-snippet":"max-snippet:-1","max-image-preview":"max-image-preview:large","max-video-preview":"max-video-preview:-1"},"og_locale":"nb_NO","og_type":"article","og_title":"Sprinkelseng og juniorseng, 2 in 1","og_description":"H\u00e5ndlaget og unik &#8220;2 i 1&#8221; sprinkelseng og juniorseng som finnes i fire forskjellige farger, powder rosa, powder bl\u00e5, hvit og naturfarge. Sengens materiale er bj\u00f8rkefiner som er produsert i henhold til s\u00e5kalt EN71 \/ 3 &#8211; standard, som er et kvalitetssertifikat for barnem\u00f8bler og leker. Akrylfargene som brukes er ogs\u00e5 sertifisert i henhold til [&hellip;]","og_url":"https:\/\/babylove.se\/no\/produkt\/sprinkelseng-og-juniorseng-2-in-1\/","og_site_name":"Babylove Norska","article_modified_time":"2026-04-08T07:49:56+00:00","og_image":[{"width":750,"height":750,"url":"https:\/\/babylove.se\/no\/wp-content\/uploads\/sites\/3\/2025\/07\/5dbac0aac755a.jpeg","type":"image\/jpeg"}],"twitter_card":"summary_large_image","twitter_misc":{"Price":"4 699,00&nbsp;&#107;&#114;","Availability":"In stock"},"schema":{"@context":"https:\/\/schema.org","@graph":[{"@type":"WebPage","@id":"https:\/\/babylove.se\/no\/produkt\/sprinkelseng-og-juniorseng-2-in-1\/","url":"https:\/\/babylove.se\/no\/produkt\/sprinkelseng-og-juniorseng-2-in-1\/","name":"Sprinkelseng og juniorseng, 2 in 1 - Babylove Norska","isPartOf":{"@id":"https:\/\/babylove.se\/no\/#website"},"primaryImageOfPage":{"@id":"https:\/\/babylove.se\/no\/produkt\/sprinkelseng-og-juniorseng-2-in-1\/#primaryimage"},"image":{"@id":"https:\/\/babylove.se\/no\/produkt\/sprinkelseng-og-juniorseng-2-in-1\/#primaryimage"},"thumbnailUrl":"https:\/\/babylove.se\/no\/wp-content\/uploads\/sites\/3\/2025\/07\/5dbac0aac755a.jpeg","datePublished":"2025-07-18T20:18:02+00:00","dateModified":"2026-04-08T07:49:56+00:00","breadcrumb":{"@id":"https:\/\/babylove.se\/no\/produkt\/sprinkelseng-og-juniorseng-2-in-1\/#breadcrumb"},"inLanguage":"nb-NO","potentialAction":[{"@type":"ReadAction","target":["https:\/\/babylove.se\/no\/produkt\/sprinkelseng-og-juniorseng-2-in-1\/"]}]},{"@type":"ImageObject","inLanguage":"nb-NO","@id":"https:\/\/babylove.se\/no\/produkt\/sprinkelseng-og-juniorseng-2-in-1\/#primaryimage","url":"https:\/\/babylove.se\/no\/wp-content\/uploads\/sites\/3\/2025\/07\/5dbac0aac755a.jpeg","contentUrl":"https:\/\/babylove.se\/no\/wp-content\/uploads\/sites\/3\/2025\/07\/5dbac0aac755a.jpeg","width":750,"height":750},{"@type":"BreadcrumbList","@id":"https:\/\/babylove.se\/no\/produkt\/sprinkelseng-og-juniorseng-2-in-1\/#breadcrumb","itemListElement":[{"@type":"ListItem","position":1,"name":"Hem","item":"https:\/\/babylove.se\/no\/"},{"@type":"ListItem","position":2,"name":"Butik","item":"https:\/\/babylove.se\/no\/butik\/"},{"@type":"ListItem","position":3,"name":"Sprinkelseng og juniorseng, 2 in 1"}]},{"@type":"WebSite","@id":"https:\/\/babylove.se\/no\/#website","url":"https:\/\/babylove.se\/no\/","name":"Babylove Norska","description":"","potentialAction":[{"@type":"SearchAction","target":{"@type":"EntryPoint","urlTemplate":"https:\/\/babylove.se\/no\/?s={search_term_string}"},"query-input":{"@type":"PropertyValueSpecification","valueRequired":true,"valueName":"search_term_string"}}],"inLanguage":"nb-NO"}]},"product_brand":"Woodluck","product_price_amount":"4699.00","product_price_currency":"SEK","og_availability":"instock","product_availability":"instock","product_retailer_item_id":"2460","product_condition":"new"},"_links":{"self":[{"href":"https:\/\/babylove.se\/no\/wp-json\/wp\/v2\/product\/11651","targetHints":{"allow":["GET"]}}],"collection":[{"href":"https:\/\/babylove.se\/no\/wp-json\/wp\/v2\/product"}],"about":[{"href":"https:\/\/babylove.se\/no\/wp-json\/wp\/v2\/types\/product"}],"replies":[{"embeddable":true,"href":"https:\/\/babylove.se\/no\/wp-json\/wp\/v2\/comments?post=11651"}],"wp:featuredmedia":[{"embeddable":true,"href":"https:\/\/babylove.se\/no\/wp-json\/wp\/v2\/media\/11653"}],"wp:attachment":[{"href":"https:\/\/babylove.se\/no\/wp-json\/wp\/v2\/media?parent=11651"}],"wp:term":[{"taxonomy":"product_brand","embeddable":true,"href":"https:\/\/babylove.se\/no\/wp-json\/wp\/v2\/product_brand?post=11651"},{"taxonomy":"product_cat","embeddable":true,"href":"https:\/\/babylove.se\/no\/wp-json\/wp\/v2\/product_cat?post=11651"},{"taxonomy":"product_tag","embeddable":true,"href":"https:\/\/babylove.se\/no\/wp-json\/wp\/v2\/product_tag?post=11651"}],"curies":[{"name":"wp","href":"https:\/\/api.w.org\/{rel}","templated":true}]}}