{"id":11725,"date":"2025-07-18T21:18:53","date_gmt":"2025-07-18T20:18:53","guid":{"rendered":"https:\/\/babylove.se\/produkt\/docka-luis-pojke-paola-reina\/"},"modified":"2026-04-08T08:50:11","modified_gmt":"2026-04-08T07:50:11","slug":"dukke-luis-gutt-paola-reina","status":"publish","type":"product","link":"https:\/\/babylove.se\/no\/produkt\/dukke-luis-gutt-paola-reina\/","title":{"rendered":"Dukke Luis Gutt, Paola Reina"},"content":{"rendered":"<p>Blonde<span> Luis <\/span>kommer til \u00e5 bli ditt barns beste venn. Vakkert kledd i en bl\u00e5 skjorte, gr\u00e5 langermete genser, fine gr\u00f8nne bukser og .<\/p>\n<p>Denne dukken laget i Spania av absolutt h\u00f8yeste kvalitet er en fantastisk skapelse, helt unik i sitt slag. Vi t\u00f8r p\u00e5st\u00e5 at dette m\u00e5 v\u00e6re en av de fineste dukkene man kan f\u00e5 tak i. Myk ved ber\u00f8ring takket v\u00e6re vinyl, og en herlig duft av vanilje gir et spesielt inntrykk. Inkludert f\u00f8lger dukken samt de kl\u00e6rne som vises p\u00e5 bildet. Anbefales for barn fra 3 \u00e5r og oppover.<\/p>\n<p><strong>M\u00e5l<\/strong>: lengde 32 cm. Pakket i en elegant boks &#8211; perfekt som gave<\/p>\n<p><strong>Materiale<\/strong>: Dukken er laget i vinyl\/PVC og er CE-merket, Den oppfyller kravene i Leketoydirektivet. Den inneholder ingen ulovlige ftalater eller bisfenol. Det mykgj\u00f8rende stoffet som brukes i Unge-dukkene heter Hexamoll\u00ae DINCH. Kroppen er laget i bomull med fylling av polyester.<\/p>\n<p>Designer: <a href=\"https:\/\/babylove.se\/varumarken\/paola-reina\"><u>Paola Reina<\/u><\/a><\/p>\n<p><\/p>\n","protected":false},"excerpt":{"rendered":"<p>Blonde Luis kommer til \u00e5 bli ditt barns beste venn. Vakkert kledd i en bl\u00e5 skjorte, gr\u00e5 langermete genser, fine gr\u00f8nne bukser og . Denne dukken laget i Spania av absolutt h\u00f8yeste kvalitet er en fantastisk skapelse, helt unik i sitt slag. Vi t\u00f8r p\u00e5st\u00e5 at dette m\u00e5 v\u00e6re en av de fineste dukkene man [&hellip;]<\/p>\n","protected":false},"featured_media":11727,"comment_status":"closed","ping_status":"open","template":"","meta":{"_acf_changed":false},"product_brand":[259],"product_cat":[69,616,260],"product_tag":[],"class_list":{"0":"post-11725","1":"product","2":"type-product","3":"status-publish","4":"has-post-thumbnail","6":"product_brand-paola-reina","7":"product_cat-dukker-tilbehoer","8":"product_cat-dukke-gutt","9":"product_cat-paola-reina","11":"first","12":"outofstock","13":"taxable","14":"shipping-taxable","15":"purchasable","16":"product-type-simple"},"acf":[],"yoast_head":"<!-- This site is optimized with the Yoast SEO Premium plugin v25.8 (Yoast SEO v27.2) - https:\/\/yoast.com\/product\/yoast-seo-premium-wordpress\/ -->\n<title>Dukke Luis Gutt, Paola Reina - Babylove Norska<\/title>\n<meta name=\"robots\" content=\"noindex, follow, max-snippet:-1, max-image-preview:large, max-video-preview:-1\" \/>\n<meta property=\"og:locale\" content=\"nb_NO\" \/>\n<meta property=\"og:type\" content=\"article\" \/>\n<meta property=\"og:title\" content=\"Dukke Luis Gutt, Paola Reina\" \/>\n<meta property=\"og:description\" content=\"Blonde Luis kommer til \u00e5 bli ditt barns beste venn. Vakkert kledd i en bl\u00e5 skjorte, gr\u00e5 langermete genser, fine gr\u00f8nne bukser og . Denne dukken laget i Spania av absolutt h\u00f8yeste kvalitet er en fantastisk skapelse, helt unik i sitt slag. Vi t\u00f8r p\u00e5st\u00e5 at dette m\u00e5 v\u00e6re en av de fineste dukkene man [&hellip;]\" \/>\n<meta property=\"og:url\" content=\"https:\/\/babylove.se\/no\/produkt\/dukke-luis-gutt-paola-reina\/\" \/>\n<meta property=\"og:site_name\" content=\"Babylove Norska\" \/>\n<meta property=\"article:modified_time\" content=\"2026-04-08T07:50:11+00:00\" \/>\n<meta property=\"og:image\" content=\"https:\/\/babylove.se\/no\/wp-content\/uploads\/sites\/3\/2025\/07\/5c9a899b0a36c.jpeg\" \/>\n\t<meta property=\"og:image:width\" content=\"515\" \/>\n\t<meta property=\"og:image:height\" content=\"750\" \/>\n\t<meta property=\"og:image:type\" content=\"image\/jpeg\" \/>\n<meta name=\"twitter:card\" content=\"summary_large_image\" \/>\n<meta name=\"twitter:label1\" content=\"Price\" \/>\n\t<meta name=\"twitter:data1\" content=\"499,00&nbsp;&#107;&#114;\" \/>\n\t<meta name=\"twitter:label2\" content=\"Availability\" \/>\n\t<meta name=\"twitter:data2\" content=\"Out of stock\" \/>\n<script type=\"application\/ld+json\" class=\"yoast-schema-graph\">{\"@context\":\"https:\/\/schema.org\",\"@graph\":[{\"@type\":\"WebPage\",\"@id\":\"https:\/\/babylove.se\/no\/produkt\/dukke-luis-gutt-paola-reina\/\",\"url\":\"https:\/\/babylove.se\/no\/produkt\/dukke-luis-gutt-paola-reina\/\",\"name\":\"Dukke Luis Gutt, Paola Reina - Babylove Norska\",\"isPartOf\":{\"@id\":\"https:\/\/babylove.se\/no\/#website\"},\"primaryImageOfPage\":{\"@id\":\"https:\/\/babylove.se\/no\/produkt\/dukke-luis-gutt-paola-reina\/#primaryimage\"},\"image\":{\"@id\":\"https:\/\/babylove.se\/no\/produkt\/dukke-luis-gutt-paola-reina\/#primaryimage\"},\"thumbnailUrl\":\"https:\/\/babylove.se\/no\/wp-content\/uploads\/sites\/3\/2025\/07\/5c9a899b0a36c.jpeg\",\"datePublished\":\"2025-07-18T20:18:53+00:00\",\"dateModified\":\"2026-04-08T07:50:11+00:00\",\"breadcrumb\":{\"@id\":\"https:\/\/babylove.se\/no\/produkt\/dukke-luis-gutt-paola-reina\/#breadcrumb\"},\"inLanguage\":\"nb-NO\",\"potentialAction\":[{\"@type\":\"ReadAction\",\"target\":[\"https:\/\/babylove.se\/no\/produkt\/dukke-luis-gutt-paola-reina\/\"]}]},{\"@type\":\"ImageObject\",\"inLanguage\":\"nb-NO\",\"@id\":\"https:\/\/babylove.se\/no\/produkt\/dukke-luis-gutt-paola-reina\/#primaryimage\",\"url\":\"https:\/\/babylove.se\/no\/wp-content\/uploads\/sites\/3\/2025\/07\/5c9a899b0a36c.jpeg\",\"contentUrl\":\"https:\/\/babylove.se\/no\/wp-content\/uploads\/sites\/3\/2025\/07\/5c9a899b0a36c.jpeg\",\"width\":515,\"height\":750},{\"@type\":\"BreadcrumbList\",\"@id\":\"https:\/\/babylove.se\/no\/produkt\/dukke-luis-gutt-paola-reina\/#breadcrumb\",\"itemListElement\":[{\"@type\":\"ListItem\",\"position\":1,\"name\":\"Hem\",\"item\":\"https:\/\/babylove.se\/no\/\"},{\"@type\":\"ListItem\",\"position\":2,\"name\":\"Butik\",\"item\":\"https:\/\/babylove.se\/no\/butik\/\"},{\"@type\":\"ListItem\",\"position\":3,\"name\":\"Dukke Luis Gutt, Paola Reina\"}]},{\"@type\":\"WebSite\",\"@id\":\"https:\/\/babylove.se\/no\/#website\",\"url\":\"https:\/\/babylove.se\/no\/\",\"name\":\"Babylove Norska\",\"description\":\"\",\"potentialAction\":[{\"@type\":\"SearchAction\",\"target\":{\"@type\":\"EntryPoint\",\"urlTemplate\":\"https:\/\/babylove.se\/no\/?s={search_term_string}\"},\"query-input\":{\"@type\":\"PropertyValueSpecification\",\"valueRequired\":true,\"valueName\":\"search_term_string\"}}],\"inLanguage\":\"nb-NO\"}]}<\/script>\n<meta property=\"product:brand\" content=\"Paola Reina\" \/>\n<meta property=\"product:price:amount\" content=\"499.00\" \/>\n<meta property=\"product:price:currency\" content=\"SEK\" \/>\n<meta property=\"og:availability\" content=\"out of stock\" \/>\n<meta property=\"product:availability\" content=\"out of stock\" \/>\n<meta property=\"product:retailer_item_id\" content=\"04419\" \/>\n<meta property=\"product:condition\" content=\"new\" \/>\n<!-- \/ Yoast SEO Premium plugin. -->","yoast_head_json":{"title":"Dukke Luis Gutt, Paola Reina - Babylove Norska","robots":{"index":"noindex","follow":"follow","max-snippet":"max-snippet:-1","max-image-preview":"max-image-preview:large","max-video-preview":"max-video-preview:-1"},"og_locale":"nb_NO","og_type":"article","og_title":"Dukke Luis Gutt, Paola Reina","og_description":"Blonde Luis kommer til \u00e5 bli ditt barns beste venn. Vakkert kledd i en bl\u00e5 skjorte, gr\u00e5 langermete genser, fine gr\u00f8nne bukser og . Denne dukken laget i Spania av absolutt h\u00f8yeste kvalitet er en fantastisk skapelse, helt unik i sitt slag. Vi t\u00f8r p\u00e5st\u00e5 at dette m\u00e5 v\u00e6re en av de fineste dukkene man [&hellip;]","og_url":"https:\/\/babylove.se\/no\/produkt\/dukke-luis-gutt-paola-reina\/","og_site_name":"Babylove Norska","article_modified_time":"2026-04-08T07:50:11+00:00","og_image":[{"width":515,"height":750,"url":"https:\/\/babylove.se\/no\/wp-content\/uploads\/sites\/3\/2025\/07\/5c9a899b0a36c.jpeg","type":"image\/jpeg"}],"twitter_card":"summary_large_image","twitter_misc":{"Price":"499,00&nbsp;&#107;&#114;","Availability":"Out of stock"},"schema":{"@context":"https:\/\/schema.org","@graph":[{"@type":"WebPage","@id":"https:\/\/babylove.se\/no\/produkt\/dukke-luis-gutt-paola-reina\/","url":"https:\/\/babylove.se\/no\/produkt\/dukke-luis-gutt-paola-reina\/","name":"Dukke Luis Gutt, Paola Reina - Babylove Norska","isPartOf":{"@id":"https:\/\/babylove.se\/no\/#website"},"primaryImageOfPage":{"@id":"https:\/\/babylove.se\/no\/produkt\/dukke-luis-gutt-paola-reina\/#primaryimage"},"image":{"@id":"https:\/\/babylove.se\/no\/produkt\/dukke-luis-gutt-paola-reina\/#primaryimage"},"thumbnailUrl":"https:\/\/babylove.se\/no\/wp-content\/uploads\/sites\/3\/2025\/07\/5c9a899b0a36c.jpeg","datePublished":"2025-07-18T20:18:53+00:00","dateModified":"2026-04-08T07:50:11+00:00","breadcrumb":{"@id":"https:\/\/babylove.se\/no\/produkt\/dukke-luis-gutt-paola-reina\/#breadcrumb"},"inLanguage":"nb-NO","potentialAction":[{"@type":"ReadAction","target":["https:\/\/babylove.se\/no\/produkt\/dukke-luis-gutt-paola-reina\/"]}]},{"@type":"ImageObject","inLanguage":"nb-NO","@id":"https:\/\/babylove.se\/no\/produkt\/dukke-luis-gutt-paola-reina\/#primaryimage","url":"https:\/\/babylove.se\/no\/wp-content\/uploads\/sites\/3\/2025\/07\/5c9a899b0a36c.jpeg","contentUrl":"https:\/\/babylove.se\/no\/wp-content\/uploads\/sites\/3\/2025\/07\/5c9a899b0a36c.jpeg","width":515,"height":750},{"@type":"BreadcrumbList","@id":"https:\/\/babylove.se\/no\/produkt\/dukke-luis-gutt-paola-reina\/#breadcrumb","itemListElement":[{"@type":"ListItem","position":1,"name":"Hem","item":"https:\/\/babylove.se\/no\/"},{"@type":"ListItem","position":2,"name":"Butik","item":"https:\/\/babylove.se\/no\/butik\/"},{"@type":"ListItem","position":3,"name":"Dukke Luis Gutt, Paola Reina"}]},{"@type":"WebSite","@id":"https:\/\/babylove.se\/no\/#website","url":"https:\/\/babylove.se\/no\/","name":"Babylove Norska","description":"","potentialAction":[{"@type":"SearchAction","target":{"@type":"EntryPoint","urlTemplate":"https:\/\/babylove.se\/no\/?s={search_term_string}"},"query-input":{"@type":"PropertyValueSpecification","valueRequired":true,"valueName":"search_term_string"}}],"inLanguage":"nb-NO"}]},"product_brand":"Paola Reina","product_price_amount":"499.00","product_price_currency":"SEK","og_availability":"out of stock","product_availability":"out of stock","product_retailer_item_id":"04419","product_condition":"new"},"_links":{"self":[{"href":"https:\/\/babylove.se\/no\/wp-json\/wp\/v2\/product\/11725","targetHints":{"allow":["GET"]}}],"collection":[{"href":"https:\/\/babylove.se\/no\/wp-json\/wp\/v2\/product"}],"about":[{"href":"https:\/\/babylove.se\/no\/wp-json\/wp\/v2\/types\/product"}],"replies":[{"embeddable":true,"href":"https:\/\/babylove.se\/no\/wp-json\/wp\/v2\/comments?post=11725"}],"wp:featuredmedia":[{"embeddable":true,"href":"https:\/\/babylove.se\/no\/wp-json\/wp\/v2\/media\/11727"}],"wp:attachment":[{"href":"https:\/\/babylove.se\/no\/wp-json\/wp\/v2\/media?parent=11725"}],"wp:term":[{"taxonomy":"product_brand","embeddable":true,"href":"https:\/\/babylove.se\/no\/wp-json\/wp\/v2\/product_brand?post=11725"},{"taxonomy":"product_cat","embeddable":true,"href":"https:\/\/babylove.se\/no\/wp-json\/wp\/v2\/product_cat?post=11725"},{"taxonomy":"product_tag","embeddable":true,"href":"https:\/\/babylove.se\/no\/wp-json\/wp\/v2\/product_tag?post=11725"}],"curies":[{"name":"wp","href":"https:\/\/api.w.org\/{rel}","templated":true}]}}