{"id":11780,"date":"2025-07-18T21:19:14","date_gmt":"2025-07-18T20:19:14","guid":{"rendered":"https:\/\/babylove.se\/produkt\/elodie-details-muslinfilt-dots-of-fauna\/"},"modified":"2026-04-08T08:50:53","modified_gmt":"2026-04-08T07:50:53","slug":"elodie-details-muslinfilt-dots-of-fauna","status":"publish","type":"product","link":"https:\/\/babylove.se\/no\/produkt\/elodie-details-muslinfilt-dots-of-fauna\/","title":{"rendered":"Elodie Details muslinteppe Dots of fauna"},"content":{"rendered":"<p>Et vakkert og koselig muslinteppe, perfekt for lunke sommerkvelder. Barnet ditt kommer til \u00e5 elske dette kosekluttet og ha det med seg uansett hvor dere skal. <\/p>\n<p>Laget av 50 % \u00f8kologisk bomull og 50% bambus s\u00e5 kvaliteten er selvf\u00f8lgelig av h\u00f8yeste grad. Vakre fargevalg og fine m\u00f8nstre gj\u00f8r at det smelter inn med \u00f8vrig barneroms innredning. Kan enkelt holdes rent og friskt, da det kan vaskes i opptil 40 grader.<\/p>\n<p>M\u00e5l: 80x80cm <\/p>\n<p>Designer: <a href=\"https:\/\/babylove.se\/varumarken\/elodie-details\"><u>Elodie Details<\/u><\/a><\/p>\n","protected":false},"excerpt":{"rendered":"<p>Et vakkert og koselig muslinteppe, perfekt for lunke sommerkvelder. Barnet ditt kommer til \u00e5 elske dette kosekluttet og ha det med seg uansett hvor dere skal. Laget av 50 % \u00f8kologisk bomull og 50% bambus s\u00e5 kvaliteten er selvf\u00f8lgelig av h\u00f8yeste grad. Vakre fargevalg og fine m\u00f8nstre gj\u00f8r at det smelter inn med \u00f8vrig barneroms [&hellip;]<\/p>\n","protected":false},"featured_media":11782,"comment_status":"closed","ping_status":"open","template":"","meta":{"_acf_changed":false},"product_brand":[174],"product_cat":[175,49,48],"product_tag":[],"class_list":{"0":"post-11780","1":"product","2":"type-product","3":"status-publish","4":"has-post-thumbnail","6":"product_brand-elodie-details","7":"product_cat-elodie-details","8":"product_cat-snutetepper","9":"product_cat-startside","11":"first","12":"outofstock","13":"taxable","14":"shipping-taxable","15":"purchasable","16":"product-type-simple"},"acf":[],"yoast_head":"<!-- This site is optimized with the Yoast SEO Premium plugin v25.8 (Yoast SEO v27.2) - https:\/\/yoast.com\/product\/yoast-seo-premium-wordpress\/ -->\n<title>Elodie Details muslinteppe Dots of fauna - Babylove Norska<\/title>\n<meta name=\"robots\" content=\"noindex, follow, max-snippet:-1, max-image-preview:large, max-video-preview:-1\" \/>\n<meta property=\"og:locale\" content=\"nb_NO\" \/>\n<meta property=\"og:type\" content=\"article\" \/>\n<meta property=\"og:title\" content=\"Elodie Details muslinteppe Dots of fauna\" \/>\n<meta property=\"og:description\" content=\"Et vakkert og koselig muslinteppe, perfekt for lunke sommerkvelder. Barnet ditt kommer til \u00e5 elske dette kosekluttet og ha det med seg uansett hvor dere skal. Laget av 50 % \u00f8kologisk bomull og 50% bambus s\u00e5 kvaliteten er selvf\u00f8lgelig av h\u00f8yeste grad. Vakre fargevalg og fine m\u00f8nstre gj\u00f8r at det smelter inn med \u00f8vrig barneroms [&hellip;]\" \/>\n<meta property=\"og:url\" content=\"https:\/\/babylove.se\/no\/produkt\/elodie-details-muslinfilt-dots-of-fauna\/\" \/>\n<meta property=\"og:site_name\" content=\"Babylove Norska\" \/>\n<meta property=\"article:modified_time\" content=\"2026-04-08T07:50:53+00:00\" \/>\n<meta property=\"og:image\" content=\"https:\/\/babylove.se\/no\/wp-content\/uploads\/sites\/3\/2025\/07\/5c9c9879e621d.jpeg\" \/>\n\t<meta property=\"og:image:width\" content=\"750\" \/>\n\t<meta property=\"og:image:height\" content=\"750\" \/>\n\t<meta property=\"og:image:type\" content=\"image\/jpeg\" \/>\n<meta name=\"twitter:card\" content=\"summary_large_image\" \/>\n<meta name=\"twitter:label1\" content=\"Price\" \/>\n\t<meta name=\"twitter:data1\" content=\"199,00&nbsp;&#107;&#114;\" \/>\n\t<meta name=\"twitter:label2\" content=\"Availability\" \/>\n\t<meta name=\"twitter:data2\" content=\"Out of stock\" \/>\n<script type=\"application\/ld+json\" class=\"yoast-schema-graph\">{\"@context\":\"https:\/\/schema.org\",\"@graph\":[{\"@type\":\"WebPage\",\"@id\":\"https:\/\/babylove.se\/no\/produkt\/elodie-details-muslinfilt-dots-of-fauna\/\",\"url\":\"https:\/\/babylove.se\/no\/produkt\/elodie-details-muslinfilt-dots-of-fauna\/\",\"name\":\"Elodie Details muslinteppe Dots of fauna - Babylove Norska\",\"isPartOf\":{\"@id\":\"https:\/\/babylove.se\/no\/#website\"},\"primaryImageOfPage\":{\"@id\":\"https:\/\/babylove.se\/no\/produkt\/elodie-details-muslinfilt-dots-of-fauna\/#primaryimage\"},\"image\":{\"@id\":\"https:\/\/babylove.se\/no\/produkt\/elodie-details-muslinfilt-dots-of-fauna\/#primaryimage\"},\"thumbnailUrl\":\"https:\/\/babylove.se\/no\/wp-content\/uploads\/sites\/3\/2025\/07\/5c9c9879e621d.jpeg\",\"datePublished\":\"2025-07-18T20:19:14+00:00\",\"dateModified\":\"2026-04-08T07:50:53+00:00\",\"breadcrumb\":{\"@id\":\"https:\/\/babylove.se\/no\/produkt\/elodie-details-muslinfilt-dots-of-fauna\/#breadcrumb\"},\"inLanguage\":\"nb-NO\",\"potentialAction\":[{\"@type\":\"ReadAction\",\"target\":[\"https:\/\/babylove.se\/no\/produkt\/elodie-details-muslinfilt-dots-of-fauna\/\"]}]},{\"@type\":\"ImageObject\",\"inLanguage\":\"nb-NO\",\"@id\":\"https:\/\/babylove.se\/no\/produkt\/elodie-details-muslinfilt-dots-of-fauna\/#primaryimage\",\"url\":\"https:\/\/babylove.se\/no\/wp-content\/uploads\/sites\/3\/2025\/07\/5c9c9879e621d.jpeg\",\"contentUrl\":\"https:\/\/babylove.se\/no\/wp-content\/uploads\/sites\/3\/2025\/07\/5c9c9879e621d.jpeg\",\"width\":750,\"height\":750},{\"@type\":\"BreadcrumbList\",\"@id\":\"https:\/\/babylove.se\/no\/produkt\/elodie-details-muslinfilt-dots-of-fauna\/#breadcrumb\",\"itemListElement\":[{\"@type\":\"ListItem\",\"position\":1,\"name\":\"Hem\",\"item\":\"https:\/\/babylove.se\/no\/\"},{\"@type\":\"ListItem\",\"position\":2,\"name\":\"Butik\",\"item\":\"https:\/\/babylove.se\/no\/butik\/\"},{\"@type\":\"ListItem\",\"position\":3,\"name\":\"Elodie Details muslinteppe Dots of fauna\"}]},{\"@type\":\"WebSite\",\"@id\":\"https:\/\/babylove.se\/no\/#website\",\"url\":\"https:\/\/babylove.se\/no\/\",\"name\":\"Babylove Norska\",\"description\":\"\",\"potentialAction\":[{\"@type\":\"SearchAction\",\"target\":{\"@type\":\"EntryPoint\",\"urlTemplate\":\"https:\/\/babylove.se\/no\/?s={search_term_string}\"},\"query-input\":{\"@type\":\"PropertyValueSpecification\",\"valueRequired\":true,\"valueName\":\"search_term_string\"}}],\"inLanguage\":\"nb-NO\"}]}<\/script>\n<meta property=\"product:brand\" content=\"Elodie Details\" \/>\n<meta property=\"product:price:amount\" content=\"199.00\" \/>\n<meta property=\"product:price:currency\" content=\"SEK\" \/>\n<meta property=\"og:availability\" content=\"out of stock\" \/>\n<meta property=\"product:availability\" content=\"out of stock\" \/>\n<meta property=\"product:retailer_item_id\" content=\"30350118520NA\" \/>\n<meta property=\"product:condition\" content=\"new\" \/>\n<!-- \/ Yoast SEO Premium plugin. -->","yoast_head_json":{"title":"Elodie Details muslinteppe Dots of fauna - Babylove Norska","robots":{"index":"noindex","follow":"follow","max-snippet":"max-snippet:-1","max-image-preview":"max-image-preview:large","max-video-preview":"max-video-preview:-1"},"og_locale":"nb_NO","og_type":"article","og_title":"Elodie Details muslinteppe Dots of fauna","og_description":"Et vakkert og koselig muslinteppe, perfekt for lunke sommerkvelder. Barnet ditt kommer til \u00e5 elske dette kosekluttet og ha det med seg uansett hvor dere skal. Laget av 50 % \u00f8kologisk bomull og 50% bambus s\u00e5 kvaliteten er selvf\u00f8lgelig av h\u00f8yeste grad. Vakre fargevalg og fine m\u00f8nstre gj\u00f8r at det smelter inn med \u00f8vrig barneroms [&hellip;]","og_url":"https:\/\/babylove.se\/no\/produkt\/elodie-details-muslinfilt-dots-of-fauna\/","og_site_name":"Babylove Norska","article_modified_time":"2026-04-08T07:50:53+00:00","og_image":[{"width":750,"height":750,"url":"https:\/\/babylove.se\/no\/wp-content\/uploads\/sites\/3\/2025\/07\/5c9c9879e621d.jpeg","type":"image\/jpeg"}],"twitter_card":"summary_large_image","twitter_misc":{"Price":"199,00&nbsp;&#107;&#114;","Availability":"Out of stock"},"schema":{"@context":"https:\/\/schema.org","@graph":[{"@type":"WebPage","@id":"https:\/\/babylove.se\/no\/produkt\/elodie-details-muslinfilt-dots-of-fauna\/","url":"https:\/\/babylove.se\/no\/produkt\/elodie-details-muslinfilt-dots-of-fauna\/","name":"Elodie Details muslinteppe Dots of fauna - Babylove Norska","isPartOf":{"@id":"https:\/\/babylove.se\/no\/#website"},"primaryImageOfPage":{"@id":"https:\/\/babylove.se\/no\/produkt\/elodie-details-muslinfilt-dots-of-fauna\/#primaryimage"},"image":{"@id":"https:\/\/babylove.se\/no\/produkt\/elodie-details-muslinfilt-dots-of-fauna\/#primaryimage"},"thumbnailUrl":"https:\/\/babylove.se\/no\/wp-content\/uploads\/sites\/3\/2025\/07\/5c9c9879e621d.jpeg","datePublished":"2025-07-18T20:19:14+00:00","dateModified":"2026-04-08T07:50:53+00:00","breadcrumb":{"@id":"https:\/\/babylove.se\/no\/produkt\/elodie-details-muslinfilt-dots-of-fauna\/#breadcrumb"},"inLanguage":"nb-NO","potentialAction":[{"@type":"ReadAction","target":["https:\/\/babylove.se\/no\/produkt\/elodie-details-muslinfilt-dots-of-fauna\/"]}]},{"@type":"ImageObject","inLanguage":"nb-NO","@id":"https:\/\/babylove.se\/no\/produkt\/elodie-details-muslinfilt-dots-of-fauna\/#primaryimage","url":"https:\/\/babylove.se\/no\/wp-content\/uploads\/sites\/3\/2025\/07\/5c9c9879e621d.jpeg","contentUrl":"https:\/\/babylove.se\/no\/wp-content\/uploads\/sites\/3\/2025\/07\/5c9c9879e621d.jpeg","width":750,"height":750},{"@type":"BreadcrumbList","@id":"https:\/\/babylove.se\/no\/produkt\/elodie-details-muslinfilt-dots-of-fauna\/#breadcrumb","itemListElement":[{"@type":"ListItem","position":1,"name":"Hem","item":"https:\/\/babylove.se\/no\/"},{"@type":"ListItem","position":2,"name":"Butik","item":"https:\/\/babylove.se\/no\/butik\/"},{"@type":"ListItem","position":3,"name":"Elodie Details muslinteppe Dots of fauna"}]},{"@type":"WebSite","@id":"https:\/\/babylove.se\/no\/#website","url":"https:\/\/babylove.se\/no\/","name":"Babylove Norska","description":"","potentialAction":[{"@type":"SearchAction","target":{"@type":"EntryPoint","urlTemplate":"https:\/\/babylove.se\/no\/?s={search_term_string}"},"query-input":{"@type":"PropertyValueSpecification","valueRequired":true,"valueName":"search_term_string"}}],"inLanguage":"nb-NO"}]},"product_brand":"Elodie Details","product_price_amount":"199.00","product_price_currency":"SEK","og_availability":"out of stock","product_availability":"out of stock","product_retailer_item_id":"30350118520NA","product_condition":"new"},"_links":{"self":[{"href":"https:\/\/babylove.se\/no\/wp-json\/wp\/v2\/product\/11780","targetHints":{"allow":["GET"]}}],"collection":[{"href":"https:\/\/babylove.se\/no\/wp-json\/wp\/v2\/product"}],"about":[{"href":"https:\/\/babylove.se\/no\/wp-json\/wp\/v2\/types\/product"}],"replies":[{"embeddable":true,"href":"https:\/\/babylove.se\/no\/wp-json\/wp\/v2\/comments?post=11780"}],"wp:featuredmedia":[{"embeddable":true,"href":"https:\/\/babylove.se\/no\/wp-json\/wp\/v2\/media\/11782"}],"wp:attachment":[{"href":"https:\/\/babylove.se\/no\/wp-json\/wp\/v2\/media?parent=11780"}],"wp:term":[{"taxonomy":"product_brand","embeddable":true,"href":"https:\/\/babylove.se\/no\/wp-json\/wp\/v2\/product_brand?post=11780"},{"taxonomy":"product_cat","embeddable":true,"href":"https:\/\/babylove.se\/no\/wp-json\/wp\/v2\/product_cat?post=11780"},{"taxonomy":"product_tag","embeddable":true,"href":"https:\/\/babylove.se\/no\/wp-json\/wp\/v2\/product_tag?post=11780"}],"curies":[{"name":"wp","href":"https:\/\/api.w.org\/{rel}","templated":true}]}}