{"id":11911,"date":"2025-07-18T21:20:19","date_gmt":"2025-07-18T20:20:19","guid":{"rendered":"https:\/\/babylove.se\/produkt\/dekornik-vaggklistermarken-katter\/"},"modified":"2026-04-08T08:51:21","modified_gmt":"2026-04-08T07:51:21","slug":"dekornik-veggklistremerker-katter","status":"publish","type":"product","link":"https:\/\/babylove.se\/no\/produkt\/dekornik-veggklistremerker-katter\/","title":{"rendered":"Dekornik, veggklistremerker katter"},"content":{"rendered":"<p>Et superfint sett av veggklistremerker med katter i forskjellige posisjoner! Perfekt for en liten katteelsker (Eller kanskje for en katteelskende voksen ogs\u00e5) \ud83d\ude42<\/p>\n<p>Dette fantastiske settet fra popul\u00e6re Dekornik vil l\u00f8fte barneroms-innredningen din og skape et levende barnerom fylt av action. Fire fine katter som du plasserer enkelt akkurat hvor du vil, eller hvordan du vil. Hver kombinasjon blir din egen unike og dere kommer til \u00e5 ha masse glede av dette.<\/p>\n<p>Materiale: Laget av et trykt materiale som har en f\u00f8lelse av mykt stoff, det er et polyestermateriale som ble oppfunnet i Korea men ble tatt til Europa for \u00e5 dekorere forskjellige interi\u00f8rer.<\/p>\n<p><u>Obs! Klistremerkene er ikke egnet for vegger med en grov overflate eller hvis de er malt med lateksfarger eller tapetsert.<\/u><\/p>\n<p>M\u00e5l:<\/p>\n<ul>\n<li>paret, r\u00f8d og brun katt: 54cm x 45cm<\/li>\n<li>gr\u00e5 katt med ballen: 58cm x 25 cm<\/li>\n<li>sovende katt: 45cm x 35 cm<\/li>\n<\/ul>\n","protected":false},"excerpt":{"rendered":"<p>Et superfint sett av veggklistremerker med katter i forskjellige posisjoner! Perfekt for en liten katteelsker (Eller kanskje for en katteelskende voksen ogs\u00e5) \ud83d\ude42 Dette fantastiske settet fra popul\u00e6re Dekornik vil l\u00f8fte barneroms-innredningen din og skape et levende barnerom fylt av action. Fire fine katter som du plasserer enkelt akkurat hvor du vil, eller hvordan du [&hellip;]<\/p>\n","protected":false},"featured_media":11913,"comment_status":"closed","ping_status":"open","template":"","meta":{"_acf_changed":false},"product_brand":[190],"product_cat":[191,48,24],"product_tag":[1689],"class_list":{"0":"post-11911","1":"product","2":"type-product","3":"status-publish","4":"has-post-thumbnail","6":"product_brand-dekornik","7":"product_cat-dekornik","8":"product_cat-startside","9":"product_cat-veggklistremerker","10":"product_tag-bestillingsvaror","12":"first","13":"instock","14":"taxable","15":"shipping-taxable","16":"purchasable","17":"product-type-simple"},"acf":[],"yoast_head":"<!-- This site is optimized with the Yoast SEO Premium plugin v25.8 (Yoast SEO v27.2) - https:\/\/yoast.com\/product\/yoast-seo-premium-wordpress\/ -->\n<title>Dekornik, veggklistremerker katter - Babylove Norska<\/title>\n<meta name=\"robots\" content=\"noindex, follow, max-snippet:-1, max-image-preview:large, max-video-preview:-1\" \/>\n<meta property=\"og:locale\" content=\"nb_NO\" \/>\n<meta property=\"og:type\" content=\"article\" \/>\n<meta property=\"og:title\" content=\"Dekornik, veggklistremerker katter\" \/>\n<meta property=\"og:description\" content=\"Et superfint sett av veggklistremerker med katter i forskjellige posisjoner! Perfekt for en liten katteelsker (Eller kanskje for en katteelskende voksen ogs\u00e5) \ud83d\ude42 Dette fantastiske settet fra popul\u00e6re Dekornik vil l\u00f8fte barneroms-innredningen din og skape et levende barnerom fylt av action. Fire fine katter som du plasserer enkelt akkurat hvor du vil, eller hvordan du [&hellip;]\" \/>\n<meta property=\"og:url\" content=\"https:\/\/babylove.se\/no\/produkt\/dekornik-veggklistremerker-katter\/\" \/>\n<meta property=\"og:site_name\" content=\"Babylove Norska\" \/>\n<meta property=\"article:modified_time\" content=\"2026-04-08T07:51:21+00:00\" \/>\n<meta property=\"og:image\" content=\"https:\/\/babylove.se\/no\/wp-content\/uploads\/sites\/3\/2025\/07\/5cac8eea75b51.jpeg\" \/>\n\t<meta property=\"og:image:width\" content=\"750\" \/>\n\t<meta property=\"og:image:height\" content=\"750\" \/>\n\t<meta property=\"og:image:type\" content=\"image\/jpeg\" \/>\n<meta name=\"twitter:card\" content=\"summary_large_image\" \/>\n<meta name=\"twitter:label1\" content=\"Price\" \/>\n\t<meta name=\"twitter:data1\" content=\"599,00&nbsp;&#107;&#114;\" \/>\n\t<meta name=\"twitter:label2\" content=\"Availability\" \/>\n\t<meta name=\"twitter:data2\" content=\"In stock\" \/>\n<script type=\"application\/ld+json\" class=\"yoast-schema-graph\">{\"@context\":\"https:\/\/schema.org\",\"@graph\":[{\"@type\":\"WebPage\",\"@id\":\"https:\/\/babylove.se\/no\/produkt\/dekornik-veggklistremerker-katter\/\",\"url\":\"https:\/\/babylove.se\/no\/produkt\/dekornik-veggklistremerker-katter\/\",\"name\":\"Dekornik, veggklistremerker katter - Babylove Norska\",\"isPartOf\":{\"@id\":\"https:\/\/babylove.se\/no\/#website\"},\"primaryImageOfPage\":{\"@id\":\"https:\/\/babylove.se\/no\/produkt\/dekornik-veggklistremerker-katter\/#primaryimage\"},\"image\":{\"@id\":\"https:\/\/babylove.se\/no\/produkt\/dekornik-veggklistremerker-katter\/#primaryimage\"},\"thumbnailUrl\":\"https:\/\/babylove.se\/no\/wp-content\/uploads\/sites\/3\/2025\/07\/5cac8eea75b51.jpeg\",\"datePublished\":\"2025-07-18T20:20:19+00:00\",\"dateModified\":\"2026-04-08T07:51:21+00:00\",\"breadcrumb\":{\"@id\":\"https:\/\/babylove.se\/no\/produkt\/dekornik-veggklistremerker-katter\/#breadcrumb\"},\"inLanguage\":\"nb-NO\",\"potentialAction\":[{\"@type\":\"ReadAction\",\"target\":[\"https:\/\/babylove.se\/no\/produkt\/dekornik-veggklistremerker-katter\/\"]}]},{\"@type\":\"ImageObject\",\"inLanguage\":\"nb-NO\",\"@id\":\"https:\/\/babylove.se\/no\/produkt\/dekornik-veggklistremerker-katter\/#primaryimage\",\"url\":\"https:\/\/babylove.se\/no\/wp-content\/uploads\/sites\/3\/2025\/07\/5cac8eea75b51.jpeg\",\"contentUrl\":\"https:\/\/babylove.se\/no\/wp-content\/uploads\/sites\/3\/2025\/07\/5cac8eea75b51.jpeg\",\"width\":750,\"height\":750},{\"@type\":\"BreadcrumbList\",\"@id\":\"https:\/\/babylove.se\/no\/produkt\/dekornik-veggklistremerker-katter\/#breadcrumb\",\"itemListElement\":[{\"@type\":\"ListItem\",\"position\":1,\"name\":\"Hem\",\"item\":\"https:\/\/babylove.se\/no\/\"},{\"@type\":\"ListItem\",\"position\":2,\"name\":\"Butik\",\"item\":\"https:\/\/babylove.se\/no\/butik\/\"},{\"@type\":\"ListItem\",\"position\":3,\"name\":\"Dekornik, veggklistremerker katter\"}]},{\"@type\":\"WebSite\",\"@id\":\"https:\/\/babylove.se\/no\/#website\",\"url\":\"https:\/\/babylove.se\/no\/\",\"name\":\"Babylove Norska\",\"description\":\"\",\"potentialAction\":[{\"@type\":\"SearchAction\",\"target\":{\"@type\":\"EntryPoint\",\"urlTemplate\":\"https:\/\/babylove.se\/no\/?s={search_term_string}\"},\"query-input\":{\"@type\":\"PropertyValueSpecification\",\"valueRequired\":true,\"valueName\":\"search_term_string\"}}],\"inLanguage\":\"nb-NO\"}]}<\/script>\n<meta property=\"product:brand\" content=\"Dekornik\" \/>\n<meta property=\"product:price:amount\" content=\"599.00\" \/>\n<meta property=\"product:price:currency\" content=\"SEK\" \/>\n<meta property=\"og:availability\" content=\"instock\" \/>\n<meta property=\"product:availability\" content=\"instock\" \/>\n<meta property=\"product:retailer_item_id\" content=\"DEKO.NNM.044\" \/>\n<meta property=\"product:condition\" content=\"new\" \/>\n<!-- \/ Yoast SEO Premium plugin. -->","yoast_head_json":{"title":"Dekornik, veggklistremerker katter - Babylove Norska","robots":{"index":"noindex","follow":"follow","max-snippet":"max-snippet:-1","max-image-preview":"max-image-preview:large","max-video-preview":"max-video-preview:-1"},"og_locale":"nb_NO","og_type":"article","og_title":"Dekornik, veggklistremerker katter","og_description":"Et superfint sett av veggklistremerker med katter i forskjellige posisjoner! Perfekt for en liten katteelsker (Eller kanskje for en katteelskende voksen ogs\u00e5) \ud83d\ude42 Dette fantastiske settet fra popul\u00e6re Dekornik vil l\u00f8fte barneroms-innredningen din og skape et levende barnerom fylt av action. Fire fine katter som du plasserer enkelt akkurat hvor du vil, eller hvordan du [&hellip;]","og_url":"https:\/\/babylove.se\/no\/produkt\/dekornik-veggklistremerker-katter\/","og_site_name":"Babylove Norska","article_modified_time":"2026-04-08T07:51:21+00:00","og_image":[{"width":750,"height":750,"url":"https:\/\/babylove.se\/no\/wp-content\/uploads\/sites\/3\/2025\/07\/5cac8eea75b51.jpeg","type":"image\/jpeg"}],"twitter_card":"summary_large_image","twitter_misc":{"Price":"599,00&nbsp;&#107;&#114;","Availability":"In stock"},"schema":{"@context":"https:\/\/schema.org","@graph":[{"@type":"WebPage","@id":"https:\/\/babylove.se\/no\/produkt\/dekornik-veggklistremerker-katter\/","url":"https:\/\/babylove.se\/no\/produkt\/dekornik-veggklistremerker-katter\/","name":"Dekornik, veggklistremerker katter - Babylove Norska","isPartOf":{"@id":"https:\/\/babylove.se\/no\/#website"},"primaryImageOfPage":{"@id":"https:\/\/babylove.se\/no\/produkt\/dekornik-veggklistremerker-katter\/#primaryimage"},"image":{"@id":"https:\/\/babylove.se\/no\/produkt\/dekornik-veggklistremerker-katter\/#primaryimage"},"thumbnailUrl":"https:\/\/babylove.se\/no\/wp-content\/uploads\/sites\/3\/2025\/07\/5cac8eea75b51.jpeg","datePublished":"2025-07-18T20:20:19+00:00","dateModified":"2026-04-08T07:51:21+00:00","breadcrumb":{"@id":"https:\/\/babylove.se\/no\/produkt\/dekornik-veggklistremerker-katter\/#breadcrumb"},"inLanguage":"nb-NO","potentialAction":[{"@type":"ReadAction","target":["https:\/\/babylove.se\/no\/produkt\/dekornik-veggklistremerker-katter\/"]}]},{"@type":"ImageObject","inLanguage":"nb-NO","@id":"https:\/\/babylove.se\/no\/produkt\/dekornik-veggklistremerker-katter\/#primaryimage","url":"https:\/\/babylove.se\/no\/wp-content\/uploads\/sites\/3\/2025\/07\/5cac8eea75b51.jpeg","contentUrl":"https:\/\/babylove.se\/no\/wp-content\/uploads\/sites\/3\/2025\/07\/5cac8eea75b51.jpeg","width":750,"height":750},{"@type":"BreadcrumbList","@id":"https:\/\/babylove.se\/no\/produkt\/dekornik-veggklistremerker-katter\/#breadcrumb","itemListElement":[{"@type":"ListItem","position":1,"name":"Hem","item":"https:\/\/babylove.se\/no\/"},{"@type":"ListItem","position":2,"name":"Butik","item":"https:\/\/babylove.se\/no\/butik\/"},{"@type":"ListItem","position":3,"name":"Dekornik, veggklistremerker katter"}]},{"@type":"WebSite","@id":"https:\/\/babylove.se\/no\/#website","url":"https:\/\/babylove.se\/no\/","name":"Babylove Norska","description":"","potentialAction":[{"@type":"SearchAction","target":{"@type":"EntryPoint","urlTemplate":"https:\/\/babylove.se\/no\/?s={search_term_string}"},"query-input":{"@type":"PropertyValueSpecification","valueRequired":true,"valueName":"search_term_string"}}],"inLanguage":"nb-NO"}]},"product_brand":"Dekornik","product_price_amount":"599.00","product_price_currency":"SEK","og_availability":"instock","product_availability":"instock","product_retailer_item_id":"DEKO.NNM.044","product_condition":"new"},"_links":{"self":[{"href":"https:\/\/babylove.se\/no\/wp-json\/wp\/v2\/product\/11911","targetHints":{"allow":["GET"]}}],"collection":[{"href":"https:\/\/babylove.se\/no\/wp-json\/wp\/v2\/product"}],"about":[{"href":"https:\/\/babylove.se\/no\/wp-json\/wp\/v2\/types\/product"}],"replies":[{"embeddable":true,"href":"https:\/\/babylove.se\/no\/wp-json\/wp\/v2\/comments?post=11911"}],"wp:featuredmedia":[{"embeddable":true,"href":"https:\/\/babylove.se\/no\/wp-json\/wp\/v2\/media\/11913"}],"wp:attachment":[{"href":"https:\/\/babylove.se\/no\/wp-json\/wp\/v2\/media?parent=11911"}],"wp:term":[{"taxonomy":"product_brand","embeddable":true,"href":"https:\/\/babylove.se\/no\/wp-json\/wp\/v2\/product_brand?post=11911"},{"taxonomy":"product_cat","embeddable":true,"href":"https:\/\/babylove.se\/no\/wp-json\/wp\/v2\/product_cat?post=11911"},{"taxonomy":"product_tag","embeddable":true,"href":"https:\/\/babylove.se\/no\/wp-json\/wp\/v2\/product_tag?post=11911"}],"curies":[{"name":"wp","href":"https:\/\/api.w.org\/{rel}","templated":true}]}}