{"id":11927,"date":"2025-07-18T21:20:19","date_gmt":"2025-07-18T20:20:19","guid":{"rendered":"https:\/\/babylove.se\/produkt\/51-dekornik-vaggklistermarken-fjarilar\/"},"modified":"2026-04-08T08:51:27","modified_gmt":"2026-04-08T07:51:27","slug":"51-dekornik-veggklistremerker-sommerfugler","status":"publish","type":"product","link":"https:\/\/babylove.se\/no\/produkt\/51-dekornik-veggklistremerker-sommerfugler\/","title":{"rendered":"Dekornik, veggklistremerker sommerfugler"},"content":{"rendered":"<p>Fantastisk flotte veggklistremerker til barnerommet i form av vakre sommerfugler!<\/p>\n<p>Du plasserer sommerfuglene n\u00f8yaktig som du vil og skaper dermed en egen, unik kombinasjon. Barnerommet ditt vil bli l\u00f8ftet til nye h\u00f8yder med disse veggklistremerkene.<\/p>\n<p>Veggklistremerkene kan ogs\u00e5 klistres direkte p\u00e5 m\u00f8bler som garderoben eller d\u00f8ren, med samme herlige resultat. Hvorfor ikke pimpe den gamle, men fortsatt fine, garderoben?<\/p>\n<p>Dette produktet finnes i to forskjellige st\u00f8rrelser:<\/p>\n<ul>\n<li>St\u00f8rrelse S passer superbra for eksempel over skrivebordet eller hvorfor ikke p\u00e5 garderobsd\u00f8ren?<\/li>\n<li>St\u00f8rrelse L er en st\u00f8rre variant som passer perfekt over barnets seng. St\u00f8rrelse L har dessuten flere stjerner (i st\u00f8rrelse S finnes f.eks. ingen sm\u00e5 stjerner), s\u00e5 hvis du vil ha en st\u00f8rre veggdekorasjon totalt sett, velg st\u00f8rrelse L<\/li>\n<\/ul>\n<p>Materiale: Disse veggklistremerkene er laget av et trykt materiale som har en f\u00f8lelse av mykt og fint stoff, det er et polyestermateriale som ble oppfunnet i Korea men siden tatt til Europa for \u00e5 brukes til forskjellige dekorasjoner.<\/p>\n<p><u>Obs! Klistremerkene er ikke egnet for vegger med en grov overflate eller hvis de er malt med lateksfarger eller tapetserte.<\/u><\/p>\n<p>Detaljerte m\u00e5l:<\/p>\n<p>St\u00f8rrelse S :<\/p>\n<ul>\n<li>9 Fantastiske Sommerfugler<\/li>\n<li>Den st\u00f8rste sommerfugl : 38cm x 23cm<\/li>\n<li>Den minste sommerfugl : 13cm x 6cm<\/li>\n<li>stjerner : 12 stk (3 cm , 6 cm)<\/li>\n<\/ul>\n<p>St\u00f8rrelse L :<\/p>\n<ul>\n<li>9 Fantastiske Sommerfugler<\/li>\n<li>Den st\u00f8rste sommerfugl : 52 cm x 31 cm<\/li>\n<li>Den minste sommerfugl : 21 cm x 11 cm<\/li>\n<li>stjerner : 20 stk (3 cm , 4 cm 7 cm)<\/li>\n<\/ul>\n<p>Materiale: Laget av et trykt materiale som har en f\u00f8lelse av mykt stoff, det er et polyestermateriale som ble oppfunnet i Korea men tatt til Europa for \u00e5 dekorere forskjellige interi\u00f8rer.<\/p>\n<p>Designer: <a href=\"https:\/\/babylove.se\/varumarken\/dekornik\"><u>Dekornik<\/u><\/a><\/p>\n<p><u>Obs! klistremerkene er ikke egnet for vegger med en grov overflate eller hvis de er malt med lateksfarger<\/u><\/p>\n","protected":false},"excerpt":{"rendered":"<p>Fantastisk flotte veggklistremerker til barnerommet i form av vakre sommerfugler! Du plasserer sommerfuglene n\u00f8yaktig som du vil og skaper dermed en egen, unik kombinasjon. Barnerommet ditt vil bli l\u00f8ftet til nye h\u00f8yder med disse veggklistremerkene. Veggklistremerkene kan ogs\u00e5 klistres direkte p\u00e5 m\u00f8bler som garderoben eller d\u00f8ren, med samme herlige resultat. Hvorfor ikke pimpe den gamle, [&hellip;]<\/p>\n","protected":false},"featured_media":11929,"comment_status":"closed","ping_status":"open","template":"","meta":{"_acf_changed":false},"product_brand":[190],"product_cat":[191,90,25,125,48,24],"product_tag":[1689],"class_list":{"0":"post-11927","1":"product","2":"type-product","3":"status-publish","4":"has-post-thumbnail","6":"product_brand-dekornik","7":"product_cat-dekornik","8":"product_cat-dyr","9":"product_cat-ikke-bare-jenter","10":"product_cat-boho","11":"product_cat-startside","12":"product_cat-veggklistremerker","13":"product_tag-bestillingsvaror","14":"pa_storlek-l-110x70-cm","15":"pa_storlek-s-80x50-cm","17":"first","18":"instock","19":"taxable","20":"shipping-taxable","21":"purchasable","22":"product-type-variable"},"acf":[],"yoast_head":"<!-- This site is optimized with the Yoast SEO Premium plugin v25.8 (Yoast SEO v27.2) - https:\/\/yoast.com\/product\/yoast-seo-premium-wordpress\/ -->\n<title>Dekornik, veggklistremerker sommerfugler - Babylove Norska<\/title>\n<meta name=\"robots\" content=\"noindex, follow, max-snippet:-1, max-image-preview:large, max-video-preview:-1\" \/>\n<meta property=\"og:locale\" content=\"nb_NO\" \/>\n<meta property=\"og:type\" content=\"article\" \/>\n<meta property=\"og:title\" content=\"Dekornik, veggklistremerker sommerfugler\" \/>\n<meta property=\"og:description\" content=\"Fantastisk flotte veggklistremerker til barnerommet i form av vakre sommerfugler! Du plasserer sommerfuglene n\u00f8yaktig som du vil og skaper dermed en egen, unik kombinasjon. Barnerommet ditt vil bli l\u00f8ftet til nye h\u00f8yder med disse veggklistremerkene. Veggklistremerkene kan ogs\u00e5 klistres direkte p\u00e5 m\u00f8bler som garderoben eller d\u00f8ren, med samme herlige resultat. Hvorfor ikke pimpe den gamle, [&hellip;]\" \/>\n<meta property=\"og:url\" content=\"https:\/\/babylove.se\/no\/produkt\/51-dekornik-veggklistremerker-sommerfugler\/\" \/>\n<meta property=\"og:site_name\" content=\"Babylove Norska\" \/>\n<meta property=\"article:modified_time\" content=\"2026-04-08T07:51:27+00:00\" \/>\n<meta property=\"og:image\" content=\"https:\/\/babylove.se\/no\/wp-content\/uploads\/sites\/3\/2025\/07\/5cac96418f283.jpeg\" \/>\n\t<meta property=\"og:image:width\" content=\"750\" \/>\n\t<meta property=\"og:image:height\" content=\"750\" \/>\n\t<meta property=\"og:image:type\" content=\"image\/jpeg\" \/>\n<meta name=\"twitter:card\" content=\"summary_large_image\" \/>\n<meta name=\"twitter:label1\" content=\"Availability\" \/>\n\t<meta name=\"twitter:data1\" content=\"In stock\" \/>\n<script type=\"application\/ld+json\" class=\"yoast-schema-graph\">{\"@context\":\"https:\/\/schema.org\",\"@graph\":[{\"@type\":\"WebPage\",\"@id\":\"https:\/\/babylove.se\/no\/produkt\/51-dekornik-veggklistremerker-sommerfugler\/\",\"url\":\"https:\/\/babylove.se\/no\/produkt\/51-dekornik-veggklistremerker-sommerfugler\/\",\"name\":\"Dekornik, veggklistremerker sommerfugler - Babylove Norska\",\"isPartOf\":{\"@id\":\"https:\/\/babylove.se\/no\/#website\"},\"primaryImageOfPage\":{\"@id\":\"https:\/\/babylove.se\/no\/produkt\/51-dekornik-veggklistremerker-sommerfugler\/#primaryimage\"},\"image\":{\"@id\":\"https:\/\/babylove.se\/no\/produkt\/51-dekornik-veggklistremerker-sommerfugler\/#primaryimage\"},\"thumbnailUrl\":\"https:\/\/babylove.se\/no\/wp-content\/uploads\/sites\/3\/2025\/07\/5cac96418f283.jpeg\",\"datePublished\":\"2025-07-18T20:20:19+00:00\",\"dateModified\":\"2026-04-08T07:51:27+00:00\",\"breadcrumb\":{\"@id\":\"https:\/\/babylove.se\/no\/produkt\/51-dekornik-veggklistremerker-sommerfugler\/#breadcrumb\"},\"inLanguage\":\"nb-NO\",\"potentialAction\":[{\"@type\":\"ReadAction\",\"target\":[\"https:\/\/babylove.se\/no\/produkt\/51-dekornik-veggklistremerker-sommerfugler\/\"]}]},{\"@type\":\"ImageObject\",\"inLanguage\":\"nb-NO\",\"@id\":\"https:\/\/babylove.se\/no\/produkt\/51-dekornik-veggklistremerker-sommerfugler\/#primaryimage\",\"url\":\"https:\/\/babylove.se\/no\/wp-content\/uploads\/sites\/3\/2025\/07\/5cac96418f283.jpeg\",\"contentUrl\":\"https:\/\/babylove.se\/no\/wp-content\/uploads\/sites\/3\/2025\/07\/5cac96418f283.jpeg\",\"width\":750,\"height\":750},{\"@type\":\"BreadcrumbList\",\"@id\":\"https:\/\/babylove.se\/no\/produkt\/51-dekornik-veggklistremerker-sommerfugler\/#breadcrumb\",\"itemListElement\":[{\"@type\":\"ListItem\",\"position\":1,\"name\":\"Hem\",\"item\":\"https:\/\/babylove.se\/no\/\"},{\"@type\":\"ListItem\",\"position\":2,\"name\":\"Butik\",\"item\":\"https:\/\/babylove.se\/no\/butik\/\"},{\"@type\":\"ListItem\",\"position\":3,\"name\":\"Dekornik, veggklistremerker sommerfugler\"}]},{\"@type\":\"WebSite\",\"@id\":\"https:\/\/babylove.se\/no\/#website\",\"url\":\"https:\/\/babylove.se\/no\/\",\"name\":\"Babylove Norska\",\"description\":\"\",\"potentialAction\":[{\"@type\":\"SearchAction\",\"target\":{\"@type\":\"EntryPoint\",\"urlTemplate\":\"https:\/\/babylove.se\/no\/?s={search_term_string}\"},\"query-input\":{\"@type\":\"PropertyValueSpecification\",\"valueRequired\":true,\"valueName\":\"search_term_string\"}}],\"inLanguage\":\"nb-NO\"}]}<\/script>\n<meta property=\"product:brand\" content=\"Dekornik\" \/>\n<meta property=\"og:availability\" content=\"instock\" \/>\n<meta property=\"product:availability\" content=\"instock\" \/>\n<meta property=\"product:retailer_item_id\" content=\"Fj\u00e4rilar-S\" \/>\n<meta property=\"product:condition\" content=\"new\" \/>\n<!-- \/ Yoast SEO Premium plugin. -->","yoast_head_json":{"title":"Dekornik, veggklistremerker sommerfugler - Babylove Norska","robots":{"index":"noindex","follow":"follow","max-snippet":"max-snippet:-1","max-image-preview":"max-image-preview:large","max-video-preview":"max-video-preview:-1"},"og_locale":"nb_NO","og_type":"article","og_title":"Dekornik, veggklistremerker sommerfugler","og_description":"Fantastisk flotte veggklistremerker til barnerommet i form av vakre sommerfugler! Du plasserer sommerfuglene n\u00f8yaktig som du vil og skaper dermed en egen, unik kombinasjon. Barnerommet ditt vil bli l\u00f8ftet til nye h\u00f8yder med disse veggklistremerkene. Veggklistremerkene kan ogs\u00e5 klistres direkte p\u00e5 m\u00f8bler som garderoben eller d\u00f8ren, med samme herlige resultat. Hvorfor ikke pimpe den gamle, [&hellip;]","og_url":"https:\/\/babylove.se\/no\/produkt\/51-dekornik-veggklistremerker-sommerfugler\/","og_site_name":"Babylove Norska","article_modified_time":"2026-04-08T07:51:27+00:00","og_image":[{"width":750,"height":750,"url":"https:\/\/babylove.se\/no\/wp-content\/uploads\/sites\/3\/2025\/07\/5cac96418f283.jpeg","type":"image\/jpeg"}],"twitter_card":"summary_large_image","twitter_misc":{"Availability":"In stock"},"schema":{"@context":"https:\/\/schema.org","@graph":[{"@type":"WebPage","@id":"https:\/\/babylove.se\/no\/produkt\/51-dekornik-veggklistremerker-sommerfugler\/","url":"https:\/\/babylove.se\/no\/produkt\/51-dekornik-veggklistremerker-sommerfugler\/","name":"Dekornik, veggklistremerker sommerfugler - Babylove Norska","isPartOf":{"@id":"https:\/\/babylove.se\/no\/#website"},"primaryImageOfPage":{"@id":"https:\/\/babylove.se\/no\/produkt\/51-dekornik-veggklistremerker-sommerfugler\/#primaryimage"},"image":{"@id":"https:\/\/babylove.se\/no\/produkt\/51-dekornik-veggklistremerker-sommerfugler\/#primaryimage"},"thumbnailUrl":"https:\/\/babylove.se\/no\/wp-content\/uploads\/sites\/3\/2025\/07\/5cac96418f283.jpeg","datePublished":"2025-07-18T20:20:19+00:00","dateModified":"2026-04-08T07:51:27+00:00","breadcrumb":{"@id":"https:\/\/babylove.se\/no\/produkt\/51-dekornik-veggklistremerker-sommerfugler\/#breadcrumb"},"inLanguage":"nb-NO","potentialAction":[{"@type":"ReadAction","target":["https:\/\/babylove.se\/no\/produkt\/51-dekornik-veggklistremerker-sommerfugler\/"]}]},{"@type":"ImageObject","inLanguage":"nb-NO","@id":"https:\/\/babylove.se\/no\/produkt\/51-dekornik-veggklistremerker-sommerfugler\/#primaryimage","url":"https:\/\/babylove.se\/no\/wp-content\/uploads\/sites\/3\/2025\/07\/5cac96418f283.jpeg","contentUrl":"https:\/\/babylove.se\/no\/wp-content\/uploads\/sites\/3\/2025\/07\/5cac96418f283.jpeg","width":750,"height":750},{"@type":"BreadcrumbList","@id":"https:\/\/babylove.se\/no\/produkt\/51-dekornik-veggklistremerker-sommerfugler\/#breadcrumb","itemListElement":[{"@type":"ListItem","position":1,"name":"Hem","item":"https:\/\/babylove.se\/no\/"},{"@type":"ListItem","position":2,"name":"Butik","item":"https:\/\/babylove.se\/no\/butik\/"},{"@type":"ListItem","position":3,"name":"Dekornik, veggklistremerker sommerfugler"}]},{"@type":"WebSite","@id":"https:\/\/babylove.se\/no\/#website","url":"https:\/\/babylove.se\/no\/","name":"Babylove Norska","description":"","potentialAction":[{"@type":"SearchAction","target":{"@type":"EntryPoint","urlTemplate":"https:\/\/babylove.se\/no\/?s={search_term_string}"},"query-input":{"@type":"PropertyValueSpecification","valueRequired":true,"valueName":"search_term_string"}}],"inLanguage":"nb-NO"}]},"product_brand":"Dekornik","og_availability":"instock","product_availability":"instock","product_retailer_item_id":"Fj\u00e4rilar-S","product_condition":"new"},"_links":{"self":[{"href":"https:\/\/babylove.se\/no\/wp-json\/wp\/v2\/product\/11927","targetHints":{"allow":["GET"]}}],"collection":[{"href":"https:\/\/babylove.se\/no\/wp-json\/wp\/v2\/product"}],"about":[{"href":"https:\/\/babylove.se\/no\/wp-json\/wp\/v2\/types\/product"}],"replies":[{"embeddable":true,"href":"https:\/\/babylove.se\/no\/wp-json\/wp\/v2\/comments?post=11927"}],"wp:featuredmedia":[{"embeddable":true,"href":"https:\/\/babylove.se\/no\/wp-json\/wp\/v2\/media\/11929"}],"wp:attachment":[{"href":"https:\/\/babylove.se\/no\/wp-json\/wp\/v2\/media?parent=11927"}],"wp:term":[{"taxonomy":"product_brand","embeddable":true,"href":"https:\/\/babylove.se\/no\/wp-json\/wp\/v2\/product_brand?post=11927"},{"taxonomy":"product_cat","embeddable":true,"href":"https:\/\/babylove.se\/no\/wp-json\/wp\/v2\/product_cat?post=11927"},{"taxonomy":"product_tag","embeddable":true,"href":"https:\/\/babylove.se\/no\/wp-json\/wp\/v2\/product_tag?post=11927"}],"curies":[{"name":"wp","href":"https:\/\/api.w.org\/{rel}","templated":true}]}}