{"id":11987,"date":"2025-07-18T21:20:39","date_gmt":"2025-07-18T20:20:39","guid":{"rendered":"https:\/\/babylove.se\/produkt\/cotton-sweets-blush-babynest-i-bomull\/"},"modified":"2026-04-08T08:51:49","modified_gmt":"2026-04-08T07:51:49","slug":"bomulls-sot-rodme-babynest-i-bomull","status":"publish","type":"product","link":"https:\/\/babylove.se\/no\/produkt\/bomulls-sot-rodme-babynest-i-bomull\/","title":{"rendered":"Cotton &#038; Sweets, blush babynest i sateng"},"content":{"rendered":"<p>Det beste av to verdener. Cotton &#038; Sweets og babynest med volanger! Dette underbart fine babynestet med vakre volanger kommer ikke bare til \u00e5 v\u00e6re et trygt og koselig sted for ditt lille<span> <\/span>barn, men ogs\u00e5 forskj\u00f8nne rommet ditt med noe virkelig vakkert. Et babynest er kanskje det mest praktiske barnetilbeh\u00f8ret som gj\u00f8r at barnet ditt kan sove trygt, uansett hvor det befinner seg. Du kan enkelt flytte det rundt mellom forskjellige rom, eller ta med deg n\u00e5r dere skal bort eller ut og reise. Barnet sover ogs\u00e5 tryggere hvis de ligger i foreldrenes seng, eller i sin egen barneseng\/vugge. Matches selvf\u00f8lgelig med Cotton &#038; Sweets \u00f8vrige produkter som g\u00e5r i samme stil.<\/p>\n<p><strong>Innerm\u00e5l<\/strong>: 70 cm x 34 cm (+\/-)<\/p>\n<p><strong>Materiale<\/strong>: Overtrekk i satengbomull og fyll av polyester. <\/p>\n<p>Vaskes i h\u00f8yst 30 grader men kan ikke t\u00f8rketromles.<\/p>\n<p>Designer: <a href=\"https:\/\/babylove.se\/varumarken\/cottonsweets\"><u>Cotton &#038; Sweets<\/u><\/a><\/p>\n","protected":false},"excerpt":{"rendered":"<p>Det beste av to verdener. Cotton &#038; Sweets og babynest med volanger! Dette underbart fine babynestet med vakre volanger kommer ikke bare til \u00e5 v\u00e6re et trygt og koselig sted for ditt lille barn, men ogs\u00e5 forskj\u00f8nne rommet ditt med noe virkelig vakkert. Et babynest er kanskje det mest praktiske barnetilbeh\u00f8ret som gj\u00f8r at barnet [&hellip;]<\/p>\n","protected":false},"featured_media":11989,"comment_status":"closed","ping_status":"open","template":"","meta":{"_acf_changed":false},"product_brand":[143],"product_cat":[56,41,144,86,48],"product_tag":[1689],"class_list":{"0":"post-11987","1":"product","2":"type-product","3":"status-publish","4":"has-post-thumbnail","6":"product_brand-cotton-sweets","7":"product_cat-babynest","8":"product_cat-babytilbehor","9":"product_cat-cottonsweets","10":"product_cat-produktliste","11":"product_cat-startside","12":"product_tag-bestillingsvaror","14":"first","15":"instock","16":"taxable","17":"shipping-taxable","18":"purchasable","19":"product-type-simple"},"acf":[],"yoast_head":"<!-- This site is optimized with the Yoast SEO Premium plugin v25.8 (Yoast SEO v27.2) - https:\/\/yoast.com\/product\/yoast-seo-premium-wordpress\/ -->\n<title>Cotton &amp; Sweets, blush babynest i sateng - Babylove Norska<\/title>\n<meta name=\"robots\" content=\"noindex, follow, max-snippet:-1, max-image-preview:large, max-video-preview:-1\" \/>\n<meta property=\"og:locale\" content=\"nb_NO\" \/>\n<meta property=\"og:type\" content=\"article\" \/>\n<meta property=\"og:title\" content=\"Cotton &amp; Sweets, blush babynest i sateng\" \/>\n<meta property=\"og:description\" content=\"Det beste av to verdener. Cotton &#038; Sweets og babynest med volanger! Dette underbart fine babynestet med vakre volanger kommer ikke bare til \u00e5 v\u00e6re et trygt og koselig sted for ditt lille barn, men ogs\u00e5 forskj\u00f8nne rommet ditt med noe virkelig vakkert. Et babynest er kanskje det mest praktiske barnetilbeh\u00f8ret som gj\u00f8r at barnet [&hellip;]\" \/>\n<meta property=\"og:url\" content=\"https:\/\/babylove.se\/no\/produkt\/bomulls-sot-rodme-babynest-i-bomull\/\" \/>\n<meta property=\"og:site_name\" content=\"Babylove Norska\" \/>\n<meta property=\"article:modified_time\" content=\"2026-04-08T07:51:49+00:00\" \/>\n<meta property=\"og:image\" content=\"https:\/\/babylove.se\/no\/wp-content\/uploads\/sites\/3\/2025\/07\/6220d5cf99a6b.png\" \/>\n\t<meta property=\"og:image:width\" content=\"600\" \/>\n\t<meta property=\"og:image:height\" content=\"600\" \/>\n\t<meta property=\"og:image:type\" content=\"image\/png\" \/>\n<meta name=\"twitter:card\" content=\"summary_large_image\" \/>\n<meta name=\"twitter:label1\" content=\"Price\" \/>\n\t<meta name=\"twitter:data1\" content=\"1 199,00&nbsp;&#107;&#114;\" \/>\n\t<meta name=\"twitter:label2\" content=\"Availability\" \/>\n\t<meta name=\"twitter:data2\" content=\"In stock\" \/>\n<script type=\"application\/ld+json\" class=\"yoast-schema-graph\">{\"@context\":\"https:\/\/schema.org\",\"@graph\":[{\"@type\":\"WebPage\",\"@id\":\"https:\/\/babylove.se\/no\/produkt\/bomulls-sot-rodme-babynest-i-bomull\/\",\"url\":\"https:\/\/babylove.se\/no\/produkt\/bomulls-sot-rodme-babynest-i-bomull\/\",\"name\":\"Cotton & Sweets, blush babynest i sateng - Babylove Norska\",\"isPartOf\":{\"@id\":\"https:\/\/babylove.se\/no\/#website\"},\"primaryImageOfPage\":{\"@id\":\"https:\/\/babylove.se\/no\/produkt\/bomulls-sot-rodme-babynest-i-bomull\/#primaryimage\"},\"image\":{\"@id\":\"https:\/\/babylove.se\/no\/produkt\/bomulls-sot-rodme-babynest-i-bomull\/#primaryimage\"},\"thumbnailUrl\":\"https:\/\/babylove.se\/no\/wp-content\/uploads\/sites\/3\/2025\/07\/6220d5cf99a6b.png\",\"datePublished\":\"2025-07-18T20:20:39+00:00\",\"dateModified\":\"2026-04-08T07:51:49+00:00\",\"breadcrumb\":{\"@id\":\"https:\/\/babylove.se\/no\/produkt\/bomulls-sot-rodme-babynest-i-bomull\/#breadcrumb\"},\"inLanguage\":\"nb-NO\",\"potentialAction\":[{\"@type\":\"ReadAction\",\"target\":[\"https:\/\/babylove.se\/no\/produkt\/bomulls-sot-rodme-babynest-i-bomull\/\"]}]},{\"@type\":\"ImageObject\",\"inLanguage\":\"nb-NO\",\"@id\":\"https:\/\/babylove.se\/no\/produkt\/bomulls-sot-rodme-babynest-i-bomull\/#primaryimage\",\"url\":\"https:\/\/babylove.se\/no\/wp-content\/uploads\/sites\/3\/2025\/07\/6220d5cf99a6b.png\",\"contentUrl\":\"https:\/\/babylove.se\/no\/wp-content\/uploads\/sites\/3\/2025\/07\/6220d5cf99a6b.png\",\"width\":600,\"height\":600},{\"@type\":\"BreadcrumbList\",\"@id\":\"https:\/\/babylove.se\/no\/produkt\/bomulls-sot-rodme-babynest-i-bomull\/#breadcrumb\",\"itemListElement\":[{\"@type\":\"ListItem\",\"position\":1,\"name\":\"Hem\",\"item\":\"https:\/\/babylove.se\/no\/\"},{\"@type\":\"ListItem\",\"position\":2,\"name\":\"Butik\",\"item\":\"https:\/\/babylove.se\/no\/butik\/\"},{\"@type\":\"ListItem\",\"position\":3,\"name\":\"Cotton &#038; Sweets, blush babynest i sateng\"}]},{\"@type\":\"WebSite\",\"@id\":\"https:\/\/babylove.se\/no\/#website\",\"url\":\"https:\/\/babylove.se\/no\/\",\"name\":\"Babylove Norska\",\"description\":\"\",\"potentialAction\":[{\"@type\":\"SearchAction\",\"target\":{\"@type\":\"EntryPoint\",\"urlTemplate\":\"https:\/\/babylove.se\/no\/?s={search_term_string}\"},\"query-input\":{\"@type\":\"PropertyValueSpecification\",\"valueRequired\":true,\"valueName\":\"search_term_string\"}}],\"inLanguage\":\"nb-NO\"}]}<\/script>\n<meta property=\"product:brand\" content=\"Cotton &amp; Sweets\" \/>\n<meta property=\"product:price:amount\" content=\"1199.00\" \/>\n<meta property=\"product:price:currency\" content=\"SEK\" \/>\n<meta property=\"og:availability\" content=\"instock\" \/>\n<meta property=\"product:availability\" content=\"instock\" \/>\n<meta property=\"product:retailer_item_id\" content=\"SG28102\" \/>\n<meta property=\"product:condition\" content=\"new\" \/>\n<!-- \/ Yoast SEO Premium plugin. -->","yoast_head_json":{"title":"Cotton & Sweets, blush babynest i sateng - Babylove Norska","robots":{"index":"noindex","follow":"follow","max-snippet":"max-snippet:-1","max-image-preview":"max-image-preview:large","max-video-preview":"max-video-preview:-1"},"og_locale":"nb_NO","og_type":"article","og_title":"Cotton & Sweets, blush babynest i sateng","og_description":"Det beste av to verdener. Cotton &#038; Sweets og babynest med volanger! Dette underbart fine babynestet med vakre volanger kommer ikke bare til \u00e5 v\u00e6re et trygt og koselig sted for ditt lille barn, men ogs\u00e5 forskj\u00f8nne rommet ditt med noe virkelig vakkert. Et babynest er kanskje det mest praktiske barnetilbeh\u00f8ret som gj\u00f8r at barnet [&hellip;]","og_url":"https:\/\/babylove.se\/no\/produkt\/bomulls-sot-rodme-babynest-i-bomull\/","og_site_name":"Babylove Norska","article_modified_time":"2026-04-08T07:51:49+00:00","og_image":[{"width":600,"height":600,"url":"https:\/\/babylove.se\/no\/wp-content\/uploads\/sites\/3\/2025\/07\/6220d5cf99a6b.png","type":"image\/png"}],"twitter_card":"summary_large_image","twitter_misc":{"Price":"1 199,00&nbsp;&#107;&#114;","Availability":"In stock"},"schema":{"@context":"https:\/\/schema.org","@graph":[{"@type":"WebPage","@id":"https:\/\/babylove.se\/no\/produkt\/bomulls-sot-rodme-babynest-i-bomull\/","url":"https:\/\/babylove.se\/no\/produkt\/bomulls-sot-rodme-babynest-i-bomull\/","name":"Cotton & Sweets, blush babynest i sateng - Babylove Norska","isPartOf":{"@id":"https:\/\/babylove.se\/no\/#website"},"primaryImageOfPage":{"@id":"https:\/\/babylove.se\/no\/produkt\/bomulls-sot-rodme-babynest-i-bomull\/#primaryimage"},"image":{"@id":"https:\/\/babylove.se\/no\/produkt\/bomulls-sot-rodme-babynest-i-bomull\/#primaryimage"},"thumbnailUrl":"https:\/\/babylove.se\/no\/wp-content\/uploads\/sites\/3\/2025\/07\/6220d5cf99a6b.png","datePublished":"2025-07-18T20:20:39+00:00","dateModified":"2026-04-08T07:51:49+00:00","breadcrumb":{"@id":"https:\/\/babylove.se\/no\/produkt\/bomulls-sot-rodme-babynest-i-bomull\/#breadcrumb"},"inLanguage":"nb-NO","potentialAction":[{"@type":"ReadAction","target":["https:\/\/babylove.se\/no\/produkt\/bomulls-sot-rodme-babynest-i-bomull\/"]}]},{"@type":"ImageObject","inLanguage":"nb-NO","@id":"https:\/\/babylove.se\/no\/produkt\/bomulls-sot-rodme-babynest-i-bomull\/#primaryimage","url":"https:\/\/babylove.se\/no\/wp-content\/uploads\/sites\/3\/2025\/07\/6220d5cf99a6b.png","contentUrl":"https:\/\/babylove.se\/no\/wp-content\/uploads\/sites\/3\/2025\/07\/6220d5cf99a6b.png","width":600,"height":600},{"@type":"BreadcrumbList","@id":"https:\/\/babylove.se\/no\/produkt\/bomulls-sot-rodme-babynest-i-bomull\/#breadcrumb","itemListElement":[{"@type":"ListItem","position":1,"name":"Hem","item":"https:\/\/babylove.se\/no\/"},{"@type":"ListItem","position":2,"name":"Butik","item":"https:\/\/babylove.se\/no\/butik\/"},{"@type":"ListItem","position":3,"name":"Cotton &#038; Sweets, blush babynest i sateng"}]},{"@type":"WebSite","@id":"https:\/\/babylove.se\/no\/#website","url":"https:\/\/babylove.se\/no\/","name":"Babylove Norska","description":"","potentialAction":[{"@type":"SearchAction","target":{"@type":"EntryPoint","urlTemplate":"https:\/\/babylove.se\/no\/?s={search_term_string}"},"query-input":{"@type":"PropertyValueSpecification","valueRequired":true,"valueName":"search_term_string"}}],"inLanguage":"nb-NO"}]},"product_brand":"Cotton &amp; Sweets","product_price_amount":"1199.00","product_price_currency":"SEK","og_availability":"instock","product_availability":"instock","product_retailer_item_id":"SG28102","product_condition":"new"},"_links":{"self":[{"href":"https:\/\/babylove.se\/no\/wp-json\/wp\/v2\/product\/11987","targetHints":{"allow":["GET"]}}],"collection":[{"href":"https:\/\/babylove.se\/no\/wp-json\/wp\/v2\/product"}],"about":[{"href":"https:\/\/babylove.se\/no\/wp-json\/wp\/v2\/types\/product"}],"replies":[{"embeddable":true,"href":"https:\/\/babylove.se\/no\/wp-json\/wp\/v2\/comments?post=11987"}],"wp:featuredmedia":[{"embeddable":true,"href":"https:\/\/babylove.se\/no\/wp-json\/wp\/v2\/media\/11989"}],"wp:attachment":[{"href":"https:\/\/babylove.se\/no\/wp-json\/wp\/v2\/media?parent=11987"}],"wp:term":[{"taxonomy":"product_brand","embeddable":true,"href":"https:\/\/babylove.se\/no\/wp-json\/wp\/v2\/product_brand?post=11987"},{"taxonomy":"product_cat","embeddable":true,"href":"https:\/\/babylove.se\/no\/wp-json\/wp\/v2\/product_cat?post=11987"},{"taxonomy":"product_tag","embeddable":true,"href":"https:\/\/babylove.se\/no\/wp-json\/wp\/v2\/product_tag?post=11987"}],"curies":[{"name":"wp","href":"https:\/\/api.w.org\/{rel}","templated":true}]}}