{"id":12075,"date":"2025-07-18T21:21:24","date_gmt":"2025-07-18T20:21:24","guid":{"rendered":"https:\/\/babylove.se\/produkt\/babylove-peach-sanghimmel-med-ljusslinga\/"},"modified":"2026-04-08T08:52:42","modified_gmt":"2026-04-08T07:52:42","slug":"babylove-fersken-sanghimmel-med-lysslynge","status":"publish","type":"product","link":"https:\/\/babylove.se\/no\/produkt\/babylove-fersken-sanghimmel-med-lysslynge\/","title":{"rendered":"Babylove, fersken sengehimmel med lysslynge"},"content":{"rendered":"<p>En deilig fersken sengehimmel i myk bomull fra egen og unik kolleksjon laget av h\u00f8yeste kvalitet. Produsert i v\u00e5r egen fabrikk i Europa, og vi har samlet all v\u00e5r kunnskap om sengehimler for \u00e5 skape det mest prisgunstige kvalitetsproduktet p\u00e5 markedet. <\/p>\n<p>Til sengehimmelen f\u00f8lger det ogs\u00e5 med to s\u00f8te stjerner og en fin lysslynge (20 lyskilder), s\u00e5 du kan skape et magisk senghj\u00f8rne i barnerommet ditt. <\/p>\n<p><u><strong>Materiale<\/strong><\/u>: Sengehimmelen er laget av 100 % OEKO TEX sertifisert bomull, og med omtanke for barnet som s\u00e6rpreg. Produksjonen er helt giftfri og sengehimmelen er h\u00e5ndsydd stykkevis, du kommer til \u00e5 elske den, det er vi sikre p\u00e5. Bomullen puster og er tilpasset for ikke \u00e5 gi for &#8220;tung&#8221; f\u00f8lelse n\u00e5r den er hengt opp. <\/p>\n<p><u><strong>St\u00f8rrelse<\/strong><\/u>: Diameter: 50 cm H\u00f8yde: 235 cm fra toppen til bunnen  + 65 cm knyteb\u00e5nd som gj\u00f8r at du kan justere h\u00f8yden akkurat som du vil .<\/p>\n<p><u><strong>Vasker\u00e5d<\/strong><\/u>: Denne sengehimmelen kan vaskes p\u00e5 30 grader og er derfor meget enkel \u00e5 holde ren og frisk. Du knyter bare sengehimmelen l\u00f8s fra ringen, og stopper den i maskinen.<\/p>\n<p>Sengehimmelen finnes i fem forskjellige farger, s\u00e5 du kan finne den som passer best til rommet ditt. Tips er \u00e5 plassere den bak en barneseng, over en kosekrok, eller hvorfor ikke over et fint ballhav for \u00e5 skape et eget &#8220;lekeland&#8221;. <\/p>\n<p>Designer: <a href=\"https:\/\/babylove.se\/varumarken\/babylove\">Babylove.se<\/a><\/p>\n","protected":false},"excerpt":{"rendered":"<p>En deilig fersken sengehimmel i myk bomull fra egen og unik kolleksjon laget av h\u00f8yeste kvalitet. Produsert i v\u00e5r egen fabrikk i Europa, og vi har samlet all v\u00e5r kunnskap om sengehimler for \u00e5 skape det mest prisgunstige kvalitetsproduktet p\u00e5 markedet. Til sengehimmelen f\u00f8lger det ogs\u00e5 med to s\u00f8te stjerner og en fin lysslynge (20 [&hellip;]<\/p>\n","protected":false},"featured_media":12077,"comment_status":"closed","ping_status":"open","template":"","meta":{"_acf_changed":false},"product_brand":[22],"product_cat":[84,120,48],"product_tag":[],"class_list":{"0":"post-12075","1":"product","2":"type-product","3":"status-publish","4":"has-post-thumbnail","6":"product_brand-babylove","7":"product_cat-babylove","8":"product_cat-sanghimmel","9":"product_cat-startside","11":"first","12":"outofstock","13":"taxable","14":"shipping-taxable","15":"purchasable","16":"product-type-simple"},"acf":[],"yoast_head":"<!-- This site is optimized with the Yoast SEO Premium plugin v25.8 (Yoast SEO v27.2) - https:\/\/yoast.com\/product\/yoast-seo-premium-wordpress\/ -->\n<title>Persika s\u00e4nghimmel | Prisv\u00e4rd s\u00e4nghimmel | Babylove.se<\/title>\n<meta name=\"description\" content=\"persika s\u00e4nghimmel fr\u00e5n Babylove - Enkel att h\u00e4nga upp i en \u00f6gla - GRATIS LJUSSLINGA- En fin detalj i barnrummet - V\u00e4lkommen till Babylove.se\" \/>\n<meta name=\"robots\" content=\"noindex, follow, max-snippet:-1, max-image-preview:large, max-video-preview:-1\" \/>\n<meta property=\"og:locale\" content=\"nb_NO\" \/>\n<meta property=\"og:type\" content=\"article\" \/>\n<meta property=\"og:title\" content=\"Babylove, fersken sengehimmel med lysslynge\" \/>\n<meta property=\"og:description\" content=\"persika s\u00e4nghimmel fr\u00e5n Babylove - Enkel att h\u00e4nga upp i en \u00f6gla - GRATIS LJUSSLINGA- En fin detalj i barnrummet - V\u00e4lkommen till Babylove.se\" \/>\n<meta property=\"og:url\" content=\"https:\/\/babylove.se\/no\/produkt\/babylove-fersken-sanghimmel-med-lysslynge\/\" \/>\n<meta property=\"og:site_name\" content=\"Babylove Norska\" \/>\n<meta property=\"article:modified_time\" content=\"2026-04-08T07:52:42+00:00\" \/>\n<meta property=\"og:image\" content=\"https:\/\/babylove.se\/no\/wp-content\/uploads\/sites\/3\/2025\/07\/5d6f60689bbef.jpeg\" \/>\n\t<meta property=\"og:image:width\" content=\"750\" \/>\n\t<meta property=\"og:image:height\" content=\"750\" \/>\n\t<meta property=\"og:image:type\" content=\"image\/jpeg\" \/>\n<meta name=\"twitter:card\" content=\"summary_large_image\" \/>\n<meta name=\"twitter:label1\" content=\"Price\" \/>\n\t<meta name=\"twitter:data1\" content=\"599,00&nbsp;&#107;&#114;\" \/>\n\t<meta name=\"twitter:label2\" content=\"Availability\" \/>\n\t<meta name=\"twitter:data2\" content=\"Out of stock\" \/>\n<script type=\"application\/ld+json\" class=\"yoast-schema-graph\">{\"@context\":\"https:\/\/schema.org\",\"@graph\":[{\"@type\":\"WebPage\",\"@id\":\"https:\/\/babylove.se\/no\/produkt\/babylove-fersken-sanghimmel-med-lysslynge\/\",\"url\":\"https:\/\/babylove.se\/no\/produkt\/babylove-fersken-sanghimmel-med-lysslynge\/\",\"name\":\"Persika s\u00e4nghimmel | Prisv\u00e4rd s\u00e4nghimmel | Babylove.se\",\"isPartOf\":{\"@id\":\"https:\/\/babylove.se\/no\/#website\"},\"primaryImageOfPage\":{\"@id\":\"https:\/\/babylove.se\/no\/produkt\/babylove-fersken-sanghimmel-med-lysslynge\/#primaryimage\"},\"image\":{\"@id\":\"https:\/\/babylove.se\/no\/produkt\/babylove-fersken-sanghimmel-med-lysslynge\/#primaryimage\"},\"thumbnailUrl\":\"https:\/\/babylove.se\/no\/wp-content\/uploads\/sites\/3\/2025\/07\/5d6f60689bbef.jpeg\",\"datePublished\":\"2025-07-18T20:21:24+00:00\",\"dateModified\":\"2026-04-08T07:52:42+00:00\",\"description\":\"persika s\u00e4nghimmel fr\u00e5n Babylove - Enkel att h\u00e4nga upp i en \u00f6gla - GRATIS LJUSSLINGA- En fin detalj i barnrummet - V\u00e4lkommen till Babylove.se\",\"breadcrumb\":{\"@id\":\"https:\/\/babylove.se\/no\/produkt\/babylove-fersken-sanghimmel-med-lysslynge\/#breadcrumb\"},\"inLanguage\":\"nb-NO\",\"potentialAction\":[{\"@type\":\"ReadAction\",\"target\":[\"https:\/\/babylove.se\/no\/produkt\/babylove-fersken-sanghimmel-med-lysslynge\/\"]}]},{\"@type\":\"ImageObject\",\"inLanguage\":\"nb-NO\",\"@id\":\"https:\/\/babylove.se\/no\/produkt\/babylove-fersken-sanghimmel-med-lysslynge\/#primaryimage\",\"url\":\"https:\/\/babylove.se\/no\/wp-content\/uploads\/sites\/3\/2025\/07\/5d6f60689bbef.jpeg\",\"contentUrl\":\"https:\/\/babylove.se\/no\/wp-content\/uploads\/sites\/3\/2025\/07\/5d6f60689bbef.jpeg\",\"width\":750,\"height\":750},{\"@type\":\"BreadcrumbList\",\"@id\":\"https:\/\/babylove.se\/no\/produkt\/babylove-fersken-sanghimmel-med-lysslynge\/#breadcrumb\",\"itemListElement\":[{\"@type\":\"ListItem\",\"position\":1,\"name\":\"Hem\",\"item\":\"https:\/\/babylove.se\/no\/\"},{\"@type\":\"ListItem\",\"position\":2,\"name\":\"Butik\",\"item\":\"https:\/\/babylove.se\/no\/butik\/\"},{\"@type\":\"ListItem\",\"position\":3,\"name\":\"Babylove, fersken sengehimmel med lysslynge\"}]},{\"@type\":\"WebSite\",\"@id\":\"https:\/\/babylove.se\/no\/#website\",\"url\":\"https:\/\/babylove.se\/no\/\",\"name\":\"Babylove Norska\",\"description\":\"\",\"potentialAction\":[{\"@type\":\"SearchAction\",\"target\":{\"@type\":\"EntryPoint\",\"urlTemplate\":\"https:\/\/babylove.se\/no\/?s={search_term_string}\"},\"query-input\":{\"@type\":\"PropertyValueSpecification\",\"valueRequired\":true,\"valueName\":\"search_term_string\"}}],\"inLanguage\":\"nb-NO\"}]}<\/script>\n<meta property=\"product:brand\" content=\"Babylove\" \/>\n<meta property=\"product:price:amount\" content=\"599.00\" \/>\n<meta property=\"product:price:currency\" content=\"SEK\" \/>\n<meta property=\"og:availability\" content=\"out of stock\" \/>\n<meta property=\"product:availability\" content=\"out of stock\" \/>\n<meta property=\"product:retailer_item_id\" content=\"2524\" \/>\n<meta property=\"product:condition\" content=\"new\" \/>\n<!-- \/ Yoast SEO Premium plugin. -->","yoast_head_json":{"title":"Persika s\u00e4nghimmel | Prisv\u00e4rd s\u00e4nghimmel | Babylove.se","description":"persika s\u00e4nghimmel fr\u00e5n Babylove - Enkel att h\u00e4nga upp i en \u00f6gla - GRATIS LJUSSLINGA- En fin detalj i barnrummet - V\u00e4lkommen till Babylove.se","robots":{"index":"noindex","follow":"follow","max-snippet":"max-snippet:-1","max-image-preview":"max-image-preview:large","max-video-preview":"max-video-preview:-1"},"og_locale":"nb_NO","og_type":"article","og_title":"Babylove, fersken sengehimmel med lysslynge","og_description":"persika s\u00e4nghimmel fr\u00e5n Babylove - Enkel att h\u00e4nga upp i en \u00f6gla - GRATIS LJUSSLINGA- En fin detalj i barnrummet - V\u00e4lkommen till Babylove.se","og_url":"https:\/\/babylove.se\/no\/produkt\/babylove-fersken-sanghimmel-med-lysslynge\/","og_site_name":"Babylove Norska","article_modified_time":"2026-04-08T07:52:42+00:00","og_image":[{"width":750,"height":750,"url":"https:\/\/babylove.se\/no\/wp-content\/uploads\/sites\/3\/2025\/07\/5d6f60689bbef.jpeg","type":"image\/jpeg"}],"twitter_card":"summary_large_image","twitter_misc":{"Price":"599,00&nbsp;&#107;&#114;","Availability":"Out of stock"},"schema":{"@context":"https:\/\/schema.org","@graph":[{"@type":"WebPage","@id":"https:\/\/babylove.se\/no\/produkt\/babylove-fersken-sanghimmel-med-lysslynge\/","url":"https:\/\/babylove.se\/no\/produkt\/babylove-fersken-sanghimmel-med-lysslynge\/","name":"Persika s\u00e4nghimmel | Prisv\u00e4rd s\u00e4nghimmel | Babylove.se","isPartOf":{"@id":"https:\/\/babylove.se\/no\/#website"},"primaryImageOfPage":{"@id":"https:\/\/babylove.se\/no\/produkt\/babylove-fersken-sanghimmel-med-lysslynge\/#primaryimage"},"image":{"@id":"https:\/\/babylove.se\/no\/produkt\/babylove-fersken-sanghimmel-med-lysslynge\/#primaryimage"},"thumbnailUrl":"https:\/\/babylove.se\/no\/wp-content\/uploads\/sites\/3\/2025\/07\/5d6f60689bbef.jpeg","datePublished":"2025-07-18T20:21:24+00:00","dateModified":"2026-04-08T07:52:42+00:00","description":"persika s\u00e4nghimmel fr\u00e5n Babylove - Enkel att h\u00e4nga upp i en \u00f6gla - GRATIS LJUSSLINGA- En fin detalj i barnrummet - V\u00e4lkommen till Babylove.se","breadcrumb":{"@id":"https:\/\/babylove.se\/no\/produkt\/babylove-fersken-sanghimmel-med-lysslynge\/#breadcrumb"},"inLanguage":"nb-NO","potentialAction":[{"@type":"ReadAction","target":["https:\/\/babylove.se\/no\/produkt\/babylove-fersken-sanghimmel-med-lysslynge\/"]}]},{"@type":"ImageObject","inLanguage":"nb-NO","@id":"https:\/\/babylove.se\/no\/produkt\/babylove-fersken-sanghimmel-med-lysslynge\/#primaryimage","url":"https:\/\/babylove.se\/no\/wp-content\/uploads\/sites\/3\/2025\/07\/5d6f60689bbef.jpeg","contentUrl":"https:\/\/babylove.se\/no\/wp-content\/uploads\/sites\/3\/2025\/07\/5d6f60689bbef.jpeg","width":750,"height":750},{"@type":"BreadcrumbList","@id":"https:\/\/babylove.se\/no\/produkt\/babylove-fersken-sanghimmel-med-lysslynge\/#breadcrumb","itemListElement":[{"@type":"ListItem","position":1,"name":"Hem","item":"https:\/\/babylove.se\/no\/"},{"@type":"ListItem","position":2,"name":"Butik","item":"https:\/\/babylove.se\/no\/butik\/"},{"@type":"ListItem","position":3,"name":"Babylove, fersken sengehimmel med lysslynge"}]},{"@type":"WebSite","@id":"https:\/\/babylove.se\/no\/#website","url":"https:\/\/babylove.se\/no\/","name":"Babylove Norska","description":"","potentialAction":[{"@type":"SearchAction","target":{"@type":"EntryPoint","urlTemplate":"https:\/\/babylove.se\/no\/?s={search_term_string}"},"query-input":{"@type":"PropertyValueSpecification","valueRequired":true,"valueName":"search_term_string"}}],"inLanguage":"nb-NO"}]},"product_brand":"Babylove","product_price_amount":"599.00","product_price_currency":"SEK","og_availability":"out of stock","product_availability":"out of stock","product_retailer_item_id":"2524","product_condition":"new"},"_links":{"self":[{"href":"https:\/\/babylove.se\/no\/wp-json\/wp\/v2\/product\/12075","targetHints":{"allow":["GET"]}}],"collection":[{"href":"https:\/\/babylove.se\/no\/wp-json\/wp\/v2\/product"}],"about":[{"href":"https:\/\/babylove.se\/no\/wp-json\/wp\/v2\/types\/product"}],"replies":[{"embeddable":true,"href":"https:\/\/babylove.se\/no\/wp-json\/wp\/v2\/comments?post=12075"}],"wp:featuredmedia":[{"embeddable":true,"href":"https:\/\/babylove.se\/no\/wp-json\/wp\/v2\/media\/12077"}],"wp:attachment":[{"href":"https:\/\/babylove.se\/no\/wp-json\/wp\/v2\/media?parent=12075"}],"wp:term":[{"taxonomy":"product_brand","embeddable":true,"href":"https:\/\/babylove.se\/no\/wp-json\/wp\/v2\/product_brand?post=12075"},{"taxonomy":"product_cat","embeddable":true,"href":"https:\/\/babylove.se\/no\/wp-json\/wp\/v2\/product_cat?post=12075"},{"taxonomy":"product_tag","embeddable":true,"href":"https:\/\/babylove.se\/no\/wp-json\/wp\/v2\/product_tag?post=12075"}],"curies":[{"name":"wp","href":"https:\/\/api.w.org\/{rel}","templated":true}]}}