{"id":1212,"date":"2025-07-18T20:00:07","date_gmt":"2025-07-18T19:00:07","guid":{"rendered":"https:\/\/babylove.se\/produkt\/mobelset-for-barn-kaninstolar-och-bord\/"},"modified":"2026-04-08T07:39:57","modified_gmt":"2026-04-08T06:39:57","slug":"mobelsett-for-barn-kaninstoler-og-bord","status":"publish","type":"product","link":"https:\/\/babylove.se\/no\/produkt\/mobelsett-for-barn-kaninstoler-og-bord\/","title":{"rendered":"M\u00f8belsett for barn, to kaninstoler og bord"},"content":{"rendered":"<p>Et eksepsjonelt og meget vakkert m\u00f8belsett<strong> <\/strong>inneholdende to av v\u00e5re fantastiske stoler med formen av en kanin samt et vakkert tilh\u00f8rende bord.  M\u00f8blene  gir en fantastisk sjarm til barnerommet, men fyller selvf\u00f8lgelig ogs\u00e5 et praktisk form\u00e5l. Stabile og sterke konstruksjoner som samtidig er komfortable for barnet. <\/p>\n<p><strong>Bordets m\u00e5l: <\/strong> <\/p>\n<ul>\n<li><u>Alder 1-4 \u00e5r<\/u> :  H\u00f8yde:45 cm Bredde: 50&#215;50 cm<\/li>\n<li><u>Alder 3-6 \u00e5r: <\/u>  H\u00f8yde:50 cm Bredde: 50&#215;50 cm<\/li>\n<\/ul>\n<p><strong>Stol m\u00e5l:<\/strong> <\/p>\n<ul>\n<li><u>Alder 1-4<\/u> : H\u00f8yde 55 cm (Inkludert \u00f8rene) , setets bredde 30 cm og h\u00f8yde 25 cm.<\/li>\n<li><u>Alder 3-6<\/u>: H\u00f8yde 60 cm (Inkludert \u00f8rene) , setets bredde 30 cm og h\u00f8yde 30 cm.<\/li>\n<\/ul>\n<p>Bordet og stolene finnes i forskjellige farger. Alle tilgjengelige farger finnes p\u00e5 det andre bildet. Man velger selv om man vil ha naturfargede ben eller ikke. Du velger selv din favorittkombinasjon av farger p\u00e5 bordet og stolene. <\/p>\n<p>M\u00f8blene er tilpasset for de litt st\u00f8rre barna, mellom 3 -6 \u00e5rs alder samt de noe mindre barna, fra 1 &#8211; 4 \u00e5rs alder.  Forskjellen er lengden p\u00e5 bena. <\/p>\n<p><strong>Materiale<\/strong>: M\u00f8blene er helt laget av furutre og fyller alle krav til gode barnem\u00f8bler av ekte tre. <\/p>\n<p>M\u00f8blene er helt laget for h\u00e5nd og vi vil derfor p\u00e5peke at utseendet p\u00e5 m\u00f8blene er mer robust enn fabrikktilverkede. Kvister og struktur kan synes gjennom fargen. Dette gir m\u00f8blene en unik karakter. Bena er limt og ikke skrudd. <\/p>\n<p>M\u00f8blene kommer fra v\u00e5r fabrikk i Europa som har h\u00f8ye kvalitetskrav og kontrollerer hvert skritt fra det at t\u00f8mmeret kommer inn i fabrikken til at et ferdig produkt forlater. Farge, lakk og lim er vannbasert, milj\u00f8vennlig og tillaget i Europa . <\/p>\n<p>Obs! Angrerett gjelder ikke. <\/p>\n<table style=\"margin-left: calc(100%); width: 0%;\">\n<tbody>\n<tr>\n<td><\/td>\n<\/tr>\n<\/tbody>\n<\/table>\n","protected":false},"excerpt":{"rendered":"<p>Et eksepsjonelt og meget vakkert m\u00f8belsett inneholdende to av v\u00e5re fantastiske stoler med formen av en kanin samt et vakkert tilh\u00f8rende bord. M\u00f8blene gir en fantastisk sjarm til barnerommet, men fyller selvf\u00f8lgelig ogs\u00e5 et praktisk form\u00e5l. Stabile og sterke konstruksjoner som samtidig er komfortable for barnet. Bordets m\u00e5l: Alder 1-4 \u00e5r : H\u00f8yde:45 cm Bredde: [&hellip;]<\/p>\n","protected":false},"featured_media":1214,"comment_status":"closed","ping_status":"closed","template":"","meta":{"_acf_changed":false},"product_brand":[78],"product_cat":[81,70,85,86,80],"product_tag":[1689],"class_list":{"0":"post-1212","1":"product","2":"type-product","3":"status-publish","4":"has-post-thumbnail","6":"product_brand-bambooko","7":"product_cat-bambooko","8":"product_cat-gaver","9":"product_cat-bord","10":"product_cat-produktliste","11":"product_cat-stoler","12":"product_tag-bestillingsvaror","13":"pa_storlek-1-4-ar-25-cm-sitthojd","14":"pa_storlek-3-6-ar-30-cm-sitthojd","16":"first","17":"instock","18":"taxable","19":"shipping-taxable","20":"purchasable","21":"product-type-variable"},"acf":[],"yoast_head":"<!-- This site is optimized with the Yoast SEO Premium plugin v25.8 (Yoast SEO v27.2) - https:\/\/yoast.com\/product\/yoast-seo-premium-wordpress\/ -->\n<title>K\u00f6p m\u00f6belset f\u00f6r barn - 2 kaninstolar &amp; 1 bord<\/title>\n<meta name=\"description\" content=\"Ett vackert m\u00f6belset inneh\u00e5llande tv\u00e5 av v\u00e5ra fantastiska stolar med formen av en kanin med tillh\u00f6rande bord - 14 dagars \u00f6ppet k\u00f6p - Fri frakt \u00f6ver 999 kr\" \/>\n<meta name=\"robots\" content=\"noindex, follow, max-snippet:-1, max-image-preview:large, max-video-preview:-1\" \/>\n<meta property=\"og:locale\" content=\"nb_NO\" \/>\n<meta property=\"og:type\" content=\"article\" \/>\n<meta property=\"og:title\" content=\"M\u00f8belsett for barn, to kaninstoler og bord\" \/>\n<meta property=\"og:description\" content=\"Ett vackert m\u00f6belset inneh\u00e5llande tv\u00e5 av v\u00e5ra fantastiska stolar med formen av en kanin med tillh\u00f6rande bord - 14 dagars \u00f6ppet k\u00f6p - Fri frakt \u00f6ver 999 kr\" \/>\n<meta property=\"og:url\" content=\"https:\/\/babylove.se\/no\/produkt\/mobelsett-for-barn-kaninstoler-og-bord\/\" \/>\n<meta property=\"og:site_name\" content=\"Babylove Norska\" \/>\n<meta property=\"article:modified_time\" content=\"2026-04-08T06:39:57+00:00\" \/>\n<meta property=\"og:image\" content=\"https:\/\/babylove.se\/no\/wp-content\/uploads\/sites\/3\/2025\/07\/5e32b18eab09b.jpeg\" \/>\n\t<meta property=\"og:image:width\" content=\"750\" \/>\n\t<meta property=\"og:image:height\" content=\"750\" \/>\n\t<meta property=\"og:image:type\" content=\"image\/jpeg\" \/>\n<meta name=\"twitter:card\" content=\"summary_large_image\" \/>\n<meta name=\"twitter:label1\" content=\"Availability\" \/>\n\t<meta name=\"twitter:data1\" content=\"In stock\" \/>\n<script type=\"application\/ld+json\" class=\"yoast-schema-graph\">{\"@context\":\"https:\/\/schema.org\",\"@graph\":[{\"@type\":\"WebPage\",\"@id\":\"https:\/\/babylove.se\/no\/produkt\/mobelsett-for-barn-kaninstoler-og-bord\/\",\"url\":\"https:\/\/babylove.se\/no\/produkt\/mobelsett-for-barn-kaninstoler-og-bord\/\",\"name\":\"K\u00f6p m\u00f6belset f\u00f6r barn - 2 kaninstolar & 1 bord\",\"isPartOf\":{\"@id\":\"https:\/\/babylove.se\/no\/#website\"},\"primaryImageOfPage\":{\"@id\":\"https:\/\/babylove.se\/no\/produkt\/mobelsett-for-barn-kaninstoler-og-bord\/#primaryimage\"},\"image\":{\"@id\":\"https:\/\/babylove.se\/no\/produkt\/mobelsett-for-barn-kaninstoler-og-bord\/#primaryimage\"},\"thumbnailUrl\":\"https:\/\/babylove.se\/no\/wp-content\/uploads\/sites\/3\/2025\/07\/5e32b18eab09b.jpeg\",\"datePublished\":\"2025-07-18T19:00:07+00:00\",\"dateModified\":\"2026-04-08T06:39:57+00:00\",\"description\":\"Ett vackert m\u00f6belset inneh\u00e5llande tv\u00e5 av v\u00e5ra fantastiska stolar med formen av en kanin med tillh\u00f6rande bord - 14 dagars \u00f6ppet k\u00f6p - Fri frakt \u00f6ver 999 kr\",\"breadcrumb\":{\"@id\":\"https:\/\/babylove.se\/no\/produkt\/mobelsett-for-barn-kaninstoler-og-bord\/#breadcrumb\"},\"inLanguage\":\"nb-NO\",\"potentialAction\":[{\"@type\":\"ReadAction\",\"target\":[\"https:\/\/babylove.se\/no\/produkt\/mobelsett-for-barn-kaninstoler-og-bord\/\"]}]},{\"@type\":\"ImageObject\",\"inLanguage\":\"nb-NO\",\"@id\":\"https:\/\/babylove.se\/no\/produkt\/mobelsett-for-barn-kaninstoler-og-bord\/#primaryimage\",\"url\":\"https:\/\/babylove.se\/no\/wp-content\/uploads\/sites\/3\/2025\/07\/5e32b18eab09b.jpeg\",\"contentUrl\":\"https:\/\/babylove.se\/no\/wp-content\/uploads\/sites\/3\/2025\/07\/5e32b18eab09b.jpeg\",\"width\":750,\"height\":750},{\"@type\":\"BreadcrumbList\",\"@id\":\"https:\/\/babylove.se\/no\/produkt\/mobelsett-for-barn-kaninstoler-og-bord\/#breadcrumb\",\"itemListElement\":[{\"@type\":\"ListItem\",\"position\":1,\"name\":\"Hem\",\"item\":\"https:\/\/babylove.se\/no\/\"},{\"@type\":\"ListItem\",\"position\":2,\"name\":\"Butik\",\"item\":\"https:\/\/babylove.se\/no\/butik\/\"},{\"@type\":\"ListItem\",\"position\":3,\"name\":\"M\u00f8belsett for barn, to kaninstoler og bord\"}]},{\"@type\":\"WebSite\",\"@id\":\"https:\/\/babylove.se\/no\/#website\",\"url\":\"https:\/\/babylove.se\/no\/\",\"name\":\"Babylove Norska\",\"description\":\"\",\"potentialAction\":[{\"@type\":\"SearchAction\",\"target\":{\"@type\":\"EntryPoint\",\"urlTemplate\":\"https:\/\/babylove.se\/no\/?s={search_term_string}\"},\"query-input\":{\"@type\":\"PropertyValueSpecification\",\"valueRequired\":true,\"valueName\":\"search_term_string\"}}],\"inLanguage\":\"nb-NO\"}]}<\/script>\n<meta property=\"product:brand\" content=\"Bambooko\" \/>\n<meta property=\"og:availability\" content=\"instock\" \/>\n<meta property=\"product:availability\" content=\"instock\" \/>\n<meta property=\"product:retailer_item_id\" content=\"m\u00f6belsetkanin1-4\" \/>\n<meta property=\"product:condition\" content=\"new\" \/>\n<!-- \/ Yoast SEO Premium plugin. -->","yoast_head_json":{"title":"K\u00f6p m\u00f6belset f\u00f6r barn - 2 kaninstolar & 1 bord","description":"Ett vackert m\u00f6belset inneh\u00e5llande tv\u00e5 av v\u00e5ra fantastiska stolar med formen av en kanin med tillh\u00f6rande bord - 14 dagars \u00f6ppet k\u00f6p - Fri frakt \u00f6ver 999 kr","robots":{"index":"noindex","follow":"follow","max-snippet":"max-snippet:-1","max-image-preview":"max-image-preview:large","max-video-preview":"max-video-preview:-1"},"og_locale":"nb_NO","og_type":"article","og_title":"M\u00f8belsett for barn, to kaninstoler og bord","og_description":"Ett vackert m\u00f6belset inneh\u00e5llande tv\u00e5 av v\u00e5ra fantastiska stolar med formen av en kanin med tillh\u00f6rande bord - 14 dagars \u00f6ppet k\u00f6p - Fri frakt \u00f6ver 999 kr","og_url":"https:\/\/babylove.se\/no\/produkt\/mobelsett-for-barn-kaninstoler-og-bord\/","og_site_name":"Babylove Norska","article_modified_time":"2026-04-08T06:39:57+00:00","og_image":[{"width":750,"height":750,"url":"https:\/\/babylove.se\/no\/wp-content\/uploads\/sites\/3\/2025\/07\/5e32b18eab09b.jpeg","type":"image\/jpeg"}],"twitter_card":"summary_large_image","twitter_misc":{"Availability":"In stock"},"schema":{"@context":"https:\/\/schema.org","@graph":[{"@type":"WebPage","@id":"https:\/\/babylove.se\/no\/produkt\/mobelsett-for-barn-kaninstoler-og-bord\/","url":"https:\/\/babylove.se\/no\/produkt\/mobelsett-for-barn-kaninstoler-og-bord\/","name":"K\u00f6p m\u00f6belset f\u00f6r barn - 2 kaninstolar & 1 bord","isPartOf":{"@id":"https:\/\/babylove.se\/no\/#website"},"primaryImageOfPage":{"@id":"https:\/\/babylove.se\/no\/produkt\/mobelsett-for-barn-kaninstoler-og-bord\/#primaryimage"},"image":{"@id":"https:\/\/babylove.se\/no\/produkt\/mobelsett-for-barn-kaninstoler-og-bord\/#primaryimage"},"thumbnailUrl":"https:\/\/babylove.se\/no\/wp-content\/uploads\/sites\/3\/2025\/07\/5e32b18eab09b.jpeg","datePublished":"2025-07-18T19:00:07+00:00","dateModified":"2026-04-08T06:39:57+00:00","description":"Ett vackert m\u00f6belset inneh\u00e5llande tv\u00e5 av v\u00e5ra fantastiska stolar med formen av en kanin med tillh\u00f6rande bord - 14 dagars \u00f6ppet k\u00f6p - Fri frakt \u00f6ver 999 kr","breadcrumb":{"@id":"https:\/\/babylove.se\/no\/produkt\/mobelsett-for-barn-kaninstoler-og-bord\/#breadcrumb"},"inLanguage":"nb-NO","potentialAction":[{"@type":"ReadAction","target":["https:\/\/babylove.se\/no\/produkt\/mobelsett-for-barn-kaninstoler-og-bord\/"]}]},{"@type":"ImageObject","inLanguage":"nb-NO","@id":"https:\/\/babylove.se\/no\/produkt\/mobelsett-for-barn-kaninstoler-og-bord\/#primaryimage","url":"https:\/\/babylove.se\/no\/wp-content\/uploads\/sites\/3\/2025\/07\/5e32b18eab09b.jpeg","contentUrl":"https:\/\/babylove.se\/no\/wp-content\/uploads\/sites\/3\/2025\/07\/5e32b18eab09b.jpeg","width":750,"height":750},{"@type":"BreadcrumbList","@id":"https:\/\/babylove.se\/no\/produkt\/mobelsett-for-barn-kaninstoler-og-bord\/#breadcrumb","itemListElement":[{"@type":"ListItem","position":1,"name":"Hem","item":"https:\/\/babylove.se\/no\/"},{"@type":"ListItem","position":2,"name":"Butik","item":"https:\/\/babylove.se\/no\/butik\/"},{"@type":"ListItem","position":3,"name":"M\u00f8belsett for barn, to kaninstoler og bord"}]},{"@type":"WebSite","@id":"https:\/\/babylove.se\/no\/#website","url":"https:\/\/babylove.se\/no\/","name":"Babylove Norska","description":"","potentialAction":[{"@type":"SearchAction","target":{"@type":"EntryPoint","urlTemplate":"https:\/\/babylove.se\/no\/?s={search_term_string}"},"query-input":{"@type":"PropertyValueSpecification","valueRequired":true,"valueName":"search_term_string"}}],"inLanguage":"nb-NO"}]},"product_brand":"Bambooko","og_availability":"instock","product_availability":"instock","product_retailer_item_id":"m\u00f6belsetkanin1-4","product_condition":"new"},"_links":{"self":[{"href":"https:\/\/babylove.se\/no\/wp-json\/wp\/v2\/product\/1212","targetHints":{"allow":["GET"]}}],"collection":[{"href":"https:\/\/babylove.se\/no\/wp-json\/wp\/v2\/product"}],"about":[{"href":"https:\/\/babylove.se\/no\/wp-json\/wp\/v2\/types\/product"}],"replies":[{"embeddable":true,"href":"https:\/\/babylove.se\/no\/wp-json\/wp\/v2\/comments?post=1212"}],"wp:featuredmedia":[{"embeddable":true,"href":"https:\/\/babylove.se\/no\/wp-json\/wp\/v2\/media\/1214"}],"wp:attachment":[{"href":"https:\/\/babylove.se\/no\/wp-json\/wp\/v2\/media?parent=1212"}],"wp:term":[{"taxonomy":"product_brand","embeddable":true,"href":"https:\/\/babylove.se\/no\/wp-json\/wp\/v2\/product_brand?post=1212"},{"taxonomy":"product_cat","embeddable":true,"href":"https:\/\/babylove.se\/no\/wp-json\/wp\/v2\/product_cat?post=1212"},{"taxonomy":"product_tag","embeddable":true,"href":"https:\/\/babylove.se\/no\/wp-json\/wp\/v2\/product_tag?post=1212"}],"curies":[{"name":"wp","href":"https:\/\/api.w.org\/{rel}","templated":true}]}}