{"id":12244,"date":"2025-07-18T21:22:51","date_gmt":"2025-07-18T20:22:51","guid":{"rendered":"https:\/\/babylove.se\/produkt\/tapet-med-rymdmotiv-white-universe\/"},"modified":"2026-04-08T08:53:50","modified_gmt":"2026-04-08T07:53:50","slug":"tapet-med-rommotiv-white-universe","status":"publish","type":"product","link":"https:\/\/babylove.se\/no\/produkt\/tapet-med-rommotiv-white-universe\/","title":{"rendered":"Dekornik, tapet White Universe"},"content":{"rendered":"<p>Unike og eventyrlige naturinspirerte tapeter som du m\u00e5ttbestiller etter dine \u00f8nsker. Du kan skape en helt egen eventyrverden som ditt barn vil elske, og samtidig skape en barneroms-innredning av sjelden sk\u00e5det slag. <\/p>\n<p>Tapetene trykkes i ruller p\u00e5 50&#215;280 cm. De er skapt for \u00e5 g\u00e5 i hverandre ved \u00e5 legge dem kant i kant, noe som gj\u00f8r at motivet henger sammen hele veien og skj\u00f8tene uteblir. Fabrikatet er et klassisk matt vliespapir som du limer p\u00e5 veggen. Tapetet har en delikat struktur og fremhever fargene p\u00e5 en fantastisk m\u00e5te. <\/p>\n<p>M\u00e5l: hver rull 50&#215;280 cm , hver m\u00e5ne er cirka 12 cm i diameter  . <\/p>\n<p><u>Obs ! Bestillingsvare. Bestilte tapeter kan ikke returneres.<\/u> <\/p>\n<p>Designer: <a href=\"https:\/\/babylove.se\/varumarken\/dekornik\"><u>DEKORNIK<\/u><\/a><\/p>\n","protected":false},"excerpt":{"rendered":"<p>Unike og eventyrlige naturinspirerte tapeter som du m\u00e5ttbestiller etter dine \u00f8nsker. Du kan skape en helt egen eventyrverden som ditt barn vil elske, og samtidig skape en barneroms-innredning av sjelden sk\u00e5det slag. Tapetene trykkes i ruller p\u00e5 50&#215;280 cm. De er skapt for \u00e5 g\u00e5 i hverandre ved \u00e5 legge dem kant i kant, noe [&hellip;]<\/p>\n","protected":false},"featured_media":12246,"comment_status":"open","ping_status":"closed","template":"","meta":{"_acf_changed":false},"product_brand":[190],"product_cat":[191,238,48,328],"product_tag":[1689],"class_list":{"0":"post-12244","1":"product","2":"type-product","3":"status-publish","4":"has-post-thumbnail","6":"product_brand-dekornik","7":"product_cat-dekornik","8":"product_cat-rommet","9":"product_cat-startside","10":"product_cat-tapeter","11":"product_tag-bestillingsvaror","13":"first","14":"instock","15":"taxable","16":"shipping-taxable","17":"purchasable","18":"product-type-simple"},"acf":[],"yoast_head":"<!-- This site is optimized with the Yoast SEO Premium plugin v25.8 (Yoast SEO v27.2) - https:\/\/yoast.com\/product\/yoast-seo-premium-wordpress\/ -->\n<title>Dekornik, tapet White Universe - Babylove Norska<\/title>\n<meta name=\"robots\" content=\"noindex, follow, max-snippet:-1, max-image-preview:large, max-video-preview:-1\" \/>\n<meta property=\"og:locale\" content=\"nb_NO\" \/>\n<meta property=\"og:type\" content=\"article\" \/>\n<meta property=\"og:title\" content=\"Dekornik, tapet White Universe\" \/>\n<meta property=\"og:description\" content=\"Unike og eventyrlige naturinspirerte tapeter som du m\u00e5ttbestiller etter dine \u00f8nsker. Du kan skape en helt egen eventyrverden som ditt barn vil elske, og samtidig skape en barneroms-innredning av sjelden sk\u00e5det slag. Tapetene trykkes i ruller p\u00e5 50&#215;280 cm. De er skapt for \u00e5 g\u00e5 i hverandre ved \u00e5 legge dem kant i kant, noe [&hellip;]\" \/>\n<meta property=\"og:url\" content=\"https:\/\/babylove.se\/no\/produkt\/tapet-med-rommotiv-white-universe\/\" \/>\n<meta property=\"og:site_name\" content=\"Babylove Norska\" \/>\n<meta property=\"article:modified_time\" content=\"2026-04-08T07:53:50+00:00\" \/>\n<meta property=\"og:image\" content=\"https:\/\/babylove.se\/no\/wp-content\/uploads\/sites\/3\/2025\/07\/5cd3fd7cc8ee8.jpeg\" \/>\n\t<meta property=\"og:image:width\" content=\"750\" \/>\n\t<meta property=\"og:image:height\" content=\"750\" \/>\n\t<meta property=\"og:image:type\" content=\"image\/jpeg\" \/>\n<meta name=\"twitter:card\" content=\"summary_large_image\" \/>\n<meta name=\"twitter:label1\" content=\"Price\" \/>\n\t<meta name=\"twitter:data1\" content=\"519,00&nbsp;&#107;&#114;\" \/>\n\t<meta name=\"twitter:label2\" content=\"Availability\" \/>\n\t<meta name=\"twitter:data2\" content=\"In stock\" \/>\n<script type=\"application\/ld+json\" class=\"yoast-schema-graph\">{\"@context\":\"https:\/\/schema.org\",\"@graph\":[{\"@type\":\"WebPage\",\"@id\":\"https:\/\/babylove.se\/no\/produkt\/tapet-med-rommotiv-white-universe\/\",\"url\":\"https:\/\/babylove.se\/no\/produkt\/tapet-med-rommotiv-white-universe\/\",\"name\":\"Dekornik, tapet White Universe - Babylove Norska\",\"isPartOf\":{\"@id\":\"https:\/\/babylove.se\/no\/#website\"},\"primaryImageOfPage\":{\"@id\":\"https:\/\/babylove.se\/no\/produkt\/tapet-med-rommotiv-white-universe\/#primaryimage\"},\"image\":{\"@id\":\"https:\/\/babylove.se\/no\/produkt\/tapet-med-rommotiv-white-universe\/#primaryimage\"},\"thumbnailUrl\":\"https:\/\/babylove.se\/no\/wp-content\/uploads\/sites\/3\/2025\/07\/5cd3fd7cc8ee8.jpeg\",\"datePublished\":\"2025-07-18T20:22:51+00:00\",\"dateModified\":\"2026-04-08T07:53:50+00:00\",\"breadcrumb\":{\"@id\":\"https:\/\/babylove.se\/no\/produkt\/tapet-med-rommotiv-white-universe\/#breadcrumb\"},\"inLanguage\":\"nb-NO\",\"potentialAction\":[{\"@type\":\"ReadAction\",\"target\":[\"https:\/\/babylove.se\/no\/produkt\/tapet-med-rommotiv-white-universe\/\"]}]},{\"@type\":\"ImageObject\",\"inLanguage\":\"nb-NO\",\"@id\":\"https:\/\/babylove.se\/no\/produkt\/tapet-med-rommotiv-white-universe\/#primaryimage\",\"url\":\"https:\/\/babylove.se\/no\/wp-content\/uploads\/sites\/3\/2025\/07\/5cd3fd7cc8ee8.jpeg\",\"contentUrl\":\"https:\/\/babylove.se\/no\/wp-content\/uploads\/sites\/3\/2025\/07\/5cd3fd7cc8ee8.jpeg\",\"width\":750,\"height\":750},{\"@type\":\"BreadcrumbList\",\"@id\":\"https:\/\/babylove.se\/no\/produkt\/tapet-med-rommotiv-white-universe\/#breadcrumb\",\"itemListElement\":[{\"@type\":\"ListItem\",\"position\":1,\"name\":\"Hem\",\"item\":\"https:\/\/babylove.se\/no\/\"},{\"@type\":\"ListItem\",\"position\":2,\"name\":\"Butik\",\"item\":\"https:\/\/babylove.se\/no\/butik\/\"},{\"@type\":\"ListItem\",\"position\":3,\"name\":\"Dekornik, tapet White Universe\"}]},{\"@type\":\"WebSite\",\"@id\":\"https:\/\/babylove.se\/no\/#website\",\"url\":\"https:\/\/babylove.se\/no\/\",\"name\":\"Babylove Norska\",\"description\":\"\",\"potentialAction\":[{\"@type\":\"SearchAction\",\"target\":{\"@type\":\"EntryPoint\",\"urlTemplate\":\"https:\/\/babylove.se\/no\/?s={search_term_string}\"},\"query-input\":{\"@type\":\"PropertyValueSpecification\",\"valueRequired\":true,\"valueName\":\"search_term_string\"}}],\"inLanguage\":\"nb-NO\"}]}<\/script>\n<meta property=\"product:brand\" content=\"Dekornik\" \/>\n<meta property=\"product:price:amount\" content=\"519.00\" \/>\n<meta property=\"product:price:currency\" content=\"SEK\" \/>\n<meta property=\"og:availability\" content=\"instock\" \/>\n<meta property=\"product:availability\" content=\"instock\" \/>\n<meta property=\"product:retailer_item_id\" content=\"2547\" \/>\n<meta property=\"product:condition\" content=\"new\" \/>\n<!-- \/ Yoast SEO Premium plugin. -->","yoast_head_json":{"title":"Dekornik, tapet White Universe - Babylove Norska","robots":{"index":"noindex","follow":"follow","max-snippet":"max-snippet:-1","max-image-preview":"max-image-preview:large","max-video-preview":"max-video-preview:-1"},"og_locale":"nb_NO","og_type":"article","og_title":"Dekornik, tapet White Universe","og_description":"Unike og eventyrlige naturinspirerte tapeter som du m\u00e5ttbestiller etter dine \u00f8nsker. Du kan skape en helt egen eventyrverden som ditt barn vil elske, og samtidig skape en barneroms-innredning av sjelden sk\u00e5det slag. Tapetene trykkes i ruller p\u00e5 50&#215;280 cm. De er skapt for \u00e5 g\u00e5 i hverandre ved \u00e5 legge dem kant i kant, noe [&hellip;]","og_url":"https:\/\/babylove.se\/no\/produkt\/tapet-med-rommotiv-white-universe\/","og_site_name":"Babylove Norska","article_modified_time":"2026-04-08T07:53:50+00:00","og_image":[{"width":750,"height":750,"url":"https:\/\/babylove.se\/no\/wp-content\/uploads\/sites\/3\/2025\/07\/5cd3fd7cc8ee8.jpeg","type":"image\/jpeg"}],"twitter_card":"summary_large_image","twitter_misc":{"Price":"519,00&nbsp;&#107;&#114;","Availability":"In stock"},"schema":{"@context":"https:\/\/schema.org","@graph":[{"@type":"WebPage","@id":"https:\/\/babylove.se\/no\/produkt\/tapet-med-rommotiv-white-universe\/","url":"https:\/\/babylove.se\/no\/produkt\/tapet-med-rommotiv-white-universe\/","name":"Dekornik, tapet White Universe - Babylove Norska","isPartOf":{"@id":"https:\/\/babylove.se\/no\/#website"},"primaryImageOfPage":{"@id":"https:\/\/babylove.se\/no\/produkt\/tapet-med-rommotiv-white-universe\/#primaryimage"},"image":{"@id":"https:\/\/babylove.se\/no\/produkt\/tapet-med-rommotiv-white-universe\/#primaryimage"},"thumbnailUrl":"https:\/\/babylove.se\/no\/wp-content\/uploads\/sites\/3\/2025\/07\/5cd3fd7cc8ee8.jpeg","datePublished":"2025-07-18T20:22:51+00:00","dateModified":"2026-04-08T07:53:50+00:00","breadcrumb":{"@id":"https:\/\/babylove.se\/no\/produkt\/tapet-med-rommotiv-white-universe\/#breadcrumb"},"inLanguage":"nb-NO","potentialAction":[{"@type":"ReadAction","target":["https:\/\/babylove.se\/no\/produkt\/tapet-med-rommotiv-white-universe\/"]}]},{"@type":"ImageObject","inLanguage":"nb-NO","@id":"https:\/\/babylove.se\/no\/produkt\/tapet-med-rommotiv-white-universe\/#primaryimage","url":"https:\/\/babylove.se\/no\/wp-content\/uploads\/sites\/3\/2025\/07\/5cd3fd7cc8ee8.jpeg","contentUrl":"https:\/\/babylove.se\/no\/wp-content\/uploads\/sites\/3\/2025\/07\/5cd3fd7cc8ee8.jpeg","width":750,"height":750},{"@type":"BreadcrumbList","@id":"https:\/\/babylove.se\/no\/produkt\/tapet-med-rommotiv-white-universe\/#breadcrumb","itemListElement":[{"@type":"ListItem","position":1,"name":"Hem","item":"https:\/\/babylove.se\/no\/"},{"@type":"ListItem","position":2,"name":"Butik","item":"https:\/\/babylove.se\/no\/butik\/"},{"@type":"ListItem","position":3,"name":"Dekornik, tapet White Universe"}]},{"@type":"WebSite","@id":"https:\/\/babylove.se\/no\/#website","url":"https:\/\/babylove.se\/no\/","name":"Babylove Norska","description":"","potentialAction":[{"@type":"SearchAction","target":{"@type":"EntryPoint","urlTemplate":"https:\/\/babylove.se\/no\/?s={search_term_string}"},"query-input":{"@type":"PropertyValueSpecification","valueRequired":true,"valueName":"search_term_string"}}],"inLanguage":"nb-NO"}]},"product_brand":"Dekornik","product_price_amount":"519.00","product_price_currency":"SEK","og_availability":"instock","product_availability":"instock","product_retailer_item_id":"2547","product_condition":"new"},"_links":{"self":[{"href":"https:\/\/babylove.se\/no\/wp-json\/wp\/v2\/product\/12244","targetHints":{"allow":["GET"]}}],"collection":[{"href":"https:\/\/babylove.se\/no\/wp-json\/wp\/v2\/product"}],"about":[{"href":"https:\/\/babylove.se\/no\/wp-json\/wp\/v2\/types\/product"}],"replies":[{"embeddable":true,"href":"https:\/\/babylove.se\/no\/wp-json\/wp\/v2\/comments?post=12244"}],"wp:featuredmedia":[{"embeddable":true,"href":"https:\/\/babylove.se\/no\/wp-json\/wp\/v2\/media\/12246"}],"wp:attachment":[{"href":"https:\/\/babylove.se\/no\/wp-json\/wp\/v2\/media?parent=12244"}],"wp:term":[{"taxonomy":"product_brand","embeddable":true,"href":"https:\/\/babylove.se\/no\/wp-json\/wp\/v2\/product_brand?post=12244"},{"taxonomy":"product_cat","embeddable":true,"href":"https:\/\/babylove.se\/no\/wp-json\/wp\/v2\/product_cat?post=12244"},{"taxonomy":"product_tag","embeddable":true,"href":"https:\/\/babylove.se\/no\/wp-json\/wp\/v2\/product_tag?post=12244"}],"curies":[{"name":"wp","href":"https:\/\/api.w.org\/{rel}","templated":true}]}}