{"id":12265,"date":"2025-07-18T21:22:51","date_gmt":"2025-07-18T20:22:51","guid":{"rendered":"https:\/\/babylove.se\/produkt\/spjalsang-for-tvillingar-med-tva-madrasser\/"},"modified":"2026-04-08T08:53:59","modified_gmt":"2026-04-08T07:53:59","slug":"spjelseng-for-tvillinger-med-to-madrasser","status":"publish","type":"product","link":"https:\/\/babylove.se\/no\/produkt\/spjelseng-for-tvillinger-med-to-madrasser\/","title":{"rendered":"Sprinkelseng for tvillinger med to madrasser"},"content":{"rendered":"<p>\u00c5 f\u00e5 tvillinger inneb\u00e6rer dobbel glede, men betyr ogs\u00e5 at man m\u00e5 forberede seg litt annerledes. Utallige studier viser at man sover best sammen med noen n\u00e6re seg, &nbsp;s\u00f8vnen blir mer regelmessig og samtidig dypere. Det er ogs\u00e5 en anbefaling fra mange jordm\u00f8dre \u00e5 la barna sove sammen til de er minst 3-6 m\u00e5neder.<\/p>\n<p>Derfor kan vi med stolthet tilby denne unike dobbel-barneseng, en barneseng for to barn ganske enkelt. Perfekt for tvillingene som f\u00e5r hver sin plass i sengen. Barnesengen kan justeres i tre forskjellige niv\u00e5er, s\u00e5 n\u00e5r barna blir st\u00f8rre senker man ganske enkelt sengen og gj\u00f8r kanten h\u00f8yere.&nbsp;<\/p>\n<p>F\u00f8lger med til sengen gj\u00f8r to skummadrasser (60 cm x 120 cm x 6 cm)<\/p>\n<p>M\u00e5l: 125&#215;127 cm<\/p>\n","protected":false},"excerpt":{"rendered":"<p>\u00c5 f\u00e5 tvillinger inneb\u00e6rer dobbel glede, men betyr ogs\u00e5 at man m\u00e5 forberede seg litt annerledes. Utallige studier viser at man sover best sammen med noen n\u00e6re seg, &nbsp;s\u00f8vnen blir mer regelmessig og samtidig dypere. Det er ogs\u00e5 en anbefaling fra mange jordm\u00f8dre \u00e5 la barna sove sammen til de er minst 3-6 m\u00e5neder. Derfor [&hellip;]<\/p>\n","protected":false},"featured_media":12267,"comment_status":"closed","ping_status":"open","template":"","meta":{"_acf_changed":false},"product_brand":[22],"product_cat":[372,279],"product_tag":[],"class_list":{"0":"post-12265","1":"product","2":"type-product","3":"status-publish","4":"has-post-thumbnail","6":"product_brand-babylove","7":"product_cat-barnesenger","8":"product_cat-spjlsngar","10":"first","11":"outofstock","12":"taxable","13":"shipping-taxable","14":"purchasable","15":"product-type-simple"},"acf":[],"yoast_head":"<!-- This site is optimized with the Yoast SEO Premium plugin v25.8 (Yoast SEO v27.2) - https:\/\/yoast.com\/product\/yoast-seo-premium-wordpress\/ -->\n<title>Stor Spj\u00e4ls\u00e4ng f\u00f6r Tvillingar | Extra bred Spj\u00e4ls\u00e4ng<\/title>\n<meta name=\"description\" content=\"Naturf\u00e4rgad dubbel-spj\u00e4ls\u00e4ng -Perfekt s\u00e4ng f\u00f6r tvillingarna som f\u00e5r en varsin plats i s\u00e4ngen. Ing\u00e5r 2 skummadrasser - Klarna Faktura- V\u00e4lkommen - Babylove\" \/>\n<meta name=\"robots\" content=\"noindex, follow, max-snippet:-1, max-image-preview:large, max-video-preview:-1\" \/>\n<meta property=\"og:locale\" content=\"nb_NO\" \/>\n<meta property=\"og:type\" content=\"article\" \/>\n<meta property=\"og:title\" content=\"Sprinkelseng for tvillinger med to madrasser\" \/>\n<meta property=\"og:description\" content=\"Naturf\u00e4rgad dubbel-spj\u00e4ls\u00e4ng -Perfekt s\u00e4ng f\u00f6r tvillingarna som f\u00e5r en varsin plats i s\u00e4ngen. Ing\u00e5r 2 skummadrasser - Klarna Faktura- V\u00e4lkommen - Babylove\" \/>\n<meta property=\"og:url\" content=\"https:\/\/babylove.se\/no\/produkt\/spjelseng-for-tvillinger-med-to-madrasser\/\" \/>\n<meta property=\"og:site_name\" content=\"Babylove Norska\" \/>\n<meta property=\"article:modified_time\" content=\"2026-04-08T07:53:59+00:00\" \/>\n<meta property=\"og:image\" content=\"https:\/\/babylove.se\/no\/wp-content\/uploads\/sites\/3\/2025\/07\/5cde6cc9f2fe2.jpeg\" \/>\n\t<meta property=\"og:image:width\" content=\"750\" \/>\n\t<meta property=\"og:image:height\" content=\"599\" \/>\n\t<meta property=\"og:image:type\" content=\"image\/jpeg\" \/>\n<meta name=\"twitter:card\" content=\"summary_large_image\" \/>\n<meta name=\"twitter:label1\" content=\"Price\" \/>\n\t<meta name=\"twitter:data1\" content=\"2 999,00&nbsp;&#107;&#114;\" \/>\n\t<meta name=\"twitter:label2\" content=\"Availability\" \/>\n\t<meta name=\"twitter:data2\" content=\"Out of stock\" \/>\n<script type=\"application\/ld+json\" class=\"yoast-schema-graph\">{\"@context\":\"https:\/\/schema.org\",\"@graph\":[{\"@type\":\"WebPage\",\"@id\":\"https:\/\/babylove.se\/no\/produkt\/spjelseng-for-tvillinger-med-to-madrasser\/\",\"url\":\"https:\/\/babylove.se\/no\/produkt\/spjelseng-for-tvillinger-med-to-madrasser\/\",\"name\":\"Stor Spj\u00e4ls\u00e4ng f\u00f6r Tvillingar | Extra bred Spj\u00e4ls\u00e4ng\",\"isPartOf\":{\"@id\":\"https:\/\/babylove.se\/no\/#website\"},\"primaryImageOfPage\":{\"@id\":\"https:\/\/babylove.se\/no\/produkt\/spjelseng-for-tvillinger-med-to-madrasser\/#primaryimage\"},\"image\":{\"@id\":\"https:\/\/babylove.se\/no\/produkt\/spjelseng-for-tvillinger-med-to-madrasser\/#primaryimage\"},\"thumbnailUrl\":\"https:\/\/babylove.se\/no\/wp-content\/uploads\/sites\/3\/2025\/07\/5cde6cc9f2fe2.jpeg\",\"datePublished\":\"2025-07-18T20:22:51+00:00\",\"dateModified\":\"2026-04-08T07:53:59+00:00\",\"description\":\"Naturf\u00e4rgad dubbel-spj\u00e4ls\u00e4ng -Perfekt s\u00e4ng f\u00f6r tvillingarna som f\u00e5r en varsin plats i s\u00e4ngen. Ing\u00e5r 2 skummadrasser - Klarna Faktura- V\u00e4lkommen - Babylove\",\"breadcrumb\":{\"@id\":\"https:\/\/babylove.se\/no\/produkt\/spjelseng-for-tvillinger-med-to-madrasser\/#breadcrumb\"},\"inLanguage\":\"nb-NO\",\"potentialAction\":[{\"@type\":\"ReadAction\",\"target\":[\"https:\/\/babylove.se\/no\/produkt\/spjelseng-for-tvillinger-med-to-madrasser\/\"]}]},{\"@type\":\"ImageObject\",\"inLanguage\":\"nb-NO\",\"@id\":\"https:\/\/babylove.se\/no\/produkt\/spjelseng-for-tvillinger-med-to-madrasser\/#primaryimage\",\"url\":\"https:\/\/babylove.se\/no\/wp-content\/uploads\/sites\/3\/2025\/07\/5cde6cc9f2fe2.jpeg\",\"contentUrl\":\"https:\/\/babylove.se\/no\/wp-content\/uploads\/sites\/3\/2025\/07\/5cde6cc9f2fe2.jpeg\",\"width\":750,\"height\":599},{\"@type\":\"BreadcrumbList\",\"@id\":\"https:\/\/babylove.se\/no\/produkt\/spjelseng-for-tvillinger-med-to-madrasser\/#breadcrumb\",\"itemListElement\":[{\"@type\":\"ListItem\",\"position\":1,\"name\":\"Hem\",\"item\":\"https:\/\/babylove.se\/no\/\"},{\"@type\":\"ListItem\",\"position\":2,\"name\":\"Butik\",\"item\":\"https:\/\/babylove.se\/no\/butik\/\"},{\"@type\":\"ListItem\",\"position\":3,\"name\":\"Sprinkelseng for tvillinger med to madrasser\"}]},{\"@type\":\"WebSite\",\"@id\":\"https:\/\/babylove.se\/no\/#website\",\"url\":\"https:\/\/babylove.se\/no\/\",\"name\":\"Babylove Norska\",\"description\":\"\",\"potentialAction\":[{\"@type\":\"SearchAction\",\"target\":{\"@type\":\"EntryPoint\",\"urlTemplate\":\"https:\/\/babylove.se\/no\/?s={search_term_string}\"},\"query-input\":{\"@type\":\"PropertyValueSpecification\",\"valueRequired\":true,\"valueName\":\"search_term_string\"}}],\"inLanguage\":\"nb-NO\"}]}<\/script>\n<meta property=\"product:brand\" content=\"Babylove\" \/>\n<meta property=\"product:price:amount\" content=\"2999.00\" \/>\n<meta property=\"product:price:currency\" content=\"SEK\" \/>\n<meta property=\"og:availability\" content=\"out of stock\" \/>\n<meta property=\"product:availability\" content=\"out of stock\" \/>\n<meta property=\"product:retailer_item_id\" content=\"2600\" \/>\n<meta property=\"product:condition\" content=\"new\" \/>\n<!-- \/ Yoast SEO Premium plugin. -->","yoast_head_json":{"title":"Stor Spj\u00e4ls\u00e4ng f\u00f6r Tvillingar | Extra bred Spj\u00e4ls\u00e4ng","description":"Naturf\u00e4rgad dubbel-spj\u00e4ls\u00e4ng -Perfekt s\u00e4ng f\u00f6r tvillingarna som f\u00e5r en varsin plats i s\u00e4ngen. Ing\u00e5r 2 skummadrasser - Klarna Faktura- V\u00e4lkommen - Babylove","robots":{"index":"noindex","follow":"follow","max-snippet":"max-snippet:-1","max-image-preview":"max-image-preview:large","max-video-preview":"max-video-preview:-1"},"og_locale":"nb_NO","og_type":"article","og_title":"Sprinkelseng for tvillinger med to madrasser","og_description":"Naturf\u00e4rgad dubbel-spj\u00e4ls\u00e4ng -Perfekt s\u00e4ng f\u00f6r tvillingarna som f\u00e5r en varsin plats i s\u00e4ngen. Ing\u00e5r 2 skummadrasser - Klarna Faktura- V\u00e4lkommen - Babylove","og_url":"https:\/\/babylove.se\/no\/produkt\/spjelseng-for-tvillinger-med-to-madrasser\/","og_site_name":"Babylove Norska","article_modified_time":"2026-04-08T07:53:59+00:00","og_image":[{"width":750,"height":599,"url":"https:\/\/babylove.se\/no\/wp-content\/uploads\/sites\/3\/2025\/07\/5cde6cc9f2fe2.jpeg","type":"image\/jpeg"}],"twitter_card":"summary_large_image","twitter_misc":{"Price":"2 999,00&nbsp;&#107;&#114;","Availability":"Out of stock"},"schema":{"@context":"https:\/\/schema.org","@graph":[{"@type":"WebPage","@id":"https:\/\/babylove.se\/no\/produkt\/spjelseng-for-tvillinger-med-to-madrasser\/","url":"https:\/\/babylove.se\/no\/produkt\/spjelseng-for-tvillinger-med-to-madrasser\/","name":"Stor Spj\u00e4ls\u00e4ng f\u00f6r Tvillingar | Extra bred Spj\u00e4ls\u00e4ng","isPartOf":{"@id":"https:\/\/babylove.se\/no\/#website"},"primaryImageOfPage":{"@id":"https:\/\/babylove.se\/no\/produkt\/spjelseng-for-tvillinger-med-to-madrasser\/#primaryimage"},"image":{"@id":"https:\/\/babylove.se\/no\/produkt\/spjelseng-for-tvillinger-med-to-madrasser\/#primaryimage"},"thumbnailUrl":"https:\/\/babylove.se\/no\/wp-content\/uploads\/sites\/3\/2025\/07\/5cde6cc9f2fe2.jpeg","datePublished":"2025-07-18T20:22:51+00:00","dateModified":"2026-04-08T07:53:59+00:00","description":"Naturf\u00e4rgad dubbel-spj\u00e4ls\u00e4ng -Perfekt s\u00e4ng f\u00f6r tvillingarna som f\u00e5r en varsin plats i s\u00e4ngen. Ing\u00e5r 2 skummadrasser - Klarna Faktura- V\u00e4lkommen - Babylove","breadcrumb":{"@id":"https:\/\/babylove.se\/no\/produkt\/spjelseng-for-tvillinger-med-to-madrasser\/#breadcrumb"},"inLanguage":"nb-NO","potentialAction":[{"@type":"ReadAction","target":["https:\/\/babylove.se\/no\/produkt\/spjelseng-for-tvillinger-med-to-madrasser\/"]}]},{"@type":"ImageObject","inLanguage":"nb-NO","@id":"https:\/\/babylove.se\/no\/produkt\/spjelseng-for-tvillinger-med-to-madrasser\/#primaryimage","url":"https:\/\/babylove.se\/no\/wp-content\/uploads\/sites\/3\/2025\/07\/5cde6cc9f2fe2.jpeg","contentUrl":"https:\/\/babylove.se\/no\/wp-content\/uploads\/sites\/3\/2025\/07\/5cde6cc9f2fe2.jpeg","width":750,"height":599},{"@type":"BreadcrumbList","@id":"https:\/\/babylove.se\/no\/produkt\/spjelseng-for-tvillinger-med-to-madrasser\/#breadcrumb","itemListElement":[{"@type":"ListItem","position":1,"name":"Hem","item":"https:\/\/babylove.se\/no\/"},{"@type":"ListItem","position":2,"name":"Butik","item":"https:\/\/babylove.se\/no\/butik\/"},{"@type":"ListItem","position":3,"name":"Sprinkelseng for tvillinger med to madrasser"}]},{"@type":"WebSite","@id":"https:\/\/babylove.se\/no\/#website","url":"https:\/\/babylove.se\/no\/","name":"Babylove Norska","description":"","potentialAction":[{"@type":"SearchAction","target":{"@type":"EntryPoint","urlTemplate":"https:\/\/babylove.se\/no\/?s={search_term_string}"},"query-input":{"@type":"PropertyValueSpecification","valueRequired":true,"valueName":"search_term_string"}}],"inLanguage":"nb-NO"}]},"product_brand":"Babylove","product_price_amount":"2999.00","product_price_currency":"SEK","og_availability":"out of stock","product_availability":"out of stock","product_retailer_item_id":"2600","product_condition":"new"},"_links":{"self":[{"href":"https:\/\/babylove.se\/no\/wp-json\/wp\/v2\/product\/12265","targetHints":{"allow":["GET"]}}],"collection":[{"href":"https:\/\/babylove.se\/no\/wp-json\/wp\/v2\/product"}],"about":[{"href":"https:\/\/babylove.se\/no\/wp-json\/wp\/v2\/types\/product"}],"replies":[{"embeddable":true,"href":"https:\/\/babylove.se\/no\/wp-json\/wp\/v2\/comments?post=12265"}],"wp:featuredmedia":[{"embeddable":true,"href":"https:\/\/babylove.se\/no\/wp-json\/wp\/v2\/media\/12267"}],"wp:attachment":[{"href":"https:\/\/babylove.se\/no\/wp-json\/wp\/v2\/media?parent=12265"}],"wp:term":[{"taxonomy":"product_brand","embeddable":true,"href":"https:\/\/babylove.se\/no\/wp-json\/wp\/v2\/product_brand?post=12265"},{"taxonomy":"product_cat","embeddable":true,"href":"https:\/\/babylove.se\/no\/wp-json\/wp\/v2\/product_cat?post=12265"},{"taxonomy":"product_tag","embeddable":true,"href":"https:\/\/babylove.se\/no\/wp-json\/wp\/v2\/product_tag?post=12265"}],"curies":[{"name":"wp","href":"https:\/\/api.w.org\/{rel}","templated":true}]}}