{"id":12278,"date":"2025-07-18T21:23:19","date_gmt":"2025-07-18T20:23:19","guid":{"rendered":"https:\/\/babylove.se\/produkt\/hussang-med-utdragbar-extrasang-under-mila-ms\/"},"modified":"2026-04-08T08:54:07","modified_gmt":"2026-04-08T07:54:07","slug":"hussang-med-uttrekkbar-ekstraseng-under-mila-ms","status":"publish","type":"product","link":"https:\/\/babylove.se\/no\/produkt\/hussang-med-uttrekkbar-ekstraseng-under-mila-ms\/","title":{"rendered":"Husseng med uttrekkbar ekstraseng under &#8211; Mila MS"},"content":{"rendered":"<p>Mila MS er en stilren husseng som kommer til \u00e5 \u00f8ke kosefaktoren i barnerommet til max!<br \/>\nPerfekt for pyjamaspartyen med bestevenninna, med den uttrekkbare ekstraseng. <\/p>\n<p>Alle v\u00e5re Mila senger er h\u00e5ndlaget med stor lidenskap, av h\u00f8ykvalitativt, sertifisert furutre. <\/p>\n<p>En stabil seng som kommer til \u00e5 fungere i mange \u00e5r fremover! <\/p>\n<p><strong>Info:<\/strong> <\/p>\n<ul>\n<li>Ribbbunn inng\u00e5r (2 stk)<\/li>\n<li>Madrass inng\u00e5r ikke, ta gjerne en titt i v\u00e5rt store utvalg. Vi anbefaler en skummadrass med tykkelse p\u00e5 <em>10-12 cm<\/em> for den \u00f8verste sengen og <em>maks 8 cm<\/em> for ekstrasengen. Om madrassen til ekstrasengen er tykkere enn 8 cm vil ikke ekstrasengen kunne rulles ut.<\/li>\n<li>Maks belastning: 90 kg\/del<\/li>\n<li>Farge: velg mellom natur, hvit, gr\u00e5, antrasitt, rosa, olivengr\u00f8nn og bl\u00e5.<\/li>\n<\/ul>\n<p><strong>M\u00e5l:<\/strong> <\/p>\n<ul>\n<li>Finnes i ulike st\u00f8rrelser. M\u00e5lene til venstre i listen gjelder sengem\u00e5l. M\u00e5lene i parentes (H\u00f8yde*Bredde*Lengde) gjelder den totale st\u00f8rrelsen p\u00e5 sengen.<\/li>\n<li>St\u00f8rrelsen p\u00e5 ekstrasengen tilsvarer ikke sengens sengem\u00e5l. Ekstraseng vil v\u00e6re cirka 20 cm kortere p\u00e5 lengden (for eksempel: hvis du bestiller 90&#215;200 cm seng vil ekstrasengen ha sengem\u00e5l p\u00e5 cirka 90&#215;180 cm)<\/li>\n<li>Merk at for senger over 100 cm bredde kommer bare med ekstraseng p\u00e5 50 cm bredde (da sengens konstruksjon krever st\u00f8tteben i midten)<\/li>\n<\/ul>\n<p>Sengene kommer fra v\u00e5r fabrikk i Europa som har h\u00f8ye kvalitetskrav og kontrollerer hvert steg fra det at t\u00f8mret kommer inn i fabrikken til at et ferdig produkt forlater. <\/p>\n<p><em><em><em>Sengen leveres umontert og b\u00f8r settes sammen i rommet den skal brukes i.<\/em><\/em><\/em> <\/p>\n<p><em>For senger i farge er leveringstiden to uker lengre enn den oppgitte informasjonen.<\/em><\/p>\n","protected":false},"excerpt":{"rendered":"<p>Mila MS er en stilren husseng som kommer til \u00e5 \u00f8ke kosefaktoren i barnerommet til max! Perfekt for pyjamaspartyen med bestevenninna, med den uttrekkbare ekstraseng. Alle v\u00e5re Mila senger er h\u00e5ndlaget med stor lidenskap, av h\u00f8ykvalitativt, sertifisert furutre. En stabil seng som kommer til \u00e5 fungere i mange \u00e5r fremover! Info: Ribbbunn inng\u00e5r (2 stk) [&hellip;]<\/p>\n","protected":false},"featured_media":12280,"comment_status":"open","ping_status":"closed","template":"","meta":{"_acf_changed":false},"product_brand":[384],"product_cat":[386,399,217,269,40],"product_tag":[1689],"class_list":{"0":"post-12278","1":"product","2":"type-product","3":"status-publish","4":"has-post-thumbnail","6":"product_brand-adeko","7":"product_cat-ad","8":"product_cat-store-familiesenger-og-barnesenger","9":"product_cat-sengesanger","10":"product_cat-juniorsenger","11":"product_cat-soverom-barn","12":"product_tag-bestillingsvaror","13":"pa_farg-antracit","14":"pa_farg-bla","15":"pa_farg-gra","16":"pa_farg-vit","17":"pa_farg-natur","18":"pa_farg-olivgron","19":"pa_farg-rosa","20":"pa_sidoskydd-runt-sangen-ja","21":"pa_sidoskydd-runt-sangen-nej","22":"pa_storlek-100x180-h138-b109-l189","23":"pa_storlek-100x190-h138-b106-l199","24":"pa_storlek-100x200-h138-b106-l209","25":"pa_storlek-120x190-h148-b126-l199","26":"pa_storlek-120x200-h148-b126-l209","27":"pa_storlek-135x190-h155-b141-l199","28":"pa_storlek-140x190-h158-b146-l199","29":"pa_storlek-140x200-h158-b146-l209","30":"pa_storlek-160x190-h168-b166-l199","31":"pa_storlek-160x200-h168-b166-l209","32":"pa_storlek-60x120-h118-b66-l129","33":"pa_storlek-70x140-h123-b76-l149","34":"pa_storlek-70x160-h123-b76-l169","35":"pa_storlek-80x140-h128-b86-l149","36":"pa_storlek-80x160-h128-b86-l169","37":"pa_storlek-80x180-h128-b86-l189","38":"pa_storlek-80x190-h128-b86-l199","39":"pa_storlek-80x200-h128-b86-l209","40":"pa_storlek-90x140-h133-b96-l149","41":"pa_storlek-90x160-h133-b96-l169","42":"pa_storlek-90x180-h133-b96-l189","43":"pa_storlek-90x190-h133-b96-l199","44":"pa_storlek-90x200-h133-b96-l209","46":"first","47":"instock","48":"taxable","49":"shipping-taxable","50":"purchasable","51":"product-type-variable"},"acf":[],"yoast_head":"<!-- This site is optimized with the Yoast SEO Premium plugin v25.8 (Yoast SEO v27.2) - https:\/\/yoast.com\/product\/yoast-seo-premium-wordpress\/ -->\n<title>Huss\u00e4ng med extras\u00e4ng under - Babylove.se<\/title>\n<meta name=\"description\" content=\"En underbart fin huss\u00e4ng till barnrummet med en vacker tr\u00e4ram och fint tak. Klarna faktura &amp; Fri Frakt ! K\u00f6p den h\u00e4r ! Babylove.se\" \/>\n<meta name=\"robots\" content=\"noindex, follow, max-snippet:-1, max-image-preview:large, max-video-preview:-1\" \/>\n<meta property=\"og:locale\" content=\"nb_NO\" \/>\n<meta property=\"og:type\" content=\"article\" \/>\n<meta property=\"og:title\" content=\"Husseng med uttrekkbar ekstraseng under - Mila MS\" \/>\n<meta property=\"og:description\" content=\"En underbart fin huss\u00e4ng till barnrummet med en vacker tr\u00e4ram och fint tak. Klarna faktura &amp; Fri Frakt ! K\u00f6p den h\u00e4r ! Babylove.se\" \/>\n<meta property=\"og:url\" content=\"https:\/\/babylove.se\/no\/produkt\/hussang-med-uttrekkbar-ekstraseng-under-mila-ms\/\" \/>\n<meta property=\"og:site_name\" content=\"Babylove Norska\" \/>\n<meta property=\"article:modified_time\" content=\"2026-04-08T07:54:07+00:00\" \/>\n<meta property=\"og:image\" content=\"https:\/\/babylove.se\/no\/wp-content\/uploads\/sites\/3\/2025\/07\/5d63c34395c54.jpeg\" \/>\n\t<meta property=\"og:image:width\" content=\"750\" \/>\n\t<meta property=\"og:image:height\" content=\"750\" \/>\n\t<meta property=\"og:image:type\" content=\"image\/jpeg\" \/>\n<meta name=\"twitter:card\" content=\"summary_large_image\" \/>\n<meta name=\"twitter:label1\" content=\"Availability\" \/>\n\t<meta name=\"twitter:data1\" content=\"In stock\" \/>\n<script type=\"application\/ld+json\" class=\"yoast-schema-graph\">{\"@context\":\"https:\/\/schema.org\",\"@graph\":[{\"@type\":\"WebPage\",\"@id\":\"https:\/\/babylove.se\/no\/produkt\/hussang-med-uttrekkbar-ekstraseng-under-mila-ms\/\",\"url\":\"https:\/\/babylove.se\/no\/produkt\/hussang-med-uttrekkbar-ekstraseng-under-mila-ms\/\",\"name\":\"Huss\u00e4ng med extras\u00e4ng under - Babylove.se\",\"isPartOf\":{\"@id\":\"https:\/\/babylove.se\/no\/#website\"},\"primaryImageOfPage\":{\"@id\":\"https:\/\/babylove.se\/no\/produkt\/hussang-med-uttrekkbar-ekstraseng-under-mila-ms\/#primaryimage\"},\"image\":{\"@id\":\"https:\/\/babylove.se\/no\/produkt\/hussang-med-uttrekkbar-ekstraseng-under-mila-ms\/#primaryimage\"},\"thumbnailUrl\":\"https:\/\/babylove.se\/no\/wp-content\/uploads\/sites\/3\/2025\/07\/5d63c34395c54.jpeg\",\"datePublished\":\"2025-07-18T20:23:19+00:00\",\"dateModified\":\"2026-04-08T07:54:07+00:00\",\"description\":\"En underbart fin huss\u00e4ng till barnrummet med en vacker tr\u00e4ram och fint tak. Klarna faktura & Fri Frakt ! K\u00f6p den h\u00e4r ! Babylove.se\",\"breadcrumb\":{\"@id\":\"https:\/\/babylove.se\/no\/produkt\/hussang-med-uttrekkbar-ekstraseng-under-mila-ms\/#breadcrumb\"},\"inLanguage\":\"nb-NO\",\"potentialAction\":[{\"@type\":\"ReadAction\",\"target\":[\"https:\/\/babylove.se\/no\/produkt\/hussang-med-uttrekkbar-ekstraseng-under-mila-ms\/\"]}]},{\"@type\":\"ImageObject\",\"inLanguage\":\"nb-NO\",\"@id\":\"https:\/\/babylove.se\/no\/produkt\/hussang-med-uttrekkbar-ekstraseng-under-mila-ms\/#primaryimage\",\"url\":\"https:\/\/babylove.se\/no\/wp-content\/uploads\/sites\/3\/2025\/07\/5d63c34395c54.jpeg\",\"contentUrl\":\"https:\/\/babylove.se\/no\/wp-content\/uploads\/sites\/3\/2025\/07\/5d63c34395c54.jpeg\",\"width\":750,\"height\":750},{\"@type\":\"BreadcrumbList\",\"@id\":\"https:\/\/babylove.se\/no\/produkt\/hussang-med-uttrekkbar-ekstraseng-under-mila-ms\/#breadcrumb\",\"itemListElement\":[{\"@type\":\"ListItem\",\"position\":1,\"name\":\"Hem\",\"item\":\"https:\/\/babylove.se\/no\/\"},{\"@type\":\"ListItem\",\"position\":2,\"name\":\"Butik\",\"item\":\"https:\/\/babylove.se\/no\/butik\/\"},{\"@type\":\"ListItem\",\"position\":3,\"name\":\"Husseng med uttrekkbar ekstraseng under &#8211; Mila MS\"}]},{\"@type\":\"WebSite\",\"@id\":\"https:\/\/babylove.se\/no\/#website\",\"url\":\"https:\/\/babylove.se\/no\/\",\"name\":\"Babylove Norska\",\"description\":\"\",\"potentialAction\":[{\"@type\":\"SearchAction\",\"target\":{\"@type\":\"EntryPoint\",\"urlTemplate\":\"https:\/\/babylove.se\/no\/?s={search_term_string}\"},\"query-input\":{\"@type\":\"PropertyValueSpecification\",\"valueRequired\":true,\"valueName\":\"search_term_string\"}}],\"inLanguage\":\"nb-NO\"}]}<\/script>\n<meta property=\"product:brand\" content=\"Adeko\" \/>\n<meta property=\"og:availability\" content=\"instock\" \/>\n<meta property=\"product:availability\" content=\"instock\" \/>\n<meta property=\"product:retailer_item_id\" content=\"Mila M+S-60x120-utansidoskydd-natur\" \/>\n<meta property=\"product:condition\" content=\"new\" \/>\n<!-- \/ Yoast SEO Premium plugin. -->","yoast_head_json":{"title":"Huss\u00e4ng med extras\u00e4ng under - Babylove.se","description":"En underbart fin huss\u00e4ng till barnrummet med en vacker tr\u00e4ram och fint tak. Klarna faktura & Fri Frakt ! K\u00f6p den h\u00e4r ! Babylove.se","robots":{"index":"noindex","follow":"follow","max-snippet":"max-snippet:-1","max-image-preview":"max-image-preview:large","max-video-preview":"max-video-preview:-1"},"og_locale":"nb_NO","og_type":"article","og_title":"Husseng med uttrekkbar ekstraseng under - Mila MS","og_description":"En underbart fin huss\u00e4ng till barnrummet med en vacker tr\u00e4ram och fint tak. Klarna faktura & Fri Frakt ! K\u00f6p den h\u00e4r ! Babylove.se","og_url":"https:\/\/babylove.se\/no\/produkt\/hussang-med-uttrekkbar-ekstraseng-under-mila-ms\/","og_site_name":"Babylove Norska","article_modified_time":"2026-04-08T07:54:07+00:00","og_image":[{"width":750,"height":750,"url":"https:\/\/babylove.se\/no\/wp-content\/uploads\/sites\/3\/2025\/07\/5d63c34395c54.jpeg","type":"image\/jpeg"}],"twitter_card":"summary_large_image","twitter_misc":{"Availability":"In stock"},"schema":{"@context":"https:\/\/schema.org","@graph":[{"@type":"WebPage","@id":"https:\/\/babylove.se\/no\/produkt\/hussang-med-uttrekkbar-ekstraseng-under-mila-ms\/","url":"https:\/\/babylove.se\/no\/produkt\/hussang-med-uttrekkbar-ekstraseng-under-mila-ms\/","name":"Huss\u00e4ng med extras\u00e4ng under - Babylove.se","isPartOf":{"@id":"https:\/\/babylove.se\/no\/#website"},"primaryImageOfPage":{"@id":"https:\/\/babylove.se\/no\/produkt\/hussang-med-uttrekkbar-ekstraseng-under-mila-ms\/#primaryimage"},"image":{"@id":"https:\/\/babylove.se\/no\/produkt\/hussang-med-uttrekkbar-ekstraseng-under-mila-ms\/#primaryimage"},"thumbnailUrl":"https:\/\/babylove.se\/no\/wp-content\/uploads\/sites\/3\/2025\/07\/5d63c34395c54.jpeg","datePublished":"2025-07-18T20:23:19+00:00","dateModified":"2026-04-08T07:54:07+00:00","description":"En underbart fin huss\u00e4ng till barnrummet med en vacker tr\u00e4ram och fint tak. Klarna faktura & Fri Frakt ! K\u00f6p den h\u00e4r ! Babylove.se","breadcrumb":{"@id":"https:\/\/babylove.se\/no\/produkt\/hussang-med-uttrekkbar-ekstraseng-under-mila-ms\/#breadcrumb"},"inLanguage":"nb-NO","potentialAction":[{"@type":"ReadAction","target":["https:\/\/babylove.se\/no\/produkt\/hussang-med-uttrekkbar-ekstraseng-under-mila-ms\/"]}]},{"@type":"ImageObject","inLanguage":"nb-NO","@id":"https:\/\/babylove.se\/no\/produkt\/hussang-med-uttrekkbar-ekstraseng-under-mila-ms\/#primaryimage","url":"https:\/\/babylove.se\/no\/wp-content\/uploads\/sites\/3\/2025\/07\/5d63c34395c54.jpeg","contentUrl":"https:\/\/babylove.se\/no\/wp-content\/uploads\/sites\/3\/2025\/07\/5d63c34395c54.jpeg","width":750,"height":750},{"@type":"BreadcrumbList","@id":"https:\/\/babylove.se\/no\/produkt\/hussang-med-uttrekkbar-ekstraseng-under-mila-ms\/#breadcrumb","itemListElement":[{"@type":"ListItem","position":1,"name":"Hem","item":"https:\/\/babylove.se\/no\/"},{"@type":"ListItem","position":2,"name":"Butik","item":"https:\/\/babylove.se\/no\/butik\/"},{"@type":"ListItem","position":3,"name":"Husseng med uttrekkbar ekstraseng under &#8211; Mila MS"}]},{"@type":"WebSite","@id":"https:\/\/babylove.se\/no\/#website","url":"https:\/\/babylove.se\/no\/","name":"Babylove Norska","description":"","potentialAction":[{"@type":"SearchAction","target":{"@type":"EntryPoint","urlTemplate":"https:\/\/babylove.se\/no\/?s={search_term_string}"},"query-input":{"@type":"PropertyValueSpecification","valueRequired":true,"valueName":"search_term_string"}}],"inLanguage":"nb-NO"}]},"product_brand":"Adeko","og_availability":"instock","product_availability":"instock","product_retailer_item_id":"Mila M+S-60x120-utansidoskydd-natur","product_condition":"new"},"_links":{"self":[{"href":"https:\/\/babylove.se\/no\/wp-json\/wp\/v2\/product\/12278","targetHints":{"allow":["GET"]}}],"collection":[{"href":"https:\/\/babylove.se\/no\/wp-json\/wp\/v2\/product"}],"about":[{"href":"https:\/\/babylove.se\/no\/wp-json\/wp\/v2\/types\/product"}],"replies":[{"embeddable":true,"href":"https:\/\/babylove.se\/no\/wp-json\/wp\/v2\/comments?post=12278"}],"wp:featuredmedia":[{"embeddable":true,"href":"https:\/\/babylove.se\/no\/wp-json\/wp\/v2\/media\/12280"}],"wp:attachment":[{"href":"https:\/\/babylove.se\/no\/wp-json\/wp\/v2\/media?parent=12278"}],"wp:term":[{"taxonomy":"product_brand","embeddable":true,"href":"https:\/\/babylove.se\/no\/wp-json\/wp\/v2\/product_brand?post=12278"},{"taxonomy":"product_cat","embeddable":true,"href":"https:\/\/babylove.se\/no\/wp-json\/wp\/v2\/product_cat?post=12278"},{"taxonomy":"product_tag","embeddable":true,"href":"https:\/\/babylove.se\/no\/wp-json\/wp\/v2\/product_tag?post=12278"}],"curies":[{"name":"wp","href":"https:\/\/api.w.org\/{rel}","templated":true}]}}