{"id":12623,"date":"2025-07-18T21:26:40","date_gmt":"2025-07-18T20:26:40","guid":{"rendered":"https:\/\/babylove.se\/produkt\/sebra-vaxasang-juniorsang-sebra\/"},"modified":"2026-04-08T08:54:19","modified_gmt":"2026-04-08T07:54:19","slug":"sebra-vokseseng-juniorseng-sebra","status":"publish","type":"product","link":"https:\/\/babylove.se\/no\/produkt\/sebra-vokseseng-juniorseng-sebra\/","title":{"rendered":"Sebra vokseseng \/ juniorseng, junior &#038; grow, Sebra"},"content":{"rendered":"<p>Sebras vokseseng\/juniorseng er en smart og fin seng fra neste generasjons Sebra-senger. Denne er smart og praktisk, da den er forberedt for at det lille barnet faktisk vokser raskt, og er derfor uttrekkbar. Sengen kan brukes som en juniorseng men faktisk helt opp i ten\u00e5rene og voksen alder, da den fulle lengden er 204 cm.&nbsp;<\/p>\n<p>Madrassen selges separat til denne Sebra-unike designen, den s\u00e5kalte Juno-sengen.&nbsp;<\/p>\n<p>Sengen er sikkerhetstestet og laget av massivt b\u00f8ketre. Den er malt helt i farger som er milj\u00f8- og helsevennlige.<\/p>\n<p><strong>M<\/strong><span><strong>\u00e5l:<\/strong>&nbsp; Lengde: 165 cm, Bredde 90 cm. H\u00f8yde: 68 cm. Lengde ved fullt uttrekk: 204 cm.&nbsp;<\/span><\/p>\n<p>Designer: <a href=\"https:\/\/babylove.se\/varumarken\/sebra\">Sebra<\/a><\/p>\n<p><em><em><em><em><em>Obs! Sengen leveres umontert og b\u00f8r settes sammen i rommet den skal brukes i.<\/em><\/em><\/em><\/em><\/em><\/p>\n","protected":false},"excerpt":{"rendered":"<p>Sebras vokseseng\/juniorseng er en smart og fin seng fra neste generasjons Sebra-senger. Denne er smart og praktisk, da den er forberedt for at det lille barnet faktisk vokser raskt, og er derfor uttrekkbar. Sengen kan brukes som en juniorseng men faktisk helt opp i ten\u00e5rene og voksen alder, da den fulle lengden er 204 cm.&nbsp; [&hellip;]<\/p>\n","protected":false},"featured_media":12625,"comment_status":"closed","ping_status":"open","template":"","meta":{"_acf_changed":false},"product_brand":[160],"product_cat":[269,161,280,40],"product_tag":[1689],"class_list":{"0":"post-12623","1":"product","2":"type-product","3":"status-publish","4":"has-post-thumbnail","6":"product_brand-sebra","7":"product_cat-juniorsenger","8":"product_cat-sebra","9":"product_cat-senger-med-rask-levering","10":"product_cat-soverom-barn","11":"product_tag-bestillingsvaror","13":"first","14":"outofstock","15":"taxable","16":"shipping-taxable","17":"purchasable","18":"product-type-simple"},"acf":[],"yoast_head":"<!-- This site is optimized with the Yoast SEO Premium plugin v25.8 (Yoast SEO v27.2) - https:\/\/yoast.com\/product\/yoast-seo-premium-wordpress\/ -->\n<title>K\u00f6p Sebra v\u00e4xas\u00e4ng VIT | FRI FRAKT | Babylove.se<\/title>\n<meta name=\"robots\" content=\"noindex, follow, max-snippet:-1, max-image-preview:large, max-video-preview:-1\" \/>\n<meta property=\"og:locale\" content=\"nb_NO\" \/>\n<meta property=\"og:type\" content=\"article\" \/>\n<meta property=\"og:title\" content=\"Sebra vokseseng \/ juniorseng, junior &amp; grow, Sebra\" \/>\n<meta property=\"og:description\" content=\"Sebras vokseseng\/juniorseng er en smart og fin seng fra neste generasjons Sebra-senger. Denne er smart og praktisk, da den er forberedt for at det lille barnet faktisk vokser raskt, og er derfor uttrekkbar. Sengen kan brukes som en juniorseng men faktisk helt opp i ten\u00e5rene og voksen alder, da den fulle lengden er 204 cm.&nbsp; [&hellip;]\" \/>\n<meta property=\"og:url\" content=\"https:\/\/babylove.se\/no\/produkt\/sebra-vokseseng-juniorseng-sebra\/\" \/>\n<meta property=\"og:site_name\" content=\"Babylove Norska\" \/>\n<meta property=\"article:modified_time\" content=\"2026-04-08T07:54:19+00:00\" \/>\n<meta property=\"og:image\" content=\"https:\/\/babylove.se\/no\/wp-content\/uploads\/sites\/3\/2025\/07\/63343b87d0678.jpeg\" \/>\n\t<meta property=\"og:image:width\" content=\"1200\" \/>\n\t<meta property=\"og:image:height\" content=\"1200\" \/>\n\t<meta property=\"og:image:type\" content=\"image\/jpeg\" \/>\n<meta name=\"twitter:card\" content=\"summary_large_image\" \/>\n<meta name=\"twitter:label1\" content=\"Price\" \/>\n\t<meta name=\"twitter:data1\" content=\"11 499,00&nbsp;&#107;&#114;\" \/>\n\t<meta name=\"twitter:label2\" content=\"Availability\" \/>\n\t<meta name=\"twitter:data2\" content=\"Out of stock\" \/>\n<script type=\"application\/ld+json\" class=\"yoast-schema-graph\">{\"@context\":\"https:\/\/schema.org\",\"@graph\":[{\"@type\":\"WebPage\",\"@id\":\"https:\/\/babylove.se\/no\/produkt\/sebra-vokseseng-juniorseng-sebra\/\",\"url\":\"https:\/\/babylove.se\/no\/produkt\/sebra-vokseseng-juniorseng-sebra\/\",\"name\":\"K\u00f6p Sebra v\u00e4xas\u00e4ng VIT | FRI FRAKT | Babylove.se\",\"isPartOf\":{\"@id\":\"https:\/\/babylove.se\/no\/#website\"},\"primaryImageOfPage\":{\"@id\":\"https:\/\/babylove.se\/no\/produkt\/sebra-vokseseng-juniorseng-sebra\/#primaryimage\"},\"image\":{\"@id\":\"https:\/\/babylove.se\/no\/produkt\/sebra-vokseseng-juniorseng-sebra\/#primaryimage\"},\"thumbnailUrl\":\"https:\/\/babylove.se\/no\/wp-content\/uploads\/sites\/3\/2025\/07\/63343b87d0678.jpeg\",\"datePublished\":\"2025-07-18T20:26:40+00:00\",\"dateModified\":\"2026-04-08T07:54:19+00:00\",\"breadcrumb\":{\"@id\":\"https:\/\/babylove.se\/no\/produkt\/sebra-vokseseng-juniorseng-sebra\/#breadcrumb\"},\"inLanguage\":\"nb-NO\",\"potentialAction\":[{\"@type\":\"ReadAction\",\"target\":[\"https:\/\/babylove.se\/no\/produkt\/sebra-vokseseng-juniorseng-sebra\/\"]}]},{\"@type\":\"ImageObject\",\"inLanguage\":\"nb-NO\",\"@id\":\"https:\/\/babylove.se\/no\/produkt\/sebra-vokseseng-juniorseng-sebra\/#primaryimage\",\"url\":\"https:\/\/babylove.se\/no\/wp-content\/uploads\/sites\/3\/2025\/07\/63343b87d0678.jpeg\",\"contentUrl\":\"https:\/\/babylove.se\/no\/wp-content\/uploads\/sites\/3\/2025\/07\/63343b87d0678.jpeg\",\"width\":1200,\"height\":1200},{\"@type\":\"BreadcrumbList\",\"@id\":\"https:\/\/babylove.se\/no\/produkt\/sebra-vokseseng-juniorseng-sebra\/#breadcrumb\",\"itemListElement\":[{\"@type\":\"ListItem\",\"position\":1,\"name\":\"Hem\",\"item\":\"https:\/\/babylove.se\/no\/\"},{\"@type\":\"ListItem\",\"position\":2,\"name\":\"Butik\",\"item\":\"https:\/\/babylove.se\/no\/butik\/\"},{\"@type\":\"ListItem\",\"position\":3,\"name\":\"Sebra vokseseng \/ juniorseng, junior &#038; grow, Sebra\"}]},{\"@type\":\"WebSite\",\"@id\":\"https:\/\/babylove.se\/no\/#website\",\"url\":\"https:\/\/babylove.se\/no\/\",\"name\":\"Babylove Norska\",\"description\":\"\",\"potentialAction\":[{\"@type\":\"SearchAction\",\"target\":{\"@type\":\"EntryPoint\",\"urlTemplate\":\"https:\/\/babylove.se\/no\/?s={search_term_string}\"},\"query-input\":{\"@type\":\"PropertyValueSpecification\",\"valueRequired\":true,\"valueName\":\"search_term_string\"}}],\"inLanguage\":\"nb-NO\"}]}<\/script>\n<meta property=\"product:brand\" content=\"Sebra\" \/>\n<meta property=\"product:price:amount\" content=\"11499.00\" \/>\n<meta property=\"product:price:currency\" content=\"SEK\" \/>\n<meta property=\"og:availability\" content=\"out of stock\" \/>\n<meta property=\"product:availability\" content=\"out of stock\" \/>\n<meta property=\"product:retailer_item_id\" content=\"200130046\" \/>\n<meta property=\"product:condition\" content=\"new\" \/>\n<!-- \/ Yoast SEO Premium plugin. -->","yoast_head_json":{"title":"K\u00f6p Sebra v\u00e4xas\u00e4ng VIT | FRI FRAKT | Babylove.se","robots":{"index":"noindex","follow":"follow","max-snippet":"max-snippet:-1","max-image-preview":"max-image-preview:large","max-video-preview":"max-video-preview:-1"},"og_locale":"nb_NO","og_type":"article","og_title":"Sebra vokseseng \/ juniorseng, junior & grow, Sebra","og_description":"Sebras vokseseng\/juniorseng er en smart og fin seng fra neste generasjons Sebra-senger. Denne er smart og praktisk, da den er forberedt for at det lille barnet faktisk vokser raskt, og er derfor uttrekkbar. Sengen kan brukes som en juniorseng men faktisk helt opp i ten\u00e5rene og voksen alder, da den fulle lengden er 204 cm.&nbsp; [&hellip;]","og_url":"https:\/\/babylove.se\/no\/produkt\/sebra-vokseseng-juniorseng-sebra\/","og_site_name":"Babylove Norska","article_modified_time":"2026-04-08T07:54:19+00:00","og_image":[{"width":1200,"height":1200,"url":"https:\/\/babylove.se\/no\/wp-content\/uploads\/sites\/3\/2025\/07\/63343b87d0678.jpeg","type":"image\/jpeg"}],"twitter_card":"summary_large_image","twitter_misc":{"Price":"11 499,00&nbsp;&#107;&#114;","Availability":"Out of stock"},"schema":{"@context":"https:\/\/schema.org","@graph":[{"@type":"WebPage","@id":"https:\/\/babylove.se\/no\/produkt\/sebra-vokseseng-juniorseng-sebra\/","url":"https:\/\/babylove.se\/no\/produkt\/sebra-vokseseng-juniorseng-sebra\/","name":"K\u00f6p Sebra v\u00e4xas\u00e4ng VIT | FRI FRAKT | Babylove.se","isPartOf":{"@id":"https:\/\/babylove.se\/no\/#website"},"primaryImageOfPage":{"@id":"https:\/\/babylove.se\/no\/produkt\/sebra-vokseseng-juniorseng-sebra\/#primaryimage"},"image":{"@id":"https:\/\/babylove.se\/no\/produkt\/sebra-vokseseng-juniorseng-sebra\/#primaryimage"},"thumbnailUrl":"https:\/\/babylove.se\/no\/wp-content\/uploads\/sites\/3\/2025\/07\/63343b87d0678.jpeg","datePublished":"2025-07-18T20:26:40+00:00","dateModified":"2026-04-08T07:54:19+00:00","breadcrumb":{"@id":"https:\/\/babylove.se\/no\/produkt\/sebra-vokseseng-juniorseng-sebra\/#breadcrumb"},"inLanguage":"nb-NO","potentialAction":[{"@type":"ReadAction","target":["https:\/\/babylove.se\/no\/produkt\/sebra-vokseseng-juniorseng-sebra\/"]}]},{"@type":"ImageObject","inLanguage":"nb-NO","@id":"https:\/\/babylove.se\/no\/produkt\/sebra-vokseseng-juniorseng-sebra\/#primaryimage","url":"https:\/\/babylove.se\/no\/wp-content\/uploads\/sites\/3\/2025\/07\/63343b87d0678.jpeg","contentUrl":"https:\/\/babylove.se\/no\/wp-content\/uploads\/sites\/3\/2025\/07\/63343b87d0678.jpeg","width":1200,"height":1200},{"@type":"BreadcrumbList","@id":"https:\/\/babylove.se\/no\/produkt\/sebra-vokseseng-juniorseng-sebra\/#breadcrumb","itemListElement":[{"@type":"ListItem","position":1,"name":"Hem","item":"https:\/\/babylove.se\/no\/"},{"@type":"ListItem","position":2,"name":"Butik","item":"https:\/\/babylove.se\/no\/butik\/"},{"@type":"ListItem","position":3,"name":"Sebra vokseseng \/ juniorseng, junior &#038; grow, Sebra"}]},{"@type":"WebSite","@id":"https:\/\/babylove.se\/no\/#website","url":"https:\/\/babylove.se\/no\/","name":"Babylove Norska","description":"","potentialAction":[{"@type":"SearchAction","target":{"@type":"EntryPoint","urlTemplate":"https:\/\/babylove.se\/no\/?s={search_term_string}"},"query-input":{"@type":"PropertyValueSpecification","valueRequired":true,"valueName":"search_term_string"}}],"inLanguage":"nb-NO"}]},"product_brand":"Sebra","product_price_amount":"11499.00","product_price_currency":"SEK","og_availability":"out of stock","product_availability":"out of stock","product_retailer_item_id":"200130046","product_condition":"new"},"_links":{"self":[{"href":"https:\/\/babylove.se\/no\/wp-json\/wp\/v2\/product\/12623","targetHints":{"allow":["GET"]}}],"collection":[{"href":"https:\/\/babylove.se\/no\/wp-json\/wp\/v2\/product"}],"about":[{"href":"https:\/\/babylove.se\/no\/wp-json\/wp\/v2\/types\/product"}],"replies":[{"embeddable":true,"href":"https:\/\/babylove.se\/no\/wp-json\/wp\/v2\/comments?post=12623"}],"wp:featuredmedia":[{"embeddable":true,"href":"https:\/\/babylove.se\/no\/wp-json\/wp\/v2\/media\/12625"}],"wp:attachment":[{"href":"https:\/\/babylove.se\/no\/wp-json\/wp\/v2\/media?parent=12623"}],"wp:term":[{"taxonomy":"product_brand","embeddable":true,"href":"https:\/\/babylove.se\/no\/wp-json\/wp\/v2\/product_brand?post=12623"},{"taxonomy":"product_cat","embeddable":true,"href":"https:\/\/babylove.se\/no\/wp-json\/wp\/v2\/product_cat?post=12623"},{"taxonomy":"product_tag","embeddable":true,"href":"https:\/\/babylove.se\/no\/wp-json\/wp\/v2\/product_tag?post=12623"}],"curies":[{"name":"wp","href":"https:\/\/api.w.org\/{rel}","templated":true}]}}