{"id":12668,"date":"2025-07-18T21:27:01","date_gmt":"2025-07-18T20:27:01","guid":{"rendered":"https:\/\/babylove.se\/produkt\/sebra-barnsang-spjalsang-juniorsang-kili-forest-lake-blue\/"},"modified":"2026-04-08T08:54:38","modified_gmt":"2026-04-08T07:54:38","slug":"sebra-barneseng-spjaleseng-juniorseng-kili-forest-lake-blue","status":"publish","type":"product","link":"https:\/\/babylove.se\/no\/produkt\/sebra-barneseng-spjaleseng-juniorseng-kili-forest-lake-blue\/","title":{"rendered":"Sebra Barneseng Sprinkelseng &#038; Juniorseng Kili, Forest lake blue"},"content":{"rendered":"<p>Den tidl\u00f8se og klassiske barnesengen fra Sebra er det naturlige valget til barnerommet og kan arves av barn i flere generasjoner. En smart og praktisk seng som kan vokse sammen med ditt barn. Du justerer enkelt bunnen, og sengen din blir til \u00f8nsket st\u00f8rrelse.<\/p>\n<p>En forlengbar madrass<span>&nbsp;<\/span>som passer b\u00e5de til baby- og juniorvarianten finnes \u00e5 kj\u00f8pe separat.<\/p>\n<p>Sengen er sikkerhetstestet og laget av massivt b\u00f8ketre. Den er malt helt i farger som er milj\u00f8- og helsevennlige. Helt giftfrie og gj\u00f8r at ditt barns milj\u00f8 i barnerommet blir tryggere og sikrere.<\/p>\n<p><strong>M\u00e5l<\/strong>:&nbsp;<\/p>\n<ul>\n<li>Babyseng: 115 x 75,8 cm<\/li>\n<li><span>Juniorseng: 155 x 75,8 cm&nbsp;<\/span><\/li>\n<\/ul>\n<p>Designer: <a href=\"https:\/\/babylove.se\/varumarken\/sebra\">Sebra<\/a><\/p>\n<p><em><em><em><em><em>Obs! Sengen leveres umontert og b\u00f8r settes sammen i rommet den skal brukes i.<\/em><\/em><\/em><\/em><\/em><\/p>\n","protected":false},"excerpt":{"rendered":"<p>Den tidl\u00f8se og klassiske barnesengen fra Sebra er det naturlige valget til barnerommet og kan arves av barn i flere generasjoner. En smart og praktisk seng som kan vokse sammen med ditt barn. Du justerer enkelt bunnen, og sengen din blir til \u00f8nsket st\u00f8rrelse. En forlengbar madrass&nbsp;som passer b\u00e5de til baby- og juniorvarianten finnes \u00e5 [&hellip;]<\/p>\n","protected":false},"featured_media":12670,"comment_status":"closed","ping_status":"open","template":"","meta":{"_acf_changed":false},"product_brand":[160],"product_cat":[372,279,269,161,280,40],"product_tag":[1689],"class_list":{"0":"post-12668","1":"product","2":"type-product","3":"status-publish","4":"has-post-thumbnail","6":"product_brand-sebra","7":"product_cat-barnesenger","8":"product_cat-spjlsngar","9":"product_cat-juniorsenger","10":"product_cat-sebra","11":"product_cat-senger-med-rask-levering","12":"product_cat-soverom-barn","13":"product_tag-bestillingsvaror","15":"first","16":"outofstock","17":"taxable","18":"shipping-taxable","19":"purchasable","20":"product-type-simple"},"acf":[],"yoast_head":"<!-- This site is optimized with the Yoast SEO Premium plugin v25.8 (Yoast SEO v27.2) - https:\/\/yoast.com\/product\/yoast-seo-premium-wordpress\/ -->\n<title>K\u00f6p Sebra Baby- &amp; Juniors\u00e4ng, Bl\u00e5 | FRI FRAKT | Babylove.se<\/title>\n<meta name=\"description\" content=\"Den tidl\u00f6sa och klassiska bl\u00e5 barns\u00e4ngen fr\u00e5n Sebra \u00e4r det naturliga valet till barnrummet K\u00f6p den h\u00e4r och betala med Klarna Faktura !\" \/>\n<meta name=\"robots\" content=\"noindex, follow, max-snippet:-1, max-image-preview:large, max-video-preview:-1\" \/>\n<meta property=\"og:locale\" content=\"nb_NO\" \/>\n<meta property=\"og:type\" content=\"article\" \/>\n<meta property=\"og:title\" content=\"Sebra Barneseng Sprinkelseng &amp; Juniorseng Kili, Forest lake blue\" \/>\n<meta property=\"og:description\" content=\"Den tidl\u00f6sa och klassiska bl\u00e5 barns\u00e4ngen fr\u00e5n Sebra \u00e4r det naturliga valet till barnrummet K\u00f6p den h\u00e4r och betala med Klarna Faktura !\" \/>\n<meta property=\"og:url\" content=\"https:\/\/babylove.se\/no\/produkt\/sebra-barneseng-spjaleseng-juniorseng-kili-forest-lake-blue\/\" \/>\n<meta property=\"og:site_name\" content=\"Babylove Norska\" \/>\n<meta property=\"article:modified_time\" content=\"2026-04-08T07:54:38+00:00\" \/>\n<meta property=\"og:image\" content=\"https:\/\/babylove.se\/no\/wp-content\/uploads\/sites\/3\/2025\/07\/5d00c80a332a8.jpeg\" \/>\n\t<meta property=\"og:image:width\" content=\"750\" \/>\n\t<meta property=\"og:image:height\" content=\"750\" \/>\n\t<meta property=\"og:image:type\" content=\"image\/jpeg\" \/>\n<meta name=\"twitter:card\" content=\"summary_large_image\" \/>\n<meta name=\"twitter:label1\" content=\"Price\" \/>\n\t<meta name=\"twitter:data1\" content=\"9 499,00&nbsp;&#107;&#114;\" \/>\n\t<meta name=\"twitter:label2\" content=\"Availability\" \/>\n\t<meta name=\"twitter:data2\" content=\"Out of stock\" \/>\n<script type=\"application\/ld+json\" class=\"yoast-schema-graph\">{\"@context\":\"https:\/\/schema.org\",\"@graph\":[{\"@type\":\"WebPage\",\"@id\":\"https:\/\/babylove.se\/no\/produkt\/sebra-barneseng-spjaleseng-juniorseng-kili-forest-lake-blue\/\",\"url\":\"https:\/\/babylove.se\/no\/produkt\/sebra-barneseng-spjaleseng-juniorseng-kili-forest-lake-blue\/\",\"name\":\"K\u00f6p Sebra Baby- & Juniors\u00e4ng, Bl\u00e5 | FRI FRAKT | Babylove.se\",\"isPartOf\":{\"@id\":\"https:\/\/babylove.se\/no\/#website\"},\"primaryImageOfPage\":{\"@id\":\"https:\/\/babylove.se\/no\/produkt\/sebra-barneseng-spjaleseng-juniorseng-kili-forest-lake-blue\/#primaryimage\"},\"image\":{\"@id\":\"https:\/\/babylove.se\/no\/produkt\/sebra-barneseng-spjaleseng-juniorseng-kili-forest-lake-blue\/#primaryimage\"},\"thumbnailUrl\":\"https:\/\/babylove.se\/no\/wp-content\/uploads\/sites\/3\/2025\/07\/5d00c80a332a8.jpeg\",\"datePublished\":\"2025-07-18T20:27:01+00:00\",\"dateModified\":\"2026-04-08T07:54:38+00:00\",\"description\":\"Den tidl\u00f6sa och klassiska bl\u00e5 barns\u00e4ngen fr\u00e5n Sebra \u00e4r det naturliga valet till barnrummet K\u00f6p den h\u00e4r och betala med Klarna Faktura !\",\"breadcrumb\":{\"@id\":\"https:\/\/babylove.se\/no\/produkt\/sebra-barneseng-spjaleseng-juniorseng-kili-forest-lake-blue\/#breadcrumb\"},\"inLanguage\":\"nb-NO\",\"potentialAction\":[{\"@type\":\"ReadAction\",\"target\":[\"https:\/\/babylove.se\/no\/produkt\/sebra-barneseng-spjaleseng-juniorseng-kili-forest-lake-blue\/\"]}]},{\"@type\":\"ImageObject\",\"inLanguage\":\"nb-NO\",\"@id\":\"https:\/\/babylove.se\/no\/produkt\/sebra-barneseng-spjaleseng-juniorseng-kili-forest-lake-blue\/#primaryimage\",\"url\":\"https:\/\/babylove.se\/no\/wp-content\/uploads\/sites\/3\/2025\/07\/5d00c80a332a8.jpeg\",\"contentUrl\":\"https:\/\/babylove.se\/no\/wp-content\/uploads\/sites\/3\/2025\/07\/5d00c80a332a8.jpeg\",\"width\":750,\"height\":750},{\"@type\":\"BreadcrumbList\",\"@id\":\"https:\/\/babylove.se\/no\/produkt\/sebra-barneseng-spjaleseng-juniorseng-kili-forest-lake-blue\/#breadcrumb\",\"itemListElement\":[{\"@type\":\"ListItem\",\"position\":1,\"name\":\"Hem\",\"item\":\"https:\/\/babylove.se\/no\/\"},{\"@type\":\"ListItem\",\"position\":2,\"name\":\"Butik\",\"item\":\"https:\/\/babylove.se\/no\/butik\/\"},{\"@type\":\"ListItem\",\"position\":3,\"name\":\"Sebra Barneseng Sprinkelseng &#038; Juniorseng Kili, Forest lake blue\"}]},{\"@type\":\"WebSite\",\"@id\":\"https:\/\/babylove.se\/no\/#website\",\"url\":\"https:\/\/babylove.se\/no\/\",\"name\":\"Babylove Norska\",\"description\":\"\",\"potentialAction\":[{\"@type\":\"SearchAction\",\"target\":{\"@type\":\"EntryPoint\",\"urlTemplate\":\"https:\/\/babylove.se\/no\/?s={search_term_string}\"},\"query-input\":{\"@type\":\"PropertyValueSpecification\",\"valueRequired\":true,\"valueName\":\"search_term_string\"}}],\"inLanguage\":\"nb-NO\"}]}<\/script>\n<meta property=\"product:brand\" content=\"Sebra\" \/>\n<meta property=\"product:price:amount\" content=\"9499.00\" \/>\n<meta property=\"product:price:currency\" content=\"SEK\" \/>\n<meta property=\"og:availability\" content=\"out of stock\" \/>\n<meta property=\"product:availability\" content=\"out of stock\" \/>\n<meta property=\"product:retailer_item_id\" content=\"200110001\" \/>\n<meta property=\"product:condition\" content=\"new\" \/>\n<!-- \/ Yoast SEO Premium plugin. -->","yoast_head_json":{"title":"K\u00f6p Sebra Baby- & Juniors\u00e4ng, Bl\u00e5 | FRI FRAKT | Babylove.se","description":"Den tidl\u00f6sa och klassiska bl\u00e5 barns\u00e4ngen fr\u00e5n Sebra \u00e4r det naturliga valet till barnrummet K\u00f6p den h\u00e4r och betala med Klarna Faktura !","robots":{"index":"noindex","follow":"follow","max-snippet":"max-snippet:-1","max-image-preview":"max-image-preview:large","max-video-preview":"max-video-preview:-1"},"og_locale":"nb_NO","og_type":"article","og_title":"Sebra Barneseng Sprinkelseng & Juniorseng Kili, Forest lake blue","og_description":"Den tidl\u00f6sa och klassiska bl\u00e5 barns\u00e4ngen fr\u00e5n Sebra \u00e4r det naturliga valet till barnrummet K\u00f6p den h\u00e4r och betala med Klarna Faktura !","og_url":"https:\/\/babylove.se\/no\/produkt\/sebra-barneseng-spjaleseng-juniorseng-kili-forest-lake-blue\/","og_site_name":"Babylove Norska","article_modified_time":"2026-04-08T07:54:38+00:00","og_image":[{"width":750,"height":750,"url":"https:\/\/babylove.se\/no\/wp-content\/uploads\/sites\/3\/2025\/07\/5d00c80a332a8.jpeg","type":"image\/jpeg"}],"twitter_card":"summary_large_image","twitter_misc":{"Price":"9 499,00&nbsp;&#107;&#114;","Availability":"Out of stock"},"schema":{"@context":"https:\/\/schema.org","@graph":[{"@type":"WebPage","@id":"https:\/\/babylove.se\/no\/produkt\/sebra-barneseng-spjaleseng-juniorseng-kili-forest-lake-blue\/","url":"https:\/\/babylove.se\/no\/produkt\/sebra-barneseng-spjaleseng-juniorseng-kili-forest-lake-blue\/","name":"K\u00f6p Sebra Baby- & Juniors\u00e4ng, Bl\u00e5 | FRI FRAKT | Babylove.se","isPartOf":{"@id":"https:\/\/babylove.se\/no\/#website"},"primaryImageOfPage":{"@id":"https:\/\/babylove.se\/no\/produkt\/sebra-barneseng-spjaleseng-juniorseng-kili-forest-lake-blue\/#primaryimage"},"image":{"@id":"https:\/\/babylove.se\/no\/produkt\/sebra-barneseng-spjaleseng-juniorseng-kili-forest-lake-blue\/#primaryimage"},"thumbnailUrl":"https:\/\/babylove.se\/no\/wp-content\/uploads\/sites\/3\/2025\/07\/5d00c80a332a8.jpeg","datePublished":"2025-07-18T20:27:01+00:00","dateModified":"2026-04-08T07:54:38+00:00","description":"Den tidl\u00f6sa och klassiska bl\u00e5 barns\u00e4ngen fr\u00e5n Sebra \u00e4r det naturliga valet till barnrummet K\u00f6p den h\u00e4r och betala med Klarna Faktura !","breadcrumb":{"@id":"https:\/\/babylove.se\/no\/produkt\/sebra-barneseng-spjaleseng-juniorseng-kili-forest-lake-blue\/#breadcrumb"},"inLanguage":"nb-NO","potentialAction":[{"@type":"ReadAction","target":["https:\/\/babylove.se\/no\/produkt\/sebra-barneseng-spjaleseng-juniorseng-kili-forest-lake-blue\/"]}]},{"@type":"ImageObject","inLanguage":"nb-NO","@id":"https:\/\/babylove.se\/no\/produkt\/sebra-barneseng-spjaleseng-juniorseng-kili-forest-lake-blue\/#primaryimage","url":"https:\/\/babylove.se\/no\/wp-content\/uploads\/sites\/3\/2025\/07\/5d00c80a332a8.jpeg","contentUrl":"https:\/\/babylove.se\/no\/wp-content\/uploads\/sites\/3\/2025\/07\/5d00c80a332a8.jpeg","width":750,"height":750},{"@type":"BreadcrumbList","@id":"https:\/\/babylove.se\/no\/produkt\/sebra-barneseng-spjaleseng-juniorseng-kili-forest-lake-blue\/#breadcrumb","itemListElement":[{"@type":"ListItem","position":1,"name":"Hem","item":"https:\/\/babylove.se\/no\/"},{"@type":"ListItem","position":2,"name":"Butik","item":"https:\/\/babylove.se\/no\/butik\/"},{"@type":"ListItem","position":3,"name":"Sebra Barneseng Sprinkelseng &#038; Juniorseng Kili, Forest lake blue"}]},{"@type":"WebSite","@id":"https:\/\/babylove.se\/no\/#website","url":"https:\/\/babylove.se\/no\/","name":"Babylove Norska","description":"","potentialAction":[{"@type":"SearchAction","target":{"@type":"EntryPoint","urlTemplate":"https:\/\/babylove.se\/no\/?s={search_term_string}"},"query-input":{"@type":"PropertyValueSpecification","valueRequired":true,"valueName":"search_term_string"}}],"inLanguage":"nb-NO"}]},"product_brand":"Sebra","product_price_amount":"9499.00","product_price_currency":"SEK","og_availability":"out of stock","product_availability":"out of stock","product_retailer_item_id":"200110001","product_condition":"new"},"_links":{"self":[{"href":"https:\/\/babylove.se\/no\/wp-json\/wp\/v2\/product\/12668","targetHints":{"allow":["GET"]}}],"collection":[{"href":"https:\/\/babylove.se\/no\/wp-json\/wp\/v2\/product"}],"about":[{"href":"https:\/\/babylove.se\/no\/wp-json\/wp\/v2\/types\/product"}],"replies":[{"embeddable":true,"href":"https:\/\/babylove.se\/no\/wp-json\/wp\/v2\/comments?post=12668"}],"wp:featuredmedia":[{"embeddable":true,"href":"https:\/\/babylove.se\/no\/wp-json\/wp\/v2\/media\/12670"}],"wp:attachment":[{"href":"https:\/\/babylove.se\/no\/wp-json\/wp\/v2\/media?parent=12668"}],"wp:term":[{"taxonomy":"product_brand","embeddable":true,"href":"https:\/\/babylove.se\/no\/wp-json\/wp\/v2\/product_brand?post=12668"},{"taxonomy":"product_cat","embeddable":true,"href":"https:\/\/babylove.se\/no\/wp-json\/wp\/v2\/product_cat?post=12668"},{"taxonomy":"product_tag","embeddable":true,"href":"https:\/\/babylove.se\/no\/wp-json\/wp\/v2\/product_tag?post=12668"}],"curies":[{"name":"wp","href":"https:\/\/api.w.org\/{rel}","templated":true}]}}