{"id":12695,"date":"2025-07-18T21:27:01","date_gmt":"2025-07-18T20:27:01","guid":{"rendered":"https:\/\/babylove.se\/produkt\/lumo-kids-barnsang-korento\/"},"modified":"2026-04-08T08:54:47","modified_gmt":"2026-04-08T07:54:47","slug":"lumo-kids-barnesang-korento","status":"publish","type":"product","link":"https:\/\/babylove.se\/no\/produkt\/lumo-kids-barnesang-korento\/","title":{"rendered":"Lumo Kids, barneseng Korento"},"content":{"rendered":"<p>Denne fantastiske barnesengen er designet og produsert i Finland med en ekstra grad av h\u00f8y sikkerhet, alt for ditt barns beste! Den er ogs\u00e5 tilpasset for \u00e5 f\u00e5 plass i det litt mindre barnerommet, da bredden totalt ikke er st\u00f8rre enn 78 cm. Sengen kan f\u00e5s i to forskjellige lengder, enten 160 cm lang, eller 200 cm lang.<\/p>\n<p>Man kan gj\u00f8re sengen mer personlig, ved \u00e5 velge farge p\u00e5 sidene (hvit, rosa eller turkis). P\u00e5 den lengre varianten (200 cm) er siden dog alltid hvit.&nbsp;<\/p>\n<p>For enda mer sikkerhet til ditt barn finnes en passende st\u00f8ttebrett \u00e5 bestille separat.<\/p>\n<p>M\u00e5l:&nbsp;<\/p>\n<ul>\n<li>78 cm (bredde) x 64 cm (h\u00f8yde) x 165 cm (lengde) &nbsp;(tilpasset til madrass 70&#215;160)<\/li>\n<li>78 cm (bredde) x 64 cm (h\u00f8yde) x 205 cm (lengde) &nbsp;(tilpasset til madrass 70&#215;200)&nbsp;<\/li>\n<\/ul>\n<p>Materiale: Kryssfiner av bj\u00f8rk.<\/p>\n<p>Madrass inng\u00e5r ikke i prisen men kan kj\u00f8pes separat av oss. Vi anbefaler en skummadrass med tykkelse p\u00e5 ca 10-12 cm.<\/p>\n<p>Sengen leveres i deler, men er delvis forh\u00e5ndsmontert p\u00e5 gavlene.<span>&nbsp;Dette med hensyn til frakt og milj\u00f8.<\/span><\/p>\n<p><span>Samtlige Lumos barnesenger er testet i henhold til europeisk standard: &nbsp;EN 1752: 1998. Produsert i Finland.<\/span><\/p>\n<p><em><em><em><em><em>Obs! Sengen leveres umontert og b\u00f8r settes sammen i rommet den skal brukes i.<\/em><\/em><\/em><\/em><\/em><\/p>\n","protected":false},"excerpt":{"rendered":"<p>Denne fantastiske barnesengen er designet og produsert i Finland med en ekstra grad av h\u00f8y sikkerhet, alt for ditt barns beste! Den er ogs\u00e5 tilpasset for \u00e5 f\u00e5 plass i det litt mindre barnerommet, da bredden totalt ikke er st\u00f8rre enn 78 cm. Sengen kan f\u00e5s i to forskjellige lengder, enten 160 cm lang, eller [&hellip;]<\/p>\n","protected":false},"featured_media":12697,"comment_status":"closed","ping_status":"open","template":"","meta":{"_acf_changed":false},"product_brand":[633],"product_cat":[269,634,40],"product_tag":[1689],"class_list":{"0":"post-12695","1":"product","2":"type-product","3":"status-publish","4":"has-post-thumbnail","6":"product_brand-lumo-kids","7":"product_cat-juniorsenger","8":"product_cat-lumo-kids","9":"product_cat-soverom-barn","10":"product_tag-bestillingsvaror","11":"pa_sakerhetsskena-ja","12":"pa_sakerhetsskena-nej","13":"pa_storlek-70x160","14":"pa_storlek-70x200","16":"first","17":"instock","18":"taxable","19":"shipping-taxable","20":"purchasable","21":"product-type-variable"},"acf":[],"yoast_head":"<!-- This site is optimized with the Yoast SEO Premium plugin v25.8 (Yoast SEO v27.2) - https:\/\/yoast.com\/product\/yoast-seo-premium-wordpress\/ -->\n<title>Lumo Kids, barneseng Korento - Babylove Norska<\/title>\n<meta name=\"robots\" content=\"noindex, follow, max-snippet:-1, max-image-preview:large, max-video-preview:-1\" \/>\n<meta property=\"og:locale\" content=\"nb_NO\" \/>\n<meta property=\"og:type\" content=\"article\" \/>\n<meta property=\"og:title\" content=\"Lumo Kids, barneseng Korento\" \/>\n<meta property=\"og:description\" content=\"Denne fantastiske barnesengen er designet og produsert i Finland med en ekstra grad av h\u00f8y sikkerhet, alt for ditt barns beste! Den er ogs\u00e5 tilpasset for \u00e5 f\u00e5 plass i det litt mindre barnerommet, da bredden totalt ikke er st\u00f8rre enn 78 cm. Sengen kan f\u00e5s i to forskjellige lengder, enten 160 cm lang, eller [&hellip;]\" \/>\n<meta property=\"og:url\" content=\"https:\/\/babylove.se\/no\/produkt\/lumo-kids-barnesang-korento\/\" \/>\n<meta property=\"og:site_name\" content=\"Babylove Norska\" \/>\n<meta property=\"article:modified_time\" content=\"2026-04-08T07:54:47+00:00\" \/>\n<meta property=\"og:image\" content=\"https:\/\/babylove.se\/no\/wp-content\/uploads\/sites\/3\/2025\/07\/5d00cf9d9d018.jpeg\" \/>\n\t<meta property=\"og:image:width\" content=\"750\" \/>\n\t<meta property=\"og:image:height\" content=\"750\" \/>\n\t<meta property=\"og:image:type\" content=\"image\/jpeg\" \/>\n<meta name=\"twitter:card\" content=\"summary_large_image\" \/>\n<meta name=\"twitter:label1\" content=\"Availability\" \/>\n\t<meta name=\"twitter:data1\" content=\"In stock\" \/>\n<script type=\"application\/ld+json\" class=\"yoast-schema-graph\">{\"@context\":\"https:\/\/schema.org\",\"@graph\":[{\"@type\":\"WebPage\",\"@id\":\"https:\/\/babylove.se\/no\/produkt\/lumo-kids-barnesang-korento\/\",\"url\":\"https:\/\/babylove.se\/no\/produkt\/lumo-kids-barnesang-korento\/\",\"name\":\"Lumo Kids, barneseng Korento - Babylove Norska\",\"isPartOf\":{\"@id\":\"https:\/\/babylove.se\/no\/#website\"},\"primaryImageOfPage\":{\"@id\":\"https:\/\/babylove.se\/no\/produkt\/lumo-kids-barnesang-korento\/#primaryimage\"},\"image\":{\"@id\":\"https:\/\/babylove.se\/no\/produkt\/lumo-kids-barnesang-korento\/#primaryimage\"},\"thumbnailUrl\":\"https:\/\/babylove.se\/no\/wp-content\/uploads\/sites\/3\/2025\/07\/5d00cf9d9d018.jpeg\",\"datePublished\":\"2025-07-18T20:27:01+00:00\",\"dateModified\":\"2026-04-08T07:54:47+00:00\",\"breadcrumb\":{\"@id\":\"https:\/\/babylove.se\/no\/produkt\/lumo-kids-barnesang-korento\/#breadcrumb\"},\"inLanguage\":\"nb-NO\",\"potentialAction\":[{\"@type\":\"ReadAction\",\"target\":[\"https:\/\/babylove.se\/no\/produkt\/lumo-kids-barnesang-korento\/\"]}]},{\"@type\":\"ImageObject\",\"inLanguage\":\"nb-NO\",\"@id\":\"https:\/\/babylove.se\/no\/produkt\/lumo-kids-barnesang-korento\/#primaryimage\",\"url\":\"https:\/\/babylove.se\/no\/wp-content\/uploads\/sites\/3\/2025\/07\/5d00cf9d9d018.jpeg\",\"contentUrl\":\"https:\/\/babylove.se\/no\/wp-content\/uploads\/sites\/3\/2025\/07\/5d00cf9d9d018.jpeg\",\"width\":750,\"height\":750},{\"@type\":\"BreadcrumbList\",\"@id\":\"https:\/\/babylove.se\/no\/produkt\/lumo-kids-barnesang-korento\/#breadcrumb\",\"itemListElement\":[{\"@type\":\"ListItem\",\"position\":1,\"name\":\"Hem\",\"item\":\"https:\/\/babylove.se\/no\/\"},{\"@type\":\"ListItem\",\"position\":2,\"name\":\"Butik\",\"item\":\"https:\/\/babylove.se\/no\/butik\/\"},{\"@type\":\"ListItem\",\"position\":3,\"name\":\"Lumo Kids, barneseng Korento\"}]},{\"@type\":\"WebSite\",\"@id\":\"https:\/\/babylove.se\/no\/#website\",\"url\":\"https:\/\/babylove.se\/no\/\",\"name\":\"Babylove Norska\",\"description\":\"\",\"potentialAction\":[{\"@type\":\"SearchAction\",\"target\":{\"@type\":\"EntryPoint\",\"urlTemplate\":\"https:\/\/babylove.se\/no\/?s={search_term_string}\"},\"query-input\":{\"@type\":\"PropertyValueSpecification\",\"valueRequired\":true,\"valueName\":\"search_term_string\"}}],\"inLanguage\":\"nb-NO\"}]}<\/script>\n<meta property=\"product:brand\" content=\"Lumo Kids\" \/>\n<meta property=\"og:availability\" content=\"instock\" \/>\n<meta property=\"product:availability\" content=\"instock\" \/>\n<meta property=\"product:retailer_item_id\" content=\"Korento-70x160-Nej\" \/>\n<meta property=\"product:condition\" content=\"new\" \/>\n<!-- \/ Yoast SEO Premium plugin. -->","yoast_head_json":{"title":"Lumo Kids, barneseng Korento - Babylove Norska","robots":{"index":"noindex","follow":"follow","max-snippet":"max-snippet:-1","max-image-preview":"max-image-preview:large","max-video-preview":"max-video-preview:-1"},"og_locale":"nb_NO","og_type":"article","og_title":"Lumo Kids, barneseng Korento","og_description":"Denne fantastiske barnesengen er designet og produsert i Finland med en ekstra grad av h\u00f8y sikkerhet, alt for ditt barns beste! Den er ogs\u00e5 tilpasset for \u00e5 f\u00e5 plass i det litt mindre barnerommet, da bredden totalt ikke er st\u00f8rre enn 78 cm. Sengen kan f\u00e5s i to forskjellige lengder, enten 160 cm lang, eller [&hellip;]","og_url":"https:\/\/babylove.se\/no\/produkt\/lumo-kids-barnesang-korento\/","og_site_name":"Babylove Norska","article_modified_time":"2026-04-08T07:54:47+00:00","og_image":[{"width":750,"height":750,"url":"https:\/\/babylove.se\/no\/wp-content\/uploads\/sites\/3\/2025\/07\/5d00cf9d9d018.jpeg","type":"image\/jpeg"}],"twitter_card":"summary_large_image","twitter_misc":{"Availability":"In stock"},"schema":{"@context":"https:\/\/schema.org","@graph":[{"@type":"WebPage","@id":"https:\/\/babylove.se\/no\/produkt\/lumo-kids-barnesang-korento\/","url":"https:\/\/babylove.se\/no\/produkt\/lumo-kids-barnesang-korento\/","name":"Lumo Kids, barneseng Korento - Babylove Norska","isPartOf":{"@id":"https:\/\/babylove.se\/no\/#website"},"primaryImageOfPage":{"@id":"https:\/\/babylove.se\/no\/produkt\/lumo-kids-barnesang-korento\/#primaryimage"},"image":{"@id":"https:\/\/babylove.se\/no\/produkt\/lumo-kids-barnesang-korento\/#primaryimage"},"thumbnailUrl":"https:\/\/babylove.se\/no\/wp-content\/uploads\/sites\/3\/2025\/07\/5d00cf9d9d018.jpeg","datePublished":"2025-07-18T20:27:01+00:00","dateModified":"2026-04-08T07:54:47+00:00","breadcrumb":{"@id":"https:\/\/babylove.se\/no\/produkt\/lumo-kids-barnesang-korento\/#breadcrumb"},"inLanguage":"nb-NO","potentialAction":[{"@type":"ReadAction","target":["https:\/\/babylove.se\/no\/produkt\/lumo-kids-barnesang-korento\/"]}]},{"@type":"ImageObject","inLanguage":"nb-NO","@id":"https:\/\/babylove.se\/no\/produkt\/lumo-kids-barnesang-korento\/#primaryimage","url":"https:\/\/babylove.se\/no\/wp-content\/uploads\/sites\/3\/2025\/07\/5d00cf9d9d018.jpeg","contentUrl":"https:\/\/babylove.se\/no\/wp-content\/uploads\/sites\/3\/2025\/07\/5d00cf9d9d018.jpeg","width":750,"height":750},{"@type":"BreadcrumbList","@id":"https:\/\/babylove.se\/no\/produkt\/lumo-kids-barnesang-korento\/#breadcrumb","itemListElement":[{"@type":"ListItem","position":1,"name":"Hem","item":"https:\/\/babylove.se\/no\/"},{"@type":"ListItem","position":2,"name":"Butik","item":"https:\/\/babylove.se\/no\/butik\/"},{"@type":"ListItem","position":3,"name":"Lumo Kids, barneseng Korento"}]},{"@type":"WebSite","@id":"https:\/\/babylove.se\/no\/#website","url":"https:\/\/babylove.se\/no\/","name":"Babylove Norska","description":"","potentialAction":[{"@type":"SearchAction","target":{"@type":"EntryPoint","urlTemplate":"https:\/\/babylove.se\/no\/?s={search_term_string}"},"query-input":{"@type":"PropertyValueSpecification","valueRequired":true,"valueName":"search_term_string"}}],"inLanguage":"nb-NO"}]},"product_brand":"Lumo Kids","og_availability":"instock","product_availability":"instock","product_retailer_item_id":"Korento-70x160-Nej","product_condition":"new"},"_links":{"self":[{"href":"https:\/\/babylove.se\/no\/wp-json\/wp\/v2\/product\/12695","targetHints":{"allow":["GET"]}}],"collection":[{"href":"https:\/\/babylove.se\/no\/wp-json\/wp\/v2\/product"}],"about":[{"href":"https:\/\/babylove.se\/no\/wp-json\/wp\/v2\/types\/product"}],"replies":[{"embeddable":true,"href":"https:\/\/babylove.se\/no\/wp-json\/wp\/v2\/comments?post=12695"}],"wp:featuredmedia":[{"embeddable":true,"href":"https:\/\/babylove.se\/no\/wp-json\/wp\/v2\/media\/12697"}],"wp:attachment":[{"href":"https:\/\/babylove.se\/no\/wp-json\/wp\/v2\/media?parent=12695"}],"wp:term":[{"taxonomy":"product_brand","embeddable":true,"href":"https:\/\/babylove.se\/no\/wp-json\/wp\/v2\/product_brand?post=12695"},{"taxonomy":"product_cat","embeddable":true,"href":"https:\/\/babylove.se\/no\/wp-json\/wp\/v2\/product_cat?post=12695"},{"taxonomy":"product_tag","embeddable":true,"href":"https:\/\/babylove.se\/no\/wp-json\/wp\/v2\/product_tag?post=12695"}],"curies":[{"name":"wp","href":"https:\/\/api.w.org\/{rel}","templated":true}]}}