{"id":12706,"date":"2025-07-18T21:27:01","date_gmt":"2025-07-18T20:27:01","guid":{"rendered":"https:\/\/babylove.se\/produkt\/lumo-kids-ketara-loftsang\/"},"modified":"2026-05-11T13:05:12","modified_gmt":"2026-05-11T12:05:12","slug":"lumo-kids-ketara-koyeseng","status":"publish","type":"product","link":"https:\/\/babylove.se\/no\/produkt\/lumo-kids-ketara-koyeseng\/","title":{"rendered":"Lumo Kids, Ketara K\u00f8yeseng"},"content":{"rendered":"<p>Ingen vet hvorfor, men nesten alle barn elsker jo k\u00f8yesenger og dr\u00f8mmer om \u00e5 f\u00e5 ha en slik p\u00e5 rommet sitt. Og man kan jo forst\u00e5 dem, under sengen har man en fantastisk plass for lek eller tull, perfekt \u00e5 bygge seg inn i en hytte for eksempel, med et par gardiner har man det perfekte gjemmestedet. Denne sengen har massevis av muligheter og er en m\u00f8bel vel verdt investeringen, da den kan brukes ogs\u00e5 i voksen alder.<\/p>\n<p>Takket v\u00e6re sitt unike design kan sengen brukes b\u00e5de som vanlig k\u00f8yeseng eller snus opp ned og brukes som en himmelseng, en meget kreativ l\u00f8sning med unikt design. Dette gj\u00f8r at sengens levetid \u00f8ker, og n\u00e5r barnet ditt vil ha en vanlig seng, snur du sengen og s\u00e5 er det ordnet p\u00e5 null tid.<\/p>\n<p>Det f\u00f8lger med solide gavler som kan f\u00e5s i svart eller hvitt. Madrassen er ikke inkludert i prisen men kan kj\u00f8pes til separat (80x 160 cm alt. 80 x 200 cm). Vi anbefaler en skummadrass med tykkelse p\u00e5 ca 10-12 cm.<\/p>\n<p>Sengen vaskes enkelt av med en fuktig klut og et mildt rengj\u00f8ringsmiddel. Barnesengen kan ogs\u00e5 males om, s\u00e5 den dagen du synes det er p\u00e5 tide kan du male den om og sengen blir som ny igjen.&nbsp;<\/p>\n<p>M\u00e5l:&nbsp;<\/p>\n<ul>\n<li>Bredde, 86 cm<\/li>\n<li>H\u00f8yde, 155 cm<\/li>\n<li>Lengde, 169 alternativt 209 cm (Du velger variant)<\/li>\n<\/ul>\n<p><em>Obs!<\/em><br \/>\n<em>Sengen leveres umontert og b\u00f8r settes sammen i rommet den skal brukes i.<\/em><\/p>\n<p><em><\/em><a href=\"https:\/\/babylove.se\/barnmobler\/vaningssangar-loftsangar\"><strong>Oppdag hele v\u00e5rt sortiment av loftsenger her!<\/strong><\/a><\/p>\n","protected":false},"excerpt":{"rendered":"<p>Ingen vet hvorfor, men nesten alle barn elsker jo k\u00f8yesenger og dr\u00f8mmer om \u00e5 f\u00e5 ha en slik p\u00e5 rommet sitt. Og man kan jo forst\u00e5 dem, under sengen har man en fantastisk plass for lek eller tull, perfekt \u00e5 bygge seg inn i en hytte for eksempel, med et par gardiner har man det [&hellip;]<\/p>\n","protected":false},"featured_media":12708,"comment_status":"closed","ping_status":"open","template":"","meta":{"_acf_changed":false},"product_brand":[633],"product_cat":[385,634,40],"product_tag":[1689],"class_list":{"0":"post-12706","1":"product","2":"type-product","3":"status-publish","4":"has-post-thumbnail","6":"product_brand-lumo-kids","7":"product_cat-koyesenger-loftsenger","8":"product_cat-lumo-kids","9":"product_cat-soverom-barn","10":"product_tag-bestillingsvaror","11":"pa_storlek-80x160","12":"pa_storlek-80x200","14":"first","15":"instock","16":"taxable","17":"shipping-taxable","18":"purchasable","19":"product-type-variable"},"acf":[],"yoast_head":"<!-- This site is optimized with the Yoast SEO Premium plugin v25.8 (Yoast SEO v27.2) - https:\/\/yoast.com\/product\/yoast-seo-premium-wordpress\/ -->\n<title>Lumo Kids, Ketara K\u00f8yeseng - Babylove Norska<\/title>\n<meta name=\"robots\" content=\"noindex, follow, max-snippet:-1, max-image-preview:large, max-video-preview:-1\" \/>\n<meta property=\"og:locale\" content=\"nb_NO\" \/>\n<meta property=\"og:type\" content=\"article\" \/>\n<meta property=\"og:title\" content=\"Lumo Kids, Ketara K\u00f8yeseng\" \/>\n<meta property=\"og:description\" content=\"Ingen vet hvorfor, men nesten alle barn elsker jo k\u00f8yesenger og dr\u00f8mmer om \u00e5 f\u00e5 ha en slik p\u00e5 rommet sitt. Og man kan jo forst\u00e5 dem, under sengen har man en fantastisk plass for lek eller tull, perfekt \u00e5 bygge seg inn i en hytte for eksempel, med et par gardiner har man det [&hellip;]\" \/>\n<meta property=\"og:url\" content=\"https:\/\/babylove.se\/no\/produkt\/lumo-kids-ketara-koyeseng\/\" \/>\n<meta property=\"og:site_name\" content=\"Babylove Norska\" \/>\n<meta property=\"article:modified_time\" content=\"2026-05-11T12:05:12+00:00\" \/>\n<meta property=\"og:image\" content=\"https:\/\/babylove.se\/no\/wp-content\/uploads\/sites\/3\/2025\/07\/5d00d5a46b1c6.jpeg\" \/>\n\t<meta property=\"og:image:width\" content=\"750\" \/>\n\t<meta property=\"og:image:height\" content=\"750\" \/>\n\t<meta property=\"og:image:type\" content=\"image\/jpeg\" \/>\n<meta name=\"twitter:card\" content=\"summary_large_image\" \/>\n<meta name=\"twitter:label1\" content=\"Availability\" \/>\n\t<meta name=\"twitter:data1\" content=\"In stock\" \/>\n<script type=\"application\/ld+json\" class=\"yoast-schema-graph\">{\"@context\":\"https:\/\/schema.org\",\"@graph\":[{\"@type\":\"WebPage\",\"@id\":\"https:\/\/babylove.se\/no\/produkt\/lumo-kids-ketara-koyeseng\/\",\"url\":\"https:\/\/babylove.se\/no\/produkt\/lumo-kids-ketara-koyeseng\/\",\"name\":\"Lumo Kids, Ketara K\u00f8yeseng - Babylove Norska\",\"isPartOf\":{\"@id\":\"https:\/\/babylove.se\/no\/#website\"},\"primaryImageOfPage\":{\"@id\":\"https:\/\/babylove.se\/no\/produkt\/lumo-kids-ketara-koyeseng\/#primaryimage\"},\"image\":{\"@id\":\"https:\/\/babylove.se\/no\/produkt\/lumo-kids-ketara-koyeseng\/#primaryimage\"},\"thumbnailUrl\":\"https:\/\/babylove.se\/no\/wp-content\/uploads\/sites\/3\/2025\/07\/5d00d5a46b1c6.jpeg\",\"datePublished\":\"2025-07-18T20:27:01+00:00\",\"dateModified\":\"2026-05-11T12:05:12+00:00\",\"breadcrumb\":{\"@id\":\"https:\/\/babylove.se\/no\/produkt\/lumo-kids-ketara-koyeseng\/#breadcrumb\"},\"inLanguage\":\"nb-NO\",\"potentialAction\":[{\"@type\":\"ReadAction\",\"target\":[\"https:\/\/babylove.se\/no\/produkt\/lumo-kids-ketara-koyeseng\/\"]}]},{\"@type\":\"ImageObject\",\"inLanguage\":\"nb-NO\",\"@id\":\"https:\/\/babylove.se\/no\/produkt\/lumo-kids-ketara-koyeseng\/#primaryimage\",\"url\":\"https:\/\/babylove.se\/no\/wp-content\/uploads\/sites\/3\/2025\/07\/5d00d5a46b1c6.jpeg\",\"contentUrl\":\"https:\/\/babylove.se\/no\/wp-content\/uploads\/sites\/3\/2025\/07\/5d00d5a46b1c6.jpeg\",\"width\":750,\"height\":750},{\"@type\":\"BreadcrumbList\",\"@id\":\"https:\/\/babylove.se\/no\/produkt\/lumo-kids-ketara-koyeseng\/#breadcrumb\",\"itemListElement\":[{\"@type\":\"ListItem\",\"position\":1,\"name\":\"Hem\",\"item\":\"https:\/\/babylove.se\/no\/\"},{\"@type\":\"ListItem\",\"position\":2,\"name\":\"Butik\",\"item\":\"https:\/\/babylove.se\/no\/butik\/\"},{\"@type\":\"ListItem\",\"position\":3,\"name\":\"Lumo Kids, Ketara K\u00f8yeseng\"}]},{\"@type\":\"WebSite\",\"@id\":\"https:\/\/babylove.se\/no\/#website\",\"url\":\"https:\/\/babylove.se\/no\/\",\"name\":\"Babylove Norska\",\"description\":\"\",\"potentialAction\":[{\"@type\":\"SearchAction\",\"target\":{\"@type\":\"EntryPoint\",\"urlTemplate\":\"https:\/\/babylove.se\/no\/?s={search_term_string}\"},\"query-input\":{\"@type\":\"PropertyValueSpecification\",\"valueRequired\":true,\"valueName\":\"search_term_string\"}}],\"inLanguage\":\"nb-NO\"}]}<\/script>\n<meta property=\"product:brand\" content=\"Lumo Kids\" \/>\n<meta property=\"og:availability\" content=\"instock\" \/>\n<meta property=\"product:availability\" content=\"instock\" \/>\n<meta property=\"product:retailer_item_id\" content=\"Ketara80x160\" \/>\n<meta property=\"product:condition\" content=\"new\" \/>\n<!-- \/ Yoast SEO Premium plugin. -->","yoast_head_json":{"title":"Lumo Kids, Ketara K\u00f8yeseng - Babylove Norska","robots":{"index":"noindex","follow":"follow","max-snippet":"max-snippet:-1","max-image-preview":"max-image-preview:large","max-video-preview":"max-video-preview:-1"},"og_locale":"nb_NO","og_type":"article","og_title":"Lumo Kids, Ketara K\u00f8yeseng","og_description":"Ingen vet hvorfor, men nesten alle barn elsker jo k\u00f8yesenger og dr\u00f8mmer om \u00e5 f\u00e5 ha en slik p\u00e5 rommet sitt. Og man kan jo forst\u00e5 dem, under sengen har man en fantastisk plass for lek eller tull, perfekt \u00e5 bygge seg inn i en hytte for eksempel, med et par gardiner har man det [&hellip;]","og_url":"https:\/\/babylove.se\/no\/produkt\/lumo-kids-ketara-koyeseng\/","og_site_name":"Babylove Norska","article_modified_time":"2026-05-11T12:05:12+00:00","og_image":[{"width":750,"height":750,"url":"https:\/\/babylove.se\/no\/wp-content\/uploads\/sites\/3\/2025\/07\/5d00d5a46b1c6.jpeg","type":"image\/jpeg"}],"twitter_card":"summary_large_image","twitter_misc":{"Availability":"In stock"},"schema":{"@context":"https:\/\/schema.org","@graph":[{"@type":"WebPage","@id":"https:\/\/babylove.se\/no\/produkt\/lumo-kids-ketara-koyeseng\/","url":"https:\/\/babylove.se\/no\/produkt\/lumo-kids-ketara-koyeseng\/","name":"Lumo Kids, Ketara K\u00f8yeseng - Babylove Norska","isPartOf":{"@id":"https:\/\/babylove.se\/no\/#website"},"primaryImageOfPage":{"@id":"https:\/\/babylove.se\/no\/produkt\/lumo-kids-ketara-koyeseng\/#primaryimage"},"image":{"@id":"https:\/\/babylove.se\/no\/produkt\/lumo-kids-ketara-koyeseng\/#primaryimage"},"thumbnailUrl":"https:\/\/babylove.se\/no\/wp-content\/uploads\/sites\/3\/2025\/07\/5d00d5a46b1c6.jpeg","datePublished":"2025-07-18T20:27:01+00:00","dateModified":"2026-05-11T12:05:12+00:00","breadcrumb":{"@id":"https:\/\/babylove.se\/no\/produkt\/lumo-kids-ketara-koyeseng\/#breadcrumb"},"inLanguage":"nb-NO","potentialAction":[{"@type":"ReadAction","target":["https:\/\/babylove.se\/no\/produkt\/lumo-kids-ketara-koyeseng\/"]}]},{"@type":"ImageObject","inLanguage":"nb-NO","@id":"https:\/\/babylove.se\/no\/produkt\/lumo-kids-ketara-koyeseng\/#primaryimage","url":"https:\/\/babylove.se\/no\/wp-content\/uploads\/sites\/3\/2025\/07\/5d00d5a46b1c6.jpeg","contentUrl":"https:\/\/babylove.se\/no\/wp-content\/uploads\/sites\/3\/2025\/07\/5d00d5a46b1c6.jpeg","width":750,"height":750},{"@type":"BreadcrumbList","@id":"https:\/\/babylove.se\/no\/produkt\/lumo-kids-ketara-koyeseng\/#breadcrumb","itemListElement":[{"@type":"ListItem","position":1,"name":"Hem","item":"https:\/\/babylove.se\/no\/"},{"@type":"ListItem","position":2,"name":"Butik","item":"https:\/\/babylove.se\/no\/butik\/"},{"@type":"ListItem","position":3,"name":"Lumo Kids, Ketara K\u00f8yeseng"}]},{"@type":"WebSite","@id":"https:\/\/babylove.se\/no\/#website","url":"https:\/\/babylove.se\/no\/","name":"Babylove Norska","description":"","potentialAction":[{"@type":"SearchAction","target":{"@type":"EntryPoint","urlTemplate":"https:\/\/babylove.se\/no\/?s={search_term_string}"},"query-input":{"@type":"PropertyValueSpecification","valueRequired":true,"valueName":"search_term_string"}}],"inLanguage":"nb-NO"}]},"product_brand":"Lumo Kids","og_availability":"instock","product_availability":"instock","product_retailer_item_id":"Ketara80x160","product_condition":"new"},"_links":{"self":[{"href":"https:\/\/babylove.se\/no\/wp-json\/wp\/v2\/product\/12706","targetHints":{"allow":["GET"]}}],"collection":[{"href":"https:\/\/babylove.se\/no\/wp-json\/wp\/v2\/product"}],"about":[{"href":"https:\/\/babylove.se\/no\/wp-json\/wp\/v2\/types\/product"}],"replies":[{"embeddable":true,"href":"https:\/\/babylove.se\/no\/wp-json\/wp\/v2\/comments?post=12706"}],"wp:featuredmedia":[{"embeddable":true,"href":"https:\/\/babylove.se\/no\/wp-json\/wp\/v2\/media\/12708"}],"wp:attachment":[{"href":"https:\/\/babylove.se\/no\/wp-json\/wp\/v2\/media?parent=12706"}],"wp:term":[{"taxonomy":"product_brand","embeddable":true,"href":"https:\/\/babylove.se\/no\/wp-json\/wp\/v2\/product_brand?post=12706"},{"taxonomy":"product_cat","embeddable":true,"href":"https:\/\/babylove.se\/no\/wp-json\/wp\/v2\/product_cat?post=12706"},{"taxonomy":"product_tag","embeddable":true,"href":"https:\/\/babylove.se\/no\/wp-json\/wp\/v2\/product_tag?post=12706"}],"curies":[{"name":"wp","href":"https:\/\/api.w.org\/{rel}","templated":true}]}}